{"id":1687,"date":"2024-12-10T23:43:59","date_gmt":"2024-12-10T23:43:59","guid":{"rendered":"https:\/\/beuhparadis.com\/?post_type=product&#038;p=1687"},"modified":"2025-01-28T10:42:14","modified_gmt":"2025-01-28T10:42:14","slug":"the-ten-co-wazabi","status":"publish","type":"product","link":"https:\/\/beuhparadis.com\/de\/product\/the-ten-co-wazabi\/","title":{"rendered":"The Ten.Co | Wazabi"},"content":{"rendered":"<h1 class=\"wp-block-heading\">Tenco Wazabi kaufen<\/h1>\n<p>Kaufen Sie Tenco Wazabi, eine von The Ten Co angebotene Premiumsorte, die aus einer geschickten genetischen Kombination von Zkittlez und Kush Mints #10 entstanden ist. Diese Sorte, die auch als Wazabi Tenco strain bekannt ist, zeichnet sich durch ihre dichten, intensiv gr\u00fcnen Knospen aus. Die Wazabi Tenco strain wird mit besonderem Augenmerk auf Qualit\u00e4t und Authentizit\u00e4t gez\u00fcchtet und garantiert ein au\u00dfergew\u00f6hnliches Endprodukt.<\/p>\n<h4 class=\"wp-block-heading\">Informationen \u00fcber den Stamm Tenco Wazabi<\/h4>\n<ul class=\"wp-block-list\">\n<li><strong>Genetik<\/strong>: Kreuzung zwischen Zkittlez und Kush Mints #10, wodurch der einzigartige Wazabi Tenco strain entstand.<\/li>\n<li><strong>Erscheinungsbild<\/strong>: Mittelgro\u00dfe, sehr dichte Knospen, ausgepr\u00e4gte gr\u00fcne Farbe, Signatur von Wazabi Tenco.<\/li>\n<li><strong>Aroma<\/strong>: Ein komplexes Bouquet von Algen und Kr\u00e4uterbutter, das typisch f\u00fcr den Wazabi Tenco strain ist.<\/li>\n<li><strong>Produktion<\/strong>: Der Tenco Wazabi ist das Ergebnis einer sorgf\u00e4ltigen Kultivierung und spiegelt das Qualit\u00e4tsversprechen von The Ten Co wider.<\/li>\n<\/ul>\n<h2 class=\"wp-block-heading\">THC und CBD aus der Wazabi Tenco Strain<\/h2>\n<ul class=\"wp-block-list\">\n<li><strong>THC<\/strong>: Wazabi Tenco strain zeichnet sich durch einen hohen THC-Gehalt aus, der eine starke und lang anhaltende Wirkung garantiert.<\/li>\n<li><strong>CBD<\/strong>: Niedrig, betont die psychoaktiven Eigenschaften von Wazabi Tenco.<\/li>\n<\/ul>\n<h2 class=\"wp-block-heading\">Wo kann ich Tenco Wazabi online kaufen?<\/h2>\n<p>Tenco Wazabi kann auf vertrauensw\u00fcrdigen Online-Plattformen gekauft werden, darunter <a href=\"https:\/\/beuhparadis.com\/de\/product\/afghan-hash\/\" data-type=\"link\" data-id=\"https:\/\/acheterducannabis.fr\/\">Beuhparadies<\/a>Die Qualit\u00e4t des Wazabi Tenco strain wird dort sichergestellt.<\/p>\n<h2 class=\"wp-block-heading\">Wirkung, Aroma und Geschmack von Tenco Wazabi<\/h2>\n<h3 class=\"wp-block-heading\">Wirkung<\/h3>\n<ul class=\"wp-block-list\">\n<li>Der Wazabi Tenco Strain bietet ausgepr\u00e4gte Effekte, die ideal f\u00fcr tiefe Entspannung und intensive zerebrale Erfahrungen sind.<\/li>\n<\/ul>\n<h3 class=\"wp-block-heading\">Aroma<\/h3>\n<ul class=\"wp-block-list\">\n<li>Der Wazabi Tenco verstr\u00f6mt ein erdig-w\u00fcrziges Aroma mit maritimen Nuancen und einem f\u00fcr diesen Stamm typischen Buttercreme-Hintergrund.<\/li>\n<\/ul>\n<h3 class=\"wp-block-heading\">Geschmack<\/h3>\n<ul class=\"wp-block-list\">\n<li>Das Geschmacksprofil des Tenco Wazabi ist gewagt, mit Wacholdernoten und einem Natron-Finish, das ein unvergessliches Geschmackserlebnis bietet.<\/li>\n<\/ul>\n<h2 class=\"wp-block-heading\">Medizinische Wirkungen von Wazabi Tenco Strain<\/h2>\n<ul class=\"wp-block-list\">\n<li><strong>Medizinische Effekte<\/strong>:\n<ul class=\"wp-block-list\">\n<li>Starke sedierende Wirkung, typisch f\u00fcr die Wazabi Tenco-Strain.<\/li>\n<li>Muskelentspannung und Schmerzlinderung.<\/li>\n<\/ul>\n<\/li>\n<li><strong>Kann Linderung verschaffen<\/strong>:\n<ul class=\"wp-block-list\">\n<li>Symptome von Stress und Angstzust\u00e4nden, dank Wazabi Tenco.<\/li>\n<li>Chronische Schmerzen und Entz\u00fcndungen, eine Tugend der Wazabi Tenco strain.<\/li>\n<\/ul>\n<\/li>\n<\/ul>\n<h2 class=\"wp-block-heading\">Warum sollte man Tenco Wazabi von Acheterducannabis kaufen?<\/h2>\n<p>Tenco Wazabi bei Acheterducannabis zu kaufen, bedeutet, dass Sie die echte Tenco Wazabi strain erhalten, mit der Garantie eines sicheren Kaufs und eines erstklassigen Produkts.<\/p>\n<h2 class=\"wp-block-heading\">Regierungsgesetz f\u00fcr den Verkauf von Tenco Wazabi in Europa<\/h2>\n<p>Die Vermarktung von Tenco Wazabi strain folgt strengen Vorschriften in Europa. Acheterducannabis h\u00e4lt alle Gesetze f\u00fcr den Verkauf von Tenco Wazabi ein und gew\u00e4hrleistet so die vollst\u00e4ndige Einhaltung der gesetzlichen Anforderungen.<\/p>\n<p>Die Wazabi Tenco von The Ten Co ist nicht nur eine Sorte mit starker Wirkung und bet\u00f6rendem Aroma; sie steht auch f\u00fcr exzellente Hybridisierung mit einer exklusiven genetischen Linie, die die <a href=\"https:\/\/zerofux.org\/wazabi-by-zushi-and-the-ten-co\/\" data-type=\"link\" data-id=\"https:\/\/zerofux.org\/wazabi-by-zushi-and-the-ten-co\/\">Wazabi Tenco<\/a> strain eine bevorzugte Wahl f\u00fcr Liebhaber von hochwertigem Cannabis.<\/p>","protected":false},"excerpt":{"rendered":"<p><strong>Medizinische Effekte<\/strong>:<\/p>\n<ul class=\"wp-block-list\">\n<li>Starke sedierende Wirkung, typisch f\u00fcr die Wazabi Tenco-Strain.<\/li>\n<li>Muskelentspannung und Schmerzlinderung.<\/li>\n<\/ul>","protected":false},"featured_media":1702,"comment_status":"closed","ping_status":"closed","template":"","meta":{"site-sidebar-layout":"default","site-content-layout":"","ast-site-content-layout":"default","site-content-style":"default","site-sidebar-style":"default","ast-global-header-display":"","ast-banner-title-visibility":"","ast-main-header-display":"","ast-hfb-above-header-display":"","ast-hfb-below-header-display":"","ast-hfb-mobile-header-display":"","site-post-title":"","ast-breadcrumbs-content":"","ast-featured-img":"","footer-sml-layout":"","theme-transparent-header-meta":"default","adv-header-id-meta":"","stick-header-meta":"","header-above-stick-meta":"","header-main-stick-meta":"","header-below-stick-meta":"","astra-migrate-meta-layouts":"set","ast-page-background-enabled":"default","ast-page-background-meta":{"desktop":{"background-color":"","background-image":"","background-repeat":"repeat","background-position":"center center","background-size":"auto","background-attachment":"scroll","background-type":"","background-media":"","overlay-type":"","overlay-color":"","overlay-opacity":"","overlay-gradient":""},"tablet":{"background-color":"","background-image":"","background-repeat":"repeat","background-position":"center center","background-size":"auto","background-attachment":"scroll","background-type":"","background-media":"","overlay-type":"","overlay-color":"","overlay-opacity":"","overlay-gradient":""},"mobile":{"background-color":"","background-image":"","background-repeat":"repeat","background-position":"center center","background-size":"auto","background-attachment":"scroll","background-type":"","background-media":"","overlay-type":"","overlay-color":"","overlay-opacity":"","overlay-gradient":""}},"ast-content-background-meta":{"desktop":{"background-color":"var(--ast-global-color-5)","background-image":"","background-repeat":"repeat","background-position":"center center","background-size":"auto","background-attachment":"scroll","background-type":"","background-media":"","overlay-type":"","overlay-color":"","overlay-opacity":"","overlay-gradient":""},"tablet":{"background-color":"var(--ast-global-color-5)","background-image":"","background-repeat":"repeat","background-position":"center center","background-size":"auto","background-attachment":"scroll","background-type":"","background-media":"","overlay-type":"","overlay-color":"","overlay-opacity":"","overlay-gradient":""},"mobile":{"background-color":"var(--ast-global-color-5)","background-image":"","background-repeat":"repeat","background-position":"center center","background-size":"auto","background-attachment":"scroll","background-type":"","background-media":"","overlay-type":"","overlay-color":"","overlay-opacity":"","overlay-gradient":""}},"_joinchat":[]},"product_brand":[],"product_cat":[41,42],"product_tag":[],"class_list":{"0":"post-1687","1":"product","2":"type-product","3":"status-publish","4":"has-post-thumbnail","6":"product_cat-cali-weed","7":"product_cat-the-ten-co-weed","8":"desktop-align-left","9":"tablet-align-left","10":"mobile-align-left","12":"first","13":"instock","14":"shipping-taxable","15":"purchasable","16":"product-type-variable"},"yoast_head":"<!-- This site is optimized with the Yoast SEO Premium plugin v24.1 (Yoast SEO v26.8) - https:\/\/yoast.com\/product\/yoast-seo-premium-wordpress\/ -->\n<title>Acheter Tenco Wazabi en Ligne | Vari\u00e9t\u00e9 de Cannabis Exclusif<\/title>\n<meta name=\"description\" content=\"Acheter Tenco Wazabi, une vari\u00e9t\u00e9 de cannabis exclusif aux ar\u00f4mes raffin\u00e9s et aux effets \u00e9quilibr\u00e9s. Achetez en ligne avec livraison discr\u00e8te et rapide.\" \/>\n<meta name=\"robots\" content=\"index, follow, max-snippet:-1, max-image-preview:large, max-video-preview:-1\" \/>\n<link rel=\"canonical\" href=\"https:\/\/beuhparadis.com\/de\/product\/the-ten-co-wazabi\/\" \/>\n<meta property=\"og:locale\" content=\"de_DE\" \/>\n<meta property=\"og:type\" content=\"article\" \/>\n<meta property=\"og:title\" content=\"The Ten.Co | Wazabi\" \/>\n<meta property=\"og:description\" content=\"Acheter Tenco Wazabi, une vari\u00e9t\u00e9 de cannabis exclusif aux ar\u00f4mes raffin\u00e9s et aux effets \u00e9quilibr\u00e9s. Achetez en ligne avec livraison discr\u00e8te et rapide.\" \/>\n<meta property=\"og:url\" content=\"https:\/\/beuhparadis.com\/de\/product\/the-ten-co-wazabi\/\" \/>\n<meta property=\"og:site_name\" content=\"Beuh Paradis\" \/>\n<meta property=\"article:modified_time\" content=\"2025-01-28T10:42:14+00:00\" \/>\n<meta property=\"og:image\" content=\"https:\/\/beuhparadis.com\/wp-content\/uploads\/2024\/12\/The-Ten.Co-Wazabi-2.webp\" \/>\n\t<meta property=\"og:image:width\" content=\"1895\" \/>\n\t<meta property=\"og:image:height\" content=\"2048\" \/>\n\t<meta property=\"og:image:type\" content=\"image\/webp\" \/>\n<meta name=\"twitter:card\" content=\"summary_large_image\" \/>\n<meta name=\"twitter:label1\" content=\"Gesch\u00e4tzte Lesezeit\" \/>\n\t<meta name=\"twitter:data1\" content=\"3 minutes\" \/>\n<script type=\"application\/ld+json\" class=\"yoast-schema-graph\">{\"@context\":\"https:\/\/schema.org\",\"@graph\":[{\"@type\":\"WebPage\",\"@id\":\"https:\/\/beuhparadis.com\/product\/the-ten-co-wazabi\/\",\"url\":\"https:\/\/beuhparadis.com\/product\/the-ten-co-wazabi\/\",\"name\":\"Acheter Tenco Wazabi en Ligne | Vari\u00e9t\u00e9 de Cannabis Exclusif\",\"isPartOf\":{\"@id\":\"https:\/\/beuhparadis.com\/#website\"},\"primaryImageOfPage\":{\"@id\":\"https:\/\/beuhparadis.com\/product\/the-ten-co-wazabi\/#primaryimage\"},\"image\":{\"@id\":\"https:\/\/beuhparadis.com\/product\/the-ten-co-wazabi\/#primaryimage\"},\"thumbnailUrl\":\"https:\/\/beuhparadis.com\/wp-content\/uploads\/2024\/12\/The-Ten.Co-Wazabi-2.webp\",\"datePublished\":\"2024-12-10T23:43:59+00:00\",\"dateModified\":\"2025-01-28T10:42:14+00:00\",\"description\":\"Acheter Tenco Wazabi, une vari\u00e9t\u00e9 de cannabis exclusif aux ar\u00f4mes raffin\u00e9s et aux effets \u00e9quilibr\u00e9s. Achetez en ligne avec livraison discr\u00e8te et rapide.\",\"breadcrumb\":{\"@id\":\"https:\/\/beuhparadis.com\/product\/the-ten-co-wazabi\/#breadcrumb\"},\"inLanguage\":\"de-DE-formal\",\"potentialAction\":[{\"@type\":\"ReadAction\",\"target\":[\"https:\/\/beuhparadis.com\/product\/the-ten-co-wazabi\/\"]}]},{\"@type\":\"ImageObject\",\"inLanguage\":\"de-DE-formal\",\"@id\":\"https:\/\/beuhparadis.com\/product\/the-ten-co-wazabi\/#primaryimage\",\"url\":\"https:\/\/beuhparadis.com\/wp-content\/uploads\/2024\/12\/The-Ten.Co-Wazabi-2.webp\",\"contentUrl\":\"https:\/\/beuhparadis.com\/wp-content\/uploads\/2024\/12\/The-Ten.Co-Wazabi-2.webp\",\"width\":1895,\"height\":2048},{\"@type\":\"BreadcrumbList\",\"@id\":\"https:\/\/beuhparadis.com\/product\/the-ten-co-wazabi\/#breadcrumb\",\"itemListElement\":[{\"@type\":\"ListItem\",\"position\":1,\"name\":\"Home\",\"item\":\"https:\/\/beuhparadis.com\/\"},{\"@type\":\"ListItem\",\"position\":2,\"name\":\"Shop\",\"item\":\"https:\/\/beuhparadis.com\/shop\/\"},{\"@type\":\"ListItem\",\"position\":3,\"name\":\"The Ten.Co | Wazabi\"}]},{\"@type\":\"WebSite\",\"@id\":\"https:\/\/beuhparadis.com\/#website\",\"url\":\"https:\/\/beuhparadis.com\/\",\"name\":\"Beuh Paradis\",\"description\":\"\",\"potentialAction\":[{\"@type\":\"SearchAction\",\"target\":{\"@type\":\"EntryPoint\",\"urlTemplate\":\"https:\/\/beuhparadis.com\/?s={search_term_string}\"},\"query-input\":{\"@type\":\"PropertyValueSpecification\",\"valueRequired\":true,\"valueName\":\"search_term_string\"}}],\"inLanguage\":\"de-DE-formal\"}]}<\/script>\n<!-- \/ Yoast SEO Premium plugin. -->","yoast_head_json":{"title":"Tenco Wazabi online kaufen | Exklusive Cannabis Sorte","description":"Kaufen Sie Tenco Wazabi, eine exklusive Cannabissorte mit raffinierten Aromen und ausgewogener Wirkung. Kaufen Sie online mit diskreter und schneller Lieferung.","robots":{"index":"index","follow":"follow","max-snippet":"max-snippet:-1","max-image-preview":"max-image-preview:large","max-video-preview":"max-video-preview:-1"},"canonical":"https:\/\/beuhparadis.com\/de\/product\/the-ten-co-wazabi\/","og_locale":"de_DE","og_type":"article","og_title":"The Ten.Co | Wazabi","og_description":"Acheter Tenco Wazabi, une vari\u00e9t\u00e9 de cannabis exclusif aux ar\u00f4mes raffin\u00e9s et aux effets \u00e9quilibr\u00e9s. Achetez en ligne avec livraison discr\u00e8te et rapide.","og_url":"https:\/\/beuhparadis.com\/de\/product\/the-ten-co-wazabi\/","og_site_name":"Beuh Paradis","article_modified_time":"2025-01-28T10:42:14+00:00","og_image":[{"width":1895,"height":2048,"url":"https:\/\/beuhparadis.com\/wp-content\/uploads\/2024\/12\/The-Ten.Co-Wazabi-2.webp","type":"image\/webp"}],"twitter_card":"summary_large_image","twitter_misc":{"Gesch\u00e4tzte Lesezeit":"3 minutes"},"schema":{"@context":"https:\/\/schema.org","@graph":[{"@type":"WebPage","@id":"https:\/\/beuhparadis.com\/product\/the-ten-co-wazabi\/","url":"https:\/\/beuhparadis.com\/product\/the-ten-co-wazabi\/","name":"Tenco Wazabi online kaufen | Exklusive Cannabis Sorte","isPartOf":{"@id":"https:\/\/beuhparadis.com\/#website"},"primaryImageOfPage":{"@id":"https:\/\/beuhparadis.com\/product\/the-ten-co-wazabi\/#primaryimage"},"image":{"@id":"https:\/\/beuhparadis.com\/product\/the-ten-co-wazabi\/#primaryimage"},"thumbnailUrl":"https:\/\/beuhparadis.com\/wp-content\/uploads\/2024\/12\/The-Ten.Co-Wazabi-2.webp","datePublished":"2024-12-10T23:43:59+00:00","dateModified":"2025-01-28T10:42:14+00:00","description":"Kaufen Sie Tenco Wazabi, eine exklusive Cannabissorte mit raffinierten Aromen und ausgewogener Wirkung. Kaufen Sie online mit diskreter und schneller Lieferung.","breadcrumb":{"@id":"https:\/\/beuhparadis.com\/product\/the-ten-co-wazabi\/#breadcrumb"},"inLanguage":"de-DE-formal","potentialAction":[{"@type":"ReadAction","target":["https:\/\/beuhparadis.com\/product\/the-ten-co-wazabi\/"]}]},{"@type":"ImageObject","inLanguage":"de-DE-formal","@id":"https:\/\/beuhparadis.com\/product\/the-ten-co-wazabi\/#primaryimage","url":"https:\/\/beuhparadis.com\/wp-content\/uploads\/2024\/12\/The-Ten.Co-Wazabi-2.webp","contentUrl":"https:\/\/beuhparadis.com\/wp-content\/uploads\/2024\/12\/The-Ten.Co-Wazabi-2.webp","width":1895,"height":2048},{"@type":"BreadcrumbList","@id":"https:\/\/beuhparadis.com\/product\/the-ten-co-wazabi\/#breadcrumb","itemListElement":[{"@type":"ListItem","position":1,"name":"Home","item":"https:\/\/beuhparadis.com\/"},{"@type":"ListItem","position":2,"name":"Shop","item":"https:\/\/beuhparadis.com\/shop\/"},{"@type":"ListItem","position":3,"name":"The Ten.Co | Wazabi"}]},{"@type":"WebSite","@id":"https:\/\/beuhparadis.com\/#website","url":"https:\/\/beuhparadis.com\/","name":"Gras Paradies","description":"","potentialAction":[{"@type":"SearchAction","target":{"@type":"EntryPoint","urlTemplate":"https:\/\/beuhparadis.com\/?s={search_term_string}"},"query-input":{"@type":"PropertyValueSpecification","valueRequired":true,"valueName":"search_term_string"}}],"inLanguage":"de-DE-formal"}]}},"_links":{"self":[{"href":"https:\/\/beuhparadis.com\/de\/wp-json\/wp\/v2\/product\/1687","targetHints":{"allow":["GET"]}}],"collection":[{"href":"https:\/\/beuhparadis.com\/de\/wp-json\/wp\/v2\/product"}],"about":[{"href":"https:\/\/beuhparadis.com\/de\/wp-json\/wp\/v2\/types\/product"}],"replies":[{"embeddable":true,"href":"https:\/\/beuhparadis.com\/de\/wp-json\/wp\/v2\/comments?post=1687"}],"wp:featuredmedia":[{"embeddable":true,"href":"https:\/\/beuhparadis.com\/de\/wp-json\/wp\/v2\/media\/1702"}],"wp:attachment":[{"href":"https:\/\/beuhparadis.com\/de\/wp-json\/wp\/v2\/media?parent=1687"}],"wp:term":[{"taxonomy":"product_brand","embeddable":true,"href":"https:\/\/beuhparadis.com\/de\/wp-json\/wp\/v2\/product_brand?post=1687"},{"taxonomy":"product_cat","embeddable":true,"href":"https:\/\/beuhparadis.com\/de\/wp-json\/wp\/v2\/product_cat?post=1687"},{"taxonomy":"product_tag","embeddable":true,"href":"https:\/\/beuhparadis.com\/de\/wp-json\/wp\/v2\/product_tag?post=1687"}],"curies":[{"name":"wp","href":"https:\/\/api.w.org\/{rel}","templated":true}]}}