{"id":1543,"date":"2024-12-10T23:41:35","date_gmt":"2024-12-10T23:41:35","guid":{"rendered":"https:\/\/beuhparadis.com\/?post_type=product&#038;p=1543"},"modified":"2025-01-28T11:00:22","modified_gmt":"2025-01-28T11:00:22","slug":"delta-8-gummies-avec-hhc-et-thc-p","status":"publish","type":"product","link":"https:\/\/beuhparadis.com\/de\/product\/delta-8-gummies-avec-hhc-et-thc-p\/","title":{"rendered":"Delta 8 Gummies mit HHC und THC-P"},"content":{"rendered":"<h1 class=\"wp-block-heading\">Delta 8 Gummies mit HHC und THC-p<\/h1>\n<p>Die Delta-8-Gummies mit HHC und THC-p bieten eine einzigartige Erfahrung f\u00fcr diejenigen, die die entspannenden und euphorischen Effekte von Cannabinoiden in einem k\u00f6stlichen essbaren Format erforschen wollen. Diese innovativen Gummies kombinieren eine optimale Mischung aus Delta-8, HHC, THC-p und CBD f\u00fcr eine k\u00f6rperlich und zerebral gleicherma\u00dfen entspannende und leicht psychedelische Erfahrung.<\/p>\n<h2 class=\"wp-block-heading\">Wichtige Informationen<\/h2>\n<ul class=\"wp-block-list\">\n<li><strong>Cannabinoid-Kombination<\/strong>: 20 mg Delta-8, 10 mg HHC, 2 mg THC-P, 3 mg CBD pro Kaugummi<\/li>\n<li><strong>Auswirkungen<\/strong>: Entspannend, stimmungsaufhellend, K\u00f6rper- und Gehirngef\u00fchl, leicht psychedelisch<\/li>\n<li><strong>Empfohlene Verwendung<\/strong>: Beginnen Sie mit einem halben Kaugummi und warten Sie 30-45 Minuten, um die Wirkung zu beurteilen.<\/li>\n<\/ul>\n<h2 class=\"wp-block-heading\">THC und CBD<\/h2>\n<ul class=\"wp-block-list\">\n<li><strong>Delta-8<\/strong>: 20 mg pro Kaugummi<\/li>\n<li><strong>HHC<\/strong>: 10 mg pro Kaugummi<\/li>\n<li><strong>THC-P<\/strong>: 2 mg pro Kaugummi<\/li>\n<li><strong>CBD<\/strong>: 3 mg pro Kaugummi<\/li>\n<\/ul>\n<h2 class=\"wp-block-heading\">Wie man sie benutzt<\/h2>\n<p>Kaugummis sind eine einfache und effektive Methode, um die Wirkung von Cannabinoiden zu nutzen. Es ist ratsam, mit einer kleinen Dosis zu beginnen, um Ihre Toleranz zu testen.<\/p>\n<h2 class=\"wp-block-heading\">Wo kann man Delta 8 Gummies mit HHC und THC-p online kaufen?<\/h2>\n<p>Diese Radiergummis sind erh\u00e4ltlich auf <a href=\"https:\/\/beuhparadis.com\/de\/product\/charas-hash\/\">beuhparadis<\/a>Ihr vertrauensw\u00fcrdiger Anbieter von qualitativ hochwertigen Cannabisprodukten.<\/p>\n<h2 class=\"wp-block-heading\">Effekte, Aromen und Geschmack<\/h2>\n<h3 class=\"wp-block-heading\">Wirkung<\/h3>\n<ul class=\"wp-block-list\">\n<li>Eine ausgewogene Erfahrung zwischen tiefer Entspannung und sanfter Euphorie<\/li>\n<\/ul>\n<h3 class=\"wp-block-heading\">Aroma<\/h3>\n<ul class=\"wp-block-list\">\n<li>Tropic Mango f\u00fcr ein erfrischendes, exotisches Gef\u00fchl<\/li>\n<\/ul>\n<h3 class=\"wp-block-heading\">Geschmack<\/h3>\n<ul class=\"wp-block-list\">\n<li>K\u00f6stlicher Geschmack nach tropischer Mango, der S\u00fc\u00dfe und einen Hauch von S\u00e4ure kombiniert<\/li>\n<\/ul>\n<h2 class=\"wp-block-heading\">Medizinische Effekte<\/h2>\n<h3 class=\"wp-block-heading\">Medizinische Effekte<\/h3>\n<ul class=\"wp-block-list\">\n<li>Muskelentspannung<\/li>\n<li>Verbesserung der Stimmung<\/li>\n<\/ul>\n<h3 class=\"wp-block-heading\">Kann Linderung verschaffen<\/h3>\n<ul class=\"wp-block-list\">\n<li>Stress und Angst<\/li>\n<li>Leichte Schmerzen<\/li>\n<\/ul>\n<h2 class=\"wp-block-heading\">Warum sollte man Delta 8 Gummies mit HHC und THC bei Kaufenducannabis kaufen?<\/h2>\n<p>Acheterducannabis garantiert hochwirksame Produkte, die von Dritten getestet wurden, um ihre Sicherheit und Konformit\u00e4t zu gew\u00e4hrleisten. Der Kauf bei Acheterducannabis bedeutet, sich f\u00fcr Qualit\u00e4t und Zuverl\u00e4ssigkeit zu entscheiden.<\/p>\n<h2 class=\"wp-block-heading\">Regierungsgesetze zum Verkauf von Gummib\u00e4rchen in Europa<\/h2>\n<p>Delta 8 Gummies mit HHC und THC-p entsprechen den europ\u00e4ischen Vorschriften und erm\u00f6glichen einen sicheren und legalen Konsum. \u00dcberpr\u00fcfen Sie vor dem Kauf immer die \u00f6rtlichen Gesetze, um die Einhaltung zu gew\u00e4hrleisten.<\/p>\n<p>Entscheiden Sie sich f\u00fcr die Delta 8 Gummies mit HHC und THC f\u00fcr ein einzigartiges Entspannungs- und Euphorieerlebnis, das exklusiv bei Acheterducannabis erh\u00e4ltlich ist. Machen Sie sich bereit, eine neue Dimension des Wohlbefindens und des Genusses zu erkunden.<\/p>","protected":false},"excerpt":{"rendered":"<p><strong>Medizinische Effekte:<br \/>\n<\/strong><\/p>\n<ul class=\"wp-block-list\">\n<li>Muskelentspannung<\/li>\n<li>Verbesserung der Stimmung<\/li>\n<\/ul>\n<p><strong>\u00a0<\/strong><\/p>","protected":false},"featured_media":1570,"comment_status":"closed","ping_status":"closed","template":"","meta":{"site-sidebar-layout":"default","site-content-layout":"","ast-site-content-layout":"default","site-content-style":"default","site-sidebar-style":"default","ast-global-header-display":"","ast-banner-title-visibility":"","ast-main-header-display":"","ast-hfb-above-header-display":"","ast-hfb-below-header-display":"","ast-hfb-mobile-header-display":"","site-post-title":"","ast-breadcrumbs-content":"","ast-featured-img":"","footer-sml-layout":"","theme-transparent-header-meta":"default","adv-header-id-meta":"","stick-header-meta":"","header-above-stick-meta":"","header-main-stick-meta":"","header-below-stick-meta":"","astra-migrate-meta-layouts":"set","ast-page-background-enabled":"default","ast-page-background-meta":{"desktop":{"background-color":"","background-image":"","background-repeat":"repeat","background-position":"center center","background-size":"auto","background-attachment":"scroll","background-type":"","background-media":"","overlay-type":"","overlay-color":"","overlay-opacity":"","overlay-gradient":""},"tablet":{"background-color":"","background-image":"","background-repeat":"repeat","background-position":"center center","background-size":"auto","background-attachment":"scroll","background-type":"","background-media":"","overlay-type":"","overlay-color":"","overlay-opacity":"","overlay-gradient":""},"mobile":{"background-color":"","background-image":"","background-repeat":"repeat","background-position":"center center","background-size":"auto","background-attachment":"scroll","background-type":"","background-media":"","overlay-type":"","overlay-color":"","overlay-opacity":"","overlay-gradient":""}},"ast-content-background-meta":{"desktop":{"background-color":"var(--ast-global-color-5)","background-image":"","background-repeat":"repeat","background-position":"center center","background-size":"auto","background-attachment":"scroll","background-type":"","background-media":"","overlay-type":"","overlay-color":"","overlay-opacity":"","overlay-gradient":""},"tablet":{"background-color":"var(--ast-global-color-5)","background-image":"","background-repeat":"repeat","background-position":"center center","background-size":"auto","background-attachment":"scroll","background-type":"","background-media":"","overlay-type":"","overlay-color":"","overlay-opacity":"","overlay-gradient":""},"mobile":{"background-color":"var(--ast-global-color-5)","background-image":"","background-repeat":"repeat","background-position":"center center","background-size":"auto","background-attachment":"scroll","background-type":"","background-media":"","overlay-type":"","overlay-color":"","overlay-opacity":"","overlay-gradient":""}},"_joinchat":[]},"product_brand":[],"product_cat":[38],"product_tag":[],"class_list":{"0":"post-1543","1":"product","2":"type-product","3":"status-publish","4":"has-post-thumbnail","6":"product_cat-bonbons-thc","7":"desktop-align-left","8":"tablet-align-left","9":"mobile-align-left","11":"first","12":"instock","13":"shipping-taxable","14":"purchasable","15":"product-type-variable"},"yoast_head":"<!-- This site is optimized with the Yoast SEO Premium plugin v24.1 (Yoast SEO v26.8) - https:\/\/yoast.com\/product\/yoast-seo-premium-wordpress\/ -->\n<title>Acheter Delta 8 Gummies | Bonbons au Cannabis Relaxants<\/title>\n<meta name=\"description\" content=\"Delta 8 Gummies, des bonbons au cannabis offrant une relaxation douce et des effets apaisants. Achetez en ligne avec livraison discr\u00e8te et rapid.\" \/>\n<meta name=\"robots\" content=\"index, follow, max-snippet:-1, max-image-preview:large, max-video-preview:-1\" \/>\n<link rel=\"canonical\" href=\"https:\/\/beuhparadis.com\/de\/product\/delta-8-gummies-avec-hhc-et-thc-p\/\" \/>\n<meta property=\"og:locale\" content=\"de_DE\" \/>\n<meta property=\"og:type\" content=\"article\" \/>\n<meta property=\"og:title\" content=\"Delta 8 Gummies avec HHC et THC-P\" \/>\n<meta property=\"og:description\" content=\"Delta 8 Gummies, des bonbons au cannabis offrant une relaxation douce et des effets apaisants. Achetez en ligne avec livraison discr\u00e8te et rapid.\" \/>\n<meta property=\"og:url\" content=\"https:\/\/beuhparadis.com\/de\/product\/delta-8-gummies-avec-hhc-et-thc-p\/\" \/>\n<meta property=\"og:site_name\" content=\"Beuh Paradis\" \/>\n<meta property=\"article:modified_time\" content=\"2025-01-28T11:00:22+00:00\" \/>\n<meta property=\"og:image\" content=\"https:\/\/beuhparadis.com\/wp-content\/uploads\/2024\/12\/Delta-8-Gummies-avec-HHC-et-THC.jpeg\" \/>\n\t<meta property=\"og:image:width\" content=\"800\" \/>\n\t<meta property=\"og:image:height\" content=\"800\" \/>\n\t<meta property=\"og:image:type\" content=\"image\/jpeg\" \/>\n<meta name=\"twitter:card\" content=\"summary_large_image\" \/>\n<meta name=\"twitter:label1\" content=\"Gesch\u00e4tzte Lesezeit\" \/>\n\t<meta name=\"twitter:data1\" content=\"2 minutes\" \/>\n<script type=\"application\/ld+json\" class=\"yoast-schema-graph\">{\"@context\":\"https:\/\/schema.org\",\"@graph\":[{\"@type\":\"WebPage\",\"@id\":\"https:\/\/beuhparadis.com\/product\/delta-8-gummies-avec-hhc-et-thc-p\/\",\"url\":\"https:\/\/beuhparadis.com\/product\/delta-8-gummies-avec-hhc-et-thc-p\/\",\"name\":\"Acheter Delta 8 Gummies | Bonbons au Cannabis Relaxants\",\"isPartOf\":{\"@id\":\"https:\/\/beuhparadis.com\/#website\"},\"primaryImageOfPage\":{\"@id\":\"https:\/\/beuhparadis.com\/product\/delta-8-gummies-avec-hhc-et-thc-p\/#primaryimage\"},\"image\":{\"@id\":\"https:\/\/beuhparadis.com\/product\/delta-8-gummies-avec-hhc-et-thc-p\/#primaryimage\"},\"thumbnailUrl\":\"https:\/\/beuhparadis.com\/wp-content\/uploads\/2024\/12\/Delta-8-Gummies-avec-HHC-et-THC.jpeg\",\"datePublished\":\"2024-12-10T23:41:35+00:00\",\"dateModified\":\"2025-01-28T11:00:22+00:00\",\"description\":\"Delta 8 Gummies, des bonbons au cannabis offrant une relaxation douce et des effets apaisants. Achetez en ligne avec livraison discr\u00e8te et rapid.\",\"breadcrumb\":{\"@id\":\"https:\/\/beuhparadis.com\/product\/delta-8-gummies-avec-hhc-et-thc-p\/#breadcrumb\"},\"inLanguage\":\"de-DE-formal\",\"potentialAction\":[{\"@type\":\"ReadAction\",\"target\":[\"https:\/\/beuhparadis.com\/product\/delta-8-gummies-avec-hhc-et-thc-p\/\"]}]},{\"@type\":\"ImageObject\",\"inLanguage\":\"de-DE-formal\",\"@id\":\"https:\/\/beuhparadis.com\/product\/delta-8-gummies-avec-hhc-et-thc-p\/#primaryimage\",\"url\":\"https:\/\/beuhparadis.com\/wp-content\/uploads\/2024\/12\/Delta-8-Gummies-avec-HHC-et-THC.jpeg\",\"contentUrl\":\"https:\/\/beuhparadis.com\/wp-content\/uploads\/2024\/12\/Delta-8-Gummies-avec-HHC-et-THC.jpeg\",\"width\":800,\"height\":800},{\"@type\":\"BreadcrumbList\",\"@id\":\"https:\/\/beuhparadis.com\/product\/delta-8-gummies-avec-hhc-et-thc-p\/#breadcrumb\",\"itemListElement\":[{\"@type\":\"ListItem\",\"position\":1,\"name\":\"Home\",\"item\":\"https:\/\/beuhparadis.com\/\"},{\"@type\":\"ListItem\",\"position\":2,\"name\":\"Shop\",\"item\":\"https:\/\/beuhparadis.com\/shop\/\"},{\"@type\":\"ListItem\",\"position\":3,\"name\":\"Delta 8 Gummies avec HHC et THC-P\"}]},{\"@type\":\"WebSite\",\"@id\":\"https:\/\/beuhparadis.com\/#website\",\"url\":\"https:\/\/beuhparadis.com\/\",\"name\":\"Beuh Paradis\",\"description\":\"\",\"potentialAction\":[{\"@type\":\"SearchAction\",\"target\":{\"@type\":\"EntryPoint\",\"urlTemplate\":\"https:\/\/beuhparadis.com\/?s={search_term_string}\"},\"query-input\":{\"@type\":\"PropertyValueSpecification\",\"valueRequired\":true,\"valueName\":\"search_term_string\"}}],\"inLanguage\":\"de-DE-formal\"}]}<\/script>\n<!-- \/ Yoast SEO Premium plugin. -->","yoast_head_json":{"title":"Delta 8 Gummies | Entspannende Cannabis Bonbons Kaufen","description":"Delta 8 Gummies, Cannabisbonbons, die eine sanfte Entspannung und beruhigende Wirkung bieten. Kaufen Sie online mit diskreter und schneller Lieferung.","robots":{"index":"index","follow":"follow","max-snippet":"max-snippet:-1","max-image-preview":"max-image-preview:large","max-video-preview":"max-video-preview:-1"},"canonical":"https:\/\/beuhparadis.com\/de\/product\/delta-8-gummies-avec-hhc-et-thc-p\/","og_locale":"de_DE","og_type":"article","og_title":"Delta 8 Gummies avec HHC et THC-P","og_description":"Delta 8 Gummies, des bonbons au cannabis offrant une relaxation douce et des effets apaisants. Achetez en ligne avec livraison discr\u00e8te et rapid.","og_url":"https:\/\/beuhparadis.com\/de\/product\/delta-8-gummies-avec-hhc-et-thc-p\/","og_site_name":"Beuh Paradis","article_modified_time":"2025-01-28T11:00:22+00:00","og_image":[{"width":800,"height":800,"url":"https:\/\/beuhparadis.com\/wp-content\/uploads\/2024\/12\/Delta-8-Gummies-avec-HHC-et-THC.jpeg","type":"image\/jpeg"}],"twitter_card":"summary_large_image","twitter_misc":{"Gesch\u00e4tzte Lesezeit":"2 minutes"},"schema":{"@context":"https:\/\/schema.org","@graph":[{"@type":"WebPage","@id":"https:\/\/beuhparadis.com\/product\/delta-8-gummies-avec-hhc-et-thc-p\/","url":"https:\/\/beuhparadis.com\/product\/delta-8-gummies-avec-hhc-et-thc-p\/","name":"Delta 8 Gummies | Entspannende Cannabis Bonbons Kaufen","isPartOf":{"@id":"https:\/\/beuhparadis.com\/#website"},"primaryImageOfPage":{"@id":"https:\/\/beuhparadis.com\/product\/delta-8-gummies-avec-hhc-et-thc-p\/#primaryimage"},"image":{"@id":"https:\/\/beuhparadis.com\/product\/delta-8-gummies-avec-hhc-et-thc-p\/#primaryimage"},"thumbnailUrl":"https:\/\/beuhparadis.com\/wp-content\/uploads\/2024\/12\/Delta-8-Gummies-avec-HHC-et-THC.jpeg","datePublished":"2024-12-10T23:41:35+00:00","dateModified":"2025-01-28T11:00:22+00:00","description":"Delta 8 Gummies, Cannabisbonbons, die eine sanfte Entspannung und beruhigende Wirkung bieten. Kaufen Sie online mit diskreter und schneller Lieferung.","breadcrumb":{"@id":"https:\/\/beuhparadis.com\/product\/delta-8-gummies-avec-hhc-et-thc-p\/#breadcrumb"},"inLanguage":"de-DE-formal","potentialAction":[{"@type":"ReadAction","target":["https:\/\/beuhparadis.com\/product\/delta-8-gummies-avec-hhc-et-thc-p\/"]}]},{"@type":"ImageObject","inLanguage":"de-DE-formal","@id":"https:\/\/beuhparadis.com\/product\/delta-8-gummies-avec-hhc-et-thc-p\/#primaryimage","url":"https:\/\/beuhparadis.com\/wp-content\/uploads\/2024\/12\/Delta-8-Gummies-avec-HHC-et-THC.jpeg","contentUrl":"https:\/\/beuhparadis.com\/wp-content\/uploads\/2024\/12\/Delta-8-Gummies-avec-HHC-et-THC.jpeg","width":800,"height":800},{"@type":"BreadcrumbList","@id":"https:\/\/beuhparadis.com\/product\/delta-8-gummies-avec-hhc-et-thc-p\/#breadcrumb","itemListElement":[{"@type":"ListItem","position":1,"name":"Home","item":"https:\/\/beuhparadis.com\/"},{"@type":"ListItem","position":2,"name":"Shop","item":"https:\/\/beuhparadis.com\/shop\/"},{"@type":"ListItem","position":3,"name":"Delta 8 Gummies avec HHC et THC-P"}]},{"@type":"WebSite","@id":"https:\/\/beuhparadis.com\/#website","url":"https:\/\/beuhparadis.com\/","name":"Gras Paradies","description":"","potentialAction":[{"@type":"SearchAction","target":{"@type":"EntryPoint","urlTemplate":"https:\/\/beuhparadis.com\/?s={search_term_string}"},"query-input":{"@type":"PropertyValueSpecification","valueRequired":true,"valueName":"search_term_string"}}],"inLanguage":"de-DE-formal"}]}},"_links":{"self":[{"href":"https:\/\/beuhparadis.com\/de\/wp-json\/wp\/v2\/product\/1543","targetHints":{"allow":["GET"]}}],"collection":[{"href":"https:\/\/beuhparadis.com\/de\/wp-json\/wp\/v2\/product"}],"about":[{"href":"https:\/\/beuhparadis.com\/de\/wp-json\/wp\/v2\/types\/product"}],"replies":[{"embeddable":true,"href":"https:\/\/beuhparadis.com\/de\/wp-json\/wp\/v2\/comments?post=1543"}],"wp:featuredmedia":[{"embeddable":true,"href":"https:\/\/beuhparadis.com\/de\/wp-json\/wp\/v2\/media\/1570"}],"wp:attachment":[{"href":"https:\/\/beuhparadis.com\/de\/wp-json\/wp\/v2\/media?parent=1543"}],"wp:term":[{"taxonomy":"product_brand","embeddable":true,"href":"https:\/\/beuhparadis.com\/de\/wp-json\/wp\/v2\/product_brand?post=1543"},{"taxonomy":"product_cat","embeddable":true,"href":"https:\/\/beuhparadis.com\/de\/wp-json\/wp\/v2\/product_cat?post=1543"},{"taxonomy":"product_tag","embeddable":true,"href":"https:\/\/beuhparadis.com\/de\/wp-json\/wp\/v2\/product_tag?post=1543"}],"curies":[{"name":"wp","href":"https:\/\/api.w.org\/{rel}","templated":true}]}}