{"id":1538,"date":"2024-12-10T23:41:35","date_gmt":"2024-12-10T23:41:35","guid":{"rendered":"https:\/\/beuhparadis.com\/?post_type=product&#038;p=1538"},"modified":"2025-01-28T11:05:21","modified_gmt":"2025-01-28T11:05:21","slug":"bonbons-gelifies-au-thc-hors-du-bureau","status":"publish","type":"product","link":"https:\/\/beuhparadis.com\/de\/product\/bonbons-gelifies-au-thc-hors-du-bureau\/","title":{"rendered":"THC-Gelatinebonbons au\u00dferhalb des B\u00fcros"},"content":{"rendered":"<h1><strong>THC-haltige Geleebonbons<\/strong><strong>Eine berauschende S\u00fc\u00dfe<\/strong><\/h1>\n<h3><strong>Entdecken Sie die Gel\u00e9e-Bonbons auf Beuh Paradis<\/strong><\/h3>\n<p>Die <strong>Geleebonbons mit THC<\/strong>, verf\u00fcgbar unter <strong><a href=\"https:\/\/beuhparadis.com\/de\" target=\"_new\" rel=\"noopener\">Gras Paradies<\/a><\/strong>kombinieren den s\u00fc\u00dfen Genuss von S\u00fc\u00dfigkeiten mit der starken Wirkung von THC. Perfekt f\u00fcr Cannabisliebhaber, die eine diskrete und schmackhafte Alternative bevorzugen, bieten diese Bonbons eine entspannende und euphorisierende Erfahrung. Sie werden aus hochwertigen Zutaten hergestellt und sind in verschiedenen fruchtigen Geschmacksrichtungen erh\u00e4ltlich, um jeden Geschmack zu treffen.<\/p>\n<h4><strong>\u00a0Warum sollte man sich f\u00fcr Gelatinebonbons entscheiden?<\/strong><\/h4>\n<ul>\n<li><strong>Diskretion und Einfachheit :<\/strong> Geleebonbons sind leicht zu transportieren und zu verzehren und eignen sich perfekt f\u00fcr unterwegs oder f\u00fcr den diskreten Gebrauch.<\/li>\n<li><strong>Progressive Effekte :<\/strong> Anders als beim Verdampfen oder Rauchen tritt die Wirkung von THC-Bonbons allm\u00e4hlich ein und bietet so eine l\u00e4ngere, kontrollierte Erfahrung.<\/li>\n<li><strong>Gro\u00dfe Auswahl an Geschmacksrichtungen :<\/strong> S\u00fc\u00dfe Noten von Erdbeere, Zitrone, Mango oder Heidelbeere sorgen bei jedem Bissen f\u00fcr einen wahren Genuss.<\/li>\n<li><strong>Genaues Dosieren :<\/strong> Jedes Bonbon enth\u00e4lt eine bestimmte Menge THC, sodass Sie Ihren Konsum optimal kontrollieren k\u00f6nnen.<\/li>\n<\/ul>\n<h4><strong>\u00a0Die Vorteile von Gelatinebonbons<\/strong><\/h4>\n<ul>\n<li><strong>Totale Entspannung :<\/strong> Ideal, um sich nach einem langen Tag zu entspannen oder Stress abzubauen.<\/li>\n<li><strong>Alternative zum R\u00e4uchern :<\/strong> Eine schmackhafte M\u00f6glichkeit, THC zu konsumieren, ohne Ihre Lungen dem Rauch auszusetzen.<\/li>\n<li><strong>Nachhaltige Effekte :<\/strong> Bonbons erm\u00f6glichen eine langsamere Aufnahme und verl\u00e4ngern so ihren Nutzen.<\/li>\n<li><strong>Geeignet f\u00fcr Anf\u00e4nger :<\/strong> Mit verschiedenen Dosierungen k\u00f6nnen Anf\u00e4nger langsam anfangen, w\u00e4hrend sie die Wirkung von THC erforschen.<\/li>\n<\/ul>\n<h4><strong>\u00a0Bestellen Sie Ihre Gelatinebonbons auf Beuh Paradis<\/strong><\/h4>\n<p>Auf <strong><a href=\"https:\/\/beuhparadis.com\/de\" target=\"_new\" rel=\"noopener\">Gras Paradies<\/a><\/strong>Entdecken Sie eine gro\u00dfe Auswahl an <strong>Geleebonbons mit THC<\/strong> die Gaumenfreuden und starke Effekte vereinen. Profitieren Sie von unserer schnellen, diskreten und sicheren Lieferung \u00fcberall in Frankreich. Entscheiden Sie sich f\u00fcr ein modernes, praktisches und k\u00f6stliches Cannabis-Erlebnis.<\/p>","protected":false},"excerpt":{"rendered":"<p>Bonbons G\u00e9lifi\u00e9s au THC-Une Douceur Enivrante D\u00e9couvrez les Bonbons G\u00e9lifi\u00e9s\u00a0 sur Beuh Paradis Les bonbons g\u00e9lifi\u00e9s au THC, disponibles sur Beuh Paradis, combinent le plaisir sucr\u00e9 des friandises avec les effets puissants du THC. Parfaits pour les amateurs de cannabis qui pr\u00e9f\u00e8rent une alternative discr\u00e8te et savoureuse, ces bonbons offrent une exp\u00e9rience relaxante et euphorisante. [&hellip;]<\/p>\n","protected":false},"featured_media":1569,"comment_status":"closed","ping_status":"closed","template":"","meta":{"site-sidebar-layout":"default","site-content-layout":"","ast-site-content-layout":"default","site-content-style":"default","site-sidebar-style":"default","ast-global-header-display":"","ast-banner-title-visibility":"","ast-main-header-display":"","ast-hfb-above-header-display":"","ast-hfb-below-header-display":"","ast-hfb-mobile-header-display":"","site-post-title":"","ast-breadcrumbs-content":"","ast-featured-img":"","footer-sml-layout":"","theme-transparent-header-meta":"default","adv-header-id-meta":"","stick-header-meta":"","header-above-stick-meta":"","header-main-stick-meta":"","header-below-stick-meta":"","astra-migrate-meta-layouts":"set","ast-page-background-enabled":"default","ast-page-background-meta":{"desktop":{"background-color":"","background-image":"","background-repeat":"repeat","background-position":"center center","background-size":"auto","background-attachment":"scroll","background-type":"","background-media":"","overlay-type":"","overlay-color":"","overlay-opacity":"","overlay-gradient":""},"tablet":{"background-color":"","background-image":"","background-repeat":"repeat","background-position":"center center","background-size":"auto","background-attachment":"scroll","background-type":"","background-media":"","overlay-type":"","overlay-color":"","overlay-opacity":"","overlay-gradient":""},"mobile":{"background-color":"","background-image":"","background-repeat":"repeat","background-position":"center center","background-size":"auto","background-attachment":"scroll","background-type":"","background-media":"","overlay-type":"","overlay-color":"","overlay-opacity":"","overlay-gradient":""}},"ast-content-background-meta":{"desktop":{"background-color":"var(--ast-global-color-5)","background-image":"","background-repeat":"repeat","background-position":"center center","background-size":"auto","background-attachment":"scroll","background-type":"","background-media":"","overlay-type":"","overlay-color":"","overlay-opacity":"","overlay-gradient":""},"tablet":{"background-color":"var(--ast-global-color-5)","background-image":"","background-repeat":"repeat","background-position":"center center","background-size":"auto","background-attachment":"scroll","background-type":"","background-media":"","overlay-type":"","overlay-color":"","overlay-opacity":"","overlay-gradient":""},"mobile":{"background-color":"var(--ast-global-color-5)","background-image":"","background-repeat":"repeat","background-position":"center center","background-size":"auto","background-attachment":"scroll","background-type":"","background-media":"","overlay-type":"","overlay-color":"","overlay-opacity":"","overlay-gradient":""}},"_joinchat":[]},"product_brand":[],"product_cat":[38],"product_tag":[],"class_list":{"0":"post-1538","1":"product","2":"type-product","3":"status-publish","4":"has-post-thumbnail","6":"product_cat-bonbons-thc","7":"desktop-align-left","8":"tablet-align-left","9":"mobile-align-left","11":"first","12":"instock","13":"shipping-taxable","14":"purchasable","15":"product-type-variable"},"yoast_head":"<!-- This site is optimized with the Yoast SEO Premium plugin v24.1 (Yoast SEO v26.8) - https:\/\/yoast.com\/product\/yoast-seo-premium-wordpress\/ -->\n<title>Bonbons G\u00e9lifi\u00e9s au THC \u2013 Friandises Relaxantes et Puissantes<\/title>\n<meta name=\"description\" content=\"Achetez des bonbons g\u00e9lifi\u00e9s au THC sur Beuh Paradis. Profitez d\u2019une alternative sucr\u00e9e et discr\u00e8te pour consommer du THC. Livraison rapide et discr\u00e8te\" \/>\n<meta name=\"robots\" content=\"index, follow, max-snippet:-1, max-image-preview:large, max-video-preview:-1\" \/>\n<link rel=\"canonical\" href=\"https:\/\/beuhparadis.com\/de\/product\/bonbons-gelifies-au-thc-hors-du-bureau\/\" \/>\n<meta property=\"og:locale\" content=\"de_DE\" \/>\n<meta property=\"og:type\" content=\"article\" \/>\n<meta property=\"og:title\" content=\"Bonbons g\u00e9lifi\u00e9s au THC hors du bureau\" \/>\n<meta property=\"og:description\" content=\"Achetez des bonbons g\u00e9lifi\u00e9s au THC sur Beuh Paradis. Profitez d\u2019une alternative sucr\u00e9e et discr\u00e8te pour consommer du THC. Livraison rapide et discr\u00e8te\" \/>\n<meta property=\"og:url\" content=\"https:\/\/beuhparadis.com\/de\/product\/bonbons-gelifies-au-thc-hors-du-bureau\/\" \/>\n<meta property=\"og:site_name\" content=\"Beuh Paradis\" \/>\n<meta property=\"article:modified_time\" content=\"2025-01-28T11:05:21+00:00\" \/>\n<meta property=\"og:image\" content=\"https:\/\/beuhparadis.com\/wp-content\/uploads\/2024\/12\/Bonbons-gelifies-au-THC-hors-du-bureau.webp\" \/>\n\t<meta property=\"og:image:width\" content=\"1600\" \/>\n\t<meta property=\"og:image:height\" content=\"1600\" \/>\n\t<meta property=\"og:image:type\" content=\"image\/webp\" \/>\n<meta name=\"twitter:card\" content=\"summary_large_image\" \/>\n<meta name=\"twitter:label1\" content=\"Gesch\u00e4tzte Lesezeit\" \/>\n\t<meta name=\"twitter:data1\" content=\"2 minutes\" \/>\n<script type=\"application\/ld+json\" class=\"yoast-schema-graph\">{\"@context\":\"https:\/\/schema.org\",\"@graph\":[{\"@type\":\"WebPage\",\"@id\":\"https:\/\/beuhparadis.com\/product\/bonbons-gelifies-au-thc-hors-du-bureau\/\",\"url\":\"https:\/\/beuhparadis.com\/product\/bonbons-gelifies-au-thc-hors-du-bureau\/\",\"name\":\"Bonbons G\u00e9lifi\u00e9s au THC \u2013 Friandises Relaxantes et Puissantes\",\"isPartOf\":{\"@id\":\"https:\/\/beuhparadis.com\/#website\"},\"primaryImageOfPage\":{\"@id\":\"https:\/\/beuhparadis.com\/product\/bonbons-gelifies-au-thc-hors-du-bureau\/#primaryimage\"},\"image\":{\"@id\":\"https:\/\/beuhparadis.com\/product\/bonbons-gelifies-au-thc-hors-du-bureau\/#primaryimage\"},\"thumbnailUrl\":\"https:\/\/beuhparadis.com\/wp-content\/uploads\/2024\/12\/Bonbons-gelifies-au-THC-hors-du-bureau.webp\",\"datePublished\":\"2024-12-10T23:41:35+00:00\",\"dateModified\":\"2025-01-28T11:05:21+00:00\",\"description\":\"Achetez des bonbons g\u00e9lifi\u00e9s au THC sur Beuh Paradis. Profitez d\u2019une alternative sucr\u00e9e et discr\u00e8te pour consommer du THC. Livraison rapide et discr\u00e8te\",\"breadcrumb\":{\"@id\":\"https:\/\/beuhparadis.com\/product\/bonbons-gelifies-au-thc-hors-du-bureau\/#breadcrumb\"},\"inLanguage\":\"de-DE-formal\",\"potentialAction\":[{\"@type\":\"ReadAction\",\"target\":[\"https:\/\/beuhparadis.com\/product\/bonbons-gelifies-au-thc-hors-du-bureau\/\"]}]},{\"@type\":\"ImageObject\",\"inLanguage\":\"de-DE-formal\",\"@id\":\"https:\/\/beuhparadis.com\/product\/bonbons-gelifies-au-thc-hors-du-bureau\/#primaryimage\",\"url\":\"https:\/\/beuhparadis.com\/wp-content\/uploads\/2024\/12\/Bonbons-gelifies-au-THC-hors-du-bureau.webp\",\"contentUrl\":\"https:\/\/beuhparadis.com\/wp-content\/uploads\/2024\/12\/Bonbons-gelifies-au-THC-hors-du-bureau.webp\",\"width\":1600,\"height\":1600},{\"@type\":\"BreadcrumbList\",\"@id\":\"https:\/\/beuhparadis.com\/product\/bonbons-gelifies-au-thc-hors-du-bureau\/#breadcrumb\",\"itemListElement\":[{\"@type\":\"ListItem\",\"position\":1,\"name\":\"Home\",\"item\":\"https:\/\/beuhparadis.com\/\"},{\"@type\":\"ListItem\",\"position\":2,\"name\":\"Shop\",\"item\":\"https:\/\/beuhparadis.com\/shop\/\"},{\"@type\":\"ListItem\",\"position\":3,\"name\":\"Bonbons g\u00e9lifi\u00e9s au THC hors du bureau\"}]},{\"@type\":\"WebSite\",\"@id\":\"https:\/\/beuhparadis.com\/#website\",\"url\":\"https:\/\/beuhparadis.com\/\",\"name\":\"Beuh Paradis\",\"description\":\"\",\"potentialAction\":[{\"@type\":\"SearchAction\",\"target\":{\"@type\":\"EntryPoint\",\"urlTemplate\":\"https:\/\/beuhparadis.com\/?s={search_term_string}\"},\"query-input\":{\"@type\":\"PropertyValueSpecification\",\"valueRequired\":true,\"valueName\":\"search_term_string\"}}],\"inLanguage\":\"de-DE-formal\"}]}<\/script>\n<!-- \/ Yoast SEO Premium plugin. -->","yoast_head_json":{"title":"THC-Gelatinebonbons - Entspannende und potenzf\u00f6rdernde S\u00fc\u00dfigkeiten","description":"Kaufen Sie THC-Gelatinebonbons auf Beuh Paradis. Genie\u00dfen Sie eine s\u00fc\u00dfe und diskrete Alternative zum THC-Konsum. Schnelle und diskrete Lieferung","robots":{"index":"index","follow":"follow","max-snippet":"max-snippet:-1","max-image-preview":"max-image-preview:large","max-video-preview":"max-video-preview:-1"},"canonical":"https:\/\/beuhparadis.com\/de\/product\/bonbons-gelifies-au-thc-hors-du-bureau\/","og_locale":"de_DE","og_type":"article","og_title":"Bonbons g\u00e9lifi\u00e9s au THC hors du bureau","og_description":"Achetez des bonbons g\u00e9lifi\u00e9s au THC sur Beuh Paradis. Profitez d\u2019une alternative sucr\u00e9e et discr\u00e8te pour consommer du THC. Livraison rapide et discr\u00e8te","og_url":"https:\/\/beuhparadis.com\/de\/product\/bonbons-gelifies-au-thc-hors-du-bureau\/","og_site_name":"Beuh Paradis","article_modified_time":"2025-01-28T11:05:21+00:00","og_image":[{"width":1600,"height":1600,"url":"https:\/\/beuhparadis.com\/wp-content\/uploads\/2024\/12\/Bonbons-gelifies-au-THC-hors-du-bureau.webp","type":"image\/webp"}],"twitter_card":"summary_large_image","twitter_misc":{"Gesch\u00e4tzte Lesezeit":"2 minutes"},"schema":{"@context":"https:\/\/schema.org","@graph":[{"@type":"WebPage","@id":"https:\/\/beuhparadis.com\/product\/bonbons-gelifies-au-thc-hors-du-bureau\/","url":"https:\/\/beuhparadis.com\/product\/bonbons-gelifies-au-thc-hors-du-bureau\/","name":"THC-Gelatinebonbons - Entspannende und potenzf\u00f6rdernde S\u00fc\u00dfigkeiten","isPartOf":{"@id":"https:\/\/beuhparadis.com\/#website"},"primaryImageOfPage":{"@id":"https:\/\/beuhparadis.com\/product\/bonbons-gelifies-au-thc-hors-du-bureau\/#primaryimage"},"image":{"@id":"https:\/\/beuhparadis.com\/product\/bonbons-gelifies-au-thc-hors-du-bureau\/#primaryimage"},"thumbnailUrl":"https:\/\/beuhparadis.com\/wp-content\/uploads\/2024\/12\/Bonbons-gelifies-au-THC-hors-du-bureau.webp","datePublished":"2024-12-10T23:41:35+00:00","dateModified":"2025-01-28T11:05:21+00:00","description":"Kaufen Sie THC-Gelatinebonbons auf Beuh Paradis. Genie\u00dfen Sie eine s\u00fc\u00dfe und diskrete Alternative zum THC-Konsum. Schnelle und diskrete Lieferung","breadcrumb":{"@id":"https:\/\/beuhparadis.com\/product\/bonbons-gelifies-au-thc-hors-du-bureau\/#breadcrumb"},"inLanguage":"de-DE-formal","potentialAction":[{"@type":"ReadAction","target":["https:\/\/beuhparadis.com\/product\/bonbons-gelifies-au-thc-hors-du-bureau\/"]}]},{"@type":"ImageObject","inLanguage":"de-DE-formal","@id":"https:\/\/beuhparadis.com\/product\/bonbons-gelifies-au-thc-hors-du-bureau\/#primaryimage","url":"https:\/\/beuhparadis.com\/wp-content\/uploads\/2024\/12\/Bonbons-gelifies-au-THC-hors-du-bureau.webp","contentUrl":"https:\/\/beuhparadis.com\/wp-content\/uploads\/2024\/12\/Bonbons-gelifies-au-THC-hors-du-bureau.webp","width":1600,"height":1600},{"@type":"BreadcrumbList","@id":"https:\/\/beuhparadis.com\/product\/bonbons-gelifies-au-thc-hors-du-bureau\/#breadcrumb","itemListElement":[{"@type":"ListItem","position":1,"name":"Home","item":"https:\/\/beuhparadis.com\/"},{"@type":"ListItem","position":2,"name":"Shop","item":"https:\/\/beuhparadis.com\/shop\/"},{"@type":"ListItem","position":3,"name":"Bonbons g\u00e9lifi\u00e9s au THC hors du bureau"}]},{"@type":"WebSite","@id":"https:\/\/beuhparadis.com\/#website","url":"https:\/\/beuhparadis.com\/","name":"Gras Paradies","description":"","potentialAction":[{"@type":"SearchAction","target":{"@type":"EntryPoint","urlTemplate":"https:\/\/beuhparadis.com\/?s={search_term_string}"},"query-input":{"@type":"PropertyValueSpecification","valueRequired":true,"valueName":"search_term_string"}}],"inLanguage":"de-DE-formal"}]}},"_links":{"self":[{"href":"https:\/\/beuhparadis.com\/de\/wp-json\/wp\/v2\/product\/1538","targetHints":{"allow":["GET"]}}],"collection":[{"href":"https:\/\/beuhparadis.com\/de\/wp-json\/wp\/v2\/product"}],"about":[{"href":"https:\/\/beuhparadis.com\/de\/wp-json\/wp\/v2\/types\/product"}],"replies":[{"embeddable":true,"href":"https:\/\/beuhparadis.com\/de\/wp-json\/wp\/v2\/comments?post=1538"}],"wp:featuredmedia":[{"embeddable":true,"href":"https:\/\/beuhparadis.com\/de\/wp-json\/wp\/v2\/media\/1569"}],"wp:attachment":[{"href":"https:\/\/beuhparadis.com\/de\/wp-json\/wp\/v2\/media?parent=1538"}],"wp:term":[{"taxonomy":"product_brand","embeddable":true,"href":"https:\/\/beuhparadis.com\/de\/wp-json\/wp\/v2\/product_brand?post=1538"},{"taxonomy":"product_cat","embeddable":true,"href":"https:\/\/beuhparadis.com\/de\/wp-json\/wp\/v2\/product_cat?post=1538"},{"taxonomy":"product_tag","embeddable":true,"href":"https:\/\/beuhparadis.com\/de\/wp-json\/wp\/v2\/product_tag?post=1538"}],"curies":[{"name":"wp","href":"https:\/\/api.w.org\/{rel}","templated":true}]}}