{"id":1527,"date":"2024-12-10T23:41:09","date_gmt":"2024-12-10T23:41:09","guid":{"rendered":"https:\/\/beuhparadis.com\/?post_type=product&#038;p=1527"},"modified":"2025-01-28T11:13:50","modified_gmt":"2025-01-28T11:13:50","slug":"bonbons-gelifies-cbdthc-daily-delight","status":"publish","type":"product","link":"https:\/\/beuhparadis.com\/de\/product\/bonbons-gelifies-cbdthc-daily-delight\/","title":{"rendered":"CBD+THC Gummib\u00e4rchen Daily Delight"},"content":{"rendered":"<h1 class=\"wp-block-heading\">Daily Delight Gelatinebonbons kaufen<\/h1>\n<p>Daily Delight-Gelatinebonbons sind die perfekte Verschmelzung von sofortigem Genuss und der Einhaltung h\u00f6chster Qualit\u00e4tsstandards. Mit einer optimalen Dosis THC f\u00fcr sofortige Befriedigung versprechen diese Gelatinebonbons, jeden Moment zu einem au\u00dfergew\u00f6hnlichen Erlebnis zu machen. Sie sind durch Tests von Drittanbietern zertifiziert und gew\u00e4hrleisten die vollst\u00e4ndige Einhaltung der gesetzlichen Anforderungen und eine un\u00fcbertroffene Reinheit.<\/p>\n<p><strong>Wichtige Informationen<\/strong><\/p>\n<ul class=\"wp-block-list\">\n<li><strong>Zertifizierung<\/strong>: Von Dritten getestet, um Genauigkeit und Gesetzeskonformit\u00e4t zu gew\u00e4hrleisten.<\/li>\n<li><strong>THC<\/strong>: Werte unterhalb des gesetzlichen Grenzwerts von 0,3% (Gewicht)<\/li>\n<li><strong>Prop 65-Warnung<\/strong>Enth\u00e4lt THC, das von Kalifornien als fortpflanzungsgef\u00e4hrdend anerkannt ist.<\/li>\n<li><strong>Verwendung<\/strong>Kann zu Schl\u00e4frigkeit f\u00fchren, nach dem Konsum nicht Auto fahren oder schwere Maschinen bedienen.<\/li>\n<\/ul>\n<h2 class=\"wp-block-heading\">THC und CBD<\/h2>\n<ul class=\"wp-block-list\">\n<li><strong>THC<\/strong>: 5 mg pro Kaugummi f\u00fcr einen sofortigen Genusseffekt<\/li>\n<li><strong>CBD<\/strong>: Vernachl\u00e4ssigbare Konzentrationen, Fokus auf die Wirkung von THC<\/li>\n<\/ul>\n<h2 class=\"wp-block-heading\">Wie man sie benutzt<\/h2>\n<p>Ein Kaugummi bietet eine Dosis maximaler THC-St\u00e4rke f\u00fcr sofortige Befriedigung und erm\u00f6glicht eine volle und bewusste Wertsch\u00e4tzung des Augenblicks.<\/p>\n<h2 class=\"wp-block-heading\">Wo kann man Daily Delight Gelatinebonbons online kaufen?<\/h2>\n<p>Erh\u00e4ltlich bei Acheterducannabis, Ihrer zuverl\u00e4ssigen Quelle f\u00fcr legale und qualitativ hochwertige Cannabisprodukte.<\/p>\n<h2 class=\"wp-block-heading\">Effekte, Aromen und Geschmack<\/h2>\n<h3 class=\"wp-block-heading\">Wirkung<\/h3>\n<ul class=\"wp-block-list\">\n<li>Unmittelbares Vergn\u00fcgen und Steigerung der Pr\u00e4senz und des Genusses der Umwelt<\/li>\n<\/ul>\n<h3 class=\"wp-block-heading\">Aroma<\/h3>\n<ul class=\"wp-block-list\">\n<li>Subtile Noten, die das Erlebnis erg\u00e4nzen, ohne es zu dominieren<\/li>\n<\/ul>\n<h3 class=\"wp-block-heading\">Geschmack<\/h3>\n<ul class=\"wp-block-list\">\n<li>Ein k\u00f6stlicher Geschmack, der jeden Kaugummi unwiderstehlich macht<\/li>\n<\/ul>\n<h2 class=\"wp-block-heading\">Medizinische Effekte<\/h2>\n<h3 class=\"wp-block-heading\">Medizinische Effekte<\/h3>\n<ul class=\"wp-block-list\">\n<li>Entspannung und Wohlbefinden<\/li>\n<li>Verbesserung der Stimmung<\/li>\n<\/ul>\n<h3 class=\"wp-block-heading\">Kann Linderung verschaffen<\/h3>\n<ul class=\"wp-block-list\">\n<li>Stress<\/li>\n<li>Angst<\/li>\n<li>Stimmungsst\u00f6rungen<\/li>\n<\/ul>\n<h2 class=\"wp-block-heading\">Warum sollte man Geleebonbons bei Kaufenducannabis kaufen?<\/h2>\n<p><a href=\"https:\/\/beuhparadis.com\/de\/product\/charas-hash\/\" data-type=\"link\" data-id=\"https:\/\/acheterducannabis.fr\/\">Beuhparadies.com<\/a> verpflichtet sich, Cannabisprodukte von h\u00f6chster Qualit\u00e4t anzubieten, mit strengen Tests, um Zufriedenheit und Sicherheit zu gew\u00e4hrleisten. Mit einer diskreten und schnellen Lieferung ist Acheterducannabis die ideale Wahl f\u00fcr Ihren Bedarf an Daily Delight Gummib\u00e4rchen.<\/p>\n<h2 class=\"wp-block-heading\">Regierungsgesetze zum Verkauf von Gummib\u00e4rchen in Europa<\/h2>\n<p>In \u00dcbereinstimmung mit den europ\u00e4ischen Gesetzen halten die Geleebonbons die zul\u00e4ssigen THC-Grenzwerte ein und gew\u00e4hrleisten so einen legalen und verantwortungsvollen Konsum. Es ist ratsam, sich vor dem Kauf \u00fcber die spezifischen Vorschriften in Ihrer Region zu informieren.<\/p>\n<p>Daily Delight Gelatinebonbons sind die ideale L\u00f6sung f\u00fcr alle, die einen sofortigen Genuss suchen, ohne Kompromisse bei der Qualit\u00e4t oder Legalit\u00e4t einzugehen. Bestellen Sie jetzt bei Acheterducannabis f\u00fcr ein unvergleichliches Wohlf\u00fchlerlebnis.<\/p>","protected":false},"excerpt":{"rendered":"<p><strong>Medizinische Effekte:<br \/>\n<\/strong><\/p>\n<ul class=\"wp-block-list\">\n<li>Entspannung und Wohlbefinden<\/li>\n<li>Verbesserung der Stimmung<\/li>\n<\/ul>\n<p><strong>\u00a0<\/strong><\/p>","protected":false},"featured_media":1555,"comment_status":"closed","ping_status":"closed","template":"","meta":{"site-sidebar-layout":"default","site-content-layout":"","ast-site-content-layout":"default","site-content-style":"default","site-sidebar-style":"default","ast-global-header-display":"","ast-banner-title-visibility":"","ast-main-header-display":"","ast-hfb-above-header-display":"","ast-hfb-below-header-display":"","ast-hfb-mobile-header-display":"","site-post-title":"","ast-breadcrumbs-content":"","ast-featured-img":"","footer-sml-layout":"","theme-transparent-header-meta":"default","adv-header-id-meta":"","stick-header-meta":"","header-above-stick-meta":"","header-main-stick-meta":"","header-below-stick-meta":"","astra-migrate-meta-layouts":"set","ast-page-background-enabled":"default","ast-page-background-meta":{"desktop":{"background-color":"","background-image":"","background-repeat":"repeat","background-position":"center center","background-size":"auto","background-attachment":"scroll","background-type":"","background-media":"","overlay-type":"","overlay-color":"","overlay-opacity":"","overlay-gradient":""},"tablet":{"background-color":"","background-image":"","background-repeat":"repeat","background-position":"center center","background-size":"auto","background-attachment":"scroll","background-type":"","background-media":"","overlay-type":"","overlay-color":"","overlay-opacity":"","overlay-gradient":""},"mobile":{"background-color":"","background-image":"","background-repeat":"repeat","background-position":"center center","background-size":"auto","background-attachment":"scroll","background-type":"","background-media":"","overlay-type":"","overlay-color":"","overlay-opacity":"","overlay-gradient":""}},"ast-content-background-meta":{"desktop":{"background-color":"var(--ast-global-color-5)","background-image":"","background-repeat":"repeat","background-position":"center center","background-size":"auto","background-attachment":"scroll","background-type":"","background-media":"","overlay-type":"","overlay-color":"","overlay-opacity":"","overlay-gradient":""},"tablet":{"background-color":"var(--ast-global-color-5)","background-image":"","background-repeat":"repeat","background-position":"center center","background-size":"auto","background-attachment":"scroll","background-type":"","background-media":"","overlay-type":"","overlay-color":"","overlay-opacity":"","overlay-gradient":""},"mobile":{"background-color":"var(--ast-global-color-5)","background-image":"","background-repeat":"repeat","background-position":"center center","background-size":"auto","background-attachment":"scroll","background-type":"","background-media":"","overlay-type":"","overlay-color":"","overlay-opacity":"","overlay-gradient":""}},"_joinchat":[]},"product_brand":[],"product_cat":[38],"product_tag":[],"class_list":{"0":"post-1527","1":"product","2":"type-product","3":"status-publish","4":"has-post-thumbnail","6":"product_cat-bonbons-thc","7":"desktop-align-left","8":"tablet-align-left","9":"mobile-align-left","11":"first","12":"instock","13":"shipping-taxable","14":"purchasable","15":"product-type-variable"},"yoast_head":"<!-- This site is optimized with the Yoast SEO Premium plugin v24.1 (Yoast SEO v26.8) - https:\/\/yoast.com\/product\/yoast-seo-premium-wordpress\/ -->\n<title>Acheter Bonbons G\u00e9lifi\u00e9s Daily Delight | Douceurs Relaxantes<\/title>\n<meta name=\"description\" content=\"D\u00e9couvrez les bonbons g\u00e9lifi\u00e9s Daily Delight, des douceurs relaxantes et savoureuses. Achetez en ligne avec livraison discr\u00e8te et rapide.\" \/>\n<meta name=\"robots\" content=\"index, follow, max-snippet:-1, max-image-preview:large, max-video-preview:-1\" \/>\n<link rel=\"canonical\" href=\"https:\/\/beuhparadis.com\/de\/product\/bonbons-gelifies-cbdthc-daily-delight\/\" \/>\n<meta property=\"og:locale\" content=\"de_DE\" \/>\n<meta property=\"og:type\" content=\"article\" \/>\n<meta property=\"og:title\" content=\"Bonbons g\u00e9lifi\u00e9s CBD+THC Daily Delight\" \/>\n<meta property=\"og:description\" content=\"D\u00e9couvrez les bonbons g\u00e9lifi\u00e9s Daily Delight, des douceurs relaxantes et savoureuses. Achetez en ligne avec livraison discr\u00e8te et rapide.\" \/>\n<meta property=\"og:url\" content=\"https:\/\/beuhparadis.com\/de\/product\/bonbons-gelifies-cbdthc-daily-delight\/\" \/>\n<meta property=\"og:site_name\" content=\"Beuh Paradis\" \/>\n<meta property=\"article:modified_time\" content=\"2025-01-28T11:13:50+00:00\" \/>\n<meta property=\"og:image\" content=\"https:\/\/beuhparadis.com\/wp-content\/uploads\/2024\/12\/Bonbons-gelifies-CBDTHC-Daily-Delight.webp\" \/>\n\t<meta property=\"og:image:width\" content=\"900\" \/>\n\t<meta property=\"og:image:height\" content=\"900\" \/>\n\t<meta property=\"og:image:type\" content=\"image\/webp\" \/>\n<meta name=\"twitter:card\" content=\"summary_large_image\" \/>\n<meta name=\"twitter:label1\" content=\"Gesch\u00e4tzte Lesezeit\" \/>\n\t<meta name=\"twitter:data1\" content=\"2 minutes\" \/>\n<script type=\"application\/ld+json\" class=\"yoast-schema-graph\">{\"@context\":\"https:\/\/schema.org\",\"@graph\":[{\"@type\":\"WebPage\",\"@id\":\"https:\/\/beuhparadis.com\/product\/bonbons-gelifies-cbdthc-daily-delight\/\",\"url\":\"https:\/\/beuhparadis.com\/product\/bonbons-gelifies-cbdthc-daily-delight\/\",\"name\":\"Acheter Bonbons G\u00e9lifi\u00e9s Daily Delight | Douceurs Relaxantes\",\"isPartOf\":{\"@id\":\"https:\/\/beuhparadis.com\/#website\"},\"primaryImageOfPage\":{\"@id\":\"https:\/\/beuhparadis.com\/product\/bonbons-gelifies-cbdthc-daily-delight\/#primaryimage\"},\"image\":{\"@id\":\"https:\/\/beuhparadis.com\/product\/bonbons-gelifies-cbdthc-daily-delight\/#primaryimage\"},\"thumbnailUrl\":\"https:\/\/beuhparadis.com\/wp-content\/uploads\/2024\/12\/Bonbons-gelifies-CBDTHC-Daily-Delight.webp\",\"datePublished\":\"2024-12-10T23:41:09+00:00\",\"dateModified\":\"2025-01-28T11:13:50+00:00\",\"description\":\"D\u00e9couvrez les bonbons g\u00e9lifi\u00e9s Daily Delight, des douceurs relaxantes et savoureuses. Achetez en ligne avec livraison discr\u00e8te et rapide.\",\"breadcrumb\":{\"@id\":\"https:\/\/beuhparadis.com\/product\/bonbons-gelifies-cbdthc-daily-delight\/#breadcrumb\"},\"inLanguage\":\"de-DE-formal\",\"potentialAction\":[{\"@type\":\"ReadAction\",\"target\":[\"https:\/\/beuhparadis.com\/product\/bonbons-gelifies-cbdthc-daily-delight\/\"]}]},{\"@type\":\"ImageObject\",\"inLanguage\":\"de-DE-formal\",\"@id\":\"https:\/\/beuhparadis.com\/product\/bonbons-gelifies-cbdthc-daily-delight\/#primaryimage\",\"url\":\"https:\/\/beuhparadis.com\/wp-content\/uploads\/2024\/12\/Bonbons-gelifies-CBDTHC-Daily-Delight.webp\",\"contentUrl\":\"https:\/\/beuhparadis.com\/wp-content\/uploads\/2024\/12\/Bonbons-gelifies-CBDTHC-Daily-Delight.webp\",\"width\":900,\"height\":900},{\"@type\":\"BreadcrumbList\",\"@id\":\"https:\/\/beuhparadis.com\/product\/bonbons-gelifies-cbdthc-daily-delight\/#breadcrumb\",\"itemListElement\":[{\"@type\":\"ListItem\",\"position\":1,\"name\":\"Home\",\"item\":\"https:\/\/beuhparadis.com\/\"},{\"@type\":\"ListItem\",\"position\":2,\"name\":\"Shop\",\"item\":\"https:\/\/beuhparadis.com\/shop\/\"},{\"@type\":\"ListItem\",\"position\":3,\"name\":\"Bonbons g\u00e9lifi\u00e9s CBD+THC Daily Delight\"}]},{\"@type\":\"WebSite\",\"@id\":\"https:\/\/beuhparadis.com\/#website\",\"url\":\"https:\/\/beuhparadis.com\/\",\"name\":\"Beuh Paradis\",\"description\":\"\",\"potentialAction\":[{\"@type\":\"SearchAction\",\"target\":{\"@type\":\"EntryPoint\",\"urlTemplate\":\"https:\/\/beuhparadis.com\/?s={search_term_string}\"},\"query-input\":{\"@type\":\"PropertyValueSpecification\",\"valueRequired\":true,\"valueName\":\"search_term_string\"}}],\"inLanguage\":\"de-DE-formal\"}]}<\/script>\n<!-- \/ Yoast SEO Premium plugin. -->","yoast_head_json":{"title":"Daily Delight Gel\u00e9e Bonbons kaufen | Relaxing Sweets","description":"Entdecken Sie die Daily Delight Gummibonbons, entspannende und wohlschmeckende S\u00fc\u00dfigkeiten. Kaufen Sie online mit diskreter und schneller Lieferung.","robots":{"index":"index","follow":"follow","max-snippet":"max-snippet:-1","max-image-preview":"max-image-preview:large","max-video-preview":"max-video-preview:-1"},"canonical":"https:\/\/beuhparadis.com\/de\/product\/bonbons-gelifies-cbdthc-daily-delight\/","og_locale":"de_DE","og_type":"article","og_title":"Bonbons g\u00e9lifi\u00e9s CBD+THC Daily Delight","og_description":"D\u00e9couvrez les bonbons g\u00e9lifi\u00e9s Daily Delight, des douceurs relaxantes et savoureuses. Achetez en ligne avec livraison discr\u00e8te et rapide.","og_url":"https:\/\/beuhparadis.com\/de\/product\/bonbons-gelifies-cbdthc-daily-delight\/","og_site_name":"Beuh Paradis","article_modified_time":"2025-01-28T11:13:50+00:00","og_image":[{"width":900,"height":900,"url":"https:\/\/beuhparadis.com\/wp-content\/uploads\/2024\/12\/Bonbons-gelifies-CBDTHC-Daily-Delight.webp","type":"image\/webp"}],"twitter_card":"summary_large_image","twitter_misc":{"Gesch\u00e4tzte Lesezeit":"2 minutes"},"schema":{"@context":"https:\/\/schema.org","@graph":[{"@type":"WebPage","@id":"https:\/\/beuhparadis.com\/product\/bonbons-gelifies-cbdthc-daily-delight\/","url":"https:\/\/beuhparadis.com\/product\/bonbons-gelifies-cbdthc-daily-delight\/","name":"Daily Delight Gel\u00e9e Bonbons kaufen | Relaxing Sweets","isPartOf":{"@id":"https:\/\/beuhparadis.com\/#website"},"primaryImageOfPage":{"@id":"https:\/\/beuhparadis.com\/product\/bonbons-gelifies-cbdthc-daily-delight\/#primaryimage"},"image":{"@id":"https:\/\/beuhparadis.com\/product\/bonbons-gelifies-cbdthc-daily-delight\/#primaryimage"},"thumbnailUrl":"https:\/\/beuhparadis.com\/wp-content\/uploads\/2024\/12\/Bonbons-gelifies-CBDTHC-Daily-Delight.webp","datePublished":"2024-12-10T23:41:09+00:00","dateModified":"2025-01-28T11:13:50+00:00","description":"Entdecken Sie die Daily Delight Gummibonbons, entspannende und wohlschmeckende S\u00fc\u00dfigkeiten. Kaufen Sie online mit diskreter und schneller Lieferung.","breadcrumb":{"@id":"https:\/\/beuhparadis.com\/product\/bonbons-gelifies-cbdthc-daily-delight\/#breadcrumb"},"inLanguage":"de-DE-formal","potentialAction":[{"@type":"ReadAction","target":["https:\/\/beuhparadis.com\/product\/bonbons-gelifies-cbdthc-daily-delight\/"]}]},{"@type":"ImageObject","inLanguage":"de-DE-formal","@id":"https:\/\/beuhparadis.com\/product\/bonbons-gelifies-cbdthc-daily-delight\/#primaryimage","url":"https:\/\/beuhparadis.com\/wp-content\/uploads\/2024\/12\/Bonbons-gelifies-CBDTHC-Daily-Delight.webp","contentUrl":"https:\/\/beuhparadis.com\/wp-content\/uploads\/2024\/12\/Bonbons-gelifies-CBDTHC-Daily-Delight.webp","width":900,"height":900},{"@type":"BreadcrumbList","@id":"https:\/\/beuhparadis.com\/product\/bonbons-gelifies-cbdthc-daily-delight\/#breadcrumb","itemListElement":[{"@type":"ListItem","position":1,"name":"Home","item":"https:\/\/beuhparadis.com\/"},{"@type":"ListItem","position":2,"name":"Shop","item":"https:\/\/beuhparadis.com\/shop\/"},{"@type":"ListItem","position":3,"name":"Bonbons g\u00e9lifi\u00e9s CBD+THC Daily Delight"}]},{"@type":"WebSite","@id":"https:\/\/beuhparadis.com\/#website","url":"https:\/\/beuhparadis.com\/","name":"Gras Paradies","description":"","potentialAction":[{"@type":"SearchAction","target":{"@type":"EntryPoint","urlTemplate":"https:\/\/beuhparadis.com\/?s={search_term_string}"},"query-input":{"@type":"PropertyValueSpecification","valueRequired":true,"valueName":"search_term_string"}}],"inLanguage":"de-DE-formal"}]}},"_links":{"self":[{"href":"https:\/\/beuhparadis.com\/de\/wp-json\/wp\/v2\/product\/1527","targetHints":{"allow":["GET"]}}],"collection":[{"href":"https:\/\/beuhparadis.com\/de\/wp-json\/wp\/v2\/product"}],"about":[{"href":"https:\/\/beuhparadis.com\/de\/wp-json\/wp\/v2\/types\/product"}],"replies":[{"embeddable":true,"href":"https:\/\/beuhparadis.com\/de\/wp-json\/wp\/v2\/comments?post=1527"}],"wp:featuredmedia":[{"embeddable":true,"href":"https:\/\/beuhparadis.com\/de\/wp-json\/wp\/v2\/media\/1555"}],"wp:attachment":[{"href":"https:\/\/beuhparadis.com\/de\/wp-json\/wp\/v2\/media?parent=1527"}],"wp:term":[{"taxonomy":"product_brand","embeddable":true,"href":"https:\/\/beuhparadis.com\/de\/wp-json\/wp\/v2\/product_brand?post=1527"},{"taxonomy":"product_cat","embeddable":true,"href":"https:\/\/beuhparadis.com\/de\/wp-json\/wp\/v2\/product_cat?post=1527"},{"taxonomy":"product_tag","embeddable":true,"href":"https:\/\/beuhparadis.com\/de\/wp-json\/wp\/v2\/product_tag?post=1527"}],"curies":[{"name":"wp","href":"https:\/\/api.w.org\/{rel}","templated":true}]}}