{"id":1522,"date":"2024-12-10T23:41:09","date_gmt":"2024-12-10T23:41:09","guid":{"rendered":"https:\/\/beuhparadis.com\/?post_type=product&#038;p=1522"},"modified":"2025-01-28T11:08:57","modified_gmt":"2025-01-28T11:08:57","slug":"cherry-bomb","status":"publish","type":"product","link":"https:\/\/beuhparadis.com\/de\/product\/cherry-bomb\/","title":{"rendered":"Cherry Bomb"},"content":{"rendered":"<h1 class=\"wp-block-heading\">Cherry Bomb THC-Bonbons kaufen<\/h1>\n<p>Kaufen Sie Cherry Bomb THC-Bonbons, eine schmackhafte und innovative Art, die Vorteile von Cannabis zu genie\u00dfen. Mit einer genauen THC-Konzentration und einem unwiderstehlichen Kirschgeschmack sind diese Bonbons perfekt f\u00fcr alle, die nach einem Erlebnis suchen, das sowohl gierig als auch euphorisch macht.<\/p>\n<h2 class=\"wp-block-heading\">Wichtige Informationen<\/h2>\n<ul class=\"wp-block-list\">\n<li><strong>Typ<\/strong>: Sativa<\/li>\n<li><strong>THC<\/strong>: 80 mg pro Kaugummi<\/li>\n<li><strong>Dosierung<\/strong>: Leicht teilbar in 8 Dosen zu 10 mg<\/li>\n<li><strong>Produktion<\/strong>: Hergestellt mit einem Extrakt aus Sativa-Cannabis<\/li>\n<li><strong>Warnung<\/strong>: Enth\u00e4lt hochwertiges Cannabis, f\u00fcr Kinder und Tiere unzug\u00e4nglich aufbewahren.<\/li>\n<\/ul>\n<h2 class=\"wp-block-heading\">THC und CBD<\/h2>\n<ul class=\"wp-block-list\">\n<li><strong>THC<\/strong>: 80 mg pro Kaugummi<\/li>\n<li><strong>CBD<\/strong>: Vernachl\u00e4ssigbare Spuren, Fokus auf die Wirkung von THC<\/li>\n<\/ul>\n<h2 class=\"wp-block-heading\">Wie man es benutzt<\/h2>\n<p>Beginnen Sie mit einem Viertel bis einer halben Dosis (10 mg) und warten Sie 60 Minuten, um die volle Wirkung zu sp\u00fcren, bevor Sie eine weitere Dosis in Betracht ziehen. Die Einnahme mit Nahrung kann das Erlebnis verbessern.<\/p>\n<h2 class=\"wp-block-heading\">Wo kann man Cherry Bomb THC Bonbons online kaufen?<\/h2>\n<p>Exklusiv erh\u00e4ltlich bei <a href=\"https:\/\/beuhparadis.com\/de\/product\/charas-hash\/\">Beuhparadies<\/a>Ihr vertrauensw\u00fcrdiger Shop f\u00fcr hochwertige Cannabisprodukte.<\/p>\n<h2 class=\"wp-block-heading\">Effekte, Aromen und Geschmack<\/h2>\n<h3 class=\"wp-block-heading\">Wirkung<\/h3>\n<ul class=\"wp-block-list\">\n<li>Stimulierend und euphorisch, typisch f\u00fcr einen Sativa-Stamm<\/li>\n<\/ul>\n<h3 class=\"wp-block-heading\">Aroma<\/h3>\n<ul class=\"wp-block-list\">\n<li>Ein berauschender Kirschduft, der zum Verkosten einl\u00e4dt<\/li>\n<\/ul>\n<h3 class=\"wp-block-heading\">Geschmack<\/h3>\n<ul class=\"wp-block-list\">\n<li>Ein perfektes Gleichgewicht zwischen s\u00fc\u00df und sauer, erinnert an frische Kirschen<\/li>\n<\/ul>\n<h2 class=\"wp-block-heading\">Medizinische Effekte<\/h2>\n<h3 class=\"wp-block-heading\">Medizinische Effekte<\/h3>\n<ul class=\"wp-block-list\">\n<li>Kann helfen, die Stimmung zu verbessern und die Energie zu steigern<\/li>\n<\/ul>\n<h3 class=\"wp-block-heading\">Kann Linderung verschaffen<\/h3>\n<ul class=\"wp-block-list\">\n<li>Stress und Angst<\/li>\n<li>M\u00fcdigkeit<\/li>\n<li>Mangel an Appetit<\/li>\n<\/ul>\n<h2 class=\"wp-block-heading\">Warum Cherry Bomb THC Bonbons kaufen bei Acheterducannabis?<\/h2>\n<p>Acheterducannabis zeichnet sich durch sein Engagement f\u00fcr Qualit\u00e4t und Kundenzufriedenheit aus und bietet zuverl\u00e4ssige und getestete Produkte f\u00fcr eine sichere und angenehme Erfahrung.<\/p>\n<h2 class=\"wp-block-heading\">Regierungsgesetze \u00fcber den Verkauf von Gummib\u00e4rchen in Europa<\/h2>\n<p>Cherry Bomb THC-Bonbons entsprechen den geltenden europ\u00e4ischen Vorschriften und sind in Gebieten erh\u00e4ltlich, in denen der Konsum von Cannabis zu medizinischen Zwecken legal ist. Es wird empfohlen, vor dem Kauf die \u00f6rtlichen Gesetze zu \u00fcberpr\u00fcfen.<\/p>\n<p>Diese Cherry Bomb THC-Bonbons stellen die perfekte Verbindung von Genuss und St\u00e4rke dar und bieten ein einzigartiges Erlebnis f\u00fcr Cannabisliebhaber. Acheterducannabis ist Ihre erste Wahl f\u00fcr sichere und qualitativ hochwertige Cannabisprodukte.<\/p>","protected":false},"excerpt":{"rendered":"<p><strong>Medizinische Effekte:<\/strong><\/p>\n<p>Kann helfen, die Stimmung zu verbessern und die Energie zu steigern<\/p>","protected":false},"featured_media":1554,"comment_status":"closed","ping_status":"closed","template":"","meta":{"site-sidebar-layout":"default","site-content-layout":"","ast-site-content-layout":"default","site-content-style":"default","site-sidebar-style":"default","ast-global-header-display":"","ast-banner-title-visibility":"","ast-main-header-display":"","ast-hfb-above-header-display":"","ast-hfb-below-header-display":"","ast-hfb-mobile-header-display":"","site-post-title":"","ast-breadcrumbs-content":"","ast-featured-img":"","footer-sml-layout":"","theme-transparent-header-meta":"default","adv-header-id-meta":"","stick-header-meta":"","header-above-stick-meta":"","header-main-stick-meta":"","header-below-stick-meta":"","astra-migrate-meta-layouts":"set","ast-page-background-enabled":"default","ast-page-background-meta":{"desktop":{"background-color":"","background-image":"","background-repeat":"repeat","background-position":"center center","background-size":"auto","background-attachment":"scroll","background-type":"","background-media":"","overlay-type":"","overlay-color":"","overlay-opacity":"","overlay-gradient":""},"tablet":{"background-color":"","background-image":"","background-repeat":"repeat","background-position":"center center","background-size":"auto","background-attachment":"scroll","background-type":"","background-media":"","overlay-type":"","overlay-color":"","overlay-opacity":"","overlay-gradient":""},"mobile":{"background-color":"","background-image":"","background-repeat":"repeat","background-position":"center center","background-size":"auto","background-attachment":"scroll","background-type":"","background-media":"","overlay-type":"","overlay-color":"","overlay-opacity":"","overlay-gradient":""}},"ast-content-background-meta":{"desktop":{"background-color":"var(--ast-global-color-5)","background-image":"","background-repeat":"repeat","background-position":"center center","background-size":"auto","background-attachment":"scroll","background-type":"","background-media":"","overlay-type":"","overlay-color":"","overlay-opacity":"","overlay-gradient":""},"tablet":{"background-color":"var(--ast-global-color-5)","background-image":"","background-repeat":"repeat","background-position":"center center","background-size":"auto","background-attachment":"scroll","background-type":"","background-media":"","overlay-type":"","overlay-color":"","overlay-opacity":"","overlay-gradient":""},"mobile":{"background-color":"var(--ast-global-color-5)","background-image":"","background-repeat":"repeat","background-position":"center center","background-size":"auto","background-attachment":"scroll","background-type":"","background-media":"","overlay-type":"","overlay-color":"","overlay-opacity":"","overlay-gradient":""}},"_joinchat":[]},"product_brand":[],"product_cat":[38],"product_tag":[],"class_list":{"0":"post-1522","1":"product","2":"type-product","3":"status-publish","4":"has-post-thumbnail","6":"product_cat-bonbons-thc","7":"desktop-align-left","8":"tablet-align-left","9":"mobile-align-left","11":"first","12":"instock","13":"shipping-taxable","14":"purchasable","15":"product-type-variable"},"yoast_head":"<!-- This site is optimized with the Yoast SEO Premium plugin v24.1 (Yoast SEO v26.8) - https:\/\/yoast.com\/product\/yoast-seo-premium-wordpress\/ -->\n<title>Acheter Cherry Bomb Bonbons \u2013 Saveurs Explosives<\/title>\n<meta name=\"description\" content=\"Acheter des Cherry Bomb Bonbons sur Beuh Paradis. Une explosion de saveurs de cerise et des effets relaxants garantis. Livraison rapide et discr\u00e8te\" \/>\n<meta name=\"robots\" content=\"index, follow, max-snippet:-1, max-image-preview:large, max-video-preview:-1\" \/>\n<link rel=\"canonical\" href=\"https:\/\/beuhparadis.com\/de\/product\/cherry-bomb\/\" \/>\n<meta property=\"og:locale\" content=\"de_DE\" \/>\n<meta property=\"og:type\" content=\"article\" \/>\n<meta property=\"og:title\" content=\"Cherry Bomb\" \/>\n<meta property=\"og:description\" content=\"Acheter des Cherry Bomb Bonbons sur Beuh Paradis. Une explosion de saveurs de cerise et des effets relaxants garantis. Livraison rapide et discr\u00e8te\" \/>\n<meta property=\"og:url\" content=\"https:\/\/beuhparadis.com\/de\/product\/cherry-bomb\/\" \/>\n<meta property=\"og:site_name\" content=\"Beuh Paradis\" \/>\n<meta property=\"article:modified_time\" content=\"2025-01-28T11:08:57+00:00\" \/>\n<meta property=\"og:image\" content=\"https:\/\/beuhparadis.com\/wp-content\/uploads\/2024\/12\/Cherry-Kush.webp\" \/>\n\t<meta property=\"og:image:width\" content=\"1000\" \/>\n\t<meta property=\"og:image:height\" content=\"1000\" \/>\n\t<meta property=\"og:image:type\" content=\"image\/webp\" \/>\n<meta name=\"twitter:card\" content=\"summary_large_image\" \/>\n<meta name=\"twitter:label1\" content=\"Gesch\u00e4tzte Lesezeit\" \/>\n\t<meta name=\"twitter:data1\" content=\"2 minutes\" \/>\n<script type=\"application\/ld+json\" class=\"yoast-schema-graph\">{\"@context\":\"https:\/\/schema.org\",\"@graph\":[{\"@type\":\"WebPage\",\"@id\":\"https:\/\/beuhparadis.com\/product\/cherry-bomb\/\",\"url\":\"https:\/\/beuhparadis.com\/product\/cherry-bomb\/\",\"name\":\"Acheter Cherry Bomb Bonbons \u2013 Saveurs Explosives\",\"isPartOf\":{\"@id\":\"https:\/\/beuhparadis.com\/#website\"},\"primaryImageOfPage\":{\"@id\":\"https:\/\/beuhparadis.com\/product\/cherry-bomb\/#primaryimage\"},\"image\":{\"@id\":\"https:\/\/beuhparadis.com\/product\/cherry-bomb\/#primaryimage\"},\"thumbnailUrl\":\"https:\/\/beuhparadis.com\/wp-content\/uploads\/2024\/12\/Cherry-Kush.webp\",\"datePublished\":\"2024-12-10T23:41:09+00:00\",\"dateModified\":\"2025-01-28T11:08:57+00:00\",\"description\":\"Acheter des Cherry Bomb Bonbons sur Beuh Paradis. Une explosion de saveurs de cerise et des effets relaxants garantis. Livraison rapide et discr\u00e8te\",\"breadcrumb\":{\"@id\":\"https:\/\/beuhparadis.com\/product\/cherry-bomb\/#breadcrumb\"},\"inLanguage\":\"de-DE-formal\",\"potentialAction\":[{\"@type\":\"ReadAction\",\"target\":[\"https:\/\/beuhparadis.com\/product\/cherry-bomb\/\"]}]},{\"@type\":\"ImageObject\",\"inLanguage\":\"de-DE-formal\",\"@id\":\"https:\/\/beuhparadis.com\/product\/cherry-bomb\/#primaryimage\",\"url\":\"https:\/\/beuhparadis.com\/wp-content\/uploads\/2024\/12\/Cherry-Kush.webp\",\"contentUrl\":\"https:\/\/beuhparadis.com\/wp-content\/uploads\/2024\/12\/Cherry-Kush.webp\",\"width\":1000,\"height\":1000},{\"@type\":\"BreadcrumbList\",\"@id\":\"https:\/\/beuhparadis.com\/product\/cherry-bomb\/#breadcrumb\",\"itemListElement\":[{\"@type\":\"ListItem\",\"position\":1,\"name\":\"Home\",\"item\":\"https:\/\/beuhparadis.com\/\"},{\"@type\":\"ListItem\",\"position\":2,\"name\":\"Shop\",\"item\":\"https:\/\/beuhparadis.com\/shop\/\"},{\"@type\":\"ListItem\",\"position\":3,\"name\":\"Cherry Bomb\"}]},{\"@type\":\"WebSite\",\"@id\":\"https:\/\/beuhparadis.com\/#website\",\"url\":\"https:\/\/beuhparadis.com\/\",\"name\":\"Beuh Paradis\",\"description\":\"\",\"potentialAction\":[{\"@type\":\"SearchAction\",\"target\":{\"@type\":\"EntryPoint\",\"urlTemplate\":\"https:\/\/beuhparadis.com\/?s={search_term_string}\"},\"query-input\":{\"@type\":\"PropertyValueSpecification\",\"valueRequired\":true,\"valueName\":\"search_term_string\"}}],\"inLanguage\":\"de-DE-formal\"}]}<\/script>\n<!-- \/ Yoast SEO Premium plugin. -->","yoast_head_json":{"title":"Cherry Bomb Bonbons kaufen - Explosive Geschmacksrichtungen","description":"Kaufen Sie Cherry Bomb Bonbons auf Beuh Paradis. Eine Explosion von Kirschgeschmack und garantierte entspannende Wirkung. Schnelle und diskrete Lieferung","robots":{"index":"index","follow":"follow","max-snippet":"max-snippet:-1","max-image-preview":"max-image-preview:large","max-video-preview":"max-video-preview:-1"},"canonical":"https:\/\/beuhparadis.com\/de\/product\/cherry-bomb\/","og_locale":"de_DE","og_type":"article","og_title":"Cherry Bomb","og_description":"Acheter des Cherry Bomb Bonbons sur Beuh Paradis. Une explosion de saveurs de cerise et des effets relaxants garantis. Livraison rapide et discr\u00e8te","og_url":"https:\/\/beuhparadis.com\/de\/product\/cherry-bomb\/","og_site_name":"Beuh Paradis","article_modified_time":"2025-01-28T11:08:57+00:00","og_image":[{"width":1000,"height":1000,"url":"https:\/\/beuhparadis.com\/wp-content\/uploads\/2024\/12\/Cherry-Kush.webp","type":"image\/webp"}],"twitter_card":"summary_large_image","twitter_misc":{"Gesch\u00e4tzte Lesezeit":"2 minutes"},"schema":{"@context":"https:\/\/schema.org","@graph":[{"@type":"WebPage","@id":"https:\/\/beuhparadis.com\/product\/cherry-bomb\/","url":"https:\/\/beuhparadis.com\/product\/cherry-bomb\/","name":"Cherry Bomb Bonbons kaufen - Explosive Geschmacksrichtungen","isPartOf":{"@id":"https:\/\/beuhparadis.com\/#website"},"primaryImageOfPage":{"@id":"https:\/\/beuhparadis.com\/product\/cherry-bomb\/#primaryimage"},"image":{"@id":"https:\/\/beuhparadis.com\/product\/cherry-bomb\/#primaryimage"},"thumbnailUrl":"https:\/\/beuhparadis.com\/wp-content\/uploads\/2024\/12\/Cherry-Kush.webp","datePublished":"2024-12-10T23:41:09+00:00","dateModified":"2025-01-28T11:08:57+00:00","description":"Kaufen Sie Cherry Bomb Bonbons auf Beuh Paradis. Eine Explosion von Kirschgeschmack und garantierte entspannende Wirkung. Schnelle und diskrete Lieferung","breadcrumb":{"@id":"https:\/\/beuhparadis.com\/product\/cherry-bomb\/#breadcrumb"},"inLanguage":"de-DE-formal","potentialAction":[{"@type":"ReadAction","target":["https:\/\/beuhparadis.com\/product\/cherry-bomb\/"]}]},{"@type":"ImageObject","inLanguage":"de-DE-formal","@id":"https:\/\/beuhparadis.com\/product\/cherry-bomb\/#primaryimage","url":"https:\/\/beuhparadis.com\/wp-content\/uploads\/2024\/12\/Cherry-Kush.webp","contentUrl":"https:\/\/beuhparadis.com\/wp-content\/uploads\/2024\/12\/Cherry-Kush.webp","width":1000,"height":1000},{"@type":"BreadcrumbList","@id":"https:\/\/beuhparadis.com\/product\/cherry-bomb\/#breadcrumb","itemListElement":[{"@type":"ListItem","position":1,"name":"Home","item":"https:\/\/beuhparadis.com\/"},{"@type":"ListItem","position":2,"name":"Shop","item":"https:\/\/beuhparadis.com\/shop\/"},{"@type":"ListItem","position":3,"name":"Cherry Bomb"}]},{"@type":"WebSite","@id":"https:\/\/beuhparadis.com\/#website","url":"https:\/\/beuhparadis.com\/","name":"Gras Paradies","description":"","potentialAction":[{"@type":"SearchAction","target":{"@type":"EntryPoint","urlTemplate":"https:\/\/beuhparadis.com\/?s={search_term_string}"},"query-input":{"@type":"PropertyValueSpecification","valueRequired":true,"valueName":"search_term_string"}}],"inLanguage":"de-DE-formal"}]}},"_links":{"self":[{"href":"https:\/\/beuhparadis.com\/de\/wp-json\/wp\/v2\/product\/1522","targetHints":{"allow":["GET"]}}],"collection":[{"href":"https:\/\/beuhparadis.com\/de\/wp-json\/wp\/v2\/product"}],"about":[{"href":"https:\/\/beuhparadis.com\/de\/wp-json\/wp\/v2\/types\/product"}],"replies":[{"embeddable":true,"href":"https:\/\/beuhparadis.com\/de\/wp-json\/wp\/v2\/comments?post=1522"}],"wp:featuredmedia":[{"embeddable":true,"href":"https:\/\/beuhparadis.com\/de\/wp-json\/wp\/v2\/media\/1554"}],"wp:attachment":[{"href":"https:\/\/beuhparadis.com\/de\/wp-json\/wp\/v2\/media?parent=1522"}],"wp:term":[{"taxonomy":"product_brand","embeddable":true,"href":"https:\/\/beuhparadis.com\/de\/wp-json\/wp\/v2\/product_brand?post=1522"},{"taxonomy":"product_cat","embeddable":true,"href":"https:\/\/beuhparadis.com\/de\/wp-json\/wp\/v2\/product_cat?post=1522"},{"taxonomy":"product_tag","embeddable":true,"href":"https:\/\/beuhparadis.com\/de\/wp-json\/wp\/v2\/product_tag?post=1522"}],"curies":[{"name":"wp","href":"https:\/\/api.w.org\/{rel}","templated":true}]}}