{"id":1492,"date":"2024-12-10T23:41:02","date_gmt":"2024-12-10T23:41:02","guid":{"rendered":"https:\/\/beuhparadis.com\/?post_type=product&#038;p=1492"},"modified":"2025-01-28T11:37:36","modified_gmt":"2025-01-28T11:37:36","slug":"huile-de-cannabis-blackberry-kush-thc","status":"publish","type":"product","link":"https:\/\/beuhparadis.com\/de\/product\/huile-de-cannabis-blackberry-kush-thc\/","title":{"rendered":"Cannabis\u00f6l Blackberry Kush THC"},"content":{"rendered":"<h3><strong>Blackberry Kush THC Cannabis\u00f6l - Intensive Entspannung und exquisite Aromen<\/strong><\/h3>\n<h4><strong>\u00a0Entdecken Sie das Cannabis\u00f6l Blackberry Kush THC auf Beuh Paradis<\/strong><\/h4>\n<p>L'<strong>Cannabis\u00f6l Blackberry Kush THC<\/strong>, verf\u00fcgbar unter <strong><a href=\"https:\/\/beuhparadis.com\/de\" target=\"_new\" rel=\"noopener\">Gras Paradies<\/a><\/strong>ist ein au\u00dfergew\u00f6hnliches Konzentrat, das f\u00fcr seine starke entspannende Wirkung und seinen s\u00fc\u00dfen Geschmack bekannt ist. Dieses \u00d6l wird aus der ber\u00fchmten Sorte Blackberry Kush gewonnen und bietet eine einzigartige Kombination aus therapeutischen Vorteilen und Geschmackserlebnissen. Perfekt f\u00fcr alle, die nach tiefer Entspannung suchen, garantiert dieses THC-haltige \u00d6l ein angenehmes und beruhigendes Erlebnis.<\/p>\n<h4><strong>\u00a0Warum Blackberry Kush THC-\u00d6l w\u00e4hlen?<\/strong><\/h4>\n<ul>\n<li><strong>Fruchtige Aromen und hoher THC-Gehalt :<\/strong> Blackberry Kush Oil zeichnet sich durch s\u00fc\u00dfe Brombeernoten und einen hohen THC-Gehalt aus und bietet so eine vollst\u00e4ndige Entspannung.<\/li>\n<li><strong>M\u00e4chtige Effekte :<\/strong> Ideal f\u00fcr Nutzer, die Stress, Schmerzen oder Schlafst\u00f6rungen lindern m\u00f6chten.<\/li>\n<li><strong>Premium-Qualit\u00e4t :<\/strong> Hergestellt aus biologisch angebauten Blumen, ohne Pestizide oder sch\u00e4dliche L\u00f6sungsmittel.<\/li>\n<li><strong>Einfache Nutzung :<\/strong> Direkt unter der Zunge verzehren oder in Ihre Lieblingsrezepte integrieren.<\/li>\n<\/ul>\n<h4><strong>\u00a0Vorteile von Cannabis Kush-\u00d6l<\/strong><\/h4>\n<ul>\n<li><strong>Tiefenentspannung :<\/strong> L\u00e4sst k\u00f6rperliche und geistige Spannungen nach einem stressigen Tag abklingen.<\/li>\n<li><strong>Hilfe beim Einschlafen :<\/strong> F\u00f6rdert einen besseren und erholsameren Schlaf.<\/li>\n<li><strong>Schmerzlinderung :<\/strong> Besonders wirksam zur Linderung von chronischen Schmerzen oder Entz\u00fcndungen.<\/li>\n<li><strong>Angenehmer Geschmack :<\/strong> Ein fruchtiger Hauch von Brombeere sorgt f\u00fcr ein au\u00dfergew\u00f6hnliches Geschmackserlebnis.<\/li>\n<\/ul>\n<h4><strong>\u00a0Bestellen Sie Cannabis\u00f6l Blackberry Kush THC auf Beuh Paradis<\/strong><\/h4>\n<p>Auf <strong><a href=\"https:\/\/beuhparadis.com\/de\" target=\"_new\" rel=\"noopener\">Gras Paradies<\/a><\/strong>Finden Sie den<strong>Blackberry Kush THC-\u00d6l<\/strong> perfekt auf Ihre Bed\u00fcrfnisse zugeschnitten. Nutzen Sie unseren schnellen, diskreten und zuverl\u00e4ssigen Service, um dieses Premiumprodukt direkt zu Ihnen nach Hause zu holen. Entdecken Sie die Vorteile eines \u00d6ls mit hohem THC-Gehalt in Kombination mit unwiderstehlichen Aromen und steigern Sie Ihr t\u00e4gliches Wohlbefinden.<\/p>","protected":false},"excerpt":{"rendered":"<p>Huile de Cannabis Blackberry Kush THC \u2013 Relaxation Intense et Saveurs Exquises \u00a0D\u00e9couvrez l\u2019Huile de Cannabis Blackberry Kush THC sur Beuh Paradis L\u2019huile de cannabis Blackberry Kush THC, disponible sur Beuh Paradis, est un concentr\u00e9 exceptionnel connu pour ses effets relaxants puissants et ses saveurs sucr\u00e9es. Issue de la c\u00e9l\u00e8bre vari\u00e9t\u00e9 Blackberry Kush, cette huile [&hellip;]<\/p>\n","protected":false},"featured_media":1497,"comment_status":"closed","ping_status":"closed","template":"","meta":{"site-sidebar-layout":"default","site-content-layout":"","ast-site-content-layout":"default","site-content-style":"default","site-sidebar-style":"default","ast-global-header-display":"","ast-banner-title-visibility":"","ast-main-header-display":"","ast-hfb-above-header-display":"","ast-hfb-below-header-display":"","ast-hfb-mobile-header-display":"","site-post-title":"","ast-breadcrumbs-content":"","ast-featured-img":"","footer-sml-layout":"","theme-transparent-header-meta":"default","adv-header-id-meta":"","stick-header-meta":"","header-above-stick-meta":"","header-main-stick-meta":"","header-below-stick-meta":"","astra-migrate-meta-layouts":"set","ast-page-background-enabled":"default","ast-page-background-meta":{"desktop":{"background-color":"","background-image":"","background-repeat":"repeat","background-position":"center center","background-size":"auto","background-attachment":"scroll","background-type":"","background-media":"","overlay-type":"","overlay-color":"","overlay-opacity":"","overlay-gradient":""},"tablet":{"background-color":"","background-image":"","background-repeat":"repeat","background-position":"center center","background-size":"auto","background-attachment":"scroll","background-type":"","background-media":"","overlay-type":"","overlay-color":"","overlay-opacity":"","overlay-gradient":""},"mobile":{"background-color":"","background-image":"","background-repeat":"repeat","background-position":"center center","background-size":"auto","background-attachment":"scroll","background-type":"","background-media":"","overlay-type":"","overlay-color":"","overlay-opacity":"","overlay-gradient":""}},"ast-content-background-meta":{"desktop":{"background-color":"var(--ast-global-color-5)","background-image":"","background-repeat":"repeat","background-position":"center center","background-size":"auto","background-attachment":"scroll","background-type":"","background-media":"","overlay-type":"","overlay-color":"","overlay-opacity":"","overlay-gradient":""},"tablet":{"background-color":"var(--ast-global-color-5)","background-image":"","background-repeat":"repeat","background-position":"center center","background-size":"auto","background-attachment":"scroll","background-type":"","background-media":"","overlay-type":"","overlay-color":"","overlay-opacity":"","overlay-gradient":""},"mobile":{"background-color":"var(--ast-global-color-5)","background-image":"","background-repeat":"repeat","background-position":"center center","background-size":"auto","background-attachment":"scroll","background-type":"","background-media":"","overlay-type":"","overlay-color":"","overlay-opacity":"","overlay-gradient":""}},"_joinchat":[]},"product_brand":[],"product_cat":[36],"product_tag":[],"class_list":{"0":"post-1492","1":"product","2":"type-product","3":"status-publish","4":"has-post-thumbnail","6":"product_cat-huile-thc","7":"desktop-align-left","8":"tablet-align-left","9":"mobile-align-left","11":"first","12":"instock","13":"shipping-taxable","14":"purchasable","15":"product-type-variable"},"yoast_head":"<!-- This site is optimized with the Yoast SEO Premium plugin v24.1 (Yoast SEO v26.8) - https:\/\/yoast.com\/product\/yoast-seo-premium-wordpress\/ -->\n<title>Huile de Cannabis Blackberry Kush THC \u2013 Beuh Paradis<\/title>\n<meta name=\"description\" content=\"Huile de cannabis Blackberry Kush THC sur Beuh Paradis. Une huile puissante et fruit\u00e9e, id\u00e9ale pour soulager le stress, les douleurs et am\u00e9liorer le somme\" \/>\n<meta name=\"robots\" content=\"index, follow, max-snippet:-1, max-image-preview:large, max-video-preview:-1\" \/>\n<link rel=\"canonical\" href=\"https:\/\/beuhparadis.com\/de\/product\/huile-de-cannabis-blackberry-kush-thc\/\" \/>\n<meta property=\"og:locale\" content=\"de_DE\" \/>\n<meta property=\"og:type\" content=\"article\" \/>\n<meta property=\"og:title\" content=\"Huile de cannabis Blackberry Kush THC\" \/>\n<meta property=\"og:description\" content=\"Huile de cannabis Blackberry Kush THC sur Beuh Paradis. Une huile puissante et fruit\u00e9e, id\u00e9ale pour soulager le stress, les douleurs et am\u00e9liorer le somme\" \/>\n<meta property=\"og:url\" content=\"https:\/\/beuhparadis.com\/de\/product\/huile-de-cannabis-blackberry-kush-thc\/\" \/>\n<meta property=\"og:site_name\" content=\"Beuh Paradis\" \/>\n<meta property=\"article:modified_time\" content=\"2025-01-28T11:37:36+00:00\" \/>\n<meta property=\"og:image\" content=\"https:\/\/beuhparadis.com\/wp-content\/uploads\/2024\/12\/Buy-Blackberry-Kush-THC-Oil.webp\" \/>\n\t<meta property=\"og:image:width\" content=\"478\" \/>\n\t<meta property=\"og:image:height\" content=\"375\" \/>\n\t<meta property=\"og:image:type\" content=\"image\/webp\" \/>\n<meta name=\"twitter:card\" content=\"summary_large_image\" \/>\n<meta name=\"twitter:label1\" content=\"Gesch\u00e4tzte Lesezeit\" \/>\n\t<meta name=\"twitter:data1\" content=\"2 minutes\" \/>\n<script type=\"application\/ld+json\" class=\"yoast-schema-graph\">{\"@context\":\"https:\/\/schema.org\",\"@graph\":[{\"@type\":\"WebPage\",\"@id\":\"https:\/\/beuhparadis.com\/product\/huile-de-cannabis-blackberry-kush-thc\/\",\"url\":\"https:\/\/beuhparadis.com\/product\/huile-de-cannabis-blackberry-kush-thc\/\",\"name\":\"Huile de Cannabis Blackberry Kush THC \u2013 Beuh Paradis\",\"isPartOf\":{\"@id\":\"https:\/\/beuhparadis.com\/#website\"},\"primaryImageOfPage\":{\"@id\":\"https:\/\/beuhparadis.com\/product\/huile-de-cannabis-blackberry-kush-thc\/#primaryimage\"},\"image\":{\"@id\":\"https:\/\/beuhparadis.com\/product\/huile-de-cannabis-blackberry-kush-thc\/#primaryimage\"},\"thumbnailUrl\":\"https:\/\/beuhparadis.com\/wp-content\/uploads\/2024\/12\/Buy-Blackberry-Kush-THC-Oil.webp\",\"datePublished\":\"2024-12-10T23:41:02+00:00\",\"dateModified\":\"2025-01-28T11:37:36+00:00\",\"description\":\"Huile de cannabis Blackberry Kush THC sur Beuh Paradis. Une huile puissante et fruit\u00e9e, id\u00e9ale pour soulager le stress, les douleurs et am\u00e9liorer le somme\",\"breadcrumb\":{\"@id\":\"https:\/\/beuhparadis.com\/product\/huile-de-cannabis-blackberry-kush-thc\/#breadcrumb\"},\"inLanguage\":\"de-DE-formal\",\"potentialAction\":[{\"@type\":\"ReadAction\",\"target\":[\"https:\/\/beuhparadis.com\/product\/huile-de-cannabis-blackberry-kush-thc\/\"]}]},{\"@type\":\"ImageObject\",\"inLanguage\":\"de-DE-formal\",\"@id\":\"https:\/\/beuhparadis.com\/product\/huile-de-cannabis-blackberry-kush-thc\/#primaryimage\",\"url\":\"https:\/\/beuhparadis.com\/wp-content\/uploads\/2024\/12\/Buy-Blackberry-Kush-THC-Oil.webp\",\"contentUrl\":\"https:\/\/beuhparadis.com\/wp-content\/uploads\/2024\/12\/Buy-Blackberry-Kush-THC-Oil.webp\",\"width\":478,\"height\":375,\"caption\":\"Huile de Cannabis Blackberry\"},{\"@type\":\"BreadcrumbList\",\"@id\":\"https:\/\/beuhparadis.com\/product\/huile-de-cannabis-blackberry-kush-thc\/#breadcrumb\",\"itemListElement\":[{\"@type\":\"ListItem\",\"position\":1,\"name\":\"Home\",\"item\":\"https:\/\/beuhparadis.com\/\"},{\"@type\":\"ListItem\",\"position\":2,\"name\":\"Shop\",\"item\":\"https:\/\/beuhparadis.com\/shop\/\"},{\"@type\":\"ListItem\",\"position\":3,\"name\":\"Huile de cannabis Blackberry Kush THC\"}]},{\"@type\":\"WebSite\",\"@id\":\"https:\/\/beuhparadis.com\/#website\",\"url\":\"https:\/\/beuhparadis.com\/\",\"name\":\"Beuh Paradis\",\"description\":\"\",\"potentialAction\":[{\"@type\":\"SearchAction\",\"target\":{\"@type\":\"EntryPoint\",\"urlTemplate\":\"https:\/\/beuhparadis.com\/?s={search_term_string}\"},\"query-input\":{\"@type\":\"PropertyValueSpecification\",\"valueRequired\":true,\"valueName\":\"search_term_string\"}}],\"inLanguage\":\"de-DE-formal\"}]}<\/script>\n<!-- \/ Yoast SEO Premium plugin. -->","yoast_head_json":{"title":"Cannabis\u00f6l Blackberry Kush THC - Beuh Paradis","description":"Cannabis\u00f6l Blackberry Kush THC auf Beuh Paradis. Ein starkes, fruchtiges \u00d6l, ideal zur Linderung von Stress und Schmerzen und zur Verbesserung des Schlafs.","robots":{"index":"index","follow":"follow","max-snippet":"max-snippet:-1","max-image-preview":"max-image-preview:large","max-video-preview":"max-video-preview:-1"},"canonical":"https:\/\/beuhparadis.com\/de\/product\/huile-de-cannabis-blackberry-kush-thc\/","og_locale":"de_DE","og_type":"article","og_title":"Huile de cannabis Blackberry Kush THC","og_description":"Huile de cannabis Blackberry Kush THC sur Beuh Paradis. Une huile puissante et fruit\u00e9e, id\u00e9ale pour soulager le stress, les douleurs et am\u00e9liorer le somme","og_url":"https:\/\/beuhparadis.com\/de\/product\/huile-de-cannabis-blackberry-kush-thc\/","og_site_name":"Beuh Paradis","article_modified_time":"2025-01-28T11:37:36+00:00","og_image":[{"width":478,"height":375,"url":"https:\/\/beuhparadis.com\/wp-content\/uploads\/2024\/12\/Buy-Blackberry-Kush-THC-Oil.webp","type":"image\/webp"}],"twitter_card":"summary_large_image","twitter_misc":{"Gesch\u00e4tzte Lesezeit":"2 minutes"},"schema":{"@context":"https:\/\/schema.org","@graph":[{"@type":"WebPage","@id":"https:\/\/beuhparadis.com\/product\/huile-de-cannabis-blackberry-kush-thc\/","url":"https:\/\/beuhparadis.com\/product\/huile-de-cannabis-blackberry-kush-thc\/","name":"Cannabis\u00f6l Blackberry Kush THC - Beuh Paradis","isPartOf":{"@id":"https:\/\/beuhparadis.com\/#website"},"primaryImageOfPage":{"@id":"https:\/\/beuhparadis.com\/product\/huile-de-cannabis-blackberry-kush-thc\/#primaryimage"},"image":{"@id":"https:\/\/beuhparadis.com\/product\/huile-de-cannabis-blackberry-kush-thc\/#primaryimage"},"thumbnailUrl":"https:\/\/beuhparadis.com\/wp-content\/uploads\/2024\/12\/Buy-Blackberry-Kush-THC-Oil.webp","datePublished":"2024-12-10T23:41:02+00:00","dateModified":"2025-01-28T11:37:36+00:00","description":"Cannabis\u00f6l Blackberry Kush THC auf Beuh Paradis. Ein starkes, fruchtiges \u00d6l, ideal zur Linderung von Stress und Schmerzen und zur Verbesserung des Schlafs.","breadcrumb":{"@id":"https:\/\/beuhparadis.com\/product\/huile-de-cannabis-blackberry-kush-thc\/#breadcrumb"},"inLanguage":"de-DE-formal","potentialAction":[{"@type":"ReadAction","target":["https:\/\/beuhparadis.com\/product\/huile-de-cannabis-blackberry-kush-thc\/"]}]},{"@type":"ImageObject","inLanguage":"de-DE-formal","@id":"https:\/\/beuhparadis.com\/product\/huile-de-cannabis-blackberry-kush-thc\/#primaryimage","url":"https:\/\/beuhparadis.com\/wp-content\/uploads\/2024\/12\/Buy-Blackberry-Kush-THC-Oil.webp","contentUrl":"https:\/\/beuhparadis.com\/wp-content\/uploads\/2024\/12\/Buy-Blackberry-Kush-THC-Oil.webp","width":478,"height":375,"caption":"Huile de Cannabis Blackberry"},{"@type":"BreadcrumbList","@id":"https:\/\/beuhparadis.com\/product\/huile-de-cannabis-blackberry-kush-thc\/#breadcrumb","itemListElement":[{"@type":"ListItem","position":1,"name":"Home","item":"https:\/\/beuhparadis.com\/"},{"@type":"ListItem","position":2,"name":"Shop","item":"https:\/\/beuhparadis.com\/shop\/"},{"@type":"ListItem","position":3,"name":"Huile de cannabis Blackberry Kush THC"}]},{"@type":"WebSite","@id":"https:\/\/beuhparadis.com\/#website","url":"https:\/\/beuhparadis.com\/","name":"Gras Paradies","description":"","potentialAction":[{"@type":"SearchAction","target":{"@type":"EntryPoint","urlTemplate":"https:\/\/beuhparadis.com\/?s={search_term_string}"},"query-input":{"@type":"PropertyValueSpecification","valueRequired":true,"valueName":"search_term_string"}}],"inLanguage":"de-DE-formal"}]}},"_links":{"self":[{"href":"https:\/\/beuhparadis.com\/de\/wp-json\/wp\/v2\/product\/1492","targetHints":{"allow":["GET"]}}],"collection":[{"href":"https:\/\/beuhparadis.com\/de\/wp-json\/wp\/v2\/product"}],"about":[{"href":"https:\/\/beuhparadis.com\/de\/wp-json\/wp\/v2\/types\/product"}],"replies":[{"embeddable":true,"href":"https:\/\/beuhparadis.com\/de\/wp-json\/wp\/v2\/comments?post=1492"}],"wp:featuredmedia":[{"embeddable":true,"href":"https:\/\/beuhparadis.com\/de\/wp-json\/wp\/v2\/media\/1497"}],"wp:attachment":[{"href":"https:\/\/beuhparadis.com\/de\/wp-json\/wp\/v2\/media?parent=1492"}],"wp:term":[{"taxonomy":"product_brand","embeddable":true,"href":"https:\/\/beuhparadis.com\/de\/wp-json\/wp\/v2\/product_brand?post=1492"},{"taxonomy":"product_cat","embeddable":true,"href":"https:\/\/beuhparadis.com\/de\/wp-json\/wp\/v2\/product_cat?post=1492"},{"taxonomy":"product_tag","embeddable":true,"href":"https:\/\/beuhparadis.com\/de\/wp-json\/wp\/v2\/product_tag?post=1492"}],"curies":[{"name":"wp","href":"https:\/\/api.w.org\/{rel}","templated":true}]}}