{"id":1451,"date":"2024-12-10T23:40:47","date_gmt":"2024-12-10T23:40:47","guid":{"rendered":"https:\/\/beuhparadis.com\/?post_type=product&#038;p=1451"},"modified":"2024-12-10T23:41:00","modified_gmt":"2024-12-10T23:41:00","slug":"huile-de-miel-jack-herer-dabbers-delight","status":"publish","type":"product","link":"https:\/\/beuhparadis.com\/de\/product\/huile-de-miel-jack-herer-dabbers-delight\/","title":{"rendered":"Honig\u00f6l Jack Herer Dabber's Delight"},"content":{"rendered":"<h1 class=\"wp-block-heading\">Jack Herer Honig\u00f6l<\/h1>\n<p>Entdecken Sie Jack Herer's Honey Oil, ein THC-reiches Cannabis\u00f6l, das von der ber\u00fchmten gleichnamigen Sativa-dominanten Sorte inspiriert wurde und dem Cannabisaktivisten und Autor Jack Herer Tribut zollt. Dieses \u00d6l kombiniert einen Haze-Hybriden mit einer Kreuzung aus Northern Lights #5 und Shiva Skunk, um ein zerebrales Hochgef\u00fchl zu erzeugen und gleichzeitig ein reiches Harz zu produzieren. Dieses \u00d6l ist ideal zum Dabbing und Vaping und wird in einer hochtemperaturbest\u00e4ndigen Glasspritze geliefert.<\/p>\n<h2 class=\"wp-block-heading\">Zusammensetzung des THC-\u00d6ls<\/h2>\n<ul class=\"wp-block-list\">\n<li><strong>Zutaten:<\/strong> Konzentrat des Jack Herer-Stamms mit einem THC-reichen Profil.<\/li>\n<li><strong>Dosierung:<\/strong> Optimiert f\u00fcr eine effiziente und genaue Nutzung.<\/li>\n<\/ul>\n<h2 class=\"wp-block-heading\">THC und CBD (einschlie\u00dflich Prozents\u00e4tze)<\/h2>\n<ul class=\"wp-block-list\">\n<li>Das haupts\u00e4chlich auf THC konzentrierte Jack Herer Honig\u00f6l wurde entwickelt, um ausgepr\u00e4gte psychoaktive Effekte zu erzeugen, mit einem perfekten Gleichgewicht an Indica, um die F\u00fc\u00dfe auf dem Boden zu halten. Die spezifischen Prozents\u00e4tze von THC und CBD sind so eingestellt, dass sie die Wirkung maximieren.<\/li>\n<\/ul>\n<h2 class=\"wp-block-heading\">Wo kann ich Jack Herer Honig\u00f6l online kaufen?<\/h2>\n<ul class=\"wp-block-list\">\n<li>Jack Herer's Honey Oil ist online erh\u00e4ltlich bei <strong>Kaufenducannabis<\/strong>Das Unternehmen bietet eine hohe Qualit\u00e4t und eine zuverl\u00e4ssige Lieferung in ganz Europa.<\/li>\n<\/ul>\n<h2 class=\"wp-block-heading\">Wirkung, Aroma und Geschmack<\/h2>\n<h3 class=\"wp-block-heading\">Wirkung<\/h3>\n<ul class=\"wp-block-list\">\n<li>Zerebrale Erhebung mit einem Hauch von Indica f\u00fcr ein perfektes Gleichgewicht zwischen Geist und K\u00f6rper.<\/li>\n<\/ul>\n<h3 class=\"wp-block-heading\">Aroma<\/h3>\n<ul class=\"wp-block-list\">\n<li>Markante Noten des Jack Herer-Stamms, die Frische und Intensit\u00e4t kombinieren.<\/li>\n<\/ul>\n<h3 class=\"wp-block-heading\">Geschmack<\/h3>\n<ul class=\"wp-block-list\">\n<li>Komplexes Geschmacksprofil mit Nuancen von Haze, Kiefer und Gew\u00fcrzen.<\/li>\n<\/ul>\n<h2 class=\"wp-block-heading\">Medizinische Effekte<\/h2>\n<ul class=\"wp-block-list\">\n<li>Ideal f\u00fcr alle, die nach Linderung von Stress, Angst und Schmerzen suchen und gleichzeitig die Kreativit\u00e4t anregen m\u00f6chten.<\/li>\n<\/ul>\n<h3 class=\"wp-block-heading\">Kann Linderung verschaffen<\/h3>\n<ul class=\"wp-block-list\">\n<li>Stress, Angst, Schmerzen, M\u00fcdigkeit.<\/li>\n<\/ul>\n<h2 class=\"wp-block-heading\">Das richtige THC-\u00d6l w\u00e4hlen<\/h2>\n<p>Jack Herer Honig\u00f6l ist perfekt f\u00fcr Anwender, die geistige Anregung suchen, ohne die Verbindung zur realen Welt zu verlieren.<\/p>\n<h2 class=\"wp-block-heading\">Verwendungszwecke von Jack Herer THC Honig\u00f6l<\/h2>\n<p>Geeignet zum Dabbing und Vaping dank der Glasspritze, die eine einfache und pr\u00e4zise Anwendung erm\u00f6glicht.<\/p>\n<h2 class=\"wp-block-heading\">Wie sollte man THC-\u00d6l aufbewahren?<\/h2>\n<p>Um seine Frische und Wirksamkeit zu erhalten, sollten Sie das \u00d6l an einem k\u00fchlen, dunklen Ort aufbewahren.<\/p>\n<h2 class=\"wp-block-heading\">Warum Jack Herer Honig\u00f6l bei Acheterducannabis kaufen?<\/h2>\n<p><a href=\"https:\/\/acheterducannabis.fr\/\" data-type=\"link\" data-id=\"https:\/\/acheterducannabis.fr\/\">Kaufenducannabis<\/a> verpflichtet sich, Produkte von h\u00f6chster Qualit\u00e4t mit sicherer und diskreter Lieferung anzubieten.<\/p>\n<h2 class=\"wp-block-heading\">Regierungsgesetz f\u00fcr den Verkauf von THC-\u00d6l in Europa<\/h2>\n<p>Der Verkauf und Konsum von THC-\u00d6l, einschlie\u00dflich <strong>das Jack Herer Honig\u00f6l<\/strong>sind in Europa gesetzlich geregelt. Achten Sie darauf, dass Sie vor dem Kauf die lokalen Gesetze beachten.<\/p>\n<p>Jack Herer Honig\u00f6l ist die perfekte Verk\u00f6rperung der Harmonie zwischen St\u00e4rke und Feinheit und bietet eine berauschende und gleichzeitig geerdete Erfahrung. Dieses \u00d6l ist exklusiv bei Acheterducannabis erh\u00e4ltlich und eine gute Wahl f\u00fcr Cannabis-Kenner und -Liebhaber, die die einzigartigen Nuancen des Jack Herer-Stamms erkunden m\u00f6chten.<\/p>","protected":false},"excerpt":{"rendered":"<p><strong>THC:<\/strong> 60%<\/p>\n<p><strong>Medizinische Effekte:<\/strong><br \/> Ideal f\u00fcr alle, die nach Linderung von Stress, Angst und Schmerzen suchen und gleichzeitig die Kreativit\u00e4t anregen m\u00f6chten.<\/p>","protected":false},"featured_media":1461,"comment_status":"closed","ping_status":"closed","template":"","meta":{"site-sidebar-layout":"default","site-content-layout":"","ast-site-content-layout":"","site-content-style":"default","site-sidebar-style":"default","ast-global-header-display":"","ast-banner-title-visibility":"","ast-main-header-display":"","ast-hfb-above-header-display":"","ast-hfb-below-header-display":"","ast-hfb-mobile-header-display":"","site-post-title":"","ast-breadcrumbs-content":"","ast-featured-img":"","footer-sml-layout":"","theme-transparent-header-meta":"","adv-header-id-meta":"","stick-header-meta":"","header-above-stick-meta":"","header-main-stick-meta":"","header-below-stick-meta":"","astra-migrate-meta-layouts":"default","ast-page-background-enabled":"default","ast-page-background-meta":{"desktop":{"background-color":"","background-image":"","background-repeat":"repeat","background-position":"center center","background-size":"auto","background-attachment":"scroll","background-type":"","background-media":"","overlay-type":"","overlay-color":"","overlay-opacity":"","overlay-gradient":""},"tablet":{"background-color":"","background-image":"","background-repeat":"repeat","background-position":"center center","background-size":"auto","background-attachment":"scroll","background-type":"","background-media":"","overlay-type":"","overlay-color":"","overlay-opacity":"","overlay-gradient":""},"mobile":{"background-color":"","background-image":"","background-repeat":"repeat","background-position":"center center","background-size":"auto","background-attachment":"scroll","background-type":"","background-media":"","overlay-type":"","overlay-color":"","overlay-opacity":"","overlay-gradient":""}},"ast-content-background-meta":{"desktop":{"background-color":"var(--ast-global-color-5)","background-image":"","background-repeat":"repeat","background-position":"center center","background-size":"auto","background-attachment":"scroll","background-type":"","background-media":"","overlay-type":"","overlay-color":"","overlay-opacity":"","overlay-gradient":""},"tablet":{"background-color":"var(--ast-global-color-5)","background-image":"","background-repeat":"repeat","background-position":"center center","background-size":"auto","background-attachment":"scroll","background-type":"","background-media":"","overlay-type":"","overlay-color":"","overlay-opacity":"","overlay-gradient":""},"mobile":{"background-color":"var(--ast-global-color-5)","background-image":"","background-repeat":"repeat","background-position":"center center","background-size":"auto","background-attachment":"scroll","background-type":"","background-media":"","overlay-type":"","overlay-color":"","overlay-opacity":"","overlay-gradient":""}},"_joinchat":[]},"product_brand":[],"product_cat":[36],"product_tag":[],"class_list":{"0":"post-1451","1":"product","2":"type-product","3":"status-publish","4":"has-post-thumbnail","6":"product_cat-huile-thc","7":"desktop-align-left","8":"tablet-align-left","9":"mobile-align-left","11":"first","12":"instock","13":"shipping-taxable","14":"purchasable","15":"product-type-variable"},"yoast_head":"<!-- This site is optimized with the Yoast SEO Premium plugin v24.1 (Yoast SEO v26.8) - https:\/\/yoast.com\/product\/yoast-seo-premium-wordpress\/ -->\n<title>Huile de miel Jack Herer Dabber&rsquo;s Delight - Beuh Paradis<\/title>\n<meta name=\"robots\" content=\"index, follow, max-snippet:-1, max-image-preview:large, max-video-preview:-1\" \/>\n<link rel=\"canonical\" href=\"https:\/\/beuhparadis.com\/de\/product\/huile-de-miel-jack-herer-dabbers-delight\/\" \/>\n<meta property=\"og:locale\" content=\"de_DE\" \/>\n<meta property=\"og:type\" content=\"article\" \/>\n<meta property=\"og:title\" content=\"Huile de miel Jack Herer Dabber&rsquo;s Delight\" \/>\n<meta property=\"og:description\" content=\"THC: 60% Effets M\u00e9dicaux: Id\u00e9ale pour ceux \u00e0 la recherche d&rsquo;un soulagement du stress, de l&rsquo;anxi\u00e9t\u00e9 et des douleurs, tout en stimulant la cr\u00e9ativit\u00e9.\" \/>\n<meta property=\"og:url\" content=\"https:\/\/beuhparadis.com\/de\/product\/huile-de-miel-jack-herer-dabbers-delight\/\" \/>\n<meta property=\"og:site_name\" content=\"Beuh Paradis\" \/>\n<meta property=\"article:modified_time\" content=\"2024-12-10T23:41:00+00:00\" \/>\n<meta name=\"twitter:card\" content=\"summary_large_image\" \/>\n<meta name=\"twitter:label1\" content=\"Gesch\u00e4tzte Lesezeit\" \/>\n\t<meta name=\"twitter:data1\" content=\"3 minutes\" \/>\n<script type=\"application\/ld+json\" class=\"yoast-schema-graph\">{\"@context\":\"https:\/\/schema.org\",\"@graph\":[{\"@type\":\"WebPage\",\"@id\":\"https:\/\/beuhparadis.com\/product\/huile-de-miel-jack-herer-dabbers-delight\/\",\"url\":\"https:\/\/beuhparadis.com\/product\/huile-de-miel-jack-herer-dabbers-delight\/\",\"name\":\"Huile de miel Jack Herer Dabber&rsquo;s Delight - Beuh Paradis\",\"isPartOf\":{\"@id\":\"https:\/\/beuhparadis.com\/#website\"},\"primaryImageOfPage\":{\"@id\":\"https:\/\/beuhparadis.com\/product\/huile-de-miel-jack-herer-dabbers-delight\/#primaryimage\"},\"image\":{\"@id\":\"https:\/\/beuhparadis.com\/product\/huile-de-miel-jack-herer-dabbers-delight\/#primaryimage\"},\"thumbnailUrl\":\"https:\/\/beuhparadis.com\/wp-content\/uploads\/2024\/12\/Dabbers-Delight-Jack-Herer-Honey-Oi.webp\",\"datePublished\":\"2024-12-10T23:40:47+00:00\",\"dateModified\":\"2024-12-10T23:41:00+00:00\",\"breadcrumb\":{\"@id\":\"https:\/\/beuhparadis.com\/product\/huile-de-miel-jack-herer-dabbers-delight\/#breadcrumb\"},\"inLanguage\":\"de-DE-formal\",\"potentialAction\":[{\"@type\":\"ReadAction\",\"target\":[\"https:\/\/beuhparadis.com\/product\/huile-de-miel-jack-herer-dabbers-delight\/\"]}]},{\"@type\":\"ImageObject\",\"inLanguage\":\"de-DE-formal\",\"@id\":\"https:\/\/beuhparadis.com\/product\/huile-de-miel-jack-herer-dabbers-delight\/#primaryimage\",\"url\":\"https:\/\/beuhparadis.com\/wp-content\/uploads\/2024\/12\/Dabbers-Delight-Jack-Herer-Honey-Oi.webp\",\"contentUrl\":\"https:\/\/beuhparadis.com\/wp-content\/uploads\/2024\/12\/Dabbers-Delight-Jack-Herer-Honey-Oi.webp\",\"width\":1000,\"height\":1000},{\"@type\":\"BreadcrumbList\",\"@id\":\"https:\/\/beuhparadis.com\/product\/huile-de-miel-jack-herer-dabbers-delight\/#breadcrumb\",\"itemListElement\":[{\"@type\":\"ListItem\",\"position\":1,\"name\":\"Home\",\"item\":\"https:\/\/beuhparadis.com\/\"},{\"@type\":\"ListItem\",\"position\":2,\"name\":\"Shop\",\"item\":\"https:\/\/beuhparadis.com\/shop\/\"},{\"@type\":\"ListItem\",\"position\":3,\"name\":\"Huile de miel Jack Herer Dabber&rsquo;s Delight\"}]},{\"@type\":\"WebSite\",\"@id\":\"https:\/\/beuhparadis.com\/#website\",\"url\":\"https:\/\/beuhparadis.com\/\",\"name\":\"Beuh Paradis\",\"description\":\"\",\"potentialAction\":[{\"@type\":\"SearchAction\",\"target\":{\"@type\":\"EntryPoint\",\"urlTemplate\":\"https:\/\/beuhparadis.com\/?s={search_term_string}\"},\"query-input\":{\"@type\":\"PropertyValueSpecification\",\"valueRequired\":true,\"valueName\":\"search_term_string\"}}],\"inLanguage\":\"de-DE-formal\"}]}<\/script>\n<!-- \/ Yoast SEO Premium plugin. -->","yoast_head_json":{"title":"Honig\u00f6l Jack Herer Dabber's Delight - Beuh Paradis","robots":{"index":"index","follow":"follow","max-snippet":"max-snippet:-1","max-image-preview":"max-image-preview:large","max-video-preview":"max-video-preview:-1"},"canonical":"https:\/\/beuhparadis.com\/de\/product\/huile-de-miel-jack-herer-dabbers-delight\/","og_locale":"de_DE","og_type":"article","og_title":"Huile de miel Jack Herer Dabber&rsquo;s Delight","og_description":"THC: 60% Effets M\u00e9dicaux: Id\u00e9ale pour ceux \u00e0 la recherche d&rsquo;un soulagement du stress, de l&rsquo;anxi\u00e9t\u00e9 et des douleurs, tout en stimulant la cr\u00e9ativit\u00e9.","og_url":"https:\/\/beuhparadis.com\/de\/product\/huile-de-miel-jack-herer-dabbers-delight\/","og_site_name":"Beuh Paradis","article_modified_time":"2024-12-10T23:41:00+00:00","twitter_card":"summary_large_image","twitter_misc":{"Gesch\u00e4tzte Lesezeit":"3 minutes"},"schema":{"@context":"https:\/\/schema.org","@graph":[{"@type":"WebPage","@id":"https:\/\/beuhparadis.com\/product\/huile-de-miel-jack-herer-dabbers-delight\/","url":"https:\/\/beuhparadis.com\/product\/huile-de-miel-jack-herer-dabbers-delight\/","name":"Honig\u00f6l Jack Herer Dabber's Delight - Beuh Paradis","isPartOf":{"@id":"https:\/\/beuhparadis.com\/#website"},"primaryImageOfPage":{"@id":"https:\/\/beuhparadis.com\/product\/huile-de-miel-jack-herer-dabbers-delight\/#primaryimage"},"image":{"@id":"https:\/\/beuhparadis.com\/product\/huile-de-miel-jack-herer-dabbers-delight\/#primaryimage"},"thumbnailUrl":"https:\/\/beuhparadis.com\/wp-content\/uploads\/2024\/12\/Dabbers-Delight-Jack-Herer-Honey-Oi.webp","datePublished":"2024-12-10T23:40:47+00:00","dateModified":"2024-12-10T23:41:00+00:00","breadcrumb":{"@id":"https:\/\/beuhparadis.com\/product\/huile-de-miel-jack-herer-dabbers-delight\/#breadcrumb"},"inLanguage":"de-DE-formal","potentialAction":[{"@type":"ReadAction","target":["https:\/\/beuhparadis.com\/product\/huile-de-miel-jack-herer-dabbers-delight\/"]}]},{"@type":"ImageObject","inLanguage":"de-DE-formal","@id":"https:\/\/beuhparadis.com\/product\/huile-de-miel-jack-herer-dabbers-delight\/#primaryimage","url":"https:\/\/beuhparadis.com\/wp-content\/uploads\/2024\/12\/Dabbers-Delight-Jack-Herer-Honey-Oi.webp","contentUrl":"https:\/\/beuhparadis.com\/wp-content\/uploads\/2024\/12\/Dabbers-Delight-Jack-Herer-Honey-Oi.webp","width":1000,"height":1000},{"@type":"BreadcrumbList","@id":"https:\/\/beuhparadis.com\/product\/huile-de-miel-jack-herer-dabbers-delight\/#breadcrumb","itemListElement":[{"@type":"ListItem","position":1,"name":"Home","item":"https:\/\/beuhparadis.com\/"},{"@type":"ListItem","position":2,"name":"Shop","item":"https:\/\/beuhparadis.com\/shop\/"},{"@type":"ListItem","position":3,"name":"Huile de miel Jack Herer Dabber&rsquo;s Delight"}]},{"@type":"WebSite","@id":"https:\/\/beuhparadis.com\/#website","url":"https:\/\/beuhparadis.com\/","name":"Gras Paradies","description":"","potentialAction":[{"@type":"SearchAction","target":{"@type":"EntryPoint","urlTemplate":"https:\/\/beuhparadis.com\/?s={search_term_string}"},"query-input":{"@type":"PropertyValueSpecification","valueRequired":true,"valueName":"search_term_string"}}],"inLanguage":"de-DE-formal"}]}},"_links":{"self":[{"href":"https:\/\/beuhparadis.com\/de\/wp-json\/wp\/v2\/product\/1451","targetHints":{"allow":["GET"]}}],"collection":[{"href":"https:\/\/beuhparadis.com\/de\/wp-json\/wp\/v2\/product"}],"about":[{"href":"https:\/\/beuhparadis.com\/de\/wp-json\/wp\/v2\/types\/product"}],"replies":[{"embeddable":true,"href":"https:\/\/beuhparadis.com\/de\/wp-json\/wp\/v2\/comments?post=1451"}],"wp:featuredmedia":[{"embeddable":true,"href":"https:\/\/beuhparadis.com\/de\/wp-json\/wp\/v2\/media\/1461"}],"wp:attachment":[{"href":"https:\/\/beuhparadis.com\/de\/wp-json\/wp\/v2\/media?parent=1451"}],"wp:term":[{"taxonomy":"product_brand","embeddable":true,"href":"https:\/\/beuhparadis.com\/de\/wp-json\/wp\/v2\/product_brand?post=1451"},{"taxonomy":"product_cat","embeddable":true,"href":"https:\/\/beuhparadis.com\/de\/wp-json\/wp\/v2\/product_cat?post=1451"},{"taxonomy":"product_tag","embeddable":true,"href":"https:\/\/beuhparadis.com\/de\/wp-json\/wp\/v2\/product_tag?post=1451"}],"curies":[{"name":"wp","href":"https:\/\/api.w.org\/{rel}","templated":true}]}}