{"id":1422,"date":"2024-12-10T23:40:32","date_gmt":"2024-12-10T23:40:32","guid":{"rendered":"https:\/\/beuhparadis.com\/?post_type=product&#038;p=1422"},"modified":"2024-12-10T23:41:00","modified_gmt":"2024-12-10T23:41:00","slug":"seringue-rso-1ml","status":"publish","type":"product","link":"https:\/\/beuhparadis.com\/de\/product\/seringue-rso-1ml\/","title":{"rendered":"RSO-Spritze 1ML"},"content":{"rendered":"<h1 class=\"wp-block-heading\">Kaufen RSO-Spritze 1ML<\/h1>\n<p>Entdecken Sie die RSO 1ML Spritze, ein konzentriertes Cannabis\u00f6l, das als Rick Simpson's Oil (RSO) bekannt ist und haupts\u00e4chlich oral oder als Z\u00e4pfchen konsumiert wird. Es kann auch mit einem Tr\u00e4ger\u00f6l f\u00fcr die Anwendung auf der Haut verd\u00fcnnt oder in Esswaren integriert werden. Die RSO-Spritze enth\u00e4lt eine hohe Menge an Cannabinoiden und Terpenen, was ihr einen hohen medizinischen Wert verleiht.<\/p>\n<h2 class=\"wp-block-heading\">Zusammensetzung des THC-\u00d6ls<\/h2>\n<ul class=\"wp-block-list\">\n<li><strong>Zutaten:<\/strong> Hohe Konzentration von Cannabinoiden und Terpenen f\u00fcr einen optimalen medizinischen Wert.<\/li>\n<li><strong>Dosierung:<\/strong> 1ML mit hoher Konzentration f\u00fcr eine pr\u00e4zise Verabreichung.<\/li>\n<\/ul>\n<h2 class=\"wp-block-heading\">THC und CBD (einschlie\u00dflich Prozents\u00e4tze)<\/h2>\n<ul class=\"wp-block-list\">\n<li>Die RSO-Spritze zeichnet sich durch eine hohe THC-Konzentration aus. Die spezifischen Prozents\u00e4tze von THC und CBD variieren je nach Produkt.<\/li>\n<\/ul>\n<h2 class=\"wp-block-heading\">Wo kann ich die RSO-Spritze online kaufen?<\/h2>\n<p>Die <strong>RSO-Spritze<\/strong> ist online verf\u00fcgbar bei <strong>Kaufenducannabis<\/strong>Die meisten der von uns angebotenen Produkte sind von hoher Qualit\u00e4t und werden zuverl\u00e4ssig geliefert.<\/p>\n<h2 class=\"wp-block-heading\">Wirkung, Aroma und Geschmack<\/h2>\n<h3 class=\"wp-block-heading\">Wirkung<\/h3>\n<ul class=\"wp-block-list\">\n<li>Sorgt f\u00fcr kreative Energie, ein Gef\u00fchl der Euphorie und tiefe Entspannung.<\/li>\n<\/ul>\n<h3 class=\"wp-block-heading\">Aroma<\/h3>\n<ul class=\"wp-block-list\">\n<li>Die Aromen variieren, schlie\u00dfen aber oft erdige und holzige Noten ein.<\/li>\n<\/ul>\n<h3 class=\"wp-block-heading\">Geschmack<\/h3>\n<ul class=\"wp-block-list\">\n<li>Reichhaltige und komplexe Aromen, die je nach Terpenprofil variieren k\u00f6nnen.<\/li>\n<\/ul>\n<h2 class=\"wp-block-heading\">Medizinische Effekte<\/h2>\n<ul class=\"wp-block-list\">\n<li>Die RSO-Spritze ist wegen ihres Potenzials zur Linderung verschiedener medizinischer Zust\u00e4nde begehrt.<\/li>\n<\/ul>\n<h3 class=\"wp-block-heading\">Kann Linderung verschaffen<\/h3>\n<ul class=\"wp-block-list\">\n<li>Schmerzen, Angstzust\u00e4nde, Schlaflosigkeit, bestimmte Symptome im Zusammenhang mit Krebs.<\/li>\n<\/ul>\n<h2 class=\"wp-block-heading\">Das richtige THC-\u00d6l w\u00e4hlen<\/h2>\n<ul class=\"wp-block-list\">\n<li>Entscheiden Sie sich f\u00fcr die RSO-Spritze f\u00fcr eine pr\u00e4zise Anwendung und eine hohe Konzentration an Cannabinoiden.<\/li>\n<\/ul>\n<h2 class=\"wp-block-heading\">Verwendungszwecke von THC-\u00d6l<\/h2>\n<ul class=\"wp-block-list\">\n<li>Oral eingenommen, als Z\u00e4pfchen, verd\u00fcnnt zum Auftragen auf die Haut oder als Bestandteil von Esswaren.<\/li>\n<\/ul>\n<h2 class=\"wp-block-heading\">Wie wird THC-\u00d6l aufbewahrt?<\/h2>\n<p>Bewahren Sie es an einem k\u00fchlen, dunklen Ort auf, um seine Kraft und Frische zu erhalten.<\/p>\n<h2 class=\"wp-block-heading\">Warum sollten Sie die RSO-Spritze bei Acheterducannabis kaufen?<\/h2>\n<p><a href=\"https:\/\/acheterducannabis.fr\/\" data-type=\"link\" data-id=\"https:\/\/acheterducannabis.fr\/\">Kaufenducannabis<\/a> bietet Produkte von h\u00f6chster Qualit\u00e4t mit einer zuverl\u00e4ssigen und diskreten Lieferung an und garantiert so absolute Zufriedenheit.<\/p>\n<h2 class=\"wp-block-heading\">Regierungsgesetz f\u00fcr den Verkauf von THC-\u00d6l in Europa<\/h2>\n<p>Der Verkauf und Konsum von THC-\u00d6l, einschlie\u00dflich der RSO-Spritze, unterliegt in Europa besonderen Vorschriften. Informieren Sie sich vor dem Kauf \u00fcber die lokalen Gesetze.<\/p>\n<p>Die RSO-Spritze 1ML ist eine leistungsstarke L\u00f6sung f\u00fcr alle, die nach einer alternativen Behandlungsmethode mit konzentriertem THC suchen, die sowohl Flexibilit\u00e4t in der Anwendung als auch medizinische Wirksamkeit bietet. Diese RSO-Spritze ist bei Acheterducannabis erh\u00e4ltlich und stellt die ideale Wahl f\u00fcr eine optimale therapeutische Cannabiserfahrung dar.<\/p>","protected":false},"excerpt":{"rendered":"<p><strong>THC:<\/strong> 70%<br \/> <strong>Medizinische Effekte<\/strong><br \/> Die RSO-Spritze ist wegen ihres Potenzials zur Linderung verschiedener medizinischer Zust\u00e4nde begehrt.<\/p>","protected":false},"featured_media":1427,"comment_status":"closed","ping_status":"closed","template":"","meta":{"site-sidebar-layout":"default","site-content-layout":"","ast-site-content-layout":"","site-content-style":"default","site-sidebar-style":"default","ast-global-header-display":"","ast-banner-title-visibility":"","ast-main-header-display":"","ast-hfb-above-header-display":"","ast-hfb-below-header-display":"","ast-hfb-mobile-header-display":"","site-post-title":"","ast-breadcrumbs-content":"","ast-featured-img":"","footer-sml-layout":"","theme-transparent-header-meta":"","adv-header-id-meta":"","stick-header-meta":"","header-above-stick-meta":"","header-main-stick-meta":"","header-below-stick-meta":"","astra-migrate-meta-layouts":"default","ast-page-background-enabled":"default","ast-page-background-meta":{"desktop":{"background-color":"","background-image":"","background-repeat":"repeat","background-position":"center center","background-size":"auto","background-attachment":"scroll","background-type":"","background-media":"","overlay-type":"","overlay-color":"","overlay-opacity":"","overlay-gradient":""},"tablet":{"background-color":"","background-image":"","background-repeat":"repeat","background-position":"center center","background-size":"auto","background-attachment":"scroll","background-type":"","background-media":"","overlay-type":"","overlay-color":"","overlay-opacity":"","overlay-gradient":""},"mobile":{"background-color":"","background-image":"","background-repeat":"repeat","background-position":"center center","background-size":"auto","background-attachment":"scroll","background-type":"","background-media":"","overlay-type":"","overlay-color":"","overlay-opacity":"","overlay-gradient":""}},"ast-content-background-meta":{"desktop":{"background-color":"var(--ast-global-color-5)","background-image":"","background-repeat":"repeat","background-position":"center center","background-size":"auto","background-attachment":"scroll","background-type":"","background-media":"","overlay-type":"","overlay-color":"","overlay-opacity":"","overlay-gradient":""},"tablet":{"background-color":"var(--ast-global-color-5)","background-image":"","background-repeat":"repeat","background-position":"center center","background-size":"auto","background-attachment":"scroll","background-type":"","background-media":"","overlay-type":"","overlay-color":"","overlay-opacity":"","overlay-gradient":""},"mobile":{"background-color":"var(--ast-global-color-5)","background-image":"","background-repeat":"repeat","background-position":"center center","background-size":"auto","background-attachment":"scroll","background-type":"","background-media":"","overlay-type":"","overlay-color":"","overlay-opacity":"","overlay-gradient":""}},"_joinchat":[]},"product_brand":[],"product_cat":[36],"product_tag":[],"class_list":{"0":"post-1422","1":"product","2":"type-product","3":"status-publish","4":"has-post-thumbnail","6":"product_cat-huile-thc","7":"desktop-align-left","8":"tablet-align-left","9":"mobile-align-left","11":"first","12":"instock","13":"shipping-taxable","14":"purchasable","15":"product-type-variable"},"yoast_head":"<!-- This site is optimized with the Yoast SEO Premium plugin v24.1 (Yoast SEO v26.8) - https:\/\/yoast.com\/product\/yoast-seo-premium-wordpress\/ -->\n<title>Seringue RSO 1ML - Beuh Paradis<\/title>\n<meta name=\"robots\" content=\"index, follow, max-snippet:-1, max-image-preview:large, max-video-preview:-1\" \/>\n<link rel=\"canonical\" href=\"https:\/\/beuhparadis.com\/de\/product\/seringue-rso-1ml\/\" \/>\n<meta property=\"og:locale\" content=\"de_DE\" \/>\n<meta property=\"og:type\" content=\"article\" \/>\n<meta property=\"og:title\" content=\"Seringue RSO 1ML\" \/>\n<meta property=\"og:description\" content=\"THC: 70% Effets M\u00e9dicaux La seringue RSO est recherch\u00e9e pour son potentiel \u00e0 soulager diverses conditions m\u00e9dicales.\" \/>\n<meta property=\"og:url\" content=\"https:\/\/beuhparadis.com\/de\/product\/seringue-rso-1ml\/\" \/>\n<meta property=\"og:site_name\" content=\"Beuh Paradis\" \/>\n<meta property=\"article:modified_time\" content=\"2024-12-10T23:41:00+00:00\" \/>\n<meta name=\"twitter:card\" content=\"summary_large_image\" \/>\n<meta name=\"twitter:label1\" content=\"Gesch\u00e4tzte Lesezeit\" \/>\n\t<meta name=\"twitter:data1\" content=\"2 minutes\" \/>\n<script type=\"application\/ld+json\" class=\"yoast-schema-graph\">{\"@context\":\"https:\/\/schema.org\",\"@graph\":[{\"@type\":\"WebPage\",\"@id\":\"https:\/\/beuhparadis.com\/product\/seringue-rso-1ml\/\",\"url\":\"https:\/\/beuhparadis.com\/product\/seringue-rso-1ml\/\",\"name\":\"Seringue RSO 1ML - Beuh Paradis\",\"isPartOf\":{\"@id\":\"https:\/\/beuhparadis.com\/#website\"},\"primaryImageOfPage\":{\"@id\":\"https:\/\/beuhparadis.com\/product\/seringue-rso-1ml\/#primaryimage\"},\"image\":{\"@id\":\"https:\/\/beuhparadis.com\/product\/seringue-rso-1ml\/#primaryimage\"},\"thumbnailUrl\":\"https:\/\/beuhparadis.com\/wp-content\/uploads\/2024\/12\/RSO-Syringe-Online-1ML.webp\",\"datePublished\":\"2024-12-10T23:40:32+00:00\",\"dateModified\":\"2024-12-10T23:41:00+00:00\",\"breadcrumb\":{\"@id\":\"https:\/\/beuhparadis.com\/product\/seringue-rso-1ml\/#breadcrumb\"},\"inLanguage\":\"de-DE-formal\",\"potentialAction\":[{\"@type\":\"ReadAction\",\"target\":[\"https:\/\/beuhparadis.com\/product\/seringue-rso-1ml\/\"]}]},{\"@type\":\"ImageObject\",\"inLanguage\":\"de-DE-formal\",\"@id\":\"https:\/\/beuhparadis.com\/product\/seringue-rso-1ml\/#primaryimage\",\"url\":\"https:\/\/beuhparadis.com\/wp-content\/uploads\/2024\/12\/RSO-Syringe-Online-1ML.webp\",\"contentUrl\":\"https:\/\/beuhparadis.com\/wp-content\/uploads\/2024\/12\/RSO-Syringe-Online-1ML.webp\",\"width\":1000,\"height\":907},{\"@type\":\"BreadcrumbList\",\"@id\":\"https:\/\/beuhparadis.com\/product\/seringue-rso-1ml\/#breadcrumb\",\"itemListElement\":[{\"@type\":\"ListItem\",\"position\":1,\"name\":\"Home\",\"item\":\"https:\/\/beuhparadis.com\/\"},{\"@type\":\"ListItem\",\"position\":2,\"name\":\"Shop\",\"item\":\"https:\/\/beuhparadis.com\/shop\/\"},{\"@type\":\"ListItem\",\"position\":3,\"name\":\"Seringue RSO 1ML\"}]},{\"@type\":\"WebSite\",\"@id\":\"https:\/\/beuhparadis.com\/#website\",\"url\":\"https:\/\/beuhparadis.com\/\",\"name\":\"Beuh Paradis\",\"description\":\"\",\"potentialAction\":[{\"@type\":\"SearchAction\",\"target\":{\"@type\":\"EntryPoint\",\"urlTemplate\":\"https:\/\/beuhparadis.com\/?s={search_term_string}\"},\"query-input\":{\"@type\":\"PropertyValueSpecification\",\"valueRequired\":true,\"valueName\":\"search_term_string\"}}],\"inLanguage\":\"de-DE-formal\"}]}<\/script>\n<!-- \/ Yoast SEO Premium plugin. -->","yoast_head_json":{"title":"RSO Spritze 1ML - Beuh Paradis","robots":{"index":"index","follow":"follow","max-snippet":"max-snippet:-1","max-image-preview":"max-image-preview:large","max-video-preview":"max-video-preview:-1"},"canonical":"https:\/\/beuhparadis.com\/de\/product\/seringue-rso-1ml\/","og_locale":"de_DE","og_type":"article","og_title":"Seringue RSO 1ML","og_description":"THC: 70% Effets M\u00e9dicaux La seringue RSO est recherch\u00e9e pour son potentiel \u00e0 soulager diverses conditions m\u00e9dicales.","og_url":"https:\/\/beuhparadis.com\/de\/product\/seringue-rso-1ml\/","og_site_name":"Beuh Paradis","article_modified_time":"2024-12-10T23:41:00+00:00","twitter_card":"summary_large_image","twitter_misc":{"Gesch\u00e4tzte Lesezeit":"2 minutes"},"schema":{"@context":"https:\/\/schema.org","@graph":[{"@type":"WebPage","@id":"https:\/\/beuhparadis.com\/product\/seringue-rso-1ml\/","url":"https:\/\/beuhparadis.com\/product\/seringue-rso-1ml\/","name":"RSO Spritze 1ML - Beuh Paradis","isPartOf":{"@id":"https:\/\/beuhparadis.com\/#website"},"primaryImageOfPage":{"@id":"https:\/\/beuhparadis.com\/product\/seringue-rso-1ml\/#primaryimage"},"image":{"@id":"https:\/\/beuhparadis.com\/product\/seringue-rso-1ml\/#primaryimage"},"thumbnailUrl":"https:\/\/beuhparadis.com\/wp-content\/uploads\/2024\/12\/RSO-Syringe-Online-1ML.webp","datePublished":"2024-12-10T23:40:32+00:00","dateModified":"2024-12-10T23:41:00+00:00","breadcrumb":{"@id":"https:\/\/beuhparadis.com\/product\/seringue-rso-1ml\/#breadcrumb"},"inLanguage":"de-DE-formal","potentialAction":[{"@type":"ReadAction","target":["https:\/\/beuhparadis.com\/product\/seringue-rso-1ml\/"]}]},{"@type":"ImageObject","inLanguage":"de-DE-formal","@id":"https:\/\/beuhparadis.com\/product\/seringue-rso-1ml\/#primaryimage","url":"https:\/\/beuhparadis.com\/wp-content\/uploads\/2024\/12\/RSO-Syringe-Online-1ML.webp","contentUrl":"https:\/\/beuhparadis.com\/wp-content\/uploads\/2024\/12\/RSO-Syringe-Online-1ML.webp","width":1000,"height":907},{"@type":"BreadcrumbList","@id":"https:\/\/beuhparadis.com\/product\/seringue-rso-1ml\/#breadcrumb","itemListElement":[{"@type":"ListItem","position":1,"name":"Home","item":"https:\/\/beuhparadis.com\/"},{"@type":"ListItem","position":2,"name":"Shop","item":"https:\/\/beuhparadis.com\/shop\/"},{"@type":"ListItem","position":3,"name":"Seringue RSO 1ML"}]},{"@type":"WebSite","@id":"https:\/\/beuhparadis.com\/#website","url":"https:\/\/beuhparadis.com\/","name":"Gras Paradies","description":"","potentialAction":[{"@type":"SearchAction","target":{"@type":"EntryPoint","urlTemplate":"https:\/\/beuhparadis.com\/?s={search_term_string}"},"query-input":{"@type":"PropertyValueSpecification","valueRequired":true,"valueName":"search_term_string"}}],"inLanguage":"de-DE-formal"}]}},"_links":{"self":[{"href":"https:\/\/beuhparadis.com\/de\/wp-json\/wp\/v2\/product\/1422","targetHints":{"allow":["GET"]}}],"collection":[{"href":"https:\/\/beuhparadis.com\/de\/wp-json\/wp\/v2\/product"}],"about":[{"href":"https:\/\/beuhparadis.com\/de\/wp-json\/wp\/v2\/types\/product"}],"replies":[{"embeddable":true,"href":"https:\/\/beuhparadis.com\/de\/wp-json\/wp\/v2\/comments?post=1422"}],"wp:featuredmedia":[{"embeddable":true,"href":"https:\/\/beuhparadis.com\/de\/wp-json\/wp\/v2\/media\/1427"}],"wp:attachment":[{"href":"https:\/\/beuhparadis.com\/de\/wp-json\/wp\/v2\/media?parent=1422"}],"wp:term":[{"taxonomy":"product_brand","embeddable":true,"href":"https:\/\/beuhparadis.com\/de\/wp-json\/wp\/v2\/product_brand?post=1422"},{"taxonomy":"product_cat","embeddable":true,"href":"https:\/\/beuhparadis.com\/de\/wp-json\/wp\/v2\/product_cat?post=1422"},{"taxonomy":"product_tag","embeddable":true,"href":"https:\/\/beuhparadis.com\/de\/wp-json\/wp\/v2\/product_tag?post=1422"}],"curies":[{"name":"wp","href":"https:\/\/api.w.org\/{rel}","templated":true}]}}