{"id":1416,"date":"2024-12-10T23:40:32","date_gmt":"2024-12-10T23:40:32","guid":{"rendered":"https:\/\/beuhparadis.com\/?post_type=product&#038;p=1416"},"modified":"2024-12-10T23:40:45","modified_gmt":"2024-12-10T23:40:45","slug":"huile-de-cannabis-tangie-og-thc","status":"publish","type":"product","link":"https:\/\/beuhparadis.com\/de\/product\/huile-de-cannabis-tangie-og-thc\/","title":{"rendered":"Cannabis\u00f6l Tangie OG THC"},"content":{"rendered":"<h1 class=\"wp-block-heading\">Kaufen Cannabis\u00f6l Tangie OG<\/h1>\n<p>Entdecken Sie das Cannabis\u00f6l Tangie OG, ein perfekt ausbalancierter Hybrid, der durch die Kreuzung des k\u00f6stlichen Tangie-Stamms mit dem klassischen OG Kush geschaffen wurde. Dieses \u00d6l nimmt die Aromen seiner beiden ber\u00fchmten Eltern auf, um ein unwiderstehliches Geschmackserlebnis zu bieten, das Sie noch mehr wollen l\u00e4sst.<\/p>\n<h2 class=\"wp-block-heading\">Zusammensetzung des THC-\u00d6ls<\/h2>\n<ul class=\"wp-block-list\">\n<li><strong>Zutaten:<\/strong> Reine Extraktionen von Cannabis Tangie OG.<\/li>\n<li><strong>Dosierung:<\/strong> Stark konzentrierter THC mit einem Gehalt von 62.06% und 2.66% CBD.<\/li>\n<\/ul>\n<h2 class=\"wp-block-heading\">THC und CBD (einschlie\u00dflich Prozents\u00e4tze)<\/h2>\n<ul class=\"wp-block-list\">\n<li><strong>THC:<\/strong> 62.06%<\/li>\n<li><strong>CBD:<\/strong> 2.66%<\/li>\n<\/ul>\n<h2 class=\"wp-block-heading\">Wo kann man Tangie OG Cannabis\u00f6l online kaufen?<\/h2>\n<ul class=\"wp-block-list\">\n<li>Das Cannabis\u00f6l Tangie OG ist online bei Acheterducannabis erh\u00e4ltlich und garantiert eine hohe Qualit\u00e4t und eine zuverl\u00e4ssige Lieferung.<\/li>\n<\/ul>\n<h2 class=\"wp-block-heading\">Wirkung, Aroma und Geschmack<\/h2>\n<h3 class=\"wp-block-heading\">Wirkung<\/h3>\n<ul class=\"wp-block-list\">\n<li>Kreative Energie, pure Euphorie, kribbelndes Gef\u00fchl im ganzen K\u00f6rper.<\/li>\n<\/ul>\n<h3 class=\"wp-block-heading\">Aroma<\/h3>\n<ul class=\"wp-block-list\">\n<li>S\u00fc\u00df und holzig mit einem Overton von erdigen Zitrusfr\u00fcchten, die beim Abbrand w\u00fcrzig werden.<\/li>\n<\/ul>\n<h3 class=\"wp-block-heading\">Geschmack<\/h3>\n<ul class=\"wp-block-list\">\n<li>Kiefernzitrusfr\u00fcchte tangy akzentuiert durch ein zitronig-grasiges Ausatmen.<\/li>\n<\/ul>\n<h2 class=\"wp-block-heading\">Medizinische Effekte<\/h2>\n<ul class=\"wp-block-list\">\n<li>Perfekt zur Behandlung von Zust\u00e4nden wie chronischen Schmerzen, M\u00fcdigkeit, Schlaflosigkeit, Depressionen, chronischem Stress oder Angstzust\u00e4nden.<\/li>\n<\/ul>\n<h3 class=\"wp-block-heading\">Kann Linderung verschaffen<\/h3>\n<ul class=\"wp-block-list\">\n<li>Stress, Depressionen, M\u00fcdigkeit, Schmerzen, Appetitlosigkeit.<\/li>\n<\/ul>\n<h2 class=\"wp-block-heading\">Das richtige THC-\u00d6l w\u00e4hlen<\/h2>\n<p>Das Cannabis\u00f6l Tangie OG ist ideal f\u00fcr alle, die ein perfektes Gleichgewicht zwischen Energie und Entspannung suchen, und bietet sowohl stimulierende als auch beruhigende Effekte.<\/p>\n<h2 class=\"wp-block-heading\">Verwendungszwecke von Cannabis\u00f6l Tangie OG THC<\/h2>\n<p>Geeignet zum Verdampfen, zum Hinzuf\u00fcgen zu Lebensmitteln oder direkt unter der Zunge f\u00fcr eine schnelle Aufnahme.<\/p>\n<h2 class=\"wp-block-heading\">Wie wird THC-\u00d6l aufbewahrt?<\/h2>\n<p>Bewahren Sie das \u00d6l an einem k\u00fchlen, dunklen Ort auf, um seine Kraft und Frische zu erhalten.<\/p>\n<h2 class=\"wp-block-heading\">Warum sollte ich das Cannabis\u00f6l Tangie OG bei Acheterducannabis kaufen?<\/h2>\n<p><a href=\"https:\/\/acheterducannabis.fr\/\" data-type=\"link\" data-id=\"https:\/\/acheterducannabis.fr\/\">Kaufenducannabis<\/a> bietet Produkte von h\u00f6chster Qualit\u00e4t mit einer zuverl\u00e4ssigen und diskreten Lieferung an und garantiert so absolute Zufriedenheit.<\/p>\n<h2 class=\"wp-block-heading\">Regierungsgesetz f\u00fcr den Verkauf von THC-\u00d6l in Europa<\/h2>\n<p>Der Verkauf und Konsum von THC-\u00d6l, einschlie\u00dflich des Cannabis\u00f6ls Tangie OG, unterliegt in Europa besonderen Vorschriften. Es ist ratsam, sich vor dem Kauf \u00fcber die \u00f6rtlichen Gesetze zu informieren.<\/p>\n<p>Das Tangie OG Cannabis\u00f6l ist eine au\u00dfergew\u00f6hnliche Wahl f\u00fcr alle, die ihr Cannabis-Erlebnis steigern wollen, indem es eine perfekte Mischung aus Geschmack, Aroma und medizinischer Wirksamkeit bietet. Genie\u00dfen Sie die Vorteile und den Genuss, die dieses Premium-\u00d6l bietet, das exklusiv bei Acheterducannabis erh\u00e4ltlich ist.<\/p>","protected":false},"excerpt":{"rendered":"<p><strong>THC:<\/strong> 62.06%<br \/> <strong>CBD:<\/strong> 2.66%<\/p>\n<p><strong>Medizinische Effekte:<\/strong><br \/> Perfekt zur Behandlung von Zust\u00e4nden wie chronischen Schmerzen, M\u00fcdigkeit, Schlaflosigkeit, Depressionen, chronischem Stress oder Angstzust\u00e4nden.<\/p>","protected":false},"featured_media":1426,"comment_status":"closed","ping_status":"closed","template":"","meta":{"site-sidebar-layout":"default","site-content-layout":"","ast-site-content-layout":"","site-content-style":"default","site-sidebar-style":"default","ast-global-header-display":"","ast-banner-title-visibility":"","ast-main-header-display":"","ast-hfb-above-header-display":"","ast-hfb-below-header-display":"","ast-hfb-mobile-header-display":"","site-post-title":"","ast-breadcrumbs-content":"","ast-featured-img":"","footer-sml-layout":"","theme-transparent-header-meta":"","adv-header-id-meta":"","stick-header-meta":"","header-above-stick-meta":"","header-main-stick-meta":"","header-below-stick-meta":"","astra-migrate-meta-layouts":"default","ast-page-background-enabled":"default","ast-page-background-meta":{"desktop":{"background-color":"","background-image":"","background-repeat":"repeat","background-position":"center center","background-size":"auto","background-attachment":"scroll","background-type":"","background-media":"","overlay-type":"","overlay-color":"","overlay-opacity":"","overlay-gradient":""},"tablet":{"background-color":"","background-image":"","background-repeat":"repeat","background-position":"center center","background-size":"auto","background-attachment":"scroll","background-type":"","background-media":"","overlay-type":"","overlay-color":"","overlay-opacity":"","overlay-gradient":""},"mobile":{"background-color":"","background-image":"","background-repeat":"repeat","background-position":"center center","background-size":"auto","background-attachment":"scroll","background-type":"","background-media":"","overlay-type":"","overlay-color":"","overlay-opacity":"","overlay-gradient":""}},"ast-content-background-meta":{"desktop":{"background-color":"var(--ast-global-color-5)","background-image":"","background-repeat":"repeat","background-position":"center center","background-size":"auto","background-attachment":"scroll","background-type":"","background-media":"","overlay-type":"","overlay-color":"","overlay-opacity":"","overlay-gradient":""},"tablet":{"background-color":"var(--ast-global-color-5)","background-image":"","background-repeat":"repeat","background-position":"center center","background-size":"auto","background-attachment":"scroll","background-type":"","background-media":"","overlay-type":"","overlay-color":"","overlay-opacity":"","overlay-gradient":""},"mobile":{"background-color":"var(--ast-global-color-5)","background-image":"","background-repeat":"repeat","background-position":"center center","background-size":"auto","background-attachment":"scroll","background-type":"","background-media":"","overlay-type":"","overlay-color":"","overlay-opacity":"","overlay-gradient":""}},"_joinchat":[]},"product_brand":[],"product_cat":[36],"product_tag":[],"class_list":{"0":"post-1416","1":"product","2":"type-product","3":"status-publish","4":"has-post-thumbnail","6":"product_cat-huile-thc","7":"desktop-align-left","8":"tablet-align-left","9":"mobile-align-left","11":"first","12":"instock","13":"shipping-taxable","14":"purchasable","15":"product-type-variable"},"yoast_head":"<!-- This site is optimized with the Yoast SEO Premium plugin v24.1 (Yoast SEO v26.8) - https:\/\/yoast.com\/product\/yoast-seo-premium-wordpress\/ -->\n<title>Huile de cannabis Tangie OG THC - Beuh Paradis<\/title>\n<meta name=\"robots\" content=\"index, follow, max-snippet:-1, max-image-preview:large, max-video-preview:-1\" \/>\n<link rel=\"canonical\" href=\"https:\/\/beuhparadis.com\/de\/product\/huile-de-cannabis-tangie-og-thc\/\" \/>\n<meta property=\"og:locale\" content=\"de_DE\" \/>\n<meta property=\"og:type\" content=\"article\" \/>\n<meta property=\"og:title\" content=\"Huile de cannabis Tangie OG THC\" \/>\n<meta property=\"og:description\" content=\"THC: 62.06% CBD: 2.66% Effets M\u00e9dicaux: Parfait pour traiter des conditions telles que douleurs chroniques, fatigue, insomnie, d\u00e9pression, stress ou anxi\u00e9t\u00e9 chronique.\" \/>\n<meta property=\"og:url\" content=\"https:\/\/beuhparadis.com\/de\/product\/huile-de-cannabis-tangie-og-thc\/\" \/>\n<meta property=\"og:site_name\" content=\"Beuh Paradis\" \/>\n<meta property=\"article:modified_time\" content=\"2024-12-10T23:40:45+00:00\" \/>\n<meta name=\"twitter:card\" content=\"summary_large_image\" \/>\n<meta name=\"twitter:label1\" content=\"Gesch\u00e4tzte Lesezeit\" \/>\n\t<meta name=\"twitter:data1\" content=\"2 minutes\" \/>\n<script type=\"application\/ld+json\" class=\"yoast-schema-graph\">{\"@context\":\"https:\/\/schema.org\",\"@graph\":[{\"@type\":\"WebPage\",\"@id\":\"https:\/\/beuhparadis.com\/product\/huile-de-cannabis-tangie-og-thc\/\",\"url\":\"https:\/\/beuhparadis.com\/product\/huile-de-cannabis-tangie-og-thc\/\",\"name\":\"Huile de cannabis Tangie OG THC - Beuh Paradis\",\"isPartOf\":{\"@id\":\"https:\/\/beuhparadis.com\/#website\"},\"primaryImageOfPage\":{\"@id\":\"https:\/\/beuhparadis.com\/product\/huile-de-cannabis-tangie-og-thc\/#primaryimage\"},\"image\":{\"@id\":\"https:\/\/beuhparadis.com\/product\/huile-de-cannabis-tangie-og-thc\/#primaryimage\"},\"thumbnailUrl\":\"https:\/\/beuhparadis.com\/wp-content\/uploads\/2024\/12\/Tangie-OG-THC-Marijuana-Oil.webp\",\"datePublished\":\"2024-12-10T23:40:32+00:00\",\"dateModified\":\"2024-12-10T23:40:45+00:00\",\"breadcrumb\":{\"@id\":\"https:\/\/beuhparadis.com\/product\/huile-de-cannabis-tangie-og-thc\/#breadcrumb\"},\"inLanguage\":\"de-DE-formal\",\"potentialAction\":[{\"@type\":\"ReadAction\",\"target\":[\"https:\/\/beuhparadis.com\/product\/huile-de-cannabis-tangie-og-thc\/\"]}]},{\"@type\":\"ImageObject\",\"inLanguage\":\"de-DE-formal\",\"@id\":\"https:\/\/beuhparadis.com\/product\/huile-de-cannabis-tangie-og-thc\/#primaryimage\",\"url\":\"https:\/\/beuhparadis.com\/wp-content\/uploads\/2024\/12\/Tangie-OG-THC-Marijuana-Oil.webp\",\"contentUrl\":\"https:\/\/beuhparadis.com\/wp-content\/uploads\/2024\/12\/Tangie-OG-THC-Marijuana-Oil.webp\",\"width\":450,\"height\":450},{\"@type\":\"BreadcrumbList\",\"@id\":\"https:\/\/beuhparadis.com\/product\/huile-de-cannabis-tangie-og-thc\/#breadcrumb\",\"itemListElement\":[{\"@type\":\"ListItem\",\"position\":1,\"name\":\"Home\",\"item\":\"https:\/\/beuhparadis.com\/\"},{\"@type\":\"ListItem\",\"position\":2,\"name\":\"Shop\",\"item\":\"https:\/\/beuhparadis.com\/shop\/\"},{\"@type\":\"ListItem\",\"position\":3,\"name\":\"Huile de cannabis Tangie OG THC\"}]},{\"@type\":\"WebSite\",\"@id\":\"https:\/\/beuhparadis.com\/#website\",\"url\":\"https:\/\/beuhparadis.com\/\",\"name\":\"Beuh Paradis\",\"description\":\"\",\"potentialAction\":[{\"@type\":\"SearchAction\",\"target\":{\"@type\":\"EntryPoint\",\"urlTemplate\":\"https:\/\/beuhparadis.com\/?s={search_term_string}\"},\"query-input\":{\"@type\":\"PropertyValueSpecification\",\"valueRequired\":true,\"valueName\":\"search_term_string\"}}],\"inLanguage\":\"de-DE-formal\"}]}<\/script>\n<!-- \/ Yoast SEO Premium plugin. -->","yoast_head_json":{"title":"Cannabis\u00f6l Tangie OG THC - Beuh Paradis","robots":{"index":"index","follow":"follow","max-snippet":"max-snippet:-1","max-image-preview":"max-image-preview:large","max-video-preview":"max-video-preview:-1"},"canonical":"https:\/\/beuhparadis.com\/de\/product\/huile-de-cannabis-tangie-og-thc\/","og_locale":"de_DE","og_type":"article","og_title":"Huile de cannabis Tangie OG THC","og_description":"THC: 62.06% CBD: 2.66% Effets M\u00e9dicaux: Parfait pour traiter des conditions telles que douleurs chroniques, fatigue, insomnie, d\u00e9pression, stress ou anxi\u00e9t\u00e9 chronique.","og_url":"https:\/\/beuhparadis.com\/de\/product\/huile-de-cannabis-tangie-og-thc\/","og_site_name":"Beuh Paradis","article_modified_time":"2024-12-10T23:40:45+00:00","twitter_card":"summary_large_image","twitter_misc":{"Gesch\u00e4tzte Lesezeit":"2 minutes"},"schema":{"@context":"https:\/\/schema.org","@graph":[{"@type":"WebPage","@id":"https:\/\/beuhparadis.com\/product\/huile-de-cannabis-tangie-og-thc\/","url":"https:\/\/beuhparadis.com\/product\/huile-de-cannabis-tangie-og-thc\/","name":"Cannabis\u00f6l Tangie OG THC - Beuh Paradis","isPartOf":{"@id":"https:\/\/beuhparadis.com\/#website"},"primaryImageOfPage":{"@id":"https:\/\/beuhparadis.com\/product\/huile-de-cannabis-tangie-og-thc\/#primaryimage"},"image":{"@id":"https:\/\/beuhparadis.com\/product\/huile-de-cannabis-tangie-og-thc\/#primaryimage"},"thumbnailUrl":"https:\/\/beuhparadis.com\/wp-content\/uploads\/2024\/12\/Tangie-OG-THC-Marijuana-Oil.webp","datePublished":"2024-12-10T23:40:32+00:00","dateModified":"2024-12-10T23:40:45+00:00","breadcrumb":{"@id":"https:\/\/beuhparadis.com\/product\/huile-de-cannabis-tangie-og-thc\/#breadcrumb"},"inLanguage":"de-DE-formal","potentialAction":[{"@type":"ReadAction","target":["https:\/\/beuhparadis.com\/product\/huile-de-cannabis-tangie-og-thc\/"]}]},{"@type":"ImageObject","inLanguage":"de-DE-formal","@id":"https:\/\/beuhparadis.com\/product\/huile-de-cannabis-tangie-og-thc\/#primaryimage","url":"https:\/\/beuhparadis.com\/wp-content\/uploads\/2024\/12\/Tangie-OG-THC-Marijuana-Oil.webp","contentUrl":"https:\/\/beuhparadis.com\/wp-content\/uploads\/2024\/12\/Tangie-OG-THC-Marijuana-Oil.webp","width":450,"height":450},{"@type":"BreadcrumbList","@id":"https:\/\/beuhparadis.com\/product\/huile-de-cannabis-tangie-og-thc\/#breadcrumb","itemListElement":[{"@type":"ListItem","position":1,"name":"Home","item":"https:\/\/beuhparadis.com\/"},{"@type":"ListItem","position":2,"name":"Shop","item":"https:\/\/beuhparadis.com\/shop\/"},{"@type":"ListItem","position":3,"name":"Huile de cannabis Tangie OG THC"}]},{"@type":"WebSite","@id":"https:\/\/beuhparadis.com\/#website","url":"https:\/\/beuhparadis.com\/","name":"Gras Paradies","description":"","potentialAction":[{"@type":"SearchAction","target":{"@type":"EntryPoint","urlTemplate":"https:\/\/beuhparadis.com\/?s={search_term_string}"},"query-input":{"@type":"PropertyValueSpecification","valueRequired":true,"valueName":"search_term_string"}}],"inLanguage":"de-DE-formal"}]}},"_links":{"self":[{"href":"https:\/\/beuhparadis.com\/de\/wp-json\/wp\/v2\/product\/1416","targetHints":{"allow":["GET"]}}],"collection":[{"href":"https:\/\/beuhparadis.com\/de\/wp-json\/wp\/v2\/product"}],"about":[{"href":"https:\/\/beuhparadis.com\/de\/wp-json\/wp\/v2\/types\/product"}],"replies":[{"embeddable":true,"href":"https:\/\/beuhparadis.com\/de\/wp-json\/wp\/v2\/comments?post=1416"}],"wp:featuredmedia":[{"embeddable":true,"href":"https:\/\/beuhparadis.com\/de\/wp-json\/wp\/v2\/media\/1426"}],"wp:attachment":[{"href":"https:\/\/beuhparadis.com\/de\/wp-json\/wp\/v2\/media?parent=1416"}],"wp:term":[{"taxonomy":"product_brand","embeddable":true,"href":"https:\/\/beuhparadis.com\/de\/wp-json\/wp\/v2\/product_brand?post=1416"},{"taxonomy":"product_cat","embeddable":true,"href":"https:\/\/beuhparadis.com\/de\/wp-json\/wp\/v2\/product_cat?post=1416"},{"taxonomy":"product_tag","embeddable":true,"href":"https:\/\/beuhparadis.com\/de\/wp-json\/wp\/v2\/product_tag?post=1416"}],"curies":[{"name":"wp","href":"https:\/\/api.w.org\/{rel}","templated":true}]}}