{"id":1380,"date":"2024-12-10T23:40:08","date_gmt":"2024-12-10T23:40:08","guid":{"rendered":"https:\/\/beuhparadis.com\/?post_type=product&#038;p=1380"},"modified":"2024-12-10T23:40:29","modified_gmt":"2024-12-10T23:40:29","slug":"huile-gaia-wellness-sativa-rso-1ml","status":"publish","type":"product","link":"https:\/\/beuhparadis.com\/de\/product\/huile-gaia-wellness-sativa-rso-1ml\/","title":{"rendered":"Gaia Wellness Sativa RSO-\u00d6l 1ml"},"content":{"rendered":"<h1 class=\"wp-block-heading\">Gaia Sativa RSO \u00d6l kaufen<\/h1>\n<p>Gaia Sativa RSO-\u00d6l ist ein hochwirksamer Vollspektrum-Cannabisextrakt, der auch als Rick Simpson Oil (RSO) oder Phoenix Tears Cannabis\u00f6l bekannt ist. Durch einen sorgf\u00e4ltigen Extraktionsprozess f\u00e4ngt dieses \u00d6l alle medizinisch n\u00fctzlichen Cannabinoide aus der Cannabispflanze ein und bietet so ein starkes Heilmittel f\u00fcr den oralen Konsum. Gaia Sativa RSO \u00d6l eignet sich perfekt f\u00fcr alle, die Linderung bei Stress, Stimmungsschwankungen, Depressionen, ADHS und allen Arten von k\u00f6rperlichen Beschwerden suchen. Es zeichnet sich durch seine entspannende und kreative Wirkung aus, w\u00e4hrend es gleichzeitig die Konzentration f\u00f6rdert und Erleichterung verschafft.<\/p>\n<h2 class=\"wp-block-heading\">Zusammensetzung des THC-\u00d6ls<\/h2>\n<ul class=\"wp-block-list\">\n<li><strong>Extraktion<\/strong>: Vollspektrum-Extraktionsverfahren f\u00fcr eine effektive Medikation.<\/li>\n<li><strong>Dosierung<\/strong>: 1ml, mit Vorschl\u00e4gen f\u00fcr einen vorsichtigen und schrittweisen Gebrauch.<\/li>\n<\/ul>\n<h2 class=\"wp-block-heading\">THC und CBD<\/h2>\n<p>Das \u00d6l enth\u00e4lt eine hohe Konzentration von 46% THC mit genauen, nicht spezifizierten Prozentangaben, was seine Wirksamkeit aufgrund des Umgehungseffekts der vorhandenen Cannabinoide unterstreicht.<\/p>\n<h2 class=\"wp-block-heading\">Wo kann man Gaia Sativa RSO \u00d6l online kaufen?<\/h2>\n<p>Dieses starke Cannabis\u00f6l ist online auf spezialisierten Plattformen wie Acheterducannabis erh\u00e4ltlich und garantiert ein hochwertiges Produkt f\u00fcr Nutzer in Europa.<\/p>\n<h2 class=\"wp-block-heading\">Effekte, Aromen und Geschmack<\/h2>\n<h3 class=\"wp-block-heading\">Wirkung<\/h3>\n<ul class=\"wp-block-list\">\n<li>Bietet Entspannung, Kreativit\u00e4t, erh\u00f6hte Konzentration und tiefe Erleichterung.<\/li>\n<\/ul>\n<h3 class=\"wp-block-heading\">Aroma und Geschmack<\/h3>\n<ul class=\"wp-block-list\">\n<li>Nat\u00fcrliche Eigenschaften von Sativa-Cannabis, die Stimmungsaufhellung, Kreativit\u00e4t und verbesserte Geselligkeit f\u00f6rdern.<\/li>\n<\/ul>\n<h2 class=\"wp-block-heading\">Medizinische Effekte<\/h2>\n<h3 class=\"wp-block-heading\">Medizinische Effekte<\/h3>\n<ul class=\"wp-block-list\">\n<li>Linderung von Stress, \u00dcbelkeit, Stimmungsschwankungen, Depressionen, ADHS und k\u00f6rperlichen Schmerzen.<\/li>\n<\/ul>\n<h3 class=\"wp-block-heading\">Kann Linderung verschaffen<\/h3>\n<ul class=\"wp-block-list\">\n<li>Breites Spektrum an medizinischen Zust\u00e4nden, dank der Sativa-Natur des \u00d6ls.<\/li>\n<\/ul>\n<h2 class=\"wp-block-heading\">Die Wahl des richtigen THC-\u00d6ls<\/h2>\n<p>Entscheiden Sie sich f\u00fcr das \u00d6l Gaia Sativa RSO wegen seiner THC-Konzentration und seiner nachgewiesenen Wirksamkeit, das besonders f\u00fcr diejenigen geeignet ist, die nach Produktivit\u00e4t, Motivation und sozialer Qualit\u00e4t suchen.<\/p>\n<h2 class=\"wp-block-heading\">Verwendung von Gaia Sativa RSO-\u00d6l<\/h2>\n<p>Gaia Sativa RSO \u00d6l ist ideal f\u00fcr den oralen Verzehr, mit einer empfohlenen Anfangsdosis in der Gr\u00f6\u00dfe eines halben Reiskorns, die je nach Bedarf angepasst werden kann.<\/p>\n<h2 class=\"wp-block-heading\">Wie kann man THC-\u00d6l aufbewahren?<\/h2>\n<p>F\u00fcr eine optimale Haltbarkeit erw\u00e4rmen Sie die Spritze zur leichteren Verteilung und nehmen Sie das \u00d6l mit Nahrung zu sich. Lassen Sie zwei Stunden zu, um die volle Wirkung zu sp\u00fcren.<\/p>\n<h2 class=\"wp-block-heading\">Warum Gaia Sativa RSO \u00d6l kaufen?<\/h2>\n<p><a href=\"https:\/\/acheterducannabis.fr\/\" data-type=\"link\" data-id=\"https:\/\/acheterducannabis.fr\/\">Kaufenducannabis<\/a> ist Ihre erste Wahl f\u00fcr den Erwerb von Gaia Sativa RSO-\u00d6l und bietet ein hochkonzentriertes, z\u00e4hfl\u00fcssiges Produkt zu einem erschwinglichen Preis und mit einem au\u00dfergew\u00f6hnlichen Kundenservice.<\/p>\n<h2 class=\"wp-block-heading\">Staatliche Gesetzgebung zum Verkauf von THC-\u00d6l in Europa<\/h2>\n<p>Der Verkauf von<a href=\"https:\/\/acheterducannabis.fr\/huile-thc\/\" data-type=\"link\" data-id=\"https:\/\/acheterducannabis.fr\/huile-thc\/\">THC-\u00d6l<\/a>einschlie\u00dflich Gaia Sativa RSO-\u00d6l, wird in Europa reguliert. Es ist wichtig, dass Sie vor dem Kauf die lokale Gesetzgebung \u00fcberpr\u00fcfen, um eine konforme und sichere Erfahrung zu gew\u00e4hrleisten.<\/p>\n<p>Gaia Sativa RSO-\u00d6l stellt eine nat\u00fcrliche und kraftvolle L\u00f6sung f\u00fcr diejenigen dar, die nach einer tiefgreifenden Linderung und Verbesserung ihrer Lebensqualit\u00e4t suchen. Dieses \u00d6l ist auf Acheterducannabis erh\u00e4ltlich und verspricht ein au\u00dfergew\u00f6hnliches therapeutisches Erlebnis f\u00fcr Anwender, die nach einer wirksamen alternativen Behandlung suchen.<\/p>","protected":false},"excerpt":{"rendered":"<p><strong>THC:<\/strong> 46%<\/p>\n<p><strong>Medizinische Effekte:<\/strong> Linderung von Stress, \u00dcbelkeit, Stimmungsschwankungen, Depressionen, ADHS und k\u00f6rperlichen Schmerzen.<\/p>","protected":false},"featured_media":1400,"comment_status":"closed","ping_status":"closed","template":"","meta":{"site-sidebar-layout":"default","site-content-layout":"","ast-site-content-layout":"","site-content-style":"default","site-sidebar-style":"default","ast-global-header-display":"","ast-banner-title-visibility":"","ast-main-header-display":"","ast-hfb-above-header-display":"","ast-hfb-below-header-display":"","ast-hfb-mobile-header-display":"","site-post-title":"","ast-breadcrumbs-content":"","ast-featured-img":"","footer-sml-layout":"","theme-transparent-header-meta":"","adv-header-id-meta":"","stick-header-meta":"","header-above-stick-meta":"","header-main-stick-meta":"","header-below-stick-meta":"","astra-migrate-meta-layouts":"default","ast-page-background-enabled":"default","ast-page-background-meta":{"desktop":{"background-color":"","background-image":"","background-repeat":"repeat","background-position":"center center","background-size":"auto","background-attachment":"scroll","background-type":"","background-media":"","overlay-type":"","overlay-color":"","overlay-opacity":"","overlay-gradient":""},"tablet":{"background-color":"","background-image":"","background-repeat":"repeat","background-position":"center center","background-size":"auto","background-attachment":"scroll","background-type":"","background-media":"","overlay-type":"","overlay-color":"","overlay-opacity":"","overlay-gradient":""},"mobile":{"background-color":"","background-image":"","background-repeat":"repeat","background-position":"center center","background-size":"auto","background-attachment":"scroll","background-type":"","background-media":"","overlay-type":"","overlay-color":"","overlay-opacity":"","overlay-gradient":""}},"ast-content-background-meta":{"desktop":{"background-color":"var(--ast-global-color-5)","background-image":"","background-repeat":"repeat","background-position":"center center","background-size":"auto","background-attachment":"scroll","background-type":"","background-media":"","overlay-type":"","overlay-color":"","overlay-opacity":"","overlay-gradient":""},"tablet":{"background-color":"var(--ast-global-color-5)","background-image":"","background-repeat":"repeat","background-position":"center center","background-size":"auto","background-attachment":"scroll","background-type":"","background-media":"","overlay-type":"","overlay-color":"","overlay-opacity":"","overlay-gradient":""},"mobile":{"background-color":"var(--ast-global-color-5)","background-image":"","background-repeat":"repeat","background-position":"center center","background-size":"auto","background-attachment":"scroll","background-type":"","background-media":"","overlay-type":"","overlay-color":"","overlay-opacity":"","overlay-gradient":""}},"_joinchat":[]},"product_brand":[],"product_cat":[36],"product_tag":[],"class_list":{"0":"post-1380","1":"product","2":"type-product","3":"status-publish","4":"has-post-thumbnail","6":"product_cat-huile-thc","7":"desktop-align-left","8":"tablet-align-left","9":"mobile-align-left","11":"first","12":"outofstock","13":"shipping-taxable","14":"product-type-variable"},"yoast_head":"<!-- This site is optimized with the Yoast SEO Premium plugin v24.1 (Yoast SEO v26.8) - https:\/\/yoast.com\/product\/yoast-seo-premium-wordpress\/ -->\n<title>Huile Gaia Wellness Sativa RSO 1ml - Beuh Paradis<\/title>\n<meta name=\"robots\" content=\"index, follow, max-snippet:-1, max-image-preview:large, max-video-preview:-1\" \/>\n<link rel=\"canonical\" href=\"https:\/\/beuhparadis.com\/de\/product\/huile-gaia-wellness-sativa-rso-1ml\/\" \/>\n<meta property=\"og:locale\" content=\"de_DE\" \/>\n<meta property=\"og:type\" content=\"article\" \/>\n<meta property=\"og:title\" content=\"Huile Gaia Wellness Sativa RSO 1ml\" \/>\n<meta property=\"og:description\" content=\"THC: 46% Effets M\u00e9dicaux: Soulagement du stress, des naus\u00e9es, des troubles de l&rsquo;humeur, de la d\u00e9pression, du TDAH, et des douleurs corporelles.\" \/>\n<meta property=\"og:url\" content=\"https:\/\/beuhparadis.com\/de\/product\/huile-gaia-wellness-sativa-rso-1ml\/\" \/>\n<meta property=\"og:site_name\" content=\"Beuh Paradis\" \/>\n<meta property=\"article:modified_time\" content=\"2024-12-10T23:40:29+00:00\" \/>\n<meta name=\"twitter:card\" content=\"summary_large_image\" \/>\n<meta name=\"twitter:label1\" content=\"Gesch\u00e4tzte Lesezeit\" \/>\n\t<meta name=\"twitter:data1\" content=\"3 minutes\" \/>\n<script type=\"application\/ld+json\" class=\"yoast-schema-graph\">{\"@context\":\"https:\/\/schema.org\",\"@graph\":[{\"@type\":\"WebPage\",\"@id\":\"https:\/\/beuhparadis.com\/product\/huile-gaia-wellness-sativa-rso-1ml\/\",\"url\":\"https:\/\/beuhparadis.com\/product\/huile-gaia-wellness-sativa-rso-1ml\/\",\"name\":\"Huile Gaia Wellness Sativa RSO 1ml - Beuh Paradis\",\"isPartOf\":{\"@id\":\"https:\/\/beuhparadis.com\/#website\"},\"primaryImageOfPage\":{\"@id\":\"https:\/\/beuhparadis.com\/product\/huile-gaia-wellness-sativa-rso-1ml\/#primaryimage\"},\"image\":{\"@id\":\"https:\/\/beuhparadis.com\/product\/huile-gaia-wellness-sativa-rso-1ml\/#primaryimage\"},\"thumbnailUrl\":\"https:\/\/beuhparadis.com\/wp-content\/uploads\/2024\/12\/Gaia-Wellness-Sativa-RSO-Oil-1ml.webp\",\"datePublished\":\"2024-12-10T23:40:08+00:00\",\"dateModified\":\"2024-12-10T23:40:29+00:00\",\"breadcrumb\":{\"@id\":\"https:\/\/beuhparadis.com\/product\/huile-gaia-wellness-sativa-rso-1ml\/#breadcrumb\"},\"inLanguage\":\"de-DE-formal\",\"potentialAction\":[{\"@type\":\"ReadAction\",\"target\":[\"https:\/\/beuhparadis.com\/product\/huile-gaia-wellness-sativa-rso-1ml\/\"]}]},{\"@type\":\"ImageObject\",\"inLanguage\":\"de-DE-formal\",\"@id\":\"https:\/\/beuhparadis.com\/product\/huile-gaia-wellness-sativa-rso-1ml\/#primaryimage\",\"url\":\"https:\/\/beuhparadis.com\/wp-content\/uploads\/2024\/12\/Gaia-Wellness-Sativa-RSO-Oil-1ml.webp\",\"contentUrl\":\"https:\/\/beuhparadis.com\/wp-content\/uploads\/2024\/12\/Gaia-Wellness-Sativa-RSO-Oil-1ml.webp\",\"width\":1000,\"height\":1000},{\"@type\":\"BreadcrumbList\",\"@id\":\"https:\/\/beuhparadis.com\/product\/huile-gaia-wellness-sativa-rso-1ml\/#breadcrumb\",\"itemListElement\":[{\"@type\":\"ListItem\",\"position\":1,\"name\":\"Home\",\"item\":\"https:\/\/beuhparadis.com\/\"},{\"@type\":\"ListItem\",\"position\":2,\"name\":\"Shop\",\"item\":\"https:\/\/beuhparadis.com\/shop\/\"},{\"@type\":\"ListItem\",\"position\":3,\"name\":\"Huile Gaia Wellness Sativa RSO 1ml\"}]},{\"@type\":\"WebSite\",\"@id\":\"https:\/\/beuhparadis.com\/#website\",\"url\":\"https:\/\/beuhparadis.com\/\",\"name\":\"Beuh Paradis\",\"description\":\"\",\"potentialAction\":[{\"@type\":\"SearchAction\",\"target\":{\"@type\":\"EntryPoint\",\"urlTemplate\":\"https:\/\/beuhparadis.com\/?s={search_term_string}\"},\"query-input\":{\"@type\":\"PropertyValueSpecification\",\"valueRequired\":true,\"valueName\":\"search_term_string\"}}],\"inLanguage\":\"de-DE-formal\"}]}<\/script>\n<!-- \/ Yoast SEO Premium plugin. -->","yoast_head_json":{"title":"Gaia Wellness Sativa RSO \u00d6l 1ml - Beuh Paradis","robots":{"index":"index","follow":"follow","max-snippet":"max-snippet:-1","max-image-preview":"max-image-preview:large","max-video-preview":"max-video-preview:-1"},"canonical":"https:\/\/beuhparadis.com\/de\/product\/huile-gaia-wellness-sativa-rso-1ml\/","og_locale":"de_DE","og_type":"article","og_title":"Huile Gaia Wellness Sativa RSO 1ml","og_description":"THC: 46% Effets M\u00e9dicaux: Soulagement du stress, des naus\u00e9es, des troubles de l&rsquo;humeur, de la d\u00e9pression, du TDAH, et des douleurs corporelles.","og_url":"https:\/\/beuhparadis.com\/de\/product\/huile-gaia-wellness-sativa-rso-1ml\/","og_site_name":"Beuh Paradis","article_modified_time":"2024-12-10T23:40:29+00:00","twitter_card":"summary_large_image","twitter_misc":{"Gesch\u00e4tzte Lesezeit":"3 minutes"},"schema":{"@context":"https:\/\/schema.org","@graph":[{"@type":"WebPage","@id":"https:\/\/beuhparadis.com\/product\/huile-gaia-wellness-sativa-rso-1ml\/","url":"https:\/\/beuhparadis.com\/product\/huile-gaia-wellness-sativa-rso-1ml\/","name":"Gaia Wellness Sativa RSO \u00d6l 1ml - Beuh Paradis","isPartOf":{"@id":"https:\/\/beuhparadis.com\/#website"},"primaryImageOfPage":{"@id":"https:\/\/beuhparadis.com\/product\/huile-gaia-wellness-sativa-rso-1ml\/#primaryimage"},"image":{"@id":"https:\/\/beuhparadis.com\/product\/huile-gaia-wellness-sativa-rso-1ml\/#primaryimage"},"thumbnailUrl":"https:\/\/beuhparadis.com\/wp-content\/uploads\/2024\/12\/Gaia-Wellness-Sativa-RSO-Oil-1ml.webp","datePublished":"2024-12-10T23:40:08+00:00","dateModified":"2024-12-10T23:40:29+00:00","breadcrumb":{"@id":"https:\/\/beuhparadis.com\/product\/huile-gaia-wellness-sativa-rso-1ml\/#breadcrumb"},"inLanguage":"de-DE-formal","potentialAction":[{"@type":"ReadAction","target":["https:\/\/beuhparadis.com\/product\/huile-gaia-wellness-sativa-rso-1ml\/"]}]},{"@type":"ImageObject","inLanguage":"de-DE-formal","@id":"https:\/\/beuhparadis.com\/product\/huile-gaia-wellness-sativa-rso-1ml\/#primaryimage","url":"https:\/\/beuhparadis.com\/wp-content\/uploads\/2024\/12\/Gaia-Wellness-Sativa-RSO-Oil-1ml.webp","contentUrl":"https:\/\/beuhparadis.com\/wp-content\/uploads\/2024\/12\/Gaia-Wellness-Sativa-RSO-Oil-1ml.webp","width":1000,"height":1000},{"@type":"BreadcrumbList","@id":"https:\/\/beuhparadis.com\/product\/huile-gaia-wellness-sativa-rso-1ml\/#breadcrumb","itemListElement":[{"@type":"ListItem","position":1,"name":"Home","item":"https:\/\/beuhparadis.com\/"},{"@type":"ListItem","position":2,"name":"Shop","item":"https:\/\/beuhparadis.com\/shop\/"},{"@type":"ListItem","position":3,"name":"Huile Gaia Wellness Sativa RSO 1ml"}]},{"@type":"WebSite","@id":"https:\/\/beuhparadis.com\/#website","url":"https:\/\/beuhparadis.com\/","name":"Gras Paradies","description":"","potentialAction":[{"@type":"SearchAction","target":{"@type":"EntryPoint","urlTemplate":"https:\/\/beuhparadis.com\/?s={search_term_string}"},"query-input":{"@type":"PropertyValueSpecification","valueRequired":true,"valueName":"search_term_string"}}],"inLanguage":"de-DE-formal"}]}},"_links":{"self":[{"href":"https:\/\/beuhparadis.com\/de\/wp-json\/wp\/v2\/product\/1380","targetHints":{"allow":["GET"]}}],"collection":[{"href":"https:\/\/beuhparadis.com\/de\/wp-json\/wp\/v2\/product"}],"about":[{"href":"https:\/\/beuhparadis.com\/de\/wp-json\/wp\/v2\/types\/product"}],"replies":[{"embeddable":true,"href":"https:\/\/beuhparadis.com\/de\/wp-json\/wp\/v2\/comments?post=1380"}],"wp:featuredmedia":[{"embeddable":true,"href":"https:\/\/beuhparadis.com\/de\/wp-json\/wp\/v2\/media\/1400"}],"wp:attachment":[{"href":"https:\/\/beuhparadis.com\/de\/wp-json\/wp\/v2\/media?parent=1380"}],"wp:term":[{"taxonomy":"product_brand","embeddable":true,"href":"https:\/\/beuhparadis.com\/de\/wp-json\/wp\/v2\/product_brand?post=1380"},{"taxonomy":"product_cat","embeddable":true,"href":"https:\/\/beuhparadis.com\/de\/wp-json\/wp\/v2\/product_cat?post=1380"},{"taxonomy":"product_tag","embeddable":true,"href":"https:\/\/beuhparadis.com\/de\/wp-json\/wp\/v2\/product_tag?post=1380"}],"curies":[{"name":"wp","href":"https:\/\/api.w.org\/{rel}","templated":true}]}}