{"id":1368,"date":"2024-12-10T23:40:08","date_gmt":"2024-12-10T23:40:08","guid":{"rendered":"https:\/\/beuhparadis.com\/?post_type=product&#038;p=1368"},"modified":"2024-12-10T23:40:29","modified_gmt":"2024-12-10T23:40:29","slug":"huile-de-cannabis-rick-simpson","status":"publish","type":"product","link":"https:\/\/beuhparadis.com\/de\/product\/huile-de-cannabis-rick-simpson\/","title":{"rendered":"Cannabis\u00f6l Rick Simpson"},"content":{"rendered":"<h1 class=\"wp-block-heading\">Kaufen Sie \u00d6l von Rick Simpson (RSO)<\/h1>\n<p>Rick Simpson Oil ist ein konzentrierter Extrakt aus Cannabis, der f\u00fcr seine zahlreichen medizinischen Eigenschaften bekannt ist. Das f\u00fcr seine THC- und CBD-reiche Zusammensetzung bekannte \u00d6l, das auch unter dem Akronym RSO (Rick Simpson Oil) bekannt ist, wird h\u00e4ufig wegen seiner positiven Auswirkungen bei der Behandlung verschiedener medizinischer Zust\u00e4nde zitiert. Hier finden Sie einen umfassenden Leitfaden zu Rick Simpson Oil, von der Zusammensetzung \u00fcber die Verwendungsm\u00f6glichkeiten bis hin zu Tipps f\u00fcr den Kauf und die Aufbewahrung.<\/p>\n<h2 class=\"wp-block-heading\">Zusammensetzung von THC-\u00d6l<\/h2>\n<ul class=\"wp-block-list\">\n<li><strong>Zusammensetzung<\/strong>: Aus den Knospen und \u00e4therischen \u00d6len der Cannabispflanze gewonnen, ist das franz\u00f6sische Rick Simpson \u00d6l f\u00fcr seine hohe Qualit\u00e4t bekannt.<\/li>\n<li><strong>Gemeinsamer Name<\/strong>: Bekannt als \"Pheonix Tears\" oder \"Hasch\u00f6l\", zeichnet sich das Rick Simpson RSO \u00d6l durch seine St\u00e4rke aus.<\/li>\n<li><strong>Dosierung<\/strong>: Pr\u00e4zise kontrolliert, um eine medizinische Konsistenz mit Rick Simpson \u00d6l zu gew\u00e4hrleisten.<\/li>\n<\/ul>\n<h2 class=\"wp-block-heading\">THC und CBD<\/h2>\n<p>Rick Simpson \u00d6l enth\u00e4lt eine hohe Konzentration von 80 % THC und einen Anteil von 15% CBD, was zu seinem therapeutischen Potenzial beitr\u00e4gt.<\/p>\n<h2 class=\"wp-block-heading\">Wo kann man Rick Simpsons \u00d6l online kaufen?<\/h2>\n<p>In Europa erh\u00e4ltlich, k\u00f6nnen Sie Rick Simpson \u00d6l online auf spezialisierten Plattformen wie Acheterducannabis kaufen, die ein Produkt von h\u00f6chster Qualit\u00e4t garantieren.<\/p>\n<h2 class=\"wp-block-heading\">Effekte, Aromen und Geschmack<\/h2>\n<h3 class=\"wp-block-heading\">Wirkung<\/h3>\n<ul class=\"wp-block-list\">\n<li>Rick Simpson Oil bietet eine nat\u00fcrliche und sichere Behandlung f\u00fcr fast alle medizinischen Beschwerden ohne negative Nebenwirkungen.<\/li>\n<\/ul>\n<h3 class=\"wp-block-heading\">Aroma und Geschmack<\/h3>\n<ul class=\"wp-block-list\">\n<li>Das aus Cannabis hergestellte medizinische Konzentrat Rick Simpson French Oil hat keine besonderen Aroma- oder Geschmacksspezifikationen.<\/li>\n<\/ul>\n<h2 class=\"wp-block-heading\">Medizinische Effekte<\/h2>\n<h3 class=\"wp-block-heading\">Medizinische Effekte<\/h3>\n<ul class=\"wp-block-list\">\n<li>Rick Simpson RSO-\u00d6l ist eine potenzielle Behandlungsmethode f\u00fcr Krebs, Diabetes, chronische Schmerzen, HIV\/AIDS und viele andere Erkrankungen.<\/li>\n<\/ul>\n<h3 class=\"wp-block-heading\">Kann Linderung verschaffen<\/h3>\n<ul class=\"wp-block-list\">\n<li>Eine breite Palette von Krankheiten, darunter neurologische St\u00f6rungen, Herz-Kreislauf-Erkrankungen und hormonelle Ungleichgewichte mit Rick Simpson \u00d6l.<\/li>\n<\/ul>\n<h2 class=\"wp-block-heading\">Die Wahl des richtigen THC-\u00d6ls<\/h2>\n<ul class=\"wp-block-list\">\n<li>Es ist entscheidend, ein hochwertiges THC-\u00d6l wie Rick Simpson zu w\u00e4hlen, das unabh\u00e4ngig getestet wurde, um seine Potenz und Reinheit zu gew\u00e4hrleisten.<\/li>\n<\/ul>\n<h2 class=\"wp-block-heading\">Anwendungen des \u00d6ls von Rick Simpson<\/h2>\n<p>Rick-Simpson-\u00d6l wird als alternative Behandlung f\u00fcr viele medizinische Zust\u00e4nde verwendet und bietet ein Heilungspotenzial ohne die Nebenwirkungen herk\u00f6mmlicher Behandlungen.<\/p>\n<h2 class=\"wp-block-heading\">Wie kann man THC-\u00d6l aufbewahren?<\/h2>\n<p>Um es optimal zu lagern, sollte Rick Simpson \u00d6l an einem k\u00fchlen, dunklen Ort aufbewahrt werden, idealerweise in einem luftdichten Beh\u00e4lter, damit seine Kraft erhalten bleibt.<\/p>\n<h2 class=\"wp-block-heading\">Warum Rick Simpson's \u00d6l bei Cannabis kaufen?<\/h2>\n<p><a href=\"https:\/\/acheterducannabis.fr\/\" data-type=\"link\" data-id=\"https:\/\/acheterducannabis.fr\/\">Kaufenducannabis<\/a> zeichnet sich durch sein Engagement aus, Rick Simpson \u00d6l von h\u00f6chster Qualit\u00e4t zu einem erschwinglichen Preis zu liefern, mit einem au\u00dfergew\u00f6hnlichen Kundenservice f\u00fcr diejenigen, die Rick Simpson \u00d6l kaufen m\u00f6chten.<\/p>\n<h2 class=\"wp-block-heading\">Staatliche Gesetzgebung zum Verkauf von THC-\u00d6l in Europa<\/h2>\n<p>Die Vorschriften \u00fcber den Verkauf von<a href=\"https:\/\/acheterducannabis.fr\/huile-thc\/\" data-type=\"link\" data-id=\"https:\/\/acheterducannabis.fr\/huile-thc\/\">THC-\u00d6l<\/a>einschlie\u00dflich Rick Simpson \u00d6l, variiert in Europa. Es ist wichtig, dass Sie sich vor dem Kauf von Rick Simpson \u00d6l \u00fcber die \u00f6rtlichen Gesetze informieren, um sicherzustellen, dass Sie eine konforme und sichere Erfahrung machen.<\/p>\n<p>Das \u00d6l von <a href=\"https:\/\/www.kalapa-clinic.com\/fr\/rick-simpson-oil-contre-cancer\/#:~:text=Rick%20Simpson%20Oil%20(RSO)%20est,une%20concentration%20%C3%A9lev%C3%A9e%20de%20THC.\" data-type=\"link\" data-id=\"https:\/\/www.kalapa-clinic.com\/fr\/rick-simpson-oil-contre-cancer\/#:~:text=Rick%20Simpson%20Oil%20(RSO)%20est,une%20concentration%20%C3%A9lev%C3%A9e%20de%20THC.\">Rick Simpson<\/a> stellt einen bedeutenden Fortschritt in der Welt der alternativen Medizin dar und bietet ein immenses therapeutisches Potenzial f\u00fcr eine Vielzahl von medizinischen Zust\u00e4nden. Dieses \u00d6l ist auf Acheterducannabis erh\u00e4ltlich und verspricht eine nat\u00fcrliche und wirksame L\u00f6sung f\u00fcr diejenigen, die eine alternative Behandlung ihrer Beschwerden suchen.<\/p>\n<p><img decoding=\"async\" class=\"wp-image-10267\" style=\"width: 1000px\" src=\"https:\/\/acheterducannabis.fr\/wp-content\/uploads\/2024\/03\/RSO-Dosage-chart.webp\" alt=\"\"><\/p>","protected":false},"excerpt":{"rendered":"<p><strong>THC:<\/strong> 80%<br \/> <strong>CBD:<\/strong> 15%<\/p>\n<p><strong>Medizinische Effekte: <\/strong>Rick Simpson RSO-\u00d6l ist eine potenzielle Behandlungsmethode f\u00fcr Krebs, Diabetes, chronische Schmerzen, HIV\/AIDS und viele andere Erkrankungen.<\/p>","protected":false},"featured_media":1398,"comment_status":"closed","ping_status":"closed","template":"","meta":{"site-sidebar-layout":"default","site-content-layout":"","ast-site-content-layout":"","site-content-style":"default","site-sidebar-style":"default","ast-global-header-display":"","ast-banner-title-visibility":"","ast-main-header-display":"","ast-hfb-above-header-display":"","ast-hfb-below-header-display":"","ast-hfb-mobile-header-display":"","site-post-title":"","ast-breadcrumbs-content":"","ast-featured-img":"","footer-sml-layout":"","theme-transparent-header-meta":"","adv-header-id-meta":"","stick-header-meta":"","header-above-stick-meta":"","header-main-stick-meta":"","header-below-stick-meta":"","astra-migrate-meta-layouts":"default","ast-page-background-enabled":"default","ast-page-background-meta":{"desktop":{"background-color":"","background-image":"","background-repeat":"repeat","background-position":"center center","background-size":"auto","background-attachment":"scroll","background-type":"","background-media":"","overlay-type":"","overlay-color":"","overlay-opacity":"","overlay-gradient":""},"tablet":{"background-color":"","background-image":"","background-repeat":"repeat","background-position":"center center","background-size":"auto","background-attachment":"scroll","background-type":"","background-media":"","overlay-type":"","overlay-color":"","overlay-opacity":"","overlay-gradient":""},"mobile":{"background-color":"","background-image":"","background-repeat":"repeat","background-position":"center center","background-size":"auto","background-attachment":"scroll","background-type":"","background-media":"","overlay-type":"","overlay-color":"","overlay-opacity":"","overlay-gradient":""}},"ast-content-background-meta":{"desktop":{"background-color":"var(--ast-global-color-5)","background-image":"","background-repeat":"repeat","background-position":"center center","background-size":"auto","background-attachment":"scroll","background-type":"","background-media":"","overlay-type":"","overlay-color":"","overlay-opacity":"","overlay-gradient":""},"tablet":{"background-color":"var(--ast-global-color-5)","background-image":"","background-repeat":"repeat","background-position":"center center","background-size":"auto","background-attachment":"scroll","background-type":"","background-media":"","overlay-type":"","overlay-color":"","overlay-opacity":"","overlay-gradient":""},"mobile":{"background-color":"var(--ast-global-color-5)","background-image":"","background-repeat":"repeat","background-position":"center center","background-size":"auto","background-attachment":"scroll","background-type":"","background-media":"","overlay-type":"","overlay-color":"","overlay-opacity":"","overlay-gradient":""}},"_joinchat":[]},"product_brand":[],"product_cat":[36],"product_tag":[],"class_list":{"0":"post-1368","1":"product","2":"type-product","3":"status-publish","4":"has-post-thumbnail","6":"product_cat-huile-thc","7":"desktop-align-left","8":"tablet-align-left","9":"mobile-align-left","11":"first","12":"instock","13":"shipping-taxable","14":"purchasable","15":"product-type-variable"},"yoast_head":"<!-- This site is optimized with the Yoast SEO Premium plugin v24.1 (Yoast SEO v26.8) - https:\/\/yoast.com\/product\/yoast-seo-premium-wordpress\/ -->\n<title>Huile de cannabis Rick Simpson - Beuh Paradis<\/title>\n<meta name=\"robots\" content=\"index, follow, max-snippet:-1, max-image-preview:large, max-video-preview:-1\" \/>\n<link rel=\"canonical\" href=\"https:\/\/beuhparadis.com\/de\/product\/huile-de-cannabis-rick-simpson\/\" \/>\n<meta property=\"og:locale\" content=\"de_DE\" \/>\n<meta property=\"og:type\" content=\"article\" \/>\n<meta property=\"og:title\" content=\"Huile de cannabis Rick Simpson\" \/>\n<meta property=\"og:description\" content=\"THC: 80% CBD: 15% Effets M\u00e9dicaux: L&rsquo;huile Rick Simpson RSO est un traitement potentiel pour le cancer, le diab\u00e8te, la douleur chronique, le VIH\/SIDA, et bien d&rsquo;autres conditions.\" \/>\n<meta property=\"og:url\" content=\"https:\/\/beuhparadis.com\/de\/product\/huile-de-cannabis-rick-simpson\/\" \/>\n<meta property=\"og:site_name\" content=\"Beuh Paradis\" \/>\n<meta property=\"article:modified_time\" content=\"2024-12-10T23:40:29+00:00\" \/>\n<meta property=\"og:image\" content=\"https:\/\/acheterducannabis.fr\/wp-content\/uploads\/2024\/03\/RSO-Dosage-chart.webp\" \/>\n<meta name=\"twitter:card\" content=\"summary_large_image\" \/>\n<meta name=\"twitter:label1\" content=\"Gesch\u00e4tzte Lesezeit\" \/>\n\t<meta name=\"twitter:data1\" content=\"3 minutes\" \/>\n<script type=\"application\/ld+json\" class=\"yoast-schema-graph\">{\"@context\":\"https:\/\/schema.org\",\"@graph\":[{\"@type\":\"WebPage\",\"@id\":\"https:\/\/beuhparadis.com\/product\/huile-de-cannabis-rick-simpson\/\",\"url\":\"https:\/\/beuhparadis.com\/product\/huile-de-cannabis-rick-simpson\/\",\"name\":\"Huile de cannabis Rick Simpson - Beuh Paradis\",\"isPartOf\":{\"@id\":\"https:\/\/beuhparadis.com\/#website\"},\"primaryImageOfPage\":{\"@id\":\"https:\/\/beuhparadis.com\/product\/huile-de-cannabis-rick-simpson\/#primaryimage\"},\"image\":{\"@id\":\"https:\/\/beuhparadis.com\/product\/huile-de-cannabis-rick-simpson\/#primaryimage\"},\"thumbnailUrl\":\"https:\/\/beuhparadis.com\/wp-content\/uploads\/2024\/12\/Rick-Simpson-Cannabis-Oil.webp\",\"datePublished\":\"2024-12-10T23:40:08+00:00\",\"dateModified\":\"2024-12-10T23:40:29+00:00\",\"breadcrumb\":{\"@id\":\"https:\/\/beuhparadis.com\/product\/huile-de-cannabis-rick-simpson\/#breadcrumb\"},\"inLanguage\":\"de-DE-formal\",\"potentialAction\":[{\"@type\":\"ReadAction\",\"target\":[\"https:\/\/beuhparadis.com\/product\/huile-de-cannabis-rick-simpson\/\"]}]},{\"@type\":\"ImageObject\",\"inLanguage\":\"de-DE-formal\",\"@id\":\"https:\/\/beuhparadis.com\/product\/huile-de-cannabis-rick-simpson\/#primaryimage\",\"url\":\"https:\/\/beuhparadis.com\/wp-content\/uploads\/2024\/12\/Rick-Simpson-Cannabis-Oil.webp\",\"contentUrl\":\"https:\/\/beuhparadis.com\/wp-content\/uploads\/2024\/12\/Rick-Simpson-Cannabis-Oil.webp\",\"width\":1000,\"height\":1000},{\"@type\":\"BreadcrumbList\",\"@id\":\"https:\/\/beuhparadis.com\/product\/huile-de-cannabis-rick-simpson\/#breadcrumb\",\"itemListElement\":[{\"@type\":\"ListItem\",\"position\":1,\"name\":\"Home\",\"item\":\"https:\/\/beuhparadis.com\/\"},{\"@type\":\"ListItem\",\"position\":2,\"name\":\"Shop\",\"item\":\"https:\/\/beuhparadis.com\/shop\/\"},{\"@type\":\"ListItem\",\"position\":3,\"name\":\"Huile de cannabis Rick Simpson\"}]},{\"@type\":\"WebSite\",\"@id\":\"https:\/\/beuhparadis.com\/#website\",\"url\":\"https:\/\/beuhparadis.com\/\",\"name\":\"Beuh Paradis\",\"description\":\"\",\"potentialAction\":[{\"@type\":\"SearchAction\",\"target\":{\"@type\":\"EntryPoint\",\"urlTemplate\":\"https:\/\/beuhparadis.com\/?s={search_term_string}\"},\"query-input\":{\"@type\":\"PropertyValueSpecification\",\"valueRequired\":true,\"valueName\":\"search_term_string\"}}],\"inLanguage\":\"de-DE-formal\"}]}<\/script>\n<!-- \/ Yoast SEO Premium plugin. -->","yoast_head_json":{"title":"Cannabis\u00f6l Rick Simpson - Beuh Paradis","robots":{"index":"index","follow":"follow","max-snippet":"max-snippet:-1","max-image-preview":"max-image-preview:large","max-video-preview":"max-video-preview:-1"},"canonical":"https:\/\/beuhparadis.com\/de\/product\/huile-de-cannabis-rick-simpson\/","og_locale":"de_DE","og_type":"article","og_title":"Huile de cannabis Rick Simpson","og_description":"THC: 80% CBD: 15% Effets M\u00e9dicaux: L&rsquo;huile Rick Simpson RSO est un traitement potentiel pour le cancer, le diab\u00e8te, la douleur chronique, le VIH\/SIDA, et bien d&rsquo;autres conditions.","og_url":"https:\/\/beuhparadis.com\/de\/product\/huile-de-cannabis-rick-simpson\/","og_site_name":"Beuh Paradis","article_modified_time":"2024-12-10T23:40:29+00:00","og_image":[{"url":"https:\/\/acheterducannabis.fr\/wp-content\/uploads\/2024\/03\/RSO-Dosage-chart.webp","type":"","width":"","height":""}],"twitter_card":"summary_large_image","twitter_misc":{"Gesch\u00e4tzte Lesezeit":"3 minutes"},"schema":{"@context":"https:\/\/schema.org","@graph":[{"@type":"WebPage","@id":"https:\/\/beuhparadis.com\/product\/huile-de-cannabis-rick-simpson\/","url":"https:\/\/beuhparadis.com\/product\/huile-de-cannabis-rick-simpson\/","name":"Cannabis\u00f6l Rick Simpson - Beuh Paradis","isPartOf":{"@id":"https:\/\/beuhparadis.com\/#website"},"primaryImageOfPage":{"@id":"https:\/\/beuhparadis.com\/product\/huile-de-cannabis-rick-simpson\/#primaryimage"},"image":{"@id":"https:\/\/beuhparadis.com\/product\/huile-de-cannabis-rick-simpson\/#primaryimage"},"thumbnailUrl":"https:\/\/beuhparadis.com\/wp-content\/uploads\/2024\/12\/Rick-Simpson-Cannabis-Oil.webp","datePublished":"2024-12-10T23:40:08+00:00","dateModified":"2024-12-10T23:40:29+00:00","breadcrumb":{"@id":"https:\/\/beuhparadis.com\/product\/huile-de-cannabis-rick-simpson\/#breadcrumb"},"inLanguage":"de-DE-formal","potentialAction":[{"@type":"ReadAction","target":["https:\/\/beuhparadis.com\/product\/huile-de-cannabis-rick-simpson\/"]}]},{"@type":"ImageObject","inLanguage":"de-DE-formal","@id":"https:\/\/beuhparadis.com\/product\/huile-de-cannabis-rick-simpson\/#primaryimage","url":"https:\/\/beuhparadis.com\/wp-content\/uploads\/2024\/12\/Rick-Simpson-Cannabis-Oil.webp","contentUrl":"https:\/\/beuhparadis.com\/wp-content\/uploads\/2024\/12\/Rick-Simpson-Cannabis-Oil.webp","width":1000,"height":1000},{"@type":"BreadcrumbList","@id":"https:\/\/beuhparadis.com\/product\/huile-de-cannabis-rick-simpson\/#breadcrumb","itemListElement":[{"@type":"ListItem","position":1,"name":"Home","item":"https:\/\/beuhparadis.com\/"},{"@type":"ListItem","position":2,"name":"Shop","item":"https:\/\/beuhparadis.com\/shop\/"},{"@type":"ListItem","position":3,"name":"Huile de cannabis Rick Simpson"}]},{"@type":"WebSite","@id":"https:\/\/beuhparadis.com\/#website","url":"https:\/\/beuhparadis.com\/","name":"Gras Paradies","description":"","potentialAction":[{"@type":"SearchAction","target":{"@type":"EntryPoint","urlTemplate":"https:\/\/beuhparadis.com\/?s={search_term_string}"},"query-input":{"@type":"PropertyValueSpecification","valueRequired":true,"valueName":"search_term_string"}}],"inLanguage":"de-DE-formal"}]}},"_links":{"self":[{"href":"https:\/\/beuhparadis.com\/de\/wp-json\/wp\/v2\/product\/1368","targetHints":{"allow":["GET"]}}],"collection":[{"href":"https:\/\/beuhparadis.com\/de\/wp-json\/wp\/v2\/product"}],"about":[{"href":"https:\/\/beuhparadis.com\/de\/wp-json\/wp\/v2\/types\/product"}],"replies":[{"embeddable":true,"href":"https:\/\/beuhparadis.com\/de\/wp-json\/wp\/v2\/comments?post=1368"}],"wp:featuredmedia":[{"embeddable":true,"href":"https:\/\/beuhparadis.com\/de\/wp-json\/wp\/v2\/media\/1398"}],"wp:attachment":[{"href":"https:\/\/beuhparadis.com\/de\/wp-json\/wp\/v2\/media?parent=1368"}],"wp:term":[{"taxonomy":"product_brand","embeddable":true,"href":"https:\/\/beuhparadis.com\/de\/wp-json\/wp\/v2\/product_brand?post=1368"},{"taxonomy":"product_cat","embeddable":true,"href":"https:\/\/beuhparadis.com\/de\/wp-json\/wp\/v2\/product_cat?post=1368"},{"taxonomy":"product_tag","embeddable":true,"href":"https:\/\/beuhparadis.com\/de\/wp-json\/wp\/v2\/product_tag?post=1368"}],"curies":[{"name":"wp","href":"https:\/\/api.w.org\/{rel}","templated":true}]}}