{"id":1251,"date":"2024-12-10T23:39:22","date_gmt":"2024-12-10T23:39:22","guid":{"rendered":"https:\/\/beuhparadis.com\/?post_type=product&#038;p=1251"},"modified":"2025-01-27T04:53:39","modified_gmt":"2025-01-27T04:53:39","slug":"miel-bananes-thc-live-rosin-diamonds","status":"publish","type":"product","link":"https:\/\/beuhparadis.com\/de\/product\/miel-bananes-thc-live-rosin-diamonds\/","title":{"rendered":"Honig Bananen THC Live Rosin Diamonds"},"content":{"rendered":"<h3><strong>Honig Bananen THC Live Rosin Diamonds - Premium Cannabis Konzentrat<\/strong><\/h3>\n<h4><strong>\u00a0Entdecken Sie Honig Bananen THC Live Rosin Diamonds auf Beuh Paradis<\/strong><\/h4>\n<p><strong>Honig Bananen THC Live Rosin Diamonds<\/strong>, verf\u00fcgbar unter <strong>Gras Paradies<\/strong>ist ein hochwertiges Cannabiskonzentrat, das f\u00fcr seinen s\u00fc\u00dfen, fruchtigen Geschmack und seine au\u00dfergew\u00f6hnliche Reinheit bekannt ist. Dieses Konzentrat wird aus frischen, hochwertigen Cannabisbl\u00fcten hergestellt und bietet ein unvergessliches Erlebnis, das Kraft und Geschmack vereint. Seine l\u00f6sungsmittelfreie Extraktion bewahrt die nat\u00fcrlichen Terpene und sorgt so f\u00fcr einen sauberen und angenehmen Konsum.<\/p>\n<h4><strong>\u00a0Die Diamonds Weed Features<\/strong><\/h4>\n<ul>\n<li><strong>Einzigartiger Geschmack :<\/strong> Genie\u00dfen Sie das k\u00f6stliche Aroma s\u00fc\u00dfer Bananen, begleitet von einem dezenten Hauch von Honig, und bieten Sie so ein unvergleichliches Geschmackserlebnis.<\/li>\n<li><strong>Au\u00dfergew\u00f6hnliche Leistung :<\/strong> Mit einem hohen Anteil an <strong>THC<\/strong>Dieses Konzentrat liefert starke und schnelle Effekte, die ideal f\u00fcr erfahrene Anwender sind.<\/li>\n<li><strong>Reine Extraktion :<\/strong> Dieses Konzentrat wird ohne L\u00f6sungsmittel hergestellt, wodurch die Reinheit des Cannabis und seine nat\u00fcrlichen Eigenschaften erhalten bleiben.<\/li>\n<li><strong>Entspannende und euphorisierende Effekte :<\/strong> Perfekt, um sich nach einem anstrengenden Tag zu entspannen und gleichzeitig die Kreativit\u00e4t und gute Laune zu f\u00f6rdern.<\/li>\n<\/ul>\n<h4><strong>\u00a0Warum Gras auf Beuh Paradis w\u00e4hlen?<\/strong><\/h4>\n<p>Bei <strong>Gras Paradies<\/strong>Wir haben es uns zur Aufgabe gemacht, Ihnen Cannabiskonzentrate von h\u00f6chster Qualit\u00e4t zu liefern. Jede Charge von <strong>Weed Diamonds<\/strong> wird sorgf\u00e4ltig ausgew\u00e4hlt und getestet, um eine optimale Reinheit und ein au\u00dfergew\u00f6hnliches Trinkerlebnis zu gew\u00e4hrleisten.<\/p>\n<ul>\n<li><strong>Qualit\u00e4tsprodukte :<\/strong> Unsere Konzentrate werden sorgf\u00e4ltig hergestellt und bieten zuverl\u00e4ssige Effekte und ein High-End-Erlebnis.<\/li>\n<li><strong>Schnelle und diskrete Lieferung :<\/strong> Bestellen Sie online auf <strong>Gras Paradies<\/strong> und erhalten Sie Ihre Produkte schnell und diskret.<\/li>\n<li><strong>Im Labor getestet :<\/strong> Wir garantieren die Sicherheit und Qualit\u00e4t unserer Produkte durch strenge Labortests.<\/li>\n<\/ul>\n<hr \/>\n<h4><strong>Bestellen Sie das Gras auf Beuh Paradis<\/strong><\/h4>\n<p>Bereit, das Au\u00dfergew\u00f6hnliche zu entdecken <strong>Honig Bananen beuh<\/strong>? Besuchen Sie auf <strong><a href=\"https:\/\/beuhparadis.com\/de\" target=\"_new\" rel=\"noopener\">Gras Paradies<\/a><\/strong> um dieses Premiumkonzentrat zu bestellen. Profitieren Sie von einer schnellen und diskreten Lieferung und einem tadellosen Kundenservice.<\/p>","protected":false},"excerpt":{"rendered":"<p>Miel Bananes THC Live Rosin Diamonds \u2013 Concentr\u00e9 Premium de Cannabis \u00a0D\u00e9couvrez Miel Bananes THC Live Rosin Diamonds sur Beuh Paradis Miel Bananes THC Live Rosin Diamonds, disponible sur Beuh Paradis, est un concentr\u00e9 de cannabis haut de gamme, r\u00e9put\u00e9 pour son go\u00fbt sucr\u00e9 et fruit\u00e9 ainsi que sa puret\u00e9 exceptionnelle. Fabriqu\u00e9 \u00e0 partir de [&hellip;]<\/p>\n","protected":false},"featured_media":1281,"comment_status":"closed","ping_status":"closed","template":"","meta":{"site-sidebar-layout":"default","site-content-layout":"","ast-site-content-layout":"default","site-content-style":"default","site-sidebar-style":"default","ast-global-header-display":"","ast-banner-title-visibility":"","ast-main-header-display":"","ast-hfb-above-header-display":"","ast-hfb-below-header-display":"","ast-hfb-mobile-header-display":"","site-post-title":"","ast-breadcrumbs-content":"","ast-featured-img":"","footer-sml-layout":"","theme-transparent-header-meta":"default","adv-header-id-meta":"","stick-header-meta":"","header-above-stick-meta":"","header-main-stick-meta":"","header-below-stick-meta":"","astra-migrate-meta-layouts":"set","ast-page-background-enabled":"default","ast-page-background-meta":{"desktop":{"background-color":"","background-image":"","background-repeat":"repeat","background-position":"center center","background-size":"auto","background-attachment":"scroll","background-type":"","background-media":"","overlay-type":"","overlay-color":"","overlay-opacity":"","overlay-gradient":""},"tablet":{"background-color":"","background-image":"","background-repeat":"repeat","background-position":"center center","background-size":"auto","background-attachment":"scroll","background-type":"","background-media":"","overlay-type":"","overlay-color":"","overlay-opacity":"","overlay-gradient":""},"mobile":{"background-color":"","background-image":"","background-repeat":"repeat","background-position":"center center","background-size":"auto","background-attachment":"scroll","background-type":"","background-media":"","overlay-type":"","overlay-color":"","overlay-opacity":"","overlay-gradient":""}},"ast-content-background-meta":{"desktop":{"background-color":"var(--ast-global-color-5)","background-image":"","background-repeat":"repeat","background-position":"center center","background-size":"auto","background-attachment":"scroll","background-type":"","background-media":"","overlay-type":"","overlay-color":"","overlay-opacity":"","overlay-gradient":""},"tablet":{"background-color":"var(--ast-global-color-5)","background-image":"","background-repeat":"repeat","background-position":"center center","background-size":"auto","background-attachment":"scroll","background-type":"","background-media":"","overlay-type":"","overlay-color":"","overlay-opacity":"","overlay-gradient":""},"mobile":{"background-color":"var(--ast-global-color-5)","background-image":"","background-repeat":"repeat","background-position":"center center","background-size":"auto","background-attachment":"scroll","background-type":"","background-media":"","overlay-type":"","overlay-color":"","overlay-opacity":"","overlay-gradient":""}},"_joinchat":[]},"product_brand":[],"product_cat":[34],"product_tag":[],"class_list":{"0":"post-1251","1":"product","2":"type-product","3":"status-publish","4":"has-post-thumbnail","6":"product_cat-diamant-de-thc","7":"desktop-align-left","8":"tablet-align-left","9":"mobile-align-left","11":"first","12":"instock","13":"shipping-taxable","14":"purchasable","15":"product-type-variable"},"yoast_head":"<!-- This site is optimized with the Yoast SEO Premium plugin v24.1 (Yoast SEO v26.8) - https:\/\/yoast.com\/product\/yoast-seo-premium-wordpress\/ -->\n<title>Miel Bananes THC Live Rosin Diamonds \u2013 Cannabis Premium<\/title>\n<meta name=\"description\" content=\"D\u00e9couvrez Miel Bananes THC Live Rosin Diamonds sur Beuh Paradis, un concentr\u00e9 de cannabis de qualit\u00e9 sup\u00e9rieure avec des saveurs sucr\u00e9es et fruit\u00e9es.\" \/>\n<meta name=\"robots\" content=\"index, follow, max-snippet:-1, max-image-preview:large, max-video-preview:-1\" \/>\n<link rel=\"canonical\" href=\"https:\/\/beuhparadis.com\/de\/product\/miel-bananes-thc-live-rosin-diamonds\/\" \/>\n<meta property=\"og:locale\" content=\"de_DE\" \/>\n<meta property=\"og:type\" content=\"article\" \/>\n<meta property=\"og:title\" content=\"Miel Bananes THC Live Rosin Diamonds\" \/>\n<meta property=\"og:description\" content=\"D\u00e9couvrez Miel Bananes THC Live Rosin Diamonds sur Beuh Paradis, un concentr\u00e9 de cannabis de qualit\u00e9 sup\u00e9rieure avec des saveurs sucr\u00e9es et fruit\u00e9es.\" \/>\n<meta property=\"og:url\" content=\"https:\/\/beuhparadis.com\/de\/product\/miel-bananes-thc-live-rosin-diamonds\/\" \/>\n<meta property=\"og:site_name\" content=\"Beuh Paradis\" \/>\n<meta property=\"article:modified_time\" content=\"2025-01-27T04:53:39+00:00\" \/>\n<meta property=\"og:image\" content=\"https:\/\/beuhparadis.com\/wp-content\/uploads\/2024\/12\/Honey-Bananas-THC-Live-Rosin-Diamonds.webp\" \/>\n\t<meta property=\"og:image:width\" content=\"399\" \/>\n\t<meta property=\"og:image:height\" content=\"362\" \/>\n\t<meta property=\"og:image:type\" content=\"image\/webp\" \/>\n<meta name=\"twitter:card\" content=\"summary_large_image\" \/>\n<meta name=\"twitter:label1\" content=\"Gesch\u00e4tzte Lesezeit\" \/>\n\t<meta name=\"twitter:data1\" content=\"2 minutes\" \/>\n<script type=\"application\/ld+json\" class=\"yoast-schema-graph\">{\"@context\":\"https:\/\/schema.org\",\"@graph\":[{\"@type\":\"WebPage\",\"@id\":\"https:\/\/beuhparadis.com\/product\/miel-bananes-thc-live-rosin-diamonds\/\",\"url\":\"https:\/\/beuhparadis.com\/product\/miel-bananes-thc-live-rosin-diamonds\/\",\"name\":\"Miel Bananes THC Live Rosin Diamonds \u2013 Cannabis Premium\",\"isPartOf\":{\"@id\":\"https:\/\/beuhparadis.com\/#website\"},\"primaryImageOfPage\":{\"@id\":\"https:\/\/beuhparadis.com\/product\/miel-bananes-thc-live-rosin-diamonds\/#primaryimage\"},\"image\":{\"@id\":\"https:\/\/beuhparadis.com\/product\/miel-bananes-thc-live-rosin-diamonds\/#primaryimage\"},\"thumbnailUrl\":\"https:\/\/beuhparadis.com\/wp-content\/uploads\/2024\/12\/Honey-Bananas-THC-Live-Rosin-Diamonds.webp\",\"datePublished\":\"2024-12-10T23:39:22+00:00\",\"dateModified\":\"2025-01-27T04:53:39+00:00\",\"description\":\"D\u00e9couvrez Miel Bananes THC Live Rosin Diamonds sur Beuh Paradis, un concentr\u00e9 de cannabis de qualit\u00e9 sup\u00e9rieure avec des saveurs sucr\u00e9es et fruit\u00e9es.\",\"breadcrumb\":{\"@id\":\"https:\/\/beuhparadis.com\/product\/miel-bananes-thc-live-rosin-diamonds\/#breadcrumb\"},\"inLanguage\":\"de-DE-formal\",\"potentialAction\":[{\"@type\":\"ReadAction\",\"target\":[\"https:\/\/beuhparadis.com\/product\/miel-bananes-thc-live-rosin-diamonds\/\"]}]},{\"@type\":\"ImageObject\",\"inLanguage\":\"de-DE-formal\",\"@id\":\"https:\/\/beuhparadis.com\/product\/miel-bananes-thc-live-rosin-diamonds\/#primaryimage\",\"url\":\"https:\/\/beuhparadis.com\/wp-content\/uploads\/2024\/12\/Honey-Bananas-THC-Live-Rosin-Diamonds.webp\",\"contentUrl\":\"https:\/\/beuhparadis.com\/wp-content\/uploads\/2024\/12\/Honey-Bananas-THC-Live-Rosin-Diamonds.webp\",\"width\":399,\"height\":362},{\"@type\":\"BreadcrumbList\",\"@id\":\"https:\/\/beuhparadis.com\/product\/miel-bananes-thc-live-rosin-diamonds\/#breadcrumb\",\"itemListElement\":[{\"@type\":\"ListItem\",\"position\":1,\"name\":\"Home\",\"item\":\"https:\/\/beuhparadis.com\/\"},{\"@type\":\"ListItem\",\"position\":2,\"name\":\"Shop\",\"item\":\"https:\/\/beuhparadis.com\/shop\/\"},{\"@type\":\"ListItem\",\"position\":3,\"name\":\"Miel Bananes THC Live Rosin Diamonds\"}]},{\"@type\":\"WebSite\",\"@id\":\"https:\/\/beuhparadis.com\/#website\",\"url\":\"https:\/\/beuhparadis.com\/\",\"name\":\"Beuh Paradis\",\"description\":\"\",\"potentialAction\":[{\"@type\":\"SearchAction\",\"target\":{\"@type\":\"EntryPoint\",\"urlTemplate\":\"https:\/\/beuhparadis.com\/?s={search_term_string}\"},\"query-input\":{\"@type\":\"PropertyValueSpecification\",\"valueRequired\":true,\"valueName\":\"search_term_string\"}}],\"inLanguage\":\"de-DE-formal\"}]}<\/script>\n<!-- \/ Yoast SEO Premium plugin. -->","yoast_head_json":{"title":"Honig Bananen THC Live Rosin Diamonds - Cannabis Premium","description":"Entdecken Sie Honig Bananen THC Live Rosin Diamonds auf Beuh Paradis, ein hochwertiges Cannabiskonzentrat mit s\u00fc\u00dfen und fruchtigen Aromen.","robots":{"index":"index","follow":"follow","max-snippet":"max-snippet:-1","max-image-preview":"max-image-preview:large","max-video-preview":"max-video-preview:-1"},"canonical":"https:\/\/beuhparadis.com\/de\/product\/miel-bananes-thc-live-rosin-diamonds\/","og_locale":"de_DE","og_type":"article","og_title":"Miel Bananes THC Live Rosin Diamonds","og_description":"D\u00e9couvrez Miel Bananes THC Live Rosin Diamonds sur Beuh Paradis, un concentr\u00e9 de cannabis de qualit\u00e9 sup\u00e9rieure avec des saveurs sucr\u00e9es et fruit\u00e9es.","og_url":"https:\/\/beuhparadis.com\/de\/product\/miel-bananes-thc-live-rosin-diamonds\/","og_site_name":"Beuh Paradis","article_modified_time":"2025-01-27T04:53:39+00:00","og_image":[{"width":399,"height":362,"url":"https:\/\/beuhparadis.com\/wp-content\/uploads\/2024\/12\/Honey-Bananas-THC-Live-Rosin-Diamonds.webp","type":"image\/webp"}],"twitter_card":"summary_large_image","twitter_misc":{"Gesch\u00e4tzte Lesezeit":"2 minutes"},"schema":{"@context":"https:\/\/schema.org","@graph":[{"@type":"WebPage","@id":"https:\/\/beuhparadis.com\/product\/miel-bananes-thc-live-rosin-diamonds\/","url":"https:\/\/beuhparadis.com\/product\/miel-bananes-thc-live-rosin-diamonds\/","name":"Honig Bananen THC Live Rosin Diamonds - Cannabis Premium","isPartOf":{"@id":"https:\/\/beuhparadis.com\/#website"},"primaryImageOfPage":{"@id":"https:\/\/beuhparadis.com\/product\/miel-bananes-thc-live-rosin-diamonds\/#primaryimage"},"image":{"@id":"https:\/\/beuhparadis.com\/product\/miel-bananes-thc-live-rosin-diamonds\/#primaryimage"},"thumbnailUrl":"https:\/\/beuhparadis.com\/wp-content\/uploads\/2024\/12\/Honey-Bananas-THC-Live-Rosin-Diamonds.webp","datePublished":"2024-12-10T23:39:22+00:00","dateModified":"2025-01-27T04:53:39+00:00","description":"Entdecken Sie Honig Bananen THC Live Rosin Diamonds auf Beuh Paradis, ein hochwertiges Cannabiskonzentrat mit s\u00fc\u00dfen und fruchtigen Aromen.","breadcrumb":{"@id":"https:\/\/beuhparadis.com\/product\/miel-bananes-thc-live-rosin-diamonds\/#breadcrumb"},"inLanguage":"de-DE-formal","potentialAction":[{"@type":"ReadAction","target":["https:\/\/beuhparadis.com\/product\/miel-bananes-thc-live-rosin-diamonds\/"]}]},{"@type":"ImageObject","inLanguage":"de-DE-formal","@id":"https:\/\/beuhparadis.com\/product\/miel-bananes-thc-live-rosin-diamonds\/#primaryimage","url":"https:\/\/beuhparadis.com\/wp-content\/uploads\/2024\/12\/Honey-Bananas-THC-Live-Rosin-Diamonds.webp","contentUrl":"https:\/\/beuhparadis.com\/wp-content\/uploads\/2024\/12\/Honey-Bananas-THC-Live-Rosin-Diamonds.webp","width":399,"height":362},{"@type":"BreadcrumbList","@id":"https:\/\/beuhparadis.com\/product\/miel-bananes-thc-live-rosin-diamonds\/#breadcrumb","itemListElement":[{"@type":"ListItem","position":1,"name":"Home","item":"https:\/\/beuhparadis.com\/"},{"@type":"ListItem","position":2,"name":"Shop","item":"https:\/\/beuhparadis.com\/shop\/"},{"@type":"ListItem","position":3,"name":"Miel Bananes THC Live Rosin Diamonds"}]},{"@type":"WebSite","@id":"https:\/\/beuhparadis.com\/#website","url":"https:\/\/beuhparadis.com\/","name":"Gras Paradies","description":"","potentialAction":[{"@type":"SearchAction","target":{"@type":"EntryPoint","urlTemplate":"https:\/\/beuhparadis.com\/?s={search_term_string}"},"query-input":{"@type":"PropertyValueSpecification","valueRequired":true,"valueName":"search_term_string"}}],"inLanguage":"de-DE-formal"}]}},"_links":{"self":[{"href":"https:\/\/beuhparadis.com\/de\/wp-json\/wp\/v2\/product\/1251","targetHints":{"allow":["GET"]}}],"collection":[{"href":"https:\/\/beuhparadis.com\/de\/wp-json\/wp\/v2\/product"}],"about":[{"href":"https:\/\/beuhparadis.com\/de\/wp-json\/wp\/v2\/types\/product"}],"replies":[{"embeddable":true,"href":"https:\/\/beuhparadis.com\/de\/wp-json\/wp\/v2\/comments?post=1251"}],"wp:featuredmedia":[{"embeddable":true,"href":"https:\/\/beuhparadis.com\/de\/wp-json\/wp\/v2\/media\/1281"}],"wp:attachment":[{"href":"https:\/\/beuhparadis.com\/de\/wp-json\/wp\/v2\/media?parent=1251"}],"wp:term":[{"taxonomy":"product_brand","embeddable":true,"href":"https:\/\/beuhparadis.com\/de\/wp-json\/wp\/v2\/product_brand?post=1251"},{"taxonomy":"product_cat","embeddable":true,"href":"https:\/\/beuhparadis.com\/de\/wp-json\/wp\/v2\/product_cat?post=1251"},{"taxonomy":"product_tag","embeddable":true,"href":"https:\/\/beuhparadis.com\/de\/wp-json\/wp\/v2\/product_tag?post=1251"}],"curies":[{"name":"wp","href":"https:\/\/api.w.org\/{rel}","templated":true}]}}