{"id":1240,"date":"2024-12-10T23:39:01","date_gmt":"2024-12-10T23:39:01","guid":{"rendered":"https:\/\/beuhparadis.com\/?post_type=product&#038;p=1240"},"modified":"2025-01-27T04:38:53","modified_gmt":"2025-01-27T04:38:53","slug":"sour-diesel-lime-live-rosin-thca-diamants","status":"publish","type":"product","link":"https:\/\/beuhparadis.com\/de\/product\/sour-diesel-lime-live-rosin-thca-diamants\/","title":{"rendered":"Sour Diesel Lime Live Rosin THCA Diamanten"},"content":{"rendered":"<h4><strong>\u00a0Entdecke Sour Diesel Lime Live Rosin THCA Diamanten<\/strong><\/h4>\n<p><strong>Sour Diesel Lime Live Rosin THCA Diamanten<\/strong> ist ein hochwertiges Cannabiskonzentrat, das f\u00fcr Liebhaber entwickelt wurde, die ein einzigartiges und starkes Erlebnis suchen. Mit seinem lebhaften Limettenaroma und den erdigen Dieselnoten zeichnet sich dieses Produkt durch seine au\u00dfergew\u00f6hnliche Reinheit und seinen hohen Gehalt an <strong>THCA<\/strong>Das Produkt ist ideal f\u00fcr intensive und lang anhaltende Effekte.<\/p>\n<h4><strong>\u00a0Warum sollten Sie sich f\u00fcr Sour D entscheiden?<\/strong><\/h4>\n<p>Unsere <strong>Sour D <\/strong>\u00a0und mit l\u00f6sungsmittelfreien Extraktionsverfahren hergestellt, die maximale Reinheit und den Erhalt der nat\u00fcrlichen Terpene und Cannabinoide gew\u00e4hrleisten. Dieses Konzentrat wird aus Premium-St\u00e4mmen gewonnen und bietet eine perfekte Balance zwischen den energiespendenden Eigenschaften von Sour Diesel und einem erfrischenden Hauch von Limette.<\/p>\n<ul>\n<li><strong>Unvergleichliche Reinheit<\/strong> Extraktion: Extraktion 100 % ohne L\u00f6sungsmittel f\u00fcr ein nat\u00fcrliches Produkt.<\/li>\n<li><strong>Starke Effekte<\/strong> : Ein THCA-reiches Konzentrat f\u00fcr schnelle und effektive Effekte.<\/li>\n<li><strong>Au\u00dfergew\u00f6hnlicher Geschmack<\/strong> : Frische, erdige Aromen f\u00fcr ein einzigartiges Sinneserlebnis.<\/li>\n<\/ul>\n<p>Dieses Konzentrat eignet sich aufgrund seiner energiespendenden und motivierenden Eigenschaften perfekt f\u00fcr den Gebrauch am Tag oder um Ihre Kreativit\u00e4t anzuregen.<\/p>\n<h4><strong>\u00a0Kaufen Sie Sour D mit Vertrauen<\/strong><\/h4>\n<p>Bei <a href=\"https:\/\/beuhparadis.com\/de\/contact\/\"><strong>beuhparadis<\/strong><\/a>Wir haben uns verpflichtet, Ihnen Premium-Cannabisprodukte mit einem schnellen und diskreten Versand in ganz Frankreich zu liefern. Unsere <strong>Sour D Diamanten<\/strong> werden auf ihre Qualit\u00e4t, Reinheit und Kraft getestet, um Ihnen ein kompromissloses Erlebnis zu bieten.<\/p>\n<p>Genie\u00dfen Sie diese au\u00dfergew\u00f6hnliche Erfahrung mit einem Konzentrat, das f\u00fcr die <a href=\"https:\/\/chemsxpress.com\/\">Amateur<\/a>s anspruchsvoll. <strong>Jetzt Sour D bestellen <\/strong>und entdecken Sie den Unterschied eines Premiumprodukts.<\/p>","protected":false},"excerpt":{"rendered":"<p>\u00a0D\u00e9couvrez Sour Diesel Lime Live Rosin THCA Diamants Sour Diesel Lime Live Rosin THCA Diamants est un concentr\u00e9 de cannabis de haute qualit\u00e9, con\u00e7u pour les amateurs recherchant une exp\u00e9rience unique et puissante. Avec son ar\u00f4me vif de citron vert et ses notes terreuses de diesel, ce produit se distingue par sa puret\u00e9 exceptionnelle et [&hellip;]<\/p>\n","protected":false},"featured_media":1250,"comment_status":"closed","ping_status":"closed","template":"","meta":{"site-sidebar-layout":"default","site-content-layout":"","ast-site-content-layout":"default","site-content-style":"default","site-sidebar-style":"default","ast-global-header-display":"","ast-banner-title-visibility":"","ast-main-header-display":"","ast-hfb-above-header-display":"","ast-hfb-below-header-display":"","ast-hfb-mobile-header-display":"","site-post-title":"","ast-breadcrumbs-content":"","ast-featured-img":"","footer-sml-layout":"","theme-transparent-header-meta":"default","adv-header-id-meta":"","stick-header-meta":"","header-above-stick-meta":"","header-main-stick-meta":"","header-below-stick-meta":"","astra-migrate-meta-layouts":"set","ast-page-background-enabled":"default","ast-page-background-meta":{"desktop":{"background-color":"","background-image":"","background-repeat":"repeat","background-position":"center center","background-size":"auto","background-attachment":"scroll","background-type":"","background-media":"","overlay-type":"","overlay-color":"","overlay-opacity":"","overlay-gradient":""},"tablet":{"background-color":"","background-image":"","background-repeat":"repeat","background-position":"center center","background-size":"auto","background-attachment":"scroll","background-type":"","background-media":"","overlay-type":"","overlay-color":"","overlay-opacity":"","overlay-gradient":""},"mobile":{"background-color":"","background-image":"","background-repeat":"repeat","background-position":"center center","background-size":"auto","background-attachment":"scroll","background-type":"","background-media":"","overlay-type":"","overlay-color":"","overlay-opacity":"","overlay-gradient":""}},"ast-content-background-meta":{"desktop":{"background-color":"var(--ast-global-color-5)","background-image":"","background-repeat":"repeat","background-position":"center center","background-size":"auto","background-attachment":"scroll","background-type":"","background-media":"","overlay-type":"","overlay-color":"","overlay-opacity":"","overlay-gradient":""},"tablet":{"background-color":"var(--ast-global-color-5)","background-image":"","background-repeat":"repeat","background-position":"center center","background-size":"auto","background-attachment":"scroll","background-type":"","background-media":"","overlay-type":"","overlay-color":"","overlay-opacity":"","overlay-gradient":""},"mobile":{"background-color":"var(--ast-global-color-5)","background-image":"","background-repeat":"repeat","background-position":"center center","background-size":"auto","background-attachment":"scroll","background-type":"","background-media":"","overlay-type":"","overlay-color":"","overlay-opacity":"","overlay-gradient":""}},"_joinchat":[]},"product_brand":[],"product_cat":[34],"product_tag":[],"class_list":{"0":"post-1240","1":"product","2":"type-product","3":"status-publish","4":"has-post-thumbnail","6":"product_cat-diamant-de-thc","7":"desktop-align-left","8":"tablet-align-left","9":"mobile-align-left","11":"first","12":"instock","13":"shipping-taxable","14":"purchasable","15":"product-type-variable"},"yoast_head":"<!-- This site is optimized with the Yoast SEO Premium plugin v24.1 (Yoast SEO v26.8) - https:\/\/yoast.com\/product\/yoast-seo-premium-wordpress\/ -->\n<title>Sour Diesel Lime Live Rosin THCA Diamants \u2013 Cannabis Premium<\/title>\n<meta name=\"description\" content=\"D\u00e9couvrez Sour Diesel Lime Live Rosin THCA Diamants, un concentr\u00e9 de cannabis puissant avec des saveurs de citron vert et de diesel. Purite exceptionnel.\" \/>\n<meta name=\"robots\" content=\"index, follow, max-snippet:-1, max-image-preview:large, max-video-preview:-1\" \/>\n<link rel=\"canonical\" href=\"https:\/\/beuhparadis.com\/de\/product\/sour-diesel-lime-live-rosin-thca-diamants\/\" \/>\n<meta property=\"og:locale\" content=\"de_DE\" \/>\n<meta property=\"og:type\" content=\"article\" \/>\n<meta property=\"og:title\" content=\"Sour Diesel Lime Live Rosin THCA Diamants\" \/>\n<meta property=\"og:description\" content=\"D\u00e9couvrez Sour Diesel Lime Live Rosin THCA Diamants, un concentr\u00e9 de cannabis puissant avec des saveurs de citron vert et de diesel. Purite exceptionnel.\" \/>\n<meta property=\"og:url\" content=\"https:\/\/beuhparadis.com\/de\/product\/sour-diesel-lime-live-rosin-thca-diamants\/\" \/>\n<meta property=\"og:site_name\" content=\"Beuh Paradis\" \/>\n<meta property=\"article:modified_time\" content=\"2025-01-27T04:38:53+00:00\" \/>\n<meta property=\"og:image\" content=\"https:\/\/beuhparadis.com\/wp-content\/uploads\/2024\/12\/Sour-Diesel-Lime-Live-Rosin-THCA-Diamonds.webp\" \/>\n\t<meta property=\"og:image:width\" content=\"386\" \/>\n\t<meta property=\"og:image:height\" content=\"380\" \/>\n\t<meta property=\"og:image:type\" content=\"image\/webp\" \/>\n<meta name=\"twitter:card\" content=\"summary_large_image\" \/>\n<meta name=\"twitter:label1\" content=\"Gesch\u00e4tzte Lesezeit\" \/>\n\t<meta name=\"twitter:data1\" content=\"2 minutes\" \/>\n<script type=\"application\/ld+json\" class=\"yoast-schema-graph\">{\"@context\":\"https:\/\/schema.org\",\"@graph\":[{\"@type\":\"WebPage\",\"@id\":\"https:\/\/beuhparadis.com\/product\/sour-diesel-lime-live-rosin-thca-diamants\/\",\"url\":\"https:\/\/beuhparadis.com\/product\/sour-diesel-lime-live-rosin-thca-diamants\/\",\"name\":\"Sour Diesel Lime Live Rosin THCA Diamants \u2013 Cannabis Premium\",\"isPartOf\":{\"@id\":\"https:\/\/beuhparadis.com\/#website\"},\"primaryImageOfPage\":{\"@id\":\"https:\/\/beuhparadis.com\/product\/sour-diesel-lime-live-rosin-thca-diamants\/#primaryimage\"},\"image\":{\"@id\":\"https:\/\/beuhparadis.com\/product\/sour-diesel-lime-live-rosin-thca-diamants\/#primaryimage\"},\"thumbnailUrl\":\"https:\/\/beuhparadis.com\/wp-content\/uploads\/2024\/12\/Sour-Diesel-Lime-Live-Rosin-THCA-Diamonds.webp\",\"datePublished\":\"2024-12-10T23:39:01+00:00\",\"dateModified\":\"2025-01-27T04:38:53+00:00\",\"description\":\"D\u00e9couvrez Sour Diesel Lime Live Rosin THCA Diamants, un concentr\u00e9 de cannabis puissant avec des saveurs de citron vert et de diesel. Purite exceptionnel.\",\"breadcrumb\":{\"@id\":\"https:\/\/beuhparadis.com\/product\/sour-diesel-lime-live-rosin-thca-diamants\/#breadcrumb\"},\"inLanguage\":\"de-DE-formal\",\"potentialAction\":[{\"@type\":\"ReadAction\",\"target\":[\"https:\/\/beuhparadis.com\/product\/sour-diesel-lime-live-rosin-thca-diamants\/\"]}]},{\"@type\":\"ImageObject\",\"inLanguage\":\"de-DE-formal\",\"@id\":\"https:\/\/beuhparadis.com\/product\/sour-diesel-lime-live-rosin-thca-diamants\/#primaryimage\",\"url\":\"https:\/\/beuhparadis.com\/wp-content\/uploads\/2024\/12\/Sour-Diesel-Lime-Live-Rosin-THCA-Diamonds.webp\",\"contentUrl\":\"https:\/\/beuhparadis.com\/wp-content\/uploads\/2024\/12\/Sour-Diesel-Lime-Live-Rosin-THCA-Diamonds.webp\",\"width\":386,\"height\":380,\"caption\":\"Sour Diesel Lime Live Rosin THCA Diamants\"},{\"@type\":\"BreadcrumbList\",\"@id\":\"https:\/\/beuhparadis.com\/product\/sour-diesel-lime-live-rosin-thca-diamants\/#breadcrumb\",\"itemListElement\":[{\"@type\":\"ListItem\",\"position\":1,\"name\":\"Home\",\"item\":\"https:\/\/beuhparadis.com\/\"},{\"@type\":\"ListItem\",\"position\":2,\"name\":\"Shop\",\"item\":\"https:\/\/beuhparadis.com\/shop\/\"},{\"@type\":\"ListItem\",\"position\":3,\"name\":\"Sour Diesel Lime Live Rosin THCA Diamants\"}]},{\"@type\":\"WebSite\",\"@id\":\"https:\/\/beuhparadis.com\/#website\",\"url\":\"https:\/\/beuhparadis.com\/\",\"name\":\"Beuh Paradis\",\"description\":\"\",\"potentialAction\":[{\"@type\":\"SearchAction\",\"target\":{\"@type\":\"EntryPoint\",\"urlTemplate\":\"https:\/\/beuhparadis.com\/?s={search_term_string}\"},\"query-input\":{\"@type\":\"PropertyValueSpecification\",\"valueRequired\":true,\"valueName\":\"search_term_string\"}}],\"inLanguage\":\"de-DE-formal\"}]}<\/script>\n<!-- \/ Yoast SEO Premium plugin. -->","yoast_head_json":{"title":"Sour Diesel Lime Live Rosin THCA Diamanten - Cannabis Premium","description":"Entdecke Sour Diesel Lime Live Rosin THCA Diamants, ein starkes Cannabiskonzentrat mit dem Geschmack von Limetten und Diesel. Au\u00dfergew\u00f6hnlicher Puritus.","robots":{"index":"index","follow":"follow","max-snippet":"max-snippet:-1","max-image-preview":"max-image-preview:large","max-video-preview":"max-video-preview:-1"},"canonical":"https:\/\/beuhparadis.com\/de\/product\/sour-diesel-lime-live-rosin-thca-diamants\/","og_locale":"de_DE","og_type":"article","og_title":"Sour Diesel Lime Live Rosin THCA Diamants","og_description":"D\u00e9couvrez Sour Diesel Lime Live Rosin THCA Diamants, un concentr\u00e9 de cannabis puissant avec des saveurs de citron vert et de diesel. Purite exceptionnel.","og_url":"https:\/\/beuhparadis.com\/de\/product\/sour-diesel-lime-live-rosin-thca-diamants\/","og_site_name":"Beuh Paradis","article_modified_time":"2025-01-27T04:38:53+00:00","og_image":[{"width":386,"height":380,"url":"https:\/\/beuhparadis.com\/wp-content\/uploads\/2024\/12\/Sour-Diesel-Lime-Live-Rosin-THCA-Diamonds.webp","type":"image\/webp"}],"twitter_card":"summary_large_image","twitter_misc":{"Gesch\u00e4tzte Lesezeit":"2 minutes"},"schema":{"@context":"https:\/\/schema.org","@graph":[{"@type":"WebPage","@id":"https:\/\/beuhparadis.com\/product\/sour-diesel-lime-live-rosin-thca-diamants\/","url":"https:\/\/beuhparadis.com\/product\/sour-diesel-lime-live-rosin-thca-diamants\/","name":"Sour Diesel Lime Live Rosin THCA Diamanten - Cannabis Premium","isPartOf":{"@id":"https:\/\/beuhparadis.com\/#website"},"primaryImageOfPage":{"@id":"https:\/\/beuhparadis.com\/product\/sour-diesel-lime-live-rosin-thca-diamants\/#primaryimage"},"image":{"@id":"https:\/\/beuhparadis.com\/product\/sour-diesel-lime-live-rosin-thca-diamants\/#primaryimage"},"thumbnailUrl":"https:\/\/beuhparadis.com\/wp-content\/uploads\/2024\/12\/Sour-Diesel-Lime-Live-Rosin-THCA-Diamonds.webp","datePublished":"2024-12-10T23:39:01+00:00","dateModified":"2025-01-27T04:38:53+00:00","description":"Entdecke Sour Diesel Lime Live Rosin THCA Diamants, ein starkes Cannabiskonzentrat mit dem Geschmack von Limetten und Diesel. Au\u00dfergew\u00f6hnlicher Puritus.","breadcrumb":{"@id":"https:\/\/beuhparadis.com\/product\/sour-diesel-lime-live-rosin-thca-diamants\/#breadcrumb"},"inLanguage":"de-DE-formal","potentialAction":[{"@type":"ReadAction","target":["https:\/\/beuhparadis.com\/product\/sour-diesel-lime-live-rosin-thca-diamants\/"]}]},{"@type":"ImageObject","inLanguage":"de-DE-formal","@id":"https:\/\/beuhparadis.com\/product\/sour-diesel-lime-live-rosin-thca-diamants\/#primaryimage","url":"https:\/\/beuhparadis.com\/wp-content\/uploads\/2024\/12\/Sour-Diesel-Lime-Live-Rosin-THCA-Diamonds.webp","contentUrl":"https:\/\/beuhparadis.com\/wp-content\/uploads\/2024\/12\/Sour-Diesel-Lime-Live-Rosin-THCA-Diamonds.webp","width":386,"height":380,"caption":"Sour Diesel Lime Live Rosin THCA Diamants"},{"@type":"BreadcrumbList","@id":"https:\/\/beuhparadis.com\/product\/sour-diesel-lime-live-rosin-thca-diamants\/#breadcrumb","itemListElement":[{"@type":"ListItem","position":1,"name":"Home","item":"https:\/\/beuhparadis.com\/"},{"@type":"ListItem","position":2,"name":"Shop","item":"https:\/\/beuhparadis.com\/shop\/"},{"@type":"ListItem","position":3,"name":"Sour Diesel Lime Live Rosin THCA Diamants"}]},{"@type":"WebSite","@id":"https:\/\/beuhparadis.com\/#website","url":"https:\/\/beuhparadis.com\/","name":"Gras Paradies","description":"","potentialAction":[{"@type":"SearchAction","target":{"@type":"EntryPoint","urlTemplate":"https:\/\/beuhparadis.com\/?s={search_term_string}"},"query-input":{"@type":"PropertyValueSpecification","valueRequired":true,"valueName":"search_term_string"}}],"inLanguage":"de-DE-formal"}]}},"_links":{"self":[{"href":"https:\/\/beuhparadis.com\/de\/wp-json\/wp\/v2\/product\/1240","targetHints":{"allow":["GET"]}}],"collection":[{"href":"https:\/\/beuhparadis.com\/de\/wp-json\/wp\/v2\/product"}],"about":[{"href":"https:\/\/beuhparadis.com\/de\/wp-json\/wp\/v2\/types\/product"}],"replies":[{"embeddable":true,"href":"https:\/\/beuhparadis.com\/de\/wp-json\/wp\/v2\/comments?post=1240"}],"wp:featuredmedia":[{"embeddable":true,"href":"https:\/\/beuhparadis.com\/de\/wp-json\/wp\/v2\/media\/1250"}],"wp:attachment":[{"href":"https:\/\/beuhparadis.com\/de\/wp-json\/wp\/v2\/media?parent=1240"}],"wp:term":[{"taxonomy":"product_brand","embeddable":true,"href":"https:\/\/beuhparadis.com\/de\/wp-json\/wp\/v2\/product_brand?post=1240"},{"taxonomy":"product_cat","embeddable":true,"href":"https:\/\/beuhparadis.com\/de\/wp-json\/wp\/v2\/product_cat?post=1240"},{"taxonomy":"product_tag","embeddable":true,"href":"https:\/\/beuhparadis.com\/de\/wp-json\/wp\/v2\/product_tag?post=1240"}],"curies":[{"name":"wp","href":"https:\/\/api.w.org\/{rel}","templated":true}]}}