{"id":1230,"date":"2024-12-10T23:39:00","date_gmt":"2024-12-10T23:39:00","guid":{"rendered":"https:\/\/beuhparadis.com\/?post_type=product&#038;p=1230"},"modified":"2025-01-27T04:11:58","modified_gmt":"2025-01-27T04:11:58","slug":"alien-og","status":"publish","type":"product","link":"https:\/\/beuhparadis.com\/de\/product\/alien-og\/","title":{"rendered":"Alien OG"},"content":{"rendered":"<h1 class=\"wp-block-heading\">Alien OG Weed: Ein intensiver Hybrid mit zerebralen Effekten<\/h1>\n<h3 class=\"wp-block-heading\">Info \u00fcber La Souche<\/h3>\n<ul class=\"wp-block-list\">\n<li>Alien OG Weed, auch bekannt als Alien OG Kush, ist ein Hybrid, der aus der Kreuzung von Tahoe OG und Alien Kush entstanden ist.<\/li>\n<li>Erstmals als Klon in der Bucht von Kalifornien verf\u00fcgbar, ist sie nun \u00fcber acheterducannabis zug\u00e4nglich.<\/li>\n<li>Sie zeichnet sich durch den typischen Geruch und Geschmack nach Zitrone und Kiefer aus, der f\u00fcr OG typisch ist.<\/li>\n<li>Die Intensit\u00e4t seiner Wirkung kombiniert schwere K\u00f6rperempfindungen mit einem psychedelischen Gehirnsog. Anf\u00e4nger sollten sich ihm mit Vorsicht n\u00e4hern.<\/li>\n<\/ul>\n<h2 class=\"wp-block-heading\">THC und CBD<\/h2>\n<ul class=\"wp-block-list\">\n<li>Alien OG weist einen hohen Prozentsatz an 24% THC auf und bietet so eine starke Erfahrung mit wenig CBD.<\/li>\n<\/ul>\n<h2 class=\"wp-block-heading\">Wo kann man OG Weed online kaufen?<\/h2>\n<ul class=\"wp-block-list\">\n<li>Alien OG Weed online zu kaufen ist einfach dank <a href=\"https:\/\/beuhparadis.com\/de\/product\/lions-cake\/\" data-type=\"link\" data-id=\"https:\/\/acheterducannabis.fr\/\">beuhparadis<\/a>Ihr vertrauensw\u00fcrdiger Shop f\u00fcr Premium-Cannabissorten in Europa.<\/li>\n<\/ul>\n<h2 class=\"wp-block-heading\">Wirkung, Aroma und Geschmack<\/h2>\n<h3 class=\"wp-block-heading\">Wirkung<\/h3>\n<ul class=\"wp-block-list\">\n<li>Euphorisch<\/li>\n<li>regt den Appetit an<\/li>\n<li>Erhebend<\/li>\n<\/ul>\n<h3 class=\"wp-block-heading\">Aroma<\/h3>\n<ul class=\"wp-block-list\">\n<li>Kiefer<\/li>\n<li>Zitrone<\/li>\n<li>Erdig<\/li>\n<\/ul>\n<h3 class=\"wp-block-heading\">Geschmack<\/h3>\n<ul class=\"wp-block-list\">\n<li>Kiefer<\/li>\n<li>Zitrone<\/li>\n<li>Erdig<\/li>\n<\/ul>\n<h2 class=\"wp-block-heading\">Medizinische Effekte<\/h2>\n<p>Alien OG wird gesucht, um zu lindern :<\/p>\n<ul class=\"wp-block-list\">\n<li>Stress<\/li>\n<li>Angst<\/li>\n<li>Schmerz<\/li>\n<\/ul>\n<h2 class=\"wp-block-heading\">Warum Weed bei beuhparadis kaufen?<\/h2>\n<p>Acheterducannabis verpflichtet sich, qualitativ hochwertige Cannabis-St\u00e4mme wie Alien OG zu liefern, die eine optimale Benutzererfahrung garantieren und den europ\u00e4ischen Gesetzen entsprechen.<\/p>\n<h2 class=\"wp-block-heading\">EU-Gesetzgebung zum Verkauf dieses Stammes<\/h2>\n<p>In \u00dcbereinstimmung mit der europ\u00e4ischen Gesetzgebung wird Alien OG auf legale Weise verkauft, wodurch ein sicherer und regulierter Vertrieb auf dem gesamten Kontinent gew\u00e4hrleistet wird.<\/p>\n<p>Alien OG weed zeichnet sich durch seine starke Wirkung aus, die intensive K\u00f6rperempfindungen perfekt mit einem fast psychedelischen zerebralen Effekt verbindet. Mit seinen Kiefer- und Zitronenaromen bietet es eine einzigartige Erfahrung f\u00fcr erfahrene Konsumenten, die auf der Suche nach St\u00e4mmen mit starker Wirkung sind. Bestellen Sie jetzt bei Acheterducannabis f\u00fcr eine konforme und schnelle Lieferung Ihrer A<a href=\"https:\/\/www.leafly.com\/strains\/alien-og\" data-type=\"link\" data-id=\"https:\/\/www.leafly.com\/strains\/alien-og\">OG-Link<\/a> Weed in Europa.<\/p>","protected":false},"excerpt":{"rendered":"<p><strong>THC :<\/strong> 22 % - 28 %, CBD: 1 %, CBN: 1 % <strong>Auswirkungen<\/strong> Euphorie, Gl\u00fccklich, Entspannend, Prickelnd <strong>Kann Linderung verschaffen<\/strong> Angst, chronische Schmerzen, M\u00fcdigkeit, \u00dcbelkeit, Stress<\/p>","protected":false},"featured_media":1248,"comment_status":"closed","ping_status":"closed","template":"","meta":{"site-sidebar-layout":"default","site-content-layout":"","ast-site-content-layout":"default","site-content-style":"default","site-sidebar-style":"default","ast-global-header-display":"","ast-banner-title-visibility":"","ast-main-header-display":"","ast-hfb-above-header-display":"","ast-hfb-below-header-display":"","ast-hfb-mobile-header-display":"","site-post-title":"","ast-breadcrumbs-content":"","ast-featured-img":"","footer-sml-layout":"","theme-transparent-header-meta":"default","adv-header-id-meta":"","stick-header-meta":"","header-above-stick-meta":"","header-main-stick-meta":"","header-below-stick-meta":"","astra-migrate-meta-layouts":"set","ast-page-background-enabled":"default","ast-page-background-meta":{"desktop":{"background-color":"","background-image":"","background-repeat":"repeat","background-position":"center center","background-size":"auto","background-attachment":"scroll","background-type":"","background-media":"","overlay-type":"","overlay-color":"","overlay-opacity":"","overlay-gradient":""},"tablet":{"background-color":"","background-image":"","background-repeat":"repeat","background-position":"center center","background-size":"auto","background-attachment":"scroll","background-type":"","background-media":"","overlay-type":"","overlay-color":"","overlay-opacity":"","overlay-gradient":""},"mobile":{"background-color":"","background-image":"","background-repeat":"repeat","background-position":"center center","background-size":"auto","background-attachment":"scroll","background-type":"","background-media":"","overlay-type":"","overlay-color":"","overlay-opacity":"","overlay-gradient":""}},"ast-content-background-meta":{"desktop":{"background-color":"var(--ast-global-color-5)","background-image":"","background-repeat":"repeat","background-position":"center center","background-size":"auto","background-attachment":"scroll","background-type":"","background-media":"","overlay-type":"","overlay-color":"","overlay-opacity":"","overlay-gradient":""},"tablet":{"background-color":"var(--ast-global-color-5)","background-image":"","background-repeat":"repeat","background-position":"center center","background-size":"auto","background-attachment":"scroll","background-type":"","background-media":"","overlay-type":"","overlay-color":"","overlay-opacity":"","overlay-gradient":""},"mobile":{"background-color":"var(--ast-global-color-5)","background-image":"","background-repeat":"repeat","background-position":"center center","background-size":"auto","background-attachment":"scroll","background-type":"","background-media":"","overlay-type":"","overlay-color":"","overlay-opacity":"","overlay-gradient":""}},"_joinchat":[]},"product_brand":[],"product_cat":[32,33],"product_tag":[],"class_list":{"0":"post-1230","1":"product","2":"type-product","3":"status-publish","4":"has-post-thumbnail","6":"product_cat-fleur-de-chanvre","7":"product_cat-thc-beuh","8":"desktop-align-left","9":"tablet-align-left","10":"mobile-align-left","12":"first","13":"instock","14":"shipping-taxable","15":"purchasable","16":"product-type-variable"},"yoast_head":"<!-- This site is optimized with the Yoast SEO Premium plugin v24.1 (Yoast SEO v26.8) - https:\/\/yoast.com\/product\/yoast-seo-premium-wordpress\/ -->\n<title>Acheter Alien OG Weed \u2013 Cannabis Puissant et Aromatique<\/title>\n<meta name=\"description\" content=\"D\u00e9couvrez Alien OG Weed, une vari\u00e9t\u00e9 de cannabis premium reconnue pour sa puissance et ses ar\u00f4mes terreux et citronn\u00e9s. Commandez avec livraison rapide\" \/>\n<meta name=\"robots\" content=\"index, follow, max-snippet:-1, max-image-preview:large, max-video-preview:-1\" \/>\n<link rel=\"canonical\" href=\"https:\/\/beuhparadis.com\/de\/product\/alien-og\/\" \/>\n<meta property=\"og:locale\" content=\"de_DE\" \/>\n<meta property=\"og:type\" content=\"article\" \/>\n<meta property=\"og:title\" content=\"Alien OG\" \/>\n<meta property=\"og:description\" content=\"D\u00e9couvrez Alien OG Weed, une vari\u00e9t\u00e9 de cannabis premium reconnue pour sa puissance et ses ar\u00f4mes terreux et citronn\u00e9s. Commandez avec livraison rapide\" \/>\n<meta property=\"og:url\" content=\"https:\/\/beuhparadis.com\/de\/product\/alien-og\/\" \/>\n<meta property=\"og:site_name\" content=\"Beuh Paradis\" \/>\n<meta property=\"article:modified_time\" content=\"2025-01-27T04:11:58+00:00\" \/>\n<meta property=\"og:image\" content=\"https:\/\/beuhparadis.com\/wp-content\/uploads\/2024\/12\/Alien-OG.webp\" \/>\n\t<meta property=\"og:image:width\" content=\"629\" \/>\n\t<meta property=\"og:image:height\" content=\"680\" \/>\n\t<meta property=\"og:image:type\" content=\"image\/webp\" \/>\n<meta name=\"twitter:card\" content=\"summary_large_image\" \/>\n<meta name=\"twitter:label1\" content=\"Gesch\u00e4tzte Lesezeit\" \/>\n\t<meta name=\"twitter:data1\" content=\"2 minutes\" \/>\n<script type=\"application\/ld+json\" class=\"yoast-schema-graph\">{\"@context\":\"https:\/\/schema.org\",\"@graph\":[{\"@type\":\"WebPage\",\"@id\":\"https:\/\/beuhparadis.com\/product\/alien-og\/\",\"url\":\"https:\/\/beuhparadis.com\/product\/alien-og\/\",\"name\":\"Acheter Alien OG Weed \u2013 Cannabis Puissant et Aromatique\",\"isPartOf\":{\"@id\":\"https:\/\/beuhparadis.com\/#website\"},\"primaryImageOfPage\":{\"@id\":\"https:\/\/beuhparadis.com\/product\/alien-og\/#primaryimage\"},\"image\":{\"@id\":\"https:\/\/beuhparadis.com\/product\/alien-og\/#primaryimage\"},\"thumbnailUrl\":\"https:\/\/beuhparadis.com\/wp-content\/uploads\/2024\/12\/Alien-OG.webp\",\"datePublished\":\"2024-12-10T23:39:00+00:00\",\"dateModified\":\"2025-01-27T04:11:58+00:00\",\"description\":\"D\u00e9couvrez Alien OG Weed, une vari\u00e9t\u00e9 de cannabis premium reconnue pour sa puissance et ses ar\u00f4mes terreux et citronn\u00e9s. Commandez avec livraison rapide\",\"breadcrumb\":{\"@id\":\"https:\/\/beuhparadis.com\/product\/alien-og\/#breadcrumb\"},\"inLanguage\":\"de-DE-formal\",\"potentialAction\":[{\"@type\":\"ReadAction\",\"target\":[\"https:\/\/beuhparadis.com\/product\/alien-og\/\"]}]},{\"@type\":\"ImageObject\",\"inLanguage\":\"de-DE-formal\",\"@id\":\"https:\/\/beuhparadis.com\/product\/alien-og\/#primaryimage\",\"url\":\"https:\/\/beuhparadis.com\/wp-content\/uploads\/2024\/12\/Alien-OG.webp\",\"contentUrl\":\"https:\/\/beuhparadis.com\/wp-content\/uploads\/2024\/12\/Alien-OG.webp\",\"width\":629,\"height\":680,\"caption\":\"Alien OG Weed\"},{\"@type\":\"BreadcrumbList\",\"@id\":\"https:\/\/beuhparadis.com\/product\/alien-og\/#breadcrumb\",\"itemListElement\":[{\"@type\":\"ListItem\",\"position\":1,\"name\":\"Home\",\"item\":\"https:\/\/beuhparadis.com\/\"},{\"@type\":\"ListItem\",\"position\":2,\"name\":\"Shop\",\"item\":\"https:\/\/beuhparadis.com\/shop\/\"},{\"@type\":\"ListItem\",\"position\":3,\"name\":\"Alien OG\"}]},{\"@type\":\"WebSite\",\"@id\":\"https:\/\/beuhparadis.com\/#website\",\"url\":\"https:\/\/beuhparadis.com\/\",\"name\":\"Beuh Paradis\",\"description\":\"\",\"potentialAction\":[{\"@type\":\"SearchAction\",\"target\":{\"@type\":\"EntryPoint\",\"urlTemplate\":\"https:\/\/beuhparadis.com\/?s={search_term_string}\"},\"query-input\":{\"@type\":\"PropertyValueSpecification\",\"valueRequired\":true,\"valueName\":\"search_term_string\"}}],\"inLanguage\":\"de-DE-formal\"}]}<\/script>\n<!-- \/ Yoast SEO Premium plugin. -->","yoast_head_json":{"title":"Alien OG Weed kaufen - Starkes und Aromatisches Cannabis","description":"Entdecken Sie Alien OG Weed, eine Premium-Cannabissorte, die f\u00fcr ihre Potenz und ihre erdigen und zitronigen Aromen bekannt ist. Bestellen Sie mit schneller Lieferung","robots":{"index":"index","follow":"follow","max-snippet":"max-snippet:-1","max-image-preview":"max-image-preview:large","max-video-preview":"max-video-preview:-1"},"canonical":"https:\/\/beuhparadis.com\/de\/product\/alien-og\/","og_locale":"de_DE","og_type":"article","og_title":"Alien OG","og_description":"D\u00e9couvrez Alien OG Weed, une vari\u00e9t\u00e9 de cannabis premium reconnue pour sa puissance et ses ar\u00f4mes terreux et citronn\u00e9s. Commandez avec livraison rapide","og_url":"https:\/\/beuhparadis.com\/de\/product\/alien-og\/","og_site_name":"Beuh Paradis","article_modified_time":"2025-01-27T04:11:58+00:00","og_image":[{"width":629,"height":680,"url":"https:\/\/beuhparadis.com\/wp-content\/uploads\/2024\/12\/Alien-OG.webp","type":"image\/webp"}],"twitter_card":"summary_large_image","twitter_misc":{"Gesch\u00e4tzte Lesezeit":"2 minutes"},"schema":{"@context":"https:\/\/schema.org","@graph":[{"@type":"WebPage","@id":"https:\/\/beuhparadis.com\/product\/alien-og\/","url":"https:\/\/beuhparadis.com\/product\/alien-og\/","name":"Alien OG Weed kaufen - Starkes und Aromatisches Cannabis","isPartOf":{"@id":"https:\/\/beuhparadis.com\/#website"},"primaryImageOfPage":{"@id":"https:\/\/beuhparadis.com\/product\/alien-og\/#primaryimage"},"image":{"@id":"https:\/\/beuhparadis.com\/product\/alien-og\/#primaryimage"},"thumbnailUrl":"https:\/\/beuhparadis.com\/wp-content\/uploads\/2024\/12\/Alien-OG.webp","datePublished":"2024-12-10T23:39:00+00:00","dateModified":"2025-01-27T04:11:58+00:00","description":"Entdecken Sie Alien OG Weed, eine Premium-Cannabissorte, die f\u00fcr ihre Potenz und ihre erdigen und zitronigen Aromen bekannt ist. Bestellen Sie mit schneller Lieferung","breadcrumb":{"@id":"https:\/\/beuhparadis.com\/product\/alien-og\/#breadcrumb"},"inLanguage":"de-DE-formal","potentialAction":[{"@type":"ReadAction","target":["https:\/\/beuhparadis.com\/product\/alien-og\/"]}]},{"@type":"ImageObject","inLanguage":"de-DE-formal","@id":"https:\/\/beuhparadis.com\/product\/alien-og\/#primaryimage","url":"https:\/\/beuhparadis.com\/wp-content\/uploads\/2024\/12\/Alien-OG.webp","contentUrl":"https:\/\/beuhparadis.com\/wp-content\/uploads\/2024\/12\/Alien-OG.webp","width":629,"height":680,"caption":"Alien OG Weed"},{"@type":"BreadcrumbList","@id":"https:\/\/beuhparadis.com\/product\/alien-og\/#breadcrumb","itemListElement":[{"@type":"ListItem","position":1,"name":"Home","item":"https:\/\/beuhparadis.com\/"},{"@type":"ListItem","position":2,"name":"Shop","item":"https:\/\/beuhparadis.com\/shop\/"},{"@type":"ListItem","position":3,"name":"Alien OG"}]},{"@type":"WebSite","@id":"https:\/\/beuhparadis.com\/#website","url":"https:\/\/beuhparadis.com\/","name":"Gras Paradies","description":"","potentialAction":[{"@type":"SearchAction","target":{"@type":"EntryPoint","urlTemplate":"https:\/\/beuhparadis.com\/?s={search_term_string}"},"query-input":{"@type":"PropertyValueSpecification","valueRequired":true,"valueName":"search_term_string"}}],"inLanguage":"de-DE-formal"}]}},"_links":{"self":[{"href":"https:\/\/beuhparadis.com\/de\/wp-json\/wp\/v2\/product\/1230","targetHints":{"allow":["GET"]}}],"collection":[{"href":"https:\/\/beuhparadis.com\/de\/wp-json\/wp\/v2\/product"}],"about":[{"href":"https:\/\/beuhparadis.com\/de\/wp-json\/wp\/v2\/types\/product"}],"replies":[{"embeddable":true,"href":"https:\/\/beuhparadis.com\/de\/wp-json\/wp\/v2\/comments?post=1230"}],"wp:featuredmedia":[{"embeddable":true,"href":"https:\/\/beuhparadis.com\/de\/wp-json\/wp\/v2\/media\/1248"}],"wp:attachment":[{"href":"https:\/\/beuhparadis.com\/de\/wp-json\/wp\/v2\/media?parent=1230"}],"wp:term":[{"taxonomy":"product_brand","embeddable":true,"href":"https:\/\/beuhparadis.com\/de\/wp-json\/wp\/v2\/product_brand?post=1230"},{"taxonomy":"product_cat","embeddable":true,"href":"https:\/\/beuhparadis.com\/de\/wp-json\/wp\/v2\/product_cat?post=1230"},{"taxonomy":"product_tag","embeddable":true,"href":"https:\/\/beuhparadis.com\/de\/wp-json\/wp\/v2\/product_tag?post=1230"}],"curies":[{"name":"wp","href":"https:\/\/api.w.org\/{rel}","templated":true}]}}