{"id":1225,"date":"2024-12-10T23:39:00","date_gmt":"2024-12-10T23:39:00","guid":{"rendered":"https:\/\/beuhparadis.com\/?post_type=product&#038;p=1225"},"modified":"2025-01-27T04:06:51","modified_gmt":"2025-01-27T04:06:51","slug":"apple-fritter","status":"publish","type":"product","link":"https:\/\/beuhparadis.com\/de\/product\/apple-fritter\/","title":{"rendered":"Apple Fritter"},"content":{"rendered":"<h1 class=\"wp-block-heading\">Apple Fritter Weed: Ein kraftvoller und entspannender Hybrid<\/h1>\n<h3 class=\"wp-block-heading\">Info \u00fcber La Souche<\/h3>\n<ul class=\"wp-block-list\">\n<li>Apple Fritter ist eine hybride Cannabis-Sorte, die f\u00fcr ihre starke und entspannende Wirkung bekannt ist.<\/li>\n<li>Diese Sorte wurde von Lumpy's Flowers produziert und ist eine Kreuzung aus Sour Apple und Animal Cookies.<\/li>\n<li>Die Nutzer berichten, dass sie sich nach dem Konsum entspannt, fr\u00f6hlich und belebt f\u00fchlen.<\/li>\n<li>Der THC-Gehalt betr\u00e4gt 24%, w\u00e4hrend der CBD-Gehalt auf niedrigeren Niveaus bleibt, was ein perfektes Gleichgewicht f\u00fcr eine volle Wirkung bietet.<\/li>\n<\/ul>\n<h2 class=\"wp-block-heading\">Wo kann ich Apple Fritter Weed online kaufen?<\/h2>\n<p>Erh\u00e4ltlich bei <a href=\"https:\/\/beuhparadis.com\/de\/product\/huile-de-cannabis-tangie-og-thc\/\">beuhparadis<\/a>\u00a0Ihr vertrauensw\u00fcrdiger Online-Shop f\u00fcr Premium-St\u00e4mme, die direkt zu Ihnen nach Hause geliefert werden und den europ\u00e4ischen Gesetzen entsprechen.<\/p>\n<h2 class=\"wp-block-heading\">Wirkung, Aroma und Geschmack<\/h2>\n<h3 class=\"wp-block-heading\">Wirkung<\/h3>\n<ul class=\"wp-block-list\">\n<li>Entspannung<\/li>\n<li>Kribbelndes Gef\u00fchl<\/li>\n<li>Euphorie<\/li>\n<\/ul>\n<h3 class=\"wp-block-heading\">Aroma<\/h3>\n<ul class=\"wp-block-list\">\n<li>Erdig und s\u00fc\u00df, mit einem leichten Hauch von Apfelgeb\u00e4ck und K\u00e4se<\/li>\n<\/ul>\n<h3 class=\"wp-block-heading\">Geschmack<\/h3>\n<ul class=\"wp-block-list\">\n<li>Apfel<\/li>\n<li>Butter<\/li>\n<li>K\u00e4se<\/li>\n<\/ul>\n<h2 class=\"wp-block-heading\">Medizinische Effekte<\/h2>\n<p>Apple Fritter wird ausgew\u00e4hlt, um bei der Linderung :<\/p>\n<ul class=\"wp-block-list\">\n<li>Angst<\/li>\n<li>Stress<\/li>\n<li>Depression<\/li>\n<\/ul>\n<h2 class=\"wp-block-heading\">Warum Apple Fritter Weed bei Acheterducannabis kaufen?<\/h2>\n<p>Acheterducannabis ist Ihr ideales Ziel f\u00fcr hochwertige Cannabis-St\u00e4mme wie Apple Fritter. Wir verpflichten uns, getestete und konforme Produkte zu liefern, um Ihre absolute Zufriedenheit zu gew\u00e4hrleisten.<\/p>\n<h2 class=\"wp-block-heading\">EU-Gesetzgebung zum Verkauf dieses Stammes<\/h2>\n<p>In \u00dcbereinstimmung mit den europ\u00e4ischen Gesetzen wird Apple Fritter mit der Zusicherung eines legalen und sicheren Vertriebs verkauft, was unseren Kunden in ganz Europa einen unproblematischen Zugang zu Premium-St\u00e4mmen garantiert.<\/p>\n<p>Apple Fritter weed stellt den H\u00f6hepunkt des Hybrid-Cannabis dar und bietet eine perfekte Balance zwischen Entspannung und Euphorie. Mit ihrem einzigartigen Geschmacksprofil und ihren positiven medizinischen Wirkungen ist diese Sorte ideal f\u00fcr alle, die Angstzust\u00e4nde, Stress und Depressionen lindern wollen. Entdecken Sie <a href=\"https:\/\/www.allbud.com\/marijuana-strains\/hybrid\/apple-fritter\" data-type=\"link\" data-id=\"https:\/\/www.allbud.com\/marijuana-strains\/hybrid\/apple-fritter\">Apple Fritter<\/a> und andere au\u00dfergew\u00f6hnliche St\u00e4mme auf Acheterducannabis f\u00fcr ein erstklassiges Cannabis-Erlebnis.<\/p>","protected":false},"excerpt":{"rendered":"<p><strong>THC:<\/strong> 24% <strong>Medizinische Effekte <\/strong>Apple Fritter wird ausgew\u00e4hlt, um bei der Linderung :<\/p>\n<ul class=\"wp-block-list\">\n<li>Angst<\/li>\n<li>Stress<\/li>\n<li>Depression<\/li>\n<\/ul>\n<p>&nbsp;<\/p>","protected":false},"featured_media":1247,"comment_status":"closed","ping_status":"closed","template":"","meta":{"site-sidebar-layout":"default","site-content-layout":"","ast-site-content-layout":"default","site-content-style":"default","site-sidebar-style":"default","ast-global-header-display":"","ast-banner-title-visibility":"","ast-main-header-display":"","ast-hfb-above-header-display":"","ast-hfb-below-header-display":"","ast-hfb-mobile-header-display":"","site-post-title":"","ast-breadcrumbs-content":"","ast-featured-img":"","footer-sml-layout":"","theme-transparent-header-meta":"default","adv-header-id-meta":"","stick-header-meta":"","header-above-stick-meta":"","header-main-stick-meta":"","header-below-stick-meta":"","astra-migrate-meta-layouts":"set","ast-page-background-enabled":"default","ast-page-background-meta":{"desktop":{"background-color":"","background-image":"","background-repeat":"repeat","background-position":"center center","background-size":"auto","background-attachment":"scroll","background-type":"","background-media":"","overlay-type":"","overlay-color":"","overlay-opacity":"","overlay-gradient":""},"tablet":{"background-color":"","background-image":"","background-repeat":"repeat","background-position":"center center","background-size":"auto","background-attachment":"scroll","background-type":"","background-media":"","overlay-type":"","overlay-color":"","overlay-opacity":"","overlay-gradient":""},"mobile":{"background-color":"","background-image":"","background-repeat":"repeat","background-position":"center center","background-size":"auto","background-attachment":"scroll","background-type":"","background-media":"","overlay-type":"","overlay-color":"","overlay-opacity":"","overlay-gradient":""}},"ast-content-background-meta":{"desktop":{"background-color":"var(--ast-global-color-5)","background-image":"","background-repeat":"repeat","background-position":"center center","background-size":"auto","background-attachment":"scroll","background-type":"","background-media":"","overlay-type":"","overlay-color":"","overlay-opacity":"","overlay-gradient":""},"tablet":{"background-color":"var(--ast-global-color-5)","background-image":"","background-repeat":"repeat","background-position":"center center","background-size":"auto","background-attachment":"scroll","background-type":"","background-media":"","overlay-type":"","overlay-color":"","overlay-opacity":"","overlay-gradient":""},"mobile":{"background-color":"var(--ast-global-color-5)","background-image":"","background-repeat":"repeat","background-position":"center center","background-size":"auto","background-attachment":"scroll","background-type":"","background-media":"","overlay-type":"","overlay-color":"","overlay-opacity":"","overlay-gradient":""}},"_joinchat":[]},"product_brand":[],"product_cat":[32,33],"product_tag":[],"class_list":{"0":"post-1225","1":"product","2":"type-product","3":"status-publish","4":"has-post-thumbnail","6":"product_cat-fleur-de-chanvre","7":"product_cat-thc-beuh","8":"desktop-align-left","9":"tablet-align-left","10":"mobile-align-left","12":"first","13":"instock","14":"shipping-taxable","15":"purchasable","16":"product-type-variable"},"yoast_head":"<!-- This site is optimized with the Yoast SEO Premium plugin v24.1 (Yoast SEO v26.8) - https:\/\/yoast.com\/product\/yoast-seo-premium-wordpress\/ -->\n<title>Acheter Apple Fritter Weed en Ligne | Qualit\u00e9 Premium<\/title>\n<meta name=\"description\" content=\"D\u00e9couvrez l&#039;Apple Fritter Weed, une vari\u00e9t\u00e9 puissante et savoureuse. Livraison rapide et discr\u00e8te. Profitez des meilleurs prix et d&#039;un service fiable.\" \/>\n<meta name=\"robots\" content=\"index, follow, max-snippet:-1, max-image-preview:large, max-video-preview:-1\" \/>\n<link rel=\"canonical\" href=\"https:\/\/beuhparadis.com\/de\/product\/apple-fritter\/\" \/>\n<meta property=\"og:locale\" content=\"de_DE\" \/>\n<meta property=\"og:type\" content=\"article\" \/>\n<meta property=\"og:title\" content=\"Apple Fritter\" \/>\n<meta property=\"og:description\" content=\"D\u00e9couvrez l&#039;Apple Fritter Weed, une vari\u00e9t\u00e9 puissante et savoureuse. Livraison rapide et discr\u00e8te. Profitez des meilleurs prix et d&#039;un service fiable.\" \/>\n<meta property=\"og:url\" content=\"https:\/\/beuhparadis.com\/de\/product\/apple-fritter\/\" \/>\n<meta property=\"og:site_name\" content=\"Beuh Paradis\" \/>\n<meta property=\"article:modified_time\" content=\"2025-01-27T04:06:51+00:00\" \/>\n<meta property=\"og:image\" content=\"https:\/\/beuhparadis.com\/wp-content\/uploads\/2024\/12\/Apple-Fritter.webp\" \/>\n\t<meta property=\"og:image:width\" content=\"1800\" \/>\n\t<meta property=\"og:image:height\" content=\"1000\" \/>\n\t<meta property=\"og:image:type\" content=\"image\/webp\" \/>\n<meta name=\"twitter:card\" content=\"summary_large_image\" \/>\n<meta name=\"twitter:label1\" content=\"Gesch\u00e4tzte Lesezeit\" \/>\n\t<meta name=\"twitter:data1\" content=\"2 minutes\" \/>\n<script type=\"application\/ld+json\" class=\"yoast-schema-graph\">{\"@context\":\"https:\/\/schema.org\",\"@graph\":[{\"@type\":\"WebPage\",\"@id\":\"https:\/\/beuhparadis.com\/product\/apple-fritter\/\",\"url\":\"https:\/\/beuhparadis.com\/product\/apple-fritter\/\",\"name\":\"Acheter Apple Fritter Weed en Ligne | Qualit\u00e9 Premium\",\"isPartOf\":{\"@id\":\"https:\/\/beuhparadis.com\/#website\"},\"primaryImageOfPage\":{\"@id\":\"https:\/\/beuhparadis.com\/product\/apple-fritter\/#primaryimage\"},\"image\":{\"@id\":\"https:\/\/beuhparadis.com\/product\/apple-fritter\/#primaryimage\"},\"thumbnailUrl\":\"https:\/\/beuhparadis.com\/wp-content\/uploads\/2024\/12\/Apple-Fritter.webp\",\"datePublished\":\"2024-12-10T23:39:00+00:00\",\"dateModified\":\"2025-01-27T04:06:51+00:00\",\"description\":\"D\u00e9couvrez l'Apple Fritter Weed, une vari\u00e9t\u00e9 puissante et savoureuse. Livraison rapide et discr\u00e8te. Profitez des meilleurs prix et d'un service fiable.\",\"breadcrumb\":{\"@id\":\"https:\/\/beuhparadis.com\/product\/apple-fritter\/#breadcrumb\"},\"inLanguage\":\"de-DE-formal\",\"potentialAction\":[{\"@type\":\"ReadAction\",\"target\":[\"https:\/\/beuhparadis.com\/product\/apple-fritter\/\"]}]},{\"@type\":\"ImageObject\",\"inLanguage\":\"de-DE-formal\",\"@id\":\"https:\/\/beuhparadis.com\/product\/apple-fritter\/#primaryimage\",\"url\":\"https:\/\/beuhparadis.com\/wp-content\/uploads\/2024\/12\/Apple-Fritter.webp\",\"contentUrl\":\"https:\/\/beuhparadis.com\/wp-content\/uploads\/2024\/12\/Apple-Fritter.webp\",\"width\":1800,\"height\":1000},{\"@type\":\"BreadcrumbList\",\"@id\":\"https:\/\/beuhparadis.com\/product\/apple-fritter\/#breadcrumb\",\"itemListElement\":[{\"@type\":\"ListItem\",\"position\":1,\"name\":\"Home\",\"item\":\"https:\/\/beuhparadis.com\/\"},{\"@type\":\"ListItem\",\"position\":2,\"name\":\"Shop\",\"item\":\"https:\/\/beuhparadis.com\/shop\/\"},{\"@type\":\"ListItem\",\"position\":3,\"name\":\"Apple Fritter\"}]},{\"@type\":\"WebSite\",\"@id\":\"https:\/\/beuhparadis.com\/#website\",\"url\":\"https:\/\/beuhparadis.com\/\",\"name\":\"Beuh Paradis\",\"description\":\"\",\"potentialAction\":[{\"@type\":\"SearchAction\",\"target\":{\"@type\":\"EntryPoint\",\"urlTemplate\":\"https:\/\/beuhparadis.com\/?s={search_term_string}\"},\"query-input\":{\"@type\":\"PropertyValueSpecification\",\"valueRequired\":true,\"valueName\":\"search_term_string\"}}],\"inLanguage\":\"de-DE-formal\"}]}<\/script>\n<!-- \/ Yoast SEO Premium plugin. -->","yoast_head_json":{"title":"Kaufen Apple Fritter Weed Online | Premium Qualit\u00e4t","description":"Entdecken Sie das Apple Fritter Weed, eine starke und schmackhafte Sorte. Schnelle und diskrete Lieferung. Profitieren Sie von den besten Preisen und einem zuverl\u00e4ssigen Service.","robots":{"index":"index","follow":"follow","max-snippet":"max-snippet:-1","max-image-preview":"max-image-preview:large","max-video-preview":"max-video-preview:-1"},"canonical":"https:\/\/beuhparadis.com\/de\/product\/apple-fritter\/","og_locale":"de_DE","og_type":"article","og_title":"Apple Fritter","og_description":"D\u00e9couvrez l'Apple Fritter Weed, une vari\u00e9t\u00e9 puissante et savoureuse. Livraison rapide et discr\u00e8te. Profitez des meilleurs prix et d'un service fiable.","og_url":"https:\/\/beuhparadis.com\/de\/product\/apple-fritter\/","og_site_name":"Beuh Paradis","article_modified_time":"2025-01-27T04:06:51+00:00","og_image":[{"width":1800,"height":1000,"url":"https:\/\/beuhparadis.com\/wp-content\/uploads\/2024\/12\/Apple-Fritter.webp","type":"image\/webp"}],"twitter_card":"summary_large_image","twitter_misc":{"Gesch\u00e4tzte Lesezeit":"2 minutes"},"schema":{"@context":"https:\/\/schema.org","@graph":[{"@type":"WebPage","@id":"https:\/\/beuhparadis.com\/product\/apple-fritter\/","url":"https:\/\/beuhparadis.com\/product\/apple-fritter\/","name":"Kaufen Apple Fritter Weed Online | Premium Qualit\u00e4t","isPartOf":{"@id":"https:\/\/beuhparadis.com\/#website"},"primaryImageOfPage":{"@id":"https:\/\/beuhparadis.com\/product\/apple-fritter\/#primaryimage"},"image":{"@id":"https:\/\/beuhparadis.com\/product\/apple-fritter\/#primaryimage"},"thumbnailUrl":"https:\/\/beuhparadis.com\/wp-content\/uploads\/2024\/12\/Apple-Fritter.webp","datePublished":"2024-12-10T23:39:00+00:00","dateModified":"2025-01-27T04:06:51+00:00","description":"Entdecken Sie das Apple Fritter Weed, eine starke und schmackhafte Sorte. Schnelle und diskrete Lieferung. Profitieren Sie von den besten Preisen und einem zuverl\u00e4ssigen Service.","breadcrumb":{"@id":"https:\/\/beuhparadis.com\/product\/apple-fritter\/#breadcrumb"},"inLanguage":"de-DE-formal","potentialAction":[{"@type":"ReadAction","target":["https:\/\/beuhparadis.com\/product\/apple-fritter\/"]}]},{"@type":"ImageObject","inLanguage":"de-DE-formal","@id":"https:\/\/beuhparadis.com\/product\/apple-fritter\/#primaryimage","url":"https:\/\/beuhparadis.com\/wp-content\/uploads\/2024\/12\/Apple-Fritter.webp","contentUrl":"https:\/\/beuhparadis.com\/wp-content\/uploads\/2024\/12\/Apple-Fritter.webp","width":1800,"height":1000},{"@type":"BreadcrumbList","@id":"https:\/\/beuhparadis.com\/product\/apple-fritter\/#breadcrumb","itemListElement":[{"@type":"ListItem","position":1,"name":"Home","item":"https:\/\/beuhparadis.com\/"},{"@type":"ListItem","position":2,"name":"Shop","item":"https:\/\/beuhparadis.com\/shop\/"},{"@type":"ListItem","position":3,"name":"Apple Fritter"}]},{"@type":"WebSite","@id":"https:\/\/beuhparadis.com\/#website","url":"https:\/\/beuhparadis.com\/","name":"Gras Paradies","description":"","potentialAction":[{"@type":"SearchAction","target":{"@type":"EntryPoint","urlTemplate":"https:\/\/beuhparadis.com\/?s={search_term_string}"},"query-input":{"@type":"PropertyValueSpecification","valueRequired":true,"valueName":"search_term_string"}}],"inLanguage":"de-DE-formal"}]}},"_links":{"self":[{"href":"https:\/\/beuhparadis.com\/de\/wp-json\/wp\/v2\/product\/1225","targetHints":{"allow":["GET"]}}],"collection":[{"href":"https:\/\/beuhparadis.com\/de\/wp-json\/wp\/v2\/product"}],"about":[{"href":"https:\/\/beuhparadis.com\/de\/wp-json\/wp\/v2\/types\/product"}],"replies":[{"embeddable":true,"href":"https:\/\/beuhparadis.com\/de\/wp-json\/wp\/v2\/comments?post=1225"}],"wp:featuredmedia":[{"embeddable":true,"href":"https:\/\/beuhparadis.com\/de\/wp-json\/wp\/v2\/media\/1247"}],"wp:attachment":[{"href":"https:\/\/beuhparadis.com\/de\/wp-json\/wp\/v2\/media?parent=1225"}],"wp:term":[{"taxonomy":"product_brand","embeddable":true,"href":"https:\/\/beuhparadis.com\/de\/wp-json\/wp\/v2\/product_brand?post=1225"},{"taxonomy":"product_cat","embeddable":true,"href":"https:\/\/beuhparadis.com\/de\/wp-json\/wp\/v2\/product_cat?post=1225"},{"taxonomy":"product_tag","embeddable":true,"href":"https:\/\/beuhparadis.com\/de\/wp-json\/wp\/v2\/product_tag?post=1225"}],"curies":[{"name":"wp","href":"https:\/\/api.w.org\/{rel}","templated":true}]}}