{"id":1220,"date":"2024-12-10T23:39:00","date_gmt":"2024-12-10T23:39:00","guid":{"rendered":"https:\/\/beuhparadis.com\/?post_type=product&#038;p=1220"},"modified":"2025-01-27T04:30:46","modified_gmt":"2025-01-27T04:30:46","slug":"bio-jesus-hybrid-weed","status":"publish","type":"product","link":"https:\/\/beuhparadis.com\/de\/product\/bio-jesus-hybrid-weed\/","title":{"rendered":"Bio-Jesus Hybrid Weed"},"content":{"rendered":"<h1 class=\"wp-block-heading\">Bio Jesus Weed kaufen: Entdeckung einer starken Sorte f\u00fcr die Nacht<\/h1>\n<p>Info \u00fcber La Souche<\/p>\n<p>Bio Jesus ist ein Cannabis-Hybrid-Stamm, der f\u00fcr seine bet\u00e4ubende Kraft und seine au\u00dfergew\u00f6hnliche Anwendung bei der Schmerzlinderung bekannt ist. Diese Sorte ist das Ergebnis der Kreuzung von Gumbo und Bio-Diesel. Bio Jesus wird besonders f\u00fcr seine intensiven k\u00f6rperlichen Effekte und einen euphorischen Nebel gesch\u00e4tzt, der sich ideal f\u00fcr den Gebrauch in der Nacht eignet. Patienten, die Cannabis zu medizinischen Zwecken verwenden, w\u00e4hlen diese Sorte, um die mit Schlaflosigkeit verbundenen Symptome zu lindern.<\/p>\n<h2 class=\"wp-block-heading\">THC und CBD<\/h2>\n<p>Bio Jesus weist einen hohen THC-Gehalt auf, w\u00e4hrend der CBD-Anteil im Allgemeinen niedrig bleibt, was sein Potenzial zur tiefen Entspannung ohne nennenswerte psychotrope Effekte betont.<\/p>\n<h2 class=\"wp-block-heading\">Wo kann ich Bio Jesus Weed online kaufen?<\/h2>\n<p>Bio Jesus strain kann online auf Acheterducannabis gekauft werden, Ihr vertrauensw\u00fcrdiger Lieferant, der hochwertige St\u00e4mme direkt an Ihrer Haust\u00fcr anbietet, in \u00dcbereinstimmung mit den europ\u00e4ischen Gesetzen zum Verkauf von Cannabis.<\/p>\n<h2 class=\"wp-block-heading\">Wirkung, Aroma und Geschmack<\/h2>\n<h4 class=\"wp-block-heading\">Wirkung<\/h4>\n<ul class=\"wp-block-list\">\n<li>Schl\u00e4frigkeit<\/li>\n<li>Entspannung<\/li>\n<li>Hungergef\u00fchl<\/li>\n<\/ul>\n<h4 class=\"wp-block-heading\">Aroma<\/h4>\n<ul class=\"wp-block-list\">\n<li>Diesel<\/li>\n<li>Chemisch<\/li>\n<li>Erdig<\/li>\n<\/ul>\n<h4 class=\"wp-block-heading\">Geschmack<\/h4>\n<p>Die Geschmacksrichtungen von Bio Jesus umfassen Diesel-, chemische und erdige Noten und schaffen so ein einzigartiges Geschmackserlebnis f\u00fcr Kenner.<\/p>\n<h2 class=\"wp-block-heading\">Medizinische Effekte<\/h2>\n<p>Bio Jesus ist sehr empfehlenswert f\u00fcr :<\/p>\n<ul class=\"wp-block-list\">\n<li>Schmerzen lindern<\/li>\n<li>Stress abbauen<\/li>\n<li>Schlaflosigkeit bek\u00e4mpfen<\/li>\n<\/ul>\n<h2 class=\"wp-block-heading\">Warum Bio Jesus weed bei Kaufen Beuhparadies kaufen?<\/h2>\n<p><a href=\"https:\/\/beuhparadis.com\/de\/product\/birthday-cake-kush\/\" data-type=\"link\" data-id=\"https:\/\/acheterducannabis.fr\/\">Beuhparadies<\/a> ist Ihr Ziel der Wahl f\u00fcr erstklassige Cannabis-St\u00e4mme wie Bio Jesus. Wir garantieren die Qualit\u00e4t, R\u00fcckverfolgbarkeit und Gesetzeskonformit\u00e4t unserer Produkte und sorgen daf\u00fcr, dass Sie eine sichere und zufriedenstellende Erfahrung machen.<\/p>\n<h2 class=\"wp-block-heading\">Regierungsgesetz \u00fcber den Verkauf dieses Stammes in Europa<\/h2>\n<p>In \u00dcbereinstimmung mit der europ\u00e4ischen Gesetzgebung wird Bio Jesus strain unter vollst\u00e4ndiger Einhaltung der geltenden Normen verkauft, wodurch ein sicherer und legaler Zugang f\u00fcr unsere Kunden in ganz Europa gew\u00e4hrleistet ist.<\/p>\n<p>Bio Jesus weed ist die Quintessenz der n\u00e4chtlichen Entspannung und bietet eine willkommene Flucht vor Schmerzen und Alltagsstress. Mit seinen tiefen k\u00f6rperlichen Effekten und seinem reichen Terpenprofil ist es der Stamm par excellence f\u00fcr diejenigen, die Linderung in medizinischem Cannabis suchen. Besuchen Sie Acheterducannabis, um Folgendes zu entdecken <a href=\"https:\/\/www.hytiva.com\/strains\/hybrid\/bio-jesus\" data-type=\"link\" data-id=\"https:\/\/www.hytiva.com\/strains\/hybrid\/bio-jesus\">Bio Jesus<\/a> und viele andere Sorten, die speziell f\u00fcr Sie ausgew\u00e4hlt wurden.<\/p>","protected":false},"excerpt":{"rendered":"<div class=\"col-xs-12 col-sm-12 wider\">\n<div class=\"flipblock-wrapper\">\n<section id=\"positive-effects\" class=\"panel panel-default\" data-label=\"positive_effects\">\n<div class=\"face front\">\n<div class=\"panel-heading\"><strong>THC: <\/strong>25%<strong> Auswirkungen<\/strong> Kreativ, Euphorie, Gl\u00fccklich <strong>Kann Linderung verschaffen<\/strong> Angst, bipolare St\u00f6rung, chronische Schmerzen, M\u00fcdigkeit, Fibromyalgie, Kopfschmerzen, Schlaflosigkeit, Migr\u00e4ne, Muskelkr\u00e4mpfe, \u00dcbelkeit, PTSD, Stress<\/div>\n<\/div>\n<\/section>\n<\/div>\n<\/div>","protected":false},"featured_media":1246,"comment_status":"closed","ping_status":"closed","template":"","meta":{"site-sidebar-layout":"default","site-content-layout":"","ast-site-content-layout":"default","site-content-style":"default","site-sidebar-style":"default","ast-global-header-display":"","ast-banner-title-visibility":"","ast-main-header-display":"","ast-hfb-above-header-display":"","ast-hfb-below-header-display":"","ast-hfb-mobile-header-display":"","site-post-title":"","ast-breadcrumbs-content":"","ast-featured-img":"","footer-sml-layout":"","theme-transparent-header-meta":"default","adv-header-id-meta":"","stick-header-meta":"","header-above-stick-meta":"","header-main-stick-meta":"","header-below-stick-meta":"","astra-migrate-meta-layouts":"set","ast-page-background-enabled":"default","ast-page-background-meta":{"desktop":{"background-color":"","background-image":"","background-repeat":"repeat","background-position":"center center","background-size":"auto","background-attachment":"scroll","background-type":"","background-media":"","overlay-type":"","overlay-color":"","overlay-opacity":"","overlay-gradient":""},"tablet":{"background-color":"","background-image":"","background-repeat":"repeat","background-position":"center center","background-size":"auto","background-attachment":"scroll","background-type":"","background-media":"","overlay-type":"","overlay-color":"","overlay-opacity":"","overlay-gradient":""},"mobile":{"background-color":"","background-image":"","background-repeat":"repeat","background-position":"center center","background-size":"auto","background-attachment":"scroll","background-type":"","background-media":"","overlay-type":"","overlay-color":"","overlay-opacity":"","overlay-gradient":""}},"ast-content-background-meta":{"desktop":{"background-color":"var(--ast-global-color-5)","background-image":"","background-repeat":"repeat","background-position":"center center","background-size":"auto","background-attachment":"scroll","background-type":"","background-media":"","overlay-type":"","overlay-color":"","overlay-opacity":"","overlay-gradient":""},"tablet":{"background-color":"var(--ast-global-color-5)","background-image":"","background-repeat":"repeat","background-position":"center center","background-size":"auto","background-attachment":"scroll","background-type":"","background-media":"","overlay-type":"","overlay-color":"","overlay-opacity":"","overlay-gradient":""},"mobile":{"background-color":"var(--ast-global-color-5)","background-image":"","background-repeat":"repeat","background-position":"center center","background-size":"auto","background-attachment":"scroll","background-type":"","background-media":"","overlay-type":"","overlay-color":"","overlay-opacity":"","overlay-gradient":""}},"_joinchat":[]},"product_brand":[],"product_cat":[32,33],"product_tag":[],"class_list":{"0":"post-1220","1":"product","2":"type-product","3":"status-publish","4":"has-post-thumbnail","6":"product_cat-fleur-de-chanvre","7":"product_cat-thc-beuh","8":"desktop-align-left","9":"tablet-align-left","10":"mobile-align-left","12":"first","13":"instock","14":"shipping-taxable","15":"purchasable","16":"product-type-variable"},"yoast_head":"<!-- This site is optimized with the Yoast SEO Premium plugin v24.1 (Yoast SEO v26.8) - https:\/\/yoast.com\/product\/yoast-seo-premium-wordpress\/ -->\n<title>Acheter Bio Jesus Weed \u2013 Cannabis Relaxant\/Qualit\u00e9 Sup\u00e9rieure<\/title>\n<meta name=\"description\" content=\"Commandez Bio Jesus Weed, une vari\u00e9t\u00e9 de cannabis r\u00e9put\u00e9e pour ses effets apaisants et ses ar\u00f4mes terreux. Livraison rapide et discr\u00e8te en France.\" \/>\n<meta name=\"robots\" content=\"index, follow, max-snippet:-1, max-image-preview:large, max-video-preview:-1\" \/>\n<link rel=\"canonical\" href=\"https:\/\/beuhparadis.com\/de\/product\/bio-jesus-hybrid-weed\/\" \/>\n<meta property=\"og:locale\" content=\"de_DE\" \/>\n<meta property=\"og:type\" content=\"article\" \/>\n<meta property=\"og:title\" content=\"Bio-Jesus Hybrid Weed\" \/>\n<meta property=\"og:description\" content=\"Commandez Bio Jesus Weed, une vari\u00e9t\u00e9 de cannabis r\u00e9put\u00e9e pour ses effets apaisants et ses ar\u00f4mes terreux. Livraison rapide et discr\u00e8te en France.\" \/>\n<meta property=\"og:url\" content=\"https:\/\/beuhparadis.com\/de\/product\/bio-jesus-hybrid-weed\/\" \/>\n<meta property=\"og:site_name\" content=\"Beuh Paradis\" \/>\n<meta property=\"article:modified_time\" content=\"2025-01-27T04:30:46+00:00\" \/>\n<meta property=\"og:image\" content=\"https:\/\/beuhparadis.com\/wp-content\/uploads\/2024\/12\/Bio-Jesus-Hybrid-Weed.webp\" \/>\n\t<meta property=\"og:image:width\" content=\"966\" \/>\n\t<meta property=\"og:image:height\" content=\"1175\" \/>\n\t<meta property=\"og:image:type\" content=\"image\/webp\" \/>\n<meta name=\"twitter:card\" content=\"summary_large_image\" \/>\n<meta name=\"twitter:label1\" content=\"Gesch\u00e4tzte Lesezeit\" \/>\n\t<meta name=\"twitter:data1\" content=\"2 minutes\" \/>\n<script type=\"application\/ld+json\" class=\"yoast-schema-graph\">{\"@context\":\"https:\/\/schema.org\",\"@graph\":[{\"@type\":\"WebPage\",\"@id\":\"https:\/\/beuhparadis.com\/product\/bio-jesus-hybrid-weed\/\",\"url\":\"https:\/\/beuhparadis.com\/product\/bio-jesus-hybrid-weed\/\",\"name\":\"Acheter Bio Jesus Weed \u2013 Cannabis Relaxant\/Qualit\u00e9 Sup\u00e9rieure\",\"isPartOf\":{\"@id\":\"https:\/\/beuhparadis.com\/#website\"},\"primaryImageOfPage\":{\"@id\":\"https:\/\/beuhparadis.com\/product\/bio-jesus-hybrid-weed\/#primaryimage\"},\"image\":{\"@id\":\"https:\/\/beuhparadis.com\/product\/bio-jesus-hybrid-weed\/#primaryimage\"},\"thumbnailUrl\":\"https:\/\/beuhparadis.com\/wp-content\/uploads\/2024\/12\/Bio-Jesus-Hybrid-Weed.webp\",\"datePublished\":\"2024-12-10T23:39:00+00:00\",\"dateModified\":\"2025-01-27T04:30:46+00:00\",\"description\":\"Commandez Bio Jesus Weed, une vari\u00e9t\u00e9 de cannabis r\u00e9put\u00e9e pour ses effets apaisants et ses ar\u00f4mes terreux. Livraison rapide et discr\u00e8te en France.\",\"breadcrumb\":{\"@id\":\"https:\/\/beuhparadis.com\/product\/bio-jesus-hybrid-weed\/#breadcrumb\"},\"inLanguage\":\"de-DE-formal\",\"potentialAction\":[{\"@type\":\"ReadAction\",\"target\":[\"https:\/\/beuhparadis.com\/product\/bio-jesus-hybrid-weed\/\"]}]},{\"@type\":\"ImageObject\",\"inLanguage\":\"de-DE-formal\",\"@id\":\"https:\/\/beuhparadis.com\/product\/bio-jesus-hybrid-weed\/#primaryimage\",\"url\":\"https:\/\/beuhparadis.com\/wp-content\/uploads\/2024\/12\/Bio-Jesus-Hybrid-Weed.webp\",\"contentUrl\":\"https:\/\/beuhparadis.com\/wp-content\/uploads\/2024\/12\/Bio-Jesus-Hybrid-Weed.webp\",\"width\":966,\"height\":1175},{\"@type\":\"BreadcrumbList\",\"@id\":\"https:\/\/beuhparadis.com\/product\/bio-jesus-hybrid-weed\/#breadcrumb\",\"itemListElement\":[{\"@type\":\"ListItem\",\"position\":1,\"name\":\"Home\",\"item\":\"https:\/\/beuhparadis.com\/\"},{\"@type\":\"ListItem\",\"position\":2,\"name\":\"Shop\",\"item\":\"https:\/\/beuhparadis.com\/shop\/\"},{\"@type\":\"ListItem\",\"position\":3,\"name\":\"Bio-Jesus Hybrid Weed\"}]},{\"@type\":\"WebSite\",\"@id\":\"https:\/\/beuhparadis.com\/#website\",\"url\":\"https:\/\/beuhparadis.com\/\",\"name\":\"Beuh Paradis\",\"description\":\"\",\"potentialAction\":[{\"@type\":\"SearchAction\",\"target\":{\"@type\":\"EntryPoint\",\"urlTemplate\":\"https:\/\/beuhparadis.com\/?s={search_term_string}\"},\"query-input\":{\"@type\":\"PropertyValueSpecification\",\"valueRequired\":true,\"valueName\":\"search_term_string\"}}],\"inLanguage\":\"de-DE-formal\"}]}<\/script>\n<!-- \/ Yoast SEO Premium plugin. -->","yoast_head_json":{"title":"Bio Jesus Weed kaufen - Cannabis Entspannend\/Qualit\u00e4t","description":"Bestellen Sie Bio Jesus Weed, eine Cannabissorte, die f\u00fcr ihre beruhigende Wirkung und ihre erdigen Aromen bekannt ist. Schnelle und diskrete Lieferung innerhalb Deutschlands.","robots":{"index":"index","follow":"follow","max-snippet":"max-snippet:-1","max-image-preview":"max-image-preview:large","max-video-preview":"max-video-preview:-1"},"canonical":"https:\/\/beuhparadis.com\/de\/product\/bio-jesus-hybrid-weed\/","og_locale":"de_DE","og_type":"article","og_title":"Bio-Jesus Hybrid Weed","og_description":"Commandez Bio Jesus Weed, une vari\u00e9t\u00e9 de cannabis r\u00e9put\u00e9e pour ses effets apaisants et ses ar\u00f4mes terreux. Livraison rapide et discr\u00e8te en France.","og_url":"https:\/\/beuhparadis.com\/de\/product\/bio-jesus-hybrid-weed\/","og_site_name":"Beuh Paradis","article_modified_time":"2025-01-27T04:30:46+00:00","og_image":[{"width":966,"height":1175,"url":"https:\/\/beuhparadis.com\/wp-content\/uploads\/2024\/12\/Bio-Jesus-Hybrid-Weed.webp","type":"image\/webp"}],"twitter_card":"summary_large_image","twitter_misc":{"Gesch\u00e4tzte Lesezeit":"2 minutes"},"schema":{"@context":"https:\/\/schema.org","@graph":[{"@type":"WebPage","@id":"https:\/\/beuhparadis.com\/product\/bio-jesus-hybrid-weed\/","url":"https:\/\/beuhparadis.com\/product\/bio-jesus-hybrid-weed\/","name":"Bio Jesus Weed kaufen - Cannabis Entspannend\/Qualit\u00e4t","isPartOf":{"@id":"https:\/\/beuhparadis.com\/#website"},"primaryImageOfPage":{"@id":"https:\/\/beuhparadis.com\/product\/bio-jesus-hybrid-weed\/#primaryimage"},"image":{"@id":"https:\/\/beuhparadis.com\/product\/bio-jesus-hybrid-weed\/#primaryimage"},"thumbnailUrl":"https:\/\/beuhparadis.com\/wp-content\/uploads\/2024\/12\/Bio-Jesus-Hybrid-Weed.webp","datePublished":"2024-12-10T23:39:00+00:00","dateModified":"2025-01-27T04:30:46+00:00","description":"Bestellen Sie Bio Jesus Weed, eine Cannabissorte, die f\u00fcr ihre beruhigende Wirkung und ihre erdigen Aromen bekannt ist. Schnelle und diskrete Lieferung innerhalb Deutschlands.","breadcrumb":{"@id":"https:\/\/beuhparadis.com\/product\/bio-jesus-hybrid-weed\/#breadcrumb"},"inLanguage":"de-DE-formal","potentialAction":[{"@type":"ReadAction","target":["https:\/\/beuhparadis.com\/product\/bio-jesus-hybrid-weed\/"]}]},{"@type":"ImageObject","inLanguage":"de-DE-formal","@id":"https:\/\/beuhparadis.com\/product\/bio-jesus-hybrid-weed\/#primaryimage","url":"https:\/\/beuhparadis.com\/wp-content\/uploads\/2024\/12\/Bio-Jesus-Hybrid-Weed.webp","contentUrl":"https:\/\/beuhparadis.com\/wp-content\/uploads\/2024\/12\/Bio-Jesus-Hybrid-Weed.webp","width":966,"height":1175},{"@type":"BreadcrumbList","@id":"https:\/\/beuhparadis.com\/product\/bio-jesus-hybrid-weed\/#breadcrumb","itemListElement":[{"@type":"ListItem","position":1,"name":"Home","item":"https:\/\/beuhparadis.com\/"},{"@type":"ListItem","position":2,"name":"Shop","item":"https:\/\/beuhparadis.com\/shop\/"},{"@type":"ListItem","position":3,"name":"Bio-Jesus Hybrid Weed"}]},{"@type":"WebSite","@id":"https:\/\/beuhparadis.com\/#website","url":"https:\/\/beuhparadis.com\/","name":"Gras Paradies","description":"","potentialAction":[{"@type":"SearchAction","target":{"@type":"EntryPoint","urlTemplate":"https:\/\/beuhparadis.com\/?s={search_term_string}"},"query-input":{"@type":"PropertyValueSpecification","valueRequired":true,"valueName":"search_term_string"}}],"inLanguage":"de-DE-formal"}]}},"_links":{"self":[{"href":"https:\/\/beuhparadis.com\/de\/wp-json\/wp\/v2\/product\/1220","targetHints":{"allow":["GET"]}}],"collection":[{"href":"https:\/\/beuhparadis.com\/de\/wp-json\/wp\/v2\/product"}],"about":[{"href":"https:\/\/beuhparadis.com\/de\/wp-json\/wp\/v2\/types\/product"}],"replies":[{"embeddable":true,"href":"https:\/\/beuhparadis.com\/de\/wp-json\/wp\/v2\/comments?post=1220"}],"wp:featuredmedia":[{"embeddable":true,"href":"https:\/\/beuhparadis.com\/de\/wp-json\/wp\/v2\/media\/1246"}],"wp:attachment":[{"href":"https:\/\/beuhparadis.com\/de\/wp-json\/wp\/v2\/media?parent=1220"}],"wp:term":[{"taxonomy":"product_brand","embeddable":true,"href":"https:\/\/beuhparadis.com\/de\/wp-json\/wp\/v2\/product_brand?post=1220"},{"taxonomy":"product_cat","embeddable":true,"href":"https:\/\/beuhparadis.com\/de\/wp-json\/wp\/v2\/product_cat?post=1220"},{"taxonomy":"product_tag","embeddable":true,"href":"https:\/\/beuhparadis.com\/de\/wp-json\/wp\/v2\/product_tag?post=1220"}],"curies":[{"name":"wp","href":"https:\/\/api.w.org\/{rel}","templated":true}]}}