{"id":1215,"date":"2024-12-10T23:38:59","date_gmt":"2024-12-10T23:38:59","guid":{"rendered":"https:\/\/beuhparadis.com\/?post_type=product&#038;p=1215"},"modified":"2025-01-27T04:03:56","modified_gmt":"2025-01-27T04:03:56","slug":"apple-jack","status":"publish","type":"product","link":"https:\/\/beuhparadis.com\/de\/product\/apple-jack\/","title":{"rendered":"Apple Jack"},"content":{"rendered":"<h1 class=\"wp-block-heading\">Apple Jack Weed kaufen: Ein aromareicher Hybrid<\/h1>\n<p><strong>Apple Jack<\/strong> ist eine Hybridsorte, die aus der Kreuzung von Jack Herer und White Widow entstanden ist. Diese starke Sorte ist bekannt f\u00fcr ihre sowohl stimulierende als auch beruhigende Wirkung, was sie zu einer idealen Wahl f\u00fcr medizinische Cannabispatienten und Konsumenten macht, die Linderung bei chronischen Schmerzen oder \u00dcbelkeit suchen.<\/p>\n<h2 class=\"wp-block-heading\">Informationen \u00fcber den Apple Jack Stamm<\/h2>\n<ul class=\"wp-block-list\">\n<li><strong>Art :<\/strong> Hybride<\/li>\n<li><strong>Genetik :<\/strong> Kreuzung zwischen Jack Herer und White Widow<\/li>\n<li><strong>Produktion :<\/strong> Bietet uplifting und beruhigende Effekte<\/li>\n<\/ul>\n<h2 class=\"wp-block-heading\">THC und CBD<\/h2>\n<ul class=\"wp-block-list\">\n<li><strong>THC :<\/strong> Hohe Rate, f\u00fcr eine kraftvolle und lohnende Erfahrung<\/li>\n<li><strong>CBD:<\/strong> Niedrig, mit Schwerpunkt auf den Wirkungen von THC<\/li>\n<\/ul>\n<h2 class=\"wp-block-heading\">Wo kann man Apple Jack online kaufen?<\/h2>\n<p>Apple Jack ist erh\u00e4ltlich bei <a href=\"https:\/\/beuhparadis.com\/de\/product\/lions-cake\/\" data-type=\"link\" data-id=\"https:\/\/acheterducannabis.fr\/\">Beuhparadies<\/a>Hier wird eine gro\u00dfe Auswahl an qualitativ hochwertigem Cannabis angeboten, das die Erwartungen der anspruchsvollsten Konsumenten erf\u00fcllt.<\/p>\n<h2 class=\"wp-block-heading\">Wirkung, Aroma und Geschmack<\/h2>\n<h3 class=\"wp-block-heading\">Wirkung<\/h3>\n<ul class=\"wp-block-list\">\n<li><strong>Sensation :<\/strong> Konzentration, Energie, Erhebung<\/li>\n<li><strong>Ideal f\u00fcr :<\/strong> Umgang mit Depressionen, Stress und \u00c4ngsten<\/li>\n<\/ul>\n<h3 class=\"wp-block-heading\">Aroma<\/h3>\n<p>Ein skunkiges, erdiges Aroma mit Nuancen von geschnittenem Apfel, das ein einzigartiges Geruchserlebnis bietet.<\/p>\n<h3 class=\"wp-block-heading\">Geschmack<\/h3>\n<p>Apfelgeschmack und S\u00fc\u00dfe mit einem Hauch von Skunk sorgen f\u00fcr ein Geschmackserlebnis, das an fruchtige Frische erinnert.<\/p>\n<h2 class=\"wp-block-heading\">Medizinische Effekte<\/h2>\n<p>Patienten entscheiden sich f\u00fcr Apple Jack weed wegen seiner potenziellen therapeutischen Vorteile, insbesondere wegen :<\/p>\n<ul class=\"wp-block-list\">\n<li>Depression<\/li>\n<li>Stress<\/li>\n<li>Angst<\/li>\n<\/ul>\n<h2 class=\"wp-block-heading\">Warum Apple Jack weed auf Acheterducannabis kaufen?<\/h2>\n<p><strong>Kaufenducannabis<\/strong> ist das ideale Ziel, um zu erwerben <strong>Apple Jack<\/strong>Das Unternehmen hat sich durch sein Engagement f\u00fcr Qualit\u00e4t, R\u00fcckverfolgbarkeit der Produkte und die Einhaltung der europ\u00e4ischen Gesetze zum Verkauf von Cannabis einen Namen gemacht.<\/p>\n<h2 class=\"wp-block-heading\">EU-Gesetzgebung zum Verkauf von Apple Jack Stamm Weed<\/h2>\n<p>Der Verkauf von Apple Jack ist, wie alle Cannabis-St\u00e4mme, in Europa streng reguliert. Die auf Acheterducannabis angebotenen Produkte erf\u00fcllen alle geltenden gesetzlichen Normen und gew\u00e4hrleisten eine sichere und legale Erfahrung f\u00fcr erwachsene Konsumenten.<\/p>\n<p>Apple Jack weed zeichnet sich durch eine einzigartige Kombination von stimulierenden und beruhigenden Wirkungen aus, die von einem ausgepr\u00e4gten Aroma- und Geschmacksprofil begleitet wird. Egal, ob Sie spezifische Symptome lindern oder eine bereichernde Konsumerfahrung genie\u00dfen wollen, <a href=\"https:\/\/www.leafly.com\/strains\/apple-jack\" data-type=\"link\" data-id=\"https:\/\/www.leafly.com\/strains\/apple-jack\">Apple Jack<\/a> stellt eine qualitativ hochwertige Wahl dar. Erforschen Sie diese Sorte und andere auf Acheterducannabis, Ihrer Referenz f\u00fcr den Kauf von Qualit\u00e4ts-Cannabis in Europa.<\/p>","protected":false},"excerpt":{"rendered":"<p><strong>THC :<\/strong> 20\u00a0% <strong>Auswirkungen<\/strong> Body High, Euphorie, Konzentration, Gl\u00fccklich, Entspannend, Gesellig <strong>Kann Linderung verschaffen<\/strong> Angst, chronische Schmerzen, Kr\u00e4mpfe, Depressionen, Muskelkr\u00e4mpfe, Stress<\/p>","protected":false},"featured_media":1245,"comment_status":"closed","ping_status":"closed","template":"","meta":{"site-sidebar-layout":"default","site-content-layout":"","ast-site-content-layout":"default","site-content-style":"default","site-sidebar-style":"default","ast-global-header-display":"","ast-banner-title-visibility":"","ast-main-header-display":"","ast-hfb-above-header-display":"","ast-hfb-below-header-display":"","ast-hfb-mobile-header-display":"","site-post-title":"","ast-breadcrumbs-content":"","ast-featured-img":"","footer-sml-layout":"","theme-transparent-header-meta":"default","adv-header-id-meta":"","stick-header-meta":"","header-above-stick-meta":"","header-main-stick-meta":"","header-below-stick-meta":"","astra-migrate-meta-layouts":"set","ast-page-background-enabled":"default","ast-page-background-meta":{"desktop":{"background-color":"","background-image":"","background-repeat":"repeat","background-position":"center center","background-size":"auto","background-attachment":"scroll","background-type":"","background-media":"","overlay-type":"","overlay-color":"","overlay-opacity":"","overlay-gradient":""},"tablet":{"background-color":"","background-image":"","background-repeat":"repeat","background-position":"center center","background-size":"auto","background-attachment":"scroll","background-type":"","background-media":"","overlay-type":"","overlay-color":"","overlay-opacity":"","overlay-gradient":""},"mobile":{"background-color":"","background-image":"","background-repeat":"repeat","background-position":"center center","background-size":"auto","background-attachment":"scroll","background-type":"","background-media":"","overlay-type":"","overlay-color":"","overlay-opacity":"","overlay-gradient":""}},"ast-content-background-meta":{"desktop":{"background-color":"var(--ast-global-color-5)","background-image":"","background-repeat":"repeat","background-position":"center center","background-size":"auto","background-attachment":"scroll","background-type":"","background-media":"","overlay-type":"","overlay-color":"","overlay-opacity":"","overlay-gradient":""},"tablet":{"background-color":"var(--ast-global-color-5)","background-image":"","background-repeat":"repeat","background-position":"center center","background-size":"auto","background-attachment":"scroll","background-type":"","background-media":"","overlay-type":"","overlay-color":"","overlay-opacity":"","overlay-gradient":""},"mobile":{"background-color":"var(--ast-global-color-5)","background-image":"","background-repeat":"repeat","background-position":"center center","background-size":"auto","background-attachment":"scroll","background-type":"","background-media":"","overlay-type":"","overlay-color":"","overlay-opacity":"","overlay-gradient":""}},"_joinchat":[]},"product_brand":[],"product_cat":[32,33],"product_tag":[],"class_list":{"0":"post-1215","1":"product","2":"type-product","3":"status-publish","4":"has-post-thumbnail","6":"product_cat-fleur-de-chanvre","7":"product_cat-thc-beuh","8":"desktop-align-left","9":"tablet-align-left","10":"mobile-align-left","12":"first","13":"instock","14":"shipping-taxable","15":"purchasable","16":"product-type-variable"},"yoast_head":"<!-- This site is optimized with the Yoast SEO Premium plugin v24.1 (Yoast SEO v26.8) - https:\/\/yoast.com\/product\/yoast-seo-premium-wordpress\/ -->\n<title>Acheter Apple Jack Weed en Ligne | Livraison Rapide &amp; Discr\u00e8te<\/title>\n<meta name=\"description\" content=\"Acheter Apple Jack Weed de qualit\u00e9 sup\u00e9rieure. Livraison rapide et discr\u00e8te. Profitez des meilleurs prix et d&#039;un service client exceptionnel.\" \/>\n<meta name=\"robots\" content=\"index, follow, max-snippet:-1, max-image-preview:large, max-video-preview:-1\" \/>\n<link rel=\"canonical\" href=\"https:\/\/beuhparadis.com\/de\/product\/apple-jack\/\" \/>\n<meta property=\"og:locale\" content=\"de_DE\" \/>\n<meta property=\"og:type\" content=\"article\" \/>\n<meta property=\"og:title\" content=\"Apple Jack\" \/>\n<meta property=\"og:description\" content=\"Acheter Apple Jack Weed de qualit\u00e9 sup\u00e9rieure. Livraison rapide et discr\u00e8te. Profitez des meilleurs prix et d&#039;un service client exceptionnel.\" \/>\n<meta property=\"og:url\" content=\"https:\/\/beuhparadis.com\/de\/product\/apple-jack\/\" \/>\n<meta property=\"og:site_name\" content=\"Beuh Paradis\" \/>\n<meta property=\"article:modified_time\" content=\"2025-01-27T04:03:56+00:00\" \/>\n<meta property=\"og:image\" content=\"https:\/\/beuhparadis.com\/wp-content\/uploads\/2024\/12\/Apple-Jack.webp\" \/>\n\t<meta property=\"og:image:width\" content=\"1657\" \/>\n\t<meta property=\"og:image:height\" content=\"1105\" \/>\n\t<meta property=\"og:image:type\" content=\"image\/webp\" \/>\n<meta name=\"twitter:card\" content=\"summary_large_image\" \/>\n<meta name=\"twitter:label1\" content=\"Gesch\u00e4tzte Lesezeit\" \/>\n\t<meta name=\"twitter:data1\" content=\"2 minutes\" \/>\n<script type=\"application\/ld+json\" class=\"yoast-schema-graph\">{\"@context\":\"https:\/\/schema.org\",\"@graph\":[{\"@type\":\"WebPage\",\"@id\":\"https:\/\/beuhparadis.com\/product\/apple-jack\/\",\"url\":\"https:\/\/beuhparadis.com\/product\/apple-jack\/\",\"name\":\"Acheter Apple Jack Weed en Ligne | Livraison Rapide & Discr\u00e8te\",\"isPartOf\":{\"@id\":\"https:\/\/beuhparadis.com\/#website\"},\"primaryImageOfPage\":{\"@id\":\"https:\/\/beuhparadis.com\/product\/apple-jack\/#primaryimage\"},\"image\":{\"@id\":\"https:\/\/beuhparadis.com\/product\/apple-jack\/#primaryimage\"},\"thumbnailUrl\":\"https:\/\/beuhparadis.com\/wp-content\/uploads\/2024\/12\/Apple-Jack.webp\",\"datePublished\":\"2024-12-10T23:38:59+00:00\",\"dateModified\":\"2025-01-27T04:03:56+00:00\",\"description\":\"Acheter Apple Jack Weed de qualit\u00e9 sup\u00e9rieure. Livraison rapide et discr\u00e8te. Profitez des meilleurs prix et d'un service client exceptionnel.\",\"breadcrumb\":{\"@id\":\"https:\/\/beuhparadis.com\/product\/apple-jack\/#breadcrumb\"},\"inLanguage\":\"de-DE-formal\",\"potentialAction\":[{\"@type\":\"ReadAction\",\"target\":[\"https:\/\/beuhparadis.com\/product\/apple-jack\/\"]}]},{\"@type\":\"ImageObject\",\"inLanguage\":\"de-DE-formal\",\"@id\":\"https:\/\/beuhparadis.com\/product\/apple-jack\/#primaryimage\",\"url\":\"https:\/\/beuhparadis.com\/wp-content\/uploads\/2024\/12\/Apple-Jack.webp\",\"contentUrl\":\"https:\/\/beuhparadis.com\/wp-content\/uploads\/2024\/12\/Apple-Jack.webp\",\"width\":1657,\"height\":1105},{\"@type\":\"BreadcrumbList\",\"@id\":\"https:\/\/beuhparadis.com\/product\/apple-jack\/#breadcrumb\",\"itemListElement\":[{\"@type\":\"ListItem\",\"position\":1,\"name\":\"Home\",\"item\":\"https:\/\/beuhparadis.com\/\"},{\"@type\":\"ListItem\",\"position\":2,\"name\":\"Shop\",\"item\":\"https:\/\/beuhparadis.com\/shop\/\"},{\"@type\":\"ListItem\",\"position\":3,\"name\":\"Apple Jack\"}]},{\"@type\":\"WebSite\",\"@id\":\"https:\/\/beuhparadis.com\/#website\",\"url\":\"https:\/\/beuhparadis.com\/\",\"name\":\"Beuh Paradis\",\"description\":\"\",\"potentialAction\":[{\"@type\":\"SearchAction\",\"target\":{\"@type\":\"EntryPoint\",\"urlTemplate\":\"https:\/\/beuhparadis.com\/?s={search_term_string}\"},\"query-input\":{\"@type\":\"PropertyValueSpecification\",\"valueRequired\":true,\"valueName\":\"search_term_string\"}}],\"inLanguage\":\"de-DE-formal\"}]}<\/script>\n<!-- \/ Yoast SEO Premium plugin. -->","yoast_head_json":{"title":"Apple Jack Weed online kaufen | Schnelle &amp; diskrete Lieferung","description":"Kaufen Sie Apple Jack Weed von h\u00f6chster Qualit\u00e4t. Schnelle und diskrete Lieferung. Profitieren Sie von den besten Preisen und einem hervorragenden Kundenservice.","robots":{"index":"index","follow":"follow","max-snippet":"max-snippet:-1","max-image-preview":"max-image-preview:large","max-video-preview":"max-video-preview:-1"},"canonical":"https:\/\/beuhparadis.com\/de\/product\/apple-jack\/","og_locale":"de_DE","og_type":"article","og_title":"Apple Jack","og_description":"Acheter Apple Jack Weed de qualit\u00e9 sup\u00e9rieure. Livraison rapide et discr\u00e8te. Profitez des meilleurs prix et d'un service client exceptionnel.","og_url":"https:\/\/beuhparadis.com\/de\/product\/apple-jack\/","og_site_name":"Beuh Paradis","article_modified_time":"2025-01-27T04:03:56+00:00","og_image":[{"width":1657,"height":1105,"url":"https:\/\/beuhparadis.com\/wp-content\/uploads\/2024\/12\/Apple-Jack.webp","type":"image\/webp"}],"twitter_card":"summary_large_image","twitter_misc":{"Gesch\u00e4tzte Lesezeit":"2 minutes"},"schema":{"@context":"https:\/\/schema.org","@graph":[{"@type":"WebPage","@id":"https:\/\/beuhparadis.com\/product\/apple-jack\/","url":"https:\/\/beuhparadis.com\/product\/apple-jack\/","name":"Apple Jack Weed online kaufen | Schnelle &amp; diskrete Lieferung","isPartOf":{"@id":"https:\/\/beuhparadis.com\/#website"},"primaryImageOfPage":{"@id":"https:\/\/beuhparadis.com\/product\/apple-jack\/#primaryimage"},"image":{"@id":"https:\/\/beuhparadis.com\/product\/apple-jack\/#primaryimage"},"thumbnailUrl":"https:\/\/beuhparadis.com\/wp-content\/uploads\/2024\/12\/Apple-Jack.webp","datePublished":"2024-12-10T23:38:59+00:00","dateModified":"2025-01-27T04:03:56+00:00","description":"Kaufen Sie Apple Jack Weed von h\u00f6chster Qualit\u00e4t. Schnelle und diskrete Lieferung. Profitieren Sie von den besten Preisen und einem hervorragenden Kundenservice.","breadcrumb":{"@id":"https:\/\/beuhparadis.com\/product\/apple-jack\/#breadcrumb"},"inLanguage":"de-DE-formal","potentialAction":[{"@type":"ReadAction","target":["https:\/\/beuhparadis.com\/product\/apple-jack\/"]}]},{"@type":"ImageObject","inLanguage":"de-DE-formal","@id":"https:\/\/beuhparadis.com\/product\/apple-jack\/#primaryimage","url":"https:\/\/beuhparadis.com\/wp-content\/uploads\/2024\/12\/Apple-Jack.webp","contentUrl":"https:\/\/beuhparadis.com\/wp-content\/uploads\/2024\/12\/Apple-Jack.webp","width":1657,"height":1105},{"@type":"BreadcrumbList","@id":"https:\/\/beuhparadis.com\/product\/apple-jack\/#breadcrumb","itemListElement":[{"@type":"ListItem","position":1,"name":"Home","item":"https:\/\/beuhparadis.com\/"},{"@type":"ListItem","position":2,"name":"Shop","item":"https:\/\/beuhparadis.com\/shop\/"},{"@type":"ListItem","position":3,"name":"Apple Jack"}]},{"@type":"WebSite","@id":"https:\/\/beuhparadis.com\/#website","url":"https:\/\/beuhparadis.com\/","name":"Gras Paradies","description":"","potentialAction":[{"@type":"SearchAction","target":{"@type":"EntryPoint","urlTemplate":"https:\/\/beuhparadis.com\/?s={search_term_string}"},"query-input":{"@type":"PropertyValueSpecification","valueRequired":true,"valueName":"search_term_string"}}],"inLanguage":"de-DE-formal"}]}},"_links":{"self":[{"href":"https:\/\/beuhparadis.com\/de\/wp-json\/wp\/v2\/product\/1215","targetHints":{"allow":["GET"]}}],"collection":[{"href":"https:\/\/beuhparadis.com\/de\/wp-json\/wp\/v2\/product"}],"about":[{"href":"https:\/\/beuhparadis.com\/de\/wp-json\/wp\/v2\/types\/product"}],"replies":[{"embeddable":true,"href":"https:\/\/beuhparadis.com\/de\/wp-json\/wp\/v2\/comments?post=1215"}],"wp:featuredmedia":[{"embeddable":true,"href":"https:\/\/beuhparadis.com\/de\/wp-json\/wp\/v2\/media\/1245"}],"wp:attachment":[{"href":"https:\/\/beuhparadis.com\/de\/wp-json\/wp\/v2\/media?parent=1215"}],"wp:term":[{"taxonomy":"product_brand","embeddable":true,"href":"https:\/\/beuhparadis.com\/de\/wp-json\/wp\/v2\/product_brand?post=1215"},{"taxonomy":"product_cat","embeddable":true,"href":"https:\/\/beuhparadis.com\/de\/wp-json\/wp\/v2\/product_cat?post=1215"},{"taxonomy":"product_tag","embeddable":true,"href":"https:\/\/beuhparadis.com\/de\/wp-json\/wp\/v2\/product_tag?post=1215"}],"curies":[{"name":"wp","href":"https:\/\/api.w.org\/{rel}","templated":true}]}}