{"id":1199,"date":"2024-12-10T23:38:48","date_gmt":"2024-12-10T23:38:48","guid":{"rendered":"https:\/\/beuhparadis.com\/?post_type=product&#038;p=1199"},"modified":"2025-01-26T16:35:46","modified_gmt":"2025-01-26T16:35:46","slug":"cannatonic-weed","status":"publish","type":"product","link":"https:\/\/beuhparadis.com\/de\/product\/cannatonic-weed\/","title":{"rendered":"Cannatonic Weed"},"content":{"rendered":"<h1 class=\"wp-block-heading\">Cannatonic Weed Kaufen: Der Medizinische Stamm Par Excellence<\/h1>\n<p>Cannatonic Weed ist eine haupts\u00e4chlich CBD-reiche Cannabissorte, die aus der Kreuzung von MK Ultra und G13 Haze entstanden ist. Bekannt f\u00fcr ihre entspannende Wirkung, zeichnet sich diese Sorte durch ihre F\u00e4higkeit aus, tiefe Entspannung zu bewirken und gleichzeitig ein Gef\u00fchl von Wachheit und Konzentration zu f\u00f6rdern.<\/p>\n<p><strong>Wichtige Informationen<\/strong><\/p>\n<ul class=\"wp-block-list\">\n<li><strong>Art :<\/strong> Haupts\u00e4chlich CBD<\/li>\n<li><strong>Genetik :<\/strong> Kreuzung zwischen MK Ultra und G13 Haze<\/li>\n<li><strong>Produktion :<\/strong> Sorgf\u00e4ltig gez\u00fcchtet, um einen hohen CBD-Gehalt zu gew\u00e4hrleisten<\/li>\n<\/ul>\n<h2 class=\"wp-block-heading\">THC und CBD<\/h2>\n<ul class=\"wp-block-list\">\n<li><strong>THC :<\/strong> Niedrig<\/li>\n<li><strong>CBD:<\/strong> Hoch, wodurch Cannatonic Weed ideal f\u00fcr Patienten ist, die therapeutische Vorteile ohne die intensiven psychoaktiven Effekte suchen.<\/li>\n<\/ul>\n<h2 class=\"wp-block-heading\">Wo kann man Cannatonic Weed online kaufen?<\/h2>\n<p>Cannatonic Weed ist auf spezialisierten Plattformen wie Acheterducannabis erh\u00e4ltlich, die eine einwandfreie Qualit\u00e4t und die vollst\u00e4ndige Einhaltung der europ\u00e4ischen Cannabisgesetze bieten.<\/p>\n<h2 class=\"wp-block-heading\">Wirkung, Aroma und Geschmack von Cannatonic<\/h2>\n<h3 class=\"wp-block-heading\">Wirkung<\/h3>\n<ul class=\"wp-block-list\">\n<li><strong>Sensation :<\/strong> Entspannung, Konzentration und Erhebung des Geistes<\/li>\n<li><strong>Ideal f\u00fcr :<\/strong> Medizinische Verwendung, z. B. zur Behandlung von Schmerzen, Muskelkr\u00e4mpfen, Angstzust\u00e4nden und Migr\u00e4ne<\/li>\n<\/ul>\n<h3 class=\"wp-block-heading\">Aroma<\/h3>\n<p>Ein leicht erdiger Geruch mit s\u00fc\u00dfen Nuancen von Zitrusfr\u00fcchten, der typisch f\u00fcr Cannatonic strain ist.<\/p>\n<h3 class=\"wp-block-heading\">Geschmack<\/h3>\n<p>Ein holziger, w\u00fcrziger\/kr\u00e4uteriger und kieferartiger Geschmack bereichert das Trinkerlebnis dieses einzigartigen Stammes.<\/p>\n<h2 class=\"wp-block-heading\">Medizinische Wirkungen von Cannatonic<\/h2>\n<p>Medizinische Patienten w\u00e4hlen Cannatonic Weed wegen seines Potenzials zur Linderung :<\/p>\n<ul class=\"wp-block-list\">\n<li>Schmerz<\/li>\n<li>Stress<\/li>\n<li>Angst<\/li>\n<\/ul>\n<h2 class=\"wp-block-heading\">Warum Cannatonic Weed auf beuhparadis kaufen?<\/h2>\n<p>Entscheiden Sie sich f\u00fcr <a href=\"https:\/\/beuhparadis.com\/de\" data-type=\"link\" data-id=\"https:\/\/acheterducannabis.fr\/\">beuhparadis<\/a> um Cannatonic Weed zu erwerben und von fachkundiger Beratung, garantierter Qualit\u00e4t und einer Lieferung gem\u00e4\u00df den EU-Vorschriften zu profitieren.<\/p>\n<h2 class=\"wp-block-heading\">Europ\u00e4ische Gesetzgebung \u00fcber den Verkauf von Cannatonic<\/h2>\n<p>Der Verkauf von Cannatonic strain folgt, wie alle Cannabis-St\u00e4mme, streng den in Europa festgelegten Standards, die eine konforme THC-Konzentration und einen legalen Zugang f\u00fcr erwachsene Konsumenten gew\u00e4hrleisten.<\/p>\n<p>Cannatonic Weed pr\u00e4sentiert sich als unumg\u00e4ngliche L\u00f6sung f\u00fcr Nutzer, die nach Linderung ohne die berauschenden Effekte suchen, die oft mit THC in Verbindung gebracht werden. Sei es f\u00fcr den medizinischen Gebrauch oder f\u00fcr einen Moment der Entspannung, <a href=\"https:\/\/www.cannaconnection.com\/strains\/cannatonic\" data-type=\"link\" data-id=\"https:\/\/www.cannaconnection.com\/strains\/cannatonic\">Cannatonic strain<\/a> bietet eine bereichernde Erfahrung, die die Vorteile von CBD unterstreicht. Entdecken Sie diese au\u00dfergew\u00f6hnliche Sorte und viele andere auf Acheterducannabis, Ihrem bevorzugten Ziel f\u00fcr hochwertige Cannabisprodukte in Europa.<\/p>","protected":false},"excerpt":{"rendered":"<p><strong>THC :<\/strong> 7 % - 8 %, CBD: 14 %, CBN: 1 % <strong>Auswirkungen<\/strong> Beruhigend, Gl\u00fccklich, Sanft, Entspannend, Editierend <strong>Kann Linderung verschaffen<\/strong> Angstzust\u00e4nde, chronische Schmerzen, Kr\u00e4mpfe, Kopfschmerzen, Migr\u00e4ne, Muskelkr\u00e4mpfe, Stress<\/p>","protected":false},"featured_media":1213,"comment_status":"closed","ping_status":"closed","template":"","meta":{"site-sidebar-layout":"default","site-content-layout":"","ast-site-content-layout":"default","site-content-style":"default","site-sidebar-style":"default","ast-global-header-display":"","ast-banner-title-visibility":"","ast-main-header-display":"","ast-hfb-above-header-display":"","ast-hfb-below-header-display":"","ast-hfb-mobile-header-display":"","site-post-title":"","ast-breadcrumbs-content":"","ast-featured-img":"","footer-sml-layout":"","theme-transparent-header-meta":"default","adv-header-id-meta":"","stick-header-meta":"","header-above-stick-meta":"","header-main-stick-meta":"","header-below-stick-meta":"","astra-migrate-meta-layouts":"set","ast-page-background-enabled":"default","ast-page-background-meta":{"desktop":{"background-color":"","background-image":"","background-repeat":"repeat","background-position":"center center","background-size":"auto","background-attachment":"scroll","background-type":"","background-media":"","overlay-type":"","overlay-color":"","overlay-opacity":"","overlay-gradient":""},"tablet":{"background-color":"","background-image":"","background-repeat":"repeat","background-position":"center center","background-size":"auto","background-attachment":"scroll","background-type":"","background-media":"","overlay-type":"","overlay-color":"","overlay-opacity":"","overlay-gradient":""},"mobile":{"background-color":"","background-image":"","background-repeat":"repeat","background-position":"center center","background-size":"auto","background-attachment":"scroll","background-type":"","background-media":"","overlay-type":"","overlay-color":"","overlay-opacity":"","overlay-gradient":""}},"ast-content-background-meta":{"desktop":{"background-color":"var(--ast-global-color-5)","background-image":"","background-repeat":"repeat","background-position":"center center","background-size":"auto","background-attachment":"scroll","background-type":"","background-media":"","overlay-type":"","overlay-color":"","overlay-opacity":"","overlay-gradient":""},"tablet":{"background-color":"var(--ast-global-color-5)","background-image":"","background-repeat":"repeat","background-position":"center center","background-size":"auto","background-attachment":"scroll","background-type":"","background-media":"","overlay-type":"","overlay-color":"","overlay-opacity":"","overlay-gradient":""},"mobile":{"background-color":"var(--ast-global-color-5)","background-image":"","background-repeat":"repeat","background-position":"center center","background-size":"auto","background-attachment":"scroll","background-type":"","background-media":"","overlay-type":"","overlay-color":"","overlay-opacity":"","overlay-gradient":""}},"_joinchat":[]},"product_brand":[],"product_cat":[32,33],"product_tag":[],"class_list":{"0":"post-1199","1":"product","2":"type-product","3":"status-publish","4":"has-post-thumbnail","6":"product_cat-fleur-de-chanvre","7":"product_cat-thc-beuh","8":"desktop-align-left","9":"tablet-align-left","10":"mobile-align-left","12":"first","13":"instock","14":"shipping-taxable","15":"purchasable","16":"product-type-variable"},"yoast_head":"<!-- This site is optimized with the Yoast SEO Premium plugin v24.1 (Yoast SEO v26.8) - https:\/\/yoast.com\/product\/yoast-seo-premium-wordpress\/ -->\n<title>Acheter Cannatonic Weed | Cannabis \u00e0 Haute Teneur en CBD<\/title>\n<meta name=\"description\" content=\"Acheter Cannatonic Weed ? D\u00e9couvrez cette vari\u00e9t\u00e9 \u00e9quilibr\u00e9e, riche en CBD et faible en THC, id\u00e9ale pour la relaxation sans effets psychoactifs intenses. C\" \/>\n<meta name=\"robots\" content=\"index, follow, max-snippet:-1, max-image-preview:large, max-video-preview:-1\" \/>\n<link rel=\"canonical\" href=\"https:\/\/beuhparadis.com\/de\/product\/cannatonic-weed\/\" \/>\n<meta property=\"og:locale\" content=\"de_DE\" \/>\n<meta property=\"og:type\" content=\"article\" \/>\n<meta property=\"og:title\" content=\"Cannatonic Weed\" \/>\n<meta property=\"og:description\" content=\"Acheter Cannatonic Weed ? D\u00e9couvrez cette vari\u00e9t\u00e9 \u00e9quilibr\u00e9e, riche en CBD et faible en THC, id\u00e9ale pour la relaxation sans effets psychoactifs intenses. C\" \/>\n<meta property=\"og:url\" content=\"https:\/\/beuhparadis.com\/de\/product\/cannatonic-weed\/\" \/>\n<meta property=\"og:site_name\" content=\"Beuh Paradis\" \/>\n<meta property=\"article:modified_time\" content=\"2025-01-26T16:35:46+00:00\" \/>\n<meta property=\"og:image\" content=\"https:\/\/beuhparadis.com\/wp-content\/uploads\/2024\/12\/Cannatonic-Weed.webp\" \/>\n\t<meta property=\"og:image:width\" content=\"500\" \/>\n\t<meta property=\"og:image:height\" content=\"500\" \/>\n\t<meta property=\"og:image:type\" content=\"image\/webp\" \/>\n<meta name=\"twitter:card\" content=\"summary_large_image\" \/>\n<meta name=\"twitter:label1\" content=\"Gesch\u00e4tzte Lesezeit\" \/>\n\t<meta name=\"twitter:data1\" content=\"2 minutes\" \/>\n<script type=\"application\/ld+json\" class=\"yoast-schema-graph\">{\"@context\":\"https:\/\/schema.org\",\"@graph\":[{\"@type\":\"WebPage\",\"@id\":\"https:\/\/beuhparadis.com\/product\/cannatonic-weed\/\",\"url\":\"https:\/\/beuhparadis.com\/product\/cannatonic-weed\/\",\"name\":\"Acheter Cannatonic Weed | Cannabis \u00e0 Haute Teneur en CBD\",\"isPartOf\":{\"@id\":\"https:\/\/beuhparadis.com\/#website\"},\"primaryImageOfPage\":{\"@id\":\"https:\/\/beuhparadis.com\/product\/cannatonic-weed\/#primaryimage\"},\"image\":{\"@id\":\"https:\/\/beuhparadis.com\/product\/cannatonic-weed\/#primaryimage\"},\"thumbnailUrl\":\"https:\/\/beuhparadis.com\/wp-content\/uploads\/2024\/12\/Cannatonic-Weed.webp\",\"datePublished\":\"2024-12-10T23:38:48+00:00\",\"dateModified\":\"2025-01-26T16:35:46+00:00\",\"description\":\"Acheter Cannatonic Weed ? D\u00e9couvrez cette vari\u00e9t\u00e9 \u00e9quilibr\u00e9e, riche en CBD et faible en THC, id\u00e9ale pour la relaxation sans effets psychoactifs intenses. C\",\"breadcrumb\":{\"@id\":\"https:\/\/beuhparadis.com\/product\/cannatonic-weed\/#breadcrumb\"},\"inLanguage\":\"de-DE-formal\",\"potentialAction\":[{\"@type\":\"ReadAction\",\"target\":[\"https:\/\/beuhparadis.com\/product\/cannatonic-weed\/\"]}]},{\"@type\":\"ImageObject\",\"inLanguage\":\"de-DE-formal\",\"@id\":\"https:\/\/beuhparadis.com\/product\/cannatonic-weed\/#primaryimage\",\"url\":\"https:\/\/beuhparadis.com\/wp-content\/uploads\/2024\/12\/Cannatonic-Weed.webp\",\"contentUrl\":\"https:\/\/beuhparadis.com\/wp-content\/uploads\/2024\/12\/Cannatonic-Weed.webp\",\"width\":500,\"height\":500},{\"@type\":\"BreadcrumbList\",\"@id\":\"https:\/\/beuhparadis.com\/product\/cannatonic-weed\/#breadcrumb\",\"itemListElement\":[{\"@type\":\"ListItem\",\"position\":1,\"name\":\"Home\",\"item\":\"https:\/\/beuhparadis.com\/\"},{\"@type\":\"ListItem\",\"position\":2,\"name\":\"Shop\",\"item\":\"https:\/\/beuhparadis.com\/shop\/\"},{\"@type\":\"ListItem\",\"position\":3,\"name\":\"Cannatonic Weed\"}]},{\"@type\":\"WebSite\",\"@id\":\"https:\/\/beuhparadis.com\/#website\",\"url\":\"https:\/\/beuhparadis.com\/\",\"name\":\"Beuh Paradis\",\"description\":\"\",\"potentialAction\":[{\"@type\":\"SearchAction\",\"target\":{\"@type\":\"EntryPoint\",\"urlTemplate\":\"https:\/\/beuhparadis.com\/?s={search_term_string}\"},\"query-input\":{\"@type\":\"PropertyValueSpecification\",\"valueRequired\":true,\"valueName\":\"search_term_string\"}}],\"inLanguage\":\"de-DE-formal\"}]}<\/script>\n<!-- \/ Yoast SEO Premium plugin. -->","yoast_head_json":{"title":"Cannatonic Weed | Cannabis mit hohem CBD-Gehalt kaufen","description":"Cannatonic Weed kaufen? Entdecke diese ausgewogene Sorte mit viel CBD und wenig THC, die ideal zur Entspannung ohne intensive psychoaktive Effekte geeignet ist. C","robots":{"index":"index","follow":"follow","max-snippet":"max-snippet:-1","max-image-preview":"max-image-preview:large","max-video-preview":"max-video-preview:-1"},"canonical":"https:\/\/beuhparadis.com\/de\/product\/cannatonic-weed\/","og_locale":"de_DE","og_type":"article","og_title":"Cannatonic Weed","og_description":"Acheter Cannatonic Weed ? D\u00e9couvrez cette vari\u00e9t\u00e9 \u00e9quilibr\u00e9e, riche en CBD et faible en THC, id\u00e9ale pour la relaxation sans effets psychoactifs intenses. C","og_url":"https:\/\/beuhparadis.com\/de\/product\/cannatonic-weed\/","og_site_name":"Beuh Paradis","article_modified_time":"2025-01-26T16:35:46+00:00","og_image":[{"width":500,"height":500,"url":"https:\/\/beuhparadis.com\/wp-content\/uploads\/2024\/12\/Cannatonic-Weed.webp","type":"image\/webp"}],"twitter_card":"summary_large_image","twitter_misc":{"Gesch\u00e4tzte Lesezeit":"2 minutes"},"schema":{"@context":"https:\/\/schema.org","@graph":[{"@type":"WebPage","@id":"https:\/\/beuhparadis.com\/product\/cannatonic-weed\/","url":"https:\/\/beuhparadis.com\/product\/cannatonic-weed\/","name":"Cannatonic Weed | Cannabis mit hohem CBD-Gehalt kaufen","isPartOf":{"@id":"https:\/\/beuhparadis.com\/#website"},"primaryImageOfPage":{"@id":"https:\/\/beuhparadis.com\/product\/cannatonic-weed\/#primaryimage"},"image":{"@id":"https:\/\/beuhparadis.com\/product\/cannatonic-weed\/#primaryimage"},"thumbnailUrl":"https:\/\/beuhparadis.com\/wp-content\/uploads\/2024\/12\/Cannatonic-Weed.webp","datePublished":"2024-12-10T23:38:48+00:00","dateModified":"2025-01-26T16:35:46+00:00","description":"Cannatonic Weed kaufen? Entdecke diese ausgewogene Sorte mit viel CBD und wenig THC, die ideal zur Entspannung ohne intensive psychoaktive Effekte geeignet ist. C","breadcrumb":{"@id":"https:\/\/beuhparadis.com\/product\/cannatonic-weed\/#breadcrumb"},"inLanguage":"de-DE-formal","potentialAction":[{"@type":"ReadAction","target":["https:\/\/beuhparadis.com\/product\/cannatonic-weed\/"]}]},{"@type":"ImageObject","inLanguage":"de-DE-formal","@id":"https:\/\/beuhparadis.com\/product\/cannatonic-weed\/#primaryimage","url":"https:\/\/beuhparadis.com\/wp-content\/uploads\/2024\/12\/Cannatonic-Weed.webp","contentUrl":"https:\/\/beuhparadis.com\/wp-content\/uploads\/2024\/12\/Cannatonic-Weed.webp","width":500,"height":500},{"@type":"BreadcrumbList","@id":"https:\/\/beuhparadis.com\/product\/cannatonic-weed\/#breadcrumb","itemListElement":[{"@type":"ListItem","position":1,"name":"Home","item":"https:\/\/beuhparadis.com\/"},{"@type":"ListItem","position":2,"name":"Shop","item":"https:\/\/beuhparadis.com\/shop\/"},{"@type":"ListItem","position":3,"name":"Cannatonic Weed"}]},{"@type":"WebSite","@id":"https:\/\/beuhparadis.com\/#website","url":"https:\/\/beuhparadis.com\/","name":"Gras Paradies","description":"","potentialAction":[{"@type":"SearchAction","target":{"@type":"EntryPoint","urlTemplate":"https:\/\/beuhparadis.com\/?s={search_term_string}"},"query-input":{"@type":"PropertyValueSpecification","valueRequired":true,"valueName":"search_term_string"}}],"inLanguage":"de-DE-formal"}]}},"_links":{"self":[{"href":"https:\/\/beuhparadis.com\/de\/wp-json\/wp\/v2\/product\/1199","targetHints":{"allow":["GET"]}}],"collection":[{"href":"https:\/\/beuhparadis.com\/de\/wp-json\/wp\/v2\/product"}],"about":[{"href":"https:\/\/beuhparadis.com\/de\/wp-json\/wp\/v2\/types\/product"}],"replies":[{"embeddable":true,"href":"https:\/\/beuhparadis.com\/de\/wp-json\/wp\/v2\/comments?post=1199"}],"wp:featuredmedia":[{"embeddable":true,"href":"https:\/\/beuhparadis.com\/de\/wp-json\/wp\/v2\/media\/1213"}],"wp:attachment":[{"href":"https:\/\/beuhparadis.com\/de\/wp-json\/wp\/v2\/media?parent=1199"}],"wp:term":[{"taxonomy":"product_brand","embeddable":true,"href":"https:\/\/beuhparadis.com\/de\/wp-json\/wp\/v2\/product_brand?post=1199"},{"taxonomy":"product_cat","embeddable":true,"href":"https:\/\/beuhparadis.com\/de\/wp-json\/wp\/v2\/product_cat?post=1199"},{"taxonomy":"product_tag","embeddable":true,"href":"https:\/\/beuhparadis.com\/de\/wp-json\/wp\/v2\/product_tag?post=1199"}],"curies":[{"name":"wp","href":"https:\/\/api.w.org\/{rel}","templated":true}]}}