{"id":1194,"date":"2024-12-10T23:38:48","date_gmt":"2024-12-10T23:38:48","guid":{"rendered":"https:\/\/beuhparadis.com\/?post_type=product&#038;p=1194"},"modified":"2025-01-26T16:26:26","modified_gmt":"2025-01-26T16:26:26","slug":"lions-cake","status":"publish","type":"product","link":"https:\/\/beuhparadis.com\/de\/product\/lions-cake\/","title":{"rendered":"Lion's Cake"},"content":{"rendered":"<h1 class=\"wp-block-heading\">Lion's Cake Weed kaufen: Hybride mit euphorischen Effekten<\/h1>\n<p>Lion's Cake Weed, ein einzigartiger Hybrid-Stamm, ist das Ergebnis der Kreuzung von The Original Z und Lava Cake. Gesch\u00e4tzt f\u00fcr seine stimulierende Wirkung, bietet es ein euphorisches und befriedigendes Erlebnis, ideal f\u00fcr Kenner, die auf der Suche nach neuen Sensationen sind.<\/p>\n<h2 class=\"wp-block-heading\">Informationen \u00fcber den Stamm Lion's Cake<\/h2>\n<ul class=\"wp-block-list\">\n<li><strong>Art :<\/strong> Hybride<\/li>\n<li><strong>Genetik :<\/strong> Kreuzung zwischen The Original Z und Lava Cake<\/li>\n<li><strong>Produzent:<\/strong> Experten-Z\u00fcchter f\u00fcr Cannabis<\/li>\n<\/ul>\n<h2 class=\"wp-block-heading\">THC und CBD<\/h2>\n<ul class=\"wp-block-list\">\n<li><strong>THC :<\/strong> 26%, garantiert eine hohe Leistung<\/li>\n<li><strong>CBG :<\/strong> 1%, bereichert sein Cannabinoid-Profil<\/li>\n<\/ul>\n<h2 class=\"wp-block-heading\">Wo kann man Lion's Cake Weed online kaufen?<\/h2>\n<p>Entdecken Sie Lion's Cake Weed auf renommierten Online-Plattformen wie Acheterducannabis, die eine strenge Auswahl der besten St\u00e4mme f\u00fcr maximale Zufriedenheit bieten.<\/p>\n<h2 class=\"wp-block-heading\">Wirkung, Aroma und Geschmack von Lion's Cake<\/h2>\n<h3 class=\"wp-block-heading\">Wirkung<\/h3>\n<ul class=\"wp-block-list\">\n<li><strong>Sensation :<\/strong> Euphorie, Hunger, Erregung<\/li>\n<li><strong>Ideal f\u00fcr :<\/strong> Eine tiefe Entspannung oder ein kreativer Energieschub<\/li>\n<\/ul>\n<h3 class=\"wp-block-heading\">Aroma<\/h3>\n<p>Eine fesselnde Mischung aus Ammoniak und Holz, die von seiner Einzigartigkeit und aromatischen Komplexit\u00e4t zeugt.<\/p>\n<h3 class=\"wp-block-heading\">Geschmack<\/h3>\n<p>Die Aromen von Lion's Cake Weed erinnern an eine Harmonie von Holz und subtilen Nuancen und bieten ein reichhaltiges und befriedigendes Geschmackserlebnis.<\/p>\n<h2 class=\"wp-block-heading\">Medizinische Effekte<\/h2>\n<p>Lion's Cake wird wegen seiner potenziellen Vorteile auf :<\/p>\n<ul class=\"wp-block-list\">\n<li>Kr\u00e4mpfe<\/li>\n<li>Schmerz<\/li>\n<li>Stress<\/li>\n<\/ul>\n<h2 class=\"wp-block-heading\">Warum Lion's Cake Weed auf beuhparadis kaufen?<\/h2>\n<p><a href=\"https:\/\/beuhparadis.com\/de\/product\/trideri-weed\/\">Beuhparadies<\/a> ist Ihre bevorzugte Wahl, um Lion's Cake Weed zu erwerben, da es sich der Qualit\u00e4t, R\u00fcckverfolgbarkeit und Rechtskonformit\u00e4t verschrieben hat und somit eine optimale und sichere Benutzererfahrung gew\u00e4hrleistet.<\/p>\n<h2 class=\"wp-block-heading\">EU-Gesetzgebung zum Verkauf von Lion's Cake<\/h2>\n<p>Der Verkauf von Lion's Cake Weed ist, wie alle Cannabis-St\u00e4mme, in Europa streng reguliert. Die THC-Konzentration entspricht den gesetzlichen Normen, wodurch dieser Stamm f\u00fcr erwachsene Konsumenten zug\u00e4nglich und legal ist.<\/p>\n<p>Lion's Cake Weed zeichnet sich durch ein reiches Terpenprofil aus, das von Limonen dominiert wird und dank Pinen und Caryophyllen angenehm zitronige und w\u00fcrzige Noten bietet. Ob Sie nun Schmerzen lindern, Stress abbauen oder einfach nur ein euphorisches Erlebnis genie\u00dfen wollen, <a href=\"https:\/\/www.allbud.com\/marijuana-strains\/hybrid\/lions-cake\" data-type=\"link\" data-id=\"https:\/\/www.allbud.com\/marijuana-strains\/hybrid\/lions-cake\">Lion's Cake<\/a> strain stellt eine ausgezeichnete Wahl dar. Erh\u00e4ltlich auf Acheterducannabis, verspricht diese Sorte nicht nur eine starke Wirkung, sondern auch ein unvergessliches Geschmacksabenteuer f\u00fcr alle Cannabisliebhaber in Europa.<\/p>","protected":false},"excerpt":{"rendered":"<ul>\n<li>Stress<\/li>\n<\/ul>\n<p><strong>THC:<\/strong> 26%<\/p>\n<p><strong>Medizinische Effekte<\/strong><br \/>\nLion's Cake wird wegen seiner potenziellen Vorteile auf gesucht:<\/p>\n<ul class=\"wp-block-list\">\n<li>Kr\u00e4mpfe<\/li>\n<li>Schmerz<\/li>\n<li>Stress<\/li>\n<\/ul>","protected":false},"featured_media":1212,"comment_status":"closed","ping_status":"closed","template":"","meta":{"site-sidebar-layout":"default","site-content-layout":"","ast-site-content-layout":"default","site-content-style":"default","site-sidebar-style":"default","ast-global-header-display":"","ast-banner-title-visibility":"","ast-main-header-display":"","ast-hfb-above-header-display":"","ast-hfb-below-header-display":"","ast-hfb-mobile-header-display":"","site-post-title":"","ast-breadcrumbs-content":"","ast-featured-img":"","footer-sml-layout":"","theme-transparent-header-meta":"default","adv-header-id-meta":"","stick-header-meta":"","header-above-stick-meta":"","header-main-stick-meta":"","header-below-stick-meta":"","astra-migrate-meta-layouts":"set","ast-page-background-enabled":"default","ast-page-background-meta":{"desktop":{"background-color":"","background-image":"","background-repeat":"repeat","background-position":"center center","background-size":"auto","background-attachment":"scroll","background-type":"","background-media":"","overlay-type":"","overlay-color":"","overlay-opacity":"","overlay-gradient":""},"tablet":{"background-color":"","background-image":"","background-repeat":"repeat","background-position":"center center","background-size":"auto","background-attachment":"scroll","background-type":"","background-media":"","overlay-type":"","overlay-color":"","overlay-opacity":"","overlay-gradient":""},"mobile":{"background-color":"","background-image":"","background-repeat":"repeat","background-position":"center center","background-size":"auto","background-attachment":"scroll","background-type":"","background-media":"","overlay-type":"","overlay-color":"","overlay-opacity":"","overlay-gradient":""}},"ast-content-background-meta":{"desktop":{"background-color":"var(--ast-global-color-5)","background-image":"","background-repeat":"repeat","background-position":"center center","background-size":"auto","background-attachment":"scroll","background-type":"","background-media":"","overlay-type":"","overlay-color":"","overlay-opacity":"","overlay-gradient":""},"tablet":{"background-color":"var(--ast-global-color-5)","background-image":"","background-repeat":"repeat","background-position":"center center","background-size":"auto","background-attachment":"scroll","background-type":"","background-media":"","overlay-type":"","overlay-color":"","overlay-opacity":"","overlay-gradient":""},"mobile":{"background-color":"var(--ast-global-color-5)","background-image":"","background-repeat":"repeat","background-position":"center center","background-size":"auto","background-attachment":"scroll","background-type":"","background-media":"","overlay-type":"","overlay-color":"","overlay-opacity":"","overlay-gradient":""}},"_joinchat":[]},"product_brand":[],"product_cat":[32,33],"product_tag":[],"class_list":{"0":"post-1194","1":"product","2":"type-product","3":"status-publish","4":"has-post-thumbnail","6":"product_cat-fleur-de-chanvre","7":"product_cat-thc-beuh","8":"desktop-align-left","9":"tablet-align-left","10":"mobile-align-left","12":"first","13":"instock","14":"shipping-taxable","15":"purchasable","16":"product-type-variable"},"yoast_head":"<!-- This site is optimized with the Yoast SEO Premium plugin v24.1 (Yoast SEO v26.8) - https:\/\/yoast.com\/product\/yoast-seo-premium-wordpress\/ -->\n<title>Acheter Lion\u2019s Cake Weed | Cannabis de Qualit\u00e9 Sup\u00e9rieure<\/title>\n<meta name=\"description\" content=\"Acheter Lion\u2019s Cake Weed, une vari\u00e9t\u00e9 de cannabis puissante et savoureuse. Profitez d\u2019une livraison discr\u00e8te et de produits de qualit\u00e9 sup\u00e9rieure.\" \/>\n<meta name=\"robots\" content=\"index, follow, max-snippet:-1, max-image-preview:large, max-video-preview:-1\" \/>\n<link rel=\"canonical\" href=\"https:\/\/beuhparadis.com\/de\/product\/lions-cake\/\" \/>\n<meta property=\"og:locale\" content=\"de_DE\" \/>\n<meta property=\"og:type\" content=\"article\" \/>\n<meta property=\"og:title\" content=\"Lion\u2019s Cake\" \/>\n<meta property=\"og:description\" content=\"Acheter Lion\u2019s Cake Weed, une vari\u00e9t\u00e9 de cannabis puissante et savoureuse. Profitez d\u2019une livraison discr\u00e8te et de produits de qualit\u00e9 sup\u00e9rieure.\" \/>\n<meta property=\"og:url\" content=\"https:\/\/beuhparadis.com\/de\/product\/lions-cake\/\" \/>\n<meta property=\"og:site_name\" content=\"Beuh Paradis\" \/>\n<meta property=\"article:modified_time\" content=\"2025-01-26T16:26:26+00:00\" \/>\n<meta property=\"og:image\" content=\"https:\/\/beuhparadis.com\/wp-content\/uploads\/2024\/12\/Lions-Cake.webp\" \/>\n\t<meta property=\"og:image:width\" content=\"500\" \/>\n\t<meta property=\"og:image:height\" content=\"500\" \/>\n\t<meta property=\"og:image:type\" content=\"image\/webp\" \/>\n<meta name=\"twitter:card\" content=\"summary_large_image\" \/>\n<meta name=\"twitter:label1\" content=\"Gesch\u00e4tzte Lesezeit\" \/>\n\t<meta name=\"twitter:data1\" content=\"2 minutes\" \/>\n<script type=\"application\/ld+json\" class=\"yoast-schema-graph\">{\"@context\":\"https:\/\/schema.org\",\"@graph\":[{\"@type\":\"WebPage\",\"@id\":\"https:\/\/beuhparadis.com\/product\/lions-cake\/\",\"url\":\"https:\/\/beuhparadis.com\/product\/lions-cake\/\",\"name\":\"Acheter Lion\u2019s Cake Weed | Cannabis de Qualit\u00e9 Sup\u00e9rieure\",\"isPartOf\":{\"@id\":\"https:\/\/beuhparadis.com\/#website\"},\"primaryImageOfPage\":{\"@id\":\"https:\/\/beuhparadis.com\/product\/lions-cake\/#primaryimage\"},\"image\":{\"@id\":\"https:\/\/beuhparadis.com\/product\/lions-cake\/#primaryimage\"},\"thumbnailUrl\":\"https:\/\/beuhparadis.com\/wp-content\/uploads\/2024\/12\/Lions-Cake.webp\",\"datePublished\":\"2024-12-10T23:38:48+00:00\",\"dateModified\":\"2025-01-26T16:26:26+00:00\",\"description\":\"Acheter Lion\u2019s Cake Weed, une vari\u00e9t\u00e9 de cannabis puissante et savoureuse. Profitez d\u2019une livraison discr\u00e8te et de produits de qualit\u00e9 sup\u00e9rieure.\",\"breadcrumb\":{\"@id\":\"https:\/\/beuhparadis.com\/product\/lions-cake\/#breadcrumb\"},\"inLanguage\":\"de-DE-formal\",\"potentialAction\":[{\"@type\":\"ReadAction\",\"target\":[\"https:\/\/beuhparadis.com\/product\/lions-cake\/\"]}]},{\"@type\":\"ImageObject\",\"inLanguage\":\"de-DE-formal\",\"@id\":\"https:\/\/beuhparadis.com\/product\/lions-cake\/#primaryimage\",\"url\":\"https:\/\/beuhparadis.com\/wp-content\/uploads\/2024\/12\/Lions-Cake.webp\",\"contentUrl\":\"https:\/\/beuhparadis.com\/wp-content\/uploads\/2024\/12\/Lions-Cake.webp\",\"width\":500,\"height\":500},{\"@type\":\"BreadcrumbList\",\"@id\":\"https:\/\/beuhparadis.com\/product\/lions-cake\/#breadcrumb\",\"itemListElement\":[{\"@type\":\"ListItem\",\"position\":1,\"name\":\"Home\",\"item\":\"https:\/\/beuhparadis.com\/\"},{\"@type\":\"ListItem\",\"position\":2,\"name\":\"Shop\",\"item\":\"https:\/\/beuhparadis.com\/shop\/\"},{\"@type\":\"ListItem\",\"position\":3,\"name\":\"Lion\u2019s Cake\"}]},{\"@type\":\"WebSite\",\"@id\":\"https:\/\/beuhparadis.com\/#website\",\"url\":\"https:\/\/beuhparadis.com\/\",\"name\":\"Beuh Paradis\",\"description\":\"\",\"potentialAction\":[{\"@type\":\"SearchAction\",\"target\":{\"@type\":\"EntryPoint\",\"urlTemplate\":\"https:\/\/beuhparadis.com\/?s={search_term_string}\"},\"query-input\":{\"@type\":\"PropertyValueSpecification\",\"valueRequired\":true,\"valueName\":\"search_term_string\"}}],\"inLanguage\":\"de-DE-formal\"}]}<\/script>\n<!-- \/ Yoast SEO Premium plugin. -->","yoast_head_json":{"title":"Lion's Cake Weed | Cannabis kaufen Top-Qualit\u00e4t","description":"Kaufen Sie Lion's Cake Weed, eine starke und wohlschmeckende Cannabissorte. Genie\u00dfen Sie eine diskrete Lieferung und Produkte von h\u00f6chster Qualit\u00e4t.","robots":{"index":"index","follow":"follow","max-snippet":"max-snippet:-1","max-image-preview":"max-image-preview:large","max-video-preview":"max-video-preview:-1"},"canonical":"https:\/\/beuhparadis.com\/de\/product\/lions-cake\/","og_locale":"de_DE","og_type":"article","og_title":"Lion\u2019s Cake","og_description":"Acheter Lion\u2019s Cake Weed, une vari\u00e9t\u00e9 de cannabis puissante et savoureuse. Profitez d\u2019une livraison discr\u00e8te et de produits de qualit\u00e9 sup\u00e9rieure.","og_url":"https:\/\/beuhparadis.com\/de\/product\/lions-cake\/","og_site_name":"Beuh Paradis","article_modified_time":"2025-01-26T16:26:26+00:00","og_image":[{"width":500,"height":500,"url":"https:\/\/beuhparadis.com\/wp-content\/uploads\/2024\/12\/Lions-Cake.webp","type":"image\/webp"}],"twitter_card":"summary_large_image","twitter_misc":{"Gesch\u00e4tzte Lesezeit":"2 minutes"},"schema":{"@context":"https:\/\/schema.org","@graph":[{"@type":"WebPage","@id":"https:\/\/beuhparadis.com\/product\/lions-cake\/","url":"https:\/\/beuhparadis.com\/product\/lions-cake\/","name":"Lion's Cake Weed | Cannabis kaufen Top-Qualit\u00e4t","isPartOf":{"@id":"https:\/\/beuhparadis.com\/#website"},"primaryImageOfPage":{"@id":"https:\/\/beuhparadis.com\/product\/lions-cake\/#primaryimage"},"image":{"@id":"https:\/\/beuhparadis.com\/product\/lions-cake\/#primaryimage"},"thumbnailUrl":"https:\/\/beuhparadis.com\/wp-content\/uploads\/2024\/12\/Lions-Cake.webp","datePublished":"2024-12-10T23:38:48+00:00","dateModified":"2025-01-26T16:26:26+00:00","description":"Kaufen Sie Lion's Cake Weed, eine starke und wohlschmeckende Cannabissorte. Genie\u00dfen Sie eine diskrete Lieferung und Produkte von h\u00f6chster Qualit\u00e4t.","breadcrumb":{"@id":"https:\/\/beuhparadis.com\/product\/lions-cake\/#breadcrumb"},"inLanguage":"de-DE-formal","potentialAction":[{"@type":"ReadAction","target":["https:\/\/beuhparadis.com\/product\/lions-cake\/"]}]},{"@type":"ImageObject","inLanguage":"de-DE-formal","@id":"https:\/\/beuhparadis.com\/product\/lions-cake\/#primaryimage","url":"https:\/\/beuhparadis.com\/wp-content\/uploads\/2024\/12\/Lions-Cake.webp","contentUrl":"https:\/\/beuhparadis.com\/wp-content\/uploads\/2024\/12\/Lions-Cake.webp","width":500,"height":500},{"@type":"BreadcrumbList","@id":"https:\/\/beuhparadis.com\/product\/lions-cake\/#breadcrumb","itemListElement":[{"@type":"ListItem","position":1,"name":"Home","item":"https:\/\/beuhparadis.com\/"},{"@type":"ListItem","position":2,"name":"Shop","item":"https:\/\/beuhparadis.com\/shop\/"},{"@type":"ListItem","position":3,"name":"Lion\u2019s Cake"}]},{"@type":"WebSite","@id":"https:\/\/beuhparadis.com\/#website","url":"https:\/\/beuhparadis.com\/","name":"Gras Paradies","description":"","potentialAction":[{"@type":"SearchAction","target":{"@type":"EntryPoint","urlTemplate":"https:\/\/beuhparadis.com\/?s={search_term_string}"},"query-input":{"@type":"PropertyValueSpecification","valueRequired":true,"valueName":"search_term_string"}}],"inLanguage":"de-DE-formal"}]}},"_links":{"self":[{"href":"https:\/\/beuhparadis.com\/de\/wp-json\/wp\/v2\/product\/1194","targetHints":{"allow":["GET"]}}],"collection":[{"href":"https:\/\/beuhparadis.com\/de\/wp-json\/wp\/v2\/product"}],"about":[{"href":"https:\/\/beuhparadis.com\/de\/wp-json\/wp\/v2\/types\/product"}],"replies":[{"embeddable":true,"href":"https:\/\/beuhparadis.com\/de\/wp-json\/wp\/v2\/comments?post=1194"}],"wp:featuredmedia":[{"embeddable":true,"href":"https:\/\/beuhparadis.com\/de\/wp-json\/wp\/v2\/media\/1212"}],"wp:attachment":[{"href":"https:\/\/beuhparadis.com\/de\/wp-json\/wp\/v2\/media?parent=1194"}],"wp:term":[{"taxonomy":"product_brand","embeddable":true,"href":"https:\/\/beuhparadis.com\/de\/wp-json\/wp\/v2\/product_brand?post=1194"},{"taxonomy":"product_cat","embeddable":true,"href":"https:\/\/beuhparadis.com\/de\/wp-json\/wp\/v2\/product_cat?post=1194"},{"taxonomy":"product_tag","embeddable":true,"href":"https:\/\/beuhparadis.com\/de\/wp-json\/wp\/v2\/product_tag?post=1194"}],"curies":[{"name":"wp","href":"https:\/\/api.w.org\/{rel}","templated":true}]}}