{"id":1189,"date":"2024-12-10T23:38:47","date_gmt":"2024-12-10T23:38:47","guid":{"rendered":"https:\/\/beuhparadis.com\/?post_type=product&#038;p=1189"},"modified":"2025-01-26T16:16:07","modified_gmt":"2025-01-26T16:16:07","slug":"runtz-weed","status":"publish","type":"product","link":"https:\/\/beuhparadis.com\/de\/product\/runtz-weed\/","title":{"rendered":"Runtz Weed"},"content":{"rendered":"<h1 class=\"wp-block-heading\">Runtz Weed kaufen: Ein au\u00dfergew\u00f6hnliches Cannabis-Erlebnis mit dem Runtz-Stamm<\/h1>\n<p>Kaufen Sie Runtz Weed, eine ausgewogene Hybrid-Sorte, die mit ihrer einzigartigen Mischung aus Indica- und Sativa-Effekten die Aufmerksamkeit von Cannabis-Liebhabern auf sich zieht. Entstanden aus der Kreuzung von Zkittlez und Gelato, <strong>l<\/strong>ie Runtz-Sorte zeichnet sich durch ihr fesselndes Aromaprofil und ihre bemerkenswerte Kraft aus, was sie zu einer erstklassigen Vertreterin der Cali Runtz-Qualit\u00e4t macht.<\/p>\n<p><strong>Wichtige Informationen<\/strong><\/p>\n<ul class=\"wp-block-list\">\n<li><strong>Art :<\/strong> Hybride (50% indica \/ 50% sativa)<\/li>\n<li><strong>Herkunft :<\/strong> Kreuzung zwischen Zkittlez und Gelato<\/li>\n<li><strong>Sch\u00f6pfer :<\/strong> Leidenschaft f\u00fcr Kultur und Cookies Fam, feiert das Erbe von Runtz OG strain<\/li>\n<\/ul>\n<h2 class=\"wp-block-heading\">THC und CBD<\/h2>\n<ul class=\"wp-block-list\">\n<li><strong>THC :<\/strong> Etwa 24%, was dem Runtz-Stamm eine beachtliche St\u00e4rke verleiht<\/li>\n<li><strong>CBD:<\/strong> Niedriger Gehalt, betont die psychoaktiven Effekte von Runtz Weed<\/li>\n<\/ul>\n<h2 class=\"wp-block-heading\">Wo Kaufen <strong>Runtz Weed<\/strong> online?<\/h2>\n<p>Runtz Weed kann auf spezialisierten Online-Plattformen gekauft werden, wie z. B.<a href=\"https:\/\/acheterducannabis.fr\/\" data-type=\"link\" data-id=\"https:\/\/acheterducannabis.fr\/\">Kaufenducannabis<\/a>Dies garantiert ein sicheres Einkaufserlebnis und h\u00f6chste Qualit\u00e4t f\u00fcr die Liebhaber dieses au\u00dfergew\u00f6hnlichen Runtz-Stammes.<\/p>\n<h2 class=\"wp-block-heading\">Wirkung, Aroma und Geschmack von <strong>Runtz Weed<\/strong><\/h2>\n<h3 class=\"wp-block-heading\">Wirkung<\/h3>\n<ul class=\"wp-block-list\">\n<li><strong>Sensation :<\/strong> Entspannung, Euphorie, Kreativit\u00e4t - Schl\u00fcsselmerkmale von <strong>Runtz OG strain<\/strong><\/li>\n<li><strong>Nebenwirkungen :<\/strong> Trockener Mund, trockene Augen<\/li>\n<\/ul>\n<h3 class=\"wp-block-heading\">Aroma und Geschmack<\/h3>\n<p>Eine einzigartige Mischung aus Zitrone, Skunk und Limette, die bei jeder Inhalation von Runtz OG ein komplexes und einladendes Aromaprofil erzeugt. Die Aromen des Runtz-Stamms folgen seinem Aroma und bieten der Cali Runtz-Gemeinschaft ein reiches und unverwechselbares Geschmackserlebnis.<\/p>\n<h2 class=\"wp-block-heading\">Medizinische Effekte<\/h2>\n<p>Runtz OG wird wegen ihres Potenzials zur Linderung von Stress, Angstzust\u00e4nden und \u00dcbelkeit gesch\u00e4tzt, was sie zu einer Sorte macht, die aus dem medizinischen Repertoire von Cannabis nicht wegzudenken ist.<\/p>\n<h2 class=\"wp-block-heading\">Warum kaufen <strong>Runtz Weed<\/strong> auf beuhparadis?<\/h2>\n<p><a href=\"https:\/\/beuhparadis.com\/de\/product\/acheter-cheetah-piss-weed\/\">Beuhparadies<\/a> ist bekannt f\u00fcr seine sorgf\u00e4ltige Auswahl von Cannabis in Premium-Qualit\u00e4t, darunter <strong>Runtz Weed<\/strong>Die Runtz-Sorte ist eine sehr starke und aromareiche Sorte, die den Konsumenten ein einzigartiges Erlebnis bietet. Die Verf\u00fcgbarkeit und Qualit\u00e4t der Runtz-Sorte auf Acheterducannabis erf\u00fcllt die hohen Erwartungen der Cali Runtz-Kenner.<\/p>\n<p>Runtz Weed richtet sich an Cannabisliebhaber, die ein geschmacks- und wirkungsvolles Erlebnis suchen. Seine einzigartige genetische Herkunft, sein komplexes Terpenprofil und sein Status innerhalb der Familie <a href=\"https:\/\/www.leafly.com\/strains\/runtz\" data-type=\"link\" data-id=\"https:\/\/www.leafly.com\/strains\/runtz\">Runtz OG<\/a> strain machen sie zu einer Sorte, die man unbedingt kennenlernen sollte. Besuchen Sie Acheterducannabis, um in ein unvergleichliches Cannabis-Erlebnis mit Runtz strain und anderen hochwertigen Sorten aus Europa einzutauchen.<\/p>","protected":false},"excerpt":{"rendered":"<p><strong>THC :<\/strong> 24%<br \/>\n<strong><br \/>\nEffekte:<\/strong><br \/>\nRuntz Weed wird wegen seines Potenzials zur Linderung von Stress, Angstzust\u00e4nden und \u00dcbelkeit gesch\u00e4tzt, was es zu einer unverzichtbaren Sorte im medizinischen Repertoire von Cannabis macht.<\/p>","protected":false},"featured_media":1211,"comment_status":"closed","ping_status":"closed","template":"","meta":{"site-sidebar-layout":"default","site-content-layout":"","ast-site-content-layout":"default","site-content-style":"default","site-sidebar-style":"default","ast-global-header-display":"","ast-banner-title-visibility":"","ast-main-header-display":"","ast-hfb-above-header-display":"","ast-hfb-below-header-display":"","ast-hfb-mobile-header-display":"","site-post-title":"","ast-breadcrumbs-content":"","ast-featured-img":"","footer-sml-layout":"","theme-transparent-header-meta":"default","adv-header-id-meta":"","stick-header-meta":"","header-above-stick-meta":"","header-main-stick-meta":"","header-below-stick-meta":"","astra-migrate-meta-layouts":"set","ast-page-background-enabled":"default","ast-page-background-meta":{"desktop":{"background-color":"","background-image":"","background-repeat":"repeat","background-position":"center center","background-size":"auto","background-attachment":"scroll","background-type":"","background-media":"","overlay-type":"","overlay-color":"","overlay-opacity":"","overlay-gradient":""},"tablet":{"background-color":"","background-image":"","background-repeat":"repeat","background-position":"center center","background-size":"auto","background-attachment":"scroll","background-type":"","background-media":"","overlay-type":"","overlay-color":"","overlay-opacity":"","overlay-gradient":""},"mobile":{"background-color":"","background-image":"","background-repeat":"repeat","background-position":"center center","background-size":"auto","background-attachment":"scroll","background-type":"","background-media":"","overlay-type":"","overlay-color":"","overlay-opacity":"","overlay-gradient":""}},"ast-content-background-meta":{"desktop":{"background-color":"var(--ast-global-color-5)","background-image":"","background-repeat":"repeat","background-position":"center center","background-size":"auto","background-attachment":"scroll","background-type":"","background-media":"","overlay-type":"","overlay-color":"","overlay-opacity":"","overlay-gradient":""},"tablet":{"background-color":"var(--ast-global-color-5)","background-image":"","background-repeat":"repeat","background-position":"center center","background-size":"auto","background-attachment":"scroll","background-type":"","background-media":"","overlay-type":"","overlay-color":"","overlay-opacity":"","overlay-gradient":""},"mobile":{"background-color":"var(--ast-global-color-5)","background-image":"","background-repeat":"repeat","background-position":"center center","background-size":"auto","background-attachment":"scroll","background-type":"","background-media":"","overlay-type":"","overlay-color":"","overlay-opacity":"","overlay-gradient":""}},"_joinchat":[]},"product_brand":[],"product_cat":[15],"product_tag":[],"class_list":{"0":"post-1189","1":"product","2":"type-product","3":"status-publish","4":"has-post-thumbnail","6":"product_cat-uncategorized","7":"desktop-align-left","8":"tablet-align-left","9":"mobile-align-left","11":"first","12":"instock","13":"shipping-taxable","14":"purchasable","15":"product-type-variable"},"yoast_head":"<!-- This site is optimized with the Yoast SEO Premium plugin v24.1 (Yoast SEO v26.8) - https:\/\/yoast.com\/product\/yoast-seo-premium-wordpress\/ -->\n<title>Acheter Runtz Weed \u2013 Cannabis Premium aux Saveurs Sucr\u00e9es<\/title>\n<meta name=\"description\" content=\"D\u00e9couvrez Runtz Weed, une vari\u00e9t\u00e9 de cannabis populaire pour son ar\u00f4me sucr\u00e9 et ses effets relaxants. Commandez en ligne avec livraison rapide et discr\u00e8te\" \/>\n<meta name=\"robots\" content=\"index, follow, max-snippet:-1, max-image-preview:large, max-video-preview:-1\" \/>\n<link rel=\"canonical\" href=\"https:\/\/beuhparadis.com\/de\/product\/runtz-weed\/\" \/>\n<meta property=\"og:locale\" content=\"de_DE\" \/>\n<meta property=\"og:type\" content=\"article\" \/>\n<meta property=\"og:title\" content=\"Runtz Weed\" \/>\n<meta property=\"og:description\" content=\"D\u00e9couvrez Runtz Weed, une vari\u00e9t\u00e9 de cannabis populaire pour son ar\u00f4me sucr\u00e9 et ses effets relaxants. Commandez en ligne avec livraison rapide et discr\u00e8te\" \/>\n<meta property=\"og:url\" content=\"https:\/\/beuhparadis.com\/de\/product\/runtz-weed\/\" \/>\n<meta property=\"og:site_name\" content=\"Beuh Paradis\" \/>\n<meta property=\"article:modified_time\" content=\"2025-01-26T16:16:07+00:00\" \/>\n<meta property=\"og:image\" content=\"https:\/\/beuhparadis.com\/wp-content\/uploads\/2024\/12\/Runtz-Weed.webp\" \/>\n\t<meta property=\"og:image:width\" content=\"500\" \/>\n\t<meta property=\"og:image:height\" content=\"500\" \/>\n\t<meta property=\"og:image:type\" content=\"image\/webp\" \/>\n<meta name=\"twitter:card\" content=\"summary_large_image\" \/>\n<meta name=\"twitter:label1\" content=\"Gesch\u00e4tzte Lesezeit\" \/>\n\t<meta name=\"twitter:data1\" content=\"2 minutes\" \/>\n<script type=\"application\/ld+json\" class=\"yoast-schema-graph\">{\"@context\":\"https:\/\/schema.org\",\"@graph\":[{\"@type\":\"WebPage\",\"@id\":\"https:\/\/beuhparadis.com\/product\/runtz-weed\/\",\"url\":\"https:\/\/beuhparadis.com\/product\/runtz-weed\/\",\"name\":\"Acheter Runtz Weed \u2013 Cannabis Premium aux Saveurs Sucr\u00e9es\",\"isPartOf\":{\"@id\":\"https:\/\/beuhparadis.com\/#website\"},\"primaryImageOfPage\":{\"@id\":\"https:\/\/beuhparadis.com\/product\/runtz-weed\/#primaryimage\"},\"image\":{\"@id\":\"https:\/\/beuhparadis.com\/product\/runtz-weed\/#primaryimage\"},\"thumbnailUrl\":\"https:\/\/beuhparadis.com\/wp-content\/uploads\/2024\/12\/Runtz-Weed.webp\",\"datePublished\":\"2024-12-10T23:38:47+00:00\",\"dateModified\":\"2025-01-26T16:16:07+00:00\",\"description\":\"D\u00e9couvrez Runtz Weed, une vari\u00e9t\u00e9 de cannabis populaire pour son ar\u00f4me sucr\u00e9 et ses effets relaxants. Commandez en ligne avec livraison rapide et discr\u00e8te\",\"breadcrumb\":{\"@id\":\"https:\/\/beuhparadis.com\/product\/runtz-weed\/#breadcrumb\"},\"inLanguage\":\"de-DE-formal\",\"potentialAction\":[{\"@type\":\"ReadAction\",\"target\":[\"https:\/\/beuhparadis.com\/product\/runtz-weed\/\"]}]},{\"@type\":\"ImageObject\",\"inLanguage\":\"de-DE-formal\",\"@id\":\"https:\/\/beuhparadis.com\/product\/runtz-weed\/#primaryimage\",\"url\":\"https:\/\/beuhparadis.com\/wp-content\/uploads\/2024\/12\/Runtz-Weed.webp\",\"contentUrl\":\"https:\/\/beuhparadis.com\/wp-content\/uploads\/2024\/12\/Runtz-Weed.webp\",\"width\":500,\"height\":500},{\"@type\":\"BreadcrumbList\",\"@id\":\"https:\/\/beuhparadis.com\/product\/runtz-weed\/#breadcrumb\",\"itemListElement\":[{\"@type\":\"ListItem\",\"position\":1,\"name\":\"Home\",\"item\":\"https:\/\/beuhparadis.com\/\"},{\"@type\":\"ListItem\",\"position\":2,\"name\":\"Shop\",\"item\":\"https:\/\/beuhparadis.com\/shop\/\"},{\"@type\":\"ListItem\",\"position\":3,\"name\":\"Runtz Weed\"}]},{\"@type\":\"WebSite\",\"@id\":\"https:\/\/beuhparadis.com\/#website\",\"url\":\"https:\/\/beuhparadis.com\/\",\"name\":\"Beuh Paradis\",\"description\":\"\",\"potentialAction\":[{\"@type\":\"SearchAction\",\"target\":{\"@type\":\"EntryPoint\",\"urlTemplate\":\"https:\/\/beuhparadis.com\/?s={search_term_string}\"},\"query-input\":{\"@type\":\"PropertyValueSpecification\",\"valueRequired\":true,\"valueName\":\"search_term_string\"}}],\"inLanguage\":\"de-DE-formal\"}]}<\/script>\n<!-- \/ Yoast SEO Premium plugin. -->","yoast_head_json":{"title":"Runtz Weed kaufen - Premium Cannabis mit s\u00fc\u00dfen Aromen","description":"Entdecken Sie Runtz Weed, eine Cannabissorte, die wegen ihres s\u00fc\u00dfen Aromas und ihrer entspannenden Wirkung beliebt ist. Online-Bestellung mit schneller und diskreter Lieferung","robots":{"index":"index","follow":"follow","max-snippet":"max-snippet:-1","max-image-preview":"max-image-preview:large","max-video-preview":"max-video-preview:-1"},"canonical":"https:\/\/beuhparadis.com\/de\/product\/runtz-weed\/","og_locale":"de_DE","og_type":"article","og_title":"Runtz Weed","og_description":"D\u00e9couvrez Runtz Weed, une vari\u00e9t\u00e9 de cannabis populaire pour son ar\u00f4me sucr\u00e9 et ses effets relaxants. Commandez en ligne avec livraison rapide et discr\u00e8te","og_url":"https:\/\/beuhparadis.com\/de\/product\/runtz-weed\/","og_site_name":"Beuh Paradis","article_modified_time":"2025-01-26T16:16:07+00:00","og_image":[{"width":500,"height":500,"url":"https:\/\/beuhparadis.com\/wp-content\/uploads\/2024\/12\/Runtz-Weed.webp","type":"image\/webp"}],"twitter_card":"summary_large_image","twitter_misc":{"Gesch\u00e4tzte Lesezeit":"2 minutes"},"schema":{"@context":"https:\/\/schema.org","@graph":[{"@type":"WebPage","@id":"https:\/\/beuhparadis.com\/product\/runtz-weed\/","url":"https:\/\/beuhparadis.com\/product\/runtz-weed\/","name":"Runtz Weed kaufen - Premium Cannabis mit s\u00fc\u00dfen Aromen","isPartOf":{"@id":"https:\/\/beuhparadis.com\/#website"},"primaryImageOfPage":{"@id":"https:\/\/beuhparadis.com\/product\/runtz-weed\/#primaryimage"},"image":{"@id":"https:\/\/beuhparadis.com\/product\/runtz-weed\/#primaryimage"},"thumbnailUrl":"https:\/\/beuhparadis.com\/wp-content\/uploads\/2024\/12\/Runtz-Weed.webp","datePublished":"2024-12-10T23:38:47+00:00","dateModified":"2025-01-26T16:16:07+00:00","description":"Entdecken Sie Runtz Weed, eine Cannabissorte, die wegen ihres s\u00fc\u00dfen Aromas und ihrer entspannenden Wirkung beliebt ist. Online-Bestellung mit schneller und diskreter Lieferung","breadcrumb":{"@id":"https:\/\/beuhparadis.com\/product\/runtz-weed\/#breadcrumb"},"inLanguage":"de-DE-formal","potentialAction":[{"@type":"ReadAction","target":["https:\/\/beuhparadis.com\/product\/runtz-weed\/"]}]},{"@type":"ImageObject","inLanguage":"de-DE-formal","@id":"https:\/\/beuhparadis.com\/product\/runtz-weed\/#primaryimage","url":"https:\/\/beuhparadis.com\/wp-content\/uploads\/2024\/12\/Runtz-Weed.webp","contentUrl":"https:\/\/beuhparadis.com\/wp-content\/uploads\/2024\/12\/Runtz-Weed.webp","width":500,"height":500},{"@type":"BreadcrumbList","@id":"https:\/\/beuhparadis.com\/product\/runtz-weed\/#breadcrumb","itemListElement":[{"@type":"ListItem","position":1,"name":"Home","item":"https:\/\/beuhparadis.com\/"},{"@type":"ListItem","position":2,"name":"Shop","item":"https:\/\/beuhparadis.com\/shop\/"},{"@type":"ListItem","position":3,"name":"Runtz Weed"}]},{"@type":"WebSite","@id":"https:\/\/beuhparadis.com\/#website","url":"https:\/\/beuhparadis.com\/","name":"Gras Paradies","description":"","potentialAction":[{"@type":"SearchAction","target":{"@type":"EntryPoint","urlTemplate":"https:\/\/beuhparadis.com\/?s={search_term_string}"},"query-input":{"@type":"PropertyValueSpecification","valueRequired":true,"valueName":"search_term_string"}}],"inLanguage":"de-DE-formal"}]}},"_links":{"self":[{"href":"https:\/\/beuhparadis.com\/de\/wp-json\/wp\/v2\/product\/1189","targetHints":{"allow":["GET"]}}],"collection":[{"href":"https:\/\/beuhparadis.com\/de\/wp-json\/wp\/v2\/product"}],"about":[{"href":"https:\/\/beuhparadis.com\/de\/wp-json\/wp\/v2\/types\/product"}],"replies":[{"embeddable":true,"href":"https:\/\/beuhparadis.com\/de\/wp-json\/wp\/v2\/comments?post=1189"}],"wp:featuredmedia":[{"embeddable":true,"href":"https:\/\/beuhparadis.com\/de\/wp-json\/wp\/v2\/media\/1211"}],"wp:attachment":[{"href":"https:\/\/beuhparadis.com\/de\/wp-json\/wp\/v2\/media?parent=1189"}],"wp:term":[{"taxonomy":"product_brand","embeddable":true,"href":"https:\/\/beuhparadis.com\/de\/wp-json\/wp\/v2\/product_brand?post=1189"},{"taxonomy":"product_cat","embeddable":true,"href":"https:\/\/beuhparadis.com\/de\/wp-json\/wp\/v2\/product_cat?post=1189"},{"taxonomy":"product_tag","embeddable":true,"href":"https:\/\/beuhparadis.com\/de\/wp-json\/wp\/v2\/product_tag?post=1189"}],"curies":[{"name":"wp","href":"https:\/\/api.w.org\/{rel}","templated":true}]}}