{"id":1184,"date":"2024-12-10T23:38:47","date_gmt":"2024-12-10T23:38:47","guid":{"rendered":"https:\/\/beuhparadis.com\/?post_type=product&#038;p=1184"},"modified":"2025-01-26T16:19:22","modified_gmt":"2025-01-26T16:19:22","slug":"trideri-weed","status":"publish","type":"product","link":"https:\/\/beuhparadis.com\/de\/product\/trideri-weed\/","title":{"rendered":"Trideri Weed"},"content":{"rendered":"<h1 class=\"wp-block-heading\">Trideri Weed Kaufen: Ein Indica-Stamm Mit Beruhigenden Effekten<\/h1>\n<p>Trideri Weed kaufen, eine Cannabis-Indica-Sorte, die f\u00fcr ihre entspannende und kreative Wirkung bekannt ist. Perfekt f\u00fcr alle, die nach Linderung von Stress und Angstzust\u00e4nden suchen und gleichzeitig ihre Kreativit\u00e4t f\u00f6rdern wollen.<\/p>\n<h2 class=\"wp-block-heading\">Informationen \u00fcber den Trideri-Stamm<\/h2>\n<ul class=\"wp-block-list\">\n<li><strong>Art :<\/strong> Indica<\/li>\n<li><strong>Haupteffekte :<\/strong> Entspannung, Gl\u00fcck, Kreativit\u00e4t<\/li>\n<li><strong>Nachteile :<\/strong> Trockener Mund<\/li>\n<\/ul>\n<h2 class=\"wp-block-heading\">THC und CBD<\/h2>\n<ul class=\"wp-block-list\">\n<li><strong>THC :<\/strong> Hoher Prozentsatz mit Schwerpunkt auf psychoaktiven Effekten<\/li>\n<li><strong>CBD:<\/strong> Geringer Prozentsatz, betont die entspannenden Eigenschaften von THC<\/li>\n<\/ul>\n<h2 class=\"wp-block-heading\">Wo kann ich Trideri Weed online kaufen?<\/h2>\n<p>Trideri Weed kann online auf spezialisierten Plattformen gekauft werden, wie z. B. <a href=\"https:\/\/acheterducannabis.fr\/\" data-type=\"link\" data-id=\"https:\/\/acheterducannabis.fr\/\">Kaufenducannabis<\/a>Die Indica-Cannabispflanze bietet eine hohe Qualit\u00e4t und eine optimale Benutzererfahrung f\u00fcr Indica-Liebhaber.<\/p>\n<h2 class=\"wp-block-heading\">Wirkung, Aroma und Geschmack von Trideri<\/h2>\n<h3 class=\"wp-block-heading\">Wirkung<\/h3>\n<ul class=\"wp-block-list\">\n<li><strong>Gef\u00fchle :<\/strong> Entspannung, Gl\u00fcck, Kreativit\u00e4tsschub<\/li>\n<li><strong>Negative Aspekte:<\/strong> Trockener Mund<\/li>\n<\/ul>\n<h3 class=\"wp-block-heading\">Aroma<\/h3>\n<p>Trideri Weed zeichnet sich durch ein komplexes Aroma aus, das Zitrone und Skunk mit subtilen Noten von Limette vermischt.<\/p>\n<h3 class=\"wp-block-heading\">Geschmack<\/h3>\n<p>Der Geschmack folgt dem Aroma und bietet eine angenehme Mischung aus Zitrone, Skunk und Limette.<\/p>\n<h2 class=\"wp-block-heading\">Medizinische Wirkungen von Trideri<\/h2>\n<p>Medizinische Anwender bevorzugen Trideri f\u00fcr seine Unterst\u00fctzung bei der Behandlung von :<\/p>\n<ul class=\"wp-block-list\">\n<li>Stress (40% der Nutzer)<\/li>\n<li>Angst (30% der Nutzer)<\/li>\n<li>\u00dcbelkeit (20% von Nutzern)<\/li>\n<\/ul>\n<h2 class=\"wp-block-heading\">Warum Trideri Weed bei beuhparadis kaufen?<\/h2>\n<p><a href=\"https:\/\/beuhparadis.com\/de\/product\/cookie-og-weed\/\">Beuhparadies<\/a> zeichnet sich durch sein Engagement f\u00fcr die Lieferung von Cannabis-St\u00e4mmen h\u00f6chster Qualit\u00e4t aus, darunter auch Trideri Weed, die den Bed\u00fcrfnissen von Konsumenten entsprechen, die nach entspannenden und kreativen Effekten suchen. Wenn Sie sich f\u00fcr Acheterducannabis entscheiden, entscheiden Sie sich f\u00fcr Sicherheit, Qualit\u00e4t und Gesetzeskonformit\u00e4t.<\/p>\n<h2 class=\"wp-block-heading\">Gesetzgebung f\u00fcr den Verkauf von Trideri in Europa<\/h2>\n<p>Der Verkauf von Trideri strain unterliegt wie alle Cannabis-St\u00e4mme der europ\u00e4ischen Gesetzgebung, die den THC-Gehalt reguliert. Da Trideri den geltenden Normen entspricht, bleibt sie f\u00fcr diejenigen zug\u00e4nglich, die von ihren in Europa einzigartigen therapeutischen und freizeitbezogenen Eigenschaften profitieren wollen.<\/p>\n<p>Trideri Weed pr\u00e4sentiert sich als bevorzugte Option f\u00fcr Indica-Cannabis-Liebhaber, die auf der Suche nach tiefer Entspannung und kreativen Impulsen sind. Seine einzigartige Kombination von Aromen und Geschm\u00e4ckern, zusammen mit seiner positiven Wirkung gegen Stress, Angst und \u00dcbelkeit, macht ihn zu einem unverzichtbaren Stamm. Entdecken Sie <a href=\"https:\/\/www.allbud.com\/marijuana-strains\/hybrid\/trideri\" data-type=\"link\" data-id=\"https:\/\/www.allbud.com\/marijuana-strains\/hybrid\/trideri\">Trideri-Stamm<\/a> und viele andere hochwertige St\u00e4mme auf Acheterducannabis, Ihrem bevorzugten Ziel f\u00fcr hochwertiges Cannabis in Europa.<\/p>","protected":false},"excerpt":{"rendered":"<p><strong>THC :<\/strong> 33 % - 34 % <strong>Auswirkungen<\/strong> Euphorie, Konzentration, Gl\u00fccklich, Hungrig, Entspannend, Erstaunlich <strong>Kann Linderung verschaffen<\/strong> Arthritis, chronische Schmerzen, Depression, Entz\u00fcndung, \u00dcbelkeit, Stress<\/p>","protected":false},"featured_media":1210,"comment_status":"closed","ping_status":"closed","template":"","meta":{"site-sidebar-layout":"default","site-content-layout":"","ast-site-content-layout":"default","site-content-style":"default","site-sidebar-style":"default","ast-global-header-display":"","ast-banner-title-visibility":"","ast-main-header-display":"","ast-hfb-above-header-display":"","ast-hfb-below-header-display":"","ast-hfb-mobile-header-display":"","site-post-title":"","ast-breadcrumbs-content":"","ast-featured-img":"","footer-sml-layout":"","theme-transparent-header-meta":"default","adv-header-id-meta":"","stick-header-meta":"","header-above-stick-meta":"","header-main-stick-meta":"","header-below-stick-meta":"","astra-migrate-meta-layouts":"set","ast-page-background-enabled":"default","ast-page-background-meta":{"desktop":{"background-color":"","background-image":"","background-repeat":"repeat","background-position":"center center","background-size":"auto","background-attachment":"scroll","background-type":"","background-media":"","overlay-type":"","overlay-color":"","overlay-opacity":"","overlay-gradient":""},"tablet":{"background-color":"","background-image":"","background-repeat":"repeat","background-position":"center center","background-size":"auto","background-attachment":"scroll","background-type":"","background-media":"","overlay-type":"","overlay-color":"","overlay-opacity":"","overlay-gradient":""},"mobile":{"background-color":"","background-image":"","background-repeat":"repeat","background-position":"center center","background-size":"auto","background-attachment":"scroll","background-type":"","background-media":"","overlay-type":"","overlay-color":"","overlay-opacity":"","overlay-gradient":""}},"ast-content-background-meta":{"desktop":{"background-color":"var(--ast-global-color-5)","background-image":"","background-repeat":"repeat","background-position":"center center","background-size":"auto","background-attachment":"scroll","background-type":"","background-media":"","overlay-type":"","overlay-color":"","overlay-opacity":"","overlay-gradient":""},"tablet":{"background-color":"var(--ast-global-color-5)","background-image":"","background-repeat":"repeat","background-position":"center center","background-size":"auto","background-attachment":"scroll","background-type":"","background-media":"","overlay-type":"","overlay-color":"","overlay-opacity":"","overlay-gradient":""},"mobile":{"background-color":"var(--ast-global-color-5)","background-image":"","background-repeat":"repeat","background-position":"center center","background-size":"auto","background-attachment":"scroll","background-type":"","background-media":"","overlay-type":"","overlay-color":"","overlay-opacity":"","overlay-gradient":""}},"_joinchat":[]},"product_brand":[],"product_cat":[32,33],"product_tag":[],"class_list":{"0":"post-1184","1":"product","2":"type-product","3":"status-publish","4":"has-post-thumbnail","6":"product_cat-fleur-de-chanvre","7":"product_cat-thc-beuh","8":"desktop-align-left","9":"tablet-align-left","10":"mobile-align-left","12":"first","13":"instock","14":"shipping-taxable","15":"purchasable","16":"product-type-variable"},"yoast_head":"<!-- This site is optimized with the Yoast SEO Premium plugin v24.1 (Yoast SEO v26.8) - https:\/\/yoast.com\/product\/yoast-seo-premium-wordpress\/ -->\n<title>Acheter Trideri Weed \u2013 Cannabis Premium de Qualit\u00e9 Sup\u00e9rieure<\/title>\n<meta name=\"description\" content=\"Commandez Trideri Weed, une vari\u00e9t\u00e9 de cannabis exceptionnelle connue pour ses ar\u00f4mes riches et ses effets relaxants. Livraison rapide et discr\u00e8te\" \/>\n<meta name=\"robots\" content=\"index, follow, max-snippet:-1, max-image-preview:large, max-video-preview:-1\" \/>\n<link rel=\"canonical\" href=\"https:\/\/beuhparadis.com\/de\/product\/trideri-weed\/\" \/>\n<meta property=\"og:locale\" content=\"de_DE\" \/>\n<meta property=\"og:type\" content=\"article\" \/>\n<meta property=\"og:title\" content=\"Trideri Weed\" \/>\n<meta property=\"og:description\" content=\"Commandez Trideri Weed, une vari\u00e9t\u00e9 de cannabis exceptionnelle connue pour ses ar\u00f4mes riches et ses effets relaxants. Livraison rapide et discr\u00e8te\" \/>\n<meta property=\"og:url\" content=\"https:\/\/beuhparadis.com\/de\/product\/trideri-weed\/\" \/>\n<meta property=\"og:site_name\" content=\"Beuh Paradis\" \/>\n<meta property=\"article:modified_time\" content=\"2025-01-26T16:19:22+00:00\" \/>\n<meta property=\"og:image\" content=\"https:\/\/beuhparadis.com\/wp-content\/uploads\/2024\/12\/Trideri-Weed.webp\" \/>\n\t<meta property=\"og:image:width\" content=\"500\" \/>\n\t<meta property=\"og:image:height\" content=\"500\" \/>\n\t<meta property=\"og:image:type\" content=\"image\/webp\" \/>\n<meta name=\"twitter:card\" content=\"summary_large_image\" \/>\n<meta name=\"twitter:label1\" content=\"Gesch\u00e4tzte Lesezeit\" \/>\n\t<meta name=\"twitter:data1\" content=\"2 minutes\" \/>\n<script type=\"application\/ld+json\" class=\"yoast-schema-graph\">{\"@context\":\"https:\/\/schema.org\",\"@graph\":[{\"@type\":\"WebPage\",\"@id\":\"https:\/\/beuhparadis.com\/product\/trideri-weed\/\",\"url\":\"https:\/\/beuhparadis.com\/product\/trideri-weed\/\",\"name\":\"Acheter Trideri Weed \u2013 Cannabis Premium de Qualit\u00e9 Sup\u00e9rieure\",\"isPartOf\":{\"@id\":\"https:\/\/beuhparadis.com\/#website\"},\"primaryImageOfPage\":{\"@id\":\"https:\/\/beuhparadis.com\/product\/trideri-weed\/#primaryimage\"},\"image\":{\"@id\":\"https:\/\/beuhparadis.com\/product\/trideri-weed\/#primaryimage\"},\"thumbnailUrl\":\"https:\/\/beuhparadis.com\/wp-content\/uploads\/2024\/12\/Trideri-Weed.webp\",\"datePublished\":\"2024-12-10T23:38:47+00:00\",\"dateModified\":\"2025-01-26T16:19:22+00:00\",\"description\":\"Commandez Trideri Weed, une vari\u00e9t\u00e9 de cannabis exceptionnelle connue pour ses ar\u00f4mes riches et ses effets relaxants. Livraison rapide et discr\u00e8te\",\"breadcrumb\":{\"@id\":\"https:\/\/beuhparadis.com\/product\/trideri-weed\/#breadcrumb\"},\"inLanguage\":\"de-DE-formal\",\"potentialAction\":[{\"@type\":\"ReadAction\",\"target\":[\"https:\/\/beuhparadis.com\/product\/trideri-weed\/\"]}]},{\"@type\":\"ImageObject\",\"inLanguage\":\"de-DE-formal\",\"@id\":\"https:\/\/beuhparadis.com\/product\/trideri-weed\/#primaryimage\",\"url\":\"https:\/\/beuhparadis.com\/wp-content\/uploads\/2024\/12\/Trideri-Weed.webp\",\"contentUrl\":\"https:\/\/beuhparadis.com\/wp-content\/uploads\/2024\/12\/Trideri-Weed.webp\",\"width\":500,\"height\":500},{\"@type\":\"BreadcrumbList\",\"@id\":\"https:\/\/beuhparadis.com\/product\/trideri-weed\/#breadcrumb\",\"itemListElement\":[{\"@type\":\"ListItem\",\"position\":1,\"name\":\"Home\",\"item\":\"https:\/\/beuhparadis.com\/\"},{\"@type\":\"ListItem\",\"position\":2,\"name\":\"Shop\",\"item\":\"https:\/\/beuhparadis.com\/shop\/\"},{\"@type\":\"ListItem\",\"position\":3,\"name\":\"Trideri Weed\"}]},{\"@type\":\"WebSite\",\"@id\":\"https:\/\/beuhparadis.com\/#website\",\"url\":\"https:\/\/beuhparadis.com\/\",\"name\":\"Beuh Paradis\",\"description\":\"\",\"potentialAction\":[{\"@type\":\"SearchAction\",\"target\":{\"@type\":\"EntryPoint\",\"urlTemplate\":\"https:\/\/beuhparadis.com\/?s={search_term_string}\"},\"query-input\":{\"@type\":\"PropertyValueSpecification\",\"valueRequired\":true,\"valueName\":\"search_term_string\"}}],\"inLanguage\":\"de-DE-formal\"}]}<\/script>\n<!-- \/ Yoast SEO Premium plugin. -->","yoast_head_json":{"title":"Trideri Weed kaufen - Premium Cannabis in Top-Qualit\u00e4t","description":"Bestellen Sie Trideri Weed, eine au\u00dfergew\u00f6hnliche Cannabissorte, die f\u00fcr ihre reichen Aromen und ihre entspannende Wirkung bekannt ist. Schnelle und diskrete Lieferung","robots":{"index":"index","follow":"follow","max-snippet":"max-snippet:-1","max-image-preview":"max-image-preview:large","max-video-preview":"max-video-preview:-1"},"canonical":"https:\/\/beuhparadis.com\/de\/product\/trideri-weed\/","og_locale":"de_DE","og_type":"article","og_title":"Trideri Weed","og_description":"Commandez Trideri Weed, une vari\u00e9t\u00e9 de cannabis exceptionnelle connue pour ses ar\u00f4mes riches et ses effets relaxants. Livraison rapide et discr\u00e8te","og_url":"https:\/\/beuhparadis.com\/de\/product\/trideri-weed\/","og_site_name":"Beuh Paradis","article_modified_time":"2025-01-26T16:19:22+00:00","og_image":[{"width":500,"height":500,"url":"https:\/\/beuhparadis.com\/wp-content\/uploads\/2024\/12\/Trideri-Weed.webp","type":"image\/webp"}],"twitter_card":"summary_large_image","twitter_misc":{"Gesch\u00e4tzte Lesezeit":"2 minutes"},"schema":{"@context":"https:\/\/schema.org","@graph":[{"@type":"WebPage","@id":"https:\/\/beuhparadis.com\/product\/trideri-weed\/","url":"https:\/\/beuhparadis.com\/product\/trideri-weed\/","name":"Trideri Weed kaufen - Premium Cannabis in Top-Qualit\u00e4t","isPartOf":{"@id":"https:\/\/beuhparadis.com\/#website"},"primaryImageOfPage":{"@id":"https:\/\/beuhparadis.com\/product\/trideri-weed\/#primaryimage"},"image":{"@id":"https:\/\/beuhparadis.com\/product\/trideri-weed\/#primaryimage"},"thumbnailUrl":"https:\/\/beuhparadis.com\/wp-content\/uploads\/2024\/12\/Trideri-Weed.webp","datePublished":"2024-12-10T23:38:47+00:00","dateModified":"2025-01-26T16:19:22+00:00","description":"Bestellen Sie Trideri Weed, eine au\u00dfergew\u00f6hnliche Cannabissorte, die f\u00fcr ihre reichen Aromen und ihre entspannende Wirkung bekannt ist. Schnelle und diskrete Lieferung","breadcrumb":{"@id":"https:\/\/beuhparadis.com\/product\/trideri-weed\/#breadcrumb"},"inLanguage":"de-DE-formal","potentialAction":[{"@type":"ReadAction","target":["https:\/\/beuhparadis.com\/product\/trideri-weed\/"]}]},{"@type":"ImageObject","inLanguage":"de-DE-formal","@id":"https:\/\/beuhparadis.com\/product\/trideri-weed\/#primaryimage","url":"https:\/\/beuhparadis.com\/wp-content\/uploads\/2024\/12\/Trideri-Weed.webp","contentUrl":"https:\/\/beuhparadis.com\/wp-content\/uploads\/2024\/12\/Trideri-Weed.webp","width":500,"height":500},{"@type":"BreadcrumbList","@id":"https:\/\/beuhparadis.com\/product\/trideri-weed\/#breadcrumb","itemListElement":[{"@type":"ListItem","position":1,"name":"Home","item":"https:\/\/beuhparadis.com\/"},{"@type":"ListItem","position":2,"name":"Shop","item":"https:\/\/beuhparadis.com\/shop\/"},{"@type":"ListItem","position":3,"name":"Trideri Weed"}]},{"@type":"WebSite","@id":"https:\/\/beuhparadis.com\/#website","url":"https:\/\/beuhparadis.com\/","name":"Gras Paradies","description":"","potentialAction":[{"@type":"SearchAction","target":{"@type":"EntryPoint","urlTemplate":"https:\/\/beuhparadis.com\/?s={search_term_string}"},"query-input":{"@type":"PropertyValueSpecification","valueRequired":true,"valueName":"search_term_string"}}],"inLanguage":"de-DE-formal"}]}},"_links":{"self":[{"href":"https:\/\/beuhparadis.com\/de\/wp-json\/wp\/v2\/product\/1184","targetHints":{"allow":["GET"]}}],"collection":[{"href":"https:\/\/beuhparadis.com\/de\/wp-json\/wp\/v2\/product"}],"about":[{"href":"https:\/\/beuhparadis.com\/de\/wp-json\/wp\/v2\/types\/product"}],"replies":[{"embeddable":true,"href":"https:\/\/beuhparadis.com\/de\/wp-json\/wp\/v2\/comments?post=1184"}],"wp:featuredmedia":[{"embeddable":true,"href":"https:\/\/beuhparadis.com\/de\/wp-json\/wp\/v2\/media\/1210"}],"wp:attachment":[{"href":"https:\/\/beuhparadis.com\/de\/wp-json\/wp\/v2\/media?parent=1184"}],"wp:term":[{"taxonomy":"product_brand","embeddable":true,"href":"https:\/\/beuhparadis.com\/de\/wp-json\/wp\/v2\/product_brand?post=1184"},{"taxonomy":"product_cat","embeddable":true,"href":"https:\/\/beuhparadis.com\/de\/wp-json\/wp\/v2\/product_cat?post=1184"},{"taxonomy":"product_tag","embeddable":true,"href":"https:\/\/beuhparadis.com\/de\/wp-json\/wp\/v2\/product_tag?post=1184"}],"curies":[{"name":"wp","href":"https:\/\/api.w.org\/{rel}","templated":true}]}}