{"id":1168,"date":"2024-12-10T23:38:32","date_gmt":"2024-12-10T23:38:32","guid":{"rendered":"https:\/\/beuhparadis.com\/?post_type=product&#038;p=1168"},"modified":"2025-01-26T16:08:28","modified_gmt":"2025-01-26T16:08:28","slug":"cherry-gorilla","status":"publish","type":"product","link":"https:\/\/beuhparadis.com\/de\/product\/cherry-gorilla\/","title":{"rendered":"Cherry Gorilla"},"content":{"rendered":"<h1 class=\"wp-block-heading\">Cherry Gorilla Weed kaufen: Ein Hybrid Mit Beruhigenden Effekten<\/h1>\n<p>Cherry Gorilla weed kaufen, auch bekannt als \"Cherry Gorilla Glue\", ein Hybridstamm, der aus der Kreuzung zweier ber\u00fchmter Sorten entstanden ist: GG4 (auch bekannt als Gorilla Glue #4) und Black Cherry Pie. Diese Sorte zeichnet sich durch ihre eher beruhigende als energiespendende Wirkung aus.<\/p>\n<h2 class=\"wp-block-heading\">Informationen \u00fcber den Cherry Gorilla-Stamm<\/h2>\n<ul class=\"wp-block-list\">\n<li><strong>Art :<\/strong> Hybride<\/li>\n<li><strong>Genetik :<\/strong> Kreuzung zwischen GG4 und Black Cherry Pie<\/li>\n<li><strong>Produzent:<\/strong> In House Genetics<\/li>\n<\/ul>\n<h2 class=\"wp-block-heading\">THC und CBD<\/h2>\n<ul class=\"wp-block-list\">\n<li><strong>THC :<\/strong> 22%, wobei einige Sorten bis zu 22% oder mehr getestet wurden<\/li>\n<li><strong>CBD:<\/strong> Geringer Prozentsatz mit Schwerpunkt auf den Wirkungen von THC<\/li>\n<\/ul>\n<h2 class=\"wp-block-heading\">Wo kann ich Cherry Gorilla online kaufen?<\/h2>\n<p>Cherry Gorilla weed strain ist zum Online-Kauf auf spezialisierten Plattformen wie Acheterducannabis erh\u00e4ltlich und bietet erfahrenen Konsumenten einen hochwertigen Stamm mit einer hohen THC-Toleranz.<\/p>\n<h2 class=\"wp-block-heading\">Wirkung, Aroma und Geschmack von Cherry Gorilla Weed<\/h2>\n<h3 class=\"wp-block-heading\">Wirkung<\/h3>\n<ul class=\"wp-block-list\">\n<li><strong>Gef\u00fchle :<\/strong> Gl\u00fcck, Entspannung, Konzentration<\/li>\n<li><strong>Negative Aspekte:<\/strong> Trockener Mund, trockene Augen<\/li>\n<\/ul>\n<h3 class=\"wp-block-heading\">Aroma<\/h3>\n<p>Cherry Gorilla verstr\u00f6mt ein erdiges Aromaprofil, das durch Noten von Beeren und Diesel erg\u00e4nzt wird.<\/p>\n<h3 class=\"wp-block-heading\">Geschmack<\/h3>\n<p>Der Geschmack dieses Stammes folgt seinem Aroma und bietet eine Mischung aus Beeren, Diesel und Erde.<\/p>\n<h2 class=\"wp-block-heading\">Medizinische Wirkungen von Cherry Gorilla<\/h2>\n<p>Medizinische Patienten w\u00e4hlen Cherry Gorilla Weed, um die Symptome zu lindern, die mit :<\/p>\n<ul class=\"wp-block-list\">\n<li>Depression<\/li>\n<li>Stress<\/li>\n<li>Schmerz<\/li>\n<\/ul>\n<h3 class=\"wp-block-heading\">Kann Linderung verschaffen<\/h3>\n<ul class=\"wp-block-list\">\n<li>Depressionen (17% der Nutzer)<\/li>\n<li>Schmerzen (17% der Nutzer)<\/li>\n<li>Angst (17% der Nutzer)<\/li>\n<\/ul>\n<h2 class=\"wp-block-heading\">Warum sollte man die Sorte Cherry Gorilla Strain bei Acheterducannabis kaufen?<\/h2>\n<p><a href=\"https:\/\/beuhparadis.com\/de\">Beuhparadies<\/a> w\u00e4hlt rigoros hochwertige St\u00e4mme wie Cherry Gorilla aus und garantiert erfahrenen Konsumenten den Zugang zu Produkten mit hohem THC-Gehalt und tiefgreifender beruhigender Wirkung.<\/p>\n<h2 class=\"wp-block-heading\">Rechtsvorschriften f\u00fcr den Verkauf von Cherry Gorilla in Europa<\/h2>\n<p>Der Verkauf von Cherry Gorilla unterliegt wie alle Cannabis-St\u00e4mme der europ\u00e4ischen Gesetzgebung, die den THC-Gehalt reguliert. Da der THC-Gehalt in vielen europ\u00e4ischen L\u00e4ndern nicht \u00fcber dem gesetzlichen Grenzwert liegt, bleibt diese Sorte f\u00fcr diejenigen zug\u00e4nglich, die ihre spezifischen therapeutischen und freizeitbezogenen Wirkungen suchen.<\/p>\n<p><a href=\"https:\/\/www.leafly.com\/strains\/cheetah-piss\" data-type=\"link\" data-id=\"https:\/\/www.leafly.com\/strains\/cheetah-piss\">Cherry Gorilla<\/a> weed ist eine unverzichtbare Option f\u00fcr Cannabisliebhaber, die eine beruhigende Erfahrung suchen, die durch eine sofortige Euphorie und einen anschlie\u00dfenden Zustand der Schl\u00e4frigkeit gekennzeichnet ist. Diese Sorte ist ideal f\u00fcr erfahrene Konsumenten und ein perfektes Beispiel f\u00fcr die Expertise ihrer Sch\u00f6pfer, In House Genetics, im Bereich der genetischen Kreuzung.<\/p>","protected":false},"excerpt":{"rendered":"<p><strong>THC :<\/strong> 17 % - 18 <strong>Auswirkungen<\/strong> Hoher K\u00f6rper, gl\u00fccklich, entspannend, erbaulich <strong>Kann Linderung verschaffen<\/strong> Chronische Schmerzen, Depressionen, M\u00fcdigkeit, Schlaflosigkeit, \u00dcbelkeit, Stress<\/p>","protected":false},"featured_media":1178,"comment_status":"closed","ping_status":"closed","template":"","meta":{"site-sidebar-layout":"default","site-content-layout":"","ast-site-content-layout":"default","site-content-style":"default","site-sidebar-style":"default","ast-global-header-display":"","ast-banner-title-visibility":"","ast-main-header-display":"","ast-hfb-above-header-display":"","ast-hfb-below-header-display":"","ast-hfb-mobile-header-display":"","site-post-title":"","ast-breadcrumbs-content":"","ast-featured-img":"","footer-sml-layout":"","theme-transparent-header-meta":"default","adv-header-id-meta":"","stick-header-meta":"","header-above-stick-meta":"","header-main-stick-meta":"","header-below-stick-meta":"","astra-migrate-meta-layouts":"set","ast-page-background-enabled":"default","ast-page-background-meta":{"desktop":{"background-color":"","background-image":"","background-repeat":"repeat","background-position":"center center","background-size":"auto","background-attachment":"scroll","background-type":"","background-media":"","overlay-type":"","overlay-color":"","overlay-opacity":"","overlay-gradient":""},"tablet":{"background-color":"","background-image":"","background-repeat":"repeat","background-position":"center center","background-size":"auto","background-attachment":"scroll","background-type":"","background-media":"","overlay-type":"","overlay-color":"","overlay-opacity":"","overlay-gradient":""},"mobile":{"background-color":"","background-image":"","background-repeat":"repeat","background-position":"center center","background-size":"auto","background-attachment":"scroll","background-type":"","background-media":"","overlay-type":"","overlay-color":"","overlay-opacity":"","overlay-gradient":""}},"ast-content-background-meta":{"desktop":{"background-color":"var(--ast-global-color-5)","background-image":"","background-repeat":"repeat","background-position":"center center","background-size":"auto","background-attachment":"scroll","background-type":"","background-media":"","overlay-type":"","overlay-color":"","overlay-opacity":"","overlay-gradient":""},"tablet":{"background-color":"var(--ast-global-color-5)","background-image":"","background-repeat":"repeat","background-position":"center center","background-size":"auto","background-attachment":"scroll","background-type":"","background-media":"","overlay-type":"","overlay-color":"","overlay-opacity":"","overlay-gradient":""},"mobile":{"background-color":"var(--ast-global-color-5)","background-image":"","background-repeat":"repeat","background-position":"center center","background-size":"auto","background-attachment":"scroll","background-type":"","background-media":"","overlay-type":"","overlay-color":"","overlay-opacity":"","overlay-gradient":""}},"_joinchat":[]},"product_brand":[],"product_cat":[32,33],"product_tag":[],"class_list":{"0":"post-1168","1":"product","2":"type-product","3":"status-publish","4":"has-post-thumbnail","6":"product_cat-fleur-de-chanvre","7":"product_cat-thc-beuh","8":"desktop-align-left","9":"tablet-align-left","10":"mobile-align-left","12":"first","13":"instock","14":"shipping-taxable","15":"purchasable","16":"product-type-variable"},"yoast_head":"<!-- This site is optimized with the Yoast SEO Premium plugin v24.1 (Yoast SEO v26.8) - https:\/\/yoast.com\/product\/yoast-seo-premium-wordpress\/ -->\n<title>Acheter Cherry Gorilla Weed \u2013 Cannabis Puissant et Savoureux<\/title>\n<meta name=\"description\" content=\"Acheter Cherry Gorilla Weed, une vari\u00e9t\u00e9 de cannabis premium offrant un m\u00e9lange unique de saveurs sucr\u00e9es et terreuses. Livraison rapide et discr\u00e8te\" \/>\n<meta name=\"robots\" content=\"index, follow, max-snippet:-1, max-image-preview:large, max-video-preview:-1\" \/>\n<link rel=\"canonical\" href=\"https:\/\/beuhparadis.com\/de\/product\/cherry-gorilla\/\" \/>\n<meta property=\"og:locale\" content=\"de_DE\" \/>\n<meta property=\"og:type\" content=\"article\" \/>\n<meta property=\"og:title\" content=\"Cherry Gorilla\" \/>\n<meta property=\"og:description\" content=\"Acheter Cherry Gorilla Weed, une vari\u00e9t\u00e9 de cannabis premium offrant un m\u00e9lange unique de saveurs sucr\u00e9es et terreuses. Livraison rapide et discr\u00e8te\" \/>\n<meta property=\"og:url\" content=\"https:\/\/beuhparadis.com\/de\/product\/cherry-gorilla\/\" \/>\n<meta property=\"og:site_name\" content=\"Beuh Paradis\" \/>\n<meta property=\"article:modified_time\" content=\"2025-01-26T16:08:28+00:00\" \/>\n<meta property=\"og:image\" content=\"https:\/\/beuhparadis.com\/wp-content\/uploads\/2024\/12\/Cherry-Gorilla.webp\" \/>\n\t<meta property=\"og:image:width\" content=\"500\" \/>\n\t<meta property=\"og:image:height\" content=\"500\" \/>\n\t<meta property=\"og:image:type\" content=\"image\/webp\" \/>\n<meta name=\"twitter:card\" content=\"summary_large_image\" \/>\n<meta name=\"twitter:label1\" content=\"Gesch\u00e4tzte Lesezeit\" \/>\n\t<meta name=\"twitter:data1\" content=\"2 minutes\" \/>\n<script type=\"application\/ld+json\" class=\"yoast-schema-graph\">{\"@context\":\"https:\/\/schema.org\",\"@graph\":[{\"@type\":\"WebPage\",\"@id\":\"https:\/\/beuhparadis.com\/product\/cherry-gorilla\/\",\"url\":\"https:\/\/beuhparadis.com\/product\/cherry-gorilla\/\",\"name\":\"Acheter Cherry Gorilla Weed \u2013 Cannabis Puissant et Savoureux\",\"isPartOf\":{\"@id\":\"https:\/\/beuhparadis.com\/#website\"},\"primaryImageOfPage\":{\"@id\":\"https:\/\/beuhparadis.com\/product\/cherry-gorilla\/#primaryimage\"},\"image\":{\"@id\":\"https:\/\/beuhparadis.com\/product\/cherry-gorilla\/#primaryimage\"},\"thumbnailUrl\":\"https:\/\/beuhparadis.com\/wp-content\/uploads\/2024\/12\/Cherry-Gorilla.webp\",\"datePublished\":\"2024-12-10T23:38:32+00:00\",\"dateModified\":\"2025-01-26T16:08:28+00:00\",\"description\":\"Acheter Cherry Gorilla Weed, une vari\u00e9t\u00e9 de cannabis premium offrant un m\u00e9lange unique de saveurs sucr\u00e9es et terreuses. Livraison rapide et discr\u00e8te\",\"breadcrumb\":{\"@id\":\"https:\/\/beuhparadis.com\/product\/cherry-gorilla\/#breadcrumb\"},\"inLanguage\":\"de-DE-formal\",\"potentialAction\":[{\"@type\":\"ReadAction\",\"target\":[\"https:\/\/beuhparadis.com\/product\/cherry-gorilla\/\"]}]},{\"@type\":\"ImageObject\",\"inLanguage\":\"de-DE-formal\",\"@id\":\"https:\/\/beuhparadis.com\/product\/cherry-gorilla\/#primaryimage\",\"url\":\"https:\/\/beuhparadis.com\/wp-content\/uploads\/2024\/12\/Cherry-Gorilla.webp\",\"contentUrl\":\"https:\/\/beuhparadis.com\/wp-content\/uploads\/2024\/12\/Cherry-Gorilla.webp\",\"width\":500,\"height\":500},{\"@type\":\"BreadcrumbList\",\"@id\":\"https:\/\/beuhparadis.com\/product\/cherry-gorilla\/#breadcrumb\",\"itemListElement\":[{\"@type\":\"ListItem\",\"position\":1,\"name\":\"Home\",\"item\":\"https:\/\/beuhparadis.com\/\"},{\"@type\":\"ListItem\",\"position\":2,\"name\":\"Shop\",\"item\":\"https:\/\/beuhparadis.com\/shop\/\"},{\"@type\":\"ListItem\",\"position\":3,\"name\":\"Cherry Gorilla\"}]},{\"@type\":\"WebSite\",\"@id\":\"https:\/\/beuhparadis.com\/#website\",\"url\":\"https:\/\/beuhparadis.com\/\",\"name\":\"Beuh Paradis\",\"description\":\"\",\"potentialAction\":[{\"@type\":\"SearchAction\",\"target\":{\"@type\":\"EntryPoint\",\"urlTemplate\":\"https:\/\/beuhparadis.com\/?s={search_term_string}\"},\"query-input\":{\"@type\":\"PropertyValueSpecification\",\"valueRequired\":true,\"valueName\":\"search_term_string\"}}],\"inLanguage\":\"de-DE-formal\"}]}<\/script>\n<!-- \/ Yoast SEO Premium plugin. -->","yoast_head_json":{"title":"Cherry Gorilla Weed kaufen - Starkes und Schmackhaftes Cannabis","description":"Cherry Gorilla Weed kaufen, eine Premium-Cannabissorte, die eine einzigartige Mischung aus s\u00fc\u00dfen und erdigen Aromen bietet. Schnelle und diskrete Lieferung","robots":{"index":"index","follow":"follow","max-snippet":"max-snippet:-1","max-image-preview":"max-image-preview:large","max-video-preview":"max-video-preview:-1"},"canonical":"https:\/\/beuhparadis.com\/de\/product\/cherry-gorilla\/","og_locale":"de_DE","og_type":"article","og_title":"Cherry Gorilla","og_description":"Acheter Cherry Gorilla Weed, une vari\u00e9t\u00e9 de cannabis premium offrant un m\u00e9lange unique de saveurs sucr\u00e9es et terreuses. Livraison rapide et discr\u00e8te","og_url":"https:\/\/beuhparadis.com\/de\/product\/cherry-gorilla\/","og_site_name":"Beuh Paradis","article_modified_time":"2025-01-26T16:08:28+00:00","og_image":[{"width":500,"height":500,"url":"https:\/\/beuhparadis.com\/wp-content\/uploads\/2024\/12\/Cherry-Gorilla.webp","type":"image\/webp"}],"twitter_card":"summary_large_image","twitter_misc":{"Gesch\u00e4tzte Lesezeit":"2 minutes"},"schema":{"@context":"https:\/\/schema.org","@graph":[{"@type":"WebPage","@id":"https:\/\/beuhparadis.com\/product\/cherry-gorilla\/","url":"https:\/\/beuhparadis.com\/product\/cherry-gorilla\/","name":"Cherry Gorilla Weed kaufen - Starkes und Schmackhaftes Cannabis","isPartOf":{"@id":"https:\/\/beuhparadis.com\/#website"},"primaryImageOfPage":{"@id":"https:\/\/beuhparadis.com\/product\/cherry-gorilla\/#primaryimage"},"image":{"@id":"https:\/\/beuhparadis.com\/product\/cherry-gorilla\/#primaryimage"},"thumbnailUrl":"https:\/\/beuhparadis.com\/wp-content\/uploads\/2024\/12\/Cherry-Gorilla.webp","datePublished":"2024-12-10T23:38:32+00:00","dateModified":"2025-01-26T16:08:28+00:00","description":"Cherry Gorilla Weed kaufen, eine Premium-Cannabissorte, die eine einzigartige Mischung aus s\u00fc\u00dfen und erdigen Aromen bietet. Schnelle und diskrete Lieferung","breadcrumb":{"@id":"https:\/\/beuhparadis.com\/product\/cherry-gorilla\/#breadcrumb"},"inLanguage":"de-DE-formal","potentialAction":[{"@type":"ReadAction","target":["https:\/\/beuhparadis.com\/product\/cherry-gorilla\/"]}]},{"@type":"ImageObject","inLanguage":"de-DE-formal","@id":"https:\/\/beuhparadis.com\/product\/cherry-gorilla\/#primaryimage","url":"https:\/\/beuhparadis.com\/wp-content\/uploads\/2024\/12\/Cherry-Gorilla.webp","contentUrl":"https:\/\/beuhparadis.com\/wp-content\/uploads\/2024\/12\/Cherry-Gorilla.webp","width":500,"height":500},{"@type":"BreadcrumbList","@id":"https:\/\/beuhparadis.com\/product\/cherry-gorilla\/#breadcrumb","itemListElement":[{"@type":"ListItem","position":1,"name":"Home","item":"https:\/\/beuhparadis.com\/"},{"@type":"ListItem","position":2,"name":"Shop","item":"https:\/\/beuhparadis.com\/shop\/"},{"@type":"ListItem","position":3,"name":"Cherry Gorilla"}]},{"@type":"WebSite","@id":"https:\/\/beuhparadis.com\/#website","url":"https:\/\/beuhparadis.com\/","name":"Gras Paradies","description":"","potentialAction":[{"@type":"SearchAction","target":{"@type":"EntryPoint","urlTemplate":"https:\/\/beuhparadis.com\/?s={search_term_string}"},"query-input":{"@type":"PropertyValueSpecification","valueRequired":true,"valueName":"search_term_string"}}],"inLanguage":"de-DE-formal"}]}},"_links":{"self":[{"href":"https:\/\/beuhparadis.com\/de\/wp-json\/wp\/v2\/product\/1168","targetHints":{"allow":["GET"]}}],"collection":[{"href":"https:\/\/beuhparadis.com\/de\/wp-json\/wp\/v2\/product"}],"about":[{"href":"https:\/\/beuhparadis.com\/de\/wp-json\/wp\/v2\/types\/product"}],"replies":[{"embeddable":true,"href":"https:\/\/beuhparadis.com\/de\/wp-json\/wp\/v2\/comments?post=1168"}],"wp:featuredmedia":[{"embeddable":true,"href":"https:\/\/beuhparadis.com\/de\/wp-json\/wp\/v2\/media\/1178"}],"wp:attachment":[{"href":"https:\/\/beuhparadis.com\/de\/wp-json\/wp\/v2\/media?parent=1168"}],"wp:term":[{"taxonomy":"product_brand","embeddable":true,"href":"https:\/\/beuhparadis.com\/de\/wp-json\/wp\/v2\/product_brand?post=1168"},{"taxonomy":"product_cat","embeddable":true,"href":"https:\/\/beuhparadis.com\/de\/wp-json\/wp\/v2\/product_cat?post=1168"},{"taxonomy":"product_tag","embeddable":true,"href":"https:\/\/beuhparadis.com\/de\/wp-json\/wp\/v2\/product_tag?post=1168"}],"curies":[{"name":"wp","href":"https:\/\/api.w.org\/{rel}","templated":true}]}}