{"id":1148,"date":"2024-12-10T23:38:31","date_gmt":"2024-12-10T23:38:31","guid":{"rendered":"https:\/\/beuhparadis.com\/?post_type=product&#038;p=1148"},"modified":"2025-01-25T23:12:07","modified_gmt":"2025-01-25T23:12:07","slug":"cookies-and-cream","status":"publish","type":"product","link":"https:\/\/beuhparadis.com\/de\/product\/cookies-and-cream\/","title":{"rendered":"Cookies and Cream"},"content":{"rendered":"<h1 class=\"wp-block-heading\">Cookie and Cream Weed kaufen: Eine s\u00fc\u00dfe K\u00f6stlichkeit f\u00fcr Kenner<\/h1>\n<p>Die Sorte Cookie and Cream Weed ist ein Muss f\u00fcr Cannabisliebhaber, die auf der Suche nach s\u00fc\u00dfen Aromen und Potenz sind. Dieser perfekt ausgewogene Hybrid zeichnet sich durch ein au\u00dfergew\u00f6hnliches Aroma- und Geschmacksprofil sowie durch eine ausgewogene Wirkung aus, die sowohl Freizeit- als auch medizinische Nutzer begeistern wird. Lassen Sie uns einen Blick auf die Eigenschaften der Cookie and Cream Weed Strain werfen, ihre Wirkung, ihre Vorteile und wo sie erh\u00e4ltlich ist.<\/p>\n<h2 class=\"wp-block-heading\">Informationen \u00fcber den Cookie and Cream Weed-Stamm<\/h2>\n<ul class=\"wp-block-list\">\n<li><strong>Genetischer Ursprung:<\/strong> Dieser Stamm entstand aus der Kreuzung von Girl Scout Cookies und Starfighter und ist eine Kreation von Exotic Genetix.<\/li>\n<li><strong>Belohnungen:<\/strong> Die Cookie and Cream Weed Strain hat zahlreiche Preise gewonnen, was ein Beweis f\u00fcr ihre Qualit\u00e4t und Beliebtheit ist.<\/li>\n<\/ul>\n<h2 class=\"wp-block-heading\">THC und CBD von Cookie and Cream Weed<\/h2>\n<ul class=\"wp-block-list\">\n<li><strong>THC:<\/strong> Mit einem Inhalt von 20% bis 25% bietet Cookies and Cream Weed eine starke und befriedigende Erfahrung.<\/li>\n<li><strong>CBD:<\/strong> Der fast nicht vorhandene Gehalt an CBD hebt die psychoaktiven Wirkungen dieser Sorte hervor.<\/li>\n<\/ul>\n<h2 class=\"wp-block-heading\">Wo kann ich Cookie and Cream Weed online kaufen?<\/h2>\n<p>Sie k\u00f6nnen Cookie and Cream Weed online auf spezialisierten Websites erwerben, wie z. B. <a href=\"https:\/\/acheterducannabis.fr\/\" data-type=\"link\" data-id=\"https:\/\/acheterducannabis.fr\/\">Kaufenducannabis<\/a>In den meisten F\u00e4llen ist die Qualit\u00e4t und die Einhaltung der gesetzlichen Bestimmungen gew\u00e4hrleistet.<\/p>\n<h2 class=\"wp-block-heading\">Wirkungen, Aromen und Geschmack der Cookies and Cream Weed Strain<\/h2>\n<h3 class=\"wp-block-heading\">Wirkung<\/h3>\n<ul class=\"wp-block-list\">\n<li>Cookie and Cream Weed Strain ist bekannt f\u00fcr seinen anf\u00e4nglichen euphorischen Effekt, der sich zu einer tiefen k\u00f6rperlichen Entspannung entwickelt und ideal f\u00fcr den Gebrauch am Ende des Tages ist.<\/li>\n<\/ul>\n<h3 class=\"wp-block-heading\">Aroma<\/h3>\n<ul class=\"wp-block-list\">\n<li>Die Cookies and Cream Weed Strain besticht durch ihr zitronig-w\u00fcrziges Aroma, das aus einer komplexen Mischung von Terpenen resultiert.<\/li>\n<\/ul>\n<h3 class=\"wp-block-heading\">Geschmack<\/h3>\n<ul class=\"wp-block-list\">\n<li>Der Geschmack von Cookies and Cream Weed Strain bleibt seinem Namen treu und bietet eine cremige S\u00fc\u00dfe mit einem Hauch von Vanille und erdigen Aromen.<\/li>\n<\/ul>\n<h2 class=\"wp-block-heading\">Medizinische Auswirkungen von Cookies and Cream Weed<\/h2>\n<p>Cookies and Cream Weed Strain ist wegen seiner vielen medizinischen Vorteile begehrt, darunter :<\/p>\n<ul class=\"wp-block-list\">\n<li>Abbau von Stress und \u00c4ngsten<\/li>\n<li>Linderung von Schmerzen<\/li>\n<li>Anregung des Appetits<\/li>\n<li>Verbesserung der Schlafqualit\u00e4t<\/li>\n<\/ul>\n<h3 class=\"wp-block-heading\">Kann Linderung verschaffen<\/h3>\n<ul class=\"wp-block-list\">\n<li>Symptome einer Depression<\/li>\n<li>Chronischer Stress<\/li>\n<\/ul>\n<h2 class=\"wp-block-heading\">Warum sollte ich Cookie and Cream Weed bei Acheterducannabis kaufen?<\/h2>\n<p>Die Wahl von Acheterducannabis f\u00fcr Ihren Kauf von Cookies and Cream Weed garantiert einen Stamm von h\u00f6chster Qualit\u00e4t, der fachm\u00e4nnisch und legal gez\u00fcchtet wird, mit einem einwandfreien Kundenservice.<\/p>\n<h2 class=\"wp-block-heading\">Gesetzgebung zum Verkauf von Weed Cookies and Cream in Europa<\/h2>\n<p>Der Verkauf von Cookies and Cream Weed Strain unterliegt, wie jedes andere Cannabisprodukt auch, den spezifischen Gesetzen jedes europ\u00e4ischen Landes. Acheterducannabis verpflichtet sich, diese Gesetze einzuhalten und gew\u00e4hrleistet so ein sicheres und legales Einkaufserlebnis.<\/p>\n<p>Die <a href=\"https:\/\/www.cannaconnection.com\/strains\/cookies-and-cream#:~:text=Q%3A%20What%20is%20Cookies%20and,of%20euphoric%20and%20relaxing%20effects.\" data-type=\"link\" data-id=\"https:\/\/www.cannaconnection.com\/strains\/cookies-and-cream#:~:text=Q%3A%20What%20is%20Cookies%20and,of%20euphoric%20and%20relaxing%20effects.\">Cookie and Cream Weed<\/a> Strain ist die perfekte Sorte f\u00fcr alle, die exquisiten Geschmack mit positiven Effekten kombinieren wollen, sei es f\u00fcr den Freizeitgebrauch oder f\u00fcr medizinische Zwecke. Erh\u00e4ltlich bei Acheterducannabis, verspricht diese Sorte eine Erfahrung von h\u00f6chster Qualit\u00e4t.<\/p>","protected":false},"excerpt":{"rendered":"<p><strong>THC :<\/strong> 26\u00a0% <strong>Auswirkungen<\/strong> Kreativ, Euphorie, Gl\u00fccklich, Entspannend, Erstaunlich <strong>Kann Linderung verschaffen<\/strong> ADS\/ADHS, chronische Schmerzen, Depression, Fibromyalgie, Magen-Darm-Beschwerden, Schlaflosigkeit, Appetitlosigkeit, Muskelkr\u00e4mpfe, \u00dcbelkeit, PTSD, Stress<\/p>","protected":false},"featured_media":1174,"comment_status":"closed","ping_status":"closed","template":"","meta":{"site-sidebar-layout":"default","site-content-layout":"","ast-site-content-layout":"default","site-content-style":"default","site-sidebar-style":"default","ast-global-header-display":"","ast-banner-title-visibility":"","ast-main-header-display":"","ast-hfb-above-header-display":"","ast-hfb-below-header-display":"","ast-hfb-mobile-header-display":"","site-post-title":"","ast-breadcrumbs-content":"","ast-featured-img":"","footer-sml-layout":"","theme-transparent-header-meta":"default","adv-header-id-meta":"","stick-header-meta":"","header-above-stick-meta":"","header-main-stick-meta":"","header-below-stick-meta":"","astra-migrate-meta-layouts":"set","ast-page-background-enabled":"default","ast-page-background-meta":{"desktop":{"background-color":"","background-image":"","background-repeat":"repeat","background-position":"center center","background-size":"auto","background-attachment":"scroll","background-type":"","background-media":"","overlay-type":"","overlay-color":"","overlay-opacity":"","overlay-gradient":""},"tablet":{"background-color":"","background-image":"","background-repeat":"repeat","background-position":"center center","background-size":"auto","background-attachment":"scroll","background-type":"","background-media":"","overlay-type":"","overlay-color":"","overlay-opacity":"","overlay-gradient":""},"mobile":{"background-color":"","background-image":"","background-repeat":"repeat","background-position":"center center","background-size":"auto","background-attachment":"scroll","background-type":"","background-media":"","overlay-type":"","overlay-color":"","overlay-opacity":"","overlay-gradient":""}},"ast-content-background-meta":{"desktop":{"background-color":"var(--ast-global-color-5)","background-image":"","background-repeat":"repeat","background-position":"center center","background-size":"auto","background-attachment":"scroll","background-type":"","background-media":"","overlay-type":"","overlay-color":"","overlay-opacity":"","overlay-gradient":""},"tablet":{"background-color":"var(--ast-global-color-5)","background-image":"","background-repeat":"repeat","background-position":"center center","background-size":"auto","background-attachment":"scroll","background-type":"","background-media":"","overlay-type":"","overlay-color":"","overlay-opacity":"","overlay-gradient":""},"mobile":{"background-color":"var(--ast-global-color-5)","background-image":"","background-repeat":"repeat","background-position":"center center","background-size":"auto","background-attachment":"scroll","background-type":"","background-media":"","overlay-type":"","overlay-color":"","overlay-opacity":"","overlay-gradient":""}},"_joinchat":[]},"product_brand":[],"product_cat":[32,33],"product_tag":[],"class_list":{"0":"post-1148","1":"product","2":"type-product","3":"status-publish","4":"has-post-thumbnail","6":"product_cat-fleur-de-chanvre","7":"product_cat-thc-beuh","8":"desktop-align-left","9":"tablet-align-left","10":"mobile-align-left","12":"first","13":"instock","14":"shipping-taxable","15":"purchasable","16":"product-type-variable"},"yoast_head":"<!-- This site is optimized with the Yoast SEO Premium plugin v24.1 (Yoast SEO v26.8) - https:\/\/yoast.com\/product\/yoast-seo-premium-wordpress\/ -->\n<title>Cookies and Cream \u2013 Vari\u00e9t\u00e9 de Cannabis Premium \u00e0 Acheter<\/title>\n<meta name=\"description\" content=\"R\u00e9couvrez la vari\u00e9t\u00e9 Cookies and Cream, c\u00e9l\u00e8bre pour son go\u00fbt doux et cr\u00e9meux. Achetez du cannabis premium en ligne avec livraison rapide et discr\u00e8te\" \/>\n<meta name=\"robots\" content=\"index, follow, max-snippet:-1, max-image-preview:large, max-video-preview:-1\" \/>\n<link rel=\"canonical\" href=\"https:\/\/beuhparadis.com\/de\/product\/cookies-and-cream\/\" \/>\n<meta property=\"og:locale\" content=\"de_DE\" \/>\n<meta property=\"og:type\" content=\"article\" \/>\n<meta property=\"og:title\" content=\"Cookies and Cream\" \/>\n<meta property=\"og:description\" content=\"R\u00e9couvrez la vari\u00e9t\u00e9 Cookies and Cream, c\u00e9l\u00e8bre pour son go\u00fbt doux et cr\u00e9meux. Achetez du cannabis premium en ligne avec livraison rapide et discr\u00e8te\" \/>\n<meta property=\"og:url\" content=\"https:\/\/beuhparadis.com\/de\/product\/cookies-and-cream\/\" \/>\n<meta property=\"og:site_name\" content=\"Beuh Paradis\" \/>\n<meta property=\"article:modified_time\" content=\"2025-01-25T23:12:07+00:00\" \/>\n<meta property=\"og:image\" content=\"https:\/\/beuhparadis.com\/wp-content\/uploads\/2024\/12\/Cookies-and-Cream.webp\" \/>\n\t<meta property=\"og:image:width\" content=\"1620\" \/>\n\t<meta property=\"og:image:height\" content=\"1080\" \/>\n\t<meta property=\"og:image:type\" content=\"image\/webp\" \/>\n<meta name=\"twitter:card\" content=\"summary_large_image\" \/>\n<meta name=\"twitter:label1\" content=\"Gesch\u00e4tzte Lesezeit\" \/>\n\t<meta name=\"twitter:data1\" content=\"3 minutes\" \/>\n<script type=\"application\/ld+json\" class=\"yoast-schema-graph\">{\"@context\":\"https:\/\/schema.org\",\"@graph\":[{\"@type\":\"WebPage\",\"@id\":\"https:\/\/beuhparadis.com\/product\/cookies-and-cream\/\",\"url\":\"https:\/\/beuhparadis.com\/product\/cookies-and-cream\/\",\"name\":\"Cookies and Cream \u2013 Vari\u00e9t\u00e9 de Cannabis Premium \u00e0 Acheter\",\"isPartOf\":{\"@id\":\"https:\/\/beuhparadis.com\/#website\"},\"primaryImageOfPage\":{\"@id\":\"https:\/\/beuhparadis.com\/product\/cookies-and-cream\/#primaryimage\"},\"image\":{\"@id\":\"https:\/\/beuhparadis.com\/product\/cookies-and-cream\/#primaryimage\"},\"thumbnailUrl\":\"https:\/\/beuhparadis.com\/wp-content\/uploads\/2024\/12\/Cookies-and-Cream.webp\",\"datePublished\":\"2024-12-10T23:38:31+00:00\",\"dateModified\":\"2025-01-25T23:12:07+00:00\",\"description\":\"R\u00e9couvrez la vari\u00e9t\u00e9 Cookies and Cream, c\u00e9l\u00e8bre pour son go\u00fbt doux et cr\u00e9meux. Achetez du cannabis premium en ligne avec livraison rapide et discr\u00e8te\",\"breadcrumb\":{\"@id\":\"https:\/\/beuhparadis.com\/product\/cookies-and-cream\/#breadcrumb\"},\"inLanguage\":\"de-DE-formal\",\"potentialAction\":[{\"@type\":\"ReadAction\",\"target\":[\"https:\/\/beuhparadis.com\/product\/cookies-and-cream\/\"]}]},{\"@type\":\"ImageObject\",\"inLanguage\":\"de-DE-formal\",\"@id\":\"https:\/\/beuhparadis.com\/product\/cookies-and-cream\/#primaryimage\",\"url\":\"https:\/\/beuhparadis.com\/wp-content\/uploads\/2024\/12\/Cookies-and-Cream.webp\",\"contentUrl\":\"https:\/\/beuhparadis.com\/wp-content\/uploads\/2024\/12\/Cookies-and-Cream.webp\",\"width\":1620,\"height\":1080},{\"@type\":\"BreadcrumbList\",\"@id\":\"https:\/\/beuhparadis.com\/product\/cookies-and-cream\/#breadcrumb\",\"itemListElement\":[{\"@type\":\"ListItem\",\"position\":1,\"name\":\"Home\",\"item\":\"https:\/\/beuhparadis.com\/\"},{\"@type\":\"ListItem\",\"position\":2,\"name\":\"Shop\",\"item\":\"https:\/\/beuhparadis.com\/shop\/\"},{\"@type\":\"ListItem\",\"position\":3,\"name\":\"Cookies and Cream\"}]},{\"@type\":\"WebSite\",\"@id\":\"https:\/\/beuhparadis.com\/#website\",\"url\":\"https:\/\/beuhparadis.com\/\",\"name\":\"Beuh Paradis\",\"description\":\"\",\"potentialAction\":[{\"@type\":\"SearchAction\",\"target\":{\"@type\":\"EntryPoint\",\"urlTemplate\":\"https:\/\/beuhparadis.com\/?s={search_term_string}\"},\"query-input\":{\"@type\":\"PropertyValueSpecification\",\"valueRequired\":true,\"valueName\":\"search_term_string\"}}],\"inLanguage\":\"de-DE-formal\"}]}<\/script>\n<!-- \/ Yoast SEO Premium plugin. -->","yoast_head_json":{"title":"Cookies and Cream - Premium Cannabis-Sorte zum Kaufen","description":"Entdecken Sie die Sorte Cookies and Cream wieder, die f\u00fcr ihren s\u00fc\u00dfen und cremigen Geschmack ber\u00fchmt ist. Kaufen Sie Premium-Cannabis online mit schneller und diskreter Lieferung.","robots":{"index":"index","follow":"follow","max-snippet":"max-snippet:-1","max-image-preview":"max-image-preview:large","max-video-preview":"max-video-preview:-1"},"canonical":"https:\/\/beuhparadis.com\/de\/product\/cookies-and-cream\/","og_locale":"de_DE","og_type":"article","og_title":"Cookies and Cream","og_description":"R\u00e9couvrez la vari\u00e9t\u00e9 Cookies and Cream, c\u00e9l\u00e8bre pour son go\u00fbt doux et cr\u00e9meux. Achetez du cannabis premium en ligne avec livraison rapide et discr\u00e8te","og_url":"https:\/\/beuhparadis.com\/de\/product\/cookies-and-cream\/","og_site_name":"Beuh Paradis","article_modified_time":"2025-01-25T23:12:07+00:00","og_image":[{"width":1620,"height":1080,"url":"https:\/\/beuhparadis.com\/wp-content\/uploads\/2024\/12\/Cookies-and-Cream.webp","type":"image\/webp"}],"twitter_card":"summary_large_image","twitter_misc":{"Gesch\u00e4tzte Lesezeit":"3 minutes"},"schema":{"@context":"https:\/\/schema.org","@graph":[{"@type":"WebPage","@id":"https:\/\/beuhparadis.com\/product\/cookies-and-cream\/","url":"https:\/\/beuhparadis.com\/product\/cookies-and-cream\/","name":"Cookies and Cream - Premium Cannabis-Sorte zum Kaufen","isPartOf":{"@id":"https:\/\/beuhparadis.com\/#website"},"primaryImageOfPage":{"@id":"https:\/\/beuhparadis.com\/product\/cookies-and-cream\/#primaryimage"},"image":{"@id":"https:\/\/beuhparadis.com\/product\/cookies-and-cream\/#primaryimage"},"thumbnailUrl":"https:\/\/beuhparadis.com\/wp-content\/uploads\/2024\/12\/Cookies-and-Cream.webp","datePublished":"2024-12-10T23:38:31+00:00","dateModified":"2025-01-25T23:12:07+00:00","description":"Entdecken Sie die Sorte Cookies and Cream wieder, die f\u00fcr ihren s\u00fc\u00dfen und cremigen Geschmack ber\u00fchmt ist. Kaufen Sie Premium-Cannabis online mit schneller und diskreter Lieferung.","breadcrumb":{"@id":"https:\/\/beuhparadis.com\/product\/cookies-and-cream\/#breadcrumb"},"inLanguage":"de-DE-formal","potentialAction":[{"@type":"ReadAction","target":["https:\/\/beuhparadis.com\/product\/cookies-and-cream\/"]}]},{"@type":"ImageObject","inLanguage":"de-DE-formal","@id":"https:\/\/beuhparadis.com\/product\/cookies-and-cream\/#primaryimage","url":"https:\/\/beuhparadis.com\/wp-content\/uploads\/2024\/12\/Cookies-and-Cream.webp","contentUrl":"https:\/\/beuhparadis.com\/wp-content\/uploads\/2024\/12\/Cookies-and-Cream.webp","width":1620,"height":1080},{"@type":"BreadcrumbList","@id":"https:\/\/beuhparadis.com\/product\/cookies-and-cream\/#breadcrumb","itemListElement":[{"@type":"ListItem","position":1,"name":"Home","item":"https:\/\/beuhparadis.com\/"},{"@type":"ListItem","position":2,"name":"Shop","item":"https:\/\/beuhparadis.com\/shop\/"},{"@type":"ListItem","position":3,"name":"Cookies and Cream"}]},{"@type":"WebSite","@id":"https:\/\/beuhparadis.com\/#website","url":"https:\/\/beuhparadis.com\/","name":"Gras Paradies","description":"","potentialAction":[{"@type":"SearchAction","target":{"@type":"EntryPoint","urlTemplate":"https:\/\/beuhparadis.com\/?s={search_term_string}"},"query-input":{"@type":"PropertyValueSpecification","valueRequired":true,"valueName":"search_term_string"}}],"inLanguage":"de-DE-formal"}]}},"_links":{"self":[{"href":"https:\/\/beuhparadis.com\/de\/wp-json\/wp\/v2\/product\/1148","targetHints":{"allow":["GET"]}}],"collection":[{"href":"https:\/\/beuhparadis.com\/de\/wp-json\/wp\/v2\/product"}],"about":[{"href":"https:\/\/beuhparadis.com\/de\/wp-json\/wp\/v2\/types\/product"}],"replies":[{"embeddable":true,"href":"https:\/\/beuhparadis.com\/de\/wp-json\/wp\/v2\/comments?post=1148"}],"wp:featuredmedia":[{"embeddable":true,"href":"https:\/\/beuhparadis.com\/de\/wp-json\/wp\/v2\/media\/1174"}],"wp:attachment":[{"href":"https:\/\/beuhparadis.com\/de\/wp-json\/wp\/v2\/media?parent=1148"}],"wp:term":[{"taxonomy":"product_brand","embeddable":true,"href":"https:\/\/beuhparadis.com\/de\/wp-json\/wp\/v2\/product_brand?post=1148"},{"taxonomy":"product_cat","embeddable":true,"href":"https:\/\/beuhparadis.com\/de\/wp-json\/wp\/v2\/product_cat?post=1148"},{"taxonomy":"product_tag","embeddable":true,"href":"https:\/\/beuhparadis.com\/de\/wp-json\/wp\/v2\/product_tag?post=1148"}],"curies":[{"name":"wp","href":"https:\/\/api.w.org\/{rel}","templated":true}]}}