{"id":2140,"date":"2024-12-10T23:51:22","date_gmt":"2024-12-10T23:51:22","guid":{"rendered":"https:\/\/beuhparadis.com\/?post_type=product&#038;p=2140"},"modified":"2025-01-28T08:22:14","modified_gmt":"2025-01-28T08:22:14","slug":"afghan-hash","status":"publish","type":"product","link":"https:\/\/beuhparadis.com\/da\/product\/afghan-hash\/","title":{"rendered":"Afghansk hash"},"content":{"rendered":"<h1 class=\"wp-block-heading\">K\u00f8b afghansk hash: Ren tradition og overlegen kvalitet<\/h1>\n<p>Buy Afghan Hash er et enest\u00e5ende produkt i cannabisverdenen, der er kendt for sin suver\u00e6ne kvalitet og kraftige effekter. Produceret ved hj\u00e6lp af traditionelle ekstraktionsteknikker p\u00e5 lovlige sativa-hampeblomster giver denne hash en unik oplevelse, som v\u00e6rds\u00e6ttes af kendere. Her er en omfattende guide til alt, hvad du har brug for at vide om afghansk hash, og hvorfor det er det foretrukne valg for autentiske cannabisentusiaster.<\/p>\n<h2 class=\"wp-block-heading\">Information om Afghan Hash<\/h2>\n<ul class=\"wp-block-list\">\n<li><strong>Oprindelse<\/strong> Udvinding af lovlige hamp sativa-blomster.<\/li>\n<li><strong>Farve<\/strong> Dybsort, bliver fedtet med varme.<\/li>\n<li><strong>Tekstur<\/strong> Bl\u00f8d at r\u00f8re ved.<\/li>\n<li><strong>Udvindingsteknik<\/strong> Vi bruger de mest avancerede metoder til at bevare hashens renhed.<\/li>\n<\/ul>\n<h2 class=\"wp-block-heading\">THC og CBD<\/h2>\n<ul class=\"wp-block-list\">\n<li><strong>THC<\/strong> Op til 72%, hvilket garanterer \u00f8jeblikke med intens afslapning.<\/li>\n<li><strong>CBD<\/strong> Mindre end 1% til et eksperiment, der fokuserer p\u00e5 virkningerne af THC uden intensiteten af CBD.<\/li>\n<\/ul>\n<h2 class=\"wp-block-heading\">Hvor kan jeg k\u00f8be afghansk hash online?<\/h2>\n<p>For et sikkert k\u00f8b af h\u00f8j kvalitet, <a href=\"https:\/\/beuhparadis.com\/da\/product\/runtz-weed\/\">beuhparadis<\/a> er din foretrukne destination. Ved at tilbyde et strengt udvalg af Hash Afghan garanterer vores platform et naturligt 100%-produkt, der overholder europ\u00e6iske standarder.<\/p>\n<h2 class=\"wp-block-heading\">Effekter, aroma og smag<\/h2>\n<h3 class=\"wp-block-heading\">Effekt<\/h3>\n<ul class=\"wp-block-list\">\n<li>Intens afslapning<\/li>\n<li>En dyb f\u00f8lelse af velv\u00e6re<\/li>\n<\/ul>\n<h3 class=\"wp-block-heading\">Aroma<\/h3>\n<ul class=\"wp-block-list\">\n<li>Intens aroma af ren hash uden tils\u00e6tningsstoffer, der frigives under p\u00e5virkning af varme.<\/li>\n<\/ul>\n<h3 class=\"wp-block-heading\">Smag<\/h3>\n<ul class=\"wp-block-list\">\n<li>Autentisk, fyldig smag, typisk for traditionel afghansk hash.<\/li>\n<\/ul>\n<h2 class=\"wp-block-heading\">Medicinske virkninger<\/h2>\n<h3 class=\"wp-block-heading\">Medicinske virkninger<\/h3>\n<ul class=\"wp-block-list\">\n<li>Dyb afslapning<\/li>\n<li>Beroligende<\/li>\n<\/ul>\n<h3 class=\"wp-block-heading\">Kan lindre<\/h3>\n<ul class=\"wp-block-list\">\n<li>Stress<\/li>\n<li>Angst<\/li>\n<li>S\u00f8vnl\u00f8shed<\/li>\n<\/ul>\n<h2 class=\"wp-block-heading\">Hvorfor k\u00f8be afghansk hash p\u00e5 Beuhparadis?<\/h2>\n<p>V\u00e6lg <a href=\"https:\/\/beuhparadis.com\/da\/product\/runtz-weed\/\">beuhparadis<\/a> til dit k\u00f8b af afghansk hash er at v\u00e6lge :<\/p>\n<ul class=\"wp-block-list\">\n<li><strong>Overlegen kvalitet<\/strong> Udvalg af de bedste sorter af lovlig hash.<\/li>\n<li><strong>Naturligt produkt<\/strong> Garanti for et 100% naturprodukt uden tils\u00e6tningsstoffer.<\/li>\n<li><strong>Juridisk overholdelse<\/strong> : Fuld overensstemmelse med g\u00e6ldende europ\u00e6iske standarder.<\/li>\n<\/ul>\n<h2 class=\"wp-block-heading\">Europ\u00e6isk lovgivning om salg af hash<\/h2>\n<p>K\u00f8b og salg af Hash Afghan er reguleret i Europa, hvilket sikrer, at kun produkter, der opfylder de fastsatte THC- og CBD-gr\u00e6nser, er tilg\u00e6ngelige p\u00e5 markedet. Hos Acheterducannabis.fr sikrer vi, at alle vores produkter overholder disse standarder, hvilket giver vores kunder sikkerhed og ro i sindet.<\/p>\n<p>Hash Afghan repr\u00e6senterer det ypperste inden for tradition og kvalitet i cannabisverdenen. For at f\u00e5 en autentisk oplevelse og garanterede \u00f8jeblikke af afslapning skal du v\u00e6lge kvalitet og sikkerhed ved at bestille din Hash Afghan fra <a href=\"https:\/\/beuhparadis.com\/da\/product\/trideri-weed\/\">beuhparadis<\/a>. Oplev vores udvalg og nyd den bedste kvalitet p\u00e5 markedet, leveret direkte til din d\u00f8r, i fuld overensstemmelse med europ\u00e6isk lovgivning.<\/p>","protected":false},"excerpt":{"rendered":"<p><strong>THC:<\/strong> 72%<\/p>\n<p><strong>Medicinske virkninger<\/strong><\/p>\n<ul class=\"wp-block-list\">\n<li>Dyb afslapning<\/li>\n<li>Beroligende<\/li>\n<\/ul>","protected":false},"featured_media":2150,"comment_status":"closed","ping_status":"closed","template":"","meta":{"site-sidebar-layout":"default","site-content-layout":"","ast-site-content-layout":"default","site-content-style":"default","site-sidebar-style":"default","ast-global-header-display":"","ast-banner-title-visibility":"","ast-main-header-display":"","ast-hfb-above-header-display":"","ast-hfb-below-header-display":"","ast-hfb-mobile-header-display":"","site-post-title":"","ast-breadcrumbs-content":"","ast-featured-img":"","footer-sml-layout":"","theme-transparent-header-meta":"default","adv-header-id-meta":"","stick-header-meta":"","header-above-stick-meta":"","header-main-stick-meta":"","header-below-stick-meta":"","astra-migrate-meta-layouts":"set","ast-page-background-enabled":"default","ast-page-background-meta":{"desktop":{"background-color":"","background-image":"","background-repeat":"repeat","background-position":"center center","background-size":"auto","background-attachment":"scroll","background-type":"","background-media":"","overlay-type":"","overlay-color":"","overlay-opacity":"","overlay-gradient":""},"tablet":{"background-color":"","background-image":"","background-repeat":"repeat","background-position":"center center","background-size":"auto","background-attachment":"scroll","background-type":"","background-media":"","overlay-type":"","overlay-color":"","overlay-opacity":"","overlay-gradient":""},"mobile":{"background-color":"","background-image":"","background-repeat":"repeat","background-position":"center center","background-size":"auto","background-attachment":"scroll","background-type":"","background-media":"","overlay-type":"","overlay-color":"","overlay-opacity":"","overlay-gradient":""}},"ast-content-background-meta":{"desktop":{"background-color":"var(--ast-global-color-5)","background-image":"","background-repeat":"repeat","background-position":"center center","background-size":"auto","background-attachment":"scroll","background-type":"","background-media":"","overlay-type":"","overlay-color":"","overlay-opacity":"","overlay-gradient":""},"tablet":{"background-color":"var(--ast-global-color-5)","background-image":"","background-repeat":"repeat","background-position":"center center","background-size":"auto","background-attachment":"scroll","background-type":"","background-media":"","overlay-type":"","overlay-color":"","overlay-opacity":"","overlay-gradient":""},"mobile":{"background-color":"var(--ast-global-color-5)","background-image":"","background-repeat":"repeat","background-position":"center center","background-size":"auto","background-attachment":"scroll","background-type":"","background-media":"","overlay-type":"","overlay-color":"","overlay-opacity":"","overlay-gradient":""}},"_joinchat":[]},"product_brand":[],"product_cat":[48],"product_tag":[],"class_list":{"0":"post-2140","1":"product","2":"type-product","3":"status-publish","4":"has-post-thumbnail","6":"product_cat-shit-thc","7":"desktop-align-left","8":"tablet-align-left","9":"mobile-align-left","11":"first","12":"instock","13":"shipping-taxable","14":"purchasable","15":"product-type-variable"},"yoast_head":"<!-- This site is optimized with the Yoast SEO Premium plugin v24.1 (Yoast SEO v26.8) - https:\/\/yoast.com\/product\/yoast-seo-premium-wordpress\/ -->\n<title>Acheter Afghan Hash | Hash Afghan de Qualit\u00e9 Sup\u00e9rieure<\/title>\n<meta name=\"description\" content=\"Acheter Afghan Hash authentique et de qualit\u00e9 sup\u00e9rieure. D\u00e9couvrez notre s\u00e9lection premium, livraison discr\u00e8te et rapide. Parfait pour les connaisseurs de cannabis.\" \/>\n<meta name=\"robots\" content=\"index, follow, max-snippet:-1, max-image-preview:large, max-video-preview:-1\" \/>\n<link rel=\"canonical\" href=\"https:\/\/beuhparadis.com\/da\/product\/afghan-hash\/\" \/>\n<meta property=\"og:locale\" content=\"da_DK\" \/>\n<meta property=\"og:type\" content=\"article\" \/>\n<meta property=\"og:title\" content=\"Afghan Hash\" \/>\n<meta property=\"og:description\" content=\"Acheter Afghan Hash authentique et de qualit\u00e9 sup\u00e9rieure. D\u00e9couvrez notre s\u00e9lection premium, livraison discr\u00e8te et rapide. Parfait pour les connaisseurs de cannabis.\" \/>\n<meta property=\"og:url\" content=\"https:\/\/beuhparadis.com\/da\/product\/afghan-hash\/\" \/>\n<meta property=\"og:site_name\" content=\"Beuh Paradis\" \/>\n<meta property=\"article:modified_time\" content=\"2025-01-28T08:22:14+00:00\" \/>\n<meta property=\"og:image\" content=\"https:\/\/beuhparadis.com\/wp-content\/uploads\/2024\/12\/aphghan-2.jpeg\" \/>\n\t<meta property=\"og:image:width\" content=\"247\" \/>\n\t<meta property=\"og:image:height\" content=\"296\" \/>\n\t<meta property=\"og:image:type\" content=\"image\/jpeg\" \/>\n<meta name=\"twitter:card\" content=\"summary_large_image\" \/>\n<meta name=\"twitter:label1\" content=\"Estimeret l\u00e6setid\" \/>\n\t<meta name=\"twitter:data1\" content=\"2 minutes\" \/>\n<script type=\"application\/ld+json\" class=\"yoast-schema-graph\">{\"@context\":\"https:\/\/schema.org\",\"@graph\":[{\"@type\":\"WebPage\",\"@id\":\"https:\/\/beuhparadis.com\/product\/afghan-hash\/\",\"url\":\"https:\/\/beuhparadis.com\/product\/afghan-hash\/\",\"name\":\"Acheter Afghan Hash | Hash Afghan de Qualit\u00e9 Sup\u00e9rieure\",\"isPartOf\":{\"@id\":\"https:\/\/beuhparadis.com\/#website\"},\"primaryImageOfPage\":{\"@id\":\"https:\/\/beuhparadis.com\/product\/afghan-hash\/#primaryimage\"},\"image\":{\"@id\":\"https:\/\/beuhparadis.com\/product\/afghan-hash\/#primaryimage\"},\"thumbnailUrl\":\"https:\/\/beuhparadis.com\/wp-content\/uploads\/2024\/12\/aphghan-2.jpeg\",\"datePublished\":\"2024-12-10T23:51:22+00:00\",\"dateModified\":\"2025-01-28T08:22:14+00:00\",\"description\":\"Acheter Afghan Hash authentique et de qualit\u00e9 sup\u00e9rieure. D\u00e9couvrez notre s\u00e9lection premium, livraison discr\u00e8te et rapide. Parfait pour les connaisseurs de cannabis.\",\"breadcrumb\":{\"@id\":\"https:\/\/beuhparadis.com\/product\/afghan-hash\/#breadcrumb\"},\"inLanguage\":\"da-DK\",\"potentialAction\":[{\"@type\":\"ReadAction\",\"target\":[\"https:\/\/beuhparadis.com\/product\/afghan-hash\/\"]}]},{\"@type\":\"ImageObject\",\"inLanguage\":\"da-DK\",\"@id\":\"https:\/\/beuhparadis.com\/product\/afghan-hash\/#primaryimage\",\"url\":\"https:\/\/beuhparadis.com\/wp-content\/uploads\/2024\/12\/aphghan-2.jpeg\",\"contentUrl\":\"https:\/\/beuhparadis.com\/wp-content\/uploads\/2024\/12\/aphghan-2.jpeg\",\"width\":247,\"height\":296},{\"@type\":\"BreadcrumbList\",\"@id\":\"https:\/\/beuhparadis.com\/product\/afghan-hash\/#breadcrumb\",\"itemListElement\":[{\"@type\":\"ListItem\",\"position\":1,\"name\":\"Home\",\"item\":\"https:\/\/beuhparadis.com\/\"},{\"@type\":\"ListItem\",\"position\":2,\"name\":\"Shop\",\"item\":\"https:\/\/beuhparadis.com\/shop\/\"},{\"@type\":\"ListItem\",\"position\":3,\"name\":\"Afghan Hash\"}]},{\"@type\":\"WebSite\",\"@id\":\"https:\/\/beuhparadis.com\/#website\",\"url\":\"https:\/\/beuhparadis.com\/\",\"name\":\"Beuh Paradis\",\"description\":\"\",\"potentialAction\":[{\"@type\":\"SearchAction\",\"target\":{\"@type\":\"EntryPoint\",\"urlTemplate\":\"https:\/\/beuhparadis.com\/?s={search_term_string}\"},\"query-input\":{\"@type\":\"PropertyValueSpecification\",\"valueRequired\":true,\"valueName\":\"search_term_string\"}}],\"inLanguage\":\"da-DK\"}]}<\/script>\n<!-- \/ Yoast SEO Premium plugin. -->","yoast_head_json":{"title":"K\u00f8b afghansk hash | Afghansk hash af h\u00f8j kvalitet","description":"K\u00f8b autentisk afghansk hash af h\u00f8j kvalitet. Oplev vores f\u00f8rsteklasses udvalg, diskrete og hurtige levering. Perfekt til cannabis-kendere.","robots":{"index":"index","follow":"follow","max-snippet":"max-snippet:-1","max-image-preview":"max-image-preview:large","max-video-preview":"max-video-preview:-1"},"canonical":"https:\/\/beuhparadis.com\/da\/product\/afghan-hash\/","og_locale":"da_DK","og_type":"article","og_title":"Afghan Hash","og_description":"Acheter Afghan Hash authentique et de qualit\u00e9 sup\u00e9rieure. D\u00e9couvrez notre s\u00e9lection premium, livraison discr\u00e8te et rapide. Parfait pour les connaisseurs de cannabis.","og_url":"https:\/\/beuhparadis.com\/da\/product\/afghan-hash\/","og_site_name":"Beuh Paradis","article_modified_time":"2025-01-28T08:22:14+00:00","og_image":[{"width":247,"height":296,"url":"https:\/\/beuhparadis.com\/wp-content\/uploads\/2024\/12\/aphghan-2.jpeg","type":"image\/jpeg"}],"twitter_card":"summary_large_image","twitter_misc":{"Estimeret l\u00e6setid":"2 minutes"},"schema":{"@context":"https:\/\/schema.org","@graph":[{"@type":"WebPage","@id":"https:\/\/beuhparadis.com\/product\/afghan-hash\/","url":"https:\/\/beuhparadis.com\/product\/afghan-hash\/","name":"K\u00f8b afghansk hash | Afghansk hash af h\u00f8j kvalitet","isPartOf":{"@id":"https:\/\/beuhparadis.com\/#website"},"primaryImageOfPage":{"@id":"https:\/\/beuhparadis.com\/product\/afghan-hash\/#primaryimage"},"image":{"@id":"https:\/\/beuhparadis.com\/product\/afghan-hash\/#primaryimage"},"thumbnailUrl":"https:\/\/beuhparadis.com\/wp-content\/uploads\/2024\/12\/aphghan-2.jpeg","datePublished":"2024-12-10T23:51:22+00:00","dateModified":"2025-01-28T08:22:14+00:00","description":"K\u00f8b autentisk afghansk hash af h\u00f8j kvalitet. Oplev vores f\u00f8rsteklasses udvalg, diskrete og hurtige levering. Perfekt til cannabis-kendere.","breadcrumb":{"@id":"https:\/\/beuhparadis.com\/product\/afghan-hash\/#breadcrumb"},"inLanguage":"da-DK","potentialAction":[{"@type":"ReadAction","target":["https:\/\/beuhparadis.com\/product\/afghan-hash\/"]}]},{"@type":"ImageObject","inLanguage":"da-DK","@id":"https:\/\/beuhparadis.com\/product\/afghan-hash\/#primaryimage","url":"https:\/\/beuhparadis.com\/wp-content\/uploads\/2024\/12\/aphghan-2.jpeg","contentUrl":"https:\/\/beuhparadis.com\/wp-content\/uploads\/2024\/12\/aphghan-2.jpeg","width":247,"height":296},{"@type":"BreadcrumbList","@id":"https:\/\/beuhparadis.com\/product\/afghan-hash\/#breadcrumb","itemListElement":[{"@type":"ListItem","position":1,"name":"Home","item":"https:\/\/beuhparadis.com\/"},{"@type":"ListItem","position":2,"name":"Shop","item":"https:\/\/beuhparadis.com\/shop\/"},{"@type":"ListItem","position":3,"name":"Afghan Hash"}]},{"@type":"WebSite","@id":"https:\/\/beuhparadis.com\/#website","url":"https:\/\/beuhparadis.com\/","name":"Beuh Paradis","description":"","potentialAction":[{"@type":"SearchAction","target":{"@type":"EntryPoint","urlTemplate":"https:\/\/beuhparadis.com\/?s={search_term_string}"},"query-input":{"@type":"PropertyValueSpecification","valueRequired":true,"valueName":"search_term_string"}}],"inLanguage":"da-DK"}]}},"_links":{"self":[{"href":"https:\/\/beuhparadis.com\/da\/wp-json\/wp\/v2\/product\/2140","targetHints":{"allow":["GET"]}}],"collection":[{"href":"https:\/\/beuhparadis.com\/da\/wp-json\/wp\/v2\/product"}],"about":[{"href":"https:\/\/beuhparadis.com\/da\/wp-json\/wp\/v2\/types\/product"}],"replies":[{"embeddable":true,"href":"https:\/\/beuhparadis.com\/da\/wp-json\/wp\/v2\/comments?post=2140"}],"wp:featuredmedia":[{"embeddable":true,"href":"https:\/\/beuhparadis.com\/da\/wp-json\/wp\/v2\/media\/2150"}],"wp:attachment":[{"href":"https:\/\/beuhparadis.com\/da\/wp-json\/wp\/v2\/media?parent=2140"}],"wp:term":[{"taxonomy":"product_brand","embeddable":true,"href":"https:\/\/beuhparadis.com\/da\/wp-json\/wp\/v2\/product_brand?post=2140"},{"taxonomy":"product_cat","embeddable":true,"href":"https:\/\/beuhparadis.com\/da\/wp-json\/wp\/v2\/product_cat?post=2140"},{"taxonomy":"product_tag","embeddable":true,"href":"https:\/\/beuhparadis.com\/da\/wp-json\/wp\/v2\/product_tag?post=2140"}],"curies":[{"name":"wp","href":"https:\/\/api.w.org\/{rel}","templated":true}]}}