{"id":2135,"date":"2024-12-10T23:51:22","date_gmt":"2024-12-10T23:51:22","guid":{"rendered":"https:\/\/beuhparadis.com\/?post_type=product&#038;p=2135"},"modified":"2025-01-28T08:14:40","modified_gmt":"2025-01-28T08:14:40","slug":"bubble-hash","status":"publish","type":"product","link":"https:\/\/beuhparadis.com\/da\/product\/bubble-hash\/","title":{"rendered":"Bubble Hash"},"content":{"rendered":"<h1 class=\"wp-block-heading\">K\u00f8b Bubble Hash: Isvand renset cannabiskoncentrat<\/h1>\n<p>K\u00f8b bubble hash: Bubble Hash er et koncentreret cannabisprodukt, der er kendt for sin rene fremstilling og sin evne til at producere bobler, n\u00e5r det indtages. Denne guide udforsker i detaljer fremstillingsprocessen, virkningerne og de medicinske fordele ved bubble hash.<\/p>\n<h2 class=\"wp-block-heading\">Information om Bubble Hash<\/h2>\n<ul class=\"wp-block-list\">\n<li><strong>Fremstilling<\/strong> Hashbobler: Hashbobler produceres ved at neds\u00e6nke cannabisblomsten i iskoldt vand og derefter ryste den. Denne metode adskiller harpikskirtlerne, som er rige p\u00e5 THC og CBD, fra resten af planten.<\/li>\n<li><strong>Teknisk<\/strong> Brug af s\u00e6rlige poser, kaldet \"bobleposer\", udstyret med sigter til at filtrere trikomerne fra plantematerialet.<\/li>\n<li><strong>Kvalitet<\/strong> Full Melt: Full Melt er den ypperste kvalitet af boblehash, der er kendetegnet ved sin evne til at smelte n\u00e6sten fuldst\u00e6ndigt, n\u00e5r den ryges eller fordampes.<\/li>\n<\/ul>\n<h2 class=\"wp-block-heading\">THC og CBD<\/h2>\n<ul class=\"wp-block-list\">\n<li><strong>THC<\/strong> H\u00f8j koncentration, der varierer alt efter produktets kvalitet, op til 60% for de mest raffinerede ekstraktioner.<\/li>\n<li><strong>CBD<\/strong> Generelt lavt indhold, der fremh\u00e6ver de psykoaktive virkninger uden at fortynde dem.<\/li>\n<\/ul>\n<h2 class=\"wp-block-heading\">Effekter, aromaer og smag<\/h2>\n<h3 class=\"wp-block-heading\">Effekt<\/h3>\n<ul class=\"wp-block-list\">\n<li>Dyb afslapning og eufori, ideel til en afslappende oplevelse.<\/li>\n<\/ul>\n<h3 class=\"wp-block-heading\">Aroma<\/h3>\n<ul class=\"wp-block-list\">\n<li>Rig, varieret aromatisk profil med nuancer, der sp\u00e6nder fra s\u00f8dt til jordagtigt.<\/li>\n<\/ul>\n<h3 class=\"wp-block-heading\">Smag<\/h3>\n<ul class=\"wp-block-list\">\n<li>Ren, koncentreret smag, der trofast afspejler terpenerne og cannabinoiderne fra den oprindelige plante.<\/li>\n<\/ul>\n<h2 class=\"wp-block-heading\">Medicinske virkninger<\/h2>\n<h3 class=\"wp-block-heading\">Medicinske virkninger<\/h3>\n<ul class=\"wp-block-list\">\n<li>Anti-angst og afslappende egenskaber.<\/li>\n<\/ul>\n<h3 class=\"wp-block-heading\">Kan lindre<\/h3>\n<ul class=\"wp-block-list\">\n<li>Stress, angst og hj\u00e6lper med at bek\u00e6mpe s\u00f8vnl\u00f8shed takket v\u00e6re den beroligende effekt.<\/li>\n<\/ul>\n<h2 class=\"wp-block-heading\">S\u00e5dan ryger du hash<\/h2>\n<ul class=\"wp-block-list\">\n<li>Kan fordampes, ryges alene eller tils\u00e6ttes joints for at intensivere den cannabiske oplevelse.<\/li>\n<\/ul>\n<h2 class=\"wp-block-heading\">Hvor kan jeg k\u00f8be Bubble Hash online?<\/h2>\n<p><a href=\"https:\/\/beuhparadis.com\/da\/product\/charas-hash\/\">Beuhparadis<\/a> er din p\u00e5lidelige kilde til boblehash af h\u00f8j kvalitet, garanteret ren og potent.<\/p>\n<h2 class=\"wp-block-heading\">Bubble Hash-prisen<\/h2>\n<p>Prisen p\u00e5 bubble hash kan variere afh\u00e6ngigt af en r\u00e6kke faktorer, herunder kvalitet, THC-koncentration og k\u00f8bsregion. Hos Beuhparadis er vi forpligtet til at tilbyde den bedste bubble hash til den mest konkurrencedygtige pris p\u00e5 markedet.<\/p>\n<h3 class=\"wp-block-heading\">Hvordan f\u00e5r jeg den bedste pris?<\/h3>\n<ol class=\"wp-block-list\">\n<li><strong>K\u00f8b af m\u00e6ngder<\/strong> : Udnyt vores rabatter p\u00e5 bulkk\u00f8b for at f\u00e5 en bedre pris pr. gram.<\/li>\n<li><strong>S\u00e6rlige tilbud og kampagner<\/strong> Hold \u00f8je med vores regelm\u00e6ssige kampagner for at f\u00e5 fordel af attraktive rabatter.<\/li>\n<\/ol>\n<h2 class=\"wp-block-heading\">Hvorfor k\u00f8be hashbobler p\u00e5 Acheterducannabis.fr?<\/h2>\n<p>Vi er forpligtet til at levere boblehash af h\u00f8jeste kvalitet ved hj\u00e6lp af traditionelle produktionsmetoder for at sikre en autentisk og tilfredsstillende brugeroplevelse.<\/p>\n<h2 class=\"wp-block-heading\">Europ\u00e6iske love om salg af hash<\/h2>\n<p>K\u00f8b af boblehash via Acheterducannabis.fr er i overensstemmelse med europ\u00e6isk lovgivning og garanterer en sikker og lovlig transaktion for alle vores kunder.<\/p>\n<p>Hash bubble er kendetegnet ved sin unikke fremstillingsmetode og enest\u00e5ende kvalitet. Uanset om du er p\u00e5 udkig efter dyb afslapning eller medicinske fordele, er hashboble en fremragende mulighed for dem, der v\u00e6rds\u00e6tter renhed og styrke. Oplev den p\u00e5 Acheterducannabis.fr for en uovertruffen koncentreret cannabisoplevelse.<\/p>","protected":false},"excerpt":{"rendered":"<p><strong>THC:<\/strong> 60%<\/p>\n<p><strong>Medicinske virkninger<\/strong><br \/>\nAnti-angst og afslappende egenskaber.<\/p>","protected":false},"featured_media":2149,"comment_status":"closed","ping_status":"closed","template":"","meta":{"site-sidebar-layout":"default","site-content-layout":"","ast-site-content-layout":"default","site-content-style":"default","site-sidebar-style":"default","ast-global-header-display":"","ast-banner-title-visibility":"","ast-main-header-display":"","ast-hfb-above-header-display":"","ast-hfb-below-header-display":"","ast-hfb-mobile-header-display":"","site-post-title":"","ast-breadcrumbs-content":"","ast-featured-img":"","footer-sml-layout":"","theme-transparent-header-meta":"default","adv-header-id-meta":"","stick-header-meta":"","header-above-stick-meta":"","header-main-stick-meta":"","header-below-stick-meta":"","astra-migrate-meta-layouts":"set","ast-page-background-enabled":"default","ast-page-background-meta":{"desktop":{"background-color":"","background-image":"","background-repeat":"repeat","background-position":"center center","background-size":"auto","background-attachment":"scroll","background-type":"","background-media":"","overlay-type":"","overlay-color":"","overlay-opacity":"","overlay-gradient":""},"tablet":{"background-color":"","background-image":"","background-repeat":"repeat","background-position":"center center","background-size":"auto","background-attachment":"scroll","background-type":"","background-media":"","overlay-type":"","overlay-color":"","overlay-opacity":"","overlay-gradient":""},"mobile":{"background-color":"","background-image":"","background-repeat":"repeat","background-position":"center center","background-size":"auto","background-attachment":"scroll","background-type":"","background-media":"","overlay-type":"","overlay-color":"","overlay-opacity":"","overlay-gradient":""}},"ast-content-background-meta":{"desktop":{"background-color":"var(--ast-global-color-5)","background-image":"","background-repeat":"repeat","background-position":"center center","background-size":"auto","background-attachment":"scroll","background-type":"","background-media":"","overlay-type":"","overlay-color":"","overlay-opacity":"","overlay-gradient":""},"tablet":{"background-color":"var(--ast-global-color-5)","background-image":"","background-repeat":"repeat","background-position":"center center","background-size":"auto","background-attachment":"scroll","background-type":"","background-media":"","overlay-type":"","overlay-color":"","overlay-opacity":"","overlay-gradient":""},"mobile":{"background-color":"var(--ast-global-color-5)","background-image":"","background-repeat":"repeat","background-position":"center center","background-size":"auto","background-attachment":"scroll","background-type":"","background-media":"","overlay-type":"","overlay-color":"","overlay-opacity":"","overlay-gradient":""}},"_joinchat":[]},"product_brand":[],"product_cat":[48],"product_tag":[],"class_list":{"0":"post-2135","1":"product","2":"type-product","3":"status-publish","4":"has-post-thumbnail","6":"product_cat-shit-thc","7":"desktop-align-left","8":"tablet-align-left","9":"mobile-align-left","11":"first","12":"instock","13":"shipping-taxable","14":"purchasable","15":"product-type-variable"},"yoast_head":"<!-- This site is optimized with the Yoast SEO Premium plugin v24.1 (Yoast SEO v26.8) - https:\/\/yoast.com\/product\/yoast-seo-premium-wordpress\/ -->\n<title>Acheter Bubble Hash en Ligne \u2013 Concentr\u00e9 de Cannabis Pur<\/title>\n<meta name=\"description\" content=\"Acheter Bubble Hash de qualit\u00e9 premium sur Beuh Paradis. Haschich pur, riche en THC, avec des saveurs naturelles. Livraison rapide et discr\u00e8te\" \/>\n<meta name=\"robots\" content=\"index, follow, max-snippet:-1, max-image-preview:large, max-video-preview:-1\" \/>\n<link rel=\"canonical\" href=\"https:\/\/beuhparadis.com\/da\/product\/bubble-hash\/\" \/>\n<meta property=\"og:locale\" content=\"da_DK\" \/>\n<meta property=\"og:type\" content=\"article\" \/>\n<meta property=\"og:title\" content=\"Bubble Hash\" \/>\n<meta property=\"og:description\" content=\"Acheter Bubble Hash de qualit\u00e9 premium sur Beuh Paradis. Haschich pur, riche en THC, avec des saveurs naturelles. Livraison rapide et discr\u00e8te\" \/>\n<meta property=\"og:url\" content=\"https:\/\/beuhparadis.com\/da\/product\/bubble-hash\/\" \/>\n<meta property=\"og:site_name\" content=\"Beuh Paradis\" \/>\n<meta property=\"article:modified_time\" content=\"2025-01-28T08:14:40+00:00\" \/>\n<meta property=\"og:image\" content=\"https:\/\/beuhparadis.com\/wp-content\/uploads\/2024\/12\/Bubble-Hash-2.jpeg\" \/>\n\t<meta property=\"og:image:width\" content=\"247\" \/>\n\t<meta property=\"og:image:height\" content=\"296\" \/>\n\t<meta property=\"og:image:type\" content=\"image\/jpeg\" \/>\n<meta name=\"twitter:card\" content=\"summary_large_image\" \/>\n<meta name=\"twitter:label1\" content=\"Estimeret l\u00e6setid\" \/>\n\t<meta name=\"twitter:data1\" content=\"3 minutes\" \/>\n<script type=\"application\/ld+json\" class=\"yoast-schema-graph\">{\"@context\":\"https:\/\/schema.org\",\"@graph\":[{\"@type\":\"WebPage\",\"@id\":\"https:\/\/beuhparadis.com\/product\/bubble-hash\/\",\"url\":\"https:\/\/beuhparadis.com\/product\/bubble-hash\/\",\"name\":\"Acheter Bubble Hash en Ligne \u2013 Concentr\u00e9 de Cannabis Pur\",\"isPartOf\":{\"@id\":\"https:\/\/beuhparadis.com\/#website\"},\"primaryImageOfPage\":{\"@id\":\"https:\/\/beuhparadis.com\/product\/bubble-hash\/#primaryimage\"},\"image\":{\"@id\":\"https:\/\/beuhparadis.com\/product\/bubble-hash\/#primaryimage\"},\"thumbnailUrl\":\"https:\/\/beuhparadis.com\/wp-content\/uploads\/2024\/12\/Bubble-Hash-2.jpeg\",\"datePublished\":\"2024-12-10T23:51:22+00:00\",\"dateModified\":\"2025-01-28T08:14:40+00:00\",\"description\":\"Acheter Bubble Hash de qualit\u00e9 premium sur Beuh Paradis. Haschich pur, riche en THC, avec des saveurs naturelles. Livraison rapide et discr\u00e8te\",\"breadcrumb\":{\"@id\":\"https:\/\/beuhparadis.com\/product\/bubble-hash\/#breadcrumb\"},\"inLanguage\":\"da-DK\",\"potentialAction\":[{\"@type\":\"ReadAction\",\"target\":[\"https:\/\/beuhparadis.com\/product\/bubble-hash\/\"]}]},{\"@type\":\"ImageObject\",\"inLanguage\":\"da-DK\",\"@id\":\"https:\/\/beuhparadis.com\/product\/bubble-hash\/#primaryimage\",\"url\":\"https:\/\/beuhparadis.com\/wp-content\/uploads\/2024\/12\/Bubble-Hash-2.jpeg\",\"contentUrl\":\"https:\/\/beuhparadis.com\/wp-content\/uploads\/2024\/12\/Bubble-Hash-2.jpeg\",\"width\":247,\"height\":296},{\"@type\":\"BreadcrumbList\",\"@id\":\"https:\/\/beuhparadis.com\/product\/bubble-hash\/#breadcrumb\",\"itemListElement\":[{\"@type\":\"ListItem\",\"position\":1,\"name\":\"Home\",\"item\":\"https:\/\/beuhparadis.com\/\"},{\"@type\":\"ListItem\",\"position\":2,\"name\":\"Shop\",\"item\":\"https:\/\/beuhparadis.com\/shop\/\"},{\"@type\":\"ListItem\",\"position\":3,\"name\":\"Bubble Hash\"}]},{\"@type\":\"WebSite\",\"@id\":\"https:\/\/beuhparadis.com\/#website\",\"url\":\"https:\/\/beuhparadis.com\/\",\"name\":\"Beuh Paradis\",\"description\":\"\",\"potentialAction\":[{\"@type\":\"SearchAction\",\"target\":{\"@type\":\"EntryPoint\",\"urlTemplate\":\"https:\/\/beuhparadis.com\/?s={search_term_string}\"},\"query-input\":{\"@type\":\"PropertyValueSpecification\",\"valueRequired\":true,\"valueName\":\"search_term_string\"}}],\"inLanguage\":\"da-DK\"}]}<\/script>\n<!-- \/ Yoast SEO Premium plugin. -->","yoast_head_json":{"title":"K\u00f8b Bubble Hash online - rent cannabiskoncentrat","description":"K\u00f8b Bubble Hash af h\u00f8j kvalitet p\u00e5 Beuh Paradis. Ren, THC-rig hash med naturlige smagsstoffer. Hurtig, diskret levering","robots":{"index":"index","follow":"follow","max-snippet":"max-snippet:-1","max-image-preview":"max-image-preview:large","max-video-preview":"max-video-preview:-1"},"canonical":"https:\/\/beuhparadis.com\/da\/product\/bubble-hash\/","og_locale":"da_DK","og_type":"article","og_title":"Bubble Hash","og_description":"Acheter Bubble Hash de qualit\u00e9 premium sur Beuh Paradis. Haschich pur, riche en THC, avec des saveurs naturelles. Livraison rapide et discr\u00e8te","og_url":"https:\/\/beuhparadis.com\/da\/product\/bubble-hash\/","og_site_name":"Beuh Paradis","article_modified_time":"2025-01-28T08:14:40+00:00","og_image":[{"width":247,"height":296,"url":"https:\/\/beuhparadis.com\/wp-content\/uploads\/2024\/12\/Bubble-Hash-2.jpeg","type":"image\/jpeg"}],"twitter_card":"summary_large_image","twitter_misc":{"Estimeret l\u00e6setid":"3 minutes"},"schema":{"@context":"https:\/\/schema.org","@graph":[{"@type":"WebPage","@id":"https:\/\/beuhparadis.com\/product\/bubble-hash\/","url":"https:\/\/beuhparadis.com\/product\/bubble-hash\/","name":"K\u00f8b Bubble Hash online - rent cannabiskoncentrat","isPartOf":{"@id":"https:\/\/beuhparadis.com\/#website"},"primaryImageOfPage":{"@id":"https:\/\/beuhparadis.com\/product\/bubble-hash\/#primaryimage"},"image":{"@id":"https:\/\/beuhparadis.com\/product\/bubble-hash\/#primaryimage"},"thumbnailUrl":"https:\/\/beuhparadis.com\/wp-content\/uploads\/2024\/12\/Bubble-Hash-2.jpeg","datePublished":"2024-12-10T23:51:22+00:00","dateModified":"2025-01-28T08:14:40+00:00","description":"K\u00f8b Bubble Hash af h\u00f8j kvalitet p\u00e5 Beuh Paradis. Ren, THC-rig hash med naturlige smagsstoffer. Hurtig, diskret levering","breadcrumb":{"@id":"https:\/\/beuhparadis.com\/product\/bubble-hash\/#breadcrumb"},"inLanguage":"da-DK","potentialAction":[{"@type":"ReadAction","target":["https:\/\/beuhparadis.com\/product\/bubble-hash\/"]}]},{"@type":"ImageObject","inLanguage":"da-DK","@id":"https:\/\/beuhparadis.com\/product\/bubble-hash\/#primaryimage","url":"https:\/\/beuhparadis.com\/wp-content\/uploads\/2024\/12\/Bubble-Hash-2.jpeg","contentUrl":"https:\/\/beuhparadis.com\/wp-content\/uploads\/2024\/12\/Bubble-Hash-2.jpeg","width":247,"height":296},{"@type":"BreadcrumbList","@id":"https:\/\/beuhparadis.com\/product\/bubble-hash\/#breadcrumb","itemListElement":[{"@type":"ListItem","position":1,"name":"Home","item":"https:\/\/beuhparadis.com\/"},{"@type":"ListItem","position":2,"name":"Shop","item":"https:\/\/beuhparadis.com\/shop\/"},{"@type":"ListItem","position":3,"name":"Bubble Hash"}]},{"@type":"WebSite","@id":"https:\/\/beuhparadis.com\/#website","url":"https:\/\/beuhparadis.com\/","name":"Beuh Paradis","description":"","potentialAction":[{"@type":"SearchAction","target":{"@type":"EntryPoint","urlTemplate":"https:\/\/beuhparadis.com\/?s={search_term_string}"},"query-input":{"@type":"PropertyValueSpecification","valueRequired":true,"valueName":"search_term_string"}}],"inLanguage":"da-DK"}]}},"_links":{"self":[{"href":"https:\/\/beuhparadis.com\/da\/wp-json\/wp\/v2\/product\/2135","targetHints":{"allow":["GET"]}}],"collection":[{"href":"https:\/\/beuhparadis.com\/da\/wp-json\/wp\/v2\/product"}],"about":[{"href":"https:\/\/beuhparadis.com\/da\/wp-json\/wp\/v2\/types\/product"}],"replies":[{"embeddable":true,"href":"https:\/\/beuhparadis.com\/da\/wp-json\/wp\/v2\/comments?post=2135"}],"wp:featuredmedia":[{"embeddable":true,"href":"https:\/\/beuhparadis.com\/da\/wp-json\/wp\/v2\/media\/2149"}],"wp:attachment":[{"href":"https:\/\/beuhparadis.com\/da\/wp-json\/wp\/v2\/media?parent=2135"}],"wp:term":[{"taxonomy":"product_brand","embeddable":true,"href":"https:\/\/beuhparadis.com\/da\/wp-json\/wp\/v2\/product_brand?post=2135"},{"taxonomy":"product_cat","embeddable":true,"href":"https:\/\/beuhparadis.com\/da\/wp-json\/wp\/v2\/product_cat?post=2135"},{"taxonomy":"product_tag","embeddable":true,"href":"https:\/\/beuhparadis.com\/da\/wp-json\/wp\/v2\/product_tag?post=2135"}],"curies":[{"name":"wp","href":"https:\/\/api.w.org\/{rel}","templated":true}]}}