{"id":2130,"date":"2024-12-10T23:51:22","date_gmt":"2024-12-10T23:51:22","guid":{"rendered":"https:\/\/beuhparadis.com\/?post_type=product&#038;p=2130"},"modified":"2025-01-28T08:09:00","modified_gmt":"2025-01-28T08:09:00","slug":"charas-hash","status":"publish","type":"product","link":"https:\/\/beuhparadis.com\/da\/product\/charas-hash\/","title":{"rendered":"Charas Hash"},"content":{"rendered":"<h3><strong>K\u00f8b charas-hash online - en unik oplevelse med Beuh Paradis<\/strong><\/h3>\n<h4><\/h4>\n<p>K\u00f8b charas Hash online: Den <strong>Charas Hash<\/strong>kan nu k\u00f8bes online p\u00e5 <strong><a href=\"https:\/\/beuhparadis.com\/da\" target=\"_new\" rel=\"noopener\">Beuh Paradis<\/a><\/strong>. Denne traditionelle hash, der er lavet af cannabisharpiks af h\u00f8j kvalitet, er v\u00e6rdsat for sin autentiske smag og kraftige virkning. Uanset om du er en kender eller en ny entusiast, lover Charas Hash en uforglemmelig oplevelse, leveret direkte til din d\u00f8r.<\/p>\n<h4><strong>\u00a0Hvad er Charas Hash?<\/strong><\/h4>\n<p>Le <strong>Charas Hash<\/strong> er en unik type hash, der stammer fra de bjergrige omr\u00e5der i Himalaya. I mods\u00e6tning til andre hashsorter fremstilles den ved at h\u00e5ndrubbe friske cannabisblomster for at udvinde harpiksen. Denne traditionelle proces giver et produkt, der er rigt p\u00e5 terpener, med jordagtige, krydrede aromaer og kraftige, afslappende virkninger.<\/p>\n<h4><strong>\u00a0Hvorfor k\u00f8be Charas Hash p\u00e5 Beuh Paradis?<\/strong><\/h4>\n<p>P\u00e5 <strong>Beuh Paradis<\/strong>Vi er forpligtet til at levere produkter af enest\u00e5ende kvalitet til din fulde tilfredshed. Her er grunden til, at du skal v\u00e6lge <strong>Charas Hash<\/strong> p\u00e5 vores platform:<\/p>\n<ul>\n<li><strong>F\u00f8rsteklasses kvalitet:<\/strong> Vores Charas Hash er lavet af cannabis, der er dyrket med omhu, hvilket garanterer et rent og kraftfuldt produkt.<\/li>\n<li><strong>Konkurrencedygtige priser :<\/strong> F\u00e5 fremragende v\u00e6rdi for pengene p\u00e5 alle vores produkter, inklusive Charas Hash.<\/li>\n<li><strong>Hurtig og diskret levering:<\/strong> Bestil nemt online og modtag din Charas Hash hurtigt og diskret.<\/li>\n<li><strong>Sikkert websted :<\/strong> P\u00e5 <strong><a href=\"https:\/\/beuhparadis.com\/da\" target=\"_new\" rel=\"noopener\">Beuh Paradis<\/a><\/strong>Dine betalinger og personlige data er beskyttet af vores avancerede sikkerhedssystemer.<\/li>\n<\/ul>\n<h4><strong>\u00a0Fordelene ved Charas Hash<\/strong><\/h4>\n<p>Le <strong>Charas Hash<\/strong> er v\u00e6rdsat for :<\/p>\n<ul>\n<li><strong>Rige smagsoplevelser :<\/strong> Krydrede, jordagtige noter, der vil gl\u00e6de elskere af autentisk hash.<\/li>\n<li><strong>Dens kraftfulde effekter :<\/strong> Dyb afslapning kombineret med en f\u00f8lelse af mental lethed.<\/li>\n<li><strong>Autentisk h\u00e5ndv\u00e6rk:<\/strong> Charas Hash er h\u00e5ndlavet efter gamle traditioner og er et sandt kunstv\u00e6rk.<\/li>\n<\/ul>\n<h4><strong>\u00a0Bestil din charas-hash online nu<\/strong><\/h4>\n<p>Med <strong><a href=\"https:\/\/beuhparadis.com\/da\" target=\"_new\" rel=\"noopener\">Beuh Paradis<\/a><\/strong>at k\u00f8be <strong>Charas Hash online<\/strong> har aldrig v\u00e6ret nemmere eller sikrere. Oplev vores udvalg af premiumprodukter, og nyd en enest\u00e5ende cannabisoplevelse. Afgiv din bestilling i dag, og lad dig forf\u00f8re af autenticiteten og kraften i Charas Hash.<\/p>","protected":false},"excerpt":{"rendered":"<p><strong>THC:<\/strong> 29%<\/p>","protected":false},"featured_media":2148,"comment_status":"closed","ping_status":"closed","template":"","meta":{"site-sidebar-layout":"default","site-content-layout":"","ast-site-content-layout":"default","site-content-style":"default","site-sidebar-style":"default","ast-global-header-display":"","ast-banner-title-visibility":"","ast-main-header-display":"","ast-hfb-above-header-display":"","ast-hfb-below-header-display":"","ast-hfb-mobile-header-display":"","site-post-title":"","ast-breadcrumbs-content":"","ast-featured-img":"","footer-sml-layout":"","theme-transparent-header-meta":"default","adv-header-id-meta":"","stick-header-meta":"","header-above-stick-meta":"","header-main-stick-meta":"","header-below-stick-meta":"","astra-migrate-meta-layouts":"set","ast-page-background-enabled":"default","ast-page-background-meta":{"desktop":{"background-color":"","background-image":"","background-repeat":"repeat","background-position":"center center","background-size":"auto","background-attachment":"scroll","background-type":"","background-media":"","overlay-type":"","overlay-color":"","overlay-opacity":"","overlay-gradient":""},"tablet":{"background-color":"","background-image":"","background-repeat":"repeat","background-position":"center center","background-size":"auto","background-attachment":"scroll","background-type":"","background-media":"","overlay-type":"","overlay-color":"","overlay-opacity":"","overlay-gradient":""},"mobile":{"background-color":"","background-image":"","background-repeat":"repeat","background-position":"center center","background-size":"auto","background-attachment":"scroll","background-type":"","background-media":"","overlay-type":"","overlay-color":"","overlay-opacity":"","overlay-gradient":""}},"ast-content-background-meta":{"desktop":{"background-color":"var(--ast-global-color-5)","background-image":"","background-repeat":"repeat","background-position":"center center","background-size":"auto","background-attachment":"scroll","background-type":"","background-media":"","overlay-type":"","overlay-color":"","overlay-opacity":"","overlay-gradient":""},"tablet":{"background-color":"var(--ast-global-color-5)","background-image":"","background-repeat":"repeat","background-position":"center center","background-size":"auto","background-attachment":"scroll","background-type":"","background-media":"","overlay-type":"","overlay-color":"","overlay-opacity":"","overlay-gradient":""},"mobile":{"background-color":"var(--ast-global-color-5)","background-image":"","background-repeat":"repeat","background-position":"center center","background-size":"auto","background-attachment":"scroll","background-type":"","background-media":"","overlay-type":"","overlay-color":"","overlay-opacity":"","overlay-gradient":""}},"_joinchat":[]},"product_brand":[],"product_cat":[48],"product_tag":[],"class_list":{"0":"post-2130","1":"product","2":"type-product","3":"status-publish","4":"has-post-thumbnail","6":"product_cat-shit-thc","7":"desktop-align-left","8":"tablet-align-left","9":"mobile-align-left","11":"first","12":"instock","13":"shipping-taxable","14":"purchasable","15":"product-type-variable"},"yoast_head":"<!-- This site is optimized with the Yoast SEO Premium plugin v24.1 (Yoast SEO v26.8) - https:\/\/yoast.com\/product\/yoast-seo-premium-wordpress\/ -->\n<title>Acheter Charas Hash en Ligne \u2013 Qualit\u00e9 Premium | Beuh Paradis<\/title>\n<meta name=\"description\" content=\"Achate du Charas Hash artisanal en ligne sur Beuh Paradis. Profitez d\u2019un haschich authentique.. Livraison rapide et discr\u00e8te\" \/>\n<meta name=\"robots\" content=\"index, follow, max-snippet:-1, max-image-preview:large, max-video-preview:-1\" \/>\n<link rel=\"canonical\" href=\"https:\/\/beuhparadis.com\/da\/product\/charas-hash\/\" \/>\n<meta property=\"og:locale\" content=\"da_DK\" \/>\n<meta property=\"og:type\" content=\"article\" \/>\n<meta property=\"og:title\" content=\"Charas Hash\" \/>\n<meta property=\"og:description\" content=\"Achate du Charas Hash artisanal en ligne sur Beuh Paradis. Profitez d\u2019un haschich authentique.. Livraison rapide et discr\u00e8te\" \/>\n<meta property=\"og:url\" content=\"https:\/\/beuhparadis.com\/da\/product\/charas-hash\/\" \/>\n<meta property=\"og:site_name\" content=\"Beuh Paradis\" \/>\n<meta property=\"article:modified_time\" content=\"2025-01-28T08:09:00+00:00\" \/>\n<meta property=\"og:image\" content=\"https:\/\/beuhparadis.com\/wp-content\/uploads\/2024\/12\/Charas-Hash-2.jpeg\" \/>\n\t<meta property=\"og:image:width\" content=\"247\" \/>\n\t<meta property=\"og:image:height\" content=\"296\" \/>\n\t<meta property=\"og:image:type\" content=\"image\/jpeg\" \/>\n<meta name=\"twitter:card\" content=\"summary_large_image\" \/>\n<meta name=\"twitter:label1\" content=\"Estimeret l\u00e6setid\" \/>\n\t<meta name=\"twitter:data1\" content=\"2 minutes\" \/>\n<script type=\"application\/ld+json\" class=\"yoast-schema-graph\">{\"@context\":\"https:\/\/schema.org\",\"@graph\":[{\"@type\":\"WebPage\",\"@id\":\"https:\/\/beuhparadis.com\/product\/charas-hash\/\",\"url\":\"https:\/\/beuhparadis.com\/product\/charas-hash\/\",\"name\":\"Acheter Charas Hash en Ligne \u2013 Qualit\u00e9 Premium | Beuh Paradis\",\"isPartOf\":{\"@id\":\"https:\/\/beuhparadis.com\/#website\"},\"primaryImageOfPage\":{\"@id\":\"https:\/\/beuhparadis.com\/product\/charas-hash\/#primaryimage\"},\"image\":{\"@id\":\"https:\/\/beuhparadis.com\/product\/charas-hash\/#primaryimage\"},\"thumbnailUrl\":\"https:\/\/beuhparadis.com\/wp-content\/uploads\/2024\/12\/Charas-Hash-2.jpeg\",\"datePublished\":\"2024-12-10T23:51:22+00:00\",\"dateModified\":\"2025-01-28T08:09:00+00:00\",\"description\":\"Achate du Charas Hash artisanal en ligne sur Beuh Paradis. Profitez d\u2019un haschich authentique.. Livraison rapide et discr\u00e8te\",\"breadcrumb\":{\"@id\":\"https:\/\/beuhparadis.com\/product\/charas-hash\/#breadcrumb\"},\"inLanguage\":\"da-DK\",\"potentialAction\":[{\"@type\":\"ReadAction\",\"target\":[\"https:\/\/beuhparadis.com\/product\/charas-hash\/\"]}]},{\"@type\":\"ImageObject\",\"inLanguage\":\"da-DK\",\"@id\":\"https:\/\/beuhparadis.com\/product\/charas-hash\/#primaryimage\",\"url\":\"https:\/\/beuhparadis.com\/wp-content\/uploads\/2024\/12\/Charas-Hash-2.jpeg\",\"contentUrl\":\"https:\/\/beuhparadis.com\/wp-content\/uploads\/2024\/12\/Charas-Hash-2.jpeg\",\"width\":247,\"height\":296,\"caption\":\"Acheter Charas Hash en Ligne\"},{\"@type\":\"BreadcrumbList\",\"@id\":\"https:\/\/beuhparadis.com\/product\/charas-hash\/#breadcrumb\",\"itemListElement\":[{\"@type\":\"ListItem\",\"position\":1,\"name\":\"Home\",\"item\":\"https:\/\/beuhparadis.com\/\"},{\"@type\":\"ListItem\",\"position\":2,\"name\":\"Shop\",\"item\":\"https:\/\/beuhparadis.com\/shop\/\"},{\"@type\":\"ListItem\",\"position\":3,\"name\":\"Charas Hash\"}]},{\"@type\":\"WebSite\",\"@id\":\"https:\/\/beuhparadis.com\/#website\",\"url\":\"https:\/\/beuhparadis.com\/\",\"name\":\"Beuh Paradis\",\"description\":\"\",\"potentialAction\":[{\"@type\":\"SearchAction\",\"target\":{\"@type\":\"EntryPoint\",\"urlTemplate\":\"https:\/\/beuhparadis.com\/?s={search_term_string}\"},\"query-input\":{\"@type\":\"PropertyValueSpecification\",\"valueRequired\":true,\"valueName\":\"search_term_string\"}}],\"inLanguage\":\"da-DK\"}]}<\/script>\n<!-- \/ Yoast SEO Premium plugin. -->","yoast_head_json":{"title":"K\u00f8b Charas Hash Online - Premium Kvalitet | Beuh Paradis","description":"K\u00f8b h\u00e5ndv\u00e6rksm\u00e6ssig Charas Hash online hos Beuh Paradis. Nyd en autentisk hash... Hurtig, diskret levering","robots":{"index":"index","follow":"follow","max-snippet":"max-snippet:-1","max-image-preview":"max-image-preview:large","max-video-preview":"max-video-preview:-1"},"canonical":"https:\/\/beuhparadis.com\/da\/product\/charas-hash\/","og_locale":"da_DK","og_type":"article","og_title":"Charas Hash","og_description":"Achate du Charas Hash artisanal en ligne sur Beuh Paradis. Profitez d\u2019un haschich authentique.. Livraison rapide et discr\u00e8te","og_url":"https:\/\/beuhparadis.com\/da\/product\/charas-hash\/","og_site_name":"Beuh Paradis","article_modified_time":"2025-01-28T08:09:00+00:00","og_image":[{"width":247,"height":296,"url":"https:\/\/beuhparadis.com\/wp-content\/uploads\/2024\/12\/Charas-Hash-2.jpeg","type":"image\/jpeg"}],"twitter_card":"summary_large_image","twitter_misc":{"Estimeret l\u00e6setid":"2 minutes"},"schema":{"@context":"https:\/\/schema.org","@graph":[{"@type":"WebPage","@id":"https:\/\/beuhparadis.com\/product\/charas-hash\/","url":"https:\/\/beuhparadis.com\/product\/charas-hash\/","name":"K\u00f8b Charas Hash Online - Premium Kvalitet | Beuh Paradis","isPartOf":{"@id":"https:\/\/beuhparadis.com\/#website"},"primaryImageOfPage":{"@id":"https:\/\/beuhparadis.com\/product\/charas-hash\/#primaryimage"},"image":{"@id":"https:\/\/beuhparadis.com\/product\/charas-hash\/#primaryimage"},"thumbnailUrl":"https:\/\/beuhparadis.com\/wp-content\/uploads\/2024\/12\/Charas-Hash-2.jpeg","datePublished":"2024-12-10T23:51:22+00:00","dateModified":"2025-01-28T08:09:00+00:00","description":"K\u00f8b h\u00e5ndv\u00e6rksm\u00e6ssig Charas Hash online hos Beuh Paradis. Nyd en autentisk hash... Hurtig, diskret levering","breadcrumb":{"@id":"https:\/\/beuhparadis.com\/product\/charas-hash\/#breadcrumb"},"inLanguage":"da-DK","potentialAction":[{"@type":"ReadAction","target":["https:\/\/beuhparadis.com\/product\/charas-hash\/"]}]},{"@type":"ImageObject","inLanguage":"da-DK","@id":"https:\/\/beuhparadis.com\/product\/charas-hash\/#primaryimage","url":"https:\/\/beuhparadis.com\/wp-content\/uploads\/2024\/12\/Charas-Hash-2.jpeg","contentUrl":"https:\/\/beuhparadis.com\/wp-content\/uploads\/2024\/12\/Charas-Hash-2.jpeg","width":247,"height":296,"caption":"Acheter Charas Hash en Ligne"},{"@type":"BreadcrumbList","@id":"https:\/\/beuhparadis.com\/product\/charas-hash\/#breadcrumb","itemListElement":[{"@type":"ListItem","position":1,"name":"Home","item":"https:\/\/beuhparadis.com\/"},{"@type":"ListItem","position":2,"name":"Shop","item":"https:\/\/beuhparadis.com\/shop\/"},{"@type":"ListItem","position":3,"name":"Charas Hash"}]},{"@type":"WebSite","@id":"https:\/\/beuhparadis.com\/#website","url":"https:\/\/beuhparadis.com\/","name":"Beuh Paradis","description":"","potentialAction":[{"@type":"SearchAction","target":{"@type":"EntryPoint","urlTemplate":"https:\/\/beuhparadis.com\/?s={search_term_string}"},"query-input":{"@type":"PropertyValueSpecification","valueRequired":true,"valueName":"search_term_string"}}],"inLanguage":"da-DK"}]}},"_links":{"self":[{"href":"https:\/\/beuhparadis.com\/da\/wp-json\/wp\/v2\/product\/2130","targetHints":{"allow":["GET"]}}],"collection":[{"href":"https:\/\/beuhparadis.com\/da\/wp-json\/wp\/v2\/product"}],"about":[{"href":"https:\/\/beuhparadis.com\/da\/wp-json\/wp\/v2\/types\/product"}],"replies":[{"embeddable":true,"href":"https:\/\/beuhparadis.com\/da\/wp-json\/wp\/v2\/comments?post=2130"}],"wp:featuredmedia":[{"embeddable":true,"href":"https:\/\/beuhparadis.com\/da\/wp-json\/wp\/v2\/media\/2148"}],"wp:attachment":[{"href":"https:\/\/beuhparadis.com\/da\/wp-json\/wp\/v2\/media?parent=2130"}],"wp:term":[{"taxonomy":"product_brand","embeddable":true,"href":"https:\/\/beuhparadis.com\/da\/wp-json\/wp\/v2\/product_brand?post=2130"},{"taxonomy":"product_cat","embeddable":true,"href":"https:\/\/beuhparadis.com\/da\/wp-json\/wp\/v2\/product_cat?post=2130"},{"taxonomy":"product_tag","embeddable":true,"href":"https:\/\/beuhparadis.com\/da\/wp-json\/wp\/v2\/product_tag?post=2130"}],"curies":[{"name":"wp","href":"https:\/\/api.w.org\/{rel}","templated":true}]}}