{"id":2125,"date":"2024-12-10T23:51:21","date_gmt":"2024-12-10T23:51:21","guid":{"rendered":"https:\/\/beuhparadis.com\/?post_type=product&#038;p=2125"},"modified":"2025-01-28T08:27:25","modified_gmt":"2025-01-28T08:27:25","slug":"honey-moroccan-blonde-hash","status":"publish","type":"product","link":"https:\/\/beuhparadis.com\/da\/product\/honey-moroccan-blonde-hash\/","title":{"rendered":"Honning marokkansk blond hash"},"content":{"rendered":"<h1 class=\"wp-block-heading\">K\u00f8b Honey Moroccan Blonde Hash<\/h1>\n<p>Oplev Honey Moroccan Blonde Hash, et symbolsk produkt fra Marokko, der er kendt for sin enest\u00e5ende kvalitet og unikke tekstur. Denne hash er frugten af en \u00e6ldgammel tradition for hashproduktion i Nordafrika og giver cannabiselskere en uforglemmelig oplevelse.<\/p>\n<h2 class=\"wp-block-heading\">Information om Honey Moroccan Blonde Hash<\/h2>\n<ul class=\"wp-block-list\">\n<li><strong>Oprindelse<\/strong> Produceret i Marokko, den st\u00f8rste producent af hash af h\u00f8j kvalitet i Nordafrika.<\/li>\n<li><strong>Produktion<\/strong> Hash fremstilles af cannabisblomster, som i Marokko ofte kaldes \"kif\".<\/li>\n<li><strong>Tekstur<\/strong> Bl\u00f8d og smidig, nem at forme til en kugle eller slange med fingrene.<\/li>\n<li><strong>Forbrugsmetoder<\/strong> Kan rulles, langtidsbr\u00e6ndes eller ristes, ideelt til at inkorporere i en joint.<\/li>\n<\/ul>\n<h2 class=\"wp-block-heading\">THC og CBD<\/h2>\n<ul class=\"wp-block-list\">\n<li><strong>THC :<\/strong> Moderat koncentration med fokus p\u00e5 forbr\u00e6ndingskvalitet og dybe effekter snarere end en intens, kortvarig rus.<\/li>\n<li><strong>CBD :<\/strong> Der gives ikke specifikke oplysninger om CBD, men fokuseres i stedet p\u00e5 den afbalancerede oplevelse af THC.<\/li>\n<\/ul>\n<h2 class=\"wp-block-heading\">Effekter, aroma og smag<\/h2>\n<h3 class=\"wp-block-heading\">Effekt<\/h3>\n<p>Blonde Hash giver en afslappende, ritualistisk oplevelse, perfekt til dem, der \u00f8nsker at nyde en langsom forbr\u00e6nding og afbalancerede effekter.<\/p>\n<h3 class=\"wp-block-heading\">Aroma<\/h3>\n<p>Duften af Moroccan Hash er karakteristisk for marokkansk hash og giver en autentisk duftoplevelse.<\/p>\n<h3 class=\"wp-block-heading\">Smag<\/h3>\n<p>Smagen er rig og kompleks, hvilket afspejler den overlegne kvalitet af denne marokkanske hash.<\/p>\n<h2 class=\"wp-block-heading\">Medicinske virkninger<\/h2>\n<h3 class=\"wp-block-heading\">Medicinske virkninger<\/h3>\n<ul class=\"wp-block-list\">\n<li>Giver en afslappende oplevelse uden at for\u00e5rsage overdreven d\u00f8sighed.<\/li>\n<li>Ideel til brug i et afslappende milj\u00f8.<\/li>\n<\/ul>\n<h3 class=\"wp-block-heading\">Kan lindre<\/h3>\n<ul class=\"wp-block-list\">\n<li>Stress.<\/li>\n<li>Angst.<\/li>\n<li>Mild smerte.<\/li>\n<\/ul>\n<h2 class=\"wp-block-heading\">S\u00e5dan ryger du hash<\/h2>\n<p>Marokkansk honninghash kan spises p\u00e5 flere m\u00e5der:<\/p>\n<ul class=\"wp-block-list\">\n<li>Rullet ind i en slange og indarbejdet i en joint eller stump.<\/li>\n<li>Tilsat eller blandet med blomster i en pibe.<\/li>\n<li>Forbruges alene p\u00e5 en sk\u00e6rm i et r\u00f8r eller i et vandr\u00f8r.<\/li>\n<li>Fordampet, helst ved hj\u00e6lp af en fordamper, der er egnet til hash og lignende koncentrater.<\/li>\n<\/ul>\n<h2 class=\"wp-block-heading\">Hvor kan jeg k\u00f8be Honey Moroccan Blonde Hash online?<\/h2>\n<p>Acheterducannabis.fr er det ideelle sted at k\u00f8be Honey Moroccan Blonde Hash online med garanti for et autentisk produkt af h\u00f8j kvalitet.<\/p>\n<h2 class=\"wp-block-heading\">Hvorfor k\u00f8be Honey Moroccan Blonde Hash fra Acheterducannabis.fr?<\/h2>\n<p>Ved at v\u00e6lge <a href=\"https:\/\/beuhparadis.com\/da\/product\/afghan-hash\/\" data-type=\"link\" data-id=\"https:\/\/acheterducannabis.fr\/\">beuhparadis<\/a>N\u00e5r du v\u00e6lger marokkansk hash, v\u00e6lger du et produkt af h\u00f8jeste kvalitet, som er ideelt for dem, der \u00f8nsker en autentisk cannabisoplevelse af h\u00f8j kvalitet.<\/p>\n<h2 class=\"wp-block-heading\">Statslige love om salg af hash i Europa<\/h2>\n<p>At k\u00f8be Honey Blonde Hash via Acheterducannabis.fr betyder, at du er i fuld overensstemmelse med europ\u00e6isk lovgivning, hvilket sikrer en sikker og lovlig k\u00f8bsoplevelse.<\/p>\n<p>Honey Moroccan Blonde Hash er meget mere end bare et cannabisprodukt; det er en invitation til at opdage den marokkanske kulturs rigdom gennem en unik og mindev\u00e6rdig forbrugsoplevelse. Uanset om du er p\u00e5 udkig efter dyb afslapning eller en ny m\u00e5de at nyde din fritid p\u00e5, er Honey Moroccan Hash det perfekte valg for kendere.<\/p>","protected":false},"excerpt":{"rendered":"<p><strong>THC:<\/strong> 30%<\/p>\n<p>&amp;lt;strong&gt;Effets M&eacute;dicaux&lt;\/strong&gt;<\/p>\n<p><ul class=\"wp-block-list\"><li>Giver en afslappende oplevelse uden at for\u00e5rsage overdreven d\u00f8sighed.<\/p>\n<ul>\n<li>Ideel til brug i et afslappende milj\u00f8.<\/li>\n<\/ul>","protected":false},"featured_media":2147,"comment_status":"closed","ping_status":"closed","template":"","meta":{"site-sidebar-layout":"default","site-content-layout":"","ast-site-content-layout":"default","site-content-style":"default","site-sidebar-style":"default","ast-global-header-display":"","ast-banner-title-visibility":"","ast-main-header-display":"","ast-hfb-above-header-display":"","ast-hfb-below-header-display":"","ast-hfb-mobile-header-display":"","site-post-title":"","ast-breadcrumbs-content":"","ast-featured-img":"","footer-sml-layout":"","theme-transparent-header-meta":"default","adv-header-id-meta":"","stick-header-meta":"","header-above-stick-meta":"","header-main-stick-meta":"","header-below-stick-meta":"","astra-migrate-meta-layouts":"set","ast-page-background-enabled":"default","ast-page-background-meta":{"desktop":{"background-color":"","background-image":"","background-repeat":"repeat","background-position":"center center","background-size":"auto","background-attachment":"scroll","background-type":"","background-media":"","overlay-type":"","overlay-color":"","overlay-opacity":"","overlay-gradient":""},"tablet":{"background-color":"","background-image":"","background-repeat":"repeat","background-position":"center center","background-size":"auto","background-attachment":"scroll","background-type":"","background-media":"","overlay-type":"","overlay-color":"","overlay-opacity":"","overlay-gradient":""},"mobile":{"background-color":"","background-image":"","background-repeat":"repeat","background-position":"center center","background-size":"auto","background-attachment":"scroll","background-type":"","background-media":"","overlay-type":"","overlay-color":"","overlay-opacity":"","overlay-gradient":""}},"ast-content-background-meta":{"desktop":{"background-color":"var(--ast-global-color-5)","background-image":"","background-repeat":"repeat","background-position":"center center","background-size":"auto","background-attachment":"scroll","background-type":"","background-media":"","overlay-type":"","overlay-color":"","overlay-opacity":"","overlay-gradient":""},"tablet":{"background-color":"var(--ast-global-color-5)","background-image":"","background-repeat":"repeat","background-position":"center center","background-size":"auto","background-attachment":"scroll","background-type":"","background-media":"","overlay-type":"","overlay-color":"","overlay-opacity":"","overlay-gradient":""},"mobile":{"background-color":"var(--ast-global-color-5)","background-image":"","background-repeat":"repeat","background-position":"center center","background-size":"auto","background-attachment":"scroll","background-type":"","background-media":"","overlay-type":"","overlay-color":"","overlay-opacity":"","overlay-gradient":""}},"_joinchat":[]},"product_brand":[],"product_cat":[48],"product_tag":[],"class_list":{"0":"post-2125","1":"product","2":"type-product","3":"status-publish","4":"has-post-thumbnail","6":"product_cat-shit-thc","7":"desktop-align-left","8":"tablet-align-left","9":"mobile-align-left","11":"first","12":"instock","13":"shipping-taxable","14":"purchasable","15":"product-type-variable"},"yoast_head":"<!-- This site is optimized with the Yoast SEO Premium plugin v24.1 (Yoast SEO v26.8) - https:\/\/yoast.com\/product\/yoast-seo-premium-wordpress\/ -->\n<title>Acheter Honey Moroccan Blonde Hash | Qualite Premium<\/title>\n<meta name=\"description\" content=\"Commandez du Honey Moroccan Blonde Hash de qualit\u00e9 premium sur Beuh Paradis. Haschich pur, riche en THC, avec des saveurs naturelles.\" \/>\n<meta name=\"robots\" content=\"index, follow, max-snippet:-1, max-image-preview:large, max-video-preview:-1\" \/>\n<link rel=\"canonical\" href=\"https:\/\/beuhparadis.com\/da\/product\/honey-moroccan-blonde-hash\/\" \/>\n<meta property=\"og:locale\" content=\"da_DK\" \/>\n<meta property=\"og:type\" content=\"article\" \/>\n<meta property=\"og:title\" content=\"Honey Moroccan Blonde Hash\" \/>\n<meta property=\"og:description\" content=\"Commandez du Honey Moroccan Blonde Hash de qualit\u00e9 premium sur Beuh Paradis. Haschich pur, riche en THC, avec des saveurs naturelles.\" \/>\n<meta property=\"og:url\" content=\"https:\/\/beuhparadis.com\/da\/product\/honey-moroccan-blonde-hash\/\" \/>\n<meta property=\"og:site_name\" content=\"Beuh Paradis\" \/>\n<meta property=\"article:modified_time\" content=\"2025-01-28T08:27:25+00:00\" \/>\n<meta property=\"og:image\" content=\"https:\/\/beuhparadis.com\/wp-content\/uploads\/2024\/12\/Honey-Moroccan-Blonde-Hash-2.png\" \/>\n\t<meta property=\"og:image:width\" content=\"247\" \/>\n\t<meta property=\"og:image:height\" content=\"296\" \/>\n\t<meta property=\"og:image:type\" content=\"image\/png\" \/>\n<meta name=\"twitter:card\" content=\"summary_large_image\" \/>\n<meta name=\"twitter:label1\" content=\"Estimeret l\u00e6setid\" \/>\n\t<meta name=\"twitter:data1\" content=\"3 minutes\" \/>\n<script type=\"application\/ld+json\" class=\"yoast-schema-graph\">{\"@context\":\"https:\/\/schema.org\",\"@graph\":[{\"@type\":\"WebPage\",\"@id\":\"https:\/\/beuhparadis.com\/product\/honey-moroccan-blonde-hash\/\",\"url\":\"https:\/\/beuhparadis.com\/product\/honey-moroccan-blonde-hash\/\",\"name\":\"Acheter Honey Moroccan Blonde Hash | Qualite Premium\",\"isPartOf\":{\"@id\":\"https:\/\/beuhparadis.com\/#website\"},\"primaryImageOfPage\":{\"@id\":\"https:\/\/beuhparadis.com\/product\/honey-moroccan-blonde-hash\/#primaryimage\"},\"image\":{\"@id\":\"https:\/\/beuhparadis.com\/product\/honey-moroccan-blonde-hash\/#primaryimage\"},\"thumbnailUrl\":\"https:\/\/beuhparadis.com\/wp-content\/uploads\/2024\/12\/Honey-Moroccan-Blonde-Hash-2.png\",\"datePublished\":\"2024-12-10T23:51:21+00:00\",\"dateModified\":\"2025-01-28T08:27:25+00:00\",\"description\":\"Commandez du Honey Moroccan Blonde Hash de qualit\u00e9 premium sur Beuh Paradis. Haschich pur, riche en THC, avec des saveurs naturelles.\",\"breadcrumb\":{\"@id\":\"https:\/\/beuhparadis.com\/product\/honey-moroccan-blonde-hash\/#breadcrumb\"},\"inLanguage\":\"da-DK\",\"potentialAction\":[{\"@type\":\"ReadAction\",\"target\":[\"https:\/\/beuhparadis.com\/product\/honey-moroccan-blonde-hash\/\"]}]},{\"@type\":\"ImageObject\",\"inLanguage\":\"da-DK\",\"@id\":\"https:\/\/beuhparadis.com\/product\/honey-moroccan-blonde-hash\/#primaryimage\",\"url\":\"https:\/\/beuhparadis.com\/wp-content\/uploads\/2024\/12\/Honey-Moroccan-Blonde-Hash-2.png\",\"contentUrl\":\"https:\/\/beuhparadis.com\/wp-content\/uploads\/2024\/12\/Honey-Moroccan-Blonde-Hash-2.png\",\"width\":247,\"height\":296},{\"@type\":\"BreadcrumbList\",\"@id\":\"https:\/\/beuhparadis.com\/product\/honey-moroccan-blonde-hash\/#breadcrumb\",\"itemListElement\":[{\"@type\":\"ListItem\",\"position\":1,\"name\":\"Home\",\"item\":\"https:\/\/beuhparadis.com\/\"},{\"@type\":\"ListItem\",\"position\":2,\"name\":\"Shop\",\"item\":\"https:\/\/beuhparadis.com\/shop\/\"},{\"@type\":\"ListItem\",\"position\":3,\"name\":\"Honey Moroccan Blonde Hash\"}]},{\"@type\":\"WebSite\",\"@id\":\"https:\/\/beuhparadis.com\/#website\",\"url\":\"https:\/\/beuhparadis.com\/\",\"name\":\"Beuh Paradis\",\"description\":\"\",\"potentialAction\":[{\"@type\":\"SearchAction\",\"target\":{\"@type\":\"EntryPoint\",\"urlTemplate\":\"https:\/\/beuhparadis.com\/?s={search_term_string}\"},\"query-input\":{\"@type\":\"PropertyValueSpecification\",\"valueRequired\":true,\"valueName\":\"search_term_string\"}}],\"inLanguage\":\"da-DK\"}]}<\/script>\n<!-- \/ Yoast SEO Premium plugin. -->","yoast_head_json":{"title":"K\u00f8b honning marokkansk blond hash af h\u00f8j kvalitet","description":"Bestil Honey Moroccan Blonde Hash af h\u00f8j kvalitet fra Beuh Paradis. Ren, THC-rig hash med naturlige smagsstoffer.","robots":{"index":"index","follow":"follow","max-snippet":"max-snippet:-1","max-image-preview":"max-image-preview:large","max-video-preview":"max-video-preview:-1"},"canonical":"https:\/\/beuhparadis.com\/da\/product\/honey-moroccan-blonde-hash\/","og_locale":"da_DK","og_type":"article","og_title":"Honey Moroccan Blonde Hash","og_description":"Commandez du Honey Moroccan Blonde Hash de qualit\u00e9 premium sur Beuh Paradis. Haschich pur, riche en THC, avec des saveurs naturelles.","og_url":"https:\/\/beuhparadis.com\/da\/product\/honey-moroccan-blonde-hash\/","og_site_name":"Beuh Paradis","article_modified_time":"2025-01-28T08:27:25+00:00","og_image":[{"width":247,"height":296,"url":"https:\/\/beuhparadis.com\/wp-content\/uploads\/2024\/12\/Honey-Moroccan-Blonde-Hash-2.png","type":"image\/png"}],"twitter_card":"summary_large_image","twitter_misc":{"Estimeret l\u00e6setid":"3 minutes"},"schema":{"@context":"https:\/\/schema.org","@graph":[{"@type":"WebPage","@id":"https:\/\/beuhparadis.com\/product\/honey-moroccan-blonde-hash\/","url":"https:\/\/beuhparadis.com\/product\/honey-moroccan-blonde-hash\/","name":"K\u00f8b honning marokkansk blond hash af h\u00f8j kvalitet","isPartOf":{"@id":"https:\/\/beuhparadis.com\/#website"},"primaryImageOfPage":{"@id":"https:\/\/beuhparadis.com\/product\/honey-moroccan-blonde-hash\/#primaryimage"},"image":{"@id":"https:\/\/beuhparadis.com\/product\/honey-moroccan-blonde-hash\/#primaryimage"},"thumbnailUrl":"https:\/\/beuhparadis.com\/wp-content\/uploads\/2024\/12\/Honey-Moroccan-Blonde-Hash-2.png","datePublished":"2024-12-10T23:51:21+00:00","dateModified":"2025-01-28T08:27:25+00:00","description":"Bestil Honey Moroccan Blonde Hash af h\u00f8j kvalitet fra Beuh Paradis. Ren, THC-rig hash med naturlige smagsstoffer.","breadcrumb":{"@id":"https:\/\/beuhparadis.com\/product\/honey-moroccan-blonde-hash\/#breadcrumb"},"inLanguage":"da-DK","potentialAction":[{"@type":"ReadAction","target":["https:\/\/beuhparadis.com\/product\/honey-moroccan-blonde-hash\/"]}]},{"@type":"ImageObject","inLanguage":"da-DK","@id":"https:\/\/beuhparadis.com\/product\/honey-moroccan-blonde-hash\/#primaryimage","url":"https:\/\/beuhparadis.com\/wp-content\/uploads\/2024\/12\/Honey-Moroccan-Blonde-Hash-2.png","contentUrl":"https:\/\/beuhparadis.com\/wp-content\/uploads\/2024\/12\/Honey-Moroccan-Blonde-Hash-2.png","width":247,"height":296},{"@type":"BreadcrumbList","@id":"https:\/\/beuhparadis.com\/product\/honey-moroccan-blonde-hash\/#breadcrumb","itemListElement":[{"@type":"ListItem","position":1,"name":"Home","item":"https:\/\/beuhparadis.com\/"},{"@type":"ListItem","position":2,"name":"Shop","item":"https:\/\/beuhparadis.com\/shop\/"},{"@type":"ListItem","position":3,"name":"Honey Moroccan Blonde Hash"}]},{"@type":"WebSite","@id":"https:\/\/beuhparadis.com\/#website","url":"https:\/\/beuhparadis.com\/","name":"Beuh Paradis","description":"","potentialAction":[{"@type":"SearchAction","target":{"@type":"EntryPoint","urlTemplate":"https:\/\/beuhparadis.com\/?s={search_term_string}"},"query-input":{"@type":"PropertyValueSpecification","valueRequired":true,"valueName":"search_term_string"}}],"inLanguage":"da-DK"}]}},"_links":{"self":[{"href":"https:\/\/beuhparadis.com\/da\/wp-json\/wp\/v2\/product\/2125","targetHints":{"allow":["GET"]}}],"collection":[{"href":"https:\/\/beuhparadis.com\/da\/wp-json\/wp\/v2\/product"}],"about":[{"href":"https:\/\/beuhparadis.com\/da\/wp-json\/wp\/v2\/types\/product"}],"replies":[{"embeddable":true,"href":"https:\/\/beuhparadis.com\/da\/wp-json\/wp\/v2\/comments?post=2125"}],"wp:featuredmedia":[{"embeddable":true,"href":"https:\/\/beuhparadis.com\/da\/wp-json\/wp\/v2\/media\/2147"}],"wp:attachment":[{"href":"https:\/\/beuhparadis.com\/da\/wp-json\/wp\/v2\/media?parent=2125"}],"wp:term":[{"taxonomy":"product_brand","embeddable":true,"href":"https:\/\/beuhparadis.com\/da\/wp-json\/wp\/v2\/product_brand?post=2125"},{"taxonomy":"product_cat","embeddable":true,"href":"https:\/\/beuhparadis.com\/da\/wp-json\/wp\/v2\/product_cat?post=2125"},{"taxonomy":"product_tag","embeddable":true,"href":"https:\/\/beuhparadis.com\/da\/wp-json\/wp\/v2\/product_tag?post=2125"}],"curies":[{"name":"wp","href":"https:\/\/api.w.org\/{rel}","templated":true}]}}