{"id":2095,"date":"2024-12-10T23:51:12","date_gmt":"2024-12-10T23:51:12","guid":{"rendered":"https:\/\/beuhparadis.com\/?post_type=product&#038;p=2095"},"modified":"2025-01-28T08:54:03","modified_gmt":"2025-01-28T08:54:03","slug":"nepalese-hash","status":"publish","type":"product","link":"https:\/\/beuhparadis.com\/da\/product\/nepalese-hash\/","title":{"rendered":"Nepalesisk hash"},"content":{"rendered":"<h1 class=\"wp-block-heading\">K\u00f8b nepalesisk hash<\/h1>\n<p>K\u00f8b nepalesisk hash, en sj\u00e6lden variant af hash fra de bjergrige omr\u00e5der i Nepal. Nepalesisk hash er kendt for sin let h\u00e5ndterlige konsistens og unikke krydrede smag og er frugten af \u00e5rhundreders tradition og ekspertise. I denne beskrivelse dykker vi ned i detaljerne om dette enest\u00e5ende produkt.<\/p>\n<h2 class=\"wp-block-heading\">Information om nepalesisk hash<\/h2>\n<ul class=\"wp-block-list\">\n<li><strong>Oprindelse<\/strong> H\u00f8jtliggende bjergomr\u00e5der i Nepal.<\/li>\n<li><strong>Konsistens<\/strong> Let at arbejde med takket v\u00e6re bevarelsen af harpiksholdige THC-trichomer.<\/li>\n<li><strong>Fremstilling<\/strong> Manuel h\u00f8st af trichomer fra planten f\u00f8r forarbejdning.<\/li>\n<li><strong>Kvalitet<\/strong> : Anses for at v\u00e6re en af de bedste takket v\u00e6re dens specialiserede fremstillingsteknikker.<\/li>\n<\/ul>\n<h2 class=\"wp-block-heading\">THC og CBD<\/h2>\n<p>Nepalesisk hash er kendetegnet ved en h\u00f8j koncentration af THC p\u00e5 grund af renheden af den indsamlede harpiks. Selvom den n\u00f8jagtige procentdel af THC og CBD kan variere, l\u00e6gges der v\u00e6gt p\u00e5 den kraftige tilstedev\u00e6relse af THC, som giver en rig og dyb oplevelse.<\/p>\n<h2 class=\"wp-block-heading\">Effekter, aroma og smag<\/h2>\n<h3 class=\"wp-block-heading\">Effekt<\/h3>\n<p>Nepalesisk hash er v\u00e6rdsat for sin afslappende virkning og fordybende oplevelse, hvilket g\u00f8r denne sort ideel til b\u00e5de begyndere og erfarne brugere.<\/p>\n<h3 class=\"wp-block-heading\">Aroma<\/h3>\n<p>Duften af nepalesisk hash er pr\u00e6get af krydrede noter med en overraskende s\u00f8dme, der minder om fyrretr\u00e6, og som afspejler mangfoldigheden af de regioner og planter, der anvendes.<\/p>\n<h3 class=\"wp-block-heading\">Smag<\/h3>\n<p>Den krydrede smag, suppleret med en s\u00f8dme fra fyrretr\u00e6er, definerer den unikke smagsprofil af nepalesisk hash og giver en rig sensorisk oplevelse.<\/p>\n<h2 class=\"wp-block-heading\">Medicinske virkninger af nepalesisk hash<\/h2>\n<h3 class=\"wp-block-heading\">Medicinske virkninger<\/h3>\n<p>Nepalesisk hash er eftertragtet p\u00e5 grund af sine gavnlige virkninger, is\u00e6r evnen til at fremkalde afslapning og velv\u00e6re, hvilket g\u00f8r det til et foretrukket valg for medicinske brugere.<\/p>\n<h3 class=\"wp-block-heading\">Kan lindre<\/h3>\n<p>Takket v\u00e6re det h\u00f8je THC-indhold kan nepalesisk hash hj\u00e6lpe med at lindre en r\u00e6kke lidelser, herunder stress, angst og smerter.<\/p>\n<h2 class=\"wp-block-heading\">S\u00e5dan ryger du hash<\/h2>\n<p>Hash kan indtages p\u00e5 mange forskellige m\u00e5der: smuldret i en bong eller pibe, blandet med joints eller fordampet for at f\u00e5 en renere oplevelse.<\/p>\n<h2 class=\"wp-block-heading\">Hvor kan jeg k\u00f8be nepalesisk tempelhash online?<\/h2>\n<p>Nepalesisk hash i topkvalitet f\u00e5s p\u00e5 beuhparadis, hvor \u00e6gthed og kvalitet er garanteret.<\/p>\n<h2 class=\"wp-block-heading\">Hvorfor k\u00f8be nepalesisk hash p\u00e5 beuhparadis.com?<\/h2>\n<p><a href=\"https:\/\/beuhparadis.com\/da\/product\/charas-hash\/\">Beuhparadis.com<\/a> er forpligtet til at levere den bedste nepalesiske hash og garantere en uovertruffen brugeroplevelse takket v\u00e6re produkter af overlegen kvalitet, der lever op til de mest kr\u00e6vende forbrugeres forventninger.<\/p>\n<h2 class=\"wp-block-heading\">Statslige love om salg af hash i Europa<\/h2>\n<p>Salget af hash, herunder nepalesisk hash, er reguleret i Europa. Det er vigtigt at finde ud af, hvilke love der g\u00e6lder i dit land for at sikre et ansvarligt forbrug og k\u00f8b.<\/p>\n<p>Le <strong>Nepalesisk hash<\/strong> repr\u00e6senterer det ypperste inden for hashtradition og -kvalitet. Med sine afslappende effekter, unikke aroma og medicinske fordele giver den en uforglemmelig oplevelse. Uanset om du er nybegynder eller en erfaren bruger, lover sort nepalesisk hash en udforskning, der er rig p\u00e5 smag og fornemmelser. Oplev det p\u00e5 Acheterducannabis.fr for garanteret kvalitet og tilfredshed.<\/p>","protected":false},"excerpt":{"rendered":"<p><strong>THC:<\/strong> 70%<\/p>\n<p><strong>Medicinske virkninger<\/strong><\/p>\n<p>Nepalesisk hash er eftertragtet p\u00e5 grund af sine gavnlige virkninger, is\u00e6r evnen til at fremkalde afslapning og velv\u00e6re, hvilket g\u00f8r det til et foretrukket valg for medicinske brugere.<\/p>","protected":false},"featured_media":2112,"comment_status":"closed","ping_status":"closed","template":"","meta":{"site-sidebar-layout":"default","site-content-layout":"","ast-site-content-layout":"default","site-content-style":"default","site-sidebar-style":"default","ast-global-header-display":"","ast-banner-title-visibility":"","ast-main-header-display":"","ast-hfb-above-header-display":"","ast-hfb-below-header-display":"","ast-hfb-mobile-header-display":"","site-post-title":"","ast-breadcrumbs-content":"","ast-featured-img":"","footer-sml-layout":"","theme-transparent-header-meta":"default","adv-header-id-meta":"","stick-header-meta":"","header-above-stick-meta":"","header-main-stick-meta":"","header-below-stick-meta":"","astra-migrate-meta-layouts":"set","ast-page-background-enabled":"default","ast-page-background-meta":{"desktop":{"background-color":"","background-image":"","background-repeat":"repeat","background-position":"center center","background-size":"auto","background-attachment":"scroll","background-type":"","background-media":"","overlay-type":"","overlay-color":"","overlay-opacity":"","overlay-gradient":""},"tablet":{"background-color":"","background-image":"","background-repeat":"repeat","background-position":"center center","background-size":"auto","background-attachment":"scroll","background-type":"","background-media":"","overlay-type":"","overlay-color":"","overlay-opacity":"","overlay-gradient":""},"mobile":{"background-color":"","background-image":"","background-repeat":"repeat","background-position":"center center","background-size":"auto","background-attachment":"scroll","background-type":"","background-media":"","overlay-type":"","overlay-color":"","overlay-opacity":"","overlay-gradient":""}},"ast-content-background-meta":{"desktop":{"background-color":"var(--ast-global-color-5)","background-image":"","background-repeat":"repeat","background-position":"center center","background-size":"auto","background-attachment":"scroll","background-type":"","background-media":"","overlay-type":"","overlay-color":"","overlay-opacity":"","overlay-gradient":""},"tablet":{"background-color":"var(--ast-global-color-5)","background-image":"","background-repeat":"repeat","background-position":"center center","background-size":"auto","background-attachment":"scroll","background-type":"","background-media":"","overlay-type":"","overlay-color":"","overlay-opacity":"","overlay-gradient":""},"mobile":{"background-color":"var(--ast-global-color-5)","background-image":"","background-repeat":"repeat","background-position":"center center","background-size":"auto","background-attachment":"scroll","background-type":"","background-media":"","overlay-type":"","overlay-color":"","overlay-opacity":"","overlay-gradient":""}},"_joinchat":[]},"product_brand":[],"product_cat":[48],"product_tag":[],"class_list":{"0":"post-2095","1":"product","2":"type-product","3":"status-publish","4":"has-post-thumbnail","6":"product_cat-shit-thc","7":"desktop-align-left","8":"tablet-align-left","9":"mobile-align-left","11":"first","12":"instock","13":"shipping-taxable","14":"purchasable","15":"product-type-variable"},"yoast_head":"<!-- This site is optimized with the Yoast SEO Premium plugin v24.1 (Yoast SEO v26.8) - https:\/\/yoast.com\/product\/yoast-seo-premium-wordpress\/ -->\n<title>Acheter Hash nepalese en Ligne | Hash Traditionnel du N\u00e9pal<\/title>\n<meta name=\"description\" content=\"Acheter hash nepalese , un produit artisanal et puissant, fabriqu\u00e9 selon des m\u00e9thodes ancestrales. Achetez en ligne avec livraison discr\u00e8te et rapide.\" \/>\n<meta name=\"robots\" content=\"index, follow, max-snippet:-1, max-image-preview:large, max-video-preview:-1\" \/>\n<link rel=\"canonical\" href=\"https:\/\/beuhparadis.com\/da\/product\/nepalese-hash\/\" \/>\n<meta property=\"og:locale\" content=\"da_DK\" \/>\n<meta property=\"og:type\" content=\"article\" \/>\n<meta property=\"og:title\" content=\"Nepalese Hash\" \/>\n<meta property=\"og:description\" content=\"Acheter hash nepalese , un produit artisanal et puissant, fabriqu\u00e9 selon des m\u00e9thodes ancestrales. Achetez en ligne avec livraison discr\u00e8te et rapide.\" \/>\n<meta property=\"og:url\" content=\"https:\/\/beuhparadis.com\/da\/product\/nepalese-hash\/\" \/>\n<meta property=\"og:site_name\" content=\"Beuh Paradis\" \/>\n<meta property=\"article:modified_time\" content=\"2025-01-28T08:54:03+00:00\" \/>\n<meta property=\"og:image\" content=\"https:\/\/beuhparadis.com\/wp-content\/uploads\/2024\/12\/Nepalese-Hash-Online-2.jpeg\" \/>\n\t<meta property=\"og:image:width\" content=\"247\" \/>\n\t<meta property=\"og:image:height\" content=\"296\" \/>\n\t<meta property=\"og:image:type\" content=\"image\/jpeg\" \/>\n<meta name=\"twitter:card\" content=\"summary_large_image\" \/>\n<meta name=\"twitter:label1\" content=\"Estimeret l\u00e6setid\" \/>\n\t<meta name=\"twitter:data1\" content=\"3 minutes\" \/>\n<script type=\"application\/ld+json\" class=\"yoast-schema-graph\">{\"@context\":\"https:\/\/schema.org\",\"@graph\":[{\"@type\":\"WebPage\",\"@id\":\"https:\/\/beuhparadis.com\/product\/nepalese-hash\/\",\"url\":\"https:\/\/beuhparadis.com\/product\/nepalese-hash\/\",\"name\":\"Acheter Hash nepalese en Ligne | Hash Traditionnel du N\u00e9pal\",\"isPartOf\":{\"@id\":\"https:\/\/beuhparadis.com\/#website\"},\"primaryImageOfPage\":{\"@id\":\"https:\/\/beuhparadis.com\/product\/nepalese-hash\/#primaryimage\"},\"image\":{\"@id\":\"https:\/\/beuhparadis.com\/product\/nepalese-hash\/#primaryimage\"},\"thumbnailUrl\":\"https:\/\/beuhparadis.com\/wp-content\/uploads\/2024\/12\/Nepalese-Hash-Online-2.jpeg\",\"datePublished\":\"2024-12-10T23:51:12+00:00\",\"dateModified\":\"2025-01-28T08:54:03+00:00\",\"description\":\"Acheter hash nepalese , un produit artisanal et puissant, fabriqu\u00e9 selon des m\u00e9thodes ancestrales. Achetez en ligne avec livraison discr\u00e8te et rapide.\",\"breadcrumb\":{\"@id\":\"https:\/\/beuhparadis.com\/product\/nepalese-hash\/#breadcrumb\"},\"inLanguage\":\"da-DK\",\"potentialAction\":[{\"@type\":\"ReadAction\",\"target\":[\"https:\/\/beuhparadis.com\/product\/nepalese-hash\/\"]}]},{\"@type\":\"ImageObject\",\"inLanguage\":\"da-DK\",\"@id\":\"https:\/\/beuhparadis.com\/product\/nepalese-hash\/#primaryimage\",\"url\":\"https:\/\/beuhparadis.com\/wp-content\/uploads\/2024\/12\/Nepalese-Hash-Online-2.jpeg\",\"contentUrl\":\"https:\/\/beuhparadis.com\/wp-content\/uploads\/2024\/12\/Nepalese-Hash-Online-2.jpeg\",\"width\":247,\"height\":296},{\"@type\":\"BreadcrumbList\",\"@id\":\"https:\/\/beuhparadis.com\/product\/nepalese-hash\/#breadcrumb\",\"itemListElement\":[{\"@type\":\"ListItem\",\"position\":1,\"name\":\"Home\",\"item\":\"https:\/\/beuhparadis.com\/\"},{\"@type\":\"ListItem\",\"position\":2,\"name\":\"Shop\",\"item\":\"https:\/\/beuhparadis.com\/shop\/\"},{\"@type\":\"ListItem\",\"position\":3,\"name\":\"Nepalese Hash\"}]},{\"@type\":\"WebSite\",\"@id\":\"https:\/\/beuhparadis.com\/#website\",\"url\":\"https:\/\/beuhparadis.com\/\",\"name\":\"Beuh Paradis\",\"description\":\"\",\"potentialAction\":[{\"@type\":\"SearchAction\",\"target\":{\"@type\":\"EntryPoint\",\"urlTemplate\":\"https:\/\/beuhparadis.com\/?s={search_term_string}\"},\"query-input\":{\"@type\":\"PropertyValueSpecification\",\"valueRequired\":true,\"valueName\":\"search_term_string\"}}],\"inLanguage\":\"da-DK\"}]}<\/script>\n<!-- \/ Yoast SEO Premium plugin. -->","yoast_head_json":{"title":"K\u00f8b nepalesisk hash online | Traditionel nepalesisk hash","description":"K\u00f8b autentisk marokkansk hash, lavet med traditionelle metoder. K\u00f8b online med hurtig, diskret levering.","robots":{"index":"index","follow":"follow","max-snippet":"max-snippet:-1","max-image-preview":"max-image-preview:large","max-video-preview":"max-video-preview:-1"},"canonical":"https:\/\/beuhparadis.com\/da\/product\/nepalese-hash\/","og_locale":"da_DK","og_type":"article","og_title":"Nepalese Hash","og_description":"Acheter hash nepalese , un produit artisanal et puissant, fabriqu\u00e9 selon des m\u00e9thodes ancestrales. Achetez en ligne avec livraison discr\u00e8te et rapide.","og_url":"https:\/\/beuhparadis.com\/da\/product\/nepalese-hash\/","og_site_name":"Beuh Paradis","article_modified_time":"2025-01-28T08:54:03+00:00","og_image":[{"width":247,"height":296,"url":"https:\/\/beuhparadis.com\/wp-content\/uploads\/2024\/12\/Nepalese-Hash-Online-2.jpeg","type":"image\/jpeg"}],"twitter_card":"summary_large_image","twitter_misc":{"Estimeret l\u00e6setid":"3 minutes"},"schema":{"@context":"https:\/\/schema.org","@graph":[{"@type":"WebPage","@id":"https:\/\/beuhparadis.com\/product\/nepalese-hash\/","url":"https:\/\/beuhparadis.com\/product\/nepalese-hash\/","name":"K\u00f8b nepalesisk hash online | Traditionel nepalesisk hash","isPartOf":{"@id":"https:\/\/beuhparadis.com\/#website"},"primaryImageOfPage":{"@id":"https:\/\/beuhparadis.com\/product\/nepalese-hash\/#primaryimage"},"image":{"@id":"https:\/\/beuhparadis.com\/product\/nepalese-hash\/#primaryimage"},"thumbnailUrl":"https:\/\/beuhparadis.com\/wp-content\/uploads\/2024\/12\/Nepalese-Hash-Online-2.jpeg","datePublished":"2024-12-10T23:51:12+00:00","dateModified":"2025-01-28T08:54:03+00:00","description":"K\u00f8b autentisk marokkansk hash, lavet med traditionelle metoder. K\u00f8b online med hurtig, diskret levering.","breadcrumb":{"@id":"https:\/\/beuhparadis.com\/product\/nepalese-hash\/#breadcrumb"},"inLanguage":"da-DK","potentialAction":[{"@type":"ReadAction","target":["https:\/\/beuhparadis.com\/product\/nepalese-hash\/"]}]},{"@type":"ImageObject","inLanguage":"da-DK","@id":"https:\/\/beuhparadis.com\/product\/nepalese-hash\/#primaryimage","url":"https:\/\/beuhparadis.com\/wp-content\/uploads\/2024\/12\/Nepalese-Hash-Online-2.jpeg","contentUrl":"https:\/\/beuhparadis.com\/wp-content\/uploads\/2024\/12\/Nepalese-Hash-Online-2.jpeg","width":247,"height":296},{"@type":"BreadcrumbList","@id":"https:\/\/beuhparadis.com\/product\/nepalese-hash\/#breadcrumb","itemListElement":[{"@type":"ListItem","position":1,"name":"Home","item":"https:\/\/beuhparadis.com\/"},{"@type":"ListItem","position":2,"name":"Shop","item":"https:\/\/beuhparadis.com\/shop\/"},{"@type":"ListItem","position":3,"name":"Nepalese Hash"}]},{"@type":"WebSite","@id":"https:\/\/beuhparadis.com\/#website","url":"https:\/\/beuhparadis.com\/","name":"Beuh Paradis","description":"","potentialAction":[{"@type":"SearchAction","target":{"@type":"EntryPoint","urlTemplate":"https:\/\/beuhparadis.com\/?s={search_term_string}"},"query-input":{"@type":"PropertyValueSpecification","valueRequired":true,"valueName":"search_term_string"}}],"inLanguage":"da-DK"}]}},"_links":{"self":[{"href":"https:\/\/beuhparadis.com\/da\/wp-json\/wp\/v2\/product\/2095","targetHints":{"allow":["GET"]}}],"collection":[{"href":"https:\/\/beuhparadis.com\/da\/wp-json\/wp\/v2\/product"}],"about":[{"href":"https:\/\/beuhparadis.com\/da\/wp-json\/wp\/v2\/types\/product"}],"replies":[{"embeddable":true,"href":"https:\/\/beuhparadis.com\/da\/wp-json\/wp\/v2\/comments?post=2095"}],"wp:featuredmedia":[{"embeddable":true,"href":"https:\/\/beuhparadis.com\/da\/wp-json\/wp\/v2\/media\/2112"}],"wp:attachment":[{"href":"https:\/\/beuhparadis.com\/da\/wp-json\/wp\/v2\/media?parent=2095"}],"wp:term":[{"taxonomy":"product_brand","embeddable":true,"href":"https:\/\/beuhparadis.com\/da\/wp-json\/wp\/v2\/product_brand?post=2095"},{"taxonomy":"product_cat","embeddable":true,"href":"https:\/\/beuhparadis.com\/da\/wp-json\/wp\/v2\/product_cat?post=2095"},{"taxonomy":"product_tag","embeddable":true,"href":"https:\/\/beuhparadis.com\/da\/wp-json\/wp\/v2\/product_tag?post=2095"}],"curies":[{"name":"wp","href":"https:\/\/api.w.org\/{rel}","templated":true}]}}