{"id":2090,"date":"2024-12-10T23:51:11","date_gmt":"2024-12-10T23:51:11","guid":{"rendered":"https:\/\/beuhparadis.com\/?post_type=product&#038;p=2090"},"modified":"2025-01-28T09:14:48","modified_gmt":"2025-01-28T09:14:48","slug":"scissor-hash-finger-hash","status":"publish","type":"product","link":"https:\/\/beuhparadis.com\/da\/product\/scissor-hash-finger-hash\/","title":{"rendered":"Sakse-hash (finger-hash)"},"content":{"rendered":"<h1 class=\"wp-block-heading\">K\u00f8b Scissor Hash<\/h1>\n<p>Buy Scissor Hash, ogs\u00e5 kendt som fingerhash, er et unikt harpiksholdigt produkt, der opn\u00e5s ved at opsamle den kl\u00e6brige harpiks fra de sakse, der bruges til at trimme cannabisplanter. Denne form for hash er v\u00e6rdsat for sin lette produktion og overraskende styrke, der giver en rig, koncentreret oplevelse for cannabisentusiaster.<\/p>\n<h2 class=\"wp-block-heading\">Information om saksehash<\/h2>\n<ul class=\"wp-block-list\">\n<li><strong>Oprindelse<\/strong> Rester fundet p\u00e5 en saks efter klipning af cannabisblomster, kendt som fingerhash.<\/li>\n<li><strong>Produktion<\/strong> Dannelse af sm\u00e5 kugler af harpiks ved manuelt tryk, hvilket giver anledning til saksehash.<\/li>\n<li><strong>Farve og tekstur<\/strong> Kl\u00e6brig konsistens, generelt m\u00f8rk i farven, typisk for hashfinger.<\/li>\n<\/ul>\n<h2 class=\"wp-block-heading\">THC og CBD<\/h2>\n<p>Scissor Hash er kendetegnet ved en THC-koncentration, der kan variere mellem <strong>15% og 50%<\/strong>Gennemsnittet er omkring 20% til 30%. CBD-niveauerne er generelt lave, hvilket fremh\u00e6ver de psykoaktive effekter af THC. Prisen p\u00e5 fingerhash afspejler ofte dens styrke og kvalitet.<\/p>\n<h2 class=\"wp-block-heading\">Effekter, aroma og smag<\/h2>\n<h3 class=\"wp-block-heading\">Effekt<\/h3>\n<p>Scissor Hash er kendt for sine kraftige, \u00f8jeblikkelige virkninger og giver en intens oplevelse, der kan variere fra dyb afslapning til mild eufori, afh\u00e6ngigt af m\u00e6ngden, der indtages.<\/p>\n<h3 class=\"wp-block-heading\">Aroma<\/h3>\n<p>Duften af Scissorhash er dybt jordagtig med krydrede noter, hvilket afspejler den h\u00f8je koncentration af terpener i cannabisharpiks.<\/p>\n<h3 class=\"wp-block-heading\">Smag<\/h3>\n<p>Smagen er fyldig og kompleks og blander jordagtige noter med antydninger af s\u00f8dme og krydderier for at skabe en unik smagsoplevelse. Denne profil er karakteristisk for fingerhash.<\/p>\n<h2 class=\"wp-block-heading\">Medicinske virkninger<\/h2>\n<h3 class=\"wp-block-heading\">Medicinske virkninger<\/h3>\n<p>Takket v\u00e6re det h\u00f8je THC-indhold kan Scissor Hash bruges til at lindre en r\u00e6kke forskellige symptomer og tilstande, herunder smerter, angst og s\u00f8vnl\u00f8shed.<\/p>\n<h3 class=\"wp-block-heading\">Kan lindre<\/h3>\n<ul class=\"wp-block-list\">\n<li>Kronisk smerte<\/li>\n<li>Stress og angst<\/li>\n<li>S\u00f8vnl\u00f8shed og s\u00f8vnforstyrrelser<\/li>\n<\/ul>\n<h2 class=\"wp-block-heading\">S\u00e5dan ryger du Scissor Hash<\/h2>\n<p>Scissor Hash kan indtages p\u00e5 flere m\u00e5der: ryges alene, blandes med tobak eller cannabis i joints, fordampes eller bruges som ingrediens i tilberedning af spiselige produkter efter decarboxylering.<\/p>\n<h2 class=\"wp-block-heading\">Hvor kan jeg k\u00f8be Scissor Hash online?<\/h2>\n<p>Du kan k\u00f8be Scissor-hash af h\u00f8j kvalitet online fra specialiserede websteder som f.eks. <strong>K\u00f8bducannabis.fr<\/strong>hvilket garanterer et rent, kraftfuldt produkt.<\/p>\n<h2 class=\"wp-block-heading\">Hvorfor k\u00f8be Scissor Hash p\u00e5 beuhparadis?<\/h2>\n<p><a href=\"https:\/\/beuhparadis.com\/da\/product\/charas-hash\/\" data-type=\"link\" data-id=\"https:\/\/acheterducannabis.fr\/\">Beuhparadis.com<\/a> skiller sig ud for sit engagement i kvalitet og tilbyder en hashsaks produceret ved hj\u00e6lp af traditionelle metoder, hvilket garanterer en autentisk og tilfredsstillende oplevelse. Prisen p\u00e5 fingerhash p\u00e5 Acheterducannabis er konkurrencedygtig og afspejler produktets enest\u00e5ende kvalitet.<\/p>\n<h2 class=\"wp-block-heading\">Statslige love om salg af hash i Europa<\/h2>\n<p>I Europa er salget af cannabisbaserede produkter som Scissor-hash reguleret af strenge love. Det er vigtigt at finde ud af, hvilken lovgivning der g\u00e6lder i dit land, f\u00f8r du k\u00f8ber eller indtager hash.<\/p>\n<p>Scissor Hash, eller fingerhash, giver en unik oplevelse for cannabisentusiaster ved at kombinere styrke, smag og brugervenlighed. Uanset om du er p\u00e5 udkig efter en afslappende effekt eller et medicinsk hj\u00e6lpemiddel, er Scissor Hash en mulighed, du b\u00f8r overveje.<\/p>","protected":false},"excerpt":{"rendered":"<p><strong>THC:<\/strong> 30%<\/p>\n<p><strong>Medicinske virkninger<\/strong><br \/>\nTakket v\u00e6re det h\u00f8je THC-indhold kan Scissor Hash bruges til at lindre en r\u00e6kke forskellige symptomer og tilstande, herunder smerter, angst og s\u00f8vnl\u00f8shed.<\/p>","protected":false},"featured_media":2111,"comment_status":"closed","ping_status":"closed","template":"","meta":{"site-sidebar-layout":"default","site-content-layout":"","ast-site-content-layout":"default","site-content-style":"default","site-sidebar-style":"default","ast-global-header-display":"","ast-banner-title-visibility":"","ast-main-header-display":"","ast-hfb-above-header-display":"","ast-hfb-below-header-display":"","ast-hfb-mobile-header-display":"","site-post-title":"","ast-breadcrumbs-content":"","ast-featured-img":"","footer-sml-layout":"","theme-transparent-header-meta":"default","adv-header-id-meta":"","stick-header-meta":"","header-above-stick-meta":"","header-main-stick-meta":"","header-below-stick-meta":"","astra-migrate-meta-layouts":"set","ast-page-background-enabled":"default","ast-page-background-meta":{"desktop":{"background-color":"","background-image":"","background-repeat":"repeat","background-position":"center center","background-size":"auto","background-attachment":"scroll","background-type":"","background-media":"","overlay-type":"","overlay-color":"","overlay-opacity":"","overlay-gradient":""},"tablet":{"background-color":"","background-image":"","background-repeat":"repeat","background-position":"center center","background-size":"auto","background-attachment":"scroll","background-type":"","background-media":"","overlay-type":"","overlay-color":"","overlay-opacity":"","overlay-gradient":""},"mobile":{"background-color":"","background-image":"","background-repeat":"repeat","background-position":"center center","background-size":"auto","background-attachment":"scroll","background-type":"","background-media":"","overlay-type":"","overlay-color":"","overlay-opacity":"","overlay-gradient":""}},"ast-content-background-meta":{"desktop":{"background-color":"var(--ast-global-color-5)","background-image":"","background-repeat":"repeat","background-position":"center center","background-size":"auto","background-attachment":"scroll","background-type":"","background-media":"","overlay-type":"","overlay-color":"","overlay-opacity":"","overlay-gradient":""},"tablet":{"background-color":"var(--ast-global-color-5)","background-image":"","background-repeat":"repeat","background-position":"center center","background-size":"auto","background-attachment":"scroll","background-type":"","background-media":"","overlay-type":"","overlay-color":"","overlay-opacity":"","overlay-gradient":""},"mobile":{"background-color":"var(--ast-global-color-5)","background-image":"","background-repeat":"repeat","background-position":"center center","background-size":"auto","background-attachment":"scroll","background-type":"","background-media":"","overlay-type":"","overlay-color":"","overlay-opacity":"","overlay-gradient":""}},"_joinchat":[]},"product_brand":[],"product_cat":[48],"product_tag":[],"class_list":{"0":"post-2090","1":"product","2":"type-product","3":"status-publish","4":"has-post-thumbnail","6":"product_cat-shit-thc","7":"desktop-align-left","8":"tablet-align-left","9":"mobile-align-left","11":"first","12":"instock","13":"shipping-taxable","14":"purchasable","15":"product-type-variable"},"yoast_head":"<!-- This site is optimized with the Yoast SEO Premium plugin v24.1 (Yoast SEO v26.8) - https:\/\/yoast.com\/product\/yoast-seo-premium-wordpress\/ -->\n<title>Acheter Scissor Hash en Ligne | Qualit\u00e9 Sup\u00e9rieure<\/title>\n<meta name=\"description\" content=\"D\u00e9couvrez notre Scissor Hash, un hash artisanal r\u00e9colt\u00e9 \u00e0 la main, riche en saveurs et en puissance. Achetez en ligne avec livraison discr\u00e8te et rapide.\" \/>\n<meta name=\"robots\" content=\"index, follow, max-snippet:-1, max-image-preview:large, max-video-preview:-1\" \/>\n<link rel=\"canonical\" href=\"https:\/\/beuhparadis.com\/da\/product\/scissor-hash-finger-hash\/\" \/>\n<meta property=\"og:locale\" content=\"da_DK\" \/>\n<meta property=\"og:type\" content=\"article\" \/>\n<meta property=\"og:title\" content=\"Scissor Hash (finger hash)\" \/>\n<meta property=\"og:description\" content=\"D\u00e9couvrez notre Scissor Hash, un hash artisanal r\u00e9colt\u00e9 \u00e0 la main, riche en saveurs et en puissance. Achetez en ligne avec livraison discr\u00e8te et rapide.\" \/>\n<meta property=\"og:url\" content=\"https:\/\/beuhparadis.com\/da\/product\/scissor-hash-finger-hash\/\" \/>\n<meta property=\"og:site_name\" content=\"Beuh Paradis\" \/>\n<meta property=\"article:modified_time\" content=\"2025-01-28T09:14:48+00:00\" \/>\n<meta property=\"og:image\" content=\"https:\/\/beuhparadis.com\/wp-content\/uploads\/2024\/12\/scissor-hash-2.jpeg\" \/>\n\t<meta property=\"og:image:width\" content=\"247\" \/>\n\t<meta property=\"og:image:height\" content=\"296\" \/>\n\t<meta property=\"og:image:type\" content=\"image\/jpeg\" \/>\n<meta name=\"twitter:card\" content=\"summary_large_image\" \/>\n<meta name=\"twitter:label1\" content=\"Estimeret l\u00e6setid\" \/>\n\t<meta name=\"twitter:data1\" content=\"3 minutes\" \/>\n<script type=\"application\/ld+json\" class=\"yoast-schema-graph\">{\"@context\":\"https:\/\/schema.org\",\"@graph\":[{\"@type\":\"WebPage\",\"@id\":\"https:\/\/beuhparadis.com\/product\/scissor-hash-finger-hash\/\",\"url\":\"https:\/\/beuhparadis.com\/product\/scissor-hash-finger-hash\/\",\"name\":\"Acheter Scissor Hash en Ligne | Qualit\u00e9 Sup\u00e9rieure\",\"isPartOf\":{\"@id\":\"https:\/\/beuhparadis.com\/#website\"},\"primaryImageOfPage\":{\"@id\":\"https:\/\/beuhparadis.com\/product\/scissor-hash-finger-hash\/#primaryimage\"},\"image\":{\"@id\":\"https:\/\/beuhparadis.com\/product\/scissor-hash-finger-hash\/#primaryimage\"},\"thumbnailUrl\":\"https:\/\/beuhparadis.com\/wp-content\/uploads\/2024\/12\/scissor-hash-2.jpeg\",\"datePublished\":\"2024-12-10T23:51:11+00:00\",\"dateModified\":\"2025-01-28T09:14:48+00:00\",\"description\":\"D\u00e9couvrez notre Scissor Hash, un hash artisanal r\u00e9colt\u00e9 \u00e0 la main, riche en saveurs et en puissance. Achetez en ligne avec livraison discr\u00e8te et rapide.\",\"breadcrumb\":{\"@id\":\"https:\/\/beuhparadis.com\/product\/scissor-hash-finger-hash\/#breadcrumb\"},\"inLanguage\":\"da-DK\",\"potentialAction\":[{\"@type\":\"ReadAction\",\"target\":[\"https:\/\/beuhparadis.com\/product\/scissor-hash-finger-hash\/\"]}]},{\"@type\":\"ImageObject\",\"inLanguage\":\"da-DK\",\"@id\":\"https:\/\/beuhparadis.com\/product\/scissor-hash-finger-hash\/#primaryimage\",\"url\":\"https:\/\/beuhparadis.com\/wp-content\/uploads\/2024\/12\/scissor-hash-2.jpeg\",\"contentUrl\":\"https:\/\/beuhparadis.com\/wp-content\/uploads\/2024\/12\/scissor-hash-2.jpeg\",\"width\":247,\"height\":296},{\"@type\":\"BreadcrumbList\",\"@id\":\"https:\/\/beuhparadis.com\/product\/scissor-hash-finger-hash\/#breadcrumb\",\"itemListElement\":[{\"@type\":\"ListItem\",\"position\":1,\"name\":\"Home\",\"item\":\"https:\/\/beuhparadis.com\/\"},{\"@type\":\"ListItem\",\"position\":2,\"name\":\"Shop\",\"item\":\"https:\/\/beuhparadis.com\/shop\/\"},{\"@type\":\"ListItem\",\"position\":3,\"name\":\"Scissor Hash (finger hash)\"}]},{\"@type\":\"WebSite\",\"@id\":\"https:\/\/beuhparadis.com\/#website\",\"url\":\"https:\/\/beuhparadis.com\/\",\"name\":\"Beuh Paradis\",\"description\":\"\",\"potentialAction\":[{\"@type\":\"SearchAction\",\"target\":{\"@type\":\"EntryPoint\",\"urlTemplate\":\"https:\/\/beuhparadis.com\/?s={search_term_string}\"},\"query-input\":{\"@type\":\"PropertyValueSpecification\",\"valueRequired\":true,\"valueName\":\"search_term_string\"}}],\"inLanguage\":\"da-DK\"}]}<\/script>\n<!-- \/ Yoast SEO Premium plugin. -->","yoast_head_json":{"title":"K\u00f8b saksesk\u00e6r online i h\u00f8j kvalitet","description":"Oplev vores Scissor Hash, en h\u00e5ndh\u00f8stet h\u00e5ndv\u00e6rksm\u00e6ssig hash, rig p\u00e5 smag og styrke. K\u00f8b online med hurtig, diskret levering.","robots":{"index":"index","follow":"follow","max-snippet":"max-snippet:-1","max-image-preview":"max-image-preview:large","max-video-preview":"max-video-preview:-1"},"canonical":"https:\/\/beuhparadis.com\/da\/product\/scissor-hash-finger-hash\/","og_locale":"da_DK","og_type":"article","og_title":"Scissor Hash (finger hash)","og_description":"D\u00e9couvrez notre Scissor Hash, un hash artisanal r\u00e9colt\u00e9 \u00e0 la main, riche en saveurs et en puissance. Achetez en ligne avec livraison discr\u00e8te et rapide.","og_url":"https:\/\/beuhparadis.com\/da\/product\/scissor-hash-finger-hash\/","og_site_name":"Beuh Paradis","article_modified_time":"2025-01-28T09:14:48+00:00","og_image":[{"width":247,"height":296,"url":"https:\/\/beuhparadis.com\/wp-content\/uploads\/2024\/12\/scissor-hash-2.jpeg","type":"image\/jpeg"}],"twitter_card":"summary_large_image","twitter_misc":{"Estimeret l\u00e6setid":"3 minutes"},"schema":{"@context":"https:\/\/schema.org","@graph":[{"@type":"WebPage","@id":"https:\/\/beuhparadis.com\/product\/scissor-hash-finger-hash\/","url":"https:\/\/beuhparadis.com\/product\/scissor-hash-finger-hash\/","name":"K\u00f8b saksesk\u00e6r online i h\u00f8j kvalitet","isPartOf":{"@id":"https:\/\/beuhparadis.com\/#website"},"primaryImageOfPage":{"@id":"https:\/\/beuhparadis.com\/product\/scissor-hash-finger-hash\/#primaryimage"},"image":{"@id":"https:\/\/beuhparadis.com\/product\/scissor-hash-finger-hash\/#primaryimage"},"thumbnailUrl":"https:\/\/beuhparadis.com\/wp-content\/uploads\/2024\/12\/scissor-hash-2.jpeg","datePublished":"2024-12-10T23:51:11+00:00","dateModified":"2025-01-28T09:14:48+00:00","description":"Oplev vores Scissor Hash, en h\u00e5ndh\u00f8stet h\u00e5ndv\u00e6rksm\u00e6ssig hash, rig p\u00e5 smag og styrke. K\u00f8b online med hurtig, diskret levering.","breadcrumb":{"@id":"https:\/\/beuhparadis.com\/product\/scissor-hash-finger-hash\/#breadcrumb"},"inLanguage":"da-DK","potentialAction":[{"@type":"ReadAction","target":["https:\/\/beuhparadis.com\/product\/scissor-hash-finger-hash\/"]}]},{"@type":"ImageObject","inLanguage":"da-DK","@id":"https:\/\/beuhparadis.com\/product\/scissor-hash-finger-hash\/#primaryimage","url":"https:\/\/beuhparadis.com\/wp-content\/uploads\/2024\/12\/scissor-hash-2.jpeg","contentUrl":"https:\/\/beuhparadis.com\/wp-content\/uploads\/2024\/12\/scissor-hash-2.jpeg","width":247,"height":296},{"@type":"BreadcrumbList","@id":"https:\/\/beuhparadis.com\/product\/scissor-hash-finger-hash\/#breadcrumb","itemListElement":[{"@type":"ListItem","position":1,"name":"Home","item":"https:\/\/beuhparadis.com\/"},{"@type":"ListItem","position":2,"name":"Shop","item":"https:\/\/beuhparadis.com\/shop\/"},{"@type":"ListItem","position":3,"name":"Scissor Hash (finger hash)"}]},{"@type":"WebSite","@id":"https:\/\/beuhparadis.com\/#website","url":"https:\/\/beuhparadis.com\/","name":"Beuh Paradis","description":"","potentialAction":[{"@type":"SearchAction","target":{"@type":"EntryPoint","urlTemplate":"https:\/\/beuhparadis.com\/?s={search_term_string}"},"query-input":{"@type":"PropertyValueSpecification","valueRequired":true,"valueName":"search_term_string"}}],"inLanguage":"da-DK"}]}},"_links":{"self":[{"href":"https:\/\/beuhparadis.com\/da\/wp-json\/wp\/v2\/product\/2090","targetHints":{"allow":["GET"]}}],"collection":[{"href":"https:\/\/beuhparadis.com\/da\/wp-json\/wp\/v2\/product"}],"about":[{"href":"https:\/\/beuhparadis.com\/da\/wp-json\/wp\/v2\/types\/product"}],"replies":[{"embeddable":true,"href":"https:\/\/beuhparadis.com\/da\/wp-json\/wp\/v2\/comments?post=2090"}],"wp:featuredmedia":[{"embeddable":true,"href":"https:\/\/beuhparadis.com\/da\/wp-json\/wp\/v2\/media\/2111"}],"wp:attachment":[{"href":"https:\/\/beuhparadis.com\/da\/wp-json\/wp\/v2\/media?parent=2090"}],"wp:term":[{"taxonomy":"product_brand","embeddable":true,"href":"https:\/\/beuhparadis.com\/da\/wp-json\/wp\/v2\/product_brand?post=2090"},{"taxonomy":"product_cat","embeddable":true,"href":"https:\/\/beuhparadis.com\/da\/wp-json\/wp\/v2\/product_cat?post=2090"},{"taxonomy":"product_tag","embeddable":true,"href":"https:\/\/beuhparadis.com\/da\/wp-json\/wp\/v2\/product_tag?post=2090"}],"curies":[{"name":"wp","href":"https:\/\/api.w.org\/{rel}","templated":true}]}}