{"id":2076,"date":"2024-12-10T23:50:48","date_gmt":"2024-12-10T23:50:48","guid":{"rendered":"https:\/\/beuhparadis.com\/?post_type=product&#038;p=2076"},"modified":"2025-01-28T09:20:44","modified_gmt":"2025-01-28T09:20:44","slug":"bentley-hash","status":"publish","type":"product","link":"https:\/\/beuhparadis.com\/da\/product\/bentley-hash\/","title":{"rendered":"Bentley Hash"},"content":{"rendered":"<h1 class=\"wp-block-heading\">K\u00f8b Bentley Hash<\/h1>\n<p>Achater Bentley Hash er en renset harpiks, der er udvundet og presset af cannabisplanter fra hele British Columbia. Denne hash fremstilles lokalt og presses uden brug af opl\u00f8sningsmidler, hvilket giver en autentisk og ren oplevelse.<\/p>\n<h2 class=\"wp-block-heading\">Hash-information<\/h2>\n<ul class=\"wp-block-list\">\n<li>Oprindelse: British Columbia, Canada.<\/li>\n<li>Produktionsmetode: Ekstraktion med koldt vand og is, uden opl\u00f8sningsmidler.<\/li>\n<li>Renhed: Streng filtrering for at fjerne u\u00f8nsket materiale, hvilket resulterer i en n\u00e6sten ren hash.<\/li>\n<\/ul>\n<h2 class=\"wp-block-heading\">THC og CBD<\/h2>\n<ul class=\"wp-block-list\">\n<li><strong>THC :<\/strong> H\u00f8je koncentrationer, der er typiske for koncentrerede cannabisharpikser.<\/li>\n<li><strong>CBD :<\/strong> Lave eller uspecificerede koncentrationer med fokus p\u00e5 de psykoaktive effekter af THC.<\/li>\n<\/ul>\n<h2 class=\"wp-block-heading\">Effekter, aroma og smag<\/h2>\n<h3 class=\"wp-block-heading\">Effekt<\/h3>\n<ul class=\"wp-block-list\">\n<li>En gradvis og vedvarende stigning.<\/li>\n<li>Energirigtig, ideel til brug i dagtimerne.<\/li>\n<li>Bek\u00e6mper effektivt angst.<\/li>\n<\/ul>\n<h3 class=\"wp-block-heading\">Aroma<\/h3>\n<ul class=\"wp-block-list\">\n<li>Domineret af fyrretr\u00e6, med en relativt mild duft.<\/li>\n<\/ul>\n<h3 class=\"wp-block-heading\">Smag<\/h3>\n<ul class=\"wp-block-list\">\n<li>Fyrretr\u00e6ssmag, sk\u00e5nsom mod sanserne.<\/li>\n<\/ul>\n<h2 class=\"wp-block-heading\">Medicinske virkninger<\/h2>\n<h3 class=\"wp-block-heading\">Medicinske virkninger<\/h3>\n<ul class=\"wp-block-list\">\n<li>Lindring af angst.<\/li>\n<li>Energiboost til dem, der har brug for et boost.<\/li>\n<\/ul>\n<h3 class=\"wp-block-heading\">Kan lindre<\/h3>\n<ul class=\"wp-block-list\">\n<li>Angst.<\/li>\n<li>Mangel p\u00e5 energi eller tr\u00e6thed.<\/li>\n<\/ul>\n<h2 class=\"wp-block-heading\">S\u00e5dan ryger du hash<\/h2>\n<p>Bentley Hash kan indtages p\u00e5 mange forskellige m\u00e5der: Traditionelt oralt, r\u00f8get alene eller med cannabisblomster eller fordampet\/duppet p\u00e5 en varm overflade for dem, der foretr\u00e6kker et forbrug uden rester.<\/p>\n<h2 class=\"wp-block-heading\">Hvor kan jeg k\u00f8be Bentley Hash online?<\/h2>\n<p>Bentley Hash er <a href=\"https:\/\/chemsxpress.com\/\">tilg\u00e6ngelig p\u00e5<\/a> at k\u00f8be p\u00e5 Acheterducannabis.fr, der tilbyder overlegen kvalitet og en sikker shoppingoplevelse.<\/p>\n<h2 class=\"wp-block-heading\">Hvorfor skal du k\u00f8be Bentley Hash fra Acheterducannabis.fr?<\/h2>\n<p><a href=\"https:\/\/beuhparadis.com\/da\/product\/honey-moroccan-blonde-hash\/\" data-type=\"link\" data-id=\"https:\/\/acheterducannabis.fr\/\">Beuhparadis.com<\/a> garanterer et rent og opl\u00f8sningsmiddelfrit produkt af h\u00f8j kvalitet med enest\u00e5ende kundeservice og diskret levering.<\/p>\n<h2 class=\"wp-block-heading\">Statslig lov for salg af hash i Europa<\/h2>\n<p>K\u00f8b og forbrug af cannabis, herunder Bentley Hash, er reguleret i Europa. K\u00f8b fra velrenommerede sider som Acheterducannabis.fr sikrer overholdelse af lokale love og kvalitetsstandarder.<\/p>","protected":false},"excerpt":{"rendered":"<p><strong>THC:<\/strong> 24%<\/p>\n<p><strong>Medicinske virkninger<\/strong><\/p>\n<ul class=\"wp-block-list\">\n<li>Lindring af angst.<\/li>\n<li>Energiboost til dem, der har brug for et boost.<\/li>\n<\/ul>","protected":false},"featured_media":2080,"comment_status":"closed","ping_status":"closed","template":"","meta":{"site-sidebar-layout":"default","site-content-layout":"","ast-site-content-layout":"default","site-content-style":"default","site-sidebar-style":"default","ast-global-header-display":"","ast-banner-title-visibility":"","ast-main-header-display":"","ast-hfb-above-header-display":"","ast-hfb-below-header-display":"","ast-hfb-mobile-header-display":"","site-post-title":"","ast-breadcrumbs-content":"","ast-featured-img":"","footer-sml-layout":"","theme-transparent-header-meta":"default","adv-header-id-meta":"","stick-header-meta":"","header-above-stick-meta":"","header-main-stick-meta":"","header-below-stick-meta":"","astra-migrate-meta-layouts":"set","ast-page-background-enabled":"default","ast-page-background-meta":{"desktop":{"background-color":"","background-image":"","background-repeat":"repeat","background-position":"center center","background-size":"auto","background-attachment":"scroll","background-type":"","background-media":"","overlay-type":"","overlay-color":"","overlay-opacity":"","overlay-gradient":""},"tablet":{"background-color":"","background-image":"","background-repeat":"repeat","background-position":"center center","background-size":"auto","background-attachment":"scroll","background-type":"","background-media":"","overlay-type":"","overlay-color":"","overlay-opacity":"","overlay-gradient":""},"mobile":{"background-color":"","background-image":"","background-repeat":"repeat","background-position":"center center","background-size":"auto","background-attachment":"scroll","background-type":"","background-media":"","overlay-type":"","overlay-color":"","overlay-opacity":"","overlay-gradient":""}},"ast-content-background-meta":{"desktop":{"background-color":"var(--ast-global-color-5)","background-image":"","background-repeat":"repeat","background-position":"center center","background-size":"auto","background-attachment":"scroll","background-type":"","background-media":"","overlay-type":"","overlay-color":"","overlay-opacity":"","overlay-gradient":""},"tablet":{"background-color":"var(--ast-global-color-5)","background-image":"","background-repeat":"repeat","background-position":"center center","background-size":"auto","background-attachment":"scroll","background-type":"","background-media":"","overlay-type":"","overlay-color":"","overlay-opacity":"","overlay-gradient":""},"mobile":{"background-color":"var(--ast-global-color-5)","background-image":"","background-repeat":"repeat","background-position":"center center","background-size":"auto","background-attachment":"scroll","background-type":"","background-media":"","overlay-type":"","overlay-color":"","overlay-opacity":"","overlay-gradient":""}},"_joinchat":[]},"product_brand":[],"product_cat":[48],"product_tag":[],"class_list":{"0":"post-2076","1":"product","2":"type-product","3":"status-publish","4":"has-post-thumbnail","6":"product_cat-shit-thc","7":"desktop-align-left","8":"tablet-align-left","9":"mobile-align-left","11":"first","12":"instock","13":"shipping-taxable","14":"product-type-variable"},"yoast_head":"<!-- This site is optimized with the Yoast SEO Premium plugin v24.1 (Yoast SEO v26.8) - https:\/\/yoast.com\/product\/yoast-seo-premium-wordpress\/ -->\n<title>Achater Bentley Hash en Ligne | Hash Premium de Luxe<\/title>\n<meta name=\"description\" content=\"Achater Bentley Hash, un hash haut de gamme, puissant et riche en ar\u00f4mes. Achetez en ligne avec livraison discr\u00e8te et rapide chez beuhparadis.com\" \/>\n<meta name=\"robots\" content=\"index, follow, max-snippet:-1, max-image-preview:large, max-video-preview:-1\" \/>\n<link rel=\"canonical\" href=\"https:\/\/beuhparadis.com\/da\/product\/bentley-hash\/\" \/>\n<meta property=\"og:locale\" content=\"da_DK\" \/>\n<meta property=\"og:type\" content=\"article\" \/>\n<meta property=\"og:title\" content=\"Bentley Hash\" \/>\n<meta property=\"og:description\" content=\"Achater Bentley Hash, un hash haut de gamme, puissant et riche en ar\u00f4mes. Achetez en ligne avec livraison discr\u00e8te et rapide chez beuhparadis.com\" \/>\n<meta property=\"og:url\" content=\"https:\/\/beuhparadis.com\/da\/product\/bentley-hash\/\" \/>\n<meta property=\"og:site_name\" content=\"Beuh Paradis\" \/>\n<meta property=\"article:modified_time\" content=\"2025-01-28T09:20:44+00:00\" \/>\n<meta property=\"og:image\" content=\"https:\/\/beuhparadis.com\/wp-content\/uploads\/2024\/12\/Bentley-Hash-2.jpeg\" \/>\n\t<meta property=\"og:image:width\" content=\"900\" \/>\n\t<meta property=\"og:image:height\" content=\"900\" \/>\n\t<meta property=\"og:image:type\" content=\"image\/jpeg\" \/>\n<meta name=\"twitter:card\" content=\"summary_large_image\" \/>\n<meta name=\"twitter:label1\" content=\"Estimeret l\u00e6setid\" \/>\n\t<meta name=\"twitter:data1\" content=\"2 minutes\" \/>\n<script type=\"application\/ld+json\" class=\"yoast-schema-graph\">{\"@context\":\"https:\/\/schema.org\",\"@graph\":[{\"@type\":\"WebPage\",\"@id\":\"https:\/\/beuhparadis.com\/product\/bentley-hash\/\",\"url\":\"https:\/\/beuhparadis.com\/product\/bentley-hash\/\",\"name\":\"Achater Bentley Hash en Ligne | Hash Premium de Luxe\",\"isPartOf\":{\"@id\":\"https:\/\/beuhparadis.com\/#website\"},\"primaryImageOfPage\":{\"@id\":\"https:\/\/beuhparadis.com\/product\/bentley-hash\/#primaryimage\"},\"image\":{\"@id\":\"https:\/\/beuhparadis.com\/product\/bentley-hash\/#primaryimage\"},\"thumbnailUrl\":\"https:\/\/beuhparadis.com\/wp-content\/uploads\/2024\/12\/Bentley-Hash-2.jpeg\",\"datePublished\":\"2024-12-10T23:50:48+00:00\",\"dateModified\":\"2025-01-28T09:20:44+00:00\",\"description\":\"Achater Bentley Hash, un hash haut de gamme, puissant et riche en ar\u00f4mes. Achetez en ligne avec livraison discr\u00e8te et rapide chez beuhparadis.com\",\"breadcrumb\":{\"@id\":\"https:\/\/beuhparadis.com\/product\/bentley-hash\/#breadcrumb\"},\"inLanguage\":\"da-DK\",\"potentialAction\":[{\"@type\":\"ReadAction\",\"target\":[\"https:\/\/beuhparadis.com\/product\/bentley-hash\/\"]}]},{\"@type\":\"ImageObject\",\"inLanguage\":\"da-DK\",\"@id\":\"https:\/\/beuhparadis.com\/product\/bentley-hash\/#primaryimage\",\"url\":\"https:\/\/beuhparadis.com\/wp-content\/uploads\/2024\/12\/Bentley-Hash-2.jpeg\",\"contentUrl\":\"https:\/\/beuhparadis.com\/wp-content\/uploads\/2024\/12\/Bentley-Hash-2.jpeg\",\"width\":900,\"height\":900,\"caption\":\"Achater Bentley Hash\"},{\"@type\":\"BreadcrumbList\",\"@id\":\"https:\/\/beuhparadis.com\/product\/bentley-hash\/#breadcrumb\",\"itemListElement\":[{\"@type\":\"ListItem\",\"position\":1,\"name\":\"Home\",\"item\":\"https:\/\/beuhparadis.com\/\"},{\"@type\":\"ListItem\",\"position\":2,\"name\":\"Shop\",\"item\":\"https:\/\/beuhparadis.com\/shop\/\"},{\"@type\":\"ListItem\",\"position\":3,\"name\":\"Bentley Hash\"}]},{\"@type\":\"WebSite\",\"@id\":\"https:\/\/beuhparadis.com\/#website\",\"url\":\"https:\/\/beuhparadis.com\/\",\"name\":\"Beuh Paradis\",\"description\":\"\",\"potentialAction\":[{\"@type\":\"SearchAction\",\"target\":{\"@type\":\"EntryPoint\",\"urlTemplate\":\"https:\/\/beuhparadis.com\/?s={search_term_string}\"},\"query-input\":{\"@type\":\"PropertyValueSpecification\",\"valueRequired\":true,\"valueName\":\"search_term_string\"}}],\"inLanguage\":\"da-DK\"}]}<\/script>\n<!-- \/ Yoast SEO Premium plugin. -->","yoast_head_json":{"title":"K\u00f8b Bentley Hash online | Hash Premium de Luxe","description":"K\u00f8b Bentley Hash, en f\u00f8rsteklasses hash, kraftfuld og rig p\u00e5 smag. K\u00f8b online med hurtig, diskret levering p\u00e5 beuhparadis.com","robots":{"index":"index","follow":"follow","max-snippet":"max-snippet:-1","max-image-preview":"max-image-preview:large","max-video-preview":"max-video-preview:-1"},"canonical":"https:\/\/beuhparadis.com\/da\/product\/bentley-hash\/","og_locale":"da_DK","og_type":"article","og_title":"Bentley Hash","og_description":"Achater Bentley Hash, un hash haut de gamme, puissant et riche en ar\u00f4mes. Achetez en ligne avec livraison discr\u00e8te et rapide chez beuhparadis.com","og_url":"https:\/\/beuhparadis.com\/da\/product\/bentley-hash\/","og_site_name":"Beuh Paradis","article_modified_time":"2025-01-28T09:20:44+00:00","og_image":[{"width":900,"height":900,"url":"https:\/\/beuhparadis.com\/wp-content\/uploads\/2024\/12\/Bentley-Hash-2.jpeg","type":"image\/jpeg"}],"twitter_card":"summary_large_image","twitter_misc":{"Estimeret l\u00e6setid":"2 minutes"},"schema":{"@context":"https:\/\/schema.org","@graph":[{"@type":"WebPage","@id":"https:\/\/beuhparadis.com\/product\/bentley-hash\/","url":"https:\/\/beuhparadis.com\/product\/bentley-hash\/","name":"K\u00f8b Bentley Hash online | Hash Premium de Luxe","isPartOf":{"@id":"https:\/\/beuhparadis.com\/#website"},"primaryImageOfPage":{"@id":"https:\/\/beuhparadis.com\/product\/bentley-hash\/#primaryimage"},"image":{"@id":"https:\/\/beuhparadis.com\/product\/bentley-hash\/#primaryimage"},"thumbnailUrl":"https:\/\/beuhparadis.com\/wp-content\/uploads\/2024\/12\/Bentley-Hash-2.jpeg","datePublished":"2024-12-10T23:50:48+00:00","dateModified":"2025-01-28T09:20:44+00:00","description":"K\u00f8b Bentley Hash, en f\u00f8rsteklasses hash, kraftfuld og rig p\u00e5 smag. K\u00f8b online med hurtig, diskret levering p\u00e5 beuhparadis.com","breadcrumb":{"@id":"https:\/\/beuhparadis.com\/product\/bentley-hash\/#breadcrumb"},"inLanguage":"da-DK","potentialAction":[{"@type":"ReadAction","target":["https:\/\/beuhparadis.com\/product\/bentley-hash\/"]}]},{"@type":"ImageObject","inLanguage":"da-DK","@id":"https:\/\/beuhparadis.com\/product\/bentley-hash\/#primaryimage","url":"https:\/\/beuhparadis.com\/wp-content\/uploads\/2024\/12\/Bentley-Hash-2.jpeg","contentUrl":"https:\/\/beuhparadis.com\/wp-content\/uploads\/2024\/12\/Bentley-Hash-2.jpeg","width":900,"height":900,"caption":"Achater Bentley Hash"},{"@type":"BreadcrumbList","@id":"https:\/\/beuhparadis.com\/product\/bentley-hash\/#breadcrumb","itemListElement":[{"@type":"ListItem","position":1,"name":"Home","item":"https:\/\/beuhparadis.com\/"},{"@type":"ListItem","position":2,"name":"Shop","item":"https:\/\/beuhparadis.com\/shop\/"},{"@type":"ListItem","position":3,"name":"Bentley Hash"}]},{"@type":"WebSite","@id":"https:\/\/beuhparadis.com\/#website","url":"https:\/\/beuhparadis.com\/","name":"Beuh Paradis","description":"","potentialAction":[{"@type":"SearchAction","target":{"@type":"EntryPoint","urlTemplate":"https:\/\/beuhparadis.com\/?s={search_term_string}"},"query-input":{"@type":"PropertyValueSpecification","valueRequired":true,"valueName":"search_term_string"}}],"inLanguage":"da-DK"}]}},"_links":{"self":[{"href":"https:\/\/beuhparadis.com\/da\/wp-json\/wp\/v2\/product\/2076","targetHints":{"allow":["GET"]}}],"collection":[{"href":"https:\/\/beuhparadis.com\/da\/wp-json\/wp\/v2\/product"}],"about":[{"href":"https:\/\/beuhparadis.com\/da\/wp-json\/wp\/v2\/types\/product"}],"replies":[{"embeddable":true,"href":"https:\/\/beuhparadis.com\/da\/wp-json\/wp\/v2\/comments?post=2076"}],"wp:featuredmedia":[{"embeddable":true,"href":"https:\/\/beuhparadis.com\/da\/wp-json\/wp\/v2\/media\/2080"}],"wp:attachment":[{"href":"https:\/\/beuhparadis.com\/da\/wp-json\/wp\/v2\/media?parent=2076"}],"wp:term":[{"taxonomy":"product_brand","embeddable":true,"href":"https:\/\/beuhparadis.com\/da\/wp-json\/wp\/v2\/product_brand?post=2076"},{"taxonomy":"product_cat","embeddable":true,"href":"https:\/\/beuhparadis.com\/da\/wp-json\/wp\/v2\/product_cat?post=2076"},{"taxonomy":"product_tag","embeddable":true,"href":"https:\/\/beuhparadis.com\/da\/wp-json\/wp\/v2\/product_tag?post=2076"}],"curies":[{"name":"wp","href":"https:\/\/api.w.org\/{rel}","templated":true}]}}