{"id":2061,"date":"2024-12-10T23:50:47","date_gmt":"2024-12-10T23:50:47","guid":{"rendered":"https:\/\/beuhparadis.com\/?post_type=product&#038;p=2061"},"modified":"2025-01-28T09:32:05","modified_gmt":"2025-01-28T09:32:05","slug":"red-lebanese-hash","status":"publish","type":"product","link":"https:\/\/beuhparadis.com\/da\/product\/red-lebanese-hash\/","title":{"rendered":"R\u00f8d libanesisk hash"},"content":{"rendered":"<h1 class=\"wp-block-heading\">K\u00f8b Red Lebanese Hash<\/h1>\n<p>Buy Red Lebanese Hash er en hashsort, der er s\u00e6rligt v\u00e6rdsat for sine cerebrale effekter, i mods\u00e6tning til det meste hash, der findes p\u00e5 verdensplan, som har tendens til at v\u00e6re mere beroligende. Den giver dog ogs\u00e5 en pletfri kropssten og meget kraftige b\u00f8lger af afslapning, der kan sammenlignes med marokkansk hash.<\/p>\n<h2 class=\"wp-block-heading\">Hash-information<\/h2>\n<ul class=\"wp-block-list\">\n<li>Oprindelse: Baalbek-dalen, Libanon.<\/li>\n<li>Produktion: Dyrket under vanskelige forhold udvikler landracestammer tykke lag af THC-trichomer for at forsvare sig mod elementerne.<\/li>\n<li>Proces: Naturlig t\u00f8rring og modning, der giver hashen en unik r\u00f8d nuance.<\/li>\n<li>Lagring: Hash lagres i en eller to h\u00f8sts\u00e6soner (4-8 m\u00e5neder) for at udvikle en ideel konsistens og berige aromaen og smagen.<\/li>\n<\/ul>\n<h2 class=\"wp-block-heading\">THC og CBD<\/h2>\n<ul class=\"wp-block-list\">\n<li><strong>THC :<\/strong> H\u00f8je koncentrationer, typisk for hashprodukter.<\/li>\n<li><strong>CBD :<\/strong> Uspecificeret information, generelt lavt indhold af CBD.<\/li>\n<\/ul>\n<h2 class=\"wp-block-heading\">Effekter, aroma og smag<\/h2>\n<h3 class=\"wp-block-heading\">Effekt<\/h3>\n<ul class=\"wp-block-list\">\n<li>Markante cerebrale virkninger.<\/li>\n<li>Dyb afslapning og kraftfuld kropssten.<\/li>\n<\/ul>\n<h3 class=\"wp-block-heading\">Aroma<\/h3>\n<ul class=\"wp-block-list\">\n<li>Naturlig tr\u00e6agtighed.<\/li>\n<li>Unikke krydrede terpener.<\/li>\n<\/ul>\n<h3 class=\"wp-block-heading\">Smag<\/h3>\n<ul class=\"wp-block-list\">\n<li>Tr\u00e6agtige, krydrede noter beriget af lagringsprocessen.<\/li>\n<\/ul>\n<h2 class=\"wp-block-heading\">Medicinske virkninger<\/h2>\n<h3 class=\"wp-block-heading\">Medicinske virkninger<\/h3>\n<ul class=\"wp-block-list\">\n<li>Effektiv smertelindring.<\/li>\n<li>Reduceret stress og angst.<\/li>\n<\/ul>\n<h3 class=\"wp-block-heading\">Kan lindre<\/h3>\n<ul class=\"wp-block-list\">\n<li>S\u00f8vnl\u00f8shed.<\/li>\n<li>Kronisk smerte.<\/li>\n<li>Hum\u00f8rsvingninger.<\/li>\n<\/ul>\n<h2 class=\"wp-block-heading\">S\u00e5dan ryger du libanesisk r\u00f8d hash<\/h2>\n<p>Der er mange muligheder for at indtage hash. Vi anbefaler at smuldre det over din bong eller pibe, eller blande det i dine joints for at f\u00e5 en afslappende oplevelse.<\/p>\n<h2 class=\"wp-block-heading\">Hvor kan jeg k\u00f8be Red Lebanese Hash online?<\/h2>\n<p>Libanesisk r\u00f8d hash kan k\u00f8bes online fra p\u00e5lidelige websteder som Acheterducannabis.fr, der tilbyder overlegen kvalitet og diskret levering.<\/p>\n<h2 class=\"wp-block-heading\">Hvorfor k\u00f8be hash r\u00f8d libanesisk p\u00e5 Acheterducannabis.fr?<\/h2>\n<p><a href=\"https:\/\/beuhparadis.com\/da\/product\/honey-moroccan-blonde-hash\/\" data-type=\"link\" data-id=\"https:\/\/acheterducannabis.fr\/\">Beuhparadis.com<\/a> er kendt for sit f\u00f8rsteklasses udvalg af cannabis, herunder r\u00f8d libanesisk hash, og garanterer en sikker indk\u00f8bsoplevelse og f\u00f8rsteklasses kundeservice.<\/p>\n<h2 class=\"wp-block-heading\">Statslig lov for salg af hash i Europa<\/h2>\n<p>Salg af cannabis, herunder Red Lebanese Hash, er underlagt strenge regler i Europa. Ved at k\u00f8be fra anerkendte leverand\u00f8rer som Acheterducannabis.fr sikrer man, at loven overholdes, og at kvalitets- og sikkerhedsstandarderne overholdes.<\/p>","protected":false},"excerpt":{"rendered":"<p><strong>THC:<\/strong> 25%<\/p>\n<p><strong>Medicinske virkninger<\/strong><\/p>\n<ul class=\"wp-block-list\">\n<li>Effektiv smertelindring.<\/li>\n<li>Reduceret stress og angst.<\/li>\n<\/ul>","protected":false},"featured_media":2078,"comment_status":"closed","ping_status":"closed","template":"","meta":{"site-sidebar-layout":"default","site-content-layout":"","ast-site-content-layout":"default","site-content-style":"default","site-sidebar-style":"default","ast-global-header-display":"","ast-banner-title-visibility":"","ast-main-header-display":"","ast-hfb-above-header-display":"","ast-hfb-below-header-display":"","ast-hfb-mobile-header-display":"","site-post-title":"","ast-breadcrumbs-content":"","ast-featured-img":"","footer-sml-layout":"","theme-transparent-header-meta":"default","adv-header-id-meta":"","stick-header-meta":"","header-above-stick-meta":"","header-main-stick-meta":"","header-below-stick-meta":"","astra-migrate-meta-layouts":"set","ast-page-background-enabled":"default","ast-page-background-meta":{"desktop":{"background-color":"","background-image":"","background-repeat":"repeat","background-position":"center center","background-size":"auto","background-attachment":"scroll","background-type":"","background-media":"","overlay-type":"","overlay-color":"","overlay-opacity":"","overlay-gradient":""},"tablet":{"background-color":"","background-image":"","background-repeat":"repeat","background-position":"center center","background-size":"auto","background-attachment":"scroll","background-type":"","background-media":"","overlay-type":"","overlay-color":"","overlay-opacity":"","overlay-gradient":""},"mobile":{"background-color":"","background-image":"","background-repeat":"repeat","background-position":"center center","background-size":"auto","background-attachment":"scroll","background-type":"","background-media":"","overlay-type":"","overlay-color":"","overlay-opacity":"","overlay-gradient":""}},"ast-content-background-meta":{"desktop":{"background-color":"var(--ast-global-color-5)","background-image":"","background-repeat":"repeat","background-position":"center center","background-size":"auto","background-attachment":"scroll","background-type":"","background-media":"","overlay-type":"","overlay-color":"","overlay-opacity":"","overlay-gradient":""},"tablet":{"background-color":"var(--ast-global-color-5)","background-image":"","background-repeat":"repeat","background-position":"center center","background-size":"auto","background-attachment":"scroll","background-type":"","background-media":"","overlay-type":"","overlay-color":"","overlay-opacity":"","overlay-gradient":""},"mobile":{"background-color":"var(--ast-global-color-5)","background-image":"","background-repeat":"repeat","background-position":"center center","background-size":"auto","background-attachment":"scroll","background-type":"","background-media":"","overlay-type":"","overlay-color":"","overlay-opacity":"","overlay-gradient":""}},"_joinchat":[]},"product_brand":[],"product_cat":[48],"product_tag":[],"class_list":{"0":"post-2061","1":"product","2":"type-product","3":"status-publish","4":"has-post-thumbnail","6":"product_cat-shit-thc","7":"desktop-align-left","8":"tablet-align-left","9":"mobile-align-left","11":"first","12":"instock","13":"shipping-taxable","14":"purchasable","15":"product-type-variable"},"yoast_head":"<!-- This site is optimized with the Yoast SEO Premium plugin v24.1 (Yoast SEO v26.8) - https:\/\/yoast.com\/product\/yoast-seo-premium-wordpress\/ -->\n<title>Acheter Red Lebanese Hash | Hash Libanais Rouge Premium<\/title>\n<meta name=\"description\" content=\"Acheter Red Lebanese Hash, un hash libanais rouge traditionnel, connu pour sa texture douce et ses ar\u00f4mes riches. Livraison discr\u00e8te et rapide.\" \/>\n<meta name=\"robots\" content=\"index, follow, max-snippet:-1, max-image-preview:large, max-video-preview:-1\" \/>\n<link rel=\"canonical\" href=\"https:\/\/beuhparadis.com\/da\/product\/red-lebanese-hash\/\" \/>\n<meta property=\"og:locale\" content=\"da_DK\" \/>\n<meta property=\"og:type\" content=\"article\" \/>\n<meta property=\"og:title\" content=\"Red Lebanese Hash\" \/>\n<meta property=\"og:description\" content=\"Acheter Red Lebanese Hash, un hash libanais rouge traditionnel, connu pour sa texture douce et ses ar\u00f4mes riches. Livraison discr\u00e8te et rapide.\" \/>\n<meta property=\"og:url\" content=\"https:\/\/beuhparadis.com\/da\/product\/red-lebanese-hash\/\" \/>\n<meta property=\"og:site_name\" content=\"Beuh Paradis\" \/>\n<meta property=\"article:modified_time\" content=\"2025-01-28T09:32:05+00:00\" \/>\n<meta property=\"og:image\" content=\"https:\/\/beuhparadis.com\/wp-content\/uploads\/2024\/12\/Red-Lebanese-Hash-2.jpeg\" \/>\n\t<meta property=\"og:image:width\" content=\"924\" \/>\n\t<meta property=\"og:image:height\" content=\"924\" \/>\n\t<meta property=\"og:image:type\" content=\"image\/jpeg\" \/>\n<meta name=\"twitter:card\" content=\"summary_large_image\" \/>\n<meta name=\"twitter:label1\" content=\"Estimeret l\u00e6setid\" \/>\n\t<meta name=\"twitter:data1\" content=\"2 minutes\" \/>\n<script type=\"application\/ld+json\" class=\"yoast-schema-graph\">{\"@context\":\"https:\/\/schema.org\",\"@graph\":[{\"@type\":\"WebPage\",\"@id\":\"https:\/\/beuhparadis.com\/product\/red-lebanese-hash\/\",\"url\":\"https:\/\/beuhparadis.com\/product\/red-lebanese-hash\/\",\"name\":\"Acheter Red Lebanese Hash | Hash Libanais Rouge Premium\",\"isPartOf\":{\"@id\":\"https:\/\/beuhparadis.com\/#website\"},\"primaryImageOfPage\":{\"@id\":\"https:\/\/beuhparadis.com\/product\/red-lebanese-hash\/#primaryimage\"},\"image\":{\"@id\":\"https:\/\/beuhparadis.com\/product\/red-lebanese-hash\/#primaryimage\"},\"thumbnailUrl\":\"https:\/\/beuhparadis.com\/wp-content\/uploads\/2024\/12\/Red-Lebanese-Hash-2.jpeg\",\"datePublished\":\"2024-12-10T23:50:47+00:00\",\"dateModified\":\"2025-01-28T09:32:05+00:00\",\"description\":\"Acheter Red Lebanese Hash, un hash libanais rouge traditionnel, connu pour sa texture douce et ses ar\u00f4mes riches. Livraison discr\u00e8te et rapide.\",\"breadcrumb\":{\"@id\":\"https:\/\/beuhparadis.com\/product\/red-lebanese-hash\/#breadcrumb\"},\"inLanguage\":\"da-DK\",\"potentialAction\":[{\"@type\":\"ReadAction\",\"target\":[\"https:\/\/beuhparadis.com\/product\/red-lebanese-hash\/\"]}]},{\"@type\":\"ImageObject\",\"inLanguage\":\"da-DK\",\"@id\":\"https:\/\/beuhparadis.com\/product\/red-lebanese-hash\/#primaryimage\",\"url\":\"https:\/\/beuhparadis.com\/wp-content\/uploads\/2024\/12\/Red-Lebanese-Hash-2.jpeg\",\"contentUrl\":\"https:\/\/beuhparadis.com\/wp-content\/uploads\/2024\/12\/Red-Lebanese-Hash-2.jpeg\",\"width\":924,\"height\":924},{\"@type\":\"BreadcrumbList\",\"@id\":\"https:\/\/beuhparadis.com\/product\/red-lebanese-hash\/#breadcrumb\",\"itemListElement\":[{\"@type\":\"ListItem\",\"position\":1,\"name\":\"Home\",\"item\":\"https:\/\/beuhparadis.com\/\"},{\"@type\":\"ListItem\",\"position\":2,\"name\":\"Shop\",\"item\":\"https:\/\/beuhparadis.com\/shop\/\"},{\"@type\":\"ListItem\",\"position\":3,\"name\":\"Red Lebanese Hash\"}]},{\"@type\":\"WebSite\",\"@id\":\"https:\/\/beuhparadis.com\/#website\",\"url\":\"https:\/\/beuhparadis.com\/\",\"name\":\"Beuh Paradis\",\"description\":\"\",\"potentialAction\":[{\"@type\":\"SearchAction\",\"target\":{\"@type\":\"EntryPoint\",\"urlTemplate\":\"https:\/\/beuhparadis.com\/?s={search_term_string}\"},\"query-input\":{\"@type\":\"PropertyValueSpecification\",\"valueRequired\":true,\"valueName\":\"search_term_string\"}}],\"inLanguage\":\"da-DK\"}]}<\/script>\n<!-- \/ Yoast SEO Premium plugin. -->","yoast_head_json":{"title":"K\u00f8b R\u00f8d libanesisk hash | Hash Libanais Rouge Premium","description":"K\u00f8b Red Lebanese Hash, en traditionel r\u00f8d libanesisk hash, der er kendt for sin glatte tekstur og rige aromaer. Hurtig og diskret levering.","robots":{"index":"index","follow":"follow","max-snippet":"max-snippet:-1","max-image-preview":"max-image-preview:large","max-video-preview":"max-video-preview:-1"},"canonical":"https:\/\/beuhparadis.com\/da\/product\/red-lebanese-hash\/","og_locale":"da_DK","og_type":"article","og_title":"Red Lebanese Hash","og_description":"Acheter Red Lebanese Hash, un hash libanais rouge traditionnel, connu pour sa texture douce et ses ar\u00f4mes riches. Livraison discr\u00e8te et rapide.","og_url":"https:\/\/beuhparadis.com\/da\/product\/red-lebanese-hash\/","og_site_name":"Beuh Paradis","article_modified_time":"2025-01-28T09:32:05+00:00","og_image":[{"width":924,"height":924,"url":"https:\/\/beuhparadis.com\/wp-content\/uploads\/2024\/12\/Red-Lebanese-Hash-2.jpeg","type":"image\/jpeg"}],"twitter_card":"summary_large_image","twitter_misc":{"Estimeret l\u00e6setid":"2 minutes"},"schema":{"@context":"https:\/\/schema.org","@graph":[{"@type":"WebPage","@id":"https:\/\/beuhparadis.com\/product\/red-lebanese-hash\/","url":"https:\/\/beuhparadis.com\/product\/red-lebanese-hash\/","name":"K\u00f8b R\u00f8d libanesisk hash | Hash Libanais Rouge Premium","isPartOf":{"@id":"https:\/\/beuhparadis.com\/#website"},"primaryImageOfPage":{"@id":"https:\/\/beuhparadis.com\/product\/red-lebanese-hash\/#primaryimage"},"image":{"@id":"https:\/\/beuhparadis.com\/product\/red-lebanese-hash\/#primaryimage"},"thumbnailUrl":"https:\/\/beuhparadis.com\/wp-content\/uploads\/2024\/12\/Red-Lebanese-Hash-2.jpeg","datePublished":"2024-12-10T23:50:47+00:00","dateModified":"2025-01-28T09:32:05+00:00","description":"K\u00f8b Red Lebanese Hash, en traditionel r\u00f8d libanesisk hash, der er kendt for sin glatte tekstur og rige aromaer. Hurtig og diskret levering.","breadcrumb":{"@id":"https:\/\/beuhparadis.com\/product\/red-lebanese-hash\/#breadcrumb"},"inLanguage":"da-DK","potentialAction":[{"@type":"ReadAction","target":["https:\/\/beuhparadis.com\/product\/red-lebanese-hash\/"]}]},{"@type":"ImageObject","inLanguage":"da-DK","@id":"https:\/\/beuhparadis.com\/product\/red-lebanese-hash\/#primaryimage","url":"https:\/\/beuhparadis.com\/wp-content\/uploads\/2024\/12\/Red-Lebanese-Hash-2.jpeg","contentUrl":"https:\/\/beuhparadis.com\/wp-content\/uploads\/2024\/12\/Red-Lebanese-Hash-2.jpeg","width":924,"height":924},{"@type":"BreadcrumbList","@id":"https:\/\/beuhparadis.com\/product\/red-lebanese-hash\/#breadcrumb","itemListElement":[{"@type":"ListItem","position":1,"name":"Home","item":"https:\/\/beuhparadis.com\/"},{"@type":"ListItem","position":2,"name":"Shop","item":"https:\/\/beuhparadis.com\/shop\/"},{"@type":"ListItem","position":3,"name":"Red Lebanese Hash"}]},{"@type":"WebSite","@id":"https:\/\/beuhparadis.com\/#website","url":"https:\/\/beuhparadis.com\/","name":"Beuh Paradis","description":"","potentialAction":[{"@type":"SearchAction","target":{"@type":"EntryPoint","urlTemplate":"https:\/\/beuhparadis.com\/?s={search_term_string}"},"query-input":{"@type":"PropertyValueSpecification","valueRequired":true,"valueName":"search_term_string"}}],"inLanguage":"da-DK"}]}},"_links":{"self":[{"href":"https:\/\/beuhparadis.com\/da\/wp-json\/wp\/v2\/product\/2061","targetHints":{"allow":["GET"]}}],"collection":[{"href":"https:\/\/beuhparadis.com\/da\/wp-json\/wp\/v2\/product"}],"about":[{"href":"https:\/\/beuhparadis.com\/da\/wp-json\/wp\/v2\/types\/product"}],"replies":[{"embeddable":true,"href":"https:\/\/beuhparadis.com\/da\/wp-json\/wp\/v2\/comments?post=2061"}],"wp:featuredmedia":[{"embeddable":true,"href":"https:\/\/beuhparadis.com\/da\/wp-json\/wp\/v2\/media\/2078"}],"wp:attachment":[{"href":"https:\/\/beuhparadis.com\/da\/wp-json\/wp\/v2\/media?parent=2061"}],"wp:term":[{"taxonomy":"product_brand","embeddable":true,"href":"https:\/\/beuhparadis.com\/da\/wp-json\/wp\/v2\/product_brand?post=2061"},{"taxonomy":"product_cat","embeddable":true,"href":"https:\/\/beuhparadis.com\/da\/wp-json\/wp\/v2\/product_cat?post=2061"},{"taxonomy":"product_tag","embeddable":true,"href":"https:\/\/beuhparadis.com\/da\/wp-json\/wp\/v2\/product_tag?post=2061"}],"curies":[{"name":"wp","href":"https:\/\/api.w.org\/{rel}","templated":true}]}}