{"id":2047,"date":"2024-12-10T23:50:24","date_gmt":"2024-12-10T23:50:24","guid":{"rendered":"https:\/\/beuhparadis.com\/?post_type=product&#038;p=2047"},"modified":"2025-01-28T10:06:59","modified_gmt":"2025-01-28T10:06:59","slug":"doja-exclusive-apple-fritter","status":"publish","type":"product","link":"https:\/\/beuhparadis.com\/da\/product\/doja-exclusive-apple-fritter\/","title":{"rendered":"Doja Exclusive | \u00c6blefritter"},"content":{"rendered":"<h1 class=\"wp-block-heading\">K\u00f8b Doja Apple Fritter: En s\u00f8d variant med tr\u00f8stende effekter<\/h1>\n<p>Doja Apple Fritter, som har v\u00e6ret til stede i cannabisverdenen siden 2016, skiller sig ud for sin enest\u00e5ende kvalitet og globale popularitet. Denne stamme, som er sv\u00e6r at finde uden for USA's \u00f8stkyst, kan prale af en l\u00e6kker smag og behagelige effekter, hvilket g\u00f8r den til et must-have for kendere.<\/p>\n<h2 class=\"wp-block-heading\">Information om La Souche<\/h2>\n<ul class=\"wp-block-list\">\n<li><strong>Genetik<\/strong> Doja Apple Fritter er en afbalanceret hybrid med en 50\/50 Indica\/Sativa-dominans, hvilket resulterer i en harmonisk blanding af s\u00f8de og frugtagtige smage med noter af karamel og \u00e6ble.<\/li>\n<li><strong>Produktion<\/strong> Dyrket med omhu for at bevare den unikke aromatiske profil og den h\u00f8je koncentration af cannabinoider.<\/li>\n<li><strong>Type<\/strong> En afbalanceret hybrid, perfekt til dem, der s\u00f8ger b\u00e5de afslapning og mental stimulering.<\/li>\n<\/ul>\n<h2 class=\"wp-block-heading\">THC og CBD<\/h2>\n<ul class=\"wp-block-list\">\n<li><strong>THC<\/strong> H\u00f8j koncentration giver en kraftig, \u00f8jeblikkelig virkning, ideel til en mindev\u00e6rdig oplevelse.<\/li>\n<li><strong>CBD<\/strong> Lavt, hvilket fremh\u00e6ver de psykoaktive og afslappende virkninger.<\/li>\n<\/ul>\n<h2 class=\"wp-block-heading\">Hvor kan jeg k\u00f8be Doja Apple Fritter online?<\/h2>\n<p><a href=\"https:\/\/beuhparadis.com\/da\/product\/honey-moroccan-blonde-hash\/\" data-type=\"link\" data-id=\"https:\/\/acheterducannabis.fr\/\">Beuhparadis.com<\/a> er din foretrukne destination for at erhverve <strong>Doja \u00e6blefritter<\/strong> online, hvilket garanterer overlegen kvalitet, diskret levering og enest\u00e5ende kundeservice.<\/p>\n<h2 class=\"wp-block-heading\">Effekter, aroma og smag<\/h2>\n<h3 class=\"wp-block-heading\">Effekt<\/h3>\n<ul class=\"wp-block-list\">\n<li><strong>Doja \u00e6blefritter<\/strong> giver en varm, omsluttende fornemmelse, perfekt til vinteraftener. Denne sort fremkalder ogs\u00e5 en tilstand af eufori og afslapning, der er ideel til at slappe af eller stimulere kreativiteten.<\/li>\n<\/ul>\n<h3 class=\"wp-block-heading\">Aroma<\/h3>\n<ul class=\"wp-block-list\">\n<li>En intens s\u00f8d og frugtagtig aroma med hints af diesel, \u00e6ble og andre tropiske frugter som ananas og mango g\u00f8r Doja Apple Fritter s\u00e6rligt tiltalende.<\/li>\n<\/ul>\n<h3 class=\"wp-block-heading\">Smag<\/h3>\n<ul class=\"wp-block-list\">\n<li>En uds\u00f8gt smag, der minder om \u00e6blekager, med en perfekt balance mellem frugtens s\u00f8dme og en let smag af citron, afrundet med et strejf af diesel p\u00e5 ud\u00e5ndingen.<\/li>\n<\/ul>\n<h2 class=\"wp-block-heading\">Medicinske virkninger<\/h2>\n<h3 class=\"wp-block-heading\">Medicinske virkninger<\/h3>\n<ul class=\"wp-block-list\">\n<li>Doja Applefritter er effektiv mod angst og stress og giver dyb lindring og en f\u00f8lelse af velv\u00e6re.<\/li>\n<li>Kan ogs\u00e5 hj\u00e6lpe med at lindre kroniske smerter og fremme afslappende s\u00f8vn.<\/li>\n<\/ul>\n<h3 class=\"wp-block-heading\">Kan lindre<\/h3>\n<ul class=\"wp-block-list\">\n<li>Angstlidelser, i sm\u00e5 doser, uden at forv\u00e6rre tilstanden.<\/li>\n<li>Vedvarende smerter og s\u00f8vnforstyrrelser, der giver komfort og afslapning.<\/li>\n<\/ul>\n<h2 class=\"wp-block-heading\">Hvorfor k\u00f8be Doja Apple Fritter fra Acheterducannabis?<\/h2>\n<p>Ved at v\u00e6lge Acheterducannabis til dit k\u00f8b af Doja Apple Fritter, v\u00e6lger du et cannabisprodukt af h\u00f8jeste kvalitet. Vi er forpligtet til at give en uovertruffen shoppingoplevelse, fra bestilling til levering til din d\u00f8r.<\/p>\n<h2 class=\"wp-block-heading\">Regeringslovgivning for salg af cannabis i Europa<\/h2>\n<p>Salget af cannabis i Europa er reguleret for at sikre forbrugersikkerhed og produktkvalitet. Acheterducannabis respekterer n\u00f8je disse standarder og tilbyder en helt lovlig og sikker online k\u00f8bstjeneste for Doja Apple Fritter.<\/p>\n<hr class=\"wp-block-separator has-alpha-channel-opacity\" \/>\n<p>Acheterducannabis inviterer dig til at udforske den l\u00e6kre verden af <strong>Doja \u00e6blefritter<\/strong>Dette garanterer overlegen kvalitet, p\u00e5lidelig levering og overholdelse af europ\u00e6iske juridiske standarder.<\/p>","protected":false},"excerpt":{"rendered":"<h3 class=\"wp-block-heading\">Medicinske virkninger<\/h3>\n<ul class=\"wp-block-list\">\n<li>Doja Apple Fritter er effektiv mod angst og stress og giver dyb lindring og en f\u00f8lelse af velv\u00e6re.<\/li>\n<li>Kan ogs\u00e5 hj\u00e6lpe med at lindre kroniske smerter og fremme afslappende s\u00f8vn.<\/li>\n<\/ul>","protected":false},"featured_media":2077,"comment_status":"closed","ping_status":"closed","template":"","meta":{"site-sidebar-layout":"default","site-content-layout":"","ast-site-content-layout":"default","site-content-style":"default","site-sidebar-style":"default","ast-global-header-display":"","ast-banner-title-visibility":"","ast-main-header-display":"","ast-hfb-above-header-display":"","ast-hfb-below-header-display":"","ast-hfb-mobile-header-display":"","site-post-title":"","ast-breadcrumbs-content":"","ast-featured-img":"","footer-sml-layout":"","theme-transparent-header-meta":"default","adv-header-id-meta":"","stick-header-meta":"","header-above-stick-meta":"","header-main-stick-meta":"","header-below-stick-meta":"","astra-migrate-meta-layouts":"set","ast-page-background-enabled":"default","ast-page-background-meta":{"desktop":{"background-color":"","background-image":"","background-repeat":"repeat","background-position":"center center","background-size":"auto","background-attachment":"scroll","background-type":"","background-media":"","overlay-type":"","overlay-color":"","overlay-opacity":"","overlay-gradient":""},"tablet":{"background-color":"","background-image":"","background-repeat":"repeat","background-position":"center center","background-size":"auto","background-attachment":"scroll","background-type":"","background-media":"","overlay-type":"","overlay-color":"","overlay-opacity":"","overlay-gradient":""},"mobile":{"background-color":"","background-image":"","background-repeat":"repeat","background-position":"center center","background-size":"auto","background-attachment":"scroll","background-type":"","background-media":"","overlay-type":"","overlay-color":"","overlay-opacity":"","overlay-gradient":""}},"ast-content-background-meta":{"desktop":{"background-color":"var(--ast-global-color-5)","background-image":"","background-repeat":"repeat","background-position":"center center","background-size":"auto","background-attachment":"scroll","background-type":"","background-media":"","overlay-type":"","overlay-color":"","overlay-opacity":"","overlay-gradient":""},"tablet":{"background-color":"var(--ast-global-color-5)","background-image":"","background-repeat":"repeat","background-position":"center center","background-size":"auto","background-attachment":"scroll","background-type":"","background-media":"","overlay-type":"","overlay-color":"","overlay-opacity":"","overlay-gradient":""},"mobile":{"background-color":"var(--ast-global-color-5)","background-image":"","background-repeat":"repeat","background-position":"center center","background-size":"auto","background-attachment":"scroll","background-type":"","background-media":"","overlay-type":"","overlay-color":"","overlay-opacity":"","overlay-gradient":""}},"_joinchat":[]},"product_brand":[],"product_cat":[41,47],"product_tag":[],"class_list":{"0":"post-2047","1":"product","2":"type-product","3":"status-publish","4":"has-post-thumbnail","6":"product_cat-cali-weed","7":"product_cat-doja-weed-doja-exclusive","8":"desktop-align-left","9":"tablet-align-left","10":"mobile-align-left","12":"first","13":"instock","14":"shipping-taxable","15":"purchasable","16":"product-type-variable"},"yoast_head":"<!-- This site is optimized with the Yoast SEO Premium plugin v24.1 (Yoast SEO v26.8) - https:\/\/yoast.com\/product\/yoast-seo-premium-wordpress\/ -->\n<title>Acheter Doja Apple Fritter en Ligne | Vari\u00e9t\u00e9 de Cannabis Gourmet<\/title>\n<meta name=\"description\" content=\"D\u00e9couvrez le Doja Apple Fritter, une vari\u00e9t\u00e9 de cannabis gourmet aux ar\u00f4mes sucr\u00e9s et \u00e9pic\u00e9s. Achetez en ligne avec livraison discr\u00e8te et rapide.\" \/>\n<meta name=\"robots\" content=\"index, follow, max-snippet:-1, max-image-preview:large, max-video-preview:-1\" \/>\n<link rel=\"canonical\" href=\"https:\/\/beuhparadis.com\/da\/product\/doja-exclusive-apple-fritter\/\" \/>\n<meta property=\"og:locale\" content=\"da_DK\" \/>\n<meta property=\"og:type\" content=\"article\" \/>\n<meta property=\"og:title\" content=\"Doja Exclusive | Apple Fritter\" \/>\n<meta property=\"og:description\" content=\"D\u00e9couvrez le Doja Apple Fritter, une vari\u00e9t\u00e9 de cannabis gourmet aux ar\u00f4mes sucr\u00e9s et \u00e9pic\u00e9s. Achetez en ligne avec livraison discr\u00e8te et rapide.\" \/>\n<meta property=\"og:url\" content=\"https:\/\/beuhparadis.com\/da\/product\/doja-exclusive-apple-fritter\/\" \/>\n<meta property=\"og:site_name\" content=\"Beuh Paradis\" \/>\n<meta property=\"article:modified_time\" content=\"2025-01-28T10:06:59+00:00\" \/>\n<meta property=\"og:image\" content=\"https:\/\/beuhparadis.com\/wp-content\/uploads\/2024\/12\/Doja-Exclusive-Apple-Fritter-3.jpg\" \/>\n\t<meta property=\"og:image:width\" content=\"1284\" \/>\n\t<meta property=\"og:image:height\" content=\"1593\" \/>\n\t<meta property=\"og:image:type\" content=\"image\/jpeg\" \/>\n<meta name=\"twitter:card\" content=\"summary_large_image\" \/>\n<meta name=\"twitter:label1\" content=\"Estimeret l\u00e6setid\" \/>\n\t<meta name=\"twitter:data1\" content=\"3 minutes\" \/>\n<script type=\"application\/ld+json\" class=\"yoast-schema-graph\">{\"@context\":\"https:\/\/schema.org\",\"@graph\":[{\"@type\":\"WebPage\",\"@id\":\"https:\/\/beuhparadis.com\/product\/doja-exclusive-apple-fritter\/\",\"url\":\"https:\/\/beuhparadis.com\/product\/doja-exclusive-apple-fritter\/\",\"name\":\"Acheter Doja Apple Fritter en Ligne | Vari\u00e9t\u00e9 de Cannabis Gourmet\",\"isPartOf\":{\"@id\":\"https:\/\/beuhparadis.com\/#website\"},\"primaryImageOfPage\":{\"@id\":\"https:\/\/beuhparadis.com\/product\/doja-exclusive-apple-fritter\/#primaryimage\"},\"image\":{\"@id\":\"https:\/\/beuhparadis.com\/product\/doja-exclusive-apple-fritter\/#primaryimage\"},\"thumbnailUrl\":\"https:\/\/beuhparadis.com\/wp-content\/uploads\/2024\/12\/Doja-Exclusive-Apple-Fritter-3.jpg\",\"datePublished\":\"2024-12-10T23:50:24+00:00\",\"dateModified\":\"2025-01-28T10:06:59+00:00\",\"description\":\"D\u00e9couvrez le Doja Apple Fritter, une vari\u00e9t\u00e9 de cannabis gourmet aux ar\u00f4mes sucr\u00e9s et \u00e9pic\u00e9s. Achetez en ligne avec livraison discr\u00e8te et rapide.\",\"breadcrumb\":{\"@id\":\"https:\/\/beuhparadis.com\/product\/doja-exclusive-apple-fritter\/#breadcrumb\"},\"inLanguage\":\"da-DK\",\"potentialAction\":[{\"@type\":\"ReadAction\",\"target\":[\"https:\/\/beuhparadis.com\/product\/doja-exclusive-apple-fritter\/\"]}]},{\"@type\":\"ImageObject\",\"inLanguage\":\"da-DK\",\"@id\":\"https:\/\/beuhparadis.com\/product\/doja-exclusive-apple-fritter\/#primaryimage\",\"url\":\"https:\/\/beuhparadis.com\/wp-content\/uploads\/2024\/12\/Doja-Exclusive-Apple-Fritter-3.jpg\",\"contentUrl\":\"https:\/\/beuhparadis.com\/wp-content\/uploads\/2024\/12\/Doja-Exclusive-Apple-Fritter-3.jpg\",\"width\":1284,\"height\":1593},{\"@type\":\"BreadcrumbList\",\"@id\":\"https:\/\/beuhparadis.com\/product\/doja-exclusive-apple-fritter\/#breadcrumb\",\"itemListElement\":[{\"@type\":\"ListItem\",\"position\":1,\"name\":\"Home\",\"item\":\"https:\/\/beuhparadis.com\/\"},{\"@type\":\"ListItem\",\"position\":2,\"name\":\"Shop\",\"item\":\"https:\/\/beuhparadis.com\/shop\/\"},{\"@type\":\"ListItem\",\"position\":3,\"name\":\"Doja Exclusive | Apple Fritter\"}]},{\"@type\":\"WebSite\",\"@id\":\"https:\/\/beuhparadis.com\/#website\",\"url\":\"https:\/\/beuhparadis.com\/\",\"name\":\"Beuh Paradis\",\"description\":\"\",\"potentialAction\":[{\"@type\":\"SearchAction\",\"target\":{\"@type\":\"EntryPoint\",\"urlTemplate\":\"https:\/\/beuhparadis.com\/?s={search_term_string}\"},\"query-input\":{\"@type\":\"PropertyValueSpecification\",\"valueRequired\":true,\"valueName\":\"search_term_string\"}}],\"inLanguage\":\"da-DK\"}]}<\/script>\n<!-- \/ Yoast SEO Premium plugin. -->","yoast_head_json":{"title":"K\u00f8b Doja Apple Fritter online | Vari\u00e9t\u00e9 de Cannabis Gourmet","description":"Oplev Doja Apple Fritter, en gourmet-cannabisvariant med en s\u00f8d og krydret aroma. K\u00f8b online med hurtig, diskret levering.","robots":{"index":"index","follow":"follow","max-snippet":"max-snippet:-1","max-image-preview":"max-image-preview:large","max-video-preview":"max-video-preview:-1"},"canonical":"https:\/\/beuhparadis.com\/da\/product\/doja-exclusive-apple-fritter\/","og_locale":"da_DK","og_type":"article","og_title":"Doja Exclusive | Apple Fritter","og_description":"D\u00e9couvrez le Doja Apple Fritter, une vari\u00e9t\u00e9 de cannabis gourmet aux ar\u00f4mes sucr\u00e9s et \u00e9pic\u00e9s. Achetez en ligne avec livraison discr\u00e8te et rapide.","og_url":"https:\/\/beuhparadis.com\/da\/product\/doja-exclusive-apple-fritter\/","og_site_name":"Beuh Paradis","article_modified_time":"2025-01-28T10:06:59+00:00","og_image":[{"width":1284,"height":1593,"url":"https:\/\/beuhparadis.com\/wp-content\/uploads\/2024\/12\/Doja-Exclusive-Apple-Fritter-3.jpg","type":"image\/jpeg"}],"twitter_card":"summary_large_image","twitter_misc":{"Estimeret l\u00e6setid":"3 minutes"},"schema":{"@context":"https:\/\/schema.org","@graph":[{"@type":"WebPage","@id":"https:\/\/beuhparadis.com\/product\/doja-exclusive-apple-fritter\/","url":"https:\/\/beuhparadis.com\/product\/doja-exclusive-apple-fritter\/","name":"K\u00f8b Doja Apple Fritter online | Vari\u00e9t\u00e9 de Cannabis Gourmet","isPartOf":{"@id":"https:\/\/beuhparadis.com\/#website"},"primaryImageOfPage":{"@id":"https:\/\/beuhparadis.com\/product\/doja-exclusive-apple-fritter\/#primaryimage"},"image":{"@id":"https:\/\/beuhparadis.com\/product\/doja-exclusive-apple-fritter\/#primaryimage"},"thumbnailUrl":"https:\/\/beuhparadis.com\/wp-content\/uploads\/2024\/12\/Doja-Exclusive-Apple-Fritter-3.jpg","datePublished":"2024-12-10T23:50:24+00:00","dateModified":"2025-01-28T10:06:59+00:00","description":"Oplev Doja Apple Fritter, en gourmet-cannabisvariant med en s\u00f8d og krydret aroma. K\u00f8b online med hurtig, diskret levering.","breadcrumb":{"@id":"https:\/\/beuhparadis.com\/product\/doja-exclusive-apple-fritter\/#breadcrumb"},"inLanguage":"da-DK","potentialAction":[{"@type":"ReadAction","target":["https:\/\/beuhparadis.com\/product\/doja-exclusive-apple-fritter\/"]}]},{"@type":"ImageObject","inLanguage":"da-DK","@id":"https:\/\/beuhparadis.com\/product\/doja-exclusive-apple-fritter\/#primaryimage","url":"https:\/\/beuhparadis.com\/wp-content\/uploads\/2024\/12\/Doja-Exclusive-Apple-Fritter-3.jpg","contentUrl":"https:\/\/beuhparadis.com\/wp-content\/uploads\/2024\/12\/Doja-Exclusive-Apple-Fritter-3.jpg","width":1284,"height":1593},{"@type":"BreadcrumbList","@id":"https:\/\/beuhparadis.com\/product\/doja-exclusive-apple-fritter\/#breadcrumb","itemListElement":[{"@type":"ListItem","position":1,"name":"Home","item":"https:\/\/beuhparadis.com\/"},{"@type":"ListItem","position":2,"name":"Shop","item":"https:\/\/beuhparadis.com\/shop\/"},{"@type":"ListItem","position":3,"name":"Doja Exclusive | Apple Fritter"}]},{"@type":"WebSite","@id":"https:\/\/beuhparadis.com\/#website","url":"https:\/\/beuhparadis.com\/","name":"Beuh Paradis","description":"","potentialAction":[{"@type":"SearchAction","target":{"@type":"EntryPoint","urlTemplate":"https:\/\/beuhparadis.com\/?s={search_term_string}"},"query-input":{"@type":"PropertyValueSpecification","valueRequired":true,"valueName":"search_term_string"}}],"inLanguage":"da-DK"}]}},"_links":{"self":[{"href":"https:\/\/beuhparadis.com\/da\/wp-json\/wp\/v2\/product\/2047","targetHints":{"allow":["GET"]}}],"collection":[{"href":"https:\/\/beuhparadis.com\/da\/wp-json\/wp\/v2\/product"}],"about":[{"href":"https:\/\/beuhparadis.com\/da\/wp-json\/wp\/v2\/types\/product"}],"replies":[{"embeddable":true,"href":"https:\/\/beuhparadis.com\/da\/wp-json\/wp\/v2\/comments?post=2047"}],"wp:featuredmedia":[{"embeddable":true,"href":"https:\/\/beuhparadis.com\/da\/wp-json\/wp\/v2\/media\/2077"}],"wp:attachment":[{"href":"https:\/\/beuhparadis.com\/da\/wp-json\/wp\/v2\/media?parent=2047"}],"wp:term":[{"taxonomy":"product_brand","embeddable":true,"href":"https:\/\/beuhparadis.com\/da\/wp-json\/wp\/v2\/product_brand?post=2047"},{"taxonomy":"product_cat","embeddable":true,"href":"https:\/\/beuhparadis.com\/da\/wp-json\/wp\/v2\/product_cat?post=2047"},{"taxonomy":"product_tag","embeddable":true,"href":"https:\/\/beuhparadis.com\/da\/wp-json\/wp\/v2\/product_tag?post=2047"}],"curies":[{"name":"wp","href":"https:\/\/api.w.org\/{rel}","templated":true}]}}