{"id":2042,"date":"2024-12-10T23:50:24","date_gmt":"2024-12-10T23:50:24","guid":{"rendered":"https:\/\/beuhparadis.com\/?post_type=product&#038;p=2042"},"modified":"2025-01-28T09:56:06","modified_gmt":"2025-01-28T09:56:06","slug":"doja-exclusive-mochi","status":"publish","type":"product","link":"https:\/\/beuhparadis.com\/da\/product\/doja-exclusive-mochi\/","title":{"rendered":"Doja Exclusive | Mochi"},"content":{"rendered":"<h1 class=\"wp-block-heading\">Doja Mochi: En kreativ og beroligende hybridoplevelse<\/h1>\n<p>Doja Mochi er en hybrid cannabisstamme, der udm\u00e6rker sig ved sin evne til at stimulere kreativiteten og samtidig give betydelig smertelindring. Denne stamme er resultatet af en krydsning mellem Sunset Sherbet og Thin Mint Girl Scout Cookies, hvilket giver anledning til en stamme, der er kendt for sine t\u00e6tte, smukke knopper, der kan prale af en frodig blanding af farver, herunder lilla, jade og lys r\u00f8d.<\/p>\n<h2 class=\"wp-block-heading\">Information om La Souche<\/h2>\n<ul class=\"wp-block-list\">\n<li><strong>Genetik<\/strong> Hybrid fra Sunset Sherbet og Thin Mint Girl Scout Cookies.<\/li>\n<li><strong>Produktion<\/strong> Omhyggeligt dyrket for at producere t\u00e6tte, farverige knopper med en h\u00f8j THC-koncentration.<\/li>\n<li><strong>Type<\/strong> Hybrid, ogs\u00e5 kaldet Gelato 47 eller Mochi Gelato, kendt for at fremme afslapning og kreativitet.<\/li>\n<\/ul>\n<h2 class=\"wp-block-heading\">THC og CBD<\/h2>\n<ul class=\"wp-block-list\">\n<li><strong>THC<\/strong> Gennemsnitshastighed omkring 12%, hvilket giver en perfekt balance mellem afslapning og mental stimulering uden at v\u00e6re overv\u00e6ldende.<\/li>\n<li><strong>CBD<\/strong> Meget lav, hvilket prim\u00e6rt fremh\u00e6ver de rekreative og terapeutiske virkninger af THC.<\/li>\n<\/ul>\n<h2 class=\"wp-block-heading\">Hvor kan jeg k\u00f8be Doja Mochi online?<\/h2>\n<p><a href=\"https:\/\/beuhparadis.com\/da\/product\/bubble-hash\/\">Beuhparadis.com<\/a> er din foretrukne destination for k\u00f8b af <strong>Doja Mochi<\/strong> online, hvilket garanterer et produkt i topkvalitet, diskret levering og up\u00e5klagelig kundeservice.<\/p>\n<h2 class=\"wp-block-heading\">Effekter, aroma og smag<\/h2>\n<h3 class=\"wp-block-heading\">Effekt<\/h3>\n<ul class=\"wp-block-list\">\n<li><strong>Doja Mochi<\/strong> er v\u00e6rdsat for sin evne til at slappe dybt af, fremkalde s\u00f8vn, l\u00f8fte hum\u00f8ret, stimulere og give en euforisk f\u00f8lelse.<\/li>\n<li>Minimale bivirkninger, herunder mundt\u00f8rhed og t\u00f8rre \u00f8jne, med sj\u00e6ldne tilf\u00e6lde af angst og paranoia.<\/li>\n<\/ul>\n<h3 class=\"wp-block-heading\">Aroma<\/h3>\n<ul class=\"wp-block-list\">\n<li>En kompleks, fortryllende duft, der kombinerer s\u00f8de, frugtagtige noter med et strejf af diesel, som kommer fra de frostklare, farverige knopper.<\/li>\n<\/ul>\n<h3 class=\"wp-block-heading\">Smag<\/h3>\n<ul class=\"wp-block-list\">\n<li>Karakteristisk s\u00f8d og frugtagtig smag med antydninger af karamel og \u00e6ble, afbalanceret af en let citronagtig syre, der minder om det stemningsfulde navn. <strong>Doja Mochi<\/strong>.<\/li>\n<\/ul>\n<h2 class=\"wp-block-heading\">Medicinske virkninger<\/h2>\n<h3 class=\"wp-block-heading\">Medicinske virkninger<\/h3>\n<ul class=\"wp-block-list\">\n<li>Effektiv mod angst, s\u00f8vnl\u00f8shed, stress, depression og kvalme, <strong>Doja Mochi<\/strong> tilbyder lindring af en lang r\u00e6kke tilstande.<\/li>\n<\/ul>\n<h3 class=\"wp-block-heading\">Kan lindre<\/h3>\n<ul class=\"wp-block-list\">\n<li>S\u00e6rligt nyttig for mennesker, der lider af angst, s\u00f8vnl\u00f8shed og stress, da den giver afslapning og velv\u00e6re.<\/li>\n<\/ul>\n<h2 class=\"wp-block-heading\">Hvorfor k\u00f8be Doja Mochi fra Acheterducannabis?<\/h2>\n<p>V\u00e6lg <strong>K\u00f8bducannabis<\/strong> for dit k\u00f8b af <strong>Doja Mochi<\/strong> betyder at v\u00e6lge en p\u00e5lidelig leverand\u00f8r af cannabisprodukter af h\u00f8jeste kvalitet, dyrket med ekspertise og passion. Vi er forpligtet til at give dig en uovertruffen k\u00f8bsoplevelse fra start til slut.<\/p>\n<h2 class=\"wp-block-heading\">Regeringslovgivning for salg af cannabis i Europa<\/h2>\n<p>Salget af cannabis i Europa er underlagt strenge love for at sikre forbrugersikkerhed og produktoverensstemmelse. Acheterducannabis overholder n\u00f8je disse regler og tilbyder en fuldst\u00e6ndig lovlig og sikker online k\u00f8bstjeneste for Doja Mochi.<\/p>\n<hr class=\"wp-block-separator has-alpha-channel-opacity\" \/>\n<p>Acheterducannabis inviterer dig til at opdage Doja Mochi, en garanti for overlegen kvalitet, en enest\u00e5ende brugeroplevelse og overholdelse af europ\u00e6iske juridiske standarder for k\u00f8b af cannabis.<\/p>","protected":false},"excerpt":{"rendered":"<p><strong>Medicinske virkninger<\/strong><\/p>\n<p>Doja Mochi er effektiv mod angst, s\u00f8vnl\u00f8shed, stress, depression og kvalme og giver lindring til en lang r\u00e6kke tilstande.<\/p>","protected":false},"featured_media":2055,"comment_status":"closed","ping_status":"closed","template":"","meta":{"site-sidebar-layout":"default","site-content-layout":"","ast-site-content-layout":"default","site-content-style":"default","site-sidebar-style":"default","ast-global-header-display":"","ast-banner-title-visibility":"","ast-main-header-display":"","ast-hfb-above-header-display":"","ast-hfb-below-header-display":"","ast-hfb-mobile-header-display":"","site-post-title":"","ast-breadcrumbs-content":"","ast-featured-img":"","footer-sml-layout":"","theme-transparent-header-meta":"default","adv-header-id-meta":"","stick-header-meta":"","header-above-stick-meta":"","header-main-stick-meta":"","header-below-stick-meta":"","astra-migrate-meta-layouts":"set","ast-page-background-enabled":"default","ast-page-background-meta":{"desktop":{"background-color":"","background-image":"","background-repeat":"repeat","background-position":"center center","background-size":"auto","background-attachment":"scroll","background-type":"","background-media":"","overlay-type":"","overlay-color":"","overlay-opacity":"","overlay-gradient":""},"tablet":{"background-color":"","background-image":"","background-repeat":"repeat","background-position":"center center","background-size":"auto","background-attachment":"scroll","background-type":"","background-media":"","overlay-type":"","overlay-color":"","overlay-opacity":"","overlay-gradient":""},"mobile":{"background-color":"","background-image":"","background-repeat":"repeat","background-position":"center center","background-size":"auto","background-attachment":"scroll","background-type":"","background-media":"","overlay-type":"","overlay-color":"","overlay-opacity":"","overlay-gradient":""}},"ast-content-background-meta":{"desktop":{"background-color":"var(--ast-global-color-5)","background-image":"","background-repeat":"repeat","background-position":"center center","background-size":"auto","background-attachment":"scroll","background-type":"","background-media":"","overlay-type":"","overlay-color":"","overlay-opacity":"","overlay-gradient":""},"tablet":{"background-color":"var(--ast-global-color-5)","background-image":"","background-repeat":"repeat","background-position":"center center","background-size":"auto","background-attachment":"scroll","background-type":"","background-media":"","overlay-type":"","overlay-color":"","overlay-opacity":"","overlay-gradient":""},"mobile":{"background-color":"var(--ast-global-color-5)","background-image":"","background-repeat":"repeat","background-position":"center center","background-size":"auto","background-attachment":"scroll","background-type":"","background-media":"","overlay-type":"","overlay-color":"","overlay-opacity":"","overlay-gradient":""}},"_joinchat":[]},"product_brand":[],"product_cat":[41,47],"product_tag":[],"class_list":{"0":"post-2042","1":"product","2":"type-product","3":"status-publish","4":"has-post-thumbnail","6":"product_cat-cali-weed","7":"product_cat-doja-weed-doja-exclusive","8":"desktop-align-left","9":"tablet-align-left","10":"mobile-align-left","12":"first","13":"instock","14":"shipping-taxable","15":"purchasable","16":"product-type-variable"},"yoast_head":"<!-- This site is optimized with the Yoast SEO Premium plugin v24.1 (Yoast SEO v26.8) - https:\/\/yoast.com\/product\/yoast-seo-premium-wordpress\/ -->\n<title>Acheter Doja Mochi en Ligne | Vari\u00e9t\u00e9 de Cannabis Exotique<\/title>\n<meta name=\"description\" content=\"Acheter Doja Mochi, une vari\u00e9t\u00e9 de cannabis exotique aux ar\u00f4mes uniques et aux effets puissants. Achetez en ligne avec livraison discr\u00e8te et rapide.\" \/>\n<meta name=\"robots\" content=\"index, follow, max-snippet:-1, max-image-preview:large, max-video-preview:-1\" \/>\n<link rel=\"canonical\" href=\"https:\/\/beuhparadis.com\/da\/product\/doja-exclusive-mochi\/\" \/>\n<meta property=\"og:locale\" content=\"da_DK\" \/>\n<meta property=\"og:type\" content=\"article\" \/>\n<meta property=\"og:title\" content=\"Doja Exclusive | Mochi\" \/>\n<meta property=\"og:description\" content=\"Acheter Doja Mochi, une vari\u00e9t\u00e9 de cannabis exotique aux ar\u00f4mes uniques et aux effets puissants. Achetez en ligne avec livraison discr\u00e8te et rapide.\" \/>\n<meta property=\"og:url\" content=\"https:\/\/beuhparadis.com\/da\/product\/doja-exclusive-mochi\/\" \/>\n<meta property=\"og:site_name\" content=\"Beuh Paradis\" \/>\n<meta property=\"article:modified_time\" content=\"2025-01-28T09:56:06+00:00\" \/>\n<meta property=\"og:image\" content=\"https:\/\/beuhparadis.com\/wp-content\/uploads\/2024\/12\/Doja-Exclusive-Mochi-3.jpg\" \/>\n\t<meta property=\"og:image:width\" content=\"1284\" \/>\n\t<meta property=\"og:image:height\" content=\"1464\" \/>\n\t<meta property=\"og:image:type\" content=\"image\/jpeg\" \/>\n<meta name=\"twitter:card\" content=\"summary_large_image\" \/>\n<meta name=\"twitter:label1\" content=\"Estimeret l\u00e6setid\" \/>\n\t<meta name=\"twitter:data1\" content=\"3 minutes\" \/>\n<script type=\"application\/ld+json\" class=\"yoast-schema-graph\">{\"@context\":\"https:\/\/schema.org\",\"@graph\":[{\"@type\":\"WebPage\",\"@id\":\"https:\/\/beuhparadis.com\/product\/doja-exclusive-mochi\/\",\"url\":\"https:\/\/beuhparadis.com\/product\/doja-exclusive-mochi\/\",\"name\":\"Acheter Doja Mochi en Ligne | Vari\u00e9t\u00e9 de Cannabis Exotique\",\"isPartOf\":{\"@id\":\"https:\/\/beuhparadis.com\/#website\"},\"primaryImageOfPage\":{\"@id\":\"https:\/\/beuhparadis.com\/product\/doja-exclusive-mochi\/#primaryimage\"},\"image\":{\"@id\":\"https:\/\/beuhparadis.com\/product\/doja-exclusive-mochi\/#primaryimage\"},\"thumbnailUrl\":\"https:\/\/beuhparadis.com\/wp-content\/uploads\/2024\/12\/Doja-Exclusive-Mochi-3.jpg\",\"datePublished\":\"2024-12-10T23:50:24+00:00\",\"dateModified\":\"2025-01-28T09:56:06+00:00\",\"description\":\"Acheter Doja Mochi, une vari\u00e9t\u00e9 de cannabis exotique aux ar\u00f4mes uniques et aux effets puissants. Achetez en ligne avec livraison discr\u00e8te et rapide.\",\"breadcrumb\":{\"@id\":\"https:\/\/beuhparadis.com\/product\/doja-exclusive-mochi\/#breadcrumb\"},\"inLanguage\":\"da-DK\",\"potentialAction\":[{\"@type\":\"ReadAction\",\"target\":[\"https:\/\/beuhparadis.com\/product\/doja-exclusive-mochi\/\"]}]},{\"@type\":\"ImageObject\",\"inLanguage\":\"da-DK\",\"@id\":\"https:\/\/beuhparadis.com\/product\/doja-exclusive-mochi\/#primaryimage\",\"url\":\"https:\/\/beuhparadis.com\/wp-content\/uploads\/2024\/12\/Doja-Exclusive-Mochi-3.jpg\",\"contentUrl\":\"https:\/\/beuhparadis.com\/wp-content\/uploads\/2024\/12\/Doja-Exclusive-Mochi-3.jpg\",\"width\":1284,\"height\":1464},{\"@type\":\"BreadcrumbList\",\"@id\":\"https:\/\/beuhparadis.com\/product\/doja-exclusive-mochi\/#breadcrumb\",\"itemListElement\":[{\"@type\":\"ListItem\",\"position\":1,\"name\":\"Home\",\"item\":\"https:\/\/beuhparadis.com\/\"},{\"@type\":\"ListItem\",\"position\":2,\"name\":\"Shop\",\"item\":\"https:\/\/beuhparadis.com\/shop\/\"},{\"@type\":\"ListItem\",\"position\":3,\"name\":\"Doja Exclusive | Mochi\"}]},{\"@type\":\"WebSite\",\"@id\":\"https:\/\/beuhparadis.com\/#website\",\"url\":\"https:\/\/beuhparadis.com\/\",\"name\":\"Beuh Paradis\",\"description\":\"\",\"potentialAction\":[{\"@type\":\"SearchAction\",\"target\":{\"@type\":\"EntryPoint\",\"urlTemplate\":\"https:\/\/beuhparadis.com\/?s={search_term_string}\"},\"query-input\":{\"@type\":\"PropertyValueSpecification\",\"valueRequired\":true,\"valueName\":\"search_term_string\"}}],\"inLanguage\":\"da-DK\"}]}<\/script>\n<!-- \/ Yoast SEO Premium plugin. -->","yoast_head_json":{"title":"K\u00f8b Doja Mochi online - eksotisk cannabissort","description":"K\u00f8b Doja Mochi, en eksotisk cannabissort med unikke aromaer og kraftige effekter. K\u00f8b online med hurtig, diskret levering.","robots":{"index":"index","follow":"follow","max-snippet":"max-snippet:-1","max-image-preview":"max-image-preview:large","max-video-preview":"max-video-preview:-1"},"canonical":"https:\/\/beuhparadis.com\/da\/product\/doja-exclusive-mochi\/","og_locale":"da_DK","og_type":"article","og_title":"Doja Exclusive | Mochi","og_description":"Acheter Doja Mochi, une vari\u00e9t\u00e9 de cannabis exotique aux ar\u00f4mes uniques et aux effets puissants. Achetez en ligne avec livraison discr\u00e8te et rapide.","og_url":"https:\/\/beuhparadis.com\/da\/product\/doja-exclusive-mochi\/","og_site_name":"Beuh Paradis","article_modified_time":"2025-01-28T09:56:06+00:00","og_image":[{"width":1284,"height":1464,"url":"https:\/\/beuhparadis.com\/wp-content\/uploads\/2024\/12\/Doja-Exclusive-Mochi-3.jpg","type":"image\/jpeg"}],"twitter_card":"summary_large_image","twitter_misc":{"Estimeret l\u00e6setid":"3 minutes"},"schema":{"@context":"https:\/\/schema.org","@graph":[{"@type":"WebPage","@id":"https:\/\/beuhparadis.com\/product\/doja-exclusive-mochi\/","url":"https:\/\/beuhparadis.com\/product\/doja-exclusive-mochi\/","name":"K\u00f8b Doja Mochi online - eksotisk cannabissort","isPartOf":{"@id":"https:\/\/beuhparadis.com\/#website"},"primaryImageOfPage":{"@id":"https:\/\/beuhparadis.com\/product\/doja-exclusive-mochi\/#primaryimage"},"image":{"@id":"https:\/\/beuhparadis.com\/product\/doja-exclusive-mochi\/#primaryimage"},"thumbnailUrl":"https:\/\/beuhparadis.com\/wp-content\/uploads\/2024\/12\/Doja-Exclusive-Mochi-3.jpg","datePublished":"2024-12-10T23:50:24+00:00","dateModified":"2025-01-28T09:56:06+00:00","description":"K\u00f8b Doja Mochi, en eksotisk cannabissort med unikke aromaer og kraftige effekter. K\u00f8b online med hurtig, diskret levering.","breadcrumb":{"@id":"https:\/\/beuhparadis.com\/product\/doja-exclusive-mochi\/#breadcrumb"},"inLanguage":"da-DK","potentialAction":[{"@type":"ReadAction","target":["https:\/\/beuhparadis.com\/product\/doja-exclusive-mochi\/"]}]},{"@type":"ImageObject","inLanguage":"da-DK","@id":"https:\/\/beuhparadis.com\/product\/doja-exclusive-mochi\/#primaryimage","url":"https:\/\/beuhparadis.com\/wp-content\/uploads\/2024\/12\/Doja-Exclusive-Mochi-3.jpg","contentUrl":"https:\/\/beuhparadis.com\/wp-content\/uploads\/2024\/12\/Doja-Exclusive-Mochi-3.jpg","width":1284,"height":1464},{"@type":"BreadcrumbList","@id":"https:\/\/beuhparadis.com\/product\/doja-exclusive-mochi\/#breadcrumb","itemListElement":[{"@type":"ListItem","position":1,"name":"Home","item":"https:\/\/beuhparadis.com\/"},{"@type":"ListItem","position":2,"name":"Shop","item":"https:\/\/beuhparadis.com\/shop\/"},{"@type":"ListItem","position":3,"name":"Doja Exclusive | Mochi"}]},{"@type":"WebSite","@id":"https:\/\/beuhparadis.com\/#website","url":"https:\/\/beuhparadis.com\/","name":"Beuh Paradis","description":"","potentialAction":[{"@type":"SearchAction","target":{"@type":"EntryPoint","urlTemplate":"https:\/\/beuhparadis.com\/?s={search_term_string}"},"query-input":{"@type":"PropertyValueSpecification","valueRequired":true,"valueName":"search_term_string"}}],"inLanguage":"da-DK"}]}},"_links":{"self":[{"href":"https:\/\/beuhparadis.com\/da\/wp-json\/wp\/v2\/product\/2042","targetHints":{"allow":["GET"]}}],"collection":[{"href":"https:\/\/beuhparadis.com\/da\/wp-json\/wp\/v2\/product"}],"about":[{"href":"https:\/\/beuhparadis.com\/da\/wp-json\/wp\/v2\/types\/product"}],"replies":[{"embeddable":true,"href":"https:\/\/beuhparadis.com\/da\/wp-json\/wp\/v2\/comments?post=2042"}],"wp:featuredmedia":[{"embeddable":true,"href":"https:\/\/beuhparadis.com\/da\/wp-json\/wp\/v2\/media\/2055"}],"wp:attachment":[{"href":"https:\/\/beuhparadis.com\/da\/wp-json\/wp\/v2\/media?parent=2042"}],"wp:term":[{"taxonomy":"product_brand","embeddable":true,"href":"https:\/\/beuhparadis.com\/da\/wp-json\/wp\/v2\/product_brand?post=2042"},{"taxonomy":"product_cat","embeddable":true,"href":"https:\/\/beuhparadis.com\/da\/wp-json\/wp\/v2\/product_cat?post=2042"},{"taxonomy":"product_tag","embeddable":true,"href":"https:\/\/beuhparadis.com\/da\/wp-json\/wp\/v2\/product_tag?post=2042"}],"curies":[{"name":"wp","href":"https:\/\/api.w.org\/{rel}","templated":true}]}}