{"id":2032,"date":"2024-12-10T23:50:24","date_gmt":"2024-12-10T23:50:24","guid":{"rendered":"https:\/\/beuhparadis.com\/?post_type=product&#038;p=2032"},"modified":"2025-01-28T10:02:58","modified_gmt":"2025-01-28T10:02:58","slug":"doja-exclusive-karmas-headstash","status":"publish","type":"product","link":"https:\/\/beuhparadis.com\/da\/product\/doja-exclusive-karmas-headstash\/","title":{"rendered":"Doja Exclusive | Karmas Headstash"},"content":{"rendered":"<h1 class=\"wp-block-heading\">K\u00f8b Doja Karmas Headstash: En indica-dominerende genetisk skat<\/h1>\n<p>K\u00f8b Doja Karmas Headstash er en indica-dominerende sort med en kompleks, prisbel\u00f8nnet genetisk profil. Den vandt 1. pladsen i kategorien Best Indica ved Elite Cup i Amsterdam i 2015 og er resultatet af en omhyggelig krydsning, der har til form\u00e5l at kombinere det bedste fra begge cannabisverdener.<\/p>\n<h2 class=\"wp-block-heading\">Information om La Souche<\/h2>\n<ul class=\"wp-block-list\">\n<li><strong>Genetik<\/strong> Resultatet af en trevejskrydsning mellem Girl Scout Cookies, Cannarado's Cherry Pie og en KarmaRado OG-han, senere beriget med et strejf af Karma Genetics' Biker Kush for at fremh\u00e6ve OG Kush-indflydelsen.<\/li>\n<li><strong>Produktion<\/strong> Dyrket under optimerede forhold for at sikre maksimalt udtryk af cannabinoider og terpener, hvilket garanterer cannabinoider og terpener af h\u00f8jeste kvalitet. <strong>Doja Karmas Headstash<\/strong>.<\/li>\n<li><strong>Type<\/strong> Dominans Indica, der giver en dybt afslappende oplevelse, samtidig med at den stimulerer sanserne.<\/li>\n<\/ul>\n<h2 class=\"wp-block-heading\">THC og CBD<\/h2>\n<ul class=\"wp-block-list\">\n<li><strong>THC<\/strong> H\u00f8jt udbytte, der afspejler kraften og den overlegne kvalitet af denne stamme, ideel til kendere, der leder efter intense effekter.<\/li>\n<li><strong>CBD<\/strong> Meget lav, hvilket fremh\u00e6ver sortens psykoaktive og afslappende virkninger.<\/li>\n<\/ul>\n<h2 class=\"wp-block-heading\">Hvor kan jeg k\u00f8be Doja Karmas Headstash online?<\/h2>\n<p><a href=\"https:\/\/beuhparadis.com\/da\/product\/charas-hash\/\" data-type=\"link\" data-id=\"https:\/\/acheterducannabis.fr\/\">Beuhparadis.com<\/a> er din ideelle destination for at erhverve <strong>Doja Karmas Headstash<\/strong> online, hvilket garanterer en sikker, diskret og f\u00f8rsteklasses shoppingoplevelse.<\/p>\n<h2 class=\"wp-block-heading\">Effekter, aroma og smag<\/h2>\n<h3 class=\"wp-block-heading\">Effekt<\/h3>\n<ul class=\"wp-block-list\">\n<li>Intens kropsafslapning og mental eufori, kendetegnende for f\u00f8rsteklasses Indica-stammer, perfekt til at slappe af sidst p\u00e5 dagen.<\/li>\n<li>Stimulerer kreativiteten og giver mental ro takket v\u00e6re den rige genetiske arv.<\/li>\n<\/ul>\n<h3 class=\"wp-block-heading\">Aroma<\/h3>\n<ul class=\"wp-block-list\">\n<li>Kompleks smagsprofil, der blander jordagtige og s\u00f8de noter, som den har arvet fra sine forf\u00e6dre Girl Scout Cookies og Cherry Pie, med et markant strejf af OG Kush.<\/li>\n<\/ul>\n<h3 class=\"wp-block-heading\">Smag<\/h3>\n<ul class=\"wp-block-list\">\n<li>Rig, omsluttende smag, der minder om de aromatiske nuancer af kiks og kirseb\u00e6r, med en robust, krydret kush-finish.<\/li>\n<\/ul>\n<h2 class=\"wp-block-heading\">Medicinske virkninger<\/h2>\n<h3 class=\"wp-block-heading\">Medicinske virkninger<\/h3>\n<ul class=\"wp-block-list\">\n<li>Effektiv lindring af stress, angst og kroniske smerter takket v\u00e6re den Indica-dominerende base.<\/li>\n<li>Kan hj\u00e6lpe med at bek\u00e6mpe s\u00f8vnl\u00f8shed og fremme en afslappende og fredfyldt s\u00f8vn.<\/li>\n<\/ul>\n<h3 class=\"wp-block-heading\">Kan lindre<\/h3>\n<ul class=\"wp-block-list\">\n<li>S\u00f8vnforstyrrelser og vedvarende smerter giver dyb, varig komfort.<\/li>\n<li>Hum\u00f8rsvingninger, forbedring af den generelle sindstilstand og velbefindende.<\/li>\n<\/ul>\n<h2 class=\"wp-block-heading\">Hvorfor skal du k\u00f8be Doja Karmas Headstash fra Acheterducannabis?<\/h2>\n<p>V\u00e6lg <strong>K\u00f8bducannabis<\/strong> for dit k\u00f8b af <strong>Doja Karmas Headstash<\/strong> betyder at v\u00e6lge cannabisprodukter af h\u00f8jeste kvalitet, dyrket med passion og ekspertise. Vi er forpligtet til at give en enest\u00e5ende indk\u00f8bsoplevelse, lige fra bestillingsprocessen til levering til din d\u00f8r.<\/p>\n<h2 class=\"wp-block-heading\">Regeringslovgivning for salg af cannabis i Europa<\/h2>\n<p>Salget af cannabis i Europa er strengt reguleret for at sikre forbrugernes sikkerhed og produktets kvalitet. <strong>K\u00f8bducannabis<\/strong> overholder alle g\u00e6ldende standarder og regler og tilbyder en helt lovlig og sikker online shoppingtjeneste til <strong>Doja Karmas Headstash<\/strong>. S\u00f8rg for at v\u00e6re opm\u00e6rksom p\u00e5 de specifikke love i dit land eller din region, f\u00f8r du foretager dit k\u00f8b.<\/p>\n<hr class=\"wp-block-separator has-alpha-channel-opacity\" \/>\n<p><strong>K\u00f8bducannabis<\/strong> inviterer dig til at opdage <strong>Doja Karmas Headstash<\/strong>Vi garanterer fuld tilfredshed gennem uovertruffen kvalitet, p\u00e5lidelig levering og overholdelse af europ\u00e6iske juridiske standarder.<\/p>","protected":false},"excerpt":{"rendered":"<p><strong>Doja Karmas Headstash Medicinske virkninger<\/strong><\/p>\n<ul>\n<li>Effektiv lindring af stress, angst og kroniske smerter takket v\u00e6re den Indica-dominerende base.<\/li>\n<\/ul>\n<ul>\n<li>Kan hj\u00e6lpe med at bek\u00e6mpe s\u00f8vnl\u00f8shed og fremme en afslappende og fredfyldt s\u00f8vn.<\/li>\n<\/ul>","protected":false},"featured_media":2053,"comment_status":"closed","ping_status":"closed","template":"","meta":{"site-sidebar-layout":"default","site-content-layout":"","ast-site-content-layout":"default","site-content-style":"default","site-sidebar-style":"default","ast-global-header-display":"","ast-banner-title-visibility":"","ast-main-header-display":"","ast-hfb-above-header-display":"","ast-hfb-below-header-display":"","ast-hfb-mobile-header-display":"","site-post-title":"","ast-breadcrumbs-content":"","ast-featured-img":"","footer-sml-layout":"","theme-transparent-header-meta":"default","adv-header-id-meta":"","stick-header-meta":"","header-above-stick-meta":"","header-main-stick-meta":"","header-below-stick-meta":"","astra-migrate-meta-layouts":"set","ast-page-background-enabled":"default","ast-page-background-meta":{"desktop":{"background-color":"","background-image":"","background-repeat":"repeat","background-position":"center center","background-size":"auto","background-attachment":"scroll","background-type":"","background-media":"","overlay-type":"","overlay-color":"","overlay-opacity":"","overlay-gradient":""},"tablet":{"background-color":"","background-image":"","background-repeat":"repeat","background-position":"center center","background-size":"auto","background-attachment":"scroll","background-type":"","background-media":"","overlay-type":"","overlay-color":"","overlay-opacity":"","overlay-gradient":""},"mobile":{"background-color":"","background-image":"","background-repeat":"repeat","background-position":"center center","background-size":"auto","background-attachment":"scroll","background-type":"","background-media":"","overlay-type":"","overlay-color":"","overlay-opacity":"","overlay-gradient":""}},"ast-content-background-meta":{"desktop":{"background-color":"var(--ast-global-color-5)","background-image":"","background-repeat":"repeat","background-position":"center center","background-size":"auto","background-attachment":"scroll","background-type":"","background-media":"","overlay-type":"","overlay-color":"","overlay-opacity":"","overlay-gradient":""},"tablet":{"background-color":"var(--ast-global-color-5)","background-image":"","background-repeat":"repeat","background-position":"center center","background-size":"auto","background-attachment":"scroll","background-type":"","background-media":"","overlay-type":"","overlay-color":"","overlay-opacity":"","overlay-gradient":""},"mobile":{"background-color":"var(--ast-global-color-5)","background-image":"","background-repeat":"repeat","background-position":"center center","background-size":"auto","background-attachment":"scroll","background-type":"","background-media":"","overlay-type":"","overlay-color":"","overlay-opacity":"","overlay-gradient":""}},"_joinchat":[]},"product_brand":[],"product_cat":[41,47],"product_tag":[],"class_list":{"0":"post-2032","1":"product","2":"type-product","3":"status-publish","4":"has-post-thumbnail","6":"product_cat-cali-weed","7":"product_cat-doja-weed-doja-exclusive","8":"desktop-align-left","9":"tablet-align-left","10":"mobile-align-left","12":"first","13":"instock","14":"shipping-taxable","15":"purchasable","16":"product-type-variable"},"yoast_head":"<!-- This site is optimized with the Yoast SEO Premium plugin v24.1 (Yoast SEO v26.8) - https:\/\/yoast.com\/product\/yoast-seo-premium-wordpress\/ -->\n<title>Acheter Doja Karmas Headstash | Vari\u00e9t\u00e9 de Cannabis Exclusif<\/title>\n<meta name=\"description\" content=\"Acheter Doja Karmas Headstash, une vari\u00e9t\u00e9 de cannabis exclusif aux ar\u00f4mes riches et aux effets puissants. Achetez avec livraison discr\u00e8te et rapide.\" \/>\n<meta name=\"robots\" content=\"index, follow, max-snippet:-1, max-image-preview:large, max-video-preview:-1\" \/>\n<link rel=\"canonical\" href=\"https:\/\/beuhparadis.com\/da\/product\/doja-exclusive-karmas-headstash\/\" \/>\n<meta property=\"og:locale\" content=\"da_DK\" \/>\n<meta property=\"og:type\" content=\"article\" \/>\n<meta property=\"og:title\" content=\"Doja Exclusive | Karmas Headstash\" \/>\n<meta property=\"og:description\" content=\"Acheter Doja Karmas Headstash, une vari\u00e9t\u00e9 de cannabis exclusif aux ar\u00f4mes riches et aux effets puissants. Achetez avec livraison discr\u00e8te et rapide.\" \/>\n<meta property=\"og:url\" content=\"https:\/\/beuhparadis.com\/da\/product\/doja-exclusive-karmas-headstash\/\" \/>\n<meta property=\"og:site_name\" content=\"Beuh Paradis\" \/>\n<meta property=\"article:modified_time\" content=\"2025-01-28T10:02:58+00:00\" \/>\n<meta property=\"og:image\" content=\"https:\/\/beuhparadis.com\/wp-content\/uploads\/2024\/12\/Doja-Exclusive-Karmas-Headstash-3.jpg\" \/>\n\t<meta property=\"og:image:width\" content=\"1284\" \/>\n\t<meta property=\"og:image:height\" content=\"1571\" \/>\n\t<meta property=\"og:image:type\" content=\"image\/jpeg\" \/>\n<meta name=\"twitter:card\" content=\"summary_large_image\" \/>\n<meta name=\"twitter:label1\" content=\"Estimeret l\u00e6setid\" \/>\n\t<meta name=\"twitter:data1\" content=\"3 minutes\" \/>\n<script type=\"application\/ld+json\" class=\"yoast-schema-graph\">{\"@context\":\"https:\/\/schema.org\",\"@graph\":[{\"@type\":\"WebPage\",\"@id\":\"https:\/\/beuhparadis.com\/product\/doja-exclusive-karmas-headstash\/\",\"url\":\"https:\/\/beuhparadis.com\/product\/doja-exclusive-karmas-headstash\/\",\"name\":\"Acheter Doja Karmas Headstash | Vari\u00e9t\u00e9 de Cannabis Exclusif\",\"isPartOf\":{\"@id\":\"https:\/\/beuhparadis.com\/#website\"},\"primaryImageOfPage\":{\"@id\":\"https:\/\/beuhparadis.com\/product\/doja-exclusive-karmas-headstash\/#primaryimage\"},\"image\":{\"@id\":\"https:\/\/beuhparadis.com\/product\/doja-exclusive-karmas-headstash\/#primaryimage\"},\"thumbnailUrl\":\"https:\/\/beuhparadis.com\/wp-content\/uploads\/2024\/12\/Doja-Exclusive-Karmas-Headstash-3.jpg\",\"datePublished\":\"2024-12-10T23:50:24+00:00\",\"dateModified\":\"2025-01-28T10:02:58+00:00\",\"description\":\"Acheter Doja Karmas Headstash, une vari\u00e9t\u00e9 de cannabis exclusif aux ar\u00f4mes riches et aux effets puissants. Achetez avec livraison discr\u00e8te et rapide.\",\"breadcrumb\":{\"@id\":\"https:\/\/beuhparadis.com\/product\/doja-exclusive-karmas-headstash\/#breadcrumb\"},\"inLanguage\":\"da-DK\",\"potentialAction\":[{\"@type\":\"ReadAction\",\"target\":[\"https:\/\/beuhparadis.com\/product\/doja-exclusive-karmas-headstash\/\"]}]},{\"@type\":\"ImageObject\",\"inLanguage\":\"da-DK\",\"@id\":\"https:\/\/beuhparadis.com\/product\/doja-exclusive-karmas-headstash\/#primaryimage\",\"url\":\"https:\/\/beuhparadis.com\/wp-content\/uploads\/2024\/12\/Doja-Exclusive-Karmas-Headstash-3.jpg\",\"contentUrl\":\"https:\/\/beuhparadis.com\/wp-content\/uploads\/2024\/12\/Doja-Exclusive-Karmas-Headstash-3.jpg\",\"width\":1284,\"height\":1571},{\"@type\":\"BreadcrumbList\",\"@id\":\"https:\/\/beuhparadis.com\/product\/doja-exclusive-karmas-headstash\/#breadcrumb\",\"itemListElement\":[{\"@type\":\"ListItem\",\"position\":1,\"name\":\"Home\",\"item\":\"https:\/\/beuhparadis.com\/\"},{\"@type\":\"ListItem\",\"position\":2,\"name\":\"Shop\",\"item\":\"https:\/\/beuhparadis.com\/shop\/\"},{\"@type\":\"ListItem\",\"position\":3,\"name\":\"Doja Exclusive | Karmas Headstash\"}]},{\"@type\":\"WebSite\",\"@id\":\"https:\/\/beuhparadis.com\/#website\",\"url\":\"https:\/\/beuhparadis.com\/\",\"name\":\"Beuh Paradis\",\"description\":\"\",\"potentialAction\":[{\"@type\":\"SearchAction\",\"target\":{\"@type\":\"EntryPoint\",\"urlTemplate\":\"https:\/\/beuhparadis.com\/?s={search_term_string}\"},\"query-input\":{\"@type\":\"PropertyValueSpecification\",\"valueRequired\":true,\"valueName\":\"search_term_string\"}}],\"inLanguage\":\"da-DK\"}]}<\/script>\n<!-- \/ Yoast SEO Premium plugin. -->","yoast_head_json":{"title":"K\u00f8b Doja Karmas Headstash | Eksklusiv cannabisvariant","description":"K\u00f8b Doja Karmas Headstash, en eksklusiv cannabisstamme med rige aromaer og kraftige effekter. K\u00f8b med hurtig, diskret levering.","robots":{"index":"index","follow":"follow","max-snippet":"max-snippet:-1","max-image-preview":"max-image-preview:large","max-video-preview":"max-video-preview:-1"},"canonical":"https:\/\/beuhparadis.com\/da\/product\/doja-exclusive-karmas-headstash\/","og_locale":"da_DK","og_type":"article","og_title":"Doja Exclusive | Karmas Headstash","og_description":"Acheter Doja Karmas Headstash, une vari\u00e9t\u00e9 de cannabis exclusif aux ar\u00f4mes riches et aux effets puissants. Achetez avec livraison discr\u00e8te et rapide.","og_url":"https:\/\/beuhparadis.com\/da\/product\/doja-exclusive-karmas-headstash\/","og_site_name":"Beuh Paradis","article_modified_time":"2025-01-28T10:02:58+00:00","og_image":[{"width":1284,"height":1571,"url":"https:\/\/beuhparadis.com\/wp-content\/uploads\/2024\/12\/Doja-Exclusive-Karmas-Headstash-3.jpg","type":"image\/jpeg"}],"twitter_card":"summary_large_image","twitter_misc":{"Estimeret l\u00e6setid":"3 minutes"},"schema":{"@context":"https:\/\/schema.org","@graph":[{"@type":"WebPage","@id":"https:\/\/beuhparadis.com\/product\/doja-exclusive-karmas-headstash\/","url":"https:\/\/beuhparadis.com\/product\/doja-exclusive-karmas-headstash\/","name":"K\u00f8b Doja Karmas Headstash | Eksklusiv cannabisvariant","isPartOf":{"@id":"https:\/\/beuhparadis.com\/#website"},"primaryImageOfPage":{"@id":"https:\/\/beuhparadis.com\/product\/doja-exclusive-karmas-headstash\/#primaryimage"},"image":{"@id":"https:\/\/beuhparadis.com\/product\/doja-exclusive-karmas-headstash\/#primaryimage"},"thumbnailUrl":"https:\/\/beuhparadis.com\/wp-content\/uploads\/2024\/12\/Doja-Exclusive-Karmas-Headstash-3.jpg","datePublished":"2024-12-10T23:50:24+00:00","dateModified":"2025-01-28T10:02:58+00:00","description":"K\u00f8b Doja Karmas Headstash, en eksklusiv cannabisstamme med rige aromaer og kraftige effekter. K\u00f8b med hurtig, diskret levering.","breadcrumb":{"@id":"https:\/\/beuhparadis.com\/product\/doja-exclusive-karmas-headstash\/#breadcrumb"},"inLanguage":"da-DK","potentialAction":[{"@type":"ReadAction","target":["https:\/\/beuhparadis.com\/product\/doja-exclusive-karmas-headstash\/"]}]},{"@type":"ImageObject","inLanguage":"da-DK","@id":"https:\/\/beuhparadis.com\/product\/doja-exclusive-karmas-headstash\/#primaryimage","url":"https:\/\/beuhparadis.com\/wp-content\/uploads\/2024\/12\/Doja-Exclusive-Karmas-Headstash-3.jpg","contentUrl":"https:\/\/beuhparadis.com\/wp-content\/uploads\/2024\/12\/Doja-Exclusive-Karmas-Headstash-3.jpg","width":1284,"height":1571},{"@type":"BreadcrumbList","@id":"https:\/\/beuhparadis.com\/product\/doja-exclusive-karmas-headstash\/#breadcrumb","itemListElement":[{"@type":"ListItem","position":1,"name":"Home","item":"https:\/\/beuhparadis.com\/"},{"@type":"ListItem","position":2,"name":"Shop","item":"https:\/\/beuhparadis.com\/shop\/"},{"@type":"ListItem","position":3,"name":"Doja Exclusive | Karmas Headstash"}]},{"@type":"WebSite","@id":"https:\/\/beuhparadis.com\/#website","url":"https:\/\/beuhparadis.com\/","name":"Beuh Paradis","description":"","potentialAction":[{"@type":"SearchAction","target":{"@type":"EntryPoint","urlTemplate":"https:\/\/beuhparadis.com\/?s={search_term_string}"},"query-input":{"@type":"PropertyValueSpecification","valueRequired":true,"valueName":"search_term_string"}}],"inLanguage":"da-DK"}]}},"_links":{"self":[{"href":"https:\/\/beuhparadis.com\/da\/wp-json\/wp\/v2\/product\/2032","targetHints":{"allow":["GET"]}}],"collection":[{"href":"https:\/\/beuhparadis.com\/da\/wp-json\/wp\/v2\/product"}],"about":[{"href":"https:\/\/beuhparadis.com\/da\/wp-json\/wp\/v2\/types\/product"}],"replies":[{"embeddable":true,"href":"https:\/\/beuhparadis.com\/da\/wp-json\/wp\/v2\/comments?post=2032"}],"wp:featuredmedia":[{"embeddable":true,"href":"https:\/\/beuhparadis.com\/da\/wp-json\/wp\/v2\/media\/2053"}],"wp:attachment":[{"href":"https:\/\/beuhparadis.com\/da\/wp-json\/wp\/v2\/media?parent=2032"}],"wp:term":[{"taxonomy":"product_brand","embeddable":true,"href":"https:\/\/beuhparadis.com\/da\/wp-json\/wp\/v2\/product_brand?post=2032"},{"taxonomy":"product_cat","embeddable":true,"href":"https:\/\/beuhparadis.com\/da\/wp-json\/wp\/v2\/product_cat?post=2032"},{"taxonomy":"product_tag","embeddable":true,"href":"https:\/\/beuhparadis.com\/da\/wp-json\/wp\/v2\/product_tag?post=2032"}],"curies":[{"name":"wp","href":"https:\/\/api.w.org\/{rel}","templated":true}]}}