{"id":1692,"date":"2024-12-10T23:43:59","date_gmt":"2024-12-10T23:43:59","guid":{"rendered":"https:\/\/beuhparadis.com\/?post_type=product&#038;p=1692"},"modified":"2025-01-28T10:39:51","modified_gmt":"2025-01-28T10:39:51","slug":"the-ten-co-wagyu","status":"publish","type":"product","link":"https:\/\/beuhparadis.com\/da\/product\/the-ten-co-wagyu\/","title":{"rendered":"The Ten.Co | Wagyu"},"content":{"rendered":"<h1 class=\"wp-block-heading\">K\u00f8b Tenco Wagyu<\/h1>\n<h4 class=\"wp-block-heading\">Information om Tenco Wagyu-stammen<\/h4>\n<p>K\u00f8b Tenco Wagyu er en afbalanceret hybridstamme, der er kendt for sin perfekte balance mellem 50% sativa og 50% indica. Den omhyggeligt dyrkede wagyu tenco-stamme stammer fra en genetisk krydsning mellem endnu ukendte for\u00e6ldrestammer, der fremkalder den rige smag og styrke af Gelato 41's ber\u00f8mte hybrider.<\/p>\n<ul class=\"wp-block-list\">\n<li><strong>Genetik<\/strong>Krydsning mellem ukendte for\u00e6ldresorter, typisk for wagyu tenco-stammen.<\/li>\n<li><strong>Sativa\/Indica-forhold<\/strong>50\/50, en afbalanceret karakteristik af wagyu-stammen tenco.<\/li>\n<li><strong>THC<\/strong>19%, hvilket g\u00f8r tenco wagyu til et ideelt valg for erfarne brugere, der er p\u00e5 udkig efter st\u00e6rke effekter.<\/li>\n<li><strong>Produktion<\/strong>Wagyu: Wagyu dyrkes under optimale forhold for at garantere den bedste kvalitet og styrke.<\/li>\n<\/ul>\n<h2 class=\"wp-block-heading\">THC og CBD<\/h2>\n<ul class=\"wp-block-list\">\n<li><strong>THC<\/strong>19% i tenco wagyu, hvilket sikrer en st\u00e6rk og tilfredsstillende oplevelse.<\/li>\n<li><strong>CBD<\/strong>Lav, der fremh\u00e6ver de psykoaktive effekter af wagyu tenco-stammen.<\/li>\n<\/ul>\n<h2 class=\"wp-block-heading\">Hvor kan jeg k\u00f8be Tenco Wagyu online?<\/h2>\n<p>Tenco wagyu kan k\u00f8bes online p\u00e5 steder som f.eks.<a href=\"https:\/\/beuhparadis.com\/da\/product\/bubble-hash\/\" data-type=\"link\" data-id=\"https:\/\/acheterducannabis.fr\/\">Beuhparadis<\/a>Du kan f\u00e5 denne topkvalitetsstamme til en konkurrencedygtig pris.<\/p>\n<h2 class=\"wp-block-heading\">Effekter, aroma og smag af Wagyu Tenco-stammen<\/h2>\n<h3 class=\"wp-block-heading\">Effekt<\/h3>\n<ul class=\"wp-block-list\">\n<li>Tenco wagyu giver prikkende, d\u00f8sige og afslappende fornemmelser, hvilket tyder p\u00e5 et st\u00e6rkt beroligende potentiale.<\/li>\n<\/ul>\n<h3 class=\"wp-block-heading\">Aroma<\/h3>\n<ul class=\"wp-block-list\">\n<li>Wagyu tenco-sorten har en aroma af abrikos og kastanje med et tydeligt strejf af kaffe.<\/li>\n<\/ul>\n<h3 class=\"wp-block-heading\">Smag<\/h3>\n<ul class=\"wp-block-list\">\n<li>Den rige smag af wagyu-stammen tenco med antydninger af abrikos, kastanje og kaffe.<\/li>\n<\/ul>\n<h2 class=\"wp-block-heading\">Medicinske virkninger af Wagyu Tenco<\/h2>\n<ul class=\"wp-block-list\">\n<li><strong>Medicinske virkninger<\/strong>:\n<ul class=\"wp-block-list\">\n<li>Wagyu tenco-stammen er kendt for sit potentiale i behandlingen af angst, depression og bipolar lidelse.<\/li>\n<\/ul>\n<\/li>\n<li><strong>Kan lindre<\/strong>:\n<ul class=\"wp-block-list\">\n<li>Angst, depression og bipolar lidelse, som ofte n\u00e6vnes af brugere af tenco wagyu.<\/li>\n<\/ul>\n<\/li>\n<\/ul>\n<h2 class=\"wp-block-heading\">Hvorfor k\u00f8be Wagyu Tenco fra Acheterducannabis?<\/h2>\n<p>At k\u00f8be tenco wagyu p\u00e5 Acheterducannabis forsikrer forbrugerne om en autentisk, kvalitetskontrolleret stamme til en konkurrencedygtig pris.<\/p>\n<h2 class=\"wp-block-heading\">Statslig lovgivning for salg af Wagyu Tenco Strain i Europa<\/h2>\n<p>Salget af wagyu tenco-stammen i Europa er strengt reguleret. Acheterducannabis er forpligtet til at overholde alle love for at sikre et sikkert og lovligt salg af tenco wagyu.<\/p>\n<p>Tenco Wagyu er en sort, der lover en enest\u00e5ende drikkeoplevelse med et THC-niveau p\u00e5 19%, hvilket garanterer styrke og tilfredshed. Wagyu Tenco-stammen med dens dybe smag og afslappende effekter er ideel til en beroligende afslutning p\u00e5 dagen eller en afslappende weekend. Tilg\u00e6ngelig fra Acheterducannabis, tenco <a href=\"https:\/\/www.leafly.com\/strains\/wagyu\" data-type=\"link\" data-id=\"https:\/\/www.leafly.com\/strains\/wagyu\">wagyu<\/a> er hurtigt blevet en popul\u00e6r sort blandt kendere og dem, der \u00f8nsker at eksperimentere med unikke, kraftfulde sorter.<\/p>","protected":false},"excerpt":{"rendered":"<p><strong>Medicinske virkninger<\/strong>:<\/p>\n<p>Wagyu tenco-stammen er kendt for sit potentiale i behandlingen af angst, depression og bipolar lidelse.<\/p>","protected":false},"featured_media":1719,"comment_status":"closed","ping_status":"closed","template":"","meta":{"site-sidebar-layout":"default","site-content-layout":"","ast-site-content-layout":"default","site-content-style":"default","site-sidebar-style":"default","ast-global-header-display":"","ast-banner-title-visibility":"","ast-main-header-display":"","ast-hfb-above-header-display":"","ast-hfb-below-header-display":"","ast-hfb-mobile-header-display":"","site-post-title":"","ast-breadcrumbs-content":"","ast-featured-img":"","footer-sml-layout":"","theme-transparent-header-meta":"default","adv-header-id-meta":"","stick-header-meta":"","header-above-stick-meta":"","header-main-stick-meta":"","header-below-stick-meta":"","astra-migrate-meta-layouts":"set","ast-page-background-enabled":"default","ast-page-background-meta":{"desktop":{"background-color":"","background-image":"","background-repeat":"repeat","background-position":"center center","background-size":"auto","background-attachment":"scroll","background-type":"","background-media":"","overlay-type":"","overlay-color":"","overlay-opacity":"","overlay-gradient":""},"tablet":{"background-color":"","background-image":"","background-repeat":"repeat","background-position":"center center","background-size":"auto","background-attachment":"scroll","background-type":"","background-media":"","overlay-type":"","overlay-color":"","overlay-opacity":"","overlay-gradient":""},"mobile":{"background-color":"","background-image":"","background-repeat":"repeat","background-position":"center center","background-size":"auto","background-attachment":"scroll","background-type":"","background-media":"","overlay-type":"","overlay-color":"","overlay-opacity":"","overlay-gradient":""}},"ast-content-background-meta":{"desktop":{"background-color":"var(--ast-global-color-5)","background-image":"","background-repeat":"repeat","background-position":"center center","background-size":"auto","background-attachment":"scroll","background-type":"","background-media":"","overlay-type":"","overlay-color":"","overlay-opacity":"","overlay-gradient":""},"tablet":{"background-color":"var(--ast-global-color-5)","background-image":"","background-repeat":"repeat","background-position":"center center","background-size":"auto","background-attachment":"scroll","background-type":"","background-media":"","overlay-type":"","overlay-color":"","overlay-opacity":"","overlay-gradient":""},"mobile":{"background-color":"var(--ast-global-color-5)","background-image":"","background-repeat":"repeat","background-position":"center center","background-size":"auto","background-attachment":"scroll","background-type":"","background-media":"","overlay-type":"","overlay-color":"","overlay-opacity":"","overlay-gradient":""}},"_joinchat":[]},"product_brand":[],"product_cat":[41,42],"product_tag":[],"class_list":{"0":"post-1692","1":"product","2":"type-product","3":"status-publish","4":"has-post-thumbnail","6":"product_cat-cali-weed","7":"product_cat-the-ten-co-weed","8":"desktop-align-left","9":"tablet-align-left","10":"mobile-align-left","12":"first","13":"instock","14":"shipping-taxable","15":"purchasable","16":"product-type-variable"},"yoast_head":"<!-- This site is optimized with the Yoast SEO Premium plugin v24.1 (Yoast SEO v26.8) - https:\/\/yoast.com\/product\/yoast-seo-premium-wordpress\/ -->\n<title>Acheter Tenco Wagyu en Ligne | Vari\u00e9t\u00e9 de Cannabis Premium<\/title>\n<meta name=\"description\" content=\"D\u00e9couvrez le Tenco Wagyu, une vari\u00e9t\u00e9 de cannabis premium aux ar\u00f4mes uniques et aux effets puissants. Achetez en ligne avec livraison discr\u00e8te et rapide.\" \/>\n<meta name=\"robots\" content=\"index, follow, max-snippet:-1, max-image-preview:large, max-video-preview:-1\" \/>\n<link rel=\"canonical\" href=\"https:\/\/beuhparadis.com\/da\/product\/the-ten-co-wagyu\/\" \/>\n<meta property=\"og:locale\" content=\"da_DK\" \/>\n<meta property=\"og:type\" content=\"article\" \/>\n<meta property=\"og:title\" content=\"The Ten.Co | Wagyu\" \/>\n<meta property=\"og:description\" content=\"D\u00e9couvrez le Tenco Wagyu, une vari\u00e9t\u00e9 de cannabis premium aux ar\u00f4mes uniques et aux effets puissants. Achetez en ligne avec livraison discr\u00e8te et rapide.\" \/>\n<meta property=\"og:url\" content=\"https:\/\/beuhparadis.com\/da\/product\/the-ten-co-wagyu\/\" \/>\n<meta property=\"og:site_name\" content=\"Beuh Paradis\" \/>\n<meta property=\"article:modified_time\" content=\"2025-01-28T10:39:51+00:00\" \/>\n<meta property=\"og:image\" content=\"https:\/\/beuhparadis.com\/wp-content\/uploads\/2024\/12\/The-Ten.Co-Wagyu-2.webp\" \/>\n\t<meta property=\"og:image:width\" content=\"1600\" \/>\n\t<meta property=\"og:image:height\" content=\"1600\" \/>\n\t<meta property=\"og:image:type\" content=\"image\/webp\" \/>\n<meta name=\"twitter:card\" content=\"summary_large_image\" \/>\n<meta name=\"twitter:label1\" content=\"Estimeret l\u00e6setid\" \/>\n\t<meta name=\"twitter:data1\" content=\"3 minutes\" \/>\n<script type=\"application\/ld+json\" class=\"yoast-schema-graph\">{\"@context\":\"https:\/\/schema.org\",\"@graph\":[{\"@type\":\"WebPage\",\"@id\":\"https:\/\/beuhparadis.com\/product\/the-ten-co-wagyu\/\",\"url\":\"https:\/\/beuhparadis.com\/product\/the-ten-co-wagyu\/\",\"name\":\"Acheter Tenco Wagyu en Ligne | Vari\u00e9t\u00e9 de Cannabis Premium\",\"isPartOf\":{\"@id\":\"https:\/\/beuhparadis.com\/#website\"},\"primaryImageOfPage\":{\"@id\":\"https:\/\/beuhparadis.com\/product\/the-ten-co-wagyu\/#primaryimage\"},\"image\":{\"@id\":\"https:\/\/beuhparadis.com\/product\/the-ten-co-wagyu\/#primaryimage\"},\"thumbnailUrl\":\"https:\/\/beuhparadis.com\/wp-content\/uploads\/2024\/12\/The-Ten.Co-Wagyu-2.webp\",\"datePublished\":\"2024-12-10T23:43:59+00:00\",\"dateModified\":\"2025-01-28T10:39:51+00:00\",\"description\":\"D\u00e9couvrez le Tenco Wagyu, une vari\u00e9t\u00e9 de cannabis premium aux ar\u00f4mes uniques et aux effets puissants. Achetez en ligne avec livraison discr\u00e8te et rapide.\",\"breadcrumb\":{\"@id\":\"https:\/\/beuhparadis.com\/product\/the-ten-co-wagyu\/#breadcrumb\"},\"inLanguage\":\"da-DK\",\"potentialAction\":[{\"@type\":\"ReadAction\",\"target\":[\"https:\/\/beuhparadis.com\/product\/the-ten-co-wagyu\/\"]}]},{\"@type\":\"ImageObject\",\"inLanguage\":\"da-DK\",\"@id\":\"https:\/\/beuhparadis.com\/product\/the-ten-co-wagyu\/#primaryimage\",\"url\":\"https:\/\/beuhparadis.com\/wp-content\/uploads\/2024\/12\/The-Ten.Co-Wagyu-2.webp\",\"contentUrl\":\"https:\/\/beuhparadis.com\/wp-content\/uploads\/2024\/12\/The-Ten.Co-Wagyu-2.webp\",\"width\":1600,\"height\":1600},{\"@type\":\"BreadcrumbList\",\"@id\":\"https:\/\/beuhparadis.com\/product\/the-ten-co-wagyu\/#breadcrumb\",\"itemListElement\":[{\"@type\":\"ListItem\",\"position\":1,\"name\":\"Home\",\"item\":\"https:\/\/beuhparadis.com\/\"},{\"@type\":\"ListItem\",\"position\":2,\"name\":\"Shop\",\"item\":\"https:\/\/beuhparadis.com\/shop\/\"},{\"@type\":\"ListItem\",\"position\":3,\"name\":\"The Ten.Co | Wagyu\"}]},{\"@type\":\"WebSite\",\"@id\":\"https:\/\/beuhparadis.com\/#website\",\"url\":\"https:\/\/beuhparadis.com\/\",\"name\":\"Beuh Paradis\",\"description\":\"\",\"potentialAction\":[{\"@type\":\"SearchAction\",\"target\":{\"@type\":\"EntryPoint\",\"urlTemplate\":\"https:\/\/beuhparadis.com\/?s={search_term_string}\"},\"query-input\":{\"@type\":\"PropertyValueSpecification\",\"valueRequired\":true,\"valueName\":\"search_term_string\"}}],\"inLanguage\":\"da-DK\"}]}<\/script>\n<!-- \/ Yoast SEO Premium plugin. -->","yoast_head_json":{"title":"K\u00f8b Tenco Wagyu online | F\u00f8rsteklasses udvalg af cannabis","description":"Oplev Tenco Wagyu, en f\u00f8rsteklasses cannabissort med unikke aromaer og kraftige effekter. K\u00f8b online med hurtig, diskret levering.","robots":{"index":"index","follow":"follow","max-snippet":"max-snippet:-1","max-image-preview":"max-image-preview:large","max-video-preview":"max-video-preview:-1"},"canonical":"https:\/\/beuhparadis.com\/da\/product\/the-ten-co-wagyu\/","og_locale":"da_DK","og_type":"article","og_title":"The Ten.Co | Wagyu","og_description":"D\u00e9couvrez le Tenco Wagyu, une vari\u00e9t\u00e9 de cannabis premium aux ar\u00f4mes uniques et aux effets puissants. Achetez en ligne avec livraison discr\u00e8te et rapide.","og_url":"https:\/\/beuhparadis.com\/da\/product\/the-ten-co-wagyu\/","og_site_name":"Beuh Paradis","article_modified_time":"2025-01-28T10:39:51+00:00","og_image":[{"width":1600,"height":1600,"url":"https:\/\/beuhparadis.com\/wp-content\/uploads\/2024\/12\/The-Ten.Co-Wagyu-2.webp","type":"image\/webp"}],"twitter_card":"summary_large_image","twitter_misc":{"Estimeret l\u00e6setid":"3 minutes"},"schema":{"@context":"https:\/\/schema.org","@graph":[{"@type":"WebPage","@id":"https:\/\/beuhparadis.com\/product\/the-ten-co-wagyu\/","url":"https:\/\/beuhparadis.com\/product\/the-ten-co-wagyu\/","name":"K\u00f8b Tenco Wagyu online | F\u00f8rsteklasses udvalg af cannabis","isPartOf":{"@id":"https:\/\/beuhparadis.com\/#website"},"primaryImageOfPage":{"@id":"https:\/\/beuhparadis.com\/product\/the-ten-co-wagyu\/#primaryimage"},"image":{"@id":"https:\/\/beuhparadis.com\/product\/the-ten-co-wagyu\/#primaryimage"},"thumbnailUrl":"https:\/\/beuhparadis.com\/wp-content\/uploads\/2024\/12\/The-Ten.Co-Wagyu-2.webp","datePublished":"2024-12-10T23:43:59+00:00","dateModified":"2025-01-28T10:39:51+00:00","description":"Oplev Tenco Wagyu, en f\u00f8rsteklasses cannabissort med unikke aromaer og kraftige effekter. K\u00f8b online med hurtig, diskret levering.","breadcrumb":{"@id":"https:\/\/beuhparadis.com\/product\/the-ten-co-wagyu\/#breadcrumb"},"inLanguage":"da-DK","potentialAction":[{"@type":"ReadAction","target":["https:\/\/beuhparadis.com\/product\/the-ten-co-wagyu\/"]}]},{"@type":"ImageObject","inLanguage":"da-DK","@id":"https:\/\/beuhparadis.com\/product\/the-ten-co-wagyu\/#primaryimage","url":"https:\/\/beuhparadis.com\/wp-content\/uploads\/2024\/12\/The-Ten.Co-Wagyu-2.webp","contentUrl":"https:\/\/beuhparadis.com\/wp-content\/uploads\/2024\/12\/The-Ten.Co-Wagyu-2.webp","width":1600,"height":1600},{"@type":"BreadcrumbList","@id":"https:\/\/beuhparadis.com\/product\/the-ten-co-wagyu\/#breadcrumb","itemListElement":[{"@type":"ListItem","position":1,"name":"Home","item":"https:\/\/beuhparadis.com\/"},{"@type":"ListItem","position":2,"name":"Shop","item":"https:\/\/beuhparadis.com\/shop\/"},{"@type":"ListItem","position":3,"name":"The Ten.Co | Wagyu"}]},{"@type":"WebSite","@id":"https:\/\/beuhparadis.com\/#website","url":"https:\/\/beuhparadis.com\/","name":"Beuh Paradis","description":"","potentialAction":[{"@type":"SearchAction","target":{"@type":"EntryPoint","urlTemplate":"https:\/\/beuhparadis.com\/?s={search_term_string}"},"query-input":{"@type":"PropertyValueSpecification","valueRequired":true,"valueName":"search_term_string"}}],"inLanguage":"da-DK"}]}},"_links":{"self":[{"href":"https:\/\/beuhparadis.com\/da\/wp-json\/wp\/v2\/product\/1692","targetHints":{"allow":["GET"]}}],"collection":[{"href":"https:\/\/beuhparadis.com\/da\/wp-json\/wp\/v2\/product"}],"about":[{"href":"https:\/\/beuhparadis.com\/da\/wp-json\/wp\/v2\/types\/product"}],"replies":[{"embeddable":true,"href":"https:\/\/beuhparadis.com\/da\/wp-json\/wp\/v2\/comments?post=1692"}],"wp:featuredmedia":[{"embeddable":true,"href":"https:\/\/beuhparadis.com\/da\/wp-json\/wp\/v2\/media\/1719"}],"wp:attachment":[{"href":"https:\/\/beuhparadis.com\/da\/wp-json\/wp\/v2\/media?parent=1692"}],"wp:term":[{"taxonomy":"product_brand","embeddable":true,"href":"https:\/\/beuhparadis.com\/da\/wp-json\/wp\/v2\/product_brand?post=1692"},{"taxonomy":"product_cat","embeddable":true,"href":"https:\/\/beuhparadis.com\/da\/wp-json\/wp\/v2\/product_cat?post=1692"},{"taxonomy":"product_tag","embeddable":true,"href":"https:\/\/beuhparadis.com\/da\/wp-json\/wp\/v2\/product_tag?post=1692"}],"curies":[{"name":"wp","href":"https:\/\/api.w.org\/{rel}","templated":true}]}}