{"id":1687,"date":"2024-12-10T23:43:59","date_gmt":"2024-12-10T23:43:59","guid":{"rendered":"https:\/\/beuhparadis.com\/?post_type=product&#038;p=1687"},"modified":"2025-01-28T10:42:14","modified_gmt":"2025-01-28T10:42:14","slug":"the-ten-co-wazabi","status":"publish","type":"product","link":"https:\/\/beuhparadis.com\/da\/product\/the-ten-co-wazabi\/","title":{"rendered":"The Ten.Co | Wazabi"},"content":{"rendered":"<h1 class=\"wp-block-heading\">K\u00f8b Tenco Wazabi<\/h1>\n<p>K\u00f8b Tenco Wazabi, en f\u00f8rsteklasses stamme fra The Ten Co, resultatet af en smart genetisk kombination af Zkittlez og Kush Mints #10. Denne stamme, ogs\u00e5 kendt som Wazabi Tenco-stammen, er kendetegnet ved sine t\u00e6tte, intense gr\u00f8nne knopper. Wazabi Tenco-stammen dyrkes med s\u00e6rlig opm\u00e6rksomhed p\u00e5 kvalitet og autenticitet, hvilket garanterer et enest\u00e5ende f\u00e6rdigt produkt.<\/p>\n<h4 class=\"wp-block-heading\">Information om Tenco Wazabi-stammen<\/h4>\n<ul class=\"wp-block-list\">\n<li><strong>Genetik<\/strong>Krydsning mellem Zkittlez og Kush Mints #10, hvilket skaber den unikke Wazabi Tenco-sort.<\/li>\n<li><strong>Udseende<\/strong>Mellemstore, meget t\u00e6tte knopper, dybgr\u00f8nne i farven, Wazabi Tencos signatur.<\/li>\n<li><strong>Aroma<\/strong>En kompleks duft af tang og urtesm\u00f8r, typisk for Wazabi Tenco-stammen.<\/li>\n<li><strong>Produktion<\/strong>Wazabi Tenco er resultatet af en omhyggelig kultur, der afspejler The Ten Co's engagement i kvalitet.<\/li>\n<\/ul>\n<h2 class=\"wp-block-heading\">THC og CBD i Wazabi Tenco Strain<\/h2>\n<ul class=\"wp-block-list\">\n<li><strong>THC<\/strong>Wazabi Tenco-sorten har et h\u00f8jt THC-indhold, hvilket garanterer kraftige, langvarige effekter.<\/li>\n<li><strong>CBD<\/strong>Lav, hvilket fremh\u00e6ver de psykoaktive egenskaber ved Wazabi Tenco.<\/li>\n<\/ul>\n<h2 class=\"wp-block-heading\">Hvor kan jeg k\u00f8be Tenco Wazabi online?<\/h2>\n<p>Tenco Wazabi kan k\u00f8bes fra p\u00e5lidelige onlineplatforme, herunder <a href=\"https:\/\/beuhparadis.com\/da\/product\/afghan-hash\/\" data-type=\"link\" data-id=\"https:\/\/acheterducannabis.fr\/\">Beuhparadis<\/a>hvor kvaliteten af Wazabi Tenco-stammen er garanteret.<\/p>\n<h2 class=\"wp-block-heading\">Effekter, aroma og smag af Tenco Wazabi<\/h2>\n<h3 class=\"wp-block-heading\">Effekt<\/h3>\n<ul class=\"wp-block-list\">\n<li>Wazabi Tenco-stammen giver markante effekter, der er ideelle til dyb afslapning og en intens cerebral oplevelse.<\/li>\n<\/ul>\n<h3 class=\"wp-block-heading\">Aroma<\/h3>\n<ul class=\"wp-block-list\">\n<li>Wazabi Tenco har en jordagtig, krydret aroma med antydninger af havet og en sm\u00f8rcreme-base, som er karakteristisk for denne sort.<\/li>\n<\/ul>\n<h3 class=\"wp-block-heading\">Smag<\/h3>\n<ul class=\"wp-block-list\">\n<li>Smagsprofilen p\u00e5 Wazabi Tenco er dristig med noter af eneb\u00e6r og en finish af bikarbonat, som giver en uforglemmelig smagsoplevelse.<\/li>\n<\/ul>\n<h2 class=\"wp-block-heading\">Medicinske virkninger af Wazabi Tenco Strain<\/h2>\n<ul class=\"wp-block-list\">\n<li><strong>Medicinske virkninger<\/strong>:\n<ul class=\"wp-block-list\">\n<li>Kraftig beroligende effekt, typisk for Wazabi Tenco-sorten.<\/li>\n<li>Muskelafslapning og smertelindring.<\/li>\n<\/ul>\n<\/li>\n<li><strong>Kan lindre<\/strong>:\n<ul class=\"wp-block-list\">\n<li>Symptomerne p\u00e5 stress og angst, takket v\u00e6re Wazabi Tenco.<\/li>\n<li>Kronisk smerte og bet\u00e6ndelse, en dyd ved Wazabi Tenco-stammen.<\/li>\n<\/ul>\n<\/li>\n<\/ul>\n<h2 class=\"wp-block-heading\">Hvorfor k\u00f8be Tenco Wazabi fra Acheterducannabis?<\/h2>\n<p>At k\u00f8be Tenco Wazabi fra Acheterducannabis betyder, at du modtager den \u00e6gte Tenco-stamme Wazabi med garanti for et sikkert k\u00f8b og et produkt af h\u00f8j kvalitet.<\/p>\n<h2 class=\"wp-block-heading\">Statslig lovgivning for salg af Tenco Wazabi i Europa<\/h2>\n<p>Markedsf\u00f8ringen af Wazabi Tenco-stammen f\u00f8lger strenge regler i Europa. Acheterducannabis overholder alle de love, der g\u00e6lder for salg af Tenco Wazabi, og sikrer fuld overensstemmelse med lovkravene.<\/p>\n<p>The Ten Co's Wazabi Tenco er ikke kun en sort med kraftige effekter og en fortryllende aroma; den repr\u00e6senterer ogs\u00e5 hybridiseringsekspertise med en eksklusiv genetisk linje, der g\u00f8r <a href=\"https:\/\/zerofux.org\/wazabi-by-zushi-and-the-ten-co\/\" data-type=\"link\" data-id=\"https:\/\/zerofux.org\/wazabi-by-zushi-and-the-ten-co\/\">Wazabi Tenco<\/a> stamme et topvalg for elskere af kvalitetscannabis.<\/p>","protected":false},"excerpt":{"rendered":"<p><strong>Medicinske virkninger<\/strong>:<\/p>\n<ul class=\"wp-block-list\">\n<li>Kraftig beroligende effekt, typisk for Wazabi Tenco-sorten.<\/li>\n<li>Muskelafslapning og smertelindring.<\/li>\n<\/ul>","protected":false},"featured_media":1702,"comment_status":"closed","ping_status":"closed","template":"","meta":{"site-sidebar-layout":"default","site-content-layout":"","ast-site-content-layout":"default","site-content-style":"default","site-sidebar-style":"default","ast-global-header-display":"","ast-banner-title-visibility":"","ast-main-header-display":"","ast-hfb-above-header-display":"","ast-hfb-below-header-display":"","ast-hfb-mobile-header-display":"","site-post-title":"","ast-breadcrumbs-content":"","ast-featured-img":"","footer-sml-layout":"","theme-transparent-header-meta":"default","adv-header-id-meta":"","stick-header-meta":"","header-above-stick-meta":"","header-main-stick-meta":"","header-below-stick-meta":"","astra-migrate-meta-layouts":"set","ast-page-background-enabled":"default","ast-page-background-meta":{"desktop":{"background-color":"","background-image":"","background-repeat":"repeat","background-position":"center center","background-size":"auto","background-attachment":"scroll","background-type":"","background-media":"","overlay-type":"","overlay-color":"","overlay-opacity":"","overlay-gradient":""},"tablet":{"background-color":"","background-image":"","background-repeat":"repeat","background-position":"center center","background-size":"auto","background-attachment":"scroll","background-type":"","background-media":"","overlay-type":"","overlay-color":"","overlay-opacity":"","overlay-gradient":""},"mobile":{"background-color":"","background-image":"","background-repeat":"repeat","background-position":"center center","background-size":"auto","background-attachment":"scroll","background-type":"","background-media":"","overlay-type":"","overlay-color":"","overlay-opacity":"","overlay-gradient":""}},"ast-content-background-meta":{"desktop":{"background-color":"var(--ast-global-color-5)","background-image":"","background-repeat":"repeat","background-position":"center center","background-size":"auto","background-attachment":"scroll","background-type":"","background-media":"","overlay-type":"","overlay-color":"","overlay-opacity":"","overlay-gradient":""},"tablet":{"background-color":"var(--ast-global-color-5)","background-image":"","background-repeat":"repeat","background-position":"center center","background-size":"auto","background-attachment":"scroll","background-type":"","background-media":"","overlay-type":"","overlay-color":"","overlay-opacity":"","overlay-gradient":""},"mobile":{"background-color":"var(--ast-global-color-5)","background-image":"","background-repeat":"repeat","background-position":"center center","background-size":"auto","background-attachment":"scroll","background-type":"","background-media":"","overlay-type":"","overlay-color":"","overlay-opacity":"","overlay-gradient":""}},"_joinchat":[]},"product_brand":[],"product_cat":[41,42],"product_tag":[],"class_list":{"0":"post-1687","1":"product","2":"type-product","3":"status-publish","4":"has-post-thumbnail","6":"product_cat-cali-weed","7":"product_cat-the-ten-co-weed","8":"desktop-align-left","9":"tablet-align-left","10":"mobile-align-left","12":"first","13":"instock","14":"shipping-taxable","15":"purchasable","16":"product-type-variable"},"yoast_head":"<!-- This site is optimized with the Yoast SEO Premium plugin v24.1 (Yoast SEO v26.8) - https:\/\/yoast.com\/product\/yoast-seo-premium-wordpress\/ -->\n<title>Acheter Tenco Wazabi en Ligne | Vari\u00e9t\u00e9 de Cannabis Exclusif<\/title>\n<meta name=\"description\" content=\"Acheter Tenco Wazabi, une vari\u00e9t\u00e9 de cannabis exclusif aux ar\u00f4mes raffin\u00e9s et aux effets \u00e9quilibr\u00e9s. Achetez en ligne avec livraison discr\u00e8te et rapide.\" \/>\n<meta name=\"robots\" content=\"index, follow, max-snippet:-1, max-image-preview:large, max-video-preview:-1\" \/>\n<link rel=\"canonical\" href=\"https:\/\/beuhparadis.com\/da\/product\/the-ten-co-wazabi\/\" \/>\n<meta property=\"og:locale\" content=\"da_DK\" \/>\n<meta property=\"og:type\" content=\"article\" \/>\n<meta property=\"og:title\" content=\"The Ten.Co | Wazabi\" \/>\n<meta property=\"og:description\" content=\"Acheter Tenco Wazabi, une vari\u00e9t\u00e9 de cannabis exclusif aux ar\u00f4mes raffin\u00e9s et aux effets \u00e9quilibr\u00e9s. Achetez en ligne avec livraison discr\u00e8te et rapide.\" \/>\n<meta property=\"og:url\" content=\"https:\/\/beuhparadis.com\/da\/product\/the-ten-co-wazabi\/\" \/>\n<meta property=\"og:site_name\" content=\"Beuh Paradis\" \/>\n<meta property=\"article:modified_time\" content=\"2025-01-28T10:42:14+00:00\" \/>\n<meta property=\"og:image\" content=\"https:\/\/beuhparadis.com\/wp-content\/uploads\/2024\/12\/The-Ten.Co-Wazabi-2.webp\" \/>\n\t<meta property=\"og:image:width\" content=\"1895\" \/>\n\t<meta property=\"og:image:height\" content=\"2048\" \/>\n\t<meta property=\"og:image:type\" content=\"image\/webp\" \/>\n<meta name=\"twitter:card\" content=\"summary_large_image\" \/>\n<meta name=\"twitter:label1\" content=\"Estimeret l\u00e6setid\" \/>\n\t<meta name=\"twitter:data1\" content=\"3 minutes\" \/>\n<script type=\"application\/ld+json\" class=\"yoast-schema-graph\">{\"@context\":\"https:\/\/schema.org\",\"@graph\":[{\"@type\":\"WebPage\",\"@id\":\"https:\/\/beuhparadis.com\/product\/the-ten-co-wazabi\/\",\"url\":\"https:\/\/beuhparadis.com\/product\/the-ten-co-wazabi\/\",\"name\":\"Acheter Tenco Wazabi en Ligne | Vari\u00e9t\u00e9 de Cannabis Exclusif\",\"isPartOf\":{\"@id\":\"https:\/\/beuhparadis.com\/#website\"},\"primaryImageOfPage\":{\"@id\":\"https:\/\/beuhparadis.com\/product\/the-ten-co-wazabi\/#primaryimage\"},\"image\":{\"@id\":\"https:\/\/beuhparadis.com\/product\/the-ten-co-wazabi\/#primaryimage\"},\"thumbnailUrl\":\"https:\/\/beuhparadis.com\/wp-content\/uploads\/2024\/12\/The-Ten.Co-Wazabi-2.webp\",\"datePublished\":\"2024-12-10T23:43:59+00:00\",\"dateModified\":\"2025-01-28T10:42:14+00:00\",\"description\":\"Acheter Tenco Wazabi, une vari\u00e9t\u00e9 de cannabis exclusif aux ar\u00f4mes raffin\u00e9s et aux effets \u00e9quilibr\u00e9s. Achetez en ligne avec livraison discr\u00e8te et rapide.\",\"breadcrumb\":{\"@id\":\"https:\/\/beuhparadis.com\/product\/the-ten-co-wazabi\/#breadcrumb\"},\"inLanguage\":\"da-DK\",\"potentialAction\":[{\"@type\":\"ReadAction\",\"target\":[\"https:\/\/beuhparadis.com\/product\/the-ten-co-wazabi\/\"]}]},{\"@type\":\"ImageObject\",\"inLanguage\":\"da-DK\",\"@id\":\"https:\/\/beuhparadis.com\/product\/the-ten-co-wazabi\/#primaryimage\",\"url\":\"https:\/\/beuhparadis.com\/wp-content\/uploads\/2024\/12\/The-Ten.Co-Wazabi-2.webp\",\"contentUrl\":\"https:\/\/beuhparadis.com\/wp-content\/uploads\/2024\/12\/The-Ten.Co-Wazabi-2.webp\",\"width\":1895,\"height\":2048},{\"@type\":\"BreadcrumbList\",\"@id\":\"https:\/\/beuhparadis.com\/product\/the-ten-co-wazabi\/#breadcrumb\",\"itemListElement\":[{\"@type\":\"ListItem\",\"position\":1,\"name\":\"Home\",\"item\":\"https:\/\/beuhparadis.com\/\"},{\"@type\":\"ListItem\",\"position\":2,\"name\":\"Shop\",\"item\":\"https:\/\/beuhparadis.com\/shop\/\"},{\"@type\":\"ListItem\",\"position\":3,\"name\":\"The Ten.Co | Wazabi\"}]},{\"@type\":\"WebSite\",\"@id\":\"https:\/\/beuhparadis.com\/#website\",\"url\":\"https:\/\/beuhparadis.com\/\",\"name\":\"Beuh Paradis\",\"description\":\"\",\"potentialAction\":[{\"@type\":\"SearchAction\",\"target\":{\"@type\":\"EntryPoint\",\"urlTemplate\":\"https:\/\/beuhparadis.com\/?s={search_term_string}\"},\"query-input\":{\"@type\":\"PropertyValueSpecification\",\"valueRequired\":true,\"valueName\":\"search_term_string\"}}],\"inLanguage\":\"da-DK\"}]}<\/script>\n<!-- \/ Yoast SEO Premium plugin. -->","yoast_head_json":{"title":"K\u00f8b Tenco Wazabi online - eksklusiv cannabis-sort","description":"K\u00f8b Tenco Wazabi, en eksklusiv cannabissort med raffinerede aromaer og afbalancerede effekter. K\u00f8b online med hurtig, diskret levering.","robots":{"index":"index","follow":"follow","max-snippet":"max-snippet:-1","max-image-preview":"max-image-preview:large","max-video-preview":"max-video-preview:-1"},"canonical":"https:\/\/beuhparadis.com\/da\/product\/the-ten-co-wazabi\/","og_locale":"da_DK","og_type":"article","og_title":"The Ten.Co | Wazabi","og_description":"Acheter Tenco Wazabi, une vari\u00e9t\u00e9 de cannabis exclusif aux ar\u00f4mes raffin\u00e9s et aux effets \u00e9quilibr\u00e9s. Achetez en ligne avec livraison discr\u00e8te et rapide.","og_url":"https:\/\/beuhparadis.com\/da\/product\/the-ten-co-wazabi\/","og_site_name":"Beuh Paradis","article_modified_time":"2025-01-28T10:42:14+00:00","og_image":[{"width":1895,"height":2048,"url":"https:\/\/beuhparadis.com\/wp-content\/uploads\/2024\/12\/The-Ten.Co-Wazabi-2.webp","type":"image\/webp"}],"twitter_card":"summary_large_image","twitter_misc":{"Estimeret l\u00e6setid":"3 minutes"},"schema":{"@context":"https:\/\/schema.org","@graph":[{"@type":"WebPage","@id":"https:\/\/beuhparadis.com\/product\/the-ten-co-wazabi\/","url":"https:\/\/beuhparadis.com\/product\/the-ten-co-wazabi\/","name":"K\u00f8b Tenco Wazabi online - eksklusiv cannabis-sort","isPartOf":{"@id":"https:\/\/beuhparadis.com\/#website"},"primaryImageOfPage":{"@id":"https:\/\/beuhparadis.com\/product\/the-ten-co-wazabi\/#primaryimage"},"image":{"@id":"https:\/\/beuhparadis.com\/product\/the-ten-co-wazabi\/#primaryimage"},"thumbnailUrl":"https:\/\/beuhparadis.com\/wp-content\/uploads\/2024\/12\/The-Ten.Co-Wazabi-2.webp","datePublished":"2024-12-10T23:43:59+00:00","dateModified":"2025-01-28T10:42:14+00:00","description":"K\u00f8b Tenco Wazabi, en eksklusiv cannabissort med raffinerede aromaer og afbalancerede effekter. K\u00f8b online med hurtig, diskret levering.","breadcrumb":{"@id":"https:\/\/beuhparadis.com\/product\/the-ten-co-wazabi\/#breadcrumb"},"inLanguage":"da-DK","potentialAction":[{"@type":"ReadAction","target":["https:\/\/beuhparadis.com\/product\/the-ten-co-wazabi\/"]}]},{"@type":"ImageObject","inLanguage":"da-DK","@id":"https:\/\/beuhparadis.com\/product\/the-ten-co-wazabi\/#primaryimage","url":"https:\/\/beuhparadis.com\/wp-content\/uploads\/2024\/12\/The-Ten.Co-Wazabi-2.webp","contentUrl":"https:\/\/beuhparadis.com\/wp-content\/uploads\/2024\/12\/The-Ten.Co-Wazabi-2.webp","width":1895,"height":2048},{"@type":"BreadcrumbList","@id":"https:\/\/beuhparadis.com\/product\/the-ten-co-wazabi\/#breadcrumb","itemListElement":[{"@type":"ListItem","position":1,"name":"Home","item":"https:\/\/beuhparadis.com\/"},{"@type":"ListItem","position":2,"name":"Shop","item":"https:\/\/beuhparadis.com\/shop\/"},{"@type":"ListItem","position":3,"name":"The Ten.Co | Wazabi"}]},{"@type":"WebSite","@id":"https:\/\/beuhparadis.com\/#website","url":"https:\/\/beuhparadis.com\/","name":"Beuh Paradis","description":"","potentialAction":[{"@type":"SearchAction","target":{"@type":"EntryPoint","urlTemplate":"https:\/\/beuhparadis.com\/?s={search_term_string}"},"query-input":{"@type":"PropertyValueSpecification","valueRequired":true,"valueName":"search_term_string"}}],"inLanguage":"da-DK"}]}},"_links":{"self":[{"href":"https:\/\/beuhparadis.com\/da\/wp-json\/wp\/v2\/product\/1687","targetHints":{"allow":["GET"]}}],"collection":[{"href":"https:\/\/beuhparadis.com\/da\/wp-json\/wp\/v2\/product"}],"about":[{"href":"https:\/\/beuhparadis.com\/da\/wp-json\/wp\/v2\/types\/product"}],"replies":[{"embeddable":true,"href":"https:\/\/beuhparadis.com\/da\/wp-json\/wp\/v2\/comments?post=1687"}],"wp:featuredmedia":[{"embeddable":true,"href":"https:\/\/beuhparadis.com\/da\/wp-json\/wp\/v2\/media\/1702"}],"wp:attachment":[{"href":"https:\/\/beuhparadis.com\/da\/wp-json\/wp\/v2\/media?parent=1687"}],"wp:term":[{"taxonomy":"product_brand","embeddable":true,"href":"https:\/\/beuhparadis.com\/da\/wp-json\/wp\/v2\/product_brand?post=1687"},{"taxonomy":"product_cat","embeddable":true,"href":"https:\/\/beuhparadis.com\/da\/wp-json\/wp\/v2\/product_cat?post=1687"},{"taxonomy":"product_tag","embeddable":true,"href":"https:\/\/beuhparadis.com\/da\/wp-json\/wp\/v2\/product_tag?post=1687"}],"curies":[{"name":"wp","href":"https:\/\/api.w.org\/{rel}","templated":true}]}}