{"id":1538,"date":"2024-12-10T23:41:35","date_gmt":"2024-12-10T23:41:35","guid":{"rendered":"https:\/\/beuhparadis.com\/?post_type=product&#038;p=1538"},"modified":"2025-01-28T11:05:21","modified_gmt":"2025-01-28T11:05:21","slug":"bonbons-gelifies-au-thc-hors-du-bureau","status":"publish","type":"product","link":"https:\/\/beuhparadis.com\/da\/product\/bonbons-gelifies-au-thc-hors-du-bureau\/","title":{"rendered":"THC-slik i gel\u00e9 uden for kontoret"},"content":{"rendered":"<h1><strong>THC-jelly beans-<\/strong><strong>En berusende s\u00f8dme<\/strong><\/h1>\n<h3><strong>Oplev Bonbons G\u00e9lifi\u00e9s p\u00e5 Beuh Paradis<\/strong><\/h3>\n<p>Den <strong>THC-slik i gel\u00e9<\/strong>tilg\u00e6ngelig p\u00e5 <strong><a href=\"https:\/\/beuhparadis.com\/da\" target=\"_new\" rel=\"noopener\">Beuh Paradis<\/a><\/strong>Disse bolsjer kombinerer den s\u00f8de nydelse af slik med de kraftige effekter af THC. De er perfekte til cannabiselskere, som foretr\u00e6kker et diskret og velsmagende alternativ, og de giver en afslappende og euforisk oplevelse. De er lavet af kvalitetsingredienser og f\u00e5s i en r\u00e6kke frugtagtige smage, der passer til enhver smag.<\/p>\n<h4><strong>\u00a0Hvorfor v\u00e6lge jelly beans?<\/strong><\/h4>\n<ul>\n<li><strong>Diskretion og enkelhed:<\/strong> Jelly sweets er nemme at tage med og spise, perfekt til brug p\u00e5 farten eller som en diskret snack.<\/li>\n<li><strong>Progressive effekter :<\/strong> I mods\u00e6tning til dampning eller rygning m\u00e6rkes effekten af THC-slik gradvist, hvilket giver en langvarig, kontrolleret oplevelse.<\/li>\n<li><strong>Et bredt udvalg af smagsvarianter:<\/strong> S\u00f8de noter af jordb\u00e6r, citron, mango eller bl\u00e5b\u00e6r giver en rigtig godbid i hver bid.<\/li>\n<li><strong>Pr\u00e6cis dosering :<\/strong> Hvert bolsje indeholder en bestemt m\u00e6ngde THC, s\u00e5 du kan kontrollere dit forbrug s\u00e5 meget som muligt.<\/li>\n<\/ul>\n<h4><strong>\u00a0Fordelene ved jelly beans<\/strong><\/h4>\n<ul>\n<li><strong>Total afslapning :<\/strong> Ideel til at slappe af efter en lang dag eller til at lindre stress.<\/li>\n<li><strong>Alternativ til rygning :<\/strong> En velsmagende m\u00e5de at indtage THC p\u00e5 uden at uds\u00e6tte dine lunger for r\u00f8g.<\/li>\n<li><strong>Varige virkninger :<\/strong> Slik absorberes langsommere, hvilket forl\u00e6nger deres fordele.<\/li>\n<li><strong>Velegnet til begyndere:<\/strong> Med en r\u00e6kke forskellige doser kan nybegyndere starte langsomt, mens de udforsker virkningerne af THC.<\/li>\n<\/ul>\n<h4><strong>\u00a0Bestil dine jelly beans p\u00e5 Beuh Paradis<\/strong><\/h4>\n<p>P\u00e5 <strong><a href=\"https:\/\/beuhparadis.com\/da\" target=\"_new\" rel=\"noopener\">Beuh Paradis<\/a><\/strong>oplev en bred vifte af <strong>THC-slik i gel\u00e9<\/strong> der kombinerer fork\u00e6lelse og kraftfulde effekter. Udnyt vores hurtige, diskrete og sikre levering overalt i Frankrig. V\u00e6lg en moderne, praktisk og l\u00e6kker cannabisoplevelse.<\/p>","protected":false},"excerpt":{"rendered":"<p>Bonbons G\u00e9lifi\u00e9s au THC-Une Douceur Enivrante D\u00e9couvrez les Bonbons G\u00e9lifi\u00e9s\u00a0 sur Beuh Paradis Les bonbons g\u00e9lifi\u00e9s au THC, disponibles sur Beuh Paradis, combinent le plaisir sucr\u00e9 des friandises avec les effets puissants du THC. Parfaits pour les amateurs de cannabis qui pr\u00e9f\u00e8rent une alternative discr\u00e8te et savoureuse, ces bonbons offrent une exp\u00e9rience relaxante et euphorisante. [&hellip;]<\/p>\n","protected":false},"featured_media":1569,"comment_status":"closed","ping_status":"closed","template":"","meta":{"site-sidebar-layout":"default","site-content-layout":"","ast-site-content-layout":"default","site-content-style":"default","site-sidebar-style":"default","ast-global-header-display":"","ast-banner-title-visibility":"","ast-main-header-display":"","ast-hfb-above-header-display":"","ast-hfb-below-header-display":"","ast-hfb-mobile-header-display":"","site-post-title":"","ast-breadcrumbs-content":"","ast-featured-img":"","footer-sml-layout":"","theme-transparent-header-meta":"default","adv-header-id-meta":"","stick-header-meta":"","header-above-stick-meta":"","header-main-stick-meta":"","header-below-stick-meta":"","astra-migrate-meta-layouts":"set","ast-page-background-enabled":"default","ast-page-background-meta":{"desktop":{"background-color":"","background-image":"","background-repeat":"repeat","background-position":"center center","background-size":"auto","background-attachment":"scroll","background-type":"","background-media":"","overlay-type":"","overlay-color":"","overlay-opacity":"","overlay-gradient":""},"tablet":{"background-color":"","background-image":"","background-repeat":"repeat","background-position":"center center","background-size":"auto","background-attachment":"scroll","background-type":"","background-media":"","overlay-type":"","overlay-color":"","overlay-opacity":"","overlay-gradient":""},"mobile":{"background-color":"","background-image":"","background-repeat":"repeat","background-position":"center center","background-size":"auto","background-attachment":"scroll","background-type":"","background-media":"","overlay-type":"","overlay-color":"","overlay-opacity":"","overlay-gradient":""}},"ast-content-background-meta":{"desktop":{"background-color":"var(--ast-global-color-5)","background-image":"","background-repeat":"repeat","background-position":"center center","background-size":"auto","background-attachment":"scroll","background-type":"","background-media":"","overlay-type":"","overlay-color":"","overlay-opacity":"","overlay-gradient":""},"tablet":{"background-color":"var(--ast-global-color-5)","background-image":"","background-repeat":"repeat","background-position":"center center","background-size":"auto","background-attachment":"scroll","background-type":"","background-media":"","overlay-type":"","overlay-color":"","overlay-opacity":"","overlay-gradient":""},"mobile":{"background-color":"var(--ast-global-color-5)","background-image":"","background-repeat":"repeat","background-position":"center center","background-size":"auto","background-attachment":"scroll","background-type":"","background-media":"","overlay-type":"","overlay-color":"","overlay-opacity":"","overlay-gradient":""}},"_joinchat":[]},"product_brand":[],"product_cat":[38],"product_tag":[],"class_list":{"0":"post-1538","1":"product","2":"type-product","3":"status-publish","4":"has-post-thumbnail","6":"product_cat-bonbons-thc","7":"desktop-align-left","8":"tablet-align-left","9":"mobile-align-left","11":"first","12":"instock","13":"shipping-taxable","14":"purchasable","15":"product-type-variable"},"yoast_head":"<!-- This site is optimized with the Yoast SEO Premium plugin v24.1 (Yoast SEO v26.8) - https:\/\/yoast.com\/product\/yoast-seo-premium-wordpress\/ -->\n<title>Bonbons G\u00e9lifi\u00e9s au THC \u2013 Friandises Relaxantes et Puissantes<\/title>\n<meta name=\"description\" content=\"Achetez des bonbons g\u00e9lifi\u00e9s au THC sur Beuh Paradis. Profitez d\u2019une alternative sucr\u00e9e et discr\u00e8te pour consommer du THC. Livraison rapide et discr\u00e8te\" \/>\n<meta name=\"robots\" content=\"index, follow, max-snippet:-1, max-image-preview:large, max-video-preview:-1\" \/>\n<link rel=\"canonical\" href=\"https:\/\/beuhparadis.com\/da\/product\/bonbons-gelifies-au-thc-hors-du-bureau\/\" \/>\n<meta property=\"og:locale\" content=\"da_DK\" \/>\n<meta property=\"og:type\" content=\"article\" \/>\n<meta property=\"og:title\" content=\"Bonbons g\u00e9lifi\u00e9s au THC hors du bureau\" \/>\n<meta property=\"og:description\" content=\"Achetez des bonbons g\u00e9lifi\u00e9s au THC sur Beuh Paradis. Profitez d\u2019une alternative sucr\u00e9e et discr\u00e8te pour consommer du THC. Livraison rapide et discr\u00e8te\" \/>\n<meta property=\"og:url\" content=\"https:\/\/beuhparadis.com\/da\/product\/bonbons-gelifies-au-thc-hors-du-bureau\/\" \/>\n<meta property=\"og:site_name\" content=\"Beuh Paradis\" \/>\n<meta property=\"article:modified_time\" content=\"2025-01-28T11:05:21+00:00\" \/>\n<meta property=\"og:image\" content=\"https:\/\/beuhparadis.com\/wp-content\/uploads\/2024\/12\/Bonbons-gelifies-au-THC-hors-du-bureau.webp\" \/>\n\t<meta property=\"og:image:width\" content=\"1600\" \/>\n\t<meta property=\"og:image:height\" content=\"1600\" \/>\n\t<meta property=\"og:image:type\" content=\"image\/webp\" \/>\n<meta name=\"twitter:card\" content=\"summary_large_image\" \/>\n<meta name=\"twitter:label1\" content=\"Estimeret l\u00e6setid\" \/>\n\t<meta name=\"twitter:data1\" content=\"2 minutes\" \/>\n<script type=\"application\/ld+json\" class=\"yoast-schema-graph\">{\"@context\":\"https:\/\/schema.org\",\"@graph\":[{\"@type\":\"WebPage\",\"@id\":\"https:\/\/beuhparadis.com\/product\/bonbons-gelifies-au-thc-hors-du-bureau\/\",\"url\":\"https:\/\/beuhparadis.com\/product\/bonbons-gelifies-au-thc-hors-du-bureau\/\",\"name\":\"Bonbons G\u00e9lifi\u00e9s au THC \u2013 Friandises Relaxantes et Puissantes\",\"isPartOf\":{\"@id\":\"https:\/\/beuhparadis.com\/#website\"},\"primaryImageOfPage\":{\"@id\":\"https:\/\/beuhparadis.com\/product\/bonbons-gelifies-au-thc-hors-du-bureau\/#primaryimage\"},\"image\":{\"@id\":\"https:\/\/beuhparadis.com\/product\/bonbons-gelifies-au-thc-hors-du-bureau\/#primaryimage\"},\"thumbnailUrl\":\"https:\/\/beuhparadis.com\/wp-content\/uploads\/2024\/12\/Bonbons-gelifies-au-THC-hors-du-bureau.webp\",\"datePublished\":\"2024-12-10T23:41:35+00:00\",\"dateModified\":\"2025-01-28T11:05:21+00:00\",\"description\":\"Achetez des bonbons g\u00e9lifi\u00e9s au THC sur Beuh Paradis. Profitez d\u2019une alternative sucr\u00e9e et discr\u00e8te pour consommer du THC. Livraison rapide et discr\u00e8te\",\"breadcrumb\":{\"@id\":\"https:\/\/beuhparadis.com\/product\/bonbons-gelifies-au-thc-hors-du-bureau\/#breadcrumb\"},\"inLanguage\":\"da-DK\",\"potentialAction\":[{\"@type\":\"ReadAction\",\"target\":[\"https:\/\/beuhparadis.com\/product\/bonbons-gelifies-au-thc-hors-du-bureau\/\"]}]},{\"@type\":\"ImageObject\",\"inLanguage\":\"da-DK\",\"@id\":\"https:\/\/beuhparadis.com\/product\/bonbons-gelifies-au-thc-hors-du-bureau\/#primaryimage\",\"url\":\"https:\/\/beuhparadis.com\/wp-content\/uploads\/2024\/12\/Bonbons-gelifies-au-THC-hors-du-bureau.webp\",\"contentUrl\":\"https:\/\/beuhparadis.com\/wp-content\/uploads\/2024\/12\/Bonbons-gelifies-au-THC-hors-du-bureau.webp\",\"width\":1600,\"height\":1600},{\"@type\":\"BreadcrumbList\",\"@id\":\"https:\/\/beuhparadis.com\/product\/bonbons-gelifies-au-thc-hors-du-bureau\/#breadcrumb\",\"itemListElement\":[{\"@type\":\"ListItem\",\"position\":1,\"name\":\"Home\",\"item\":\"https:\/\/beuhparadis.com\/\"},{\"@type\":\"ListItem\",\"position\":2,\"name\":\"Shop\",\"item\":\"https:\/\/beuhparadis.com\/shop\/\"},{\"@type\":\"ListItem\",\"position\":3,\"name\":\"Bonbons g\u00e9lifi\u00e9s au THC hors du bureau\"}]},{\"@type\":\"WebSite\",\"@id\":\"https:\/\/beuhparadis.com\/#website\",\"url\":\"https:\/\/beuhparadis.com\/\",\"name\":\"Beuh Paradis\",\"description\":\"\",\"potentialAction\":[{\"@type\":\"SearchAction\",\"target\":{\"@type\":\"EntryPoint\",\"urlTemplate\":\"https:\/\/beuhparadis.com\/?s={search_term_string}\"},\"query-input\":{\"@type\":\"PropertyValueSpecification\",\"valueRequired\":true,\"valueName\":\"search_term_string\"}}],\"inLanguage\":\"da-DK\"}]}<\/script>\n<!-- \/ Yoast SEO Premium plugin. -->","yoast_head_json":{"title":"THC-gele-bolsjer - afslappende og kraftfulde godbidder","description":"K\u00f8b THC jelly sweets p\u00e5 Beuh Paradis. Nyd et s\u00f8dt og diskret alternativ til at indtage THC. Hurtig, diskret levering","robots":{"index":"index","follow":"follow","max-snippet":"max-snippet:-1","max-image-preview":"max-image-preview:large","max-video-preview":"max-video-preview:-1"},"canonical":"https:\/\/beuhparadis.com\/da\/product\/bonbons-gelifies-au-thc-hors-du-bureau\/","og_locale":"da_DK","og_type":"article","og_title":"Bonbons g\u00e9lifi\u00e9s au THC hors du bureau","og_description":"Achetez des bonbons g\u00e9lifi\u00e9s au THC sur Beuh Paradis. Profitez d\u2019une alternative sucr\u00e9e et discr\u00e8te pour consommer du THC. Livraison rapide et discr\u00e8te","og_url":"https:\/\/beuhparadis.com\/da\/product\/bonbons-gelifies-au-thc-hors-du-bureau\/","og_site_name":"Beuh Paradis","article_modified_time":"2025-01-28T11:05:21+00:00","og_image":[{"width":1600,"height":1600,"url":"https:\/\/beuhparadis.com\/wp-content\/uploads\/2024\/12\/Bonbons-gelifies-au-THC-hors-du-bureau.webp","type":"image\/webp"}],"twitter_card":"summary_large_image","twitter_misc":{"Estimeret l\u00e6setid":"2 minutes"},"schema":{"@context":"https:\/\/schema.org","@graph":[{"@type":"WebPage","@id":"https:\/\/beuhparadis.com\/product\/bonbons-gelifies-au-thc-hors-du-bureau\/","url":"https:\/\/beuhparadis.com\/product\/bonbons-gelifies-au-thc-hors-du-bureau\/","name":"THC-gele-bolsjer - afslappende og kraftfulde godbidder","isPartOf":{"@id":"https:\/\/beuhparadis.com\/#website"},"primaryImageOfPage":{"@id":"https:\/\/beuhparadis.com\/product\/bonbons-gelifies-au-thc-hors-du-bureau\/#primaryimage"},"image":{"@id":"https:\/\/beuhparadis.com\/product\/bonbons-gelifies-au-thc-hors-du-bureau\/#primaryimage"},"thumbnailUrl":"https:\/\/beuhparadis.com\/wp-content\/uploads\/2024\/12\/Bonbons-gelifies-au-THC-hors-du-bureau.webp","datePublished":"2024-12-10T23:41:35+00:00","dateModified":"2025-01-28T11:05:21+00:00","description":"K\u00f8b THC jelly sweets p\u00e5 Beuh Paradis. Nyd et s\u00f8dt og diskret alternativ til at indtage THC. Hurtig, diskret levering","breadcrumb":{"@id":"https:\/\/beuhparadis.com\/product\/bonbons-gelifies-au-thc-hors-du-bureau\/#breadcrumb"},"inLanguage":"da-DK","potentialAction":[{"@type":"ReadAction","target":["https:\/\/beuhparadis.com\/product\/bonbons-gelifies-au-thc-hors-du-bureau\/"]}]},{"@type":"ImageObject","inLanguage":"da-DK","@id":"https:\/\/beuhparadis.com\/product\/bonbons-gelifies-au-thc-hors-du-bureau\/#primaryimage","url":"https:\/\/beuhparadis.com\/wp-content\/uploads\/2024\/12\/Bonbons-gelifies-au-THC-hors-du-bureau.webp","contentUrl":"https:\/\/beuhparadis.com\/wp-content\/uploads\/2024\/12\/Bonbons-gelifies-au-THC-hors-du-bureau.webp","width":1600,"height":1600},{"@type":"BreadcrumbList","@id":"https:\/\/beuhparadis.com\/product\/bonbons-gelifies-au-thc-hors-du-bureau\/#breadcrumb","itemListElement":[{"@type":"ListItem","position":1,"name":"Home","item":"https:\/\/beuhparadis.com\/"},{"@type":"ListItem","position":2,"name":"Shop","item":"https:\/\/beuhparadis.com\/shop\/"},{"@type":"ListItem","position":3,"name":"Bonbons g\u00e9lifi\u00e9s au THC hors du bureau"}]},{"@type":"WebSite","@id":"https:\/\/beuhparadis.com\/#website","url":"https:\/\/beuhparadis.com\/","name":"Beuh Paradis","description":"","potentialAction":[{"@type":"SearchAction","target":{"@type":"EntryPoint","urlTemplate":"https:\/\/beuhparadis.com\/?s={search_term_string}"},"query-input":{"@type":"PropertyValueSpecification","valueRequired":true,"valueName":"search_term_string"}}],"inLanguage":"da-DK"}]}},"_links":{"self":[{"href":"https:\/\/beuhparadis.com\/da\/wp-json\/wp\/v2\/product\/1538","targetHints":{"allow":["GET"]}}],"collection":[{"href":"https:\/\/beuhparadis.com\/da\/wp-json\/wp\/v2\/product"}],"about":[{"href":"https:\/\/beuhparadis.com\/da\/wp-json\/wp\/v2\/types\/product"}],"replies":[{"embeddable":true,"href":"https:\/\/beuhparadis.com\/da\/wp-json\/wp\/v2\/comments?post=1538"}],"wp:featuredmedia":[{"embeddable":true,"href":"https:\/\/beuhparadis.com\/da\/wp-json\/wp\/v2\/media\/1569"}],"wp:attachment":[{"href":"https:\/\/beuhparadis.com\/da\/wp-json\/wp\/v2\/media?parent=1538"}],"wp:term":[{"taxonomy":"product_brand","embeddable":true,"href":"https:\/\/beuhparadis.com\/da\/wp-json\/wp\/v2\/product_brand?post=1538"},{"taxonomy":"product_cat","embeddable":true,"href":"https:\/\/beuhparadis.com\/da\/wp-json\/wp\/v2\/product_cat?post=1538"},{"taxonomy":"product_tag","embeddable":true,"href":"https:\/\/beuhparadis.com\/da\/wp-json\/wp\/v2\/product_tag?post=1538"}],"curies":[{"name":"wp","href":"https:\/\/api.w.org\/{rel}","templated":true}]}}