{"id":1503,"date":"2024-12-10T23:41:09","date_gmt":"2024-12-10T23:41:09","guid":{"rendered":"https:\/\/beuhparadis.com\/?post_type=product&#038;p=1503"},"modified":"2025-01-28T11:27:52","modified_gmt":"2025-01-28T11:27:52","slug":"huile-de-cannabis-big-foot-ii","status":"publish","type":"product","link":"https:\/\/beuhparadis.com\/da\/product\/huile-de-cannabis-big-foot-ii\/","title":{"rendered":"Big Foot II cannabisolie"},"content":{"rendered":"<h3><strong>BigFoot Cannabis Oil - naturlige fordele og overlegen kvalitet<\/strong><\/h3>\n<h4><strong>\u00a0Oplev Big Foot Cannabis Oil p\u00e5 Beuh Paradis<\/strong><\/h4>\n<p>L'<strong>Big Foot cannabisolie<\/strong>tilg\u00e6ngelig p\u00e5 <strong><a href=\"https:\/\/beuhparadis.com\/da\" target=\"_new\" rel=\"noopener\">Beuh Paradis<\/a><\/strong>er et cannabisekstrakt af h\u00f8j kvalitet, der er designet til at give terapeutiske fordele og naturlig lindring. Denne olie er fremstillet af omhyggeligt udvalgte stammer, der er kendt for deres h\u00f8je koncentration af cannabinoider. Big Foot cannabisolie er perfekt til dem, der elsker naturligt velv\u00e6re, og garanterer en effektiv og behagelig oplevelse.<\/p>\n<p><strong>\u00a0Hvorfor v\u00e6lge Big Foot Cannabis Oil?<\/strong><\/p>\n<ul>\n<li><strong>H\u00f8j koncentration af cannabinoider:<\/strong> Denne olie er udvundet af f\u00f8rsteklasses blomster og er rig p\u00e5 CBD og andre gavnlige stoffer.<\/li>\n<li><strong>Alsidige effekter:<\/strong> Hj\u00e6lper med at reducere stress, lindre smerter og fremme bedre s\u00f8vn.<\/li>\n<li><strong>Garanteret renhed :<\/strong> Big Foot-cannabisolie er produceret uden kemiske opl\u00f8sningsmidler eller pesticider og er derfor et sikkert og naturligt valg.<\/li>\n<li><strong>Brugervenlighed :<\/strong> Med sin praktiske flaske kan den indtages direkte eller tils\u00e6ttes til mad og drikke.<\/li>\n<\/ul>\n<h4><strong>\u00a0Fordele ved Big Foot Cannabis Oil<\/strong><\/h4>\n<ul>\n<li><strong>Stressh\u00e5ndtering :<\/strong> Reducerer sp\u00e6ndinger og fremmer dyb afslapning.<\/li>\n<li><strong>S\u00f8vnst\u00f8tte :<\/strong> En ideel mulighed for at forbedre s\u00f8vnkvaliteten p\u00e5 en naturlig m\u00e5de.<\/li>\n<li><strong>Smertelindring :<\/strong> Kendt for sine antiinflammatoriske og beroligende egenskaber.<\/li>\n<li><strong>Global Wellness Support :<\/strong> Ideel til at opretholde fysisk og mental balance p\u00e5 daglig basis.<\/li>\n<\/ul>\n<h4><strong>\u00a0Bestil Big Foot Cannabis Oil p\u00e5 Beuh Paradis<\/strong><\/h4>\n<p>Stol p\u00e5 <strong><a href=\"https:\/\/beuhparadis.com\/da\" target=\"_new\" rel=\"noopener\">Beuh Paradis<\/a><\/strong> for at opn\u00e5<strong>Big Foot cannabisolie<\/strong> af h\u00f8jeste kvalitet. Med hurtig og diskret levering garanterer vores platform produkter, der er blevet testet og overholder de strengeste standarder. Fork\u00e6l dig selv med naturligt velv\u00e6re med denne enest\u00e5ende olie, der passer til alle dine behov.<\/p>","protected":false},"excerpt":{"rendered":"<p>Huile de Cannabis BigFoot \u2013 Bienfaits Naturels et Qualit\u00e9 Sup\u00e9rieure \u00a0D\u00e9couvrez l\u2019Huile de Cannabis Big Foot sur Beuh Paradis L\u2019huile de cannabis Big Foot, disponible sur Beuh Paradis, est un extrait de cannabis de haute qualit\u00e9, con\u00e7u pour offrir des bienfaits th\u00e9rapeutiques et un soulagement naturel. Cette huile est fabriqu\u00e9e \u00e0 partir de souches soigneusement [&hellip;]<\/p>\n","protected":false},"featured_media":1528,"comment_status":"closed","ping_status":"closed","template":"","meta":{"site-sidebar-layout":"default","site-content-layout":"","ast-site-content-layout":"default","site-content-style":"default","site-sidebar-style":"default","ast-global-header-display":"","ast-banner-title-visibility":"","ast-main-header-display":"","ast-hfb-above-header-display":"","ast-hfb-below-header-display":"","ast-hfb-mobile-header-display":"","site-post-title":"","ast-breadcrumbs-content":"","ast-featured-img":"","footer-sml-layout":"","theme-transparent-header-meta":"default","adv-header-id-meta":"","stick-header-meta":"","header-above-stick-meta":"","header-main-stick-meta":"","header-below-stick-meta":"","astra-migrate-meta-layouts":"set","ast-page-background-enabled":"default","ast-page-background-meta":{"desktop":{"background-color":"","background-image":"","background-repeat":"repeat","background-position":"center center","background-size":"auto","background-attachment":"scroll","background-type":"","background-media":"","overlay-type":"","overlay-color":"","overlay-opacity":"","overlay-gradient":""},"tablet":{"background-color":"","background-image":"","background-repeat":"repeat","background-position":"center center","background-size":"auto","background-attachment":"scroll","background-type":"","background-media":"","overlay-type":"","overlay-color":"","overlay-opacity":"","overlay-gradient":""},"mobile":{"background-color":"","background-image":"","background-repeat":"repeat","background-position":"center center","background-size":"auto","background-attachment":"scroll","background-type":"","background-media":"","overlay-type":"","overlay-color":"","overlay-opacity":"","overlay-gradient":""}},"ast-content-background-meta":{"desktop":{"background-color":"var(--ast-global-color-5)","background-image":"","background-repeat":"repeat","background-position":"center center","background-size":"auto","background-attachment":"scroll","background-type":"","background-media":"","overlay-type":"","overlay-color":"","overlay-opacity":"","overlay-gradient":""},"tablet":{"background-color":"var(--ast-global-color-5)","background-image":"","background-repeat":"repeat","background-position":"center center","background-size":"auto","background-attachment":"scroll","background-type":"","background-media":"","overlay-type":"","overlay-color":"","overlay-opacity":"","overlay-gradient":""},"mobile":{"background-color":"var(--ast-global-color-5)","background-image":"","background-repeat":"repeat","background-position":"center center","background-size":"auto","background-attachment":"scroll","background-type":"","background-media":"","overlay-type":"","overlay-color":"","overlay-opacity":"","overlay-gradient":""}},"_joinchat":[]},"product_brand":[],"product_cat":[36],"product_tag":[],"class_list":{"0":"post-1503","1":"product","2":"type-product","3":"status-publish","4":"has-post-thumbnail","6":"product_cat-huile-thc","7":"desktop-align-left","8":"tablet-align-left","9":"mobile-align-left","11":"first","12":"instock","13":"shipping-taxable","14":"purchasable","15":"product-type-variable"},"yoast_head":"<!-- This site is optimized with the Yoast SEO Premium plugin v24.1 (Yoast SEO v26.8) - https:\/\/yoast.com\/product\/yoast-seo-premium-wordpress\/ -->\n<title>Huile de Cannabis BigFoot \u2013 Bienfaits Naturels,Puret\u00e9 Sup\u00e9rieure<\/title>\n<meta name=\"description\" content=\"Achetez l\u2019huile de cannabis BigFoot sur Beuh Paradis. Une huile riche en cannabino\u00efdes, id\u00e9ale pour soulager le stress, am\u00e9liorer le sommeil.\" \/>\n<meta name=\"robots\" content=\"index, follow, max-snippet:-1, max-image-preview:large, max-video-preview:-1\" \/>\n<link rel=\"canonical\" href=\"https:\/\/beuhparadis.com\/da\/product\/huile-de-cannabis-big-foot-ii\/\" \/>\n<meta property=\"og:locale\" content=\"da_DK\" \/>\n<meta property=\"og:type\" content=\"article\" \/>\n<meta property=\"og:title\" content=\"Huile de cannabis Big Foot II\" \/>\n<meta property=\"og:description\" content=\"Achetez l\u2019huile de cannabis BigFoot sur Beuh Paradis. Une huile riche en cannabino\u00efdes, id\u00e9ale pour soulager le stress, am\u00e9liorer le sommeil.\" \/>\n<meta property=\"og:url\" content=\"https:\/\/beuhparadis.com\/da\/product\/huile-de-cannabis-big-foot-ii\/\" \/>\n<meta property=\"og:site_name\" content=\"Beuh Paradis\" \/>\n<meta property=\"article:modified_time\" content=\"2025-01-28T11:27:52+00:00\" \/>\n<meta property=\"og:image\" content=\"https:\/\/beuhparadis.com\/wp-content\/uploads\/2024\/12\/Buy-Big-Foot-II-Oil.webp\" \/>\n\t<meta property=\"og:image:width\" content=\"500\" \/>\n\t<meta property=\"og:image:height\" content=\"500\" \/>\n\t<meta property=\"og:image:type\" content=\"image\/webp\" \/>\n<meta name=\"twitter:card\" content=\"summary_large_image\" \/>\n<meta name=\"twitter:label1\" content=\"Estimeret l\u00e6setid\" \/>\n\t<meta name=\"twitter:data1\" content=\"2 minutes\" \/>\n<script type=\"application\/ld+json\" class=\"yoast-schema-graph\">{\"@context\":\"https:\/\/schema.org\",\"@graph\":[{\"@type\":\"WebPage\",\"@id\":\"https:\/\/beuhparadis.com\/product\/huile-de-cannabis-big-foot-ii\/\",\"url\":\"https:\/\/beuhparadis.com\/product\/huile-de-cannabis-big-foot-ii\/\",\"name\":\"Huile de Cannabis BigFoot \u2013 Bienfaits Naturels,Puret\u00e9 Sup\u00e9rieure\",\"isPartOf\":{\"@id\":\"https:\/\/beuhparadis.com\/#website\"},\"primaryImageOfPage\":{\"@id\":\"https:\/\/beuhparadis.com\/product\/huile-de-cannabis-big-foot-ii\/#primaryimage\"},\"image\":{\"@id\":\"https:\/\/beuhparadis.com\/product\/huile-de-cannabis-big-foot-ii\/#primaryimage\"},\"thumbnailUrl\":\"https:\/\/beuhparadis.com\/wp-content\/uploads\/2024\/12\/Buy-Big-Foot-II-Oil.webp\",\"datePublished\":\"2024-12-10T23:41:09+00:00\",\"dateModified\":\"2025-01-28T11:27:52+00:00\",\"description\":\"Achetez l\u2019huile de cannabis BigFoot sur Beuh Paradis. Une huile riche en cannabino\u00efdes, id\u00e9ale pour soulager le stress, am\u00e9liorer le sommeil.\",\"breadcrumb\":{\"@id\":\"https:\/\/beuhparadis.com\/product\/huile-de-cannabis-big-foot-ii\/#breadcrumb\"},\"inLanguage\":\"da-DK\",\"potentialAction\":[{\"@type\":\"ReadAction\",\"target\":[\"https:\/\/beuhparadis.com\/product\/huile-de-cannabis-big-foot-ii\/\"]}]},{\"@type\":\"ImageObject\",\"inLanguage\":\"da-DK\",\"@id\":\"https:\/\/beuhparadis.com\/product\/huile-de-cannabis-big-foot-ii\/#primaryimage\",\"url\":\"https:\/\/beuhparadis.com\/wp-content\/uploads\/2024\/12\/Buy-Big-Foot-II-Oil.webp\",\"contentUrl\":\"https:\/\/beuhparadis.com\/wp-content\/uploads\/2024\/12\/Buy-Big-Foot-II-Oil.webp\",\"width\":500,\"height\":500},{\"@type\":\"BreadcrumbList\",\"@id\":\"https:\/\/beuhparadis.com\/product\/huile-de-cannabis-big-foot-ii\/#breadcrumb\",\"itemListElement\":[{\"@type\":\"ListItem\",\"position\":1,\"name\":\"Home\",\"item\":\"https:\/\/beuhparadis.com\/\"},{\"@type\":\"ListItem\",\"position\":2,\"name\":\"Shop\",\"item\":\"https:\/\/beuhparadis.com\/shop\/\"},{\"@type\":\"ListItem\",\"position\":3,\"name\":\"Huile de cannabis Big Foot II\"}]},{\"@type\":\"WebSite\",\"@id\":\"https:\/\/beuhparadis.com\/#website\",\"url\":\"https:\/\/beuhparadis.com\/\",\"name\":\"Beuh Paradis\",\"description\":\"\",\"potentialAction\":[{\"@type\":\"SearchAction\",\"target\":{\"@type\":\"EntryPoint\",\"urlTemplate\":\"https:\/\/beuhparadis.com\/?s={search_term_string}\"},\"query-input\":{\"@type\":\"PropertyValueSpecification\",\"valueRequired\":true,\"valueName\":\"search_term_string\"}}],\"inLanguage\":\"da-DK\"}]}<\/script>\n<!-- \/ Yoast SEO Premium plugin. -->","yoast_head_json":{"title":"BigFoot Cannabis Oil - naturlige fordele, overlegen renhed","description":"K\u00f8b BigFoot cannabisolie p\u00e5 Beuh Paradis. En olie rig p\u00e5 cannabinoider, ideel til at lindre stress og forbedre s\u00f8vnen.","robots":{"index":"index","follow":"follow","max-snippet":"max-snippet:-1","max-image-preview":"max-image-preview:large","max-video-preview":"max-video-preview:-1"},"canonical":"https:\/\/beuhparadis.com\/da\/product\/huile-de-cannabis-big-foot-ii\/","og_locale":"da_DK","og_type":"article","og_title":"Huile de cannabis Big Foot II","og_description":"Achetez l\u2019huile de cannabis BigFoot sur Beuh Paradis. Une huile riche en cannabino\u00efdes, id\u00e9ale pour soulager le stress, am\u00e9liorer le sommeil.","og_url":"https:\/\/beuhparadis.com\/da\/product\/huile-de-cannabis-big-foot-ii\/","og_site_name":"Beuh Paradis","article_modified_time":"2025-01-28T11:27:52+00:00","og_image":[{"width":500,"height":500,"url":"https:\/\/beuhparadis.com\/wp-content\/uploads\/2024\/12\/Buy-Big-Foot-II-Oil.webp","type":"image\/webp"}],"twitter_card":"summary_large_image","twitter_misc":{"Estimeret l\u00e6setid":"2 minutes"},"schema":{"@context":"https:\/\/schema.org","@graph":[{"@type":"WebPage","@id":"https:\/\/beuhparadis.com\/product\/huile-de-cannabis-big-foot-ii\/","url":"https:\/\/beuhparadis.com\/product\/huile-de-cannabis-big-foot-ii\/","name":"BigFoot Cannabis Oil - naturlige fordele, overlegen renhed","isPartOf":{"@id":"https:\/\/beuhparadis.com\/#website"},"primaryImageOfPage":{"@id":"https:\/\/beuhparadis.com\/product\/huile-de-cannabis-big-foot-ii\/#primaryimage"},"image":{"@id":"https:\/\/beuhparadis.com\/product\/huile-de-cannabis-big-foot-ii\/#primaryimage"},"thumbnailUrl":"https:\/\/beuhparadis.com\/wp-content\/uploads\/2024\/12\/Buy-Big-Foot-II-Oil.webp","datePublished":"2024-12-10T23:41:09+00:00","dateModified":"2025-01-28T11:27:52+00:00","description":"K\u00f8b BigFoot cannabisolie p\u00e5 Beuh Paradis. En olie rig p\u00e5 cannabinoider, ideel til at lindre stress og forbedre s\u00f8vnen.","breadcrumb":{"@id":"https:\/\/beuhparadis.com\/product\/huile-de-cannabis-big-foot-ii\/#breadcrumb"},"inLanguage":"da-DK","potentialAction":[{"@type":"ReadAction","target":["https:\/\/beuhparadis.com\/product\/huile-de-cannabis-big-foot-ii\/"]}]},{"@type":"ImageObject","inLanguage":"da-DK","@id":"https:\/\/beuhparadis.com\/product\/huile-de-cannabis-big-foot-ii\/#primaryimage","url":"https:\/\/beuhparadis.com\/wp-content\/uploads\/2024\/12\/Buy-Big-Foot-II-Oil.webp","contentUrl":"https:\/\/beuhparadis.com\/wp-content\/uploads\/2024\/12\/Buy-Big-Foot-II-Oil.webp","width":500,"height":500},{"@type":"BreadcrumbList","@id":"https:\/\/beuhparadis.com\/product\/huile-de-cannabis-big-foot-ii\/#breadcrumb","itemListElement":[{"@type":"ListItem","position":1,"name":"Home","item":"https:\/\/beuhparadis.com\/"},{"@type":"ListItem","position":2,"name":"Shop","item":"https:\/\/beuhparadis.com\/shop\/"},{"@type":"ListItem","position":3,"name":"Huile de cannabis Big Foot II"}]},{"@type":"WebSite","@id":"https:\/\/beuhparadis.com\/#website","url":"https:\/\/beuhparadis.com\/","name":"Beuh Paradis","description":"","potentialAction":[{"@type":"SearchAction","target":{"@type":"EntryPoint","urlTemplate":"https:\/\/beuhparadis.com\/?s={search_term_string}"},"query-input":{"@type":"PropertyValueSpecification","valueRequired":true,"valueName":"search_term_string"}}],"inLanguage":"da-DK"}]}},"_links":{"self":[{"href":"https:\/\/beuhparadis.com\/da\/wp-json\/wp\/v2\/product\/1503","targetHints":{"allow":["GET"]}}],"collection":[{"href":"https:\/\/beuhparadis.com\/da\/wp-json\/wp\/v2\/product"}],"about":[{"href":"https:\/\/beuhparadis.com\/da\/wp-json\/wp\/v2\/types\/product"}],"replies":[{"embeddable":true,"href":"https:\/\/beuhparadis.com\/da\/wp-json\/wp\/v2\/comments?post=1503"}],"wp:featuredmedia":[{"embeddable":true,"href":"https:\/\/beuhparadis.com\/da\/wp-json\/wp\/v2\/media\/1528"}],"wp:attachment":[{"href":"https:\/\/beuhparadis.com\/da\/wp-json\/wp\/v2\/media?parent=1503"}],"wp:term":[{"taxonomy":"product_brand","embeddable":true,"href":"https:\/\/beuhparadis.com\/da\/wp-json\/wp\/v2\/product_brand?post=1503"},{"taxonomy":"product_cat","embeddable":true,"href":"https:\/\/beuhparadis.com\/da\/wp-json\/wp\/v2\/product_cat?post=1503"},{"taxonomy":"product_tag","embeddable":true,"href":"https:\/\/beuhparadis.com\/da\/wp-json\/wp\/v2\/product_tag?post=1503"}],"curies":[{"name":"wp","href":"https:\/\/api.w.org\/{rel}","templated":true}]}}