{"id":1492,"date":"2024-12-10T23:41:02","date_gmt":"2024-12-10T23:41:02","guid":{"rendered":"https:\/\/beuhparadis.com\/?post_type=product&#038;p=1492"},"modified":"2025-01-28T11:37:36","modified_gmt":"2025-01-28T11:37:36","slug":"huile-de-cannabis-blackberry-kush-thc","status":"publish","type":"product","link":"https:\/\/beuhparadis.com\/da\/product\/huile-de-cannabis-blackberry-kush-thc\/","title":{"rendered":"Blackberry Kush THC cannabisolie"},"content":{"rendered":"<h3><strong>Blackberry Kush THC Cannabis Oil - intens afslapning og uds\u00f8gt smag<\/strong><\/h3>\n<h4><strong>\u00a0Oplev Blackberry Kush THC-cannabisolie p\u00e5 Beuh Paradis<\/strong><\/h4>\n<p>L'<strong>Blackberry Kush THC cannabisolie<\/strong>tilg\u00e6ngelig p\u00e5 <strong><a href=\"https:\/\/beuhparadis.com\/da\" target=\"_new\" rel=\"noopener\">Beuh Paradis<\/a><\/strong>er et enest\u00e5ende koncentrat, der er kendt for sine st\u00e6rkt afslappende virkninger og s\u00f8de smag. Denne olie stammer fra den ber\u00f8mte Blackberry Kush-sort og tilbyder en unik kombination af terapeutiske fordele og smagsnydelse. Denne THC-olie er perfekt til dem, der s\u00f8ger dyb afslapning, og den garanterer en behagelig og beroligende oplevelse.<\/p>\n<h4><strong>\u00a0Hvorfor v\u00e6lge Blackberry Kush THC-olie?<\/strong><\/h4>\n<ul>\n<li><strong>Frugtagtig smag og rig p\u00e5 THC:<\/strong> Blackberry Kush-olie er kendetegnet ved sine s\u00f8de bromb\u00e6rnoter og h\u00f8je THC-indhold, der giver fuldst\u00e6ndig afslapning.<\/li>\n<li><strong>Kraftige effekter:<\/strong> Ideel til brugere, der \u00f8nsker at lindre stress, smerter eller s\u00f8vnforstyrrelser.<\/li>\n<li><strong>F\u00f8rsteklasses kvalitet:<\/strong> Fremstillet af \u00f8kologisk dyrkede blomster uden pesticider eller skadelige opl\u00f8sningsmidler.<\/li>\n<li><strong>Brugervenlighed :<\/strong> Nyd den direkte under tungen, eller tils\u00e6t den til dine yndlingsopskrifter.<\/li>\n<\/ul>\n<h4><strong>\u00a0Fordele ved Cannabis Kush-olie<\/strong><\/h4>\n<ul>\n<li><strong>Dyb afslapning :<\/strong> Lindrer fysiske og mentale sp\u00e6ndinger efter en stresset dag.<\/li>\n<li><strong>S\u00f8vnhj\u00e6lpemiddel :<\/strong> Fremmer bedre og mere afslappende s\u00f8vn.<\/li>\n<li><strong>Smertelindring :<\/strong> S\u00e6rligt effektiv til at lindre kroniske smerter eller bet\u00e6ndelse.<\/li>\n<li><strong>Behagelig smag:<\/strong> Et frugtagtigt strejf af bromb\u00e6r giver en enest\u00e5ende smagsoplevelse.<\/li>\n<\/ul>\n<h4><strong>\u00a0Bestil Blackberry Kush THC-cannabisolie p\u00e5 Beuh Paradis<\/strong><\/h4>\n<p>P\u00e5 <strong><a href=\"https:\/\/beuhparadis.com\/da\" target=\"_new\" rel=\"noopener\">Beuh Paradis<\/a><\/strong>find den<strong>Blackberry Kush THC-olie<\/strong> perfekt til dine behov. Udnyt vores hurtige, diskrete og p\u00e5lidelige service til at f\u00e5 dette f\u00f8rsteklasses produkt direkte til din d\u00f8r. Oplev fordelene ved THC-rig olie kombineret med uimodst\u00e5elige smagsoplevelser, og forbedr dit daglige velbefindende.<\/p>","protected":false},"excerpt":{"rendered":"<p>Huile de Cannabis Blackberry Kush THC \u2013 Relaxation Intense et Saveurs Exquises \u00a0D\u00e9couvrez l\u2019Huile de Cannabis Blackberry Kush THC sur Beuh Paradis L\u2019huile de cannabis Blackberry Kush THC, disponible sur Beuh Paradis, est un concentr\u00e9 exceptionnel connu pour ses effets relaxants puissants et ses saveurs sucr\u00e9es. Issue de la c\u00e9l\u00e8bre vari\u00e9t\u00e9 Blackberry Kush, cette huile [&hellip;]<\/p>\n","protected":false},"featured_media":1497,"comment_status":"closed","ping_status":"closed","template":"","meta":{"site-sidebar-layout":"default","site-content-layout":"","ast-site-content-layout":"default","site-content-style":"default","site-sidebar-style":"default","ast-global-header-display":"","ast-banner-title-visibility":"","ast-main-header-display":"","ast-hfb-above-header-display":"","ast-hfb-below-header-display":"","ast-hfb-mobile-header-display":"","site-post-title":"","ast-breadcrumbs-content":"","ast-featured-img":"","footer-sml-layout":"","theme-transparent-header-meta":"default","adv-header-id-meta":"","stick-header-meta":"","header-above-stick-meta":"","header-main-stick-meta":"","header-below-stick-meta":"","astra-migrate-meta-layouts":"set","ast-page-background-enabled":"default","ast-page-background-meta":{"desktop":{"background-color":"","background-image":"","background-repeat":"repeat","background-position":"center center","background-size":"auto","background-attachment":"scroll","background-type":"","background-media":"","overlay-type":"","overlay-color":"","overlay-opacity":"","overlay-gradient":""},"tablet":{"background-color":"","background-image":"","background-repeat":"repeat","background-position":"center center","background-size":"auto","background-attachment":"scroll","background-type":"","background-media":"","overlay-type":"","overlay-color":"","overlay-opacity":"","overlay-gradient":""},"mobile":{"background-color":"","background-image":"","background-repeat":"repeat","background-position":"center center","background-size":"auto","background-attachment":"scroll","background-type":"","background-media":"","overlay-type":"","overlay-color":"","overlay-opacity":"","overlay-gradient":""}},"ast-content-background-meta":{"desktop":{"background-color":"var(--ast-global-color-5)","background-image":"","background-repeat":"repeat","background-position":"center center","background-size":"auto","background-attachment":"scroll","background-type":"","background-media":"","overlay-type":"","overlay-color":"","overlay-opacity":"","overlay-gradient":""},"tablet":{"background-color":"var(--ast-global-color-5)","background-image":"","background-repeat":"repeat","background-position":"center center","background-size":"auto","background-attachment":"scroll","background-type":"","background-media":"","overlay-type":"","overlay-color":"","overlay-opacity":"","overlay-gradient":""},"mobile":{"background-color":"var(--ast-global-color-5)","background-image":"","background-repeat":"repeat","background-position":"center center","background-size":"auto","background-attachment":"scroll","background-type":"","background-media":"","overlay-type":"","overlay-color":"","overlay-opacity":"","overlay-gradient":""}},"_joinchat":[]},"product_brand":[],"product_cat":[36],"product_tag":[],"class_list":{"0":"post-1492","1":"product","2":"type-product","3":"status-publish","4":"has-post-thumbnail","6":"product_cat-huile-thc","7":"desktop-align-left","8":"tablet-align-left","9":"mobile-align-left","11":"first","12":"instock","13":"shipping-taxable","14":"purchasable","15":"product-type-variable"},"yoast_head":"<!-- This site is optimized with the Yoast SEO Premium plugin v24.1 (Yoast SEO v26.8) - https:\/\/yoast.com\/product\/yoast-seo-premium-wordpress\/ -->\n<title>Huile de Cannabis Blackberry Kush THC \u2013 Beuh Paradis<\/title>\n<meta name=\"description\" content=\"Huile de cannabis Blackberry Kush THC sur Beuh Paradis. Une huile puissante et fruit\u00e9e, id\u00e9ale pour soulager le stress, les douleurs et am\u00e9liorer le somme\" \/>\n<meta name=\"robots\" content=\"index, follow, max-snippet:-1, max-image-preview:large, max-video-preview:-1\" \/>\n<link rel=\"canonical\" href=\"https:\/\/beuhparadis.com\/da\/product\/huile-de-cannabis-blackberry-kush-thc\/\" \/>\n<meta property=\"og:locale\" content=\"da_DK\" \/>\n<meta property=\"og:type\" content=\"article\" \/>\n<meta property=\"og:title\" content=\"Huile de cannabis Blackberry Kush THC\" \/>\n<meta property=\"og:description\" content=\"Huile de cannabis Blackberry Kush THC sur Beuh Paradis. Une huile puissante et fruit\u00e9e, id\u00e9ale pour soulager le stress, les douleurs et am\u00e9liorer le somme\" \/>\n<meta property=\"og:url\" content=\"https:\/\/beuhparadis.com\/da\/product\/huile-de-cannabis-blackberry-kush-thc\/\" \/>\n<meta property=\"og:site_name\" content=\"Beuh Paradis\" \/>\n<meta property=\"article:modified_time\" content=\"2025-01-28T11:37:36+00:00\" \/>\n<meta property=\"og:image\" content=\"https:\/\/beuhparadis.com\/wp-content\/uploads\/2024\/12\/Buy-Blackberry-Kush-THC-Oil.webp\" \/>\n\t<meta property=\"og:image:width\" content=\"478\" \/>\n\t<meta property=\"og:image:height\" content=\"375\" \/>\n\t<meta property=\"og:image:type\" content=\"image\/webp\" \/>\n<meta name=\"twitter:card\" content=\"summary_large_image\" \/>\n<meta name=\"twitter:label1\" content=\"Estimeret l\u00e6setid\" \/>\n\t<meta name=\"twitter:data1\" content=\"2 minutes\" \/>\n<script type=\"application\/ld+json\" class=\"yoast-schema-graph\">{\"@context\":\"https:\/\/schema.org\",\"@graph\":[{\"@type\":\"WebPage\",\"@id\":\"https:\/\/beuhparadis.com\/product\/huile-de-cannabis-blackberry-kush-thc\/\",\"url\":\"https:\/\/beuhparadis.com\/product\/huile-de-cannabis-blackberry-kush-thc\/\",\"name\":\"Huile de Cannabis Blackberry Kush THC \u2013 Beuh Paradis\",\"isPartOf\":{\"@id\":\"https:\/\/beuhparadis.com\/#website\"},\"primaryImageOfPage\":{\"@id\":\"https:\/\/beuhparadis.com\/product\/huile-de-cannabis-blackberry-kush-thc\/#primaryimage\"},\"image\":{\"@id\":\"https:\/\/beuhparadis.com\/product\/huile-de-cannabis-blackberry-kush-thc\/#primaryimage\"},\"thumbnailUrl\":\"https:\/\/beuhparadis.com\/wp-content\/uploads\/2024\/12\/Buy-Blackberry-Kush-THC-Oil.webp\",\"datePublished\":\"2024-12-10T23:41:02+00:00\",\"dateModified\":\"2025-01-28T11:37:36+00:00\",\"description\":\"Huile de cannabis Blackberry Kush THC sur Beuh Paradis. Une huile puissante et fruit\u00e9e, id\u00e9ale pour soulager le stress, les douleurs et am\u00e9liorer le somme\",\"breadcrumb\":{\"@id\":\"https:\/\/beuhparadis.com\/product\/huile-de-cannabis-blackberry-kush-thc\/#breadcrumb\"},\"inLanguage\":\"da-DK\",\"potentialAction\":[{\"@type\":\"ReadAction\",\"target\":[\"https:\/\/beuhparadis.com\/product\/huile-de-cannabis-blackberry-kush-thc\/\"]}]},{\"@type\":\"ImageObject\",\"inLanguage\":\"da-DK\",\"@id\":\"https:\/\/beuhparadis.com\/product\/huile-de-cannabis-blackberry-kush-thc\/#primaryimage\",\"url\":\"https:\/\/beuhparadis.com\/wp-content\/uploads\/2024\/12\/Buy-Blackberry-Kush-THC-Oil.webp\",\"contentUrl\":\"https:\/\/beuhparadis.com\/wp-content\/uploads\/2024\/12\/Buy-Blackberry-Kush-THC-Oil.webp\",\"width\":478,\"height\":375,\"caption\":\"Huile de Cannabis Blackberry\"},{\"@type\":\"BreadcrumbList\",\"@id\":\"https:\/\/beuhparadis.com\/product\/huile-de-cannabis-blackberry-kush-thc\/#breadcrumb\",\"itemListElement\":[{\"@type\":\"ListItem\",\"position\":1,\"name\":\"Home\",\"item\":\"https:\/\/beuhparadis.com\/\"},{\"@type\":\"ListItem\",\"position\":2,\"name\":\"Shop\",\"item\":\"https:\/\/beuhparadis.com\/shop\/\"},{\"@type\":\"ListItem\",\"position\":3,\"name\":\"Huile de cannabis Blackberry Kush THC\"}]},{\"@type\":\"WebSite\",\"@id\":\"https:\/\/beuhparadis.com\/#website\",\"url\":\"https:\/\/beuhparadis.com\/\",\"name\":\"Beuh Paradis\",\"description\":\"\",\"potentialAction\":[{\"@type\":\"SearchAction\",\"target\":{\"@type\":\"EntryPoint\",\"urlTemplate\":\"https:\/\/beuhparadis.com\/?s={search_term_string}\"},\"query-input\":{\"@type\":\"PropertyValueSpecification\",\"valueRequired\":true,\"valueName\":\"search_term_string\"}}],\"inLanguage\":\"da-DK\"}]}<\/script>\n<!-- \/ Yoast SEO Premium plugin. -->","yoast_head_json":{"title":"Bromb\u00e6r Kush THC Cannabisolie - Beuh Paradis","description":"Blackberry Kush THC cannabisolie p\u00e5 Beuh Paradis. En kraftig, frugtagtig olie, der er ideel til at lindre stress og smerter og forbedre s\u00f8vnen.","robots":{"index":"index","follow":"follow","max-snippet":"max-snippet:-1","max-image-preview":"max-image-preview:large","max-video-preview":"max-video-preview:-1"},"canonical":"https:\/\/beuhparadis.com\/da\/product\/huile-de-cannabis-blackberry-kush-thc\/","og_locale":"da_DK","og_type":"article","og_title":"Huile de cannabis Blackberry Kush THC","og_description":"Huile de cannabis Blackberry Kush THC sur Beuh Paradis. Une huile puissante et fruit\u00e9e, id\u00e9ale pour soulager le stress, les douleurs et am\u00e9liorer le somme","og_url":"https:\/\/beuhparadis.com\/da\/product\/huile-de-cannabis-blackberry-kush-thc\/","og_site_name":"Beuh Paradis","article_modified_time":"2025-01-28T11:37:36+00:00","og_image":[{"width":478,"height":375,"url":"https:\/\/beuhparadis.com\/wp-content\/uploads\/2024\/12\/Buy-Blackberry-Kush-THC-Oil.webp","type":"image\/webp"}],"twitter_card":"summary_large_image","twitter_misc":{"Estimeret l\u00e6setid":"2 minutes"},"schema":{"@context":"https:\/\/schema.org","@graph":[{"@type":"WebPage","@id":"https:\/\/beuhparadis.com\/product\/huile-de-cannabis-blackberry-kush-thc\/","url":"https:\/\/beuhparadis.com\/product\/huile-de-cannabis-blackberry-kush-thc\/","name":"Bromb\u00e6r Kush THC Cannabisolie - Beuh Paradis","isPartOf":{"@id":"https:\/\/beuhparadis.com\/#website"},"primaryImageOfPage":{"@id":"https:\/\/beuhparadis.com\/product\/huile-de-cannabis-blackberry-kush-thc\/#primaryimage"},"image":{"@id":"https:\/\/beuhparadis.com\/product\/huile-de-cannabis-blackberry-kush-thc\/#primaryimage"},"thumbnailUrl":"https:\/\/beuhparadis.com\/wp-content\/uploads\/2024\/12\/Buy-Blackberry-Kush-THC-Oil.webp","datePublished":"2024-12-10T23:41:02+00:00","dateModified":"2025-01-28T11:37:36+00:00","description":"Blackberry Kush THC cannabisolie p\u00e5 Beuh Paradis. En kraftig, frugtagtig olie, der er ideel til at lindre stress og smerter og forbedre s\u00f8vnen.","breadcrumb":{"@id":"https:\/\/beuhparadis.com\/product\/huile-de-cannabis-blackberry-kush-thc\/#breadcrumb"},"inLanguage":"da-DK","potentialAction":[{"@type":"ReadAction","target":["https:\/\/beuhparadis.com\/product\/huile-de-cannabis-blackberry-kush-thc\/"]}]},{"@type":"ImageObject","inLanguage":"da-DK","@id":"https:\/\/beuhparadis.com\/product\/huile-de-cannabis-blackberry-kush-thc\/#primaryimage","url":"https:\/\/beuhparadis.com\/wp-content\/uploads\/2024\/12\/Buy-Blackberry-Kush-THC-Oil.webp","contentUrl":"https:\/\/beuhparadis.com\/wp-content\/uploads\/2024\/12\/Buy-Blackberry-Kush-THC-Oil.webp","width":478,"height":375,"caption":"Huile de Cannabis Blackberry"},{"@type":"BreadcrumbList","@id":"https:\/\/beuhparadis.com\/product\/huile-de-cannabis-blackberry-kush-thc\/#breadcrumb","itemListElement":[{"@type":"ListItem","position":1,"name":"Home","item":"https:\/\/beuhparadis.com\/"},{"@type":"ListItem","position":2,"name":"Shop","item":"https:\/\/beuhparadis.com\/shop\/"},{"@type":"ListItem","position":3,"name":"Huile de cannabis Blackberry Kush THC"}]},{"@type":"WebSite","@id":"https:\/\/beuhparadis.com\/#website","url":"https:\/\/beuhparadis.com\/","name":"Beuh Paradis","description":"","potentialAction":[{"@type":"SearchAction","target":{"@type":"EntryPoint","urlTemplate":"https:\/\/beuhparadis.com\/?s={search_term_string}"},"query-input":{"@type":"PropertyValueSpecification","valueRequired":true,"valueName":"search_term_string"}}],"inLanguage":"da-DK"}]}},"_links":{"self":[{"href":"https:\/\/beuhparadis.com\/da\/wp-json\/wp\/v2\/product\/1492","targetHints":{"allow":["GET"]}}],"collection":[{"href":"https:\/\/beuhparadis.com\/da\/wp-json\/wp\/v2\/product"}],"about":[{"href":"https:\/\/beuhparadis.com\/da\/wp-json\/wp\/v2\/types\/product"}],"replies":[{"embeddable":true,"href":"https:\/\/beuhparadis.com\/da\/wp-json\/wp\/v2\/comments?post=1492"}],"wp:featuredmedia":[{"embeddable":true,"href":"https:\/\/beuhparadis.com\/da\/wp-json\/wp\/v2\/media\/1497"}],"wp:attachment":[{"href":"https:\/\/beuhparadis.com\/da\/wp-json\/wp\/v2\/media?parent=1492"}],"wp:term":[{"taxonomy":"product_brand","embeddable":true,"href":"https:\/\/beuhparadis.com\/da\/wp-json\/wp\/v2\/product_brand?post=1492"},{"taxonomy":"product_cat","embeddable":true,"href":"https:\/\/beuhparadis.com\/da\/wp-json\/wp\/v2\/product_cat?post=1492"},{"taxonomy":"product_tag","embeddable":true,"href":"https:\/\/beuhparadis.com\/da\/wp-json\/wp\/v2\/product_tag?post=1492"}],"curies":[{"name":"wp","href":"https:\/\/api.w.org\/{rel}","templated":true}]}}