{"id":1451,"date":"2024-12-10T23:40:47","date_gmt":"2024-12-10T23:40:47","guid":{"rendered":"https:\/\/beuhparadis.com\/?post_type=product&#038;p=1451"},"modified":"2024-12-10T23:41:00","modified_gmt":"2024-12-10T23:41:00","slug":"huile-de-miel-jack-herer-dabbers-delight","status":"publish","type":"product","link":"https:\/\/beuhparadis.com\/da\/product\/huile-de-miel-jack-herer-dabbers-delight\/","title":{"rendered":"Jack Herer Dabber's Delight honningolie"},"content":{"rendered":"<h1 class=\"wp-block-heading\">Jack Herer honningolie<\/h1>\n<p>Oplev Jack Herer Honey Oil, en THC-rig cannabisolie inspireret af den ber\u00f8mte Sativa-dominerende stamme med samme navn, der hylder cannabisaktivisten og forfatteren Jack Herer. Denne olie kombinerer en Haze-hybrid med en krydsning af Northern Lights #5 og Shiva Skunk med det form\u00e5l at give cerebral opl\u00f8ftelse og samtidig producere rigeligt med harpiks. Olien er ideel til dabbing og vaping og leveres i en h\u00f8jtemperaturbestandig glasspr\u00f8jte.<\/p>\n<h2 class=\"wp-block-heading\">Sammens\u00e6tning af THC-olie<\/h2>\n<ul class=\"wp-block-list\">\n<li><strong>Ingredienser:<\/strong> Koncentrat af Jack Herer-sorten med en THC-rig profil.<\/li>\n<li><strong>Dosering:<\/strong> Optimeret til effektiv og pr\u00e6cis brug.<\/li>\n<\/ul>\n<h2 class=\"wp-block-heading\">THC og CBD (inklusive procentsatser)<\/h2>\n<ul class=\"wp-block-list\">\n<li>Jack Herer honningolie er prim\u00e6rt koncentreret i THC og er designet til at give st\u00e6rke psykoaktive effekter med den perfekte balance af Indica til at holde dig nede p\u00e5 jorden. De specifikke procentsatser af THC og CBD er justeret for at maksimere effektiviteten.<\/li>\n<\/ul>\n<h2 class=\"wp-block-heading\">Hvor kan jeg k\u00f8be Jack Herer Honey Oil online?<\/h2>\n<ul class=\"wp-block-list\">\n<li>Jack Herer Honey Oil er tilg\u00e6ngelig online p\u00e5 <strong>K\u00f8bducannabis<\/strong>der tilbyder overlegen kvalitet og p\u00e5lidelig levering i hele Europa.<\/li>\n<\/ul>\n<h2 class=\"wp-block-heading\">Effekter, aroma og smag<\/h2>\n<h3 class=\"wp-block-heading\">Effekt<\/h3>\n<ul class=\"wp-block-list\">\n<li>Cerebral opl\u00f8ftning med et strejf af Indica for den perfekte balance mellem krop og sind.<\/li>\n<\/ul>\n<h3 class=\"wp-block-heading\">Aroma<\/h3>\n<ul class=\"wp-block-list\">\n<li>Karakteristiske noter fra Jack Herer-stammen, der kombinerer friskhed og intensitet.<\/li>\n<\/ul>\n<h3 class=\"wp-block-heading\">Smag<\/h3>\n<ul class=\"wp-block-list\">\n<li>Kompleks smagsprofil med antydninger af Haze, fyrretr\u00e6 og krydderi.<\/li>\n<\/ul>\n<h2 class=\"wp-block-heading\">Medicinske virkninger<\/h2>\n<ul class=\"wp-block-list\">\n<li>Ideel til dem, der s\u00f8ger lindring af stress, angst og smerte, samtidig med at de stimulerer kreativiteten.<\/li>\n<\/ul>\n<h3 class=\"wp-block-heading\">Kan lindre<\/h3>\n<ul class=\"wp-block-list\">\n<li>Stress, angst, smerter, tr\u00e6thed.<\/li>\n<\/ul>\n<h2 class=\"wp-block-heading\">At v\u00e6lge den rigtige THC-olie<\/h2>\n<p>Jack Herer Honey Oil er perfekt til brugere, der \u00f8nsker mental stimulering uden at miste forbindelsen til den virkelige verden.<\/p>\n<h2 class=\"wp-block-heading\">Anvendelser af Jack Herer THC Honey Oil<\/h2>\n<p>Velegnet til dabbing og vaping takket v\u00e6re glasspr\u00f8jten, der giver en nem og pr\u00e6cis p\u00e5f\u00f8ring.<\/p>\n<h2 class=\"wp-block-heading\">Hvordan skal THC-olie opbevares?<\/h2>\n<p>Opbevar olien p\u00e5 et k\u00f8ligt, m\u00f8rkt sted for at bevare dens friskhed og effektivitet.<\/p>\n<h2 class=\"wp-block-heading\">Hvorfor k\u00f8be Jack Herer Honey Oil hos Acheterducannabis?<\/h2>\n<p><a href=\"https:\/\/acheterducannabis.fr\/\" data-type=\"link\" data-id=\"https:\/\/acheterducannabis.fr\/\">K\u00f8bducannabis<\/a> er forpligtet til at tilbyde produkter af h\u00f8jeste kvalitet med sikker og diskret levering.<\/p>\n<h2 class=\"wp-block-heading\">Regeringens lov om salg af THC-olie i Europa<\/h2>\n<p>Salg og forbrug af THC-olie, herunder <strong>Jack Herer honningolie<\/strong>er reguleret i Europa. S\u00f8rg for at overholde lokal lovgivning, f\u00f8r du k\u00f8ber.<\/p>\n<p>Jack Herer Honey Oil er den perfekte legemligg\u00f8relse af harmonien mellem styrke og finesse og giver en berusende, men alligevel jordn\u00e6r oplevelse. Denne olie f\u00e5s udelukkende hos Acheterducannabis og er det perfekte valg for kendere og cannabisentusiaster, der \u00f8nsker at udforske de unikke nuancer i Jack Herer-stammen.<\/p>","protected":false},"excerpt":{"rendered":"<p><strong>THC:<\/strong> 60%<\/p>\n<p><strong>Medicinske virkninger:<\/strong><br \/> Ideel til dem, der s\u00f8ger lindring af stress, angst og smerte, samtidig med at de stimulerer kreativiteten.<\/p>","protected":false},"featured_media":1461,"comment_status":"closed","ping_status":"closed","template":"","meta":{"site-sidebar-layout":"default","site-content-layout":"","ast-site-content-layout":"","site-content-style":"default","site-sidebar-style":"default","ast-global-header-display":"","ast-banner-title-visibility":"","ast-main-header-display":"","ast-hfb-above-header-display":"","ast-hfb-below-header-display":"","ast-hfb-mobile-header-display":"","site-post-title":"","ast-breadcrumbs-content":"","ast-featured-img":"","footer-sml-layout":"","theme-transparent-header-meta":"","adv-header-id-meta":"","stick-header-meta":"","header-above-stick-meta":"","header-main-stick-meta":"","header-below-stick-meta":"","astra-migrate-meta-layouts":"default","ast-page-background-enabled":"default","ast-page-background-meta":{"desktop":{"background-color":"","background-image":"","background-repeat":"repeat","background-position":"center center","background-size":"auto","background-attachment":"scroll","background-type":"","background-media":"","overlay-type":"","overlay-color":"","overlay-opacity":"","overlay-gradient":""},"tablet":{"background-color":"","background-image":"","background-repeat":"repeat","background-position":"center center","background-size":"auto","background-attachment":"scroll","background-type":"","background-media":"","overlay-type":"","overlay-color":"","overlay-opacity":"","overlay-gradient":""},"mobile":{"background-color":"","background-image":"","background-repeat":"repeat","background-position":"center center","background-size":"auto","background-attachment":"scroll","background-type":"","background-media":"","overlay-type":"","overlay-color":"","overlay-opacity":"","overlay-gradient":""}},"ast-content-background-meta":{"desktop":{"background-color":"var(--ast-global-color-5)","background-image":"","background-repeat":"repeat","background-position":"center center","background-size":"auto","background-attachment":"scroll","background-type":"","background-media":"","overlay-type":"","overlay-color":"","overlay-opacity":"","overlay-gradient":""},"tablet":{"background-color":"var(--ast-global-color-5)","background-image":"","background-repeat":"repeat","background-position":"center center","background-size":"auto","background-attachment":"scroll","background-type":"","background-media":"","overlay-type":"","overlay-color":"","overlay-opacity":"","overlay-gradient":""},"mobile":{"background-color":"var(--ast-global-color-5)","background-image":"","background-repeat":"repeat","background-position":"center center","background-size":"auto","background-attachment":"scroll","background-type":"","background-media":"","overlay-type":"","overlay-color":"","overlay-opacity":"","overlay-gradient":""}},"_joinchat":[]},"product_brand":[],"product_cat":[36],"product_tag":[],"class_list":{"0":"post-1451","1":"product","2":"type-product","3":"status-publish","4":"has-post-thumbnail","6":"product_cat-huile-thc","7":"desktop-align-left","8":"tablet-align-left","9":"mobile-align-left","11":"first","12":"instock","13":"shipping-taxable","14":"purchasable","15":"product-type-variable"},"yoast_head":"<!-- This site is optimized with the Yoast SEO Premium plugin v24.1 (Yoast SEO v26.8) - https:\/\/yoast.com\/product\/yoast-seo-premium-wordpress\/ -->\n<title>Huile de miel Jack Herer Dabber&rsquo;s Delight - Beuh Paradis<\/title>\n<meta name=\"robots\" content=\"index, follow, max-snippet:-1, max-image-preview:large, max-video-preview:-1\" \/>\n<link rel=\"canonical\" href=\"https:\/\/beuhparadis.com\/da\/product\/huile-de-miel-jack-herer-dabbers-delight\/\" \/>\n<meta property=\"og:locale\" content=\"da_DK\" \/>\n<meta property=\"og:type\" content=\"article\" \/>\n<meta property=\"og:title\" content=\"Huile de miel Jack Herer Dabber&rsquo;s Delight\" \/>\n<meta property=\"og:description\" content=\"THC: 60% Effets M\u00e9dicaux: Id\u00e9ale pour ceux \u00e0 la recherche d&rsquo;un soulagement du stress, de l&rsquo;anxi\u00e9t\u00e9 et des douleurs, tout en stimulant la cr\u00e9ativit\u00e9.\" \/>\n<meta property=\"og:url\" content=\"https:\/\/beuhparadis.com\/da\/product\/huile-de-miel-jack-herer-dabbers-delight\/\" \/>\n<meta property=\"og:site_name\" content=\"Beuh Paradis\" \/>\n<meta property=\"article:modified_time\" content=\"2024-12-10T23:41:00+00:00\" \/>\n<meta name=\"twitter:card\" content=\"summary_large_image\" \/>\n<meta name=\"twitter:label1\" content=\"Estimeret l\u00e6setid\" \/>\n\t<meta name=\"twitter:data1\" content=\"3 minutes\" \/>\n<script type=\"application\/ld+json\" class=\"yoast-schema-graph\">{\"@context\":\"https:\/\/schema.org\",\"@graph\":[{\"@type\":\"WebPage\",\"@id\":\"https:\/\/beuhparadis.com\/product\/huile-de-miel-jack-herer-dabbers-delight\/\",\"url\":\"https:\/\/beuhparadis.com\/product\/huile-de-miel-jack-herer-dabbers-delight\/\",\"name\":\"Huile de miel Jack Herer Dabber&rsquo;s Delight - Beuh Paradis\",\"isPartOf\":{\"@id\":\"https:\/\/beuhparadis.com\/#website\"},\"primaryImageOfPage\":{\"@id\":\"https:\/\/beuhparadis.com\/product\/huile-de-miel-jack-herer-dabbers-delight\/#primaryimage\"},\"image\":{\"@id\":\"https:\/\/beuhparadis.com\/product\/huile-de-miel-jack-herer-dabbers-delight\/#primaryimage\"},\"thumbnailUrl\":\"https:\/\/beuhparadis.com\/wp-content\/uploads\/2024\/12\/Dabbers-Delight-Jack-Herer-Honey-Oi.webp\",\"datePublished\":\"2024-12-10T23:40:47+00:00\",\"dateModified\":\"2024-12-10T23:41:00+00:00\",\"breadcrumb\":{\"@id\":\"https:\/\/beuhparadis.com\/product\/huile-de-miel-jack-herer-dabbers-delight\/#breadcrumb\"},\"inLanguage\":\"da-DK\",\"potentialAction\":[{\"@type\":\"ReadAction\",\"target\":[\"https:\/\/beuhparadis.com\/product\/huile-de-miel-jack-herer-dabbers-delight\/\"]}]},{\"@type\":\"ImageObject\",\"inLanguage\":\"da-DK\",\"@id\":\"https:\/\/beuhparadis.com\/product\/huile-de-miel-jack-herer-dabbers-delight\/#primaryimage\",\"url\":\"https:\/\/beuhparadis.com\/wp-content\/uploads\/2024\/12\/Dabbers-Delight-Jack-Herer-Honey-Oi.webp\",\"contentUrl\":\"https:\/\/beuhparadis.com\/wp-content\/uploads\/2024\/12\/Dabbers-Delight-Jack-Herer-Honey-Oi.webp\",\"width\":1000,\"height\":1000},{\"@type\":\"BreadcrumbList\",\"@id\":\"https:\/\/beuhparadis.com\/product\/huile-de-miel-jack-herer-dabbers-delight\/#breadcrumb\",\"itemListElement\":[{\"@type\":\"ListItem\",\"position\":1,\"name\":\"Home\",\"item\":\"https:\/\/beuhparadis.com\/\"},{\"@type\":\"ListItem\",\"position\":2,\"name\":\"Shop\",\"item\":\"https:\/\/beuhparadis.com\/shop\/\"},{\"@type\":\"ListItem\",\"position\":3,\"name\":\"Huile de miel Jack Herer Dabber&rsquo;s Delight\"}]},{\"@type\":\"WebSite\",\"@id\":\"https:\/\/beuhparadis.com\/#website\",\"url\":\"https:\/\/beuhparadis.com\/\",\"name\":\"Beuh Paradis\",\"description\":\"\",\"potentialAction\":[{\"@type\":\"SearchAction\",\"target\":{\"@type\":\"EntryPoint\",\"urlTemplate\":\"https:\/\/beuhparadis.com\/?s={search_term_string}\"},\"query-input\":{\"@type\":\"PropertyValueSpecification\",\"valueRequired\":true,\"valueName\":\"search_term_string\"}}],\"inLanguage\":\"da-DK\"}]}<\/script>\n<!-- \/ Yoast SEO Premium plugin. -->","yoast_head_json":{"title":"Jack Herer Dabber's Delight honningolie - Beuh Paradis","robots":{"index":"index","follow":"follow","max-snippet":"max-snippet:-1","max-image-preview":"max-image-preview:large","max-video-preview":"max-video-preview:-1"},"canonical":"https:\/\/beuhparadis.com\/da\/product\/huile-de-miel-jack-herer-dabbers-delight\/","og_locale":"da_DK","og_type":"article","og_title":"Huile de miel Jack Herer Dabber&rsquo;s Delight","og_description":"THC: 60% Effets M\u00e9dicaux: Id\u00e9ale pour ceux \u00e0 la recherche d&rsquo;un soulagement du stress, de l&rsquo;anxi\u00e9t\u00e9 et des douleurs, tout en stimulant la cr\u00e9ativit\u00e9.","og_url":"https:\/\/beuhparadis.com\/da\/product\/huile-de-miel-jack-herer-dabbers-delight\/","og_site_name":"Beuh Paradis","article_modified_time":"2024-12-10T23:41:00+00:00","twitter_card":"summary_large_image","twitter_misc":{"Estimeret l\u00e6setid":"3 minutes"},"schema":{"@context":"https:\/\/schema.org","@graph":[{"@type":"WebPage","@id":"https:\/\/beuhparadis.com\/product\/huile-de-miel-jack-herer-dabbers-delight\/","url":"https:\/\/beuhparadis.com\/product\/huile-de-miel-jack-herer-dabbers-delight\/","name":"Jack Herer Dabber's Delight honningolie - Beuh Paradis","isPartOf":{"@id":"https:\/\/beuhparadis.com\/#website"},"primaryImageOfPage":{"@id":"https:\/\/beuhparadis.com\/product\/huile-de-miel-jack-herer-dabbers-delight\/#primaryimage"},"image":{"@id":"https:\/\/beuhparadis.com\/product\/huile-de-miel-jack-herer-dabbers-delight\/#primaryimage"},"thumbnailUrl":"https:\/\/beuhparadis.com\/wp-content\/uploads\/2024\/12\/Dabbers-Delight-Jack-Herer-Honey-Oi.webp","datePublished":"2024-12-10T23:40:47+00:00","dateModified":"2024-12-10T23:41:00+00:00","breadcrumb":{"@id":"https:\/\/beuhparadis.com\/product\/huile-de-miel-jack-herer-dabbers-delight\/#breadcrumb"},"inLanguage":"da-DK","potentialAction":[{"@type":"ReadAction","target":["https:\/\/beuhparadis.com\/product\/huile-de-miel-jack-herer-dabbers-delight\/"]}]},{"@type":"ImageObject","inLanguage":"da-DK","@id":"https:\/\/beuhparadis.com\/product\/huile-de-miel-jack-herer-dabbers-delight\/#primaryimage","url":"https:\/\/beuhparadis.com\/wp-content\/uploads\/2024\/12\/Dabbers-Delight-Jack-Herer-Honey-Oi.webp","contentUrl":"https:\/\/beuhparadis.com\/wp-content\/uploads\/2024\/12\/Dabbers-Delight-Jack-Herer-Honey-Oi.webp","width":1000,"height":1000},{"@type":"BreadcrumbList","@id":"https:\/\/beuhparadis.com\/product\/huile-de-miel-jack-herer-dabbers-delight\/#breadcrumb","itemListElement":[{"@type":"ListItem","position":1,"name":"Home","item":"https:\/\/beuhparadis.com\/"},{"@type":"ListItem","position":2,"name":"Shop","item":"https:\/\/beuhparadis.com\/shop\/"},{"@type":"ListItem","position":3,"name":"Huile de miel Jack Herer Dabber&rsquo;s Delight"}]},{"@type":"WebSite","@id":"https:\/\/beuhparadis.com\/#website","url":"https:\/\/beuhparadis.com\/","name":"Beuh Paradis","description":"","potentialAction":[{"@type":"SearchAction","target":{"@type":"EntryPoint","urlTemplate":"https:\/\/beuhparadis.com\/?s={search_term_string}"},"query-input":{"@type":"PropertyValueSpecification","valueRequired":true,"valueName":"search_term_string"}}],"inLanguage":"da-DK"}]}},"_links":{"self":[{"href":"https:\/\/beuhparadis.com\/da\/wp-json\/wp\/v2\/product\/1451","targetHints":{"allow":["GET"]}}],"collection":[{"href":"https:\/\/beuhparadis.com\/da\/wp-json\/wp\/v2\/product"}],"about":[{"href":"https:\/\/beuhparadis.com\/da\/wp-json\/wp\/v2\/types\/product"}],"replies":[{"embeddable":true,"href":"https:\/\/beuhparadis.com\/da\/wp-json\/wp\/v2\/comments?post=1451"}],"wp:featuredmedia":[{"embeddable":true,"href":"https:\/\/beuhparadis.com\/da\/wp-json\/wp\/v2\/media\/1461"}],"wp:attachment":[{"href":"https:\/\/beuhparadis.com\/da\/wp-json\/wp\/v2\/media?parent=1451"}],"wp:term":[{"taxonomy":"product_brand","embeddable":true,"href":"https:\/\/beuhparadis.com\/da\/wp-json\/wp\/v2\/product_brand?post=1451"},{"taxonomy":"product_cat","embeddable":true,"href":"https:\/\/beuhparadis.com\/da\/wp-json\/wp\/v2\/product_cat?post=1451"},{"taxonomy":"product_tag","embeddable":true,"href":"https:\/\/beuhparadis.com\/da\/wp-json\/wp\/v2\/product_tag?post=1451"}],"curies":[{"name":"wp","href":"https:\/\/api.w.org\/{rel}","templated":true}]}}