{"id":1439,"date":"2024-12-10T23:40:47","date_gmt":"2024-12-10T23:40:47","guid":{"rendered":"https:\/\/beuhparadis.com\/?post_type=product&#038;p=1439"},"modified":"2024-12-10T23:41:00","modified_gmt":"2024-12-10T23:41:00","slug":"huile-de-noix-de-coco-gaia-thc-200-mg","status":"publish","type":"product","link":"https:\/\/beuhparadis.com\/da\/product\/huile-de-noix-de-coco-gaia-thc-200-mg\/","title":{"rendered":"Gaia Kokosolie THC 200 mg"},"content":{"rendered":"<h1 class=\"wp-block-heading\">Gaia kokosolie<\/h1>\n<p>Oplev Gaia Coconut Oil, en THC-beriget cannabisolie fremstillet af koldpresset jomfrukokosolie og THC-destillat. Ved hj\u00e6lp af \u00f8kologiske ingredienser af h\u00f8jeste kvalitet er denne kokosolie det perfekte supplement til daglig brug og giver flere sundhedsm\u00e6ssige fordele.<\/p>\n<h2 class=\"wp-block-heading\">Sammens\u00e6tning af THC-olie<\/h2>\n<ul class=\"wp-block-list\">\n<li><strong>Ingredienser:<\/strong> Koldpresset jomfrukokosolie og THC-destillat.<\/li>\n<li><strong>Dosering:<\/strong> 200 mg THC for nem integration i din wellness-rutine.<\/li>\n<\/ul>\n<h2 class=\"wp-block-heading\">THC og CBD (inklusive procentsatser)<\/h2>\n<ul class=\"wp-block-list\">\n<li>Denne olie indeholder hovedsageligt THC, med en pr\u00e6cis dosering af <strong>200 mg<\/strong> for hver beholder. Procentdelen af CBD er minimal eller ikke-eksisterende, hvilket fremh\u00e6ver effekten af THC.<\/li>\n<\/ul>\n<h2 class=\"wp-block-heading\">Hvor kan jeg k\u00f8be Gaia Coconut Oil online?<\/h2>\n<p>Gaia Coconut Oil er tilg\u00e6ngelig online p\u00e5 <strong>K\u00f8bducannabis<\/strong>hvor du kan nyde godt af garanteret kvalitet og p\u00e5lidelig levering.<\/p>\n<h2 class=\"wp-block-heading\">Effekter, aroma og smag<\/h2>\n<h3 class=\"wp-block-heading\">Effekt<\/h3>\n<ul class=\"wp-block-list\">\n<li>Giver en f\u00f8lelse af velv\u00e6re og afslapning, perfekt til hverdagsbrug.<\/li>\n<\/ul>\n<h3 class=\"wp-block-heading\">Smag og behag<\/h3>\n<ul class=\"wp-block-list\">\n<li>Nyd de naturligt s\u00f8de, tropiske noter fra kokosolie uden tils\u00e6tning af kunstige smagsstoffer.<\/li>\n<\/ul>\n<h2 class=\"wp-block-heading\">Medicinske virkninger<\/h2>\n<ul class=\"wp-block-list\">\n<li>Kokosolie er kendt for sine sundhedsm\u00e6ssige fordele, is\u00e6r n\u00e5r det g\u00e6lder afslapning og forbedring af det generelle velbefindende.<\/li>\n<\/ul>\n<h3 class=\"wp-block-heading\">Kan lindre<\/h3>\n<ul class=\"wp-block-list\">\n<li>Stress, angst, milde smerter, forbedret s\u00f8vn.<\/li>\n<\/ul>\n<h2 class=\"wp-block-heading\">At v\u00e6lge den rigtige THC-olie<\/h2>\n<p>V\u00e6lg Gaia Coconut Oil, hvis du er p\u00e5 udkig efter en naturlig, \u00f8kologisk l\u00f8sning til at inkorporere THC i din hudplejerutine.<\/p>\n<h2 class=\"wp-block-heading\">Anvendelser af Gaia THC-kokosolie<\/h2>\n<p>Perfekt til kulinarisk brug, som kosttilskud eller til at sm\u00f8re p\u00e5 huden takket v\u00e6re kokosoliebasen.<\/p>\n<h2 class=\"wp-block-heading\">Hvordan skal THC-olie opbevares?<\/h2>\n<p>Opbevar din olie p\u00e5 et k\u00f8ligt, m\u00f8rkt sted for at bevare dens friskhed og styrke.<\/p>\n<h2 class=\"wp-block-heading\">Hvorfor k\u00f8be Gaia Coconut Oil fra Acheterducannabis?<\/h2>\n<p><a href=\"https:\/\/acheterducannabis.fr\/\" data-type=\"link\" data-id=\"https:\/\/acheterducannabis.fr\/\">K\u00f8bducannabis<\/a> er forpligtet til at levere produkter af h\u00f8jeste kvalitet med hurtig og sikker levering for at opn\u00e5 optimal kundetilfredshed.<\/p>\n<h2 class=\"wp-block-heading\">Regeringens lov om salg af THC-olie i Europa<\/h2>\n<p>Salg og forbrug af THC-olie, herunder Gaia Coconut Oil, er reguleret i Europa. Det anbefales at tjekke den lokale lovgivning, f\u00f8r man k\u00f8ber.<\/p>\n<p>Gaia Coconut Oil er den ideelle l\u00f8sning for dem, der \u00f8nsker at nyde fordelene ved THC, samtidig med at de h\u00f8ster de naturlige fordele ved kokosn\u00f8ddeolie. Denne olie f\u00e5s udelukkende hos Acheterducannabis og g\u00f8r det nemt at inkorporere cannabis i din hverdag p\u00e5 en sund og naturlig m\u00e5de.<\/p>","protected":false},"excerpt":{"rendered":"<p><strong>THC:<\/strong> 60%<br \/> <strong>Medicinske virkninger:<\/strong><br \/> Kokosolie er kendt for sine sundhedsm\u00e6ssige fordele, is\u00e6r n\u00e5r det g\u00e6lder afslapning og forbedring af det generelle velbefindende.<\/p>","protected":false},"featured_media":1459,"comment_status":"closed","ping_status":"closed","template":"","meta":{"site-sidebar-layout":"default","site-content-layout":"","ast-site-content-layout":"","site-content-style":"default","site-sidebar-style":"default","ast-global-header-display":"","ast-banner-title-visibility":"","ast-main-header-display":"","ast-hfb-above-header-display":"","ast-hfb-below-header-display":"","ast-hfb-mobile-header-display":"","site-post-title":"","ast-breadcrumbs-content":"","ast-featured-img":"","footer-sml-layout":"","theme-transparent-header-meta":"","adv-header-id-meta":"","stick-header-meta":"","header-above-stick-meta":"","header-main-stick-meta":"","header-below-stick-meta":"","astra-migrate-meta-layouts":"default","ast-page-background-enabled":"default","ast-page-background-meta":{"desktop":{"background-color":"","background-image":"","background-repeat":"repeat","background-position":"center center","background-size":"auto","background-attachment":"scroll","background-type":"","background-media":"","overlay-type":"","overlay-color":"","overlay-opacity":"","overlay-gradient":""},"tablet":{"background-color":"","background-image":"","background-repeat":"repeat","background-position":"center center","background-size":"auto","background-attachment":"scroll","background-type":"","background-media":"","overlay-type":"","overlay-color":"","overlay-opacity":"","overlay-gradient":""},"mobile":{"background-color":"","background-image":"","background-repeat":"repeat","background-position":"center center","background-size":"auto","background-attachment":"scroll","background-type":"","background-media":"","overlay-type":"","overlay-color":"","overlay-opacity":"","overlay-gradient":""}},"ast-content-background-meta":{"desktop":{"background-color":"var(--ast-global-color-5)","background-image":"","background-repeat":"repeat","background-position":"center center","background-size":"auto","background-attachment":"scroll","background-type":"","background-media":"","overlay-type":"","overlay-color":"","overlay-opacity":"","overlay-gradient":""},"tablet":{"background-color":"var(--ast-global-color-5)","background-image":"","background-repeat":"repeat","background-position":"center center","background-size":"auto","background-attachment":"scroll","background-type":"","background-media":"","overlay-type":"","overlay-color":"","overlay-opacity":"","overlay-gradient":""},"mobile":{"background-color":"var(--ast-global-color-5)","background-image":"","background-repeat":"repeat","background-position":"center center","background-size":"auto","background-attachment":"scroll","background-type":"","background-media":"","overlay-type":"","overlay-color":"","overlay-opacity":"","overlay-gradient":""}},"_joinchat":[]},"product_brand":[],"product_cat":[36],"product_tag":[],"class_list":{"0":"post-1439","1":"product","2":"type-product","3":"status-publish","4":"has-post-thumbnail","6":"product_cat-huile-thc","7":"desktop-align-left","8":"tablet-align-left","9":"mobile-align-left","11":"first","12":"instock","13":"shipping-taxable","14":"purchasable","15":"product-type-variable"},"yoast_head":"<!-- This site is optimized with the Yoast SEO Premium plugin v24.1 (Yoast SEO v26.8) - https:\/\/yoast.com\/product\/yoast-seo-premium-wordpress\/ -->\n<title>Huile de noix de coco Gaia THC 200 mg - Beuh Paradis<\/title>\n<meta name=\"robots\" content=\"index, follow, max-snippet:-1, max-image-preview:large, max-video-preview:-1\" \/>\n<link rel=\"canonical\" href=\"https:\/\/beuhparadis.com\/da\/product\/huile-de-noix-de-coco-gaia-thc-200-mg\/\" \/>\n<meta property=\"og:locale\" content=\"da_DK\" \/>\n<meta property=\"og:type\" content=\"article\" \/>\n<meta property=\"og:title\" content=\"Huile de noix de coco Gaia THC 200 mg\" \/>\n<meta property=\"og:description\" content=\"THC: 60% Effets M\u00e9dicaux: Cette huile de noix de coco est r\u00e9put\u00e9e pour ses bienfaits sur la sant\u00e9, notamment en termes de relaxation et d&rsquo;am\u00e9lioration du bien-\u00eatre g\u00e9n\u00e9ral.\" \/>\n<meta property=\"og:url\" content=\"https:\/\/beuhparadis.com\/da\/product\/huile-de-noix-de-coco-gaia-thc-200-mg\/\" \/>\n<meta property=\"og:site_name\" content=\"Beuh Paradis\" \/>\n<meta property=\"article:modified_time\" content=\"2024-12-10T23:41:00+00:00\" \/>\n<meta name=\"twitter:card\" content=\"summary_large_image\" \/>\n<meta name=\"twitter:label1\" content=\"Estimeret l\u00e6setid\" \/>\n\t<meta name=\"twitter:data1\" content=\"3 minutes\" \/>\n<script type=\"application\/ld+json\" class=\"yoast-schema-graph\">{\"@context\":\"https:\/\/schema.org\",\"@graph\":[{\"@type\":\"WebPage\",\"@id\":\"https:\/\/beuhparadis.com\/product\/huile-de-noix-de-coco-gaia-thc-200-mg\/\",\"url\":\"https:\/\/beuhparadis.com\/product\/huile-de-noix-de-coco-gaia-thc-200-mg\/\",\"name\":\"Huile de noix de coco Gaia THC 200 mg - Beuh Paradis\",\"isPartOf\":{\"@id\":\"https:\/\/beuhparadis.com\/#website\"},\"primaryImageOfPage\":{\"@id\":\"https:\/\/beuhparadis.com\/product\/huile-de-noix-de-coco-gaia-thc-200-mg\/#primaryimage\"},\"image\":{\"@id\":\"https:\/\/beuhparadis.com\/product\/huile-de-noix-de-coco-gaia-thc-200-mg\/#primaryimage\"},\"thumbnailUrl\":\"https:\/\/beuhparadis.com\/wp-content\/uploads\/2024\/12\/Gaia-THC-Coconut-Oil-200mg.webp\",\"datePublished\":\"2024-12-10T23:40:47+00:00\",\"dateModified\":\"2024-12-10T23:41:00+00:00\",\"breadcrumb\":{\"@id\":\"https:\/\/beuhparadis.com\/product\/huile-de-noix-de-coco-gaia-thc-200-mg\/#breadcrumb\"},\"inLanguage\":\"da-DK\",\"potentialAction\":[{\"@type\":\"ReadAction\",\"target\":[\"https:\/\/beuhparadis.com\/product\/huile-de-noix-de-coco-gaia-thc-200-mg\/\"]}]},{\"@type\":\"ImageObject\",\"inLanguage\":\"da-DK\",\"@id\":\"https:\/\/beuhparadis.com\/product\/huile-de-noix-de-coco-gaia-thc-200-mg\/#primaryimage\",\"url\":\"https:\/\/beuhparadis.com\/wp-content\/uploads\/2024\/12\/Gaia-THC-Coconut-Oil-200mg.webp\",\"contentUrl\":\"https:\/\/beuhparadis.com\/wp-content\/uploads\/2024\/12\/Gaia-THC-Coconut-Oil-200mg.webp\",\"width\":1000,\"height\":1000},{\"@type\":\"BreadcrumbList\",\"@id\":\"https:\/\/beuhparadis.com\/product\/huile-de-noix-de-coco-gaia-thc-200-mg\/#breadcrumb\",\"itemListElement\":[{\"@type\":\"ListItem\",\"position\":1,\"name\":\"Home\",\"item\":\"https:\/\/beuhparadis.com\/\"},{\"@type\":\"ListItem\",\"position\":2,\"name\":\"Shop\",\"item\":\"https:\/\/beuhparadis.com\/shop\/\"},{\"@type\":\"ListItem\",\"position\":3,\"name\":\"Huile de noix de coco Gaia THC 200 mg\"}]},{\"@type\":\"WebSite\",\"@id\":\"https:\/\/beuhparadis.com\/#website\",\"url\":\"https:\/\/beuhparadis.com\/\",\"name\":\"Beuh Paradis\",\"description\":\"\",\"potentialAction\":[{\"@type\":\"SearchAction\",\"target\":{\"@type\":\"EntryPoint\",\"urlTemplate\":\"https:\/\/beuhparadis.com\/?s={search_term_string}\"},\"query-input\":{\"@type\":\"PropertyValueSpecification\",\"valueRequired\":true,\"valueName\":\"search_term_string\"}}],\"inLanguage\":\"da-DK\"}]}<\/script>\n<!-- \/ Yoast SEO Premium plugin. -->","yoast_head_json":{"title":"Gaia Kokosolie THC 200 mg - Beuh Paradis","robots":{"index":"index","follow":"follow","max-snippet":"max-snippet:-1","max-image-preview":"max-image-preview:large","max-video-preview":"max-video-preview:-1"},"canonical":"https:\/\/beuhparadis.com\/da\/product\/huile-de-noix-de-coco-gaia-thc-200-mg\/","og_locale":"da_DK","og_type":"article","og_title":"Huile de noix de coco Gaia THC 200 mg","og_description":"THC: 60% Effets M\u00e9dicaux: Cette huile de noix de coco est r\u00e9put\u00e9e pour ses bienfaits sur la sant\u00e9, notamment en termes de relaxation et d&rsquo;am\u00e9lioration du bien-\u00eatre g\u00e9n\u00e9ral.","og_url":"https:\/\/beuhparadis.com\/da\/product\/huile-de-noix-de-coco-gaia-thc-200-mg\/","og_site_name":"Beuh Paradis","article_modified_time":"2024-12-10T23:41:00+00:00","twitter_card":"summary_large_image","twitter_misc":{"Estimeret l\u00e6setid":"3 minutes"},"schema":{"@context":"https:\/\/schema.org","@graph":[{"@type":"WebPage","@id":"https:\/\/beuhparadis.com\/product\/huile-de-noix-de-coco-gaia-thc-200-mg\/","url":"https:\/\/beuhparadis.com\/product\/huile-de-noix-de-coco-gaia-thc-200-mg\/","name":"Gaia Kokosolie THC 200 mg - Beuh Paradis","isPartOf":{"@id":"https:\/\/beuhparadis.com\/#website"},"primaryImageOfPage":{"@id":"https:\/\/beuhparadis.com\/product\/huile-de-noix-de-coco-gaia-thc-200-mg\/#primaryimage"},"image":{"@id":"https:\/\/beuhparadis.com\/product\/huile-de-noix-de-coco-gaia-thc-200-mg\/#primaryimage"},"thumbnailUrl":"https:\/\/beuhparadis.com\/wp-content\/uploads\/2024\/12\/Gaia-THC-Coconut-Oil-200mg.webp","datePublished":"2024-12-10T23:40:47+00:00","dateModified":"2024-12-10T23:41:00+00:00","breadcrumb":{"@id":"https:\/\/beuhparadis.com\/product\/huile-de-noix-de-coco-gaia-thc-200-mg\/#breadcrumb"},"inLanguage":"da-DK","potentialAction":[{"@type":"ReadAction","target":["https:\/\/beuhparadis.com\/product\/huile-de-noix-de-coco-gaia-thc-200-mg\/"]}]},{"@type":"ImageObject","inLanguage":"da-DK","@id":"https:\/\/beuhparadis.com\/product\/huile-de-noix-de-coco-gaia-thc-200-mg\/#primaryimage","url":"https:\/\/beuhparadis.com\/wp-content\/uploads\/2024\/12\/Gaia-THC-Coconut-Oil-200mg.webp","contentUrl":"https:\/\/beuhparadis.com\/wp-content\/uploads\/2024\/12\/Gaia-THC-Coconut-Oil-200mg.webp","width":1000,"height":1000},{"@type":"BreadcrumbList","@id":"https:\/\/beuhparadis.com\/product\/huile-de-noix-de-coco-gaia-thc-200-mg\/#breadcrumb","itemListElement":[{"@type":"ListItem","position":1,"name":"Home","item":"https:\/\/beuhparadis.com\/"},{"@type":"ListItem","position":2,"name":"Shop","item":"https:\/\/beuhparadis.com\/shop\/"},{"@type":"ListItem","position":3,"name":"Huile de noix de coco Gaia THC 200 mg"}]},{"@type":"WebSite","@id":"https:\/\/beuhparadis.com\/#website","url":"https:\/\/beuhparadis.com\/","name":"Beuh Paradis","description":"","potentialAction":[{"@type":"SearchAction","target":{"@type":"EntryPoint","urlTemplate":"https:\/\/beuhparadis.com\/?s={search_term_string}"},"query-input":{"@type":"PropertyValueSpecification","valueRequired":true,"valueName":"search_term_string"}}],"inLanguage":"da-DK"}]}},"_links":{"self":[{"href":"https:\/\/beuhparadis.com\/da\/wp-json\/wp\/v2\/product\/1439","targetHints":{"allow":["GET"]}}],"collection":[{"href":"https:\/\/beuhparadis.com\/da\/wp-json\/wp\/v2\/product"}],"about":[{"href":"https:\/\/beuhparadis.com\/da\/wp-json\/wp\/v2\/types\/product"}],"replies":[{"embeddable":true,"href":"https:\/\/beuhparadis.com\/da\/wp-json\/wp\/v2\/comments?post=1439"}],"wp:featuredmedia":[{"embeddable":true,"href":"https:\/\/beuhparadis.com\/da\/wp-json\/wp\/v2\/media\/1459"}],"wp:attachment":[{"href":"https:\/\/beuhparadis.com\/da\/wp-json\/wp\/v2\/media?parent=1439"}],"wp:term":[{"taxonomy":"product_brand","embeddable":true,"href":"https:\/\/beuhparadis.com\/da\/wp-json\/wp\/v2\/product_brand?post=1439"},{"taxonomy":"product_cat","embeddable":true,"href":"https:\/\/beuhparadis.com\/da\/wp-json\/wp\/v2\/product_cat?post=1439"},{"taxonomy":"product_tag","embeddable":true,"href":"https:\/\/beuhparadis.com\/da\/wp-json\/wp\/v2\/product_tag?post=1439"}],"curies":[{"name":"wp","href":"https:\/\/api.w.org\/{rel}","templated":true}]}}