{"id":1433,"date":"2024-12-10T23:40:47","date_gmt":"2024-12-10T23:40:47","guid":{"rendered":"https:\/\/beuhparadis.com\/?post_type=product&#038;p=1433"},"modified":"2024-12-10T23:41:00","modified_gmt":"2024-12-10T23:41:00","slug":"huile-gaia-wellness-indica-rso-1-ml","status":"publish","type":"product","link":"https:\/\/beuhparadis.com\/da\/product\/huile-gaia-wellness-indica-rso-1-ml\/","title":{"rendered":"Gaia Wellness Indica Oil RSO 1 ml"},"content":{"rendered":"<h1 class=\"wp-block-heading\">K\u00f8b Gaia Wellness Indica Oil RSO<\/h1>\n<p>Oplev Gaia Wellness Indica RSO, et yderst effektivt fuldspektret ekstrakt, ogs\u00e5 kendt som Phoenix Tears. Denne olie er fremstillet af cannabisplanten og indfanger alle de medicinsk gavnlige cannabinoider, hvilket resulterer i en kraftig og effektiv medicin til oral indtagelse.<\/p>\n<h2 class=\"wp-block-heading\">Sammens\u00e6tning af THC-olie<\/h2>\n<ul class=\"wp-block-list\">\n<li><strong>Ingredienser:<\/strong> Fuldspektret ekstrakt rig p\u00e5 medicinsk gavnlige cannabinoider.<\/li>\n<li><strong>Dosering:<\/strong> 1 ml, med gradvis anbefalet brug, begyndende med en dosis p\u00e5 st\u00f8rrelse med et halvt riskorn.<\/li>\n<\/ul>\n<h2 class=\"wp-block-heading\">THC og CBD (inklusive procentsatser)<\/h2>\n<p>Gaia Wellness Indica RSO er kendt for sin h\u00f8je THC-koncentration, der er afg\u00f8rende for dens medicinske effektivitet. De specifikke procentsatser af THC og CBD er tilpasset for at maksimere de terapeutiske fordele.<\/p>\n<h2 class=\"wp-block-heading\">Hvor kan jeg k\u00f8be Gaia Wellness Indica RSO Oil online?<\/h2>\n<p>Gaia Wellness Indica RSO er tilg\u00e6ngelig online p\u00e5 <a href=\"https:\/\/acheterducannabis.fr\/\" data-type=\"link\" data-id=\"https:\/\/acheterducannabis.fr\/\">K\u00f8bducannabis<\/a>og tilbyder garanteret kvalitet og p\u00e5lidelig levering i Europa.<\/p>\n<h2 class=\"wp-block-heading\">Effekter, aroma og smag<\/h2>\n<h3 class=\"wp-block-heading\">Effekt<\/h3>\n<ul class=\"wp-block-list\">\n<li>Giver dyb lindring og afslapning, ideel til stress, angst, muskelspasmer, s\u00f8vnl\u00f8shed, anfald og hovedpine.<\/li>\n<\/ul>\n<h3 class=\"wp-block-heading\">Smag og behag<\/h3>\n<ul class=\"wp-block-list\">\n<li>Aromaen og smagen er pr\u00e6get af dybe, jordagtige noter, som er typiske for Indica-stammer.<\/li>\n<\/ul>\n<h2 class=\"wp-block-heading\">Medicinske virkninger<\/h2>\n<ul class=\"wp-block-list\">\n<li>S\u00e6rligt gavnligt for mennesker, der lider af alvorlige sygdomme, kroniske smerter og forskellige lidelser.<\/li>\n<\/ul>\n<h3 class=\"wp-block-heading\">Kan lindre<\/h3>\n<ul class=\"wp-block-list\">\n<li>Smerter, angst, s\u00f8vnl\u00f8shed, muskelspasmer, anfald, hovedpine.<\/li>\n<\/ul>\n<h2 class=\"wp-block-heading\">At v\u00e6lge den rigtige THC-olie<\/h2>\n<p>RSO Indica Oil anbefales til dem, der s\u00f8ger den dybt beroligende og sl\u00f8vende effekt af Indica-stammer.<\/p>\n<h2 class=\"wp-block-heading\">Anvendelser af Gaia Wellness Indica Oil RSO THC<\/h2>\n<p>Oral indtagelse, fortyndet p\u00e5f\u00f8ring p\u00e5 huden eller inkorporering i spiselige produkter til alsidig administration.<\/p>\n<h2 class=\"wp-block-heading\">Hvordan skal THC-olie opbevares?<\/h2>\n<p>Opbevares et k\u00f8ligt, m\u00f8rkt sted for at bevare styrken og friskheden.<\/p>\n<h2 class=\"wp-block-heading\">Hvorfor k\u00f8be Gaia Wellness Indica RSO fra Acheterducannabis?<\/h2>\n<p>Acheterducannabis er kendt for den h\u00f8je kvalitet af sine produkter og garanterer total kundetilfredshed.<\/p>\n<h2 class=\"wp-block-heading\">Regeringens lov om salg af THC-olie i Europa<\/h2>\n<p>Salg og forbrug af THC-olie, herunder Gaia Wellness Indica RSO, er reguleret i Europa. Det er vigtigt at s\u00e6tte sig ind i den lokale lovgivning, f\u00f8r man k\u00f8ber.<\/p>\n<p>Gaia Wellness Indica RSO Oil er en st\u00e6rk l\u00f8sning for dem, der s\u00f8ger en naturlig og effektiv behandling af en r\u00e6kke medicinske tilstande. Denne RSO-olie f\u00e5s udelukkende hos Acheterducannabis og tilbyder en terapeutisk tilgang til dem, der \u00f8nsker at forbedre deres livskvalitet ved hj\u00e6lp af cannabis' helbredende potentiale.<\/p>","protected":false},"excerpt":{"rendered":"<p><strong>THC:<\/strong> 82%<\/p>\n<p><strong>Medicinske virkninger:<\/strong><br \/> S\u00e6rligt gavnligt for mennesker, der lider af alvorlige sygdomme, kroniske smerter og forskellige lidelser.<\/p>","protected":false},"featured_media":1458,"comment_status":"closed","ping_status":"closed","template":"","meta":{"site-sidebar-layout":"default","site-content-layout":"","ast-site-content-layout":"","site-content-style":"default","site-sidebar-style":"default","ast-global-header-display":"","ast-banner-title-visibility":"","ast-main-header-display":"","ast-hfb-above-header-display":"","ast-hfb-below-header-display":"","ast-hfb-mobile-header-display":"","site-post-title":"","ast-breadcrumbs-content":"","ast-featured-img":"","footer-sml-layout":"","theme-transparent-header-meta":"","adv-header-id-meta":"","stick-header-meta":"","header-above-stick-meta":"","header-main-stick-meta":"","header-below-stick-meta":"","astra-migrate-meta-layouts":"default","ast-page-background-enabled":"default","ast-page-background-meta":{"desktop":{"background-color":"","background-image":"","background-repeat":"repeat","background-position":"center center","background-size":"auto","background-attachment":"scroll","background-type":"","background-media":"","overlay-type":"","overlay-color":"","overlay-opacity":"","overlay-gradient":""},"tablet":{"background-color":"","background-image":"","background-repeat":"repeat","background-position":"center center","background-size":"auto","background-attachment":"scroll","background-type":"","background-media":"","overlay-type":"","overlay-color":"","overlay-opacity":"","overlay-gradient":""},"mobile":{"background-color":"","background-image":"","background-repeat":"repeat","background-position":"center center","background-size":"auto","background-attachment":"scroll","background-type":"","background-media":"","overlay-type":"","overlay-color":"","overlay-opacity":"","overlay-gradient":""}},"ast-content-background-meta":{"desktop":{"background-color":"var(--ast-global-color-5)","background-image":"","background-repeat":"repeat","background-position":"center center","background-size":"auto","background-attachment":"scroll","background-type":"","background-media":"","overlay-type":"","overlay-color":"","overlay-opacity":"","overlay-gradient":""},"tablet":{"background-color":"var(--ast-global-color-5)","background-image":"","background-repeat":"repeat","background-position":"center center","background-size":"auto","background-attachment":"scroll","background-type":"","background-media":"","overlay-type":"","overlay-color":"","overlay-opacity":"","overlay-gradient":""},"mobile":{"background-color":"var(--ast-global-color-5)","background-image":"","background-repeat":"repeat","background-position":"center center","background-size":"auto","background-attachment":"scroll","background-type":"","background-media":"","overlay-type":"","overlay-color":"","overlay-opacity":"","overlay-gradient":""}},"_joinchat":[]},"product_brand":[],"product_cat":[36],"product_tag":[],"class_list":{"0":"post-1433","1":"product","2":"type-product","3":"status-publish","4":"has-post-thumbnail","6":"product_cat-huile-thc","7":"desktop-align-left","8":"tablet-align-left","9":"mobile-align-left","11":"first","12":"instock","13":"shipping-taxable","14":"purchasable","15":"product-type-variable"},"yoast_head":"<!-- This site is optimized with the Yoast SEO Premium plugin v24.1 (Yoast SEO v26.8) - https:\/\/yoast.com\/product\/yoast-seo-premium-wordpress\/ -->\n<title>Huile Gaia Wellness Indica RSO 1 ml - Beuh Paradis<\/title>\n<meta name=\"robots\" content=\"index, follow, max-snippet:-1, max-image-preview:large, max-video-preview:-1\" \/>\n<link rel=\"canonical\" href=\"https:\/\/beuhparadis.com\/da\/product\/huile-gaia-wellness-indica-rso-1-ml\/\" \/>\n<meta property=\"og:locale\" content=\"da_DK\" \/>\n<meta property=\"og:type\" content=\"article\" \/>\n<meta property=\"og:title\" content=\"Huile Gaia Wellness Indica RSO 1 ml\" \/>\n<meta property=\"og:description\" content=\"THC: 82% Effets M\u00e9dicaux: Particuli\u00e8rement b\u00e9n\u00e9fique pour les personnes souffrant de maladies graves, de douleurs chroniques et diverses affections.\" \/>\n<meta property=\"og:url\" content=\"https:\/\/beuhparadis.com\/da\/product\/huile-gaia-wellness-indica-rso-1-ml\/\" \/>\n<meta property=\"og:site_name\" content=\"Beuh Paradis\" \/>\n<meta property=\"article:modified_time\" content=\"2024-12-10T23:41:00+00:00\" \/>\n<meta name=\"twitter:card\" content=\"summary_large_image\" \/>\n<meta name=\"twitter:label1\" content=\"Estimeret l\u00e6setid\" \/>\n\t<meta name=\"twitter:data1\" content=\"2 minutes\" \/>\n<script type=\"application\/ld+json\" class=\"yoast-schema-graph\">{\"@context\":\"https:\/\/schema.org\",\"@graph\":[{\"@type\":\"WebPage\",\"@id\":\"https:\/\/beuhparadis.com\/product\/huile-gaia-wellness-indica-rso-1-ml\/\",\"url\":\"https:\/\/beuhparadis.com\/product\/huile-gaia-wellness-indica-rso-1-ml\/\",\"name\":\"Huile Gaia Wellness Indica RSO 1 ml - Beuh Paradis\",\"isPartOf\":{\"@id\":\"https:\/\/beuhparadis.com\/#website\"},\"primaryImageOfPage\":{\"@id\":\"https:\/\/beuhparadis.com\/product\/huile-gaia-wellness-indica-rso-1-ml\/#primaryimage\"},\"image\":{\"@id\":\"https:\/\/beuhparadis.com\/product\/huile-gaia-wellness-indica-rso-1-ml\/#primaryimage\"},\"thumbnailUrl\":\"https:\/\/beuhparadis.com\/wp-content\/uploads\/2024\/12\/Gaia-Wellness-Indica-RSO-Oil-1ml.webp\",\"datePublished\":\"2024-12-10T23:40:47+00:00\",\"dateModified\":\"2024-12-10T23:41:00+00:00\",\"breadcrumb\":{\"@id\":\"https:\/\/beuhparadis.com\/product\/huile-gaia-wellness-indica-rso-1-ml\/#breadcrumb\"},\"inLanguage\":\"da-DK\",\"potentialAction\":[{\"@type\":\"ReadAction\",\"target\":[\"https:\/\/beuhparadis.com\/product\/huile-gaia-wellness-indica-rso-1-ml\/\"]}]},{\"@type\":\"ImageObject\",\"inLanguage\":\"da-DK\",\"@id\":\"https:\/\/beuhparadis.com\/product\/huile-gaia-wellness-indica-rso-1-ml\/#primaryimage\",\"url\":\"https:\/\/beuhparadis.com\/wp-content\/uploads\/2024\/12\/Gaia-Wellness-Indica-RSO-Oil-1ml.webp\",\"contentUrl\":\"https:\/\/beuhparadis.com\/wp-content\/uploads\/2024\/12\/Gaia-Wellness-Indica-RSO-Oil-1ml.webp\",\"width\":1000,\"height\":1000},{\"@type\":\"BreadcrumbList\",\"@id\":\"https:\/\/beuhparadis.com\/product\/huile-gaia-wellness-indica-rso-1-ml\/#breadcrumb\",\"itemListElement\":[{\"@type\":\"ListItem\",\"position\":1,\"name\":\"Home\",\"item\":\"https:\/\/beuhparadis.com\/\"},{\"@type\":\"ListItem\",\"position\":2,\"name\":\"Shop\",\"item\":\"https:\/\/beuhparadis.com\/shop\/\"},{\"@type\":\"ListItem\",\"position\":3,\"name\":\"Huile Gaia Wellness Indica RSO 1 ml\"}]},{\"@type\":\"WebSite\",\"@id\":\"https:\/\/beuhparadis.com\/#website\",\"url\":\"https:\/\/beuhparadis.com\/\",\"name\":\"Beuh Paradis\",\"description\":\"\",\"potentialAction\":[{\"@type\":\"SearchAction\",\"target\":{\"@type\":\"EntryPoint\",\"urlTemplate\":\"https:\/\/beuhparadis.com\/?s={search_term_string}\"},\"query-input\":{\"@type\":\"PropertyValueSpecification\",\"valueRequired\":true,\"valueName\":\"search_term_string\"}}],\"inLanguage\":\"da-DK\"}]}<\/script>\n<!-- \/ Yoast SEO Premium plugin. -->","yoast_head_json":{"title":"Gaia Wellness Indica Oil RSO 1 ml - Beuh Paradis","robots":{"index":"index","follow":"follow","max-snippet":"max-snippet:-1","max-image-preview":"max-image-preview:large","max-video-preview":"max-video-preview:-1"},"canonical":"https:\/\/beuhparadis.com\/da\/product\/huile-gaia-wellness-indica-rso-1-ml\/","og_locale":"da_DK","og_type":"article","og_title":"Huile Gaia Wellness Indica RSO 1 ml","og_description":"THC: 82% Effets M\u00e9dicaux: Particuli\u00e8rement b\u00e9n\u00e9fique pour les personnes souffrant de maladies graves, de douleurs chroniques et diverses affections.","og_url":"https:\/\/beuhparadis.com\/da\/product\/huile-gaia-wellness-indica-rso-1-ml\/","og_site_name":"Beuh Paradis","article_modified_time":"2024-12-10T23:41:00+00:00","twitter_card":"summary_large_image","twitter_misc":{"Estimeret l\u00e6setid":"2 minutes"},"schema":{"@context":"https:\/\/schema.org","@graph":[{"@type":"WebPage","@id":"https:\/\/beuhparadis.com\/product\/huile-gaia-wellness-indica-rso-1-ml\/","url":"https:\/\/beuhparadis.com\/product\/huile-gaia-wellness-indica-rso-1-ml\/","name":"Gaia Wellness Indica Oil RSO 1 ml - Beuh Paradis","isPartOf":{"@id":"https:\/\/beuhparadis.com\/#website"},"primaryImageOfPage":{"@id":"https:\/\/beuhparadis.com\/product\/huile-gaia-wellness-indica-rso-1-ml\/#primaryimage"},"image":{"@id":"https:\/\/beuhparadis.com\/product\/huile-gaia-wellness-indica-rso-1-ml\/#primaryimage"},"thumbnailUrl":"https:\/\/beuhparadis.com\/wp-content\/uploads\/2024\/12\/Gaia-Wellness-Indica-RSO-Oil-1ml.webp","datePublished":"2024-12-10T23:40:47+00:00","dateModified":"2024-12-10T23:41:00+00:00","breadcrumb":{"@id":"https:\/\/beuhparadis.com\/product\/huile-gaia-wellness-indica-rso-1-ml\/#breadcrumb"},"inLanguage":"da-DK","potentialAction":[{"@type":"ReadAction","target":["https:\/\/beuhparadis.com\/product\/huile-gaia-wellness-indica-rso-1-ml\/"]}]},{"@type":"ImageObject","inLanguage":"da-DK","@id":"https:\/\/beuhparadis.com\/product\/huile-gaia-wellness-indica-rso-1-ml\/#primaryimage","url":"https:\/\/beuhparadis.com\/wp-content\/uploads\/2024\/12\/Gaia-Wellness-Indica-RSO-Oil-1ml.webp","contentUrl":"https:\/\/beuhparadis.com\/wp-content\/uploads\/2024\/12\/Gaia-Wellness-Indica-RSO-Oil-1ml.webp","width":1000,"height":1000},{"@type":"BreadcrumbList","@id":"https:\/\/beuhparadis.com\/product\/huile-gaia-wellness-indica-rso-1-ml\/#breadcrumb","itemListElement":[{"@type":"ListItem","position":1,"name":"Home","item":"https:\/\/beuhparadis.com\/"},{"@type":"ListItem","position":2,"name":"Shop","item":"https:\/\/beuhparadis.com\/shop\/"},{"@type":"ListItem","position":3,"name":"Huile Gaia Wellness Indica RSO 1 ml"}]},{"@type":"WebSite","@id":"https:\/\/beuhparadis.com\/#website","url":"https:\/\/beuhparadis.com\/","name":"Beuh Paradis","description":"","potentialAction":[{"@type":"SearchAction","target":{"@type":"EntryPoint","urlTemplate":"https:\/\/beuhparadis.com\/?s={search_term_string}"},"query-input":{"@type":"PropertyValueSpecification","valueRequired":true,"valueName":"search_term_string"}}],"inLanguage":"da-DK"}]}},"_links":{"self":[{"href":"https:\/\/beuhparadis.com\/da\/wp-json\/wp\/v2\/product\/1433","targetHints":{"allow":["GET"]}}],"collection":[{"href":"https:\/\/beuhparadis.com\/da\/wp-json\/wp\/v2\/product"}],"about":[{"href":"https:\/\/beuhparadis.com\/da\/wp-json\/wp\/v2\/types\/product"}],"replies":[{"embeddable":true,"href":"https:\/\/beuhparadis.com\/da\/wp-json\/wp\/v2\/comments?post=1433"}],"wp:featuredmedia":[{"embeddable":true,"href":"https:\/\/beuhparadis.com\/da\/wp-json\/wp\/v2\/media\/1458"}],"wp:attachment":[{"href":"https:\/\/beuhparadis.com\/da\/wp-json\/wp\/v2\/media?parent=1433"}],"wp:term":[{"taxonomy":"product_brand","embeddable":true,"href":"https:\/\/beuhparadis.com\/da\/wp-json\/wp\/v2\/product_brand?post=1433"},{"taxonomy":"product_cat","embeddable":true,"href":"https:\/\/beuhparadis.com\/da\/wp-json\/wp\/v2\/product_cat?post=1433"},{"taxonomy":"product_tag","embeddable":true,"href":"https:\/\/beuhparadis.com\/da\/wp-json\/wp\/v2\/product_tag?post=1433"}],"curies":[{"name":"wp","href":"https:\/\/api.w.org\/{rel}","templated":true}]}}