{"id":1422,"date":"2024-12-10T23:40:32","date_gmt":"2024-12-10T23:40:32","guid":{"rendered":"https:\/\/beuhparadis.com\/?post_type=product&#038;p=1422"},"modified":"2024-12-10T23:41:00","modified_gmt":"2024-12-10T23:41:00","slug":"seringue-rso-1ml","status":"publish","type":"product","link":"https:\/\/beuhparadis.com\/da\/product\/seringue-rso-1ml\/","title":{"rendered":"1ML RSO-spr\u00f8jte"},"content":{"rendered":"<h1 class=\"wp-block-heading\">K\u00f8b 1ML RSO-spr\u00f8jte<\/h1>\n<p>Oplev RSO 1ML Syringe, en koncentreret cannabisolie kendt som Rick Simpson Oil (RSO), som prim\u00e6rt indtages oralt eller som stikpille. Den kan ogs\u00e5 fortyndes med en b\u00e6reolie til dermal anvendelse eller indarbejdes i spiselige produkter. RSO-spr\u00f8jten indeholder h\u00f8je niveauer af cannabinoider og terpener, hvilket giver den en h\u00f8j medicinsk v\u00e6rdi.<\/p>\n<h2 class=\"wp-block-heading\">Sammens\u00e6tning af THC-olie<\/h2>\n<ul class=\"wp-block-list\">\n<li><strong>Ingredienser:<\/strong> H\u00f8j koncentration af cannabinoider og terpener giver optimal medicinsk v\u00e6rdi.<\/li>\n<li><strong>Dosering:<\/strong> 1ML h\u00f8j koncentration til pr\u00e6cis administration.<\/li>\n<\/ul>\n<h2 class=\"wp-block-heading\">THC og CBD (inklusive procentsatser)<\/h2>\n<ul class=\"wp-block-list\">\n<li>RSO-spr\u00f8jten er kendetegnet ved sin h\u00f8je THC-koncentration. De specifikke procentdele af THC og CBD varierer afh\u00e6ngigt af produktet.<\/li>\n<\/ul>\n<h2 class=\"wp-block-heading\">Hvor kan jeg k\u00f8be RSO-spr\u00f8jter online?<\/h2>\n<p>La <strong>RSO-spr\u00f8jte<\/strong> er tilg\u00e6ngelig online p\u00e5 <strong>K\u00f8bducannabis<\/strong>der tilbyder overlegen kvalitet og p\u00e5lidelig levering.<\/p>\n<h2 class=\"wp-block-heading\">Effekter, aroma og smag<\/h2>\n<h3 class=\"wp-block-heading\">Effekt<\/h3>\n<ul class=\"wp-block-list\">\n<li>Giver kreativ energi, en f\u00f8lelse af eufori og dyb afslapning.<\/li>\n<\/ul>\n<h3 class=\"wp-block-heading\">Aroma<\/h3>\n<ul class=\"wp-block-list\">\n<li>Aromaerne varierer, men omfatter ofte jordagtige og tr\u00e6agtige noter.<\/li>\n<\/ul>\n<h3 class=\"wp-block-heading\">Smag<\/h3>\n<ul class=\"wp-block-list\">\n<li>Rige, komplekse smagsoplevelser, der kan variere afh\u00e6ngigt af terpenprofilen.<\/li>\n<\/ul>\n<h2 class=\"wp-block-heading\">Medicinske virkninger<\/h2>\n<ul class=\"wp-block-list\">\n<li>RSO-spr\u00f8jten er eftertragtet p\u00e5 grund af dens potentiale til at lindre en r\u00e6kke forskellige medicinske tilstande.<\/li>\n<\/ul>\n<h3 class=\"wp-block-heading\">Kan lindre<\/h3>\n<ul class=\"wp-block-list\">\n<li>Smerter, angst, s\u00f8vnl\u00f8shed, visse kr\u00e6ftrelaterede symptomer.<\/li>\n<\/ul>\n<h2 class=\"wp-block-heading\">At v\u00e6lge den rigtige THC-olie<\/h2>\n<ul class=\"wp-block-list\">\n<li>V\u00e6lg RSO-spr\u00f8jten for at f\u00e5 en pr\u00e6cis p\u00e5f\u00f8ring og en h\u00f8j koncentration af cannabinoider.<\/li>\n<\/ul>\n<h2 class=\"wp-block-heading\">Anvendelser af THC-olie<\/h2>\n<ul class=\"wp-block-list\">\n<li>Indtages oralt, i suppositorier, fortyndet til p\u00e5f\u00f8ring p\u00e5 huden eller indarbejdet i spiselige produkter.<\/li>\n<\/ul>\n<h2 class=\"wp-block-heading\">Hvordan skal THC-olie opbevares?<\/h2>\n<p>Opbevares k\u00f8ligt og m\u00f8rkt for at bevare styrken og friskheden.<\/p>\n<h2 class=\"wp-block-heading\">Hvorfor k\u00f8be RSO-spr\u00f8jten fra Acheterducannabis?<\/h2>\n<p><a href=\"https:\/\/acheterducannabis.fr\/\" data-type=\"link\" data-id=\"https:\/\/acheterducannabis.fr\/\">K\u00f8bducannabis<\/a> tilbyder produkter af h\u00f8jeste kvalitet med p\u00e5lidelig, diskret levering og garanterer fuld tilfredshed.<\/p>\n<h2 class=\"wp-block-heading\">Regeringens lov om salg af THC-olie i Europa<\/h2>\n<p>Salg og forbrug af THC-olie, herunder RSO-spr\u00f8jten, er underlagt s\u00e6rlige regler i Europa. Find ud af de lokale love, f\u00f8r du k\u00f8ber.<\/p>\n<p>1ML RSO-spr\u00f8jten er en st\u00e6rk l\u00f8sning for dem, der s\u00f8ger en THC-koncentreret alternativ behandling, der giver b\u00e5de fleksibilitet i brugen og medicinsk effekt. Denne RSO-spr\u00f8jte f\u00e5s hos Acheterducannabis og er det ideelle valg til den ultimative terapeutiske cannabisoplevelse.<\/p>","protected":false},"excerpt":{"rendered":"<p><strong>THC:<\/strong> 70%<br \/> <strong>Medicinske virkninger<\/strong><br \/> RSO-spr\u00f8jten er eftertragtet p\u00e5 grund af dens potentiale til at lindre en r\u00e6kke forskellige medicinske tilstande.<\/p>","protected":false},"featured_media":1427,"comment_status":"closed","ping_status":"closed","template":"","meta":{"site-sidebar-layout":"default","site-content-layout":"","ast-site-content-layout":"","site-content-style":"default","site-sidebar-style":"default","ast-global-header-display":"","ast-banner-title-visibility":"","ast-main-header-display":"","ast-hfb-above-header-display":"","ast-hfb-below-header-display":"","ast-hfb-mobile-header-display":"","site-post-title":"","ast-breadcrumbs-content":"","ast-featured-img":"","footer-sml-layout":"","theme-transparent-header-meta":"","adv-header-id-meta":"","stick-header-meta":"","header-above-stick-meta":"","header-main-stick-meta":"","header-below-stick-meta":"","astra-migrate-meta-layouts":"default","ast-page-background-enabled":"default","ast-page-background-meta":{"desktop":{"background-color":"","background-image":"","background-repeat":"repeat","background-position":"center center","background-size":"auto","background-attachment":"scroll","background-type":"","background-media":"","overlay-type":"","overlay-color":"","overlay-opacity":"","overlay-gradient":""},"tablet":{"background-color":"","background-image":"","background-repeat":"repeat","background-position":"center center","background-size":"auto","background-attachment":"scroll","background-type":"","background-media":"","overlay-type":"","overlay-color":"","overlay-opacity":"","overlay-gradient":""},"mobile":{"background-color":"","background-image":"","background-repeat":"repeat","background-position":"center center","background-size":"auto","background-attachment":"scroll","background-type":"","background-media":"","overlay-type":"","overlay-color":"","overlay-opacity":"","overlay-gradient":""}},"ast-content-background-meta":{"desktop":{"background-color":"var(--ast-global-color-5)","background-image":"","background-repeat":"repeat","background-position":"center center","background-size":"auto","background-attachment":"scroll","background-type":"","background-media":"","overlay-type":"","overlay-color":"","overlay-opacity":"","overlay-gradient":""},"tablet":{"background-color":"var(--ast-global-color-5)","background-image":"","background-repeat":"repeat","background-position":"center center","background-size":"auto","background-attachment":"scroll","background-type":"","background-media":"","overlay-type":"","overlay-color":"","overlay-opacity":"","overlay-gradient":""},"mobile":{"background-color":"var(--ast-global-color-5)","background-image":"","background-repeat":"repeat","background-position":"center center","background-size":"auto","background-attachment":"scroll","background-type":"","background-media":"","overlay-type":"","overlay-color":"","overlay-opacity":"","overlay-gradient":""}},"_joinchat":[]},"product_brand":[],"product_cat":[36],"product_tag":[],"class_list":{"0":"post-1422","1":"product","2":"type-product","3":"status-publish","4":"has-post-thumbnail","6":"product_cat-huile-thc","7":"desktop-align-left","8":"tablet-align-left","9":"mobile-align-left","11":"first","12":"instock","13":"shipping-taxable","14":"purchasable","15":"product-type-variable"},"yoast_head":"<!-- This site is optimized with the Yoast SEO Premium plugin v24.1 (Yoast SEO v26.8) - https:\/\/yoast.com\/product\/yoast-seo-premium-wordpress\/ -->\n<title>Seringue RSO 1ML - Beuh Paradis<\/title>\n<meta name=\"robots\" content=\"index, follow, max-snippet:-1, max-image-preview:large, max-video-preview:-1\" \/>\n<link rel=\"canonical\" href=\"https:\/\/beuhparadis.com\/da\/product\/seringue-rso-1ml\/\" \/>\n<meta property=\"og:locale\" content=\"da_DK\" \/>\n<meta property=\"og:type\" content=\"article\" \/>\n<meta property=\"og:title\" content=\"Seringue RSO 1ML\" \/>\n<meta property=\"og:description\" content=\"THC: 70% Effets M\u00e9dicaux La seringue RSO est recherch\u00e9e pour son potentiel \u00e0 soulager diverses conditions m\u00e9dicales.\" \/>\n<meta property=\"og:url\" content=\"https:\/\/beuhparadis.com\/da\/product\/seringue-rso-1ml\/\" \/>\n<meta property=\"og:site_name\" content=\"Beuh Paradis\" \/>\n<meta property=\"article:modified_time\" content=\"2024-12-10T23:41:00+00:00\" \/>\n<meta name=\"twitter:card\" content=\"summary_large_image\" \/>\n<meta name=\"twitter:label1\" content=\"Estimeret l\u00e6setid\" \/>\n\t<meta name=\"twitter:data1\" content=\"2 minutes\" \/>\n<script type=\"application\/ld+json\" class=\"yoast-schema-graph\">{\"@context\":\"https:\/\/schema.org\",\"@graph\":[{\"@type\":\"WebPage\",\"@id\":\"https:\/\/beuhparadis.com\/product\/seringue-rso-1ml\/\",\"url\":\"https:\/\/beuhparadis.com\/product\/seringue-rso-1ml\/\",\"name\":\"Seringue RSO 1ML - Beuh Paradis\",\"isPartOf\":{\"@id\":\"https:\/\/beuhparadis.com\/#website\"},\"primaryImageOfPage\":{\"@id\":\"https:\/\/beuhparadis.com\/product\/seringue-rso-1ml\/#primaryimage\"},\"image\":{\"@id\":\"https:\/\/beuhparadis.com\/product\/seringue-rso-1ml\/#primaryimage\"},\"thumbnailUrl\":\"https:\/\/beuhparadis.com\/wp-content\/uploads\/2024\/12\/RSO-Syringe-Online-1ML.webp\",\"datePublished\":\"2024-12-10T23:40:32+00:00\",\"dateModified\":\"2024-12-10T23:41:00+00:00\",\"breadcrumb\":{\"@id\":\"https:\/\/beuhparadis.com\/product\/seringue-rso-1ml\/#breadcrumb\"},\"inLanguage\":\"da-DK\",\"potentialAction\":[{\"@type\":\"ReadAction\",\"target\":[\"https:\/\/beuhparadis.com\/product\/seringue-rso-1ml\/\"]}]},{\"@type\":\"ImageObject\",\"inLanguage\":\"da-DK\",\"@id\":\"https:\/\/beuhparadis.com\/product\/seringue-rso-1ml\/#primaryimage\",\"url\":\"https:\/\/beuhparadis.com\/wp-content\/uploads\/2024\/12\/RSO-Syringe-Online-1ML.webp\",\"contentUrl\":\"https:\/\/beuhparadis.com\/wp-content\/uploads\/2024\/12\/RSO-Syringe-Online-1ML.webp\",\"width\":1000,\"height\":907},{\"@type\":\"BreadcrumbList\",\"@id\":\"https:\/\/beuhparadis.com\/product\/seringue-rso-1ml\/#breadcrumb\",\"itemListElement\":[{\"@type\":\"ListItem\",\"position\":1,\"name\":\"Home\",\"item\":\"https:\/\/beuhparadis.com\/\"},{\"@type\":\"ListItem\",\"position\":2,\"name\":\"Shop\",\"item\":\"https:\/\/beuhparadis.com\/shop\/\"},{\"@type\":\"ListItem\",\"position\":3,\"name\":\"Seringue RSO 1ML\"}]},{\"@type\":\"WebSite\",\"@id\":\"https:\/\/beuhparadis.com\/#website\",\"url\":\"https:\/\/beuhparadis.com\/\",\"name\":\"Beuh Paradis\",\"description\":\"\",\"potentialAction\":[{\"@type\":\"SearchAction\",\"target\":{\"@type\":\"EntryPoint\",\"urlTemplate\":\"https:\/\/beuhparadis.com\/?s={search_term_string}\"},\"query-input\":{\"@type\":\"PropertyValueSpecification\",\"valueRequired\":true,\"valueName\":\"search_term_string\"}}],\"inLanguage\":\"da-DK\"}]}<\/script>\n<!-- \/ Yoast SEO Premium plugin. -->","yoast_head_json":{"title":"1ML RSO-spr\u00f8jte - Beuh Paradis","robots":{"index":"index","follow":"follow","max-snippet":"max-snippet:-1","max-image-preview":"max-image-preview:large","max-video-preview":"max-video-preview:-1"},"canonical":"https:\/\/beuhparadis.com\/da\/product\/seringue-rso-1ml\/","og_locale":"da_DK","og_type":"article","og_title":"Seringue RSO 1ML","og_description":"THC: 70% Effets M\u00e9dicaux La seringue RSO est recherch\u00e9e pour son potentiel \u00e0 soulager diverses conditions m\u00e9dicales.","og_url":"https:\/\/beuhparadis.com\/da\/product\/seringue-rso-1ml\/","og_site_name":"Beuh Paradis","article_modified_time":"2024-12-10T23:41:00+00:00","twitter_card":"summary_large_image","twitter_misc":{"Estimeret l\u00e6setid":"2 minutes"},"schema":{"@context":"https:\/\/schema.org","@graph":[{"@type":"WebPage","@id":"https:\/\/beuhparadis.com\/product\/seringue-rso-1ml\/","url":"https:\/\/beuhparadis.com\/product\/seringue-rso-1ml\/","name":"1ML RSO-spr\u00f8jte - Beuh Paradis","isPartOf":{"@id":"https:\/\/beuhparadis.com\/#website"},"primaryImageOfPage":{"@id":"https:\/\/beuhparadis.com\/product\/seringue-rso-1ml\/#primaryimage"},"image":{"@id":"https:\/\/beuhparadis.com\/product\/seringue-rso-1ml\/#primaryimage"},"thumbnailUrl":"https:\/\/beuhparadis.com\/wp-content\/uploads\/2024\/12\/RSO-Syringe-Online-1ML.webp","datePublished":"2024-12-10T23:40:32+00:00","dateModified":"2024-12-10T23:41:00+00:00","breadcrumb":{"@id":"https:\/\/beuhparadis.com\/product\/seringue-rso-1ml\/#breadcrumb"},"inLanguage":"da-DK","potentialAction":[{"@type":"ReadAction","target":["https:\/\/beuhparadis.com\/product\/seringue-rso-1ml\/"]}]},{"@type":"ImageObject","inLanguage":"da-DK","@id":"https:\/\/beuhparadis.com\/product\/seringue-rso-1ml\/#primaryimage","url":"https:\/\/beuhparadis.com\/wp-content\/uploads\/2024\/12\/RSO-Syringe-Online-1ML.webp","contentUrl":"https:\/\/beuhparadis.com\/wp-content\/uploads\/2024\/12\/RSO-Syringe-Online-1ML.webp","width":1000,"height":907},{"@type":"BreadcrumbList","@id":"https:\/\/beuhparadis.com\/product\/seringue-rso-1ml\/#breadcrumb","itemListElement":[{"@type":"ListItem","position":1,"name":"Home","item":"https:\/\/beuhparadis.com\/"},{"@type":"ListItem","position":2,"name":"Shop","item":"https:\/\/beuhparadis.com\/shop\/"},{"@type":"ListItem","position":3,"name":"Seringue RSO 1ML"}]},{"@type":"WebSite","@id":"https:\/\/beuhparadis.com\/#website","url":"https:\/\/beuhparadis.com\/","name":"Beuh Paradis","description":"","potentialAction":[{"@type":"SearchAction","target":{"@type":"EntryPoint","urlTemplate":"https:\/\/beuhparadis.com\/?s={search_term_string}"},"query-input":{"@type":"PropertyValueSpecification","valueRequired":true,"valueName":"search_term_string"}}],"inLanguage":"da-DK"}]}},"_links":{"self":[{"href":"https:\/\/beuhparadis.com\/da\/wp-json\/wp\/v2\/product\/1422","targetHints":{"allow":["GET"]}}],"collection":[{"href":"https:\/\/beuhparadis.com\/da\/wp-json\/wp\/v2\/product"}],"about":[{"href":"https:\/\/beuhparadis.com\/da\/wp-json\/wp\/v2\/types\/product"}],"replies":[{"embeddable":true,"href":"https:\/\/beuhparadis.com\/da\/wp-json\/wp\/v2\/comments?post=1422"}],"wp:featuredmedia":[{"embeddable":true,"href":"https:\/\/beuhparadis.com\/da\/wp-json\/wp\/v2\/media\/1427"}],"wp:attachment":[{"href":"https:\/\/beuhparadis.com\/da\/wp-json\/wp\/v2\/media?parent=1422"}],"wp:term":[{"taxonomy":"product_brand","embeddable":true,"href":"https:\/\/beuhparadis.com\/da\/wp-json\/wp\/v2\/product_brand?post=1422"},{"taxonomy":"product_cat","embeddable":true,"href":"https:\/\/beuhparadis.com\/da\/wp-json\/wp\/v2\/product_cat?post=1422"},{"taxonomy":"product_tag","embeddable":true,"href":"https:\/\/beuhparadis.com\/da\/wp-json\/wp\/v2\/product_tag?post=1422"}],"curies":[{"name":"wp","href":"https:\/\/api.w.org\/{rel}","templated":true}]}}