{"id":1410,"date":"2024-12-10T23:40:32","date_gmt":"2024-12-10T23:40:32","guid":{"rendered":"https:\/\/beuhparadis.com\/?post_type=product&#038;p=1410"},"modified":"2024-12-10T23:40:45","modified_gmt":"2024-12-10T23:40:45","slug":"huile-de-miel-lemon-haze-de-dabbers-delight","status":"publish","type":"product","link":"https:\/\/beuhparadis.com\/da\/product\/huile-de-miel-lemon-haze-de-dabbers-delight\/","title":{"rendered":"Lemon Haze Honey Oil fra Dabber's Delight"},"content":{"rendered":"<h1 class=\"wp-block-heading\">K\u00f8b Dabber's Delight Lemon Haze Honey Oil<\/h1>\n<p>Dabber's Delight Lemon Haze Honey Oil, en Sativa-dominerende hybrid cannabisekstrakt, kommer fra en omhyggelig blanding af Lemon Skunk- og Super Silver Haze-stammer. Med et Sativa\/Indica-forhold p\u00e5 80:20 lover denne olie en euforisk og glad oplevelse uden at v\u00e6re for intens. Den er perfekt til dabbing og vaping og leveres i en h\u00f8jtemperaturbestandig glasspr\u00f8jte.<\/p>\n<h2 class=\"wp-block-heading\">Sammens\u00e6tning af THC-olie<\/h2>\n<ul class=\"wp-block-list\">\n<li><strong>Stamme<\/strong>Lemon Skunk og Super Silver Haze<\/li>\n<li><strong>Sativa\/Indica-forhold<\/strong>: 80:20<\/li>\n<li><strong>Anvendelse<\/strong>Ideel til dabbing og vaping<\/li>\n<\/ul>\n<h2 class=\"wp-block-heading\">THC og CBD<\/h2>\n<ul class=\"wp-block-list\">\n<li>H\u00f8j THC-koncentration for cerebrale og stimulerende effekter, med pr\u00e6cise procenter af CBD ikke specificeret.<\/li>\n<\/ul>\n<h2 class=\"wp-block-heading\">Hvor kan jeg k\u00f8be Lemon Haze Honey Oil online?<\/h2>\n<p>Denne ekstraordin\u00e6re cannabisolie er tilg\u00e6ngelig online fra specialiserede platforme som Acheterducannabis, der tilbyder garanteret kvalitet til brugere i Europa.<\/p>\n<h2 class=\"wp-block-heading\">Effekter, aromaer og smag<\/h2>\n<h3 class=\"wp-block-heading\">Effekt<\/h3>\n<ul class=\"wp-block-list\">\n<li>Cerebral, stimulerende effekt, ideel til kreativitet, energi, eufori og intens lykke.<\/li>\n<\/ul>\n<h3 class=\"wp-block-heading\">Smag og behag<\/h3>\n<ul class=\"wp-block-list\">\n<li>Aroma- og smagsprofil af citron og citrus, som er karakteristisk for Lemon Haze-sorten, og som giver en forfriskende oplevelse.<\/li>\n<\/ul>\n<h2 class=\"wp-block-heading\">Medicinske virkninger<\/h2>\n<h3 class=\"wp-block-heading\">Medicinske virkninger<\/h3>\n<ul class=\"wp-block-list\">\n<li>Effektiv mod depression, tr\u00e6thed, angst, kvalme og kroniske smerter.<\/li>\n<\/ul>\n<h3 class=\"wp-block-heading\">Kan lindre<\/h3>\n<ul class=\"wp-block-list\">\n<li>En bred vifte af symptomer og tilstande takket v\u00e6re de stimulerende og euforiserende egenskaber.<\/li>\n<\/ul>\n<h2 class=\"wp-block-heading\">At v\u00e6lge den rigtige THC-olie<\/h2>\n<p>Lemon Haze Honey Oil er et fremragende valg for dem, der er p\u00e5 udkig efter en dominerende Sativa-oplevelse med en behagelig smagsprofil og betydelige medicinske virkninger.<\/p>\n<h2 class=\"wp-block-heading\">Anvendelser af Lemon Haze Honey Oil<\/h2>\n<p>Denne olie anbefales is\u00e6r til brug i l\u00f8bet af dagen, da den fremmer kreativitet, energi og generelt velbefindende.<\/p>\n<h2 class=\"wp-block-heading\">Hvordan skal THC-olie opbevares?<\/h2>\n<p>Opbevar olien p\u00e5 et k\u00f8ligt, m\u00f8rkt sted for at f\u00e5 den bedst mulige holdbarhed, og varm spr\u00f8jten lidt op f\u00f8r brug for at g\u00f8re doseringen lettere.<\/p>\n<h2 class=\"wp-block-heading\">Hvorfor k\u00f8be Lemon Haze Honey Oil fra Acheterducannabis?<\/h2>\n<p>Acheterducannabis tilbyder denne olie i topkvalitet, der garanterer en optimal brugeroplevelse for dem, der \u00f8nsker at nyde de unikke fordele ved Lemon Haze-stammen.<\/p>\n<h2 class=\"wp-block-heading\">Statslig lovgivning om salg af THC-olie i Europa<\/h2>\n<p>Salget af<a href=\"https:\/\/acheterducannabis.fr\/huile-thc\/\" data-type=\"link\" data-id=\"https:\/\/acheterducannabis.fr\/huile-thc\/\">THC-olie<\/a>herunder Lemon Haze Honey Oil, er reguleret i Europa. Det er vigtigt at tjekke den lokale lovgivning, f\u00f8r du k\u00f8ber, s\u00e5 du f\u00e5r en helt lovlig oplevelse.<\/p>\n<p>Dabber's Delight Lemon Haze Honey Oil tilbyder en rig og stimulerende Sativa-oplevelse, pr\u00e6get af en forfriskende citronaromaprofil. Denne olie, der f\u00e5s hos Acheterducannabis, lover ikke kun lindring af symptomer p\u00e5 forskellige medicinske tilstande, men ogs\u00e5 en stigning i kreativitet og energi, ideelt til daglig brug.<\/p>","protected":false},"excerpt":{"rendered":"<p><strong>THC:<\/strong> 19%<\/p>\n<p><strong>Medicinske virkninger:<\/strong><br \/> Effektiv mod depression, tr\u00e6thed, angst, kvalme og kroniske smerter.<\/p>","protected":false},"featured_media":1425,"comment_status":"closed","ping_status":"closed","template":"","meta":{"site-sidebar-layout":"default","site-content-layout":"","ast-site-content-layout":"","site-content-style":"default","site-sidebar-style":"default","ast-global-header-display":"","ast-banner-title-visibility":"","ast-main-header-display":"","ast-hfb-above-header-display":"","ast-hfb-below-header-display":"","ast-hfb-mobile-header-display":"","site-post-title":"","ast-breadcrumbs-content":"","ast-featured-img":"","footer-sml-layout":"","theme-transparent-header-meta":"","adv-header-id-meta":"","stick-header-meta":"","header-above-stick-meta":"","header-main-stick-meta":"","header-below-stick-meta":"","astra-migrate-meta-layouts":"default","ast-page-background-enabled":"default","ast-page-background-meta":{"desktop":{"background-color":"","background-image":"","background-repeat":"repeat","background-position":"center center","background-size":"auto","background-attachment":"scroll","background-type":"","background-media":"","overlay-type":"","overlay-color":"","overlay-opacity":"","overlay-gradient":""},"tablet":{"background-color":"","background-image":"","background-repeat":"repeat","background-position":"center center","background-size":"auto","background-attachment":"scroll","background-type":"","background-media":"","overlay-type":"","overlay-color":"","overlay-opacity":"","overlay-gradient":""},"mobile":{"background-color":"","background-image":"","background-repeat":"repeat","background-position":"center center","background-size":"auto","background-attachment":"scroll","background-type":"","background-media":"","overlay-type":"","overlay-color":"","overlay-opacity":"","overlay-gradient":""}},"ast-content-background-meta":{"desktop":{"background-color":"var(--ast-global-color-5)","background-image":"","background-repeat":"repeat","background-position":"center center","background-size":"auto","background-attachment":"scroll","background-type":"","background-media":"","overlay-type":"","overlay-color":"","overlay-opacity":"","overlay-gradient":""},"tablet":{"background-color":"var(--ast-global-color-5)","background-image":"","background-repeat":"repeat","background-position":"center center","background-size":"auto","background-attachment":"scroll","background-type":"","background-media":"","overlay-type":"","overlay-color":"","overlay-opacity":"","overlay-gradient":""},"mobile":{"background-color":"var(--ast-global-color-5)","background-image":"","background-repeat":"repeat","background-position":"center center","background-size":"auto","background-attachment":"scroll","background-type":"","background-media":"","overlay-type":"","overlay-color":"","overlay-opacity":"","overlay-gradient":""}},"_joinchat":[]},"product_brand":[],"product_cat":[36],"product_tag":[],"class_list":{"0":"post-1410","1":"product","2":"type-product","3":"status-publish","4":"has-post-thumbnail","6":"product_cat-huile-thc","7":"desktop-align-left","8":"tablet-align-left","9":"mobile-align-left","11":"first","12":"instock","13":"shipping-taxable","14":"purchasable","15":"product-type-variable"},"yoast_head":"<!-- This site is optimized with the Yoast SEO Premium plugin v24.1 (Yoast SEO v26.8) - https:\/\/yoast.com\/product\/yoast-seo-premium-wordpress\/ -->\n<title>Huile de miel Lemon Haze de Dabber\u2019s Delight - Beuh Paradis<\/title>\n<meta name=\"robots\" content=\"index, follow, max-snippet:-1, max-image-preview:large, max-video-preview:-1\" \/>\n<link rel=\"canonical\" href=\"https:\/\/beuhparadis.com\/da\/product\/huile-de-miel-lemon-haze-de-dabbers-delight\/\" \/>\n<meta property=\"og:locale\" content=\"da_DK\" \/>\n<meta property=\"og:type\" content=\"article\" \/>\n<meta property=\"og:title\" content=\"Huile de miel Lemon Haze de Dabber\u2019s Delight\" \/>\n<meta property=\"og:description\" content=\"THC: 19% Effets M\u00e9dicaux: Efficace contre la d\u00e9pression, la fatigue, l&rsquo;anxi\u00e9t\u00e9, les naus\u00e9es et les douleurs chroniques.\" \/>\n<meta property=\"og:url\" content=\"https:\/\/beuhparadis.com\/da\/product\/huile-de-miel-lemon-haze-de-dabbers-delight\/\" \/>\n<meta property=\"og:site_name\" content=\"Beuh Paradis\" \/>\n<meta property=\"article:modified_time\" content=\"2024-12-10T23:40:45+00:00\" \/>\n<meta name=\"twitter:card\" content=\"summary_large_image\" \/>\n<meta name=\"twitter:label1\" content=\"Estimeret l\u00e6setid\" \/>\n\t<meta name=\"twitter:data1\" content=\"3 minutes\" \/>\n<script type=\"application\/ld+json\" class=\"yoast-schema-graph\">{\"@context\":\"https:\/\/schema.org\",\"@graph\":[{\"@type\":\"WebPage\",\"@id\":\"https:\/\/beuhparadis.com\/product\/huile-de-miel-lemon-haze-de-dabbers-delight\/\",\"url\":\"https:\/\/beuhparadis.com\/product\/huile-de-miel-lemon-haze-de-dabbers-delight\/\",\"name\":\"Huile de miel Lemon Haze de Dabber\u2019s Delight - Beuh Paradis\",\"isPartOf\":{\"@id\":\"https:\/\/beuhparadis.com\/#website\"},\"primaryImageOfPage\":{\"@id\":\"https:\/\/beuhparadis.com\/product\/huile-de-miel-lemon-haze-de-dabbers-delight\/#primaryimage\"},\"image\":{\"@id\":\"https:\/\/beuhparadis.com\/product\/huile-de-miel-lemon-haze-de-dabbers-delight\/#primaryimage\"},\"thumbnailUrl\":\"https:\/\/beuhparadis.com\/wp-content\/uploads\/2024\/12\/Dabbers-Delight-Lemon-Haze-Honey-Oil.webp\",\"datePublished\":\"2024-12-10T23:40:32+00:00\",\"dateModified\":\"2024-12-10T23:40:45+00:00\",\"breadcrumb\":{\"@id\":\"https:\/\/beuhparadis.com\/product\/huile-de-miel-lemon-haze-de-dabbers-delight\/#breadcrumb\"},\"inLanguage\":\"da-DK\",\"potentialAction\":[{\"@type\":\"ReadAction\",\"target\":[\"https:\/\/beuhparadis.com\/product\/huile-de-miel-lemon-haze-de-dabbers-delight\/\"]}]},{\"@type\":\"ImageObject\",\"inLanguage\":\"da-DK\",\"@id\":\"https:\/\/beuhparadis.com\/product\/huile-de-miel-lemon-haze-de-dabbers-delight\/#primaryimage\",\"url\":\"https:\/\/beuhparadis.com\/wp-content\/uploads\/2024\/12\/Dabbers-Delight-Lemon-Haze-Honey-Oil.webp\",\"contentUrl\":\"https:\/\/beuhparadis.com\/wp-content\/uploads\/2024\/12\/Dabbers-Delight-Lemon-Haze-Honey-Oil.webp\",\"width\":1000,\"height\":1000},{\"@type\":\"BreadcrumbList\",\"@id\":\"https:\/\/beuhparadis.com\/product\/huile-de-miel-lemon-haze-de-dabbers-delight\/#breadcrumb\",\"itemListElement\":[{\"@type\":\"ListItem\",\"position\":1,\"name\":\"Home\",\"item\":\"https:\/\/beuhparadis.com\/\"},{\"@type\":\"ListItem\",\"position\":2,\"name\":\"Shop\",\"item\":\"https:\/\/beuhparadis.com\/shop\/\"},{\"@type\":\"ListItem\",\"position\":3,\"name\":\"Huile de miel Lemon Haze de Dabber\u2019s Delight\"}]},{\"@type\":\"WebSite\",\"@id\":\"https:\/\/beuhparadis.com\/#website\",\"url\":\"https:\/\/beuhparadis.com\/\",\"name\":\"Beuh Paradis\",\"description\":\"\",\"potentialAction\":[{\"@type\":\"SearchAction\",\"target\":{\"@type\":\"EntryPoint\",\"urlTemplate\":\"https:\/\/beuhparadis.com\/?s={search_term_string}\"},\"query-input\":{\"@type\":\"PropertyValueSpecification\",\"valueRequired\":true,\"valueName\":\"search_term_string\"}}],\"inLanguage\":\"da-DK\"}]}<\/script>\n<!-- \/ Yoast SEO Premium plugin. -->","yoast_head_json":{"title":"Lemon Haze-honningolie fra Dabber's Delight - Beuh Paradis","robots":{"index":"index","follow":"follow","max-snippet":"max-snippet:-1","max-image-preview":"max-image-preview:large","max-video-preview":"max-video-preview:-1"},"canonical":"https:\/\/beuhparadis.com\/da\/product\/huile-de-miel-lemon-haze-de-dabbers-delight\/","og_locale":"da_DK","og_type":"article","og_title":"Huile de miel Lemon Haze de Dabber\u2019s Delight","og_description":"THC: 19% Effets M\u00e9dicaux: Efficace contre la d\u00e9pression, la fatigue, l&rsquo;anxi\u00e9t\u00e9, les naus\u00e9es et les douleurs chroniques.","og_url":"https:\/\/beuhparadis.com\/da\/product\/huile-de-miel-lemon-haze-de-dabbers-delight\/","og_site_name":"Beuh Paradis","article_modified_time":"2024-12-10T23:40:45+00:00","twitter_card":"summary_large_image","twitter_misc":{"Estimeret l\u00e6setid":"3 minutes"},"schema":{"@context":"https:\/\/schema.org","@graph":[{"@type":"WebPage","@id":"https:\/\/beuhparadis.com\/product\/huile-de-miel-lemon-haze-de-dabbers-delight\/","url":"https:\/\/beuhparadis.com\/product\/huile-de-miel-lemon-haze-de-dabbers-delight\/","name":"Lemon Haze-honningolie fra Dabber's Delight - Beuh Paradis","isPartOf":{"@id":"https:\/\/beuhparadis.com\/#website"},"primaryImageOfPage":{"@id":"https:\/\/beuhparadis.com\/product\/huile-de-miel-lemon-haze-de-dabbers-delight\/#primaryimage"},"image":{"@id":"https:\/\/beuhparadis.com\/product\/huile-de-miel-lemon-haze-de-dabbers-delight\/#primaryimage"},"thumbnailUrl":"https:\/\/beuhparadis.com\/wp-content\/uploads\/2024\/12\/Dabbers-Delight-Lemon-Haze-Honey-Oil.webp","datePublished":"2024-12-10T23:40:32+00:00","dateModified":"2024-12-10T23:40:45+00:00","breadcrumb":{"@id":"https:\/\/beuhparadis.com\/product\/huile-de-miel-lemon-haze-de-dabbers-delight\/#breadcrumb"},"inLanguage":"da-DK","potentialAction":[{"@type":"ReadAction","target":["https:\/\/beuhparadis.com\/product\/huile-de-miel-lemon-haze-de-dabbers-delight\/"]}]},{"@type":"ImageObject","inLanguage":"da-DK","@id":"https:\/\/beuhparadis.com\/product\/huile-de-miel-lemon-haze-de-dabbers-delight\/#primaryimage","url":"https:\/\/beuhparadis.com\/wp-content\/uploads\/2024\/12\/Dabbers-Delight-Lemon-Haze-Honey-Oil.webp","contentUrl":"https:\/\/beuhparadis.com\/wp-content\/uploads\/2024\/12\/Dabbers-Delight-Lemon-Haze-Honey-Oil.webp","width":1000,"height":1000},{"@type":"BreadcrumbList","@id":"https:\/\/beuhparadis.com\/product\/huile-de-miel-lemon-haze-de-dabbers-delight\/#breadcrumb","itemListElement":[{"@type":"ListItem","position":1,"name":"Home","item":"https:\/\/beuhparadis.com\/"},{"@type":"ListItem","position":2,"name":"Shop","item":"https:\/\/beuhparadis.com\/shop\/"},{"@type":"ListItem","position":3,"name":"Huile de miel Lemon Haze de Dabber\u2019s Delight"}]},{"@type":"WebSite","@id":"https:\/\/beuhparadis.com\/#website","url":"https:\/\/beuhparadis.com\/","name":"Beuh Paradis","description":"","potentialAction":[{"@type":"SearchAction","target":{"@type":"EntryPoint","urlTemplate":"https:\/\/beuhparadis.com\/?s={search_term_string}"},"query-input":{"@type":"PropertyValueSpecification","valueRequired":true,"valueName":"search_term_string"}}],"inLanguage":"da-DK"}]}},"_links":{"self":[{"href":"https:\/\/beuhparadis.com\/da\/wp-json\/wp\/v2\/product\/1410","targetHints":{"allow":["GET"]}}],"collection":[{"href":"https:\/\/beuhparadis.com\/da\/wp-json\/wp\/v2\/product"}],"about":[{"href":"https:\/\/beuhparadis.com\/da\/wp-json\/wp\/v2\/types\/product"}],"replies":[{"embeddable":true,"href":"https:\/\/beuhparadis.com\/da\/wp-json\/wp\/v2\/comments?post=1410"}],"wp:featuredmedia":[{"embeddable":true,"href":"https:\/\/beuhparadis.com\/da\/wp-json\/wp\/v2\/media\/1425"}],"wp:attachment":[{"href":"https:\/\/beuhparadis.com\/da\/wp-json\/wp\/v2\/media?parent=1410"}],"wp:term":[{"taxonomy":"product_brand","embeddable":true,"href":"https:\/\/beuhparadis.com\/da\/wp-json\/wp\/v2\/product_brand?post=1410"},{"taxonomy":"product_cat","embeddable":true,"href":"https:\/\/beuhparadis.com\/da\/wp-json\/wp\/v2\/product_cat?post=1410"},{"taxonomy":"product_tag","embeddable":true,"href":"https:\/\/beuhparadis.com\/da\/wp-json\/wp\/v2\/product_tag?post=1410"}],"curies":[{"name":"wp","href":"https:\/\/api.w.org\/{rel}","templated":true}]}}