{"id":1404,"date":"2024-12-10T23:40:31","date_gmt":"2024-12-10T23:40:31","guid":{"rendered":"https:\/\/beuhparadis.com\/?post_type=product&#038;p=1404"},"modified":"2024-12-10T23:40:45","modified_gmt":"2024-12-10T23:40:45","slug":"huile-de-cannabis-au-miel-pink-kush-de-dabbers-delight","status":"publish","type":"product","link":"https:\/\/beuhparadis.com\/da\/product\/huile-de-cannabis-au-miel-pink-kush-de-dabbers-delight\/","title":{"rendered":"Pink Kush honning-cannabisolie fra Dabber's Delight"},"content":{"rendered":"<h1 class=\"wp-block-heading\">K\u00f8b Pink Kush Honey Oil<\/h1>\n<p>Dabber's Delight Pink Kush Honey Oil er et enest\u00e5ende hybrid cannabisekstrakt, der er kendt for sin unikke terpenprofil og afbalancerede virkninger p\u00e5 krop og sind. Med et h\u00f8jt THC-indhold giver denne olie en afslappende oplevelse, der er ideel til anden halvdel af dagen for at reducere stress. Den er perfekt til dabbing og vaping og leveres i en glasspr\u00f8jte, der kan modst\u00e5 den h\u00f8je varme fra dab-rig-negle.<\/p>\n<h2 class=\"wp-block-heading\">Sammens\u00e6tning af THC-olie<\/h2>\n<ul class=\"wp-block-list\">\n<li><strong>Udvinding<\/strong>Pink Kush-hybridstamme<\/li>\n<li><strong>Brug<\/strong>Ideel til dabbing og vaping<\/li>\n<\/ul>\n<h2 class=\"wp-block-heading\">THC og CBD<\/h2>\n<p>Olien har en h\u00f8j THC-koncentration med blandede cerebrale og kropslige virkninger, mens den pr\u00e6cise procentdel af CBD ikke er angivet.<\/p>\n<h2 class=\"wp-block-heading\">Hvor kan man k\u00f8be Pink Kush Honey Oil online?<\/h2>\n<p>Denne f\u00f8rsteklasses cannabisolie er tilg\u00e6ngelig online fra specialiserede websteder som Acheterducannabis, der tilbyder garanteret kvalitet til brugere i Europa.<\/p>\n<h2 class=\"wp-block-heading\">Effekter, aromaer og smag<\/h2>\n<h3 class=\"wp-block-heading\">Effekt<\/h3>\n<ul class=\"wp-block-list\">\n<li>Perfekt hybrideffekt, der giver brugerne mulighed for at v\u00e6lge mellem afslapning og energi, som de \u00f8nsker.<\/li>\n<\/ul>\n<h3 class=\"wp-block-heading\">Smag og behag<\/h3>\n<ul class=\"wp-block-list\">\n<li>En unik terpenprofil, der giver en enest\u00e5ende smagsoplevelse med de s\u00f8de, blomsteragtige noter, der er karakteristiske for Pink Kush-sorten.<\/li>\n<\/ul>\n<h2 class=\"wp-block-heading\">Medicinske virkninger<\/h2>\n<h3 class=\"wp-block-heading\">Medicinske virkninger<\/h3>\n<ul class=\"wp-block-list\">\n<li>Afslappende egenskaber, der hj\u00e6lper med at lindre stress og fremme s\u00f8vn.<\/li>\n<\/ul>\n<h3 class=\"wp-block-heading\">Kan lindre<\/h3>\n<ul class=\"wp-block-list\">\n<li>Stress, angst, s\u00f8vnl\u00f8shed og giver dyb afslapning for krop og sind.<\/li>\n<\/ul>\n<h2 class=\"wp-block-heading\">At v\u00e6lge den rigtige THC-olie<\/h2>\n<p>Pink Kush Honey Oil er et fremragende valg for dem, der leder efter en hybrideffekt med et h\u00f8jt THC-indhold og en rig terpenprofil.<\/p>\n<h2 class=\"wp-block-heading\">Anvendelser af Pink Kush Honey Oil<\/h2>\n<p>Olien anbefales is\u00e6r til brug om aftenen, hvor den giver afslapning eller energi alt efter brugerens behov.<\/p>\n<h2 class=\"wp-block-heading\">Hvordan skal THC-olie opbevares?<\/h2>\n<p>For at bevare oliens kvalitet skal du opbevare den k\u00f8ligt og m\u00f8rkt og varme spr\u00f8jten lidt op f\u00f8r brug for at g\u00f8re doseringen lettere.<\/p>\n<h2 class=\"wp-block-heading\">Hvorfor k\u00f8be Pink Kush Honey Oil fra Acheterducannabis?<\/h2>\n<p>Acheterducannabis tilbyder denne olie i topkvalitet, der garanterer en optimal brugeroplevelse for dem, der \u00f8nsker at nyde de unikke fordele ved Pink Kush-stammen.<\/p>\n<h2 class=\"wp-block-heading\">Statslig lovgivning om salg af THC-olie i Europa<\/h2>\n<p>Salget af<a href=\"https:\/\/acheterducannabis.fr\/huile-thc\/\" data-type=\"link\" data-id=\"https:\/\/acheterducannabis.fr\/huile-thc\/\">THC-olie<\/a>herunder Pink Kush Honey Oil, er reguleret i Europa. Det er vigtigt at tjekke den lokale lovgivning, f\u00f8r du k\u00f8ber, s\u00e5 du f\u00e5r en helt lovlig oplevelse.<\/p>\n<p>Dabber's Delight Pink Kush Honey Oil tilbyder en unik hybrid cannabis-oplevelse, der rammer den perfekte balance mellem afslapning og stimulering. Denne olie f\u00e5s hos Acheterducannabis og lover et skr\u00e6ddersyet eventyr for dem, der er p\u00e5 jagt efter lindring eller en kreativ impuls.<\/p>","protected":false},"excerpt":{"rendered":"<p><strong>THC:<\/strong> 20%<\/p>\n<p><strong>Medicinske virkninger:<\/strong><br \/> Afslappende egenskaber, der hj\u00e6lper med at lindre stress og fremme s\u00f8vn.<\/p>","protected":false},"featured_media":1424,"comment_status":"closed","ping_status":"closed","template":"","meta":{"site-sidebar-layout":"default","site-content-layout":"","ast-site-content-layout":"","site-content-style":"default","site-sidebar-style":"default","ast-global-header-display":"","ast-banner-title-visibility":"","ast-main-header-display":"","ast-hfb-above-header-display":"","ast-hfb-below-header-display":"","ast-hfb-mobile-header-display":"","site-post-title":"","ast-breadcrumbs-content":"","ast-featured-img":"","footer-sml-layout":"","theme-transparent-header-meta":"","adv-header-id-meta":"","stick-header-meta":"","header-above-stick-meta":"","header-main-stick-meta":"","header-below-stick-meta":"","astra-migrate-meta-layouts":"default","ast-page-background-enabled":"default","ast-page-background-meta":{"desktop":{"background-color":"","background-image":"","background-repeat":"repeat","background-position":"center center","background-size":"auto","background-attachment":"scroll","background-type":"","background-media":"","overlay-type":"","overlay-color":"","overlay-opacity":"","overlay-gradient":""},"tablet":{"background-color":"","background-image":"","background-repeat":"repeat","background-position":"center center","background-size":"auto","background-attachment":"scroll","background-type":"","background-media":"","overlay-type":"","overlay-color":"","overlay-opacity":"","overlay-gradient":""},"mobile":{"background-color":"","background-image":"","background-repeat":"repeat","background-position":"center center","background-size":"auto","background-attachment":"scroll","background-type":"","background-media":"","overlay-type":"","overlay-color":"","overlay-opacity":"","overlay-gradient":""}},"ast-content-background-meta":{"desktop":{"background-color":"var(--ast-global-color-5)","background-image":"","background-repeat":"repeat","background-position":"center center","background-size":"auto","background-attachment":"scroll","background-type":"","background-media":"","overlay-type":"","overlay-color":"","overlay-opacity":"","overlay-gradient":""},"tablet":{"background-color":"var(--ast-global-color-5)","background-image":"","background-repeat":"repeat","background-position":"center center","background-size":"auto","background-attachment":"scroll","background-type":"","background-media":"","overlay-type":"","overlay-color":"","overlay-opacity":"","overlay-gradient":""},"mobile":{"background-color":"var(--ast-global-color-5)","background-image":"","background-repeat":"repeat","background-position":"center center","background-size":"auto","background-attachment":"scroll","background-type":"","background-media":"","overlay-type":"","overlay-color":"","overlay-opacity":"","overlay-gradient":""}},"_joinchat":[]},"product_brand":[],"product_cat":[36],"product_tag":[],"class_list":{"0":"post-1404","1":"product","2":"type-product","3":"status-publish","4":"has-post-thumbnail","6":"product_cat-huile-thc","7":"desktop-align-left","8":"tablet-align-left","9":"mobile-align-left","11":"first","12":"instock","13":"shipping-taxable","14":"purchasable","15":"product-type-variable"},"yoast_head":"<!-- This site is optimized with the Yoast SEO Premium plugin v24.1 (Yoast SEO v26.8) - https:\/\/yoast.com\/product\/yoast-seo-premium-wordpress\/ -->\n<title>Huile de cannabis au miel Pink Kush de Dabber\u2019s Delight - Beuh Paradis<\/title>\n<meta name=\"robots\" content=\"index, follow, max-snippet:-1, max-image-preview:large, max-video-preview:-1\" \/>\n<link rel=\"canonical\" href=\"https:\/\/beuhparadis.com\/da\/product\/huile-de-cannabis-au-miel-pink-kush-de-dabbers-delight\/\" \/>\n<meta property=\"og:locale\" content=\"da_DK\" \/>\n<meta property=\"og:type\" content=\"article\" \/>\n<meta property=\"og:title\" content=\"Huile de cannabis au miel Pink Kush de Dabber\u2019s Delight\" \/>\n<meta property=\"og:description\" content=\"THC: 20% Effets M\u00e9dicaux: Propri\u00e9t\u00e9s relaxantes aidant \u00e0 soulager le stress et \u00e0 favoriser le sommeil.\" \/>\n<meta property=\"og:url\" content=\"https:\/\/beuhparadis.com\/da\/product\/huile-de-cannabis-au-miel-pink-kush-de-dabbers-delight\/\" \/>\n<meta property=\"og:site_name\" content=\"Beuh Paradis\" \/>\n<meta property=\"article:modified_time\" content=\"2024-12-10T23:40:45+00:00\" \/>\n<meta name=\"twitter:card\" content=\"summary_large_image\" \/>\n<meta name=\"twitter:label1\" content=\"Estimeret l\u00e6setid\" \/>\n\t<meta name=\"twitter:data1\" content=\"3 minutes\" \/>\n<script type=\"application\/ld+json\" class=\"yoast-schema-graph\">{\"@context\":\"https:\/\/schema.org\",\"@graph\":[{\"@type\":\"WebPage\",\"@id\":\"https:\/\/beuhparadis.com\/product\/huile-de-cannabis-au-miel-pink-kush-de-dabbers-delight\/\",\"url\":\"https:\/\/beuhparadis.com\/product\/huile-de-cannabis-au-miel-pink-kush-de-dabbers-delight\/\",\"name\":\"Huile de cannabis au miel Pink Kush de Dabber\u2019s Delight - Beuh Paradis\",\"isPartOf\":{\"@id\":\"https:\/\/beuhparadis.com\/#website\"},\"primaryImageOfPage\":{\"@id\":\"https:\/\/beuhparadis.com\/product\/huile-de-cannabis-au-miel-pink-kush-de-dabbers-delight\/#primaryimage\"},\"image\":{\"@id\":\"https:\/\/beuhparadis.com\/product\/huile-de-cannabis-au-miel-pink-kush-de-dabbers-delight\/#primaryimage\"},\"thumbnailUrl\":\"https:\/\/beuhparadis.com\/wp-content\/uploads\/2024\/12\/Dabbers-Delight-Pink-Kush-Honey-Cannabis-Oil.webp\",\"datePublished\":\"2024-12-10T23:40:31+00:00\",\"dateModified\":\"2024-12-10T23:40:45+00:00\",\"breadcrumb\":{\"@id\":\"https:\/\/beuhparadis.com\/product\/huile-de-cannabis-au-miel-pink-kush-de-dabbers-delight\/#breadcrumb\"},\"inLanguage\":\"da-DK\",\"potentialAction\":[{\"@type\":\"ReadAction\",\"target\":[\"https:\/\/beuhparadis.com\/product\/huile-de-cannabis-au-miel-pink-kush-de-dabbers-delight\/\"]}]},{\"@type\":\"ImageObject\",\"inLanguage\":\"da-DK\",\"@id\":\"https:\/\/beuhparadis.com\/product\/huile-de-cannabis-au-miel-pink-kush-de-dabbers-delight\/#primaryimage\",\"url\":\"https:\/\/beuhparadis.com\/wp-content\/uploads\/2024\/12\/Dabbers-Delight-Pink-Kush-Honey-Cannabis-Oil.webp\",\"contentUrl\":\"https:\/\/beuhparadis.com\/wp-content\/uploads\/2024\/12\/Dabbers-Delight-Pink-Kush-Honey-Cannabis-Oil.webp\",\"width\":1000,\"height\":1000},{\"@type\":\"BreadcrumbList\",\"@id\":\"https:\/\/beuhparadis.com\/product\/huile-de-cannabis-au-miel-pink-kush-de-dabbers-delight\/#breadcrumb\",\"itemListElement\":[{\"@type\":\"ListItem\",\"position\":1,\"name\":\"Home\",\"item\":\"https:\/\/beuhparadis.com\/\"},{\"@type\":\"ListItem\",\"position\":2,\"name\":\"Shop\",\"item\":\"https:\/\/beuhparadis.com\/shop\/\"},{\"@type\":\"ListItem\",\"position\":3,\"name\":\"Huile de cannabis au miel Pink Kush de Dabber\u2019s Delight\"}]},{\"@type\":\"WebSite\",\"@id\":\"https:\/\/beuhparadis.com\/#website\",\"url\":\"https:\/\/beuhparadis.com\/\",\"name\":\"Beuh Paradis\",\"description\":\"\",\"potentialAction\":[{\"@type\":\"SearchAction\",\"target\":{\"@type\":\"EntryPoint\",\"urlTemplate\":\"https:\/\/beuhparadis.com\/?s={search_term_string}\"},\"query-input\":{\"@type\":\"PropertyValueSpecification\",\"valueRequired\":true,\"valueName\":\"search_term_string\"}}],\"inLanguage\":\"da-DK\"}]}<\/script>\n<!-- \/ Yoast SEO Premium plugin. -->","yoast_head_json":{"title":"Pink Kush honning cannabisolie fra Dabber's Delight - Beuh Paradis","robots":{"index":"index","follow":"follow","max-snippet":"max-snippet:-1","max-image-preview":"max-image-preview:large","max-video-preview":"max-video-preview:-1"},"canonical":"https:\/\/beuhparadis.com\/da\/product\/huile-de-cannabis-au-miel-pink-kush-de-dabbers-delight\/","og_locale":"da_DK","og_type":"article","og_title":"Huile de cannabis au miel Pink Kush de Dabber\u2019s Delight","og_description":"THC: 20% Effets M\u00e9dicaux: Propri\u00e9t\u00e9s relaxantes aidant \u00e0 soulager le stress et \u00e0 favoriser le sommeil.","og_url":"https:\/\/beuhparadis.com\/da\/product\/huile-de-cannabis-au-miel-pink-kush-de-dabbers-delight\/","og_site_name":"Beuh Paradis","article_modified_time":"2024-12-10T23:40:45+00:00","twitter_card":"summary_large_image","twitter_misc":{"Estimeret l\u00e6setid":"3 minutes"},"schema":{"@context":"https:\/\/schema.org","@graph":[{"@type":"WebPage","@id":"https:\/\/beuhparadis.com\/product\/huile-de-cannabis-au-miel-pink-kush-de-dabbers-delight\/","url":"https:\/\/beuhparadis.com\/product\/huile-de-cannabis-au-miel-pink-kush-de-dabbers-delight\/","name":"Pink Kush honning cannabisolie fra Dabber's Delight - Beuh Paradis","isPartOf":{"@id":"https:\/\/beuhparadis.com\/#website"},"primaryImageOfPage":{"@id":"https:\/\/beuhparadis.com\/product\/huile-de-cannabis-au-miel-pink-kush-de-dabbers-delight\/#primaryimage"},"image":{"@id":"https:\/\/beuhparadis.com\/product\/huile-de-cannabis-au-miel-pink-kush-de-dabbers-delight\/#primaryimage"},"thumbnailUrl":"https:\/\/beuhparadis.com\/wp-content\/uploads\/2024\/12\/Dabbers-Delight-Pink-Kush-Honey-Cannabis-Oil.webp","datePublished":"2024-12-10T23:40:31+00:00","dateModified":"2024-12-10T23:40:45+00:00","breadcrumb":{"@id":"https:\/\/beuhparadis.com\/product\/huile-de-cannabis-au-miel-pink-kush-de-dabbers-delight\/#breadcrumb"},"inLanguage":"da-DK","potentialAction":[{"@type":"ReadAction","target":["https:\/\/beuhparadis.com\/product\/huile-de-cannabis-au-miel-pink-kush-de-dabbers-delight\/"]}]},{"@type":"ImageObject","inLanguage":"da-DK","@id":"https:\/\/beuhparadis.com\/product\/huile-de-cannabis-au-miel-pink-kush-de-dabbers-delight\/#primaryimage","url":"https:\/\/beuhparadis.com\/wp-content\/uploads\/2024\/12\/Dabbers-Delight-Pink-Kush-Honey-Cannabis-Oil.webp","contentUrl":"https:\/\/beuhparadis.com\/wp-content\/uploads\/2024\/12\/Dabbers-Delight-Pink-Kush-Honey-Cannabis-Oil.webp","width":1000,"height":1000},{"@type":"BreadcrumbList","@id":"https:\/\/beuhparadis.com\/product\/huile-de-cannabis-au-miel-pink-kush-de-dabbers-delight\/#breadcrumb","itemListElement":[{"@type":"ListItem","position":1,"name":"Home","item":"https:\/\/beuhparadis.com\/"},{"@type":"ListItem","position":2,"name":"Shop","item":"https:\/\/beuhparadis.com\/shop\/"},{"@type":"ListItem","position":3,"name":"Huile de cannabis au miel Pink Kush de Dabber\u2019s Delight"}]},{"@type":"WebSite","@id":"https:\/\/beuhparadis.com\/#website","url":"https:\/\/beuhparadis.com\/","name":"Beuh Paradis","description":"","potentialAction":[{"@type":"SearchAction","target":{"@type":"EntryPoint","urlTemplate":"https:\/\/beuhparadis.com\/?s={search_term_string}"},"query-input":{"@type":"PropertyValueSpecification","valueRequired":true,"valueName":"search_term_string"}}],"inLanguage":"da-DK"}]}},"_links":{"self":[{"href":"https:\/\/beuhparadis.com\/da\/wp-json\/wp\/v2\/product\/1404","targetHints":{"allow":["GET"]}}],"collection":[{"href":"https:\/\/beuhparadis.com\/da\/wp-json\/wp\/v2\/product"}],"about":[{"href":"https:\/\/beuhparadis.com\/da\/wp-json\/wp\/v2\/types\/product"}],"replies":[{"embeddable":true,"href":"https:\/\/beuhparadis.com\/da\/wp-json\/wp\/v2\/comments?post=1404"}],"wp:featuredmedia":[{"embeddable":true,"href":"https:\/\/beuhparadis.com\/da\/wp-json\/wp\/v2\/media\/1424"}],"wp:attachment":[{"href":"https:\/\/beuhparadis.com\/da\/wp-json\/wp\/v2\/media?parent=1404"}],"wp:term":[{"taxonomy":"product_brand","embeddable":true,"href":"https:\/\/beuhparadis.com\/da\/wp-json\/wp\/v2\/product_brand?post=1404"},{"taxonomy":"product_cat","embeddable":true,"href":"https:\/\/beuhparadis.com\/da\/wp-json\/wp\/v2\/product_cat?post=1404"},{"taxonomy":"product_tag","embeddable":true,"href":"https:\/\/beuhparadis.com\/da\/wp-json\/wp\/v2\/product_tag?post=1404"}],"curies":[{"name":"wp","href":"https:\/\/api.w.org\/{rel}","templated":true}]}}