{"id":1368,"date":"2024-12-10T23:40:08","date_gmt":"2024-12-10T23:40:08","guid":{"rendered":"https:\/\/beuhparadis.com\/?post_type=product&#038;p=1368"},"modified":"2024-12-10T23:40:29","modified_gmt":"2024-12-10T23:40:29","slug":"huile-de-cannabis-rick-simpson","status":"publish","type":"product","link":"https:\/\/beuhparadis.com\/da\/product\/huile-de-cannabis-rick-simpson\/","title":{"rendered":"Rick Simpson Cannabis-olie"},"content":{"rendered":"<h1 class=\"wp-block-heading\">K\u00f8b Rick Simpson Oil (RSO)<\/h1>\n<p>Rick Simpson Oil er et koncentreret cannabisekstrakt, der er kendt for sine mange medicinske egenskaber. Olien er kendt for sit h\u00f8je indhold af THC og CBD, og den er ogs\u00e5 kendt under akronymet RSO (Rick Simpson Oil) og n\u00e6vnes ofte for sine gavnlige virkninger i behandlingen af forskellige medicinske tilstande. Her er en komplet guide til Rick Simpson Oil, fra dens sammens\u00e6tning og anvendelse til k\u00f8bs- og opbevaringstips.<\/p>\n<h2 class=\"wp-block-heading\">Sammens\u00e6tning af THC-olie<\/h2>\n<ul class=\"wp-block-list\">\n<li><strong>Sammens\u00e6tning<\/strong>Rick Simpsons franske olie er udvundet af cannabisknopper og \u00e6teriske olier og er kendt for sin h\u00f8je kvalitet.<\/li>\n<li><strong>Almindeligt navn<\/strong>Rick Simpson RSO er kendt som \"Pheonix Tears\" eller \"hasholie\" og udm\u00e6rker sig ved sin kraft.<\/li>\n<li><strong>Dosering<\/strong>N\u00f8jagtigt kontrolleret for at sikre en medicinsk konsistens med Rick Simpson-olie.<\/li>\n<\/ul>\n<h2 class=\"wp-block-heading\">THC og CBD<\/h2>\n<p>Rick Simpson-olie indeholder en h\u00f8j koncentration af 80 % THC og en procentdel af 15% CBD, hvilket bidrager til dens terapeutiske potentiale.<\/p>\n<h2 class=\"wp-block-heading\">Hvor kan jeg k\u00f8be Rick Simpson Oil online?<\/h2>\n<p>I Europa kan du k\u00f8be Rick Simpson-olie online p\u00e5 specialiserede platforme som Acheterducannabis, hvilket garanterer et produkt af h\u00f8jeste kvalitet.<\/p>\n<h2 class=\"wp-block-heading\">Effekter, aromaer og smag<\/h2>\n<h3 class=\"wp-block-heading\">Effekt<\/h3>\n<ul class=\"wp-block-list\">\n<li>Rick Simpson-olie tilbyder en naturlig og sikker behandling af n\u00e6sten alle medicinske lidelser uden negative bivirkninger.<\/li>\n<\/ul>\n<h3 class=\"wp-block-heading\">Smag og behag<\/h3>\n<ul class=\"wp-block-list\">\n<li>Rick Simpson French Oil er et medicinsk koncentrat fremstillet af cannabis og har ingen s\u00e6rlige aroma- eller smagsspecifikationer.<\/li>\n<\/ul>\n<h2 class=\"wp-block-heading\">Medicinske virkninger<\/h2>\n<h3 class=\"wp-block-heading\">Medicinske virkninger<\/h3>\n<ul class=\"wp-block-list\">\n<li>Rick Simpson RSO-olie er en potentiel behandling af kr\u00e6ft, diabetes, kroniske smerter, hiv\/aids og mange andre tilstande.<\/li>\n<\/ul>\n<h3 class=\"wp-block-heading\">Kan lindre<\/h3>\n<ul class=\"wp-block-list\">\n<li>En lang r\u00e6kke tilstande, herunder neurologiske lidelser, hjerte-kar-sygdomme og hormonelle ubalancer med Rick Simpson-olie.<\/li>\n<\/ul>\n<h2 class=\"wp-block-heading\">At v\u00e6lge den rigtige THC-olie<\/h2>\n<ul class=\"wp-block-list\">\n<li>Det er vigtigt at v\u00e6lge en THC-olie af h\u00f8j kvalitet, som f.eks. rick simpson oil, der er blevet uafh\u00e6ngigt testet for at garantere styrke og renhed.<\/li>\n<\/ul>\n<h2 class=\"wp-block-heading\">Anvendelser af Rick Simpson Oil<\/h2>\n<p>Rick Simpson-olie bruges som alternativ behandling af mange medicinske tilstande og giver mulighed for helbredelse uden de bivirkninger, der er forbundet med konventionelle behandlinger.<\/p>\n<h2 class=\"wp-block-heading\">Hvordan opbevarer man THC-olie?<\/h2>\n<p>For optimal opbevaring b\u00f8r Rick Simpson-olie opbevares et k\u00f8ligt, m\u00f8rkt sted, helst i en luftt\u00e6t beholder for at bevare dens styrke.<\/p>\n<h2 class=\"wp-block-heading\">Hvorfor k\u00f8be Rick Simpsons olie hos Acheterducannabis?<\/h2>\n<p><a href=\"https:\/\/acheterducannabis.fr\/\" data-type=\"link\" data-id=\"https:\/\/acheterducannabis.fr\/\">K\u00f8bducannabis<\/a> skiller sig ud ved sit engagement i at levere Rick Simpson-olie af h\u00f8jeste kvalitet til en overkommelig pris med enest\u00e5ende kundeservice til dem, der \u00f8nsker at k\u00f8be Rick Simpson-olie.<\/p>\n<h2 class=\"wp-block-heading\">Statslig lovgivning om salg af THC-olie i Europa<\/h2>\n<p>Regler for salg af<a href=\"https:\/\/acheterducannabis.fr\/huile-thc\/\" data-type=\"link\" data-id=\"https:\/\/acheterducannabis.fr\/huile-thc\/\">THC-olie<\/a>Rick Simpson-olie varierer i Europa. Det er vigtigt at s\u00e6tte sig ind i den lokale lovgivning, f\u00f8r man k\u00f8ber Rick Simpson-olie, for at sikre en sikker og lovlig oplevelse.<\/p>\n<p>Olie fra <a href=\"https:\/\/www.kalapa-clinic.com\/fr\/rick-simpson-oil-contre-cancer\/#:~:text=Rick%20Simpson%20Oil%20(RSO)%20est,une%20concentration%20%C3%A9lev%C3%A9e%20de%20THC.\" data-type=\"link\" data-id=\"https:\/\/www.kalapa-clinic.com\/fr\/rick-simpson-oil-contre-cancer\/#:~:text=Rick%20Simpson%20Oil%20(RSO)%20est,une%20concentration%20%C3%A9lev%C3%A9e%20de%20THC.\">Rick Simpson<\/a> repr\u00e6senterer et betydeligt fremskridt inden for alternativ medicin og tilbyder et enormt terapeutisk potentiale for en r\u00e6kke forskellige medicinske tilstande. Denne olie, der f\u00e5s hos Acheterducannabis, lover en naturlig og effektiv l\u00f8sning for dem, der s\u00f8ger en alternativ behandling af deres lidelser.<\/p>\n<p><img decoding=\"async\" class=\"wp-image-10267\" style=\"width: 1000px\" src=\"https:\/\/acheterducannabis.fr\/wp-content\/uploads\/2024\/03\/RSO-Dosage-chart.webp\" alt=\"\"><\/p>","protected":false},"excerpt":{"rendered":"<p><strong>THC:<\/strong> 80%<br \/> <strong>CBD:<\/strong> 15%<\/p>\n<p><strong>Medicinske virkninger: <\/strong>Rick Simpson RSO-olie er en potentiel behandling af kr\u00e6ft, diabetes, kroniske smerter, hiv\/aids og mange andre tilstande.<\/p>","protected":false},"featured_media":1398,"comment_status":"closed","ping_status":"closed","template":"","meta":{"site-sidebar-layout":"default","site-content-layout":"","ast-site-content-layout":"","site-content-style":"default","site-sidebar-style":"default","ast-global-header-display":"","ast-banner-title-visibility":"","ast-main-header-display":"","ast-hfb-above-header-display":"","ast-hfb-below-header-display":"","ast-hfb-mobile-header-display":"","site-post-title":"","ast-breadcrumbs-content":"","ast-featured-img":"","footer-sml-layout":"","theme-transparent-header-meta":"","adv-header-id-meta":"","stick-header-meta":"","header-above-stick-meta":"","header-main-stick-meta":"","header-below-stick-meta":"","astra-migrate-meta-layouts":"default","ast-page-background-enabled":"default","ast-page-background-meta":{"desktop":{"background-color":"","background-image":"","background-repeat":"repeat","background-position":"center center","background-size":"auto","background-attachment":"scroll","background-type":"","background-media":"","overlay-type":"","overlay-color":"","overlay-opacity":"","overlay-gradient":""},"tablet":{"background-color":"","background-image":"","background-repeat":"repeat","background-position":"center center","background-size":"auto","background-attachment":"scroll","background-type":"","background-media":"","overlay-type":"","overlay-color":"","overlay-opacity":"","overlay-gradient":""},"mobile":{"background-color":"","background-image":"","background-repeat":"repeat","background-position":"center center","background-size":"auto","background-attachment":"scroll","background-type":"","background-media":"","overlay-type":"","overlay-color":"","overlay-opacity":"","overlay-gradient":""}},"ast-content-background-meta":{"desktop":{"background-color":"var(--ast-global-color-5)","background-image":"","background-repeat":"repeat","background-position":"center center","background-size":"auto","background-attachment":"scroll","background-type":"","background-media":"","overlay-type":"","overlay-color":"","overlay-opacity":"","overlay-gradient":""},"tablet":{"background-color":"var(--ast-global-color-5)","background-image":"","background-repeat":"repeat","background-position":"center center","background-size":"auto","background-attachment":"scroll","background-type":"","background-media":"","overlay-type":"","overlay-color":"","overlay-opacity":"","overlay-gradient":""},"mobile":{"background-color":"var(--ast-global-color-5)","background-image":"","background-repeat":"repeat","background-position":"center center","background-size":"auto","background-attachment":"scroll","background-type":"","background-media":"","overlay-type":"","overlay-color":"","overlay-opacity":"","overlay-gradient":""}},"_joinchat":[]},"product_brand":[],"product_cat":[36],"product_tag":[],"class_list":{"0":"post-1368","1":"product","2":"type-product","3":"status-publish","4":"has-post-thumbnail","6":"product_cat-huile-thc","7":"desktop-align-left","8":"tablet-align-left","9":"mobile-align-left","11":"first","12":"instock","13":"shipping-taxable","14":"purchasable","15":"product-type-variable"},"yoast_head":"<!-- This site is optimized with the Yoast SEO Premium plugin v24.1 (Yoast SEO v26.8) - https:\/\/yoast.com\/product\/yoast-seo-premium-wordpress\/ -->\n<title>Huile de cannabis Rick Simpson - Beuh Paradis<\/title>\n<meta name=\"robots\" content=\"index, follow, max-snippet:-1, max-image-preview:large, max-video-preview:-1\" \/>\n<link rel=\"canonical\" href=\"https:\/\/beuhparadis.com\/da\/product\/huile-de-cannabis-rick-simpson\/\" \/>\n<meta property=\"og:locale\" content=\"da_DK\" \/>\n<meta property=\"og:type\" content=\"article\" \/>\n<meta property=\"og:title\" content=\"Huile de cannabis Rick Simpson\" \/>\n<meta property=\"og:description\" content=\"THC: 80% CBD: 15% Effets M\u00e9dicaux: L&rsquo;huile Rick Simpson RSO est un traitement potentiel pour le cancer, le diab\u00e8te, la douleur chronique, le VIH\/SIDA, et bien d&rsquo;autres conditions.\" \/>\n<meta property=\"og:url\" content=\"https:\/\/beuhparadis.com\/da\/product\/huile-de-cannabis-rick-simpson\/\" \/>\n<meta property=\"og:site_name\" content=\"Beuh Paradis\" \/>\n<meta property=\"article:modified_time\" content=\"2024-12-10T23:40:29+00:00\" \/>\n<meta property=\"og:image\" content=\"https:\/\/acheterducannabis.fr\/wp-content\/uploads\/2024\/03\/RSO-Dosage-chart.webp\" \/>\n<meta name=\"twitter:card\" content=\"summary_large_image\" \/>\n<meta name=\"twitter:label1\" content=\"Estimeret l\u00e6setid\" \/>\n\t<meta name=\"twitter:data1\" content=\"3 minutes\" \/>\n<script type=\"application\/ld+json\" class=\"yoast-schema-graph\">{\"@context\":\"https:\/\/schema.org\",\"@graph\":[{\"@type\":\"WebPage\",\"@id\":\"https:\/\/beuhparadis.com\/product\/huile-de-cannabis-rick-simpson\/\",\"url\":\"https:\/\/beuhparadis.com\/product\/huile-de-cannabis-rick-simpson\/\",\"name\":\"Huile de cannabis Rick Simpson - Beuh Paradis\",\"isPartOf\":{\"@id\":\"https:\/\/beuhparadis.com\/#website\"},\"primaryImageOfPage\":{\"@id\":\"https:\/\/beuhparadis.com\/product\/huile-de-cannabis-rick-simpson\/#primaryimage\"},\"image\":{\"@id\":\"https:\/\/beuhparadis.com\/product\/huile-de-cannabis-rick-simpson\/#primaryimage\"},\"thumbnailUrl\":\"https:\/\/beuhparadis.com\/wp-content\/uploads\/2024\/12\/Rick-Simpson-Cannabis-Oil.webp\",\"datePublished\":\"2024-12-10T23:40:08+00:00\",\"dateModified\":\"2024-12-10T23:40:29+00:00\",\"breadcrumb\":{\"@id\":\"https:\/\/beuhparadis.com\/product\/huile-de-cannabis-rick-simpson\/#breadcrumb\"},\"inLanguage\":\"da-DK\",\"potentialAction\":[{\"@type\":\"ReadAction\",\"target\":[\"https:\/\/beuhparadis.com\/product\/huile-de-cannabis-rick-simpson\/\"]}]},{\"@type\":\"ImageObject\",\"inLanguage\":\"da-DK\",\"@id\":\"https:\/\/beuhparadis.com\/product\/huile-de-cannabis-rick-simpson\/#primaryimage\",\"url\":\"https:\/\/beuhparadis.com\/wp-content\/uploads\/2024\/12\/Rick-Simpson-Cannabis-Oil.webp\",\"contentUrl\":\"https:\/\/beuhparadis.com\/wp-content\/uploads\/2024\/12\/Rick-Simpson-Cannabis-Oil.webp\",\"width\":1000,\"height\":1000},{\"@type\":\"BreadcrumbList\",\"@id\":\"https:\/\/beuhparadis.com\/product\/huile-de-cannabis-rick-simpson\/#breadcrumb\",\"itemListElement\":[{\"@type\":\"ListItem\",\"position\":1,\"name\":\"Home\",\"item\":\"https:\/\/beuhparadis.com\/\"},{\"@type\":\"ListItem\",\"position\":2,\"name\":\"Shop\",\"item\":\"https:\/\/beuhparadis.com\/shop\/\"},{\"@type\":\"ListItem\",\"position\":3,\"name\":\"Huile de cannabis Rick Simpson\"}]},{\"@type\":\"WebSite\",\"@id\":\"https:\/\/beuhparadis.com\/#website\",\"url\":\"https:\/\/beuhparadis.com\/\",\"name\":\"Beuh Paradis\",\"description\":\"\",\"potentialAction\":[{\"@type\":\"SearchAction\",\"target\":{\"@type\":\"EntryPoint\",\"urlTemplate\":\"https:\/\/beuhparadis.com\/?s={search_term_string}\"},\"query-input\":{\"@type\":\"PropertyValueSpecification\",\"valueRequired\":true,\"valueName\":\"search_term_string\"}}],\"inLanguage\":\"da-DK\"}]}<\/script>\n<!-- \/ Yoast SEO Premium plugin. -->","yoast_head_json":{"title":"Rick Simpson Cannabisolie - Beuh Paradis","robots":{"index":"index","follow":"follow","max-snippet":"max-snippet:-1","max-image-preview":"max-image-preview:large","max-video-preview":"max-video-preview:-1"},"canonical":"https:\/\/beuhparadis.com\/da\/product\/huile-de-cannabis-rick-simpson\/","og_locale":"da_DK","og_type":"article","og_title":"Huile de cannabis Rick Simpson","og_description":"THC: 80% CBD: 15% Effets M\u00e9dicaux: L&rsquo;huile Rick Simpson RSO est un traitement potentiel pour le cancer, le diab\u00e8te, la douleur chronique, le VIH\/SIDA, et bien d&rsquo;autres conditions.","og_url":"https:\/\/beuhparadis.com\/da\/product\/huile-de-cannabis-rick-simpson\/","og_site_name":"Beuh Paradis","article_modified_time":"2024-12-10T23:40:29+00:00","og_image":[{"url":"https:\/\/acheterducannabis.fr\/wp-content\/uploads\/2024\/03\/RSO-Dosage-chart.webp","type":"","width":"","height":""}],"twitter_card":"summary_large_image","twitter_misc":{"Estimeret l\u00e6setid":"3 minutes"},"schema":{"@context":"https:\/\/schema.org","@graph":[{"@type":"WebPage","@id":"https:\/\/beuhparadis.com\/product\/huile-de-cannabis-rick-simpson\/","url":"https:\/\/beuhparadis.com\/product\/huile-de-cannabis-rick-simpson\/","name":"Rick Simpson Cannabisolie - Beuh Paradis","isPartOf":{"@id":"https:\/\/beuhparadis.com\/#website"},"primaryImageOfPage":{"@id":"https:\/\/beuhparadis.com\/product\/huile-de-cannabis-rick-simpson\/#primaryimage"},"image":{"@id":"https:\/\/beuhparadis.com\/product\/huile-de-cannabis-rick-simpson\/#primaryimage"},"thumbnailUrl":"https:\/\/beuhparadis.com\/wp-content\/uploads\/2024\/12\/Rick-Simpson-Cannabis-Oil.webp","datePublished":"2024-12-10T23:40:08+00:00","dateModified":"2024-12-10T23:40:29+00:00","breadcrumb":{"@id":"https:\/\/beuhparadis.com\/product\/huile-de-cannabis-rick-simpson\/#breadcrumb"},"inLanguage":"da-DK","potentialAction":[{"@type":"ReadAction","target":["https:\/\/beuhparadis.com\/product\/huile-de-cannabis-rick-simpson\/"]}]},{"@type":"ImageObject","inLanguage":"da-DK","@id":"https:\/\/beuhparadis.com\/product\/huile-de-cannabis-rick-simpson\/#primaryimage","url":"https:\/\/beuhparadis.com\/wp-content\/uploads\/2024\/12\/Rick-Simpson-Cannabis-Oil.webp","contentUrl":"https:\/\/beuhparadis.com\/wp-content\/uploads\/2024\/12\/Rick-Simpson-Cannabis-Oil.webp","width":1000,"height":1000},{"@type":"BreadcrumbList","@id":"https:\/\/beuhparadis.com\/product\/huile-de-cannabis-rick-simpson\/#breadcrumb","itemListElement":[{"@type":"ListItem","position":1,"name":"Home","item":"https:\/\/beuhparadis.com\/"},{"@type":"ListItem","position":2,"name":"Shop","item":"https:\/\/beuhparadis.com\/shop\/"},{"@type":"ListItem","position":3,"name":"Huile de cannabis Rick Simpson"}]},{"@type":"WebSite","@id":"https:\/\/beuhparadis.com\/#website","url":"https:\/\/beuhparadis.com\/","name":"Beuh Paradis","description":"","potentialAction":[{"@type":"SearchAction","target":{"@type":"EntryPoint","urlTemplate":"https:\/\/beuhparadis.com\/?s={search_term_string}"},"query-input":{"@type":"PropertyValueSpecification","valueRequired":true,"valueName":"search_term_string"}}],"inLanguage":"da-DK"}]}},"_links":{"self":[{"href":"https:\/\/beuhparadis.com\/da\/wp-json\/wp\/v2\/product\/1368","targetHints":{"allow":["GET"]}}],"collection":[{"href":"https:\/\/beuhparadis.com\/da\/wp-json\/wp\/v2\/product"}],"about":[{"href":"https:\/\/beuhparadis.com\/da\/wp-json\/wp\/v2\/types\/product"}],"replies":[{"embeddable":true,"href":"https:\/\/beuhparadis.com\/da\/wp-json\/wp\/v2\/comments?post=1368"}],"wp:featuredmedia":[{"embeddable":true,"href":"https:\/\/beuhparadis.com\/da\/wp-json\/wp\/v2\/media\/1398"}],"wp:attachment":[{"href":"https:\/\/beuhparadis.com\/da\/wp-json\/wp\/v2\/media?parent=1368"}],"wp:term":[{"taxonomy":"product_brand","embeddable":true,"href":"https:\/\/beuhparadis.com\/da\/wp-json\/wp\/v2\/product_brand?post=1368"},{"taxonomy":"product_cat","embeddable":true,"href":"https:\/\/beuhparadis.com\/da\/wp-json\/wp\/v2\/product_cat?post=1368"},{"taxonomy":"product_tag","embeddable":true,"href":"https:\/\/beuhparadis.com\/da\/wp-json\/wp\/v2\/product_tag?post=1368"}],"curies":[{"name":"wp","href":"https:\/\/api.w.org\/{rel}","templated":true}]}}