{"id":1251,"date":"2024-12-10T23:39:22","date_gmt":"2024-12-10T23:39:22","guid":{"rendered":"https:\/\/beuhparadis.com\/?post_type=product&#038;p=1251"},"modified":"2025-01-27T04:53:39","modified_gmt":"2025-01-27T04:53:39","slug":"miel-bananes-thc-live-rosin-diamonds","status":"publish","type":"product","link":"https:\/\/beuhparadis.com\/da\/product\/miel-bananes-thc-live-rosin-diamonds\/","title":{"rendered":"Honey Bananas THC Live Rosin Diamonds"},"content":{"rendered":"<h3><strong>Honey Bananas THC Live Rosin Diamonds - f\u00f8rsteklasses cannabiskoncentrat<\/strong><\/h3>\n<h4><strong>\u00a0Oplev Miel Bananes THC Live Rosin Diamonds p\u00e5 Beuh Paradis<\/strong><\/h4>\n<p><strong>Honey Bananas THC Live Rosin Diamonds<\/strong>tilg\u00e6ngelig p\u00e5 <strong>Beuh Paradis<\/strong>er et f\u00f8rsteklasses cannabiskoncentrat, der er kendt for sin s\u00f8de, frugtagtige smag og enest\u00e5ende renhed. Dette koncentrat er fremstillet af friske cannabisblomster af h\u00f8jeste kvalitet og giver en uforglemmelig oplevelse, der kombinerer styrke og smag. Den opl\u00f8sningsmiddelfrie udvinding bevarer de naturlige terpener og sikrer et rent og behageligt forbrug.<\/p>\n<h4><strong>\u00a0Diamanters egenskaber - ukrudt<\/strong><\/h4>\n<ul>\n<li><strong>Unik smag :<\/strong> Nyd den l\u00e6kre aroma af s\u00f8d banan med et diskret strejf af honning, som giver en uforlignelig smagsoplevelse.<\/li>\n<li><strong>Enest\u00e5ende kraft :<\/strong> Med en h\u00f8j <strong>THC<\/strong>Dette koncentrat giver kraftige, hurtigtvirkende effekter, der er ideelle for erfarne brugere.<\/li>\n<li><strong>Ren udvinding :<\/strong> Dette koncentrat er fremstillet uden opl\u00f8sningsmidler, hvilket bevarer cannabisens renhed og naturlige egenskaber.<\/li>\n<li><strong>Afslappende og euforiserende effekter:<\/strong> Perfekt til at slappe af efter en travl dag, samtidig med at man stimulerer kreativitet og godt hum\u00f8r.<\/li>\n<\/ul>\n<h4><strong>\u00a0Hvorfor v\u00e6lge Beuh Paradis?<\/strong><\/h4>\n<p>P\u00e5 <strong>Beuh Paradis<\/strong>Vi er forpligtet til at give dig cannabiskoncentrater af h\u00f8jeste kvalitet. Hvert parti af <strong>Ukrudtsdiamanter<\/strong> er n\u00f8je udvalgt og testet for at sikre optimal renhed og en enest\u00e5ende drikkeoplevelse.<\/p>\n<ul>\n<li><strong>Kvalitetsprodukter :<\/strong> Vores koncentrater er omhyggeligt fremstillet og giver p\u00e5lidelige effekter og en f\u00f8rsteklasses oplevelse.<\/li>\n<li><strong>Hurtig og diskret levering:<\/strong> Bestil online p\u00e5 <strong>Beuh Paradis<\/strong> og modtage dine produkter hurtigt og diskret.<\/li>\n<li><strong>Laboratorietestet:<\/strong> Vi garanterer vores produkters sikkerhed og kvalitet gennem strenge laboratorietest.<\/li>\n<\/ul>\n<hr \/>\n<h4><strong>Bestil ukrudtet p\u00e5 Beuh Paradis<\/strong><\/h4>\n<p>Klar til at opdage det enest\u00e5ende <strong>Honning Bananer Ukrudt<\/strong>? G\u00e5 til <strong><a href=\"https:\/\/beuhparadis.com\/da\" target=\"_new\" rel=\"noopener\">Beuh Paradis<\/a><\/strong> for at bestille dette f\u00f8rsteklasses koncentrat. Nyd hurtig, diskret levering og up\u00e5klagelig kundeservice.<\/p>","protected":false},"excerpt":{"rendered":"<p>Miel Bananes THC Live Rosin Diamonds \u2013 Concentr\u00e9 Premium de Cannabis \u00a0D\u00e9couvrez Miel Bananes THC Live Rosin Diamonds sur Beuh Paradis Miel Bananes THC Live Rosin Diamonds, disponible sur Beuh Paradis, est un concentr\u00e9 de cannabis haut de gamme, r\u00e9put\u00e9 pour son go\u00fbt sucr\u00e9 et fruit\u00e9 ainsi que sa puret\u00e9 exceptionnelle. Fabriqu\u00e9 \u00e0 partir de [&hellip;]<\/p>\n","protected":false},"featured_media":1281,"comment_status":"closed","ping_status":"closed","template":"","meta":{"site-sidebar-layout":"default","site-content-layout":"","ast-site-content-layout":"default","site-content-style":"default","site-sidebar-style":"default","ast-global-header-display":"","ast-banner-title-visibility":"","ast-main-header-display":"","ast-hfb-above-header-display":"","ast-hfb-below-header-display":"","ast-hfb-mobile-header-display":"","site-post-title":"","ast-breadcrumbs-content":"","ast-featured-img":"","footer-sml-layout":"","theme-transparent-header-meta":"default","adv-header-id-meta":"","stick-header-meta":"","header-above-stick-meta":"","header-main-stick-meta":"","header-below-stick-meta":"","astra-migrate-meta-layouts":"set","ast-page-background-enabled":"default","ast-page-background-meta":{"desktop":{"background-color":"","background-image":"","background-repeat":"repeat","background-position":"center center","background-size":"auto","background-attachment":"scroll","background-type":"","background-media":"","overlay-type":"","overlay-color":"","overlay-opacity":"","overlay-gradient":""},"tablet":{"background-color":"","background-image":"","background-repeat":"repeat","background-position":"center center","background-size":"auto","background-attachment":"scroll","background-type":"","background-media":"","overlay-type":"","overlay-color":"","overlay-opacity":"","overlay-gradient":""},"mobile":{"background-color":"","background-image":"","background-repeat":"repeat","background-position":"center center","background-size":"auto","background-attachment":"scroll","background-type":"","background-media":"","overlay-type":"","overlay-color":"","overlay-opacity":"","overlay-gradient":""}},"ast-content-background-meta":{"desktop":{"background-color":"var(--ast-global-color-5)","background-image":"","background-repeat":"repeat","background-position":"center center","background-size":"auto","background-attachment":"scroll","background-type":"","background-media":"","overlay-type":"","overlay-color":"","overlay-opacity":"","overlay-gradient":""},"tablet":{"background-color":"var(--ast-global-color-5)","background-image":"","background-repeat":"repeat","background-position":"center center","background-size":"auto","background-attachment":"scroll","background-type":"","background-media":"","overlay-type":"","overlay-color":"","overlay-opacity":"","overlay-gradient":""},"mobile":{"background-color":"var(--ast-global-color-5)","background-image":"","background-repeat":"repeat","background-position":"center center","background-size":"auto","background-attachment":"scroll","background-type":"","background-media":"","overlay-type":"","overlay-color":"","overlay-opacity":"","overlay-gradient":""}},"_joinchat":[]},"product_brand":[],"product_cat":[34],"product_tag":[],"class_list":{"0":"post-1251","1":"product","2":"type-product","3":"status-publish","4":"has-post-thumbnail","6":"product_cat-diamant-de-thc","7":"desktop-align-left","8":"tablet-align-left","9":"mobile-align-left","11":"first","12":"instock","13":"shipping-taxable","14":"purchasable","15":"product-type-variable"},"yoast_head":"<!-- This site is optimized with the Yoast SEO Premium plugin v24.1 (Yoast SEO v26.8) - https:\/\/yoast.com\/product\/yoast-seo-premium-wordpress\/ -->\n<title>Miel Bananes THC Live Rosin Diamonds \u2013 Cannabis Premium<\/title>\n<meta name=\"description\" content=\"D\u00e9couvrez Miel Bananes THC Live Rosin Diamonds sur Beuh Paradis, un concentr\u00e9 de cannabis de qualit\u00e9 sup\u00e9rieure avec des saveurs sucr\u00e9es et fruit\u00e9es.\" \/>\n<meta name=\"robots\" content=\"index, follow, max-snippet:-1, max-image-preview:large, max-video-preview:-1\" \/>\n<link rel=\"canonical\" href=\"https:\/\/beuhparadis.com\/da\/product\/miel-bananes-thc-live-rosin-diamonds\/\" \/>\n<meta property=\"og:locale\" content=\"da_DK\" \/>\n<meta property=\"og:type\" content=\"article\" \/>\n<meta property=\"og:title\" content=\"Miel Bananes THC Live Rosin Diamonds\" \/>\n<meta property=\"og:description\" content=\"D\u00e9couvrez Miel Bananes THC Live Rosin Diamonds sur Beuh Paradis, un concentr\u00e9 de cannabis de qualit\u00e9 sup\u00e9rieure avec des saveurs sucr\u00e9es et fruit\u00e9es.\" \/>\n<meta property=\"og:url\" content=\"https:\/\/beuhparadis.com\/da\/product\/miel-bananes-thc-live-rosin-diamonds\/\" \/>\n<meta property=\"og:site_name\" content=\"Beuh Paradis\" \/>\n<meta property=\"article:modified_time\" content=\"2025-01-27T04:53:39+00:00\" \/>\n<meta property=\"og:image\" content=\"https:\/\/beuhparadis.com\/wp-content\/uploads\/2024\/12\/Honey-Bananas-THC-Live-Rosin-Diamonds.webp\" \/>\n\t<meta property=\"og:image:width\" content=\"399\" \/>\n\t<meta property=\"og:image:height\" content=\"362\" \/>\n\t<meta property=\"og:image:type\" content=\"image\/webp\" \/>\n<meta name=\"twitter:card\" content=\"summary_large_image\" \/>\n<meta name=\"twitter:label1\" content=\"Estimeret l\u00e6setid\" \/>\n\t<meta name=\"twitter:data1\" content=\"2 minutes\" \/>\n<script type=\"application\/ld+json\" class=\"yoast-schema-graph\">{\"@context\":\"https:\/\/schema.org\",\"@graph\":[{\"@type\":\"WebPage\",\"@id\":\"https:\/\/beuhparadis.com\/product\/miel-bananes-thc-live-rosin-diamonds\/\",\"url\":\"https:\/\/beuhparadis.com\/product\/miel-bananes-thc-live-rosin-diamonds\/\",\"name\":\"Miel Bananes THC Live Rosin Diamonds \u2013 Cannabis Premium\",\"isPartOf\":{\"@id\":\"https:\/\/beuhparadis.com\/#website\"},\"primaryImageOfPage\":{\"@id\":\"https:\/\/beuhparadis.com\/product\/miel-bananes-thc-live-rosin-diamonds\/#primaryimage\"},\"image\":{\"@id\":\"https:\/\/beuhparadis.com\/product\/miel-bananes-thc-live-rosin-diamonds\/#primaryimage\"},\"thumbnailUrl\":\"https:\/\/beuhparadis.com\/wp-content\/uploads\/2024\/12\/Honey-Bananas-THC-Live-Rosin-Diamonds.webp\",\"datePublished\":\"2024-12-10T23:39:22+00:00\",\"dateModified\":\"2025-01-27T04:53:39+00:00\",\"description\":\"D\u00e9couvrez Miel Bananes THC Live Rosin Diamonds sur Beuh Paradis, un concentr\u00e9 de cannabis de qualit\u00e9 sup\u00e9rieure avec des saveurs sucr\u00e9es et fruit\u00e9es.\",\"breadcrumb\":{\"@id\":\"https:\/\/beuhparadis.com\/product\/miel-bananes-thc-live-rosin-diamonds\/#breadcrumb\"},\"inLanguage\":\"da-DK\",\"potentialAction\":[{\"@type\":\"ReadAction\",\"target\":[\"https:\/\/beuhparadis.com\/product\/miel-bananes-thc-live-rosin-diamonds\/\"]}]},{\"@type\":\"ImageObject\",\"inLanguage\":\"da-DK\",\"@id\":\"https:\/\/beuhparadis.com\/product\/miel-bananes-thc-live-rosin-diamonds\/#primaryimage\",\"url\":\"https:\/\/beuhparadis.com\/wp-content\/uploads\/2024\/12\/Honey-Bananas-THC-Live-Rosin-Diamonds.webp\",\"contentUrl\":\"https:\/\/beuhparadis.com\/wp-content\/uploads\/2024\/12\/Honey-Bananas-THC-Live-Rosin-Diamonds.webp\",\"width\":399,\"height\":362},{\"@type\":\"BreadcrumbList\",\"@id\":\"https:\/\/beuhparadis.com\/product\/miel-bananes-thc-live-rosin-diamonds\/#breadcrumb\",\"itemListElement\":[{\"@type\":\"ListItem\",\"position\":1,\"name\":\"Home\",\"item\":\"https:\/\/beuhparadis.com\/\"},{\"@type\":\"ListItem\",\"position\":2,\"name\":\"Shop\",\"item\":\"https:\/\/beuhparadis.com\/shop\/\"},{\"@type\":\"ListItem\",\"position\":3,\"name\":\"Miel Bananes THC Live Rosin Diamonds\"}]},{\"@type\":\"WebSite\",\"@id\":\"https:\/\/beuhparadis.com\/#website\",\"url\":\"https:\/\/beuhparadis.com\/\",\"name\":\"Beuh Paradis\",\"description\":\"\",\"potentialAction\":[{\"@type\":\"SearchAction\",\"target\":{\"@type\":\"EntryPoint\",\"urlTemplate\":\"https:\/\/beuhparadis.com\/?s={search_term_string}\"},\"query-input\":{\"@type\":\"PropertyValueSpecification\",\"valueRequired\":true,\"valueName\":\"search_term_string\"}}],\"inLanguage\":\"da-DK\"}]}<\/script>\n<!-- \/ Yoast SEO Premium plugin. -->","yoast_head_json":{"title":"Honey Bananas THC Live Rosin Diamonds - Cannabis Premium","description":"Oplev Miel Bananes THC Live Rosin Diamonds p\u00e5 Beuh Paradis, et cannabiskoncentrat af h\u00f8j kvalitet med s\u00f8d, frugtagtig smag.","robots":{"index":"index","follow":"follow","max-snippet":"max-snippet:-1","max-image-preview":"max-image-preview:large","max-video-preview":"max-video-preview:-1"},"canonical":"https:\/\/beuhparadis.com\/da\/product\/miel-bananes-thc-live-rosin-diamonds\/","og_locale":"da_DK","og_type":"article","og_title":"Miel Bananes THC Live Rosin Diamonds","og_description":"D\u00e9couvrez Miel Bananes THC Live Rosin Diamonds sur Beuh Paradis, un concentr\u00e9 de cannabis de qualit\u00e9 sup\u00e9rieure avec des saveurs sucr\u00e9es et fruit\u00e9es.","og_url":"https:\/\/beuhparadis.com\/da\/product\/miel-bananes-thc-live-rosin-diamonds\/","og_site_name":"Beuh Paradis","article_modified_time":"2025-01-27T04:53:39+00:00","og_image":[{"width":399,"height":362,"url":"https:\/\/beuhparadis.com\/wp-content\/uploads\/2024\/12\/Honey-Bananas-THC-Live-Rosin-Diamonds.webp","type":"image\/webp"}],"twitter_card":"summary_large_image","twitter_misc":{"Estimeret l\u00e6setid":"2 minutes"},"schema":{"@context":"https:\/\/schema.org","@graph":[{"@type":"WebPage","@id":"https:\/\/beuhparadis.com\/product\/miel-bananes-thc-live-rosin-diamonds\/","url":"https:\/\/beuhparadis.com\/product\/miel-bananes-thc-live-rosin-diamonds\/","name":"Honey Bananas THC Live Rosin Diamonds - Cannabis Premium","isPartOf":{"@id":"https:\/\/beuhparadis.com\/#website"},"primaryImageOfPage":{"@id":"https:\/\/beuhparadis.com\/product\/miel-bananes-thc-live-rosin-diamonds\/#primaryimage"},"image":{"@id":"https:\/\/beuhparadis.com\/product\/miel-bananes-thc-live-rosin-diamonds\/#primaryimage"},"thumbnailUrl":"https:\/\/beuhparadis.com\/wp-content\/uploads\/2024\/12\/Honey-Bananas-THC-Live-Rosin-Diamonds.webp","datePublished":"2024-12-10T23:39:22+00:00","dateModified":"2025-01-27T04:53:39+00:00","description":"Oplev Miel Bananes THC Live Rosin Diamonds p\u00e5 Beuh Paradis, et cannabiskoncentrat af h\u00f8j kvalitet med s\u00f8d, frugtagtig smag.","breadcrumb":{"@id":"https:\/\/beuhparadis.com\/product\/miel-bananes-thc-live-rosin-diamonds\/#breadcrumb"},"inLanguage":"da-DK","potentialAction":[{"@type":"ReadAction","target":["https:\/\/beuhparadis.com\/product\/miel-bananes-thc-live-rosin-diamonds\/"]}]},{"@type":"ImageObject","inLanguage":"da-DK","@id":"https:\/\/beuhparadis.com\/product\/miel-bananes-thc-live-rosin-diamonds\/#primaryimage","url":"https:\/\/beuhparadis.com\/wp-content\/uploads\/2024\/12\/Honey-Bananas-THC-Live-Rosin-Diamonds.webp","contentUrl":"https:\/\/beuhparadis.com\/wp-content\/uploads\/2024\/12\/Honey-Bananas-THC-Live-Rosin-Diamonds.webp","width":399,"height":362},{"@type":"BreadcrumbList","@id":"https:\/\/beuhparadis.com\/product\/miel-bananes-thc-live-rosin-diamonds\/#breadcrumb","itemListElement":[{"@type":"ListItem","position":1,"name":"Home","item":"https:\/\/beuhparadis.com\/"},{"@type":"ListItem","position":2,"name":"Shop","item":"https:\/\/beuhparadis.com\/shop\/"},{"@type":"ListItem","position":3,"name":"Miel Bananes THC Live Rosin Diamonds"}]},{"@type":"WebSite","@id":"https:\/\/beuhparadis.com\/#website","url":"https:\/\/beuhparadis.com\/","name":"Beuh Paradis","description":"","potentialAction":[{"@type":"SearchAction","target":{"@type":"EntryPoint","urlTemplate":"https:\/\/beuhparadis.com\/?s={search_term_string}"},"query-input":{"@type":"PropertyValueSpecification","valueRequired":true,"valueName":"search_term_string"}}],"inLanguage":"da-DK"}]}},"_links":{"self":[{"href":"https:\/\/beuhparadis.com\/da\/wp-json\/wp\/v2\/product\/1251","targetHints":{"allow":["GET"]}}],"collection":[{"href":"https:\/\/beuhparadis.com\/da\/wp-json\/wp\/v2\/product"}],"about":[{"href":"https:\/\/beuhparadis.com\/da\/wp-json\/wp\/v2\/types\/product"}],"replies":[{"embeddable":true,"href":"https:\/\/beuhparadis.com\/da\/wp-json\/wp\/v2\/comments?post=1251"}],"wp:featuredmedia":[{"embeddable":true,"href":"https:\/\/beuhparadis.com\/da\/wp-json\/wp\/v2\/media\/1281"}],"wp:attachment":[{"href":"https:\/\/beuhparadis.com\/da\/wp-json\/wp\/v2\/media?parent=1251"}],"wp:term":[{"taxonomy":"product_brand","embeddable":true,"href":"https:\/\/beuhparadis.com\/da\/wp-json\/wp\/v2\/product_brand?post=1251"},{"taxonomy":"product_cat","embeddable":true,"href":"https:\/\/beuhparadis.com\/da\/wp-json\/wp\/v2\/product_cat?post=1251"},{"taxonomy":"product_tag","embeddable":true,"href":"https:\/\/beuhparadis.com\/da\/wp-json\/wp\/v2\/product_tag?post=1251"}],"curies":[{"name":"wp","href":"https:\/\/api.w.org\/{rel}","templated":true}]}}