{"id":1240,"date":"2024-12-10T23:39:01","date_gmt":"2024-12-10T23:39:01","guid":{"rendered":"https:\/\/beuhparadis.com\/?post_type=product&#038;p=1240"},"modified":"2025-01-27T04:38:53","modified_gmt":"2025-01-27T04:38:53","slug":"sour-diesel-lime-live-rosin-thca-diamants","status":"publish","type":"product","link":"https:\/\/beuhparadis.com\/da\/product\/sour-diesel-lime-live-rosin-thca-diamants\/","title":{"rendered":"Sour Diesel Lime Live Rosin THCA Diamonds"},"content":{"rendered":"<h4><strong>\u00a0Oplev Sour Diesel Lime Live Rosin THCA Diamonds<\/strong><\/h4>\n<p><strong>Sour Diesel Lime Live Rosin THCA Diamonds<\/strong> er et cannabiskoncentrat af h\u00f8j kvalitet designet til entusiaster, der s\u00f8ger en unik og kraftfuld oplevelse. Med sin livlige limearoma og jordagtige dieselnoter skiller dette produkt sig ud for sin enest\u00e5ende renhed og h\u00f8je indhold af <strong>THCA<\/strong>ideel til intense, langvarige effekter.<\/p>\n<h4><strong>\u00a0Hvorfor v\u00e6lge Sour D?<\/strong><\/h4>\n<p>Vores <strong>Surt D <\/strong>\u00a0og fremstillet ved hj\u00e6lp af opl\u00f8sningsmiddelfrie ekstraktionsprocesser, der garanterer maksimal renhed og bevarelse af naturlige terpener og cannabinoider. Dette koncentrat kommer fra f\u00f8rsteklasses stammer og tilbyder en perfekt balance mellem Sour Diesels energigivende egenskaber og et forfriskende strejf af lime.<\/p>\n<ul>\n<li><strong>Uforlignelig renhed<\/strong> 100 % opl\u00f8sningsmiddelfri ekstraktion af et naturprodukt.<\/li>\n<li><strong>Kraftige effekter<\/strong> Et THCA-holdigt koncentrat, der giver en hurtig og effektiv virkning.<\/li>\n<li><strong>Enest\u00e5ende smag<\/strong> Friske, jordagtige smage giver en unik sanseoplevelse.<\/li>\n<\/ul>\n<p>Dette koncentrat er perfekt til brug i dagtimerne eller til at stimulere din kreativitet takket v\u00e6re dets energigivende og motiverende egenskaber.<\/p>\n<h4><strong>\u00a0K\u00f8b Sour D med tillid<\/strong><\/h4>\n<p>P\u00e5 <a href=\"https:\/\/beuhparadis.com\/da\/contact\/\"><strong>beuhparadis<\/strong><\/a>Vi er forpligtet til at give dig f\u00f8rsteklasses cannabisprodukter med hurtig, diskret forsendelse overalt i Frankrig. Vores <strong>Sure D-diamanter<\/strong> er testet for kvalitet, renhed og kraft for at give dig en kompromisl\u00f8s oplevelse.<\/p>\n<p>Nyd denne enest\u00e5ende oplevelse med et koncentrat, der er designet til <a href=\"https:\/\/chemsxpress.com\/\">Amat\u00f8r<\/a>er kr\u00e6vende. <strong>Bestil Sour D nu <\/strong>og oplev forskellen p\u00e5 et f\u00f8rsteklasses produkt.<\/p>","protected":false},"excerpt":{"rendered":"<p>\u00a0D\u00e9couvrez Sour Diesel Lime Live Rosin THCA Diamants Sour Diesel Lime Live Rosin THCA Diamants est un concentr\u00e9 de cannabis de haute qualit\u00e9, con\u00e7u pour les amateurs recherchant une exp\u00e9rience unique et puissante. Avec son ar\u00f4me vif de citron vert et ses notes terreuses de diesel, ce produit se distingue par sa puret\u00e9 exceptionnelle et [&hellip;]<\/p>\n","protected":false},"featured_media":1250,"comment_status":"closed","ping_status":"closed","template":"","meta":{"site-sidebar-layout":"default","site-content-layout":"","ast-site-content-layout":"default","site-content-style":"default","site-sidebar-style":"default","ast-global-header-display":"","ast-banner-title-visibility":"","ast-main-header-display":"","ast-hfb-above-header-display":"","ast-hfb-below-header-display":"","ast-hfb-mobile-header-display":"","site-post-title":"","ast-breadcrumbs-content":"","ast-featured-img":"","footer-sml-layout":"","theme-transparent-header-meta":"default","adv-header-id-meta":"","stick-header-meta":"","header-above-stick-meta":"","header-main-stick-meta":"","header-below-stick-meta":"","astra-migrate-meta-layouts":"set","ast-page-background-enabled":"default","ast-page-background-meta":{"desktop":{"background-color":"","background-image":"","background-repeat":"repeat","background-position":"center center","background-size":"auto","background-attachment":"scroll","background-type":"","background-media":"","overlay-type":"","overlay-color":"","overlay-opacity":"","overlay-gradient":""},"tablet":{"background-color":"","background-image":"","background-repeat":"repeat","background-position":"center center","background-size":"auto","background-attachment":"scroll","background-type":"","background-media":"","overlay-type":"","overlay-color":"","overlay-opacity":"","overlay-gradient":""},"mobile":{"background-color":"","background-image":"","background-repeat":"repeat","background-position":"center center","background-size":"auto","background-attachment":"scroll","background-type":"","background-media":"","overlay-type":"","overlay-color":"","overlay-opacity":"","overlay-gradient":""}},"ast-content-background-meta":{"desktop":{"background-color":"var(--ast-global-color-5)","background-image":"","background-repeat":"repeat","background-position":"center center","background-size":"auto","background-attachment":"scroll","background-type":"","background-media":"","overlay-type":"","overlay-color":"","overlay-opacity":"","overlay-gradient":""},"tablet":{"background-color":"var(--ast-global-color-5)","background-image":"","background-repeat":"repeat","background-position":"center center","background-size":"auto","background-attachment":"scroll","background-type":"","background-media":"","overlay-type":"","overlay-color":"","overlay-opacity":"","overlay-gradient":""},"mobile":{"background-color":"var(--ast-global-color-5)","background-image":"","background-repeat":"repeat","background-position":"center center","background-size":"auto","background-attachment":"scroll","background-type":"","background-media":"","overlay-type":"","overlay-color":"","overlay-opacity":"","overlay-gradient":""}},"_joinchat":[]},"product_brand":[],"product_cat":[34],"product_tag":[],"class_list":{"0":"post-1240","1":"product","2":"type-product","3":"status-publish","4":"has-post-thumbnail","6":"product_cat-diamant-de-thc","7":"desktop-align-left","8":"tablet-align-left","9":"mobile-align-left","11":"first","12":"instock","13":"shipping-taxable","14":"purchasable","15":"product-type-variable"},"yoast_head":"<!-- This site is optimized with the Yoast SEO Premium plugin v24.1 (Yoast SEO v26.8) - https:\/\/yoast.com\/product\/yoast-seo-premium-wordpress\/ -->\n<title>Sour Diesel Lime Live Rosin THCA Diamants \u2013 Cannabis Premium<\/title>\n<meta name=\"description\" content=\"D\u00e9couvrez Sour Diesel Lime Live Rosin THCA Diamants, un concentr\u00e9 de cannabis puissant avec des saveurs de citron vert et de diesel. Purite exceptionnel.\" \/>\n<meta name=\"robots\" content=\"index, follow, max-snippet:-1, max-image-preview:large, max-video-preview:-1\" \/>\n<link rel=\"canonical\" href=\"https:\/\/beuhparadis.com\/da\/product\/sour-diesel-lime-live-rosin-thca-diamants\/\" \/>\n<meta property=\"og:locale\" content=\"da_DK\" \/>\n<meta property=\"og:type\" content=\"article\" \/>\n<meta property=\"og:title\" content=\"Sour Diesel Lime Live Rosin THCA Diamants\" \/>\n<meta property=\"og:description\" content=\"D\u00e9couvrez Sour Diesel Lime Live Rosin THCA Diamants, un concentr\u00e9 de cannabis puissant avec des saveurs de citron vert et de diesel. Purite exceptionnel.\" \/>\n<meta property=\"og:url\" content=\"https:\/\/beuhparadis.com\/da\/product\/sour-diesel-lime-live-rosin-thca-diamants\/\" \/>\n<meta property=\"og:site_name\" content=\"Beuh Paradis\" \/>\n<meta property=\"article:modified_time\" content=\"2025-01-27T04:38:53+00:00\" \/>\n<meta property=\"og:image\" content=\"https:\/\/beuhparadis.com\/wp-content\/uploads\/2024\/12\/Sour-Diesel-Lime-Live-Rosin-THCA-Diamonds.webp\" \/>\n\t<meta property=\"og:image:width\" content=\"386\" \/>\n\t<meta property=\"og:image:height\" content=\"380\" \/>\n\t<meta property=\"og:image:type\" content=\"image\/webp\" \/>\n<meta name=\"twitter:card\" content=\"summary_large_image\" \/>\n<meta name=\"twitter:label1\" content=\"Estimeret l\u00e6setid\" \/>\n\t<meta name=\"twitter:data1\" content=\"2 minutes\" \/>\n<script type=\"application\/ld+json\" class=\"yoast-schema-graph\">{\"@context\":\"https:\/\/schema.org\",\"@graph\":[{\"@type\":\"WebPage\",\"@id\":\"https:\/\/beuhparadis.com\/product\/sour-diesel-lime-live-rosin-thca-diamants\/\",\"url\":\"https:\/\/beuhparadis.com\/product\/sour-diesel-lime-live-rosin-thca-diamants\/\",\"name\":\"Sour Diesel Lime Live Rosin THCA Diamants \u2013 Cannabis Premium\",\"isPartOf\":{\"@id\":\"https:\/\/beuhparadis.com\/#website\"},\"primaryImageOfPage\":{\"@id\":\"https:\/\/beuhparadis.com\/product\/sour-diesel-lime-live-rosin-thca-diamants\/#primaryimage\"},\"image\":{\"@id\":\"https:\/\/beuhparadis.com\/product\/sour-diesel-lime-live-rosin-thca-diamants\/#primaryimage\"},\"thumbnailUrl\":\"https:\/\/beuhparadis.com\/wp-content\/uploads\/2024\/12\/Sour-Diesel-Lime-Live-Rosin-THCA-Diamonds.webp\",\"datePublished\":\"2024-12-10T23:39:01+00:00\",\"dateModified\":\"2025-01-27T04:38:53+00:00\",\"description\":\"D\u00e9couvrez Sour Diesel Lime Live Rosin THCA Diamants, un concentr\u00e9 de cannabis puissant avec des saveurs de citron vert et de diesel. Purite exceptionnel.\",\"breadcrumb\":{\"@id\":\"https:\/\/beuhparadis.com\/product\/sour-diesel-lime-live-rosin-thca-diamants\/#breadcrumb\"},\"inLanguage\":\"da-DK\",\"potentialAction\":[{\"@type\":\"ReadAction\",\"target\":[\"https:\/\/beuhparadis.com\/product\/sour-diesel-lime-live-rosin-thca-diamants\/\"]}]},{\"@type\":\"ImageObject\",\"inLanguage\":\"da-DK\",\"@id\":\"https:\/\/beuhparadis.com\/product\/sour-diesel-lime-live-rosin-thca-diamants\/#primaryimage\",\"url\":\"https:\/\/beuhparadis.com\/wp-content\/uploads\/2024\/12\/Sour-Diesel-Lime-Live-Rosin-THCA-Diamonds.webp\",\"contentUrl\":\"https:\/\/beuhparadis.com\/wp-content\/uploads\/2024\/12\/Sour-Diesel-Lime-Live-Rosin-THCA-Diamonds.webp\",\"width\":386,\"height\":380,\"caption\":\"Sour Diesel Lime Live Rosin THCA Diamants\"},{\"@type\":\"BreadcrumbList\",\"@id\":\"https:\/\/beuhparadis.com\/product\/sour-diesel-lime-live-rosin-thca-diamants\/#breadcrumb\",\"itemListElement\":[{\"@type\":\"ListItem\",\"position\":1,\"name\":\"Home\",\"item\":\"https:\/\/beuhparadis.com\/\"},{\"@type\":\"ListItem\",\"position\":2,\"name\":\"Shop\",\"item\":\"https:\/\/beuhparadis.com\/shop\/\"},{\"@type\":\"ListItem\",\"position\":3,\"name\":\"Sour Diesel Lime Live Rosin THCA Diamants\"}]},{\"@type\":\"WebSite\",\"@id\":\"https:\/\/beuhparadis.com\/#website\",\"url\":\"https:\/\/beuhparadis.com\/\",\"name\":\"Beuh Paradis\",\"description\":\"\",\"potentialAction\":[{\"@type\":\"SearchAction\",\"target\":{\"@type\":\"EntryPoint\",\"urlTemplate\":\"https:\/\/beuhparadis.com\/?s={search_term_string}\"},\"query-input\":{\"@type\":\"PropertyValueSpecification\",\"valueRequired\":true,\"valueName\":\"search_term_string\"}}],\"inLanguage\":\"da-DK\"}]}<\/script>\n<!-- \/ Yoast SEO Premium plugin. -->","yoast_head_json":{"title":"Sour Diesel Lime Live Rosin THCA Diamonds - Cannabis Premium","description":"Oplev Sour Diesel Lime Live Rosin THCA Diamonds, et kraftfuldt cannabiskoncentrat med smag af lime og diesel. Enest\u00e5ende renhed.","robots":{"index":"index","follow":"follow","max-snippet":"max-snippet:-1","max-image-preview":"max-image-preview:large","max-video-preview":"max-video-preview:-1"},"canonical":"https:\/\/beuhparadis.com\/da\/product\/sour-diesel-lime-live-rosin-thca-diamants\/","og_locale":"da_DK","og_type":"article","og_title":"Sour Diesel Lime Live Rosin THCA Diamants","og_description":"D\u00e9couvrez Sour Diesel Lime Live Rosin THCA Diamants, un concentr\u00e9 de cannabis puissant avec des saveurs de citron vert et de diesel. Purite exceptionnel.","og_url":"https:\/\/beuhparadis.com\/da\/product\/sour-diesel-lime-live-rosin-thca-diamants\/","og_site_name":"Beuh Paradis","article_modified_time":"2025-01-27T04:38:53+00:00","og_image":[{"width":386,"height":380,"url":"https:\/\/beuhparadis.com\/wp-content\/uploads\/2024\/12\/Sour-Diesel-Lime-Live-Rosin-THCA-Diamonds.webp","type":"image\/webp"}],"twitter_card":"summary_large_image","twitter_misc":{"Estimeret l\u00e6setid":"2 minutes"},"schema":{"@context":"https:\/\/schema.org","@graph":[{"@type":"WebPage","@id":"https:\/\/beuhparadis.com\/product\/sour-diesel-lime-live-rosin-thca-diamants\/","url":"https:\/\/beuhparadis.com\/product\/sour-diesel-lime-live-rosin-thca-diamants\/","name":"Sour Diesel Lime Live Rosin THCA Diamonds - Cannabis Premium","isPartOf":{"@id":"https:\/\/beuhparadis.com\/#website"},"primaryImageOfPage":{"@id":"https:\/\/beuhparadis.com\/product\/sour-diesel-lime-live-rosin-thca-diamants\/#primaryimage"},"image":{"@id":"https:\/\/beuhparadis.com\/product\/sour-diesel-lime-live-rosin-thca-diamants\/#primaryimage"},"thumbnailUrl":"https:\/\/beuhparadis.com\/wp-content\/uploads\/2024\/12\/Sour-Diesel-Lime-Live-Rosin-THCA-Diamonds.webp","datePublished":"2024-12-10T23:39:01+00:00","dateModified":"2025-01-27T04:38:53+00:00","description":"Oplev Sour Diesel Lime Live Rosin THCA Diamonds, et kraftfuldt cannabiskoncentrat med smag af lime og diesel. Enest\u00e5ende renhed.","breadcrumb":{"@id":"https:\/\/beuhparadis.com\/product\/sour-diesel-lime-live-rosin-thca-diamants\/#breadcrumb"},"inLanguage":"da-DK","potentialAction":[{"@type":"ReadAction","target":["https:\/\/beuhparadis.com\/product\/sour-diesel-lime-live-rosin-thca-diamants\/"]}]},{"@type":"ImageObject","inLanguage":"da-DK","@id":"https:\/\/beuhparadis.com\/product\/sour-diesel-lime-live-rosin-thca-diamants\/#primaryimage","url":"https:\/\/beuhparadis.com\/wp-content\/uploads\/2024\/12\/Sour-Diesel-Lime-Live-Rosin-THCA-Diamonds.webp","contentUrl":"https:\/\/beuhparadis.com\/wp-content\/uploads\/2024\/12\/Sour-Diesel-Lime-Live-Rosin-THCA-Diamonds.webp","width":386,"height":380,"caption":"Sour Diesel Lime Live Rosin THCA Diamants"},{"@type":"BreadcrumbList","@id":"https:\/\/beuhparadis.com\/product\/sour-diesel-lime-live-rosin-thca-diamants\/#breadcrumb","itemListElement":[{"@type":"ListItem","position":1,"name":"Home","item":"https:\/\/beuhparadis.com\/"},{"@type":"ListItem","position":2,"name":"Shop","item":"https:\/\/beuhparadis.com\/shop\/"},{"@type":"ListItem","position":3,"name":"Sour Diesel Lime Live Rosin THCA Diamants"}]},{"@type":"WebSite","@id":"https:\/\/beuhparadis.com\/#website","url":"https:\/\/beuhparadis.com\/","name":"Beuh Paradis","description":"","potentialAction":[{"@type":"SearchAction","target":{"@type":"EntryPoint","urlTemplate":"https:\/\/beuhparadis.com\/?s={search_term_string}"},"query-input":{"@type":"PropertyValueSpecification","valueRequired":true,"valueName":"search_term_string"}}],"inLanguage":"da-DK"}]}},"_links":{"self":[{"href":"https:\/\/beuhparadis.com\/da\/wp-json\/wp\/v2\/product\/1240","targetHints":{"allow":["GET"]}}],"collection":[{"href":"https:\/\/beuhparadis.com\/da\/wp-json\/wp\/v2\/product"}],"about":[{"href":"https:\/\/beuhparadis.com\/da\/wp-json\/wp\/v2\/types\/product"}],"replies":[{"embeddable":true,"href":"https:\/\/beuhparadis.com\/da\/wp-json\/wp\/v2\/comments?post=1240"}],"wp:featuredmedia":[{"embeddable":true,"href":"https:\/\/beuhparadis.com\/da\/wp-json\/wp\/v2\/media\/1250"}],"wp:attachment":[{"href":"https:\/\/beuhparadis.com\/da\/wp-json\/wp\/v2\/media?parent=1240"}],"wp:term":[{"taxonomy":"product_brand","embeddable":true,"href":"https:\/\/beuhparadis.com\/da\/wp-json\/wp\/v2\/product_brand?post=1240"},{"taxonomy":"product_cat","embeddable":true,"href":"https:\/\/beuhparadis.com\/da\/wp-json\/wp\/v2\/product_cat?post=1240"},{"taxonomy":"product_tag","embeddable":true,"href":"https:\/\/beuhparadis.com\/da\/wp-json\/wp\/v2\/product_tag?post=1240"}],"curies":[{"name":"wp","href":"https:\/\/api.w.org\/{rel}","templated":true}]}}