{"id":1235,"date":"2024-12-10T23:39:00","date_gmt":"2024-12-10T23:39:00","guid":{"rendered":"https:\/\/beuhparadis.com\/?post_type=product&#038;p=1235"},"modified":"2025-01-27T04:27:10","modified_gmt":"2025-01-27T04:27:10","slug":"pasteque-zkittlez-thc-diamant","status":"publish","type":"product","link":"https:\/\/beuhparadis.com\/da\/product\/pasteque-zkittlez-thc-diamant\/","title":{"rendered":"Vandmelon Zkittlez THC Diamant"},"content":{"rendered":"<h1>Vandmelon Zkittlez THC Diamant<\/h1>\n<p>Le\u00a0<strong>Vandmelon Zkittlez THC Diamant<\/strong>\u00a0er en f\u00f8rsteklasses cannabissort, der kombinerer eksotisk smag af vandmelon og Zkittlez-slik med en enest\u00e5ende THC-styrke. Dette produkt er ideelt for fans af unikke smagsoplevelser og kraftige effekter og er blevet et must-have i cannabisverdenen. Find ud af, hvorfor Watermelon Zkittlez THC Diamond er s\u00e5 eftertragtet, og bestil den online i dag for at f\u00e5 en uforglemmelig oplevelse.<\/p>\n<h2>Hvad er Watermelon Zkittlez THC Diamond?<\/h2>\n<p>Le\u00a0<strong>ukrudt THC diamant<\/strong>\u00a0er en hybridsort, der kombinerer de bedste egenskaber fra Watermelon- og Zkittlez-sorterne. Med sin s\u00f8de, frugtagtige smag, der minder om vandmelon og slik, giver denne sort en unik sanseoplevelse. Dens h\u00f8je THC-indhold g\u00f8r den til det ideelle valg for dem, der er p\u00e5 udkig efter kraftige, afslappende effekter.<\/p>\n<h3>\nFordelene ved Beuh Diamant?<\/h3>\n<ul>\n<li><strong>Unikke smagsoplevelser :<\/strong>\u00a0En eksplosion af s\u00f8de, frugtagtige smage.<\/li>\n<li><strong>H\u00f8j effekt :<\/strong>\u00a0Optimale THC-niveauer for intense effekter.<\/li>\n<li><strong>F\u00f8rsteklasses kvalitet:<\/strong>\u00a0Omhyggeligt dyrket og testet for at garantere overlegen kvalitet.<\/li>\n<li><strong>Alsidighed :<\/strong>\u00a0Ideel til afslapning, kreativitet og socialt samv\u00e6r.<\/li>\n<\/ul>\n<p>Hvorfor v\u00e6lge vores ukrudt?<\/p>\n<p>Hos beuhparadis er vi forpligtet til at tilbyde dig cannabisprodukter af h\u00f8jeste kvalitet. Vores <a href=\"https:\/\/beuhparadis.com\/da\"><strong>Vandmelon Zkittlez THC Diamant<\/strong><\/a>\u00a0er:<\/p>\n<ul>\n<li><strong>100 % Naturlig :<\/strong>\u00a0Dyrket uden pesticider eller kemikalier.<\/li>\n<li><strong>Laboratorietestet:<\/strong>\u00a0Garanteret fri for forurenende stoffer og med et pr\u00e6cist THC-indhold.<\/li>\n<li><strong>Hurtig og diskret levering:<\/strong>\u00a0Modtag din ordre i fuld fortrolighed.<\/li>\n<\/ul>\n<p>Hvordan kan jeg k\u00f8be hash online?<\/p>\n<p>K\u00f8b <strong>Ukrudt THC Diamant<\/strong>\u00a0har aldrig v\u00e6ret nemmere. Bare f\u00f8lg disse trin:<\/p>\n<ol start=\"1\">\n<li><strong>Gennemse vores katalog :<\/strong>\u00a0Oplev vores udvalg af f\u00f8rsteklasses produkter.<\/li>\n<li><strong>L\u00e6g i kurv :<\/strong>\u00a0V\u00e6lg den \u00f8nskede m\u00e6ngde.<\/li>\n<li><strong>Bekr\u00e6ft din bestilling:<\/strong>\u00a0Sikker betaling og fleksible leveringsmuligheder.<\/li>\n<li><strong>Modtag og nyd:<\/strong>\u00a0Hurtig og diskret levering til din d\u00f8r.<\/li>\n<\/ol>\n<p>Er du klar til en unik oplevelse? Bestil din hash nu, og nyd den f\u00f8rsteklasses kvalitet, du fortjener.<\/p>\n<hr \/>\n<p>Ofte stillede sp\u00f8rgsm\u00e5l<\/p>\n<p><strong>Q1: Hvad er THC-indholdet i hash?<\/strong><br \/>\nSvar: THC-niveauerne varierer mellem dem, der giver kraftige, langvarige effekter.<\/p>\n<p><strong>Q2: Er leveringen diskret?<\/strong><br \/>\nA: Ja, alle vores ordrer pakkes diskret for at beskytte din fortrolighed.<\/p>\n<p><strong>Q3: Kan jeg k\u00f8be stort ind?<\/strong><br \/>\nA: Ja, vi tilbyder bulkmuligheder til faste kunder. Kontakt os for mere information.<\/p>\n<hr \/>\n<p>&nbsp;<\/p>\n<div class=\"cbcaa82c\">\n<div class=\"aaff8b8f\">\n<div class=\"cefa5c26\">\n<div class=\"dd442025 b699646e\">\n<div class=\"ec4f5d61\">\n<div class=\"ds-button ds-button--primary ds-button--filled ds-button--rect ds-button--m d9f56c96\" tabindex=\"0\" role=\"button\"><\/div>\n<div class=\"bf38813a\">\n<div class=\"f02f0e25\">\n<div class=\"ds-icon\"><\/div>\n<\/div>\n<div class=\"f6d670\" role=\"button\" aria-disabled=\"false\">\n<div class=\"f286936b\"><\/div>\n<\/div>\n<\/div>\n<\/div>\n<\/div>\n<\/div>\n<\/div>\n<\/div>","protected":false},"excerpt":{"rendered":"<p>Past\u00e8que Zkittlez THC Diamant Le\u00a0Past\u00e8que Zkittlez THC Diamant\u00a0est une vari\u00e9t\u00e9 de cannabis haut de gamme qui combine des ar\u00f4mes exotiques de past\u00e8que et de bonbons Zkittlez avec une puissance THC exceptionnelle. Id\u00e9al pour les amateurs de saveurs uniques et d&#8217;effets puissants, ce produit est devenu un incontournable dans le monde du cannabis. D\u00e9couvrez pourquoi le [&hellip;]<\/p>\n","protected":false},"featured_media":1249,"comment_status":"closed","ping_status":"closed","template":"","meta":{"site-sidebar-layout":"default","site-content-layout":"","ast-site-content-layout":"default","site-content-style":"default","site-sidebar-style":"default","ast-global-header-display":"","ast-banner-title-visibility":"","ast-main-header-display":"","ast-hfb-above-header-display":"","ast-hfb-below-header-display":"","ast-hfb-mobile-header-display":"","site-post-title":"","ast-breadcrumbs-content":"","ast-featured-img":"","footer-sml-layout":"","theme-transparent-header-meta":"default","adv-header-id-meta":"","stick-header-meta":"","header-above-stick-meta":"","header-main-stick-meta":"","header-below-stick-meta":"","astra-migrate-meta-layouts":"set","ast-page-background-enabled":"default","ast-page-background-meta":{"desktop":{"background-color":"","background-image":"","background-repeat":"repeat","background-position":"center center","background-size":"auto","background-attachment":"scroll","background-type":"","background-media":"","overlay-type":"","overlay-color":"","overlay-opacity":"","overlay-gradient":""},"tablet":{"background-color":"","background-image":"","background-repeat":"repeat","background-position":"center center","background-size":"auto","background-attachment":"scroll","background-type":"","background-media":"","overlay-type":"","overlay-color":"","overlay-opacity":"","overlay-gradient":""},"mobile":{"background-color":"","background-image":"","background-repeat":"repeat","background-position":"center center","background-size":"auto","background-attachment":"scroll","background-type":"","background-media":"","overlay-type":"","overlay-color":"","overlay-opacity":"","overlay-gradient":""}},"ast-content-background-meta":{"desktop":{"background-color":"var(--ast-global-color-5)","background-image":"","background-repeat":"repeat","background-position":"center center","background-size":"auto","background-attachment":"scroll","background-type":"","background-media":"","overlay-type":"","overlay-color":"","overlay-opacity":"","overlay-gradient":""},"tablet":{"background-color":"var(--ast-global-color-5)","background-image":"","background-repeat":"repeat","background-position":"center center","background-size":"auto","background-attachment":"scroll","background-type":"","background-media":"","overlay-type":"","overlay-color":"","overlay-opacity":"","overlay-gradient":""},"mobile":{"background-color":"var(--ast-global-color-5)","background-image":"","background-repeat":"repeat","background-position":"center center","background-size":"auto","background-attachment":"scroll","background-type":"","background-media":"","overlay-type":"","overlay-color":"","overlay-opacity":"","overlay-gradient":""}},"_joinchat":[]},"product_brand":[],"product_cat":[34],"product_tag":[],"class_list":{"0":"post-1235","1":"product","2":"type-product","3":"status-publish","4":"has-post-thumbnail","6":"product_cat-diamant-de-thc","7":"desktop-align-left","8":"tablet-align-left","9":"mobile-align-left","11":"first","12":"instock","13":"shipping-taxable","14":"purchasable","15":"product-type-variable"},"yoast_head":"<!-- This site is optimized with the Yoast SEO Premium plugin v24.1 (Yoast SEO v26.8) - https:\/\/yoast.com\/product\/yoast-seo-premium-wordpress\/ -->\n<title>Acheter Past\u00e8que Zkittlez THC Diamant \u2013 Cannabis Premium<\/title>\n<meta name=\"description\" content=\"D\u00e9couvrez Past\u00e8que Zkittlez THC Diamant, une vari\u00e9t\u00e9 exceptionnelle avec des saveurs fruit\u00e9es et un effet puissant. Livraison rapide et discr\u00e8te en France.\" \/>\n<meta name=\"robots\" content=\"index, follow, max-snippet:-1, max-image-preview:large, max-video-preview:-1\" \/>\n<link rel=\"canonical\" href=\"https:\/\/beuhparadis.com\/da\/product\/pasteque-zkittlez-thc-diamant\/\" \/>\n<meta property=\"og:locale\" content=\"da_DK\" \/>\n<meta property=\"og:type\" content=\"article\" \/>\n<meta property=\"og:title\" content=\"Past\u00e8que Zkittlez THC Diamant\" \/>\n<meta property=\"og:description\" content=\"D\u00e9couvrez Past\u00e8que Zkittlez THC Diamant, une vari\u00e9t\u00e9 exceptionnelle avec des saveurs fruit\u00e9es et un effet puissant. Livraison rapide et discr\u00e8te en France.\" \/>\n<meta property=\"og:url\" content=\"https:\/\/beuhparadis.com\/da\/product\/pasteque-zkittlez-thc-diamant\/\" \/>\n<meta property=\"og:site_name\" content=\"Beuh Paradis\" \/>\n<meta property=\"article:modified_time\" content=\"2025-01-27T04:27:10+00:00\" \/>\n<meta property=\"og:image\" content=\"https:\/\/beuhparadis.com\/wp-content\/uploads\/2024\/12\/Watermelon-Zkittlez-THC-Diamond.webp\" \/>\n\t<meta property=\"og:image:width\" content=\"361\" \/>\n\t<meta property=\"og:image:height\" content=\"336\" \/>\n\t<meta property=\"og:image:type\" content=\"image\/webp\" \/>\n<meta name=\"twitter:card\" content=\"summary_large_image\" \/>\n<meta name=\"twitter:label1\" content=\"Estimeret l\u00e6setid\" \/>\n\t<meta name=\"twitter:data1\" content=\"2 minutes\" \/>\n<script type=\"application\/ld+json\" class=\"yoast-schema-graph\">{\"@context\":\"https:\/\/schema.org\",\"@graph\":[{\"@type\":\"WebPage\",\"@id\":\"https:\/\/beuhparadis.com\/product\/pasteque-zkittlez-thc-diamant\/\",\"url\":\"https:\/\/beuhparadis.com\/product\/pasteque-zkittlez-thc-diamant\/\",\"name\":\"Acheter Past\u00e8que Zkittlez THC Diamant \u2013 Cannabis Premium\",\"isPartOf\":{\"@id\":\"https:\/\/beuhparadis.com\/#website\"},\"primaryImageOfPage\":{\"@id\":\"https:\/\/beuhparadis.com\/product\/pasteque-zkittlez-thc-diamant\/#primaryimage\"},\"image\":{\"@id\":\"https:\/\/beuhparadis.com\/product\/pasteque-zkittlez-thc-diamant\/#primaryimage\"},\"thumbnailUrl\":\"https:\/\/beuhparadis.com\/wp-content\/uploads\/2024\/12\/Watermelon-Zkittlez-THC-Diamond.webp\",\"datePublished\":\"2024-12-10T23:39:00+00:00\",\"dateModified\":\"2025-01-27T04:27:10+00:00\",\"description\":\"D\u00e9couvrez Past\u00e8que Zkittlez THC Diamant, une vari\u00e9t\u00e9 exceptionnelle avec des saveurs fruit\u00e9es et un effet puissant. Livraison rapide et discr\u00e8te en France.\",\"breadcrumb\":{\"@id\":\"https:\/\/beuhparadis.com\/product\/pasteque-zkittlez-thc-diamant\/#breadcrumb\"},\"inLanguage\":\"da-DK\",\"potentialAction\":[{\"@type\":\"ReadAction\",\"target\":[\"https:\/\/beuhparadis.com\/product\/pasteque-zkittlez-thc-diamant\/\"]}]},{\"@type\":\"ImageObject\",\"inLanguage\":\"da-DK\",\"@id\":\"https:\/\/beuhparadis.com\/product\/pasteque-zkittlez-thc-diamant\/#primaryimage\",\"url\":\"https:\/\/beuhparadis.com\/wp-content\/uploads\/2024\/12\/Watermelon-Zkittlez-THC-Diamond.webp\",\"contentUrl\":\"https:\/\/beuhparadis.com\/wp-content\/uploads\/2024\/12\/Watermelon-Zkittlez-THC-Diamond.webp\",\"width\":361,\"height\":336},{\"@type\":\"BreadcrumbList\",\"@id\":\"https:\/\/beuhparadis.com\/product\/pasteque-zkittlez-thc-diamant\/#breadcrumb\",\"itemListElement\":[{\"@type\":\"ListItem\",\"position\":1,\"name\":\"Home\",\"item\":\"https:\/\/beuhparadis.com\/\"},{\"@type\":\"ListItem\",\"position\":2,\"name\":\"Shop\",\"item\":\"https:\/\/beuhparadis.com\/shop\/\"},{\"@type\":\"ListItem\",\"position\":3,\"name\":\"Past\u00e8que Zkittlez THC Diamant\"}]},{\"@type\":\"WebSite\",\"@id\":\"https:\/\/beuhparadis.com\/#website\",\"url\":\"https:\/\/beuhparadis.com\/\",\"name\":\"Beuh Paradis\",\"description\":\"\",\"potentialAction\":[{\"@type\":\"SearchAction\",\"target\":{\"@type\":\"EntryPoint\",\"urlTemplate\":\"https:\/\/beuhparadis.com\/?s={search_term_string}\"},\"query-input\":{\"@type\":\"PropertyValueSpecification\",\"valueRequired\":true,\"valueName\":\"search_term_string\"}}],\"inLanguage\":\"da-DK\"}]}<\/script>\n<!-- \/ Yoast SEO Premium plugin. -->","yoast_head_json":{"title":"K\u00f8b Vandmelon Zkittlez THC Diamond - Cannabis Premium","description":"Oplev Watermelon Zkittlez THC Diamond, en enest\u00e5ende sort med frugtagtig smag og en kraftig effekt. Hurtig og diskret levering i Frankrig.","robots":{"index":"index","follow":"follow","max-snippet":"max-snippet:-1","max-image-preview":"max-image-preview:large","max-video-preview":"max-video-preview:-1"},"canonical":"https:\/\/beuhparadis.com\/da\/product\/pasteque-zkittlez-thc-diamant\/","og_locale":"da_DK","og_type":"article","og_title":"Past\u00e8que Zkittlez THC Diamant","og_description":"D\u00e9couvrez Past\u00e8que Zkittlez THC Diamant, une vari\u00e9t\u00e9 exceptionnelle avec des saveurs fruit\u00e9es et un effet puissant. Livraison rapide et discr\u00e8te en France.","og_url":"https:\/\/beuhparadis.com\/da\/product\/pasteque-zkittlez-thc-diamant\/","og_site_name":"Beuh Paradis","article_modified_time":"2025-01-27T04:27:10+00:00","og_image":[{"width":361,"height":336,"url":"https:\/\/beuhparadis.com\/wp-content\/uploads\/2024\/12\/Watermelon-Zkittlez-THC-Diamond.webp","type":"image\/webp"}],"twitter_card":"summary_large_image","twitter_misc":{"Estimeret l\u00e6setid":"2 minutes"},"schema":{"@context":"https:\/\/schema.org","@graph":[{"@type":"WebPage","@id":"https:\/\/beuhparadis.com\/product\/pasteque-zkittlez-thc-diamant\/","url":"https:\/\/beuhparadis.com\/product\/pasteque-zkittlez-thc-diamant\/","name":"K\u00f8b Vandmelon Zkittlez THC Diamond - Cannabis Premium","isPartOf":{"@id":"https:\/\/beuhparadis.com\/#website"},"primaryImageOfPage":{"@id":"https:\/\/beuhparadis.com\/product\/pasteque-zkittlez-thc-diamant\/#primaryimage"},"image":{"@id":"https:\/\/beuhparadis.com\/product\/pasteque-zkittlez-thc-diamant\/#primaryimage"},"thumbnailUrl":"https:\/\/beuhparadis.com\/wp-content\/uploads\/2024\/12\/Watermelon-Zkittlez-THC-Diamond.webp","datePublished":"2024-12-10T23:39:00+00:00","dateModified":"2025-01-27T04:27:10+00:00","description":"Oplev Watermelon Zkittlez THC Diamond, en enest\u00e5ende sort med frugtagtig smag og en kraftig effekt. Hurtig og diskret levering i Frankrig.","breadcrumb":{"@id":"https:\/\/beuhparadis.com\/product\/pasteque-zkittlez-thc-diamant\/#breadcrumb"},"inLanguage":"da-DK","potentialAction":[{"@type":"ReadAction","target":["https:\/\/beuhparadis.com\/product\/pasteque-zkittlez-thc-diamant\/"]}]},{"@type":"ImageObject","inLanguage":"da-DK","@id":"https:\/\/beuhparadis.com\/product\/pasteque-zkittlez-thc-diamant\/#primaryimage","url":"https:\/\/beuhparadis.com\/wp-content\/uploads\/2024\/12\/Watermelon-Zkittlez-THC-Diamond.webp","contentUrl":"https:\/\/beuhparadis.com\/wp-content\/uploads\/2024\/12\/Watermelon-Zkittlez-THC-Diamond.webp","width":361,"height":336},{"@type":"BreadcrumbList","@id":"https:\/\/beuhparadis.com\/product\/pasteque-zkittlez-thc-diamant\/#breadcrumb","itemListElement":[{"@type":"ListItem","position":1,"name":"Home","item":"https:\/\/beuhparadis.com\/"},{"@type":"ListItem","position":2,"name":"Shop","item":"https:\/\/beuhparadis.com\/shop\/"},{"@type":"ListItem","position":3,"name":"Past\u00e8que Zkittlez THC Diamant"}]},{"@type":"WebSite","@id":"https:\/\/beuhparadis.com\/#website","url":"https:\/\/beuhparadis.com\/","name":"Beuh Paradis","description":"","potentialAction":[{"@type":"SearchAction","target":{"@type":"EntryPoint","urlTemplate":"https:\/\/beuhparadis.com\/?s={search_term_string}"},"query-input":{"@type":"PropertyValueSpecification","valueRequired":true,"valueName":"search_term_string"}}],"inLanguage":"da-DK"}]}},"_links":{"self":[{"href":"https:\/\/beuhparadis.com\/da\/wp-json\/wp\/v2\/product\/1235","targetHints":{"allow":["GET"]}}],"collection":[{"href":"https:\/\/beuhparadis.com\/da\/wp-json\/wp\/v2\/product"}],"about":[{"href":"https:\/\/beuhparadis.com\/da\/wp-json\/wp\/v2\/types\/product"}],"replies":[{"embeddable":true,"href":"https:\/\/beuhparadis.com\/da\/wp-json\/wp\/v2\/comments?post=1235"}],"wp:featuredmedia":[{"embeddable":true,"href":"https:\/\/beuhparadis.com\/da\/wp-json\/wp\/v2\/media\/1249"}],"wp:attachment":[{"href":"https:\/\/beuhparadis.com\/da\/wp-json\/wp\/v2\/media?parent=1235"}],"wp:term":[{"taxonomy":"product_brand","embeddable":true,"href":"https:\/\/beuhparadis.com\/da\/wp-json\/wp\/v2\/product_brand?post=1235"},{"taxonomy":"product_cat","embeddable":true,"href":"https:\/\/beuhparadis.com\/da\/wp-json\/wp\/v2\/product_cat?post=1235"},{"taxonomy":"product_tag","embeddable":true,"href":"https:\/\/beuhparadis.com\/da\/wp-json\/wp\/v2\/product_tag?post=1235"}],"curies":[{"name":"wp","href":"https:\/\/api.w.org\/{rel}","templated":true}]}}