{"id":1225,"date":"2024-12-10T23:39:00","date_gmt":"2024-12-10T23:39:00","guid":{"rendered":"https:\/\/beuhparadis.com\/?post_type=product&#038;p=1225"},"modified":"2025-01-27T04:06:51","modified_gmt":"2025-01-27T04:06:51","slug":"apple-fritter","status":"publish","type":"product","link":"https:\/\/beuhparadis.com\/da\/product\/apple-fritter\/","title":{"rendered":"\u00c6blefritter"},"content":{"rendered":"<h1 class=\"wp-block-heading\">Apple Fritter Weed: En kraftfuld og afslappende hybrid<\/h1>\n<h3 class=\"wp-block-heading\">Information om La Souche<\/h3>\n<ul class=\"wp-block-list\">\n<li>Apple Fritter er en hybrid cannabissort, der er kendt for sin kraftige, afslappende virkning.<\/li>\n<li>Denne sort, som produceres af Lumpy's Flowers, er en krydsning mellem Sour Apple og Animal Cookies.<\/li>\n<li>Brugerne rapporterer, at de f\u00f8ler sig afslappede, glade og opkvikkede efter indtagelse.<\/li>\n<li>THC-indholdet er 24%, mens CBD forbliver p\u00e5 lavere niveauer, hvilket giver den perfekte balance for en fuld effekt.<\/li>\n<\/ul>\n<h2 class=\"wp-block-heading\">Hvor kan jeg k\u00f8be Apple Fritter Weed online?<\/h2>\n<p>Tilg\u00e6ngelig fra <a href=\"https:\/\/beuhparadis.com\/da\/product\/huile-de-cannabis-tangie-og-thc\/\">beuhparadis<\/a>\u00a0din p\u00e5lidelige onlinebutik for f\u00f8rsteklasses sorter, der leveres direkte til din d\u00f8r i overensstemmelse med europ\u00e6isk lovgivning.<\/p>\n<h2 class=\"wp-block-heading\">Effekter, aroma og smag<\/h2>\n<h3 class=\"wp-block-heading\">Effekt<\/h3>\n<ul class=\"wp-block-list\">\n<li>Afslapning<\/li>\n<li>Prikkende fornemmelse<\/li>\n<li>Eufori<\/li>\n<\/ul>\n<h3 class=\"wp-block-heading\">Aroma<\/h3>\n<ul class=\"wp-block-list\">\n<li>Jordagtig og s\u00f8d, med et let strejf af \u00e6blekage og ost<\/li>\n<\/ul>\n<h3 class=\"wp-block-heading\">Smag<\/h3>\n<ul class=\"wp-block-list\">\n<li>\u00c6ble<\/li>\n<li>Sm\u00f8r<\/li>\n<li>Ost<\/li>\n<\/ul>\n<h2 class=\"wp-block-heading\">Medicinske virkninger<\/h2>\n<p>Apple Fritter er valgt for at hj\u00e6lpe med at lindre :<\/p>\n<ul class=\"wp-block-list\">\n<li>Angst<\/li>\n<li>Stress<\/li>\n<li>Depression<\/li>\n<\/ul>\n<h2 class=\"wp-block-heading\">Hvorfor k\u00f8be Apple Fritter Weed fra Acheterducannabis?<\/h2>\n<p>Acheterducannabis er din ideelle destination for cannabisstammer af h\u00f8j kvalitet som Apple Fritter. Vi er forpligtet til at levere testede og kompatible produkter for at sikre din fulde tilfredshed.<\/p>\n<h2 class=\"wp-block-heading\">Europ\u00e6isk lovgivning om salg af denne stamme<\/h2>\n<p>Apple Fritter er i overensstemmelse med europ\u00e6isk lovgivning og s\u00e6lges med sikkerhed for lovlig og sikker distribution, hvilket garanterer problemfri adgang til f\u00f8rsteklasses sorter for vores kunder i hele Europa.<\/p>\n<p>Apple Fritter weed repr\u00e6senterer det ypperste inden for hybrid cannabis og tilbyder den perfekte balance mellem afslapning og eufori. Med sin unikke smagsprofil og gavnlige medicinske virkninger er denne sort ideel til dem, der s\u00f8ger lindring af angst, stress og depression. Oplev <a href=\"https:\/\/www.allbud.com\/marijuana-strains\/hybrid\/apple-fritter\" data-type=\"link\" data-id=\"https:\/\/www.allbud.com\/marijuana-strains\/hybrid\/apple-fritter\">\u00c6blefritter<\/a> og andre exceptionelle sorter p\u00e5 Acheterducannabis for en f\u00f8rsteklasses cannabisoplevelse.<\/p>","protected":false},"excerpt":{"rendered":"<p><strong>THC:<\/strong> 24% <strong>Medicinske virkninger <\/strong>Apple Fritter er valgt for at hj\u00e6lpe med at lindre :<\/p>\n<ul class=\"wp-block-list\">\n<li>Angst<\/li>\n<li>Stress<\/li>\n<li>Depression<\/li>\n<\/ul>\n<p>&nbsp;<\/p>","protected":false},"featured_media":1247,"comment_status":"closed","ping_status":"closed","template":"","meta":{"site-sidebar-layout":"default","site-content-layout":"","ast-site-content-layout":"default","site-content-style":"default","site-sidebar-style":"default","ast-global-header-display":"","ast-banner-title-visibility":"","ast-main-header-display":"","ast-hfb-above-header-display":"","ast-hfb-below-header-display":"","ast-hfb-mobile-header-display":"","site-post-title":"","ast-breadcrumbs-content":"","ast-featured-img":"","footer-sml-layout":"","theme-transparent-header-meta":"default","adv-header-id-meta":"","stick-header-meta":"","header-above-stick-meta":"","header-main-stick-meta":"","header-below-stick-meta":"","astra-migrate-meta-layouts":"set","ast-page-background-enabled":"default","ast-page-background-meta":{"desktop":{"background-color":"","background-image":"","background-repeat":"repeat","background-position":"center center","background-size":"auto","background-attachment":"scroll","background-type":"","background-media":"","overlay-type":"","overlay-color":"","overlay-opacity":"","overlay-gradient":""},"tablet":{"background-color":"","background-image":"","background-repeat":"repeat","background-position":"center center","background-size":"auto","background-attachment":"scroll","background-type":"","background-media":"","overlay-type":"","overlay-color":"","overlay-opacity":"","overlay-gradient":""},"mobile":{"background-color":"","background-image":"","background-repeat":"repeat","background-position":"center center","background-size":"auto","background-attachment":"scroll","background-type":"","background-media":"","overlay-type":"","overlay-color":"","overlay-opacity":"","overlay-gradient":""}},"ast-content-background-meta":{"desktop":{"background-color":"var(--ast-global-color-5)","background-image":"","background-repeat":"repeat","background-position":"center center","background-size":"auto","background-attachment":"scroll","background-type":"","background-media":"","overlay-type":"","overlay-color":"","overlay-opacity":"","overlay-gradient":""},"tablet":{"background-color":"var(--ast-global-color-5)","background-image":"","background-repeat":"repeat","background-position":"center center","background-size":"auto","background-attachment":"scroll","background-type":"","background-media":"","overlay-type":"","overlay-color":"","overlay-opacity":"","overlay-gradient":""},"mobile":{"background-color":"var(--ast-global-color-5)","background-image":"","background-repeat":"repeat","background-position":"center center","background-size":"auto","background-attachment":"scroll","background-type":"","background-media":"","overlay-type":"","overlay-color":"","overlay-opacity":"","overlay-gradient":""}},"_joinchat":[]},"product_brand":[],"product_cat":[32,33],"product_tag":[],"class_list":{"0":"post-1225","1":"product","2":"type-product","3":"status-publish","4":"has-post-thumbnail","6":"product_cat-fleur-de-chanvre","7":"product_cat-thc-beuh","8":"desktop-align-left","9":"tablet-align-left","10":"mobile-align-left","12":"first","13":"instock","14":"shipping-taxable","15":"purchasable","16":"product-type-variable"},"yoast_head":"<!-- This site is optimized with the Yoast SEO Premium plugin v24.1 (Yoast SEO v26.8) - https:\/\/yoast.com\/product\/yoast-seo-premium-wordpress\/ -->\n<title>Acheter Apple Fritter Weed en Ligne | Qualit\u00e9 Premium<\/title>\n<meta name=\"description\" content=\"D\u00e9couvrez l&#039;Apple Fritter Weed, une vari\u00e9t\u00e9 puissante et savoureuse. Livraison rapide et discr\u00e8te. Profitez des meilleurs prix et d&#039;un service fiable.\" \/>\n<meta name=\"robots\" content=\"index, follow, max-snippet:-1, max-image-preview:large, max-video-preview:-1\" \/>\n<link rel=\"canonical\" href=\"https:\/\/beuhparadis.com\/da\/product\/apple-fritter\/\" \/>\n<meta property=\"og:locale\" content=\"da_DK\" \/>\n<meta property=\"og:type\" content=\"article\" \/>\n<meta property=\"og:title\" content=\"Apple Fritter\" \/>\n<meta property=\"og:description\" content=\"D\u00e9couvrez l&#039;Apple Fritter Weed, une vari\u00e9t\u00e9 puissante et savoureuse. Livraison rapide et discr\u00e8te. Profitez des meilleurs prix et d&#039;un service fiable.\" \/>\n<meta property=\"og:url\" content=\"https:\/\/beuhparadis.com\/da\/product\/apple-fritter\/\" \/>\n<meta property=\"og:site_name\" content=\"Beuh Paradis\" \/>\n<meta property=\"article:modified_time\" content=\"2025-01-27T04:06:51+00:00\" \/>\n<meta property=\"og:image\" content=\"https:\/\/beuhparadis.com\/wp-content\/uploads\/2024\/12\/Apple-Fritter.webp\" \/>\n\t<meta property=\"og:image:width\" content=\"1800\" \/>\n\t<meta property=\"og:image:height\" content=\"1000\" \/>\n\t<meta property=\"og:image:type\" content=\"image\/webp\" \/>\n<meta name=\"twitter:card\" content=\"summary_large_image\" \/>\n<meta name=\"twitter:label1\" content=\"Estimeret l\u00e6setid\" \/>\n\t<meta name=\"twitter:data1\" content=\"2 minutes\" \/>\n<script type=\"application\/ld+json\" class=\"yoast-schema-graph\">{\"@context\":\"https:\/\/schema.org\",\"@graph\":[{\"@type\":\"WebPage\",\"@id\":\"https:\/\/beuhparadis.com\/product\/apple-fritter\/\",\"url\":\"https:\/\/beuhparadis.com\/product\/apple-fritter\/\",\"name\":\"Acheter Apple Fritter Weed en Ligne | Qualit\u00e9 Premium\",\"isPartOf\":{\"@id\":\"https:\/\/beuhparadis.com\/#website\"},\"primaryImageOfPage\":{\"@id\":\"https:\/\/beuhparadis.com\/product\/apple-fritter\/#primaryimage\"},\"image\":{\"@id\":\"https:\/\/beuhparadis.com\/product\/apple-fritter\/#primaryimage\"},\"thumbnailUrl\":\"https:\/\/beuhparadis.com\/wp-content\/uploads\/2024\/12\/Apple-Fritter.webp\",\"datePublished\":\"2024-12-10T23:39:00+00:00\",\"dateModified\":\"2025-01-27T04:06:51+00:00\",\"description\":\"D\u00e9couvrez l'Apple Fritter Weed, une vari\u00e9t\u00e9 puissante et savoureuse. Livraison rapide et discr\u00e8te. Profitez des meilleurs prix et d'un service fiable.\",\"breadcrumb\":{\"@id\":\"https:\/\/beuhparadis.com\/product\/apple-fritter\/#breadcrumb\"},\"inLanguage\":\"da-DK\",\"potentialAction\":[{\"@type\":\"ReadAction\",\"target\":[\"https:\/\/beuhparadis.com\/product\/apple-fritter\/\"]}]},{\"@type\":\"ImageObject\",\"inLanguage\":\"da-DK\",\"@id\":\"https:\/\/beuhparadis.com\/product\/apple-fritter\/#primaryimage\",\"url\":\"https:\/\/beuhparadis.com\/wp-content\/uploads\/2024\/12\/Apple-Fritter.webp\",\"contentUrl\":\"https:\/\/beuhparadis.com\/wp-content\/uploads\/2024\/12\/Apple-Fritter.webp\",\"width\":1800,\"height\":1000},{\"@type\":\"BreadcrumbList\",\"@id\":\"https:\/\/beuhparadis.com\/product\/apple-fritter\/#breadcrumb\",\"itemListElement\":[{\"@type\":\"ListItem\",\"position\":1,\"name\":\"Home\",\"item\":\"https:\/\/beuhparadis.com\/\"},{\"@type\":\"ListItem\",\"position\":2,\"name\":\"Shop\",\"item\":\"https:\/\/beuhparadis.com\/shop\/\"},{\"@type\":\"ListItem\",\"position\":3,\"name\":\"Apple Fritter\"}]},{\"@type\":\"WebSite\",\"@id\":\"https:\/\/beuhparadis.com\/#website\",\"url\":\"https:\/\/beuhparadis.com\/\",\"name\":\"Beuh Paradis\",\"description\":\"\",\"potentialAction\":[{\"@type\":\"SearchAction\",\"target\":{\"@type\":\"EntryPoint\",\"urlTemplate\":\"https:\/\/beuhparadis.com\/?s={search_term_string}\"},\"query-input\":{\"@type\":\"PropertyValueSpecification\",\"valueRequired\":true,\"valueName\":\"search_term_string\"}}],\"inLanguage\":\"da-DK\"}]}<\/script>\n<!-- \/ Yoast SEO Premium plugin. -->","yoast_head_json":{"title":"K\u00f8b Apple Fritter Weed online i h\u00f8j kvalitet","description":"Oplev Apple Fritter Weed, en st\u00e6rk og velsmagende sort. Hurtig og diskret levering. Nyd de bedste priser og p\u00e5lidelig service.","robots":{"index":"index","follow":"follow","max-snippet":"max-snippet:-1","max-image-preview":"max-image-preview:large","max-video-preview":"max-video-preview:-1"},"canonical":"https:\/\/beuhparadis.com\/da\/product\/apple-fritter\/","og_locale":"da_DK","og_type":"article","og_title":"Apple Fritter","og_description":"D\u00e9couvrez l'Apple Fritter Weed, une vari\u00e9t\u00e9 puissante et savoureuse. Livraison rapide et discr\u00e8te. Profitez des meilleurs prix et d'un service fiable.","og_url":"https:\/\/beuhparadis.com\/da\/product\/apple-fritter\/","og_site_name":"Beuh Paradis","article_modified_time":"2025-01-27T04:06:51+00:00","og_image":[{"width":1800,"height":1000,"url":"https:\/\/beuhparadis.com\/wp-content\/uploads\/2024\/12\/Apple-Fritter.webp","type":"image\/webp"}],"twitter_card":"summary_large_image","twitter_misc":{"Estimeret l\u00e6setid":"2 minutes"},"schema":{"@context":"https:\/\/schema.org","@graph":[{"@type":"WebPage","@id":"https:\/\/beuhparadis.com\/product\/apple-fritter\/","url":"https:\/\/beuhparadis.com\/product\/apple-fritter\/","name":"K\u00f8b Apple Fritter Weed online i h\u00f8j kvalitet","isPartOf":{"@id":"https:\/\/beuhparadis.com\/#website"},"primaryImageOfPage":{"@id":"https:\/\/beuhparadis.com\/product\/apple-fritter\/#primaryimage"},"image":{"@id":"https:\/\/beuhparadis.com\/product\/apple-fritter\/#primaryimage"},"thumbnailUrl":"https:\/\/beuhparadis.com\/wp-content\/uploads\/2024\/12\/Apple-Fritter.webp","datePublished":"2024-12-10T23:39:00+00:00","dateModified":"2025-01-27T04:06:51+00:00","description":"Oplev Apple Fritter Weed, en st\u00e6rk og velsmagende sort. Hurtig og diskret levering. Nyd de bedste priser og p\u00e5lidelig service.","breadcrumb":{"@id":"https:\/\/beuhparadis.com\/product\/apple-fritter\/#breadcrumb"},"inLanguage":"da-DK","potentialAction":[{"@type":"ReadAction","target":["https:\/\/beuhparadis.com\/product\/apple-fritter\/"]}]},{"@type":"ImageObject","inLanguage":"da-DK","@id":"https:\/\/beuhparadis.com\/product\/apple-fritter\/#primaryimage","url":"https:\/\/beuhparadis.com\/wp-content\/uploads\/2024\/12\/Apple-Fritter.webp","contentUrl":"https:\/\/beuhparadis.com\/wp-content\/uploads\/2024\/12\/Apple-Fritter.webp","width":1800,"height":1000},{"@type":"BreadcrumbList","@id":"https:\/\/beuhparadis.com\/product\/apple-fritter\/#breadcrumb","itemListElement":[{"@type":"ListItem","position":1,"name":"Home","item":"https:\/\/beuhparadis.com\/"},{"@type":"ListItem","position":2,"name":"Shop","item":"https:\/\/beuhparadis.com\/shop\/"},{"@type":"ListItem","position":3,"name":"Apple Fritter"}]},{"@type":"WebSite","@id":"https:\/\/beuhparadis.com\/#website","url":"https:\/\/beuhparadis.com\/","name":"Beuh Paradis","description":"","potentialAction":[{"@type":"SearchAction","target":{"@type":"EntryPoint","urlTemplate":"https:\/\/beuhparadis.com\/?s={search_term_string}"},"query-input":{"@type":"PropertyValueSpecification","valueRequired":true,"valueName":"search_term_string"}}],"inLanguage":"da-DK"}]}},"_links":{"self":[{"href":"https:\/\/beuhparadis.com\/da\/wp-json\/wp\/v2\/product\/1225","targetHints":{"allow":["GET"]}}],"collection":[{"href":"https:\/\/beuhparadis.com\/da\/wp-json\/wp\/v2\/product"}],"about":[{"href":"https:\/\/beuhparadis.com\/da\/wp-json\/wp\/v2\/types\/product"}],"replies":[{"embeddable":true,"href":"https:\/\/beuhparadis.com\/da\/wp-json\/wp\/v2\/comments?post=1225"}],"wp:featuredmedia":[{"embeddable":true,"href":"https:\/\/beuhparadis.com\/da\/wp-json\/wp\/v2\/media\/1247"}],"wp:attachment":[{"href":"https:\/\/beuhparadis.com\/da\/wp-json\/wp\/v2\/media?parent=1225"}],"wp:term":[{"taxonomy":"product_brand","embeddable":true,"href":"https:\/\/beuhparadis.com\/da\/wp-json\/wp\/v2\/product_brand?post=1225"},{"taxonomy":"product_cat","embeddable":true,"href":"https:\/\/beuhparadis.com\/da\/wp-json\/wp\/v2\/product_cat?post=1225"},{"taxonomy":"product_tag","embeddable":true,"href":"https:\/\/beuhparadis.com\/da\/wp-json\/wp\/v2\/product_tag?post=1225"}],"curies":[{"name":"wp","href":"https:\/\/api.w.org\/{rel}","templated":true}]}}